{"id":989,"date":"2022-01-16T20:32:06","date_gmt":"2022-01-16T20:32:06","guid":{"rendered":"https:\/\/ecobiolia.it\/?post_type=product&#038;p=989"},"modified":"2023-12-10T11:27:18","modified_gmt":"2023-12-10T11:27:18","slug":"guanto-esfoliante-corpo-in-loofah-e-cotone","status":"publish","type":"product","link":"https:\/\/ecobiolia.it\/it_it\/prodotto\/guanto-esfoliante-corpo-in-loofah-e-cotone\/","title":{"rendered":"Guanto Esfoliante Corpo in Loofah e Cotone"},"content":{"rendered":"<ul class=\"a-unordered-list a-vertical a-spacing-mini\">\n<li><span class=\"a-list-item\"> Materiali di origine vegetale: Una scelta per la cura del corpo e della pelle ispirata alla natura. <\/span><\/li>\n<li><span class=\"a-list-item\"> Toni cromatici rilassanti ed eleganti: appagano corpo e spirito <\/span><\/li>\n<li><span class=\"a-list-item\">\u00a0Il Guanto \u00e8 Composto di DUE LATI: di qui un lato in morbidissimo cotone, per una dolce detersione, e l\u2019altro \u00e8 in puro loofah, per un\u2019azione peeling naturale. <\/span><\/li>\n<li><span class=\"a-list-item\"> Il peeling e il massaggio stimolano la circolazione sanguigna e sono ideali per massaggi anticellulite. <\/span><\/li>\n<\/ul>\n","protected":false},"excerpt":{"rendered":"<p dir=\"ltr\">Dolce detersione ed efficace rigenerazione: la vincente combinazione per una pelle levigata, tonica e setosa.<\/p>\n<p dir=\"ltr\">Guanto in fibra naturale loofah per un massaggio esfoliante, aiuta a riattivare la circolazione con una azione di peeling naturale. Ideale per un massaggio esfoliante che aumenta la ricettivit\u00e0 della pelle ai trattamenti di bellezza successivi e la rende pi\u00f9 luminosa.<\/p>\n<p>&nbsp;<\/p>\n","protected":false},"featured_media":994,"comment_status":"open","ping_status":"closed","template":"","meta":[],"product_brand":[],"product_cat":[325,45],"product_tag":[],"class_list":{"0":"post-989","1":"product","2":"type-product","3":"status-publish","4":"has-post-thumbnail","6":"product_cat-accessori-da-bagno","7":"product_cat-prodotti-per-la-cura-del-corpo","9":"first","10":"instock","11":"taxable","12":"shipping-taxable","13":"purchasable","14":"product-type-simple"},"yoast_head":"<!-- This site is optimized with the Yoast SEO plugin v27.3 - https:\/\/yoast.com\/product\/yoast-seo-wordpress\/ -->\n<title>Guanto Esfoliante Corpo in Loofah e Cotone - EcoBiOlia<\/title>\n<meta name=\"description\" content=\"Dolce detersione ed efficace rigenerazione con Guanto Esfoliante Corpo in Loofah e Cotone per una pelle levigata, tonica e setosa.\" \/>\n<meta name=\"robots\" content=\"index, follow, max-snippet:-1, max-image-preview:large, max-video-preview:-1\" \/>\n<link rel=\"canonical\" href=\"https:\/\/ecobiolia.it\/it_it\/prodotto\/guanto-esfoliante-corpo-in-loofah-e-cotone\/\" \/>\n<meta property=\"og:locale\" content=\"it_IT\" \/>\n<meta property=\"og:type\" content=\"article\" \/>\n<meta property=\"og:title\" content=\"Guanto Esfoliante Corpo in Loofah e Cotone - EcoBiOlia\" \/>\n<meta property=\"og:description\" content=\"Dolce detersione ed efficace rigenerazione con Guanto Esfoliante Corpo in Loofah e Cotone per una pelle levigata, tonica e setosa.\" \/>\n<meta property=\"og:url\" content=\"https:\/\/ecobiolia.it\/it_it\/prodotto\/guanto-esfoliante-corpo-in-loofah-e-cotone\/\" \/>\n<meta property=\"og:site_name\" content=\"EcoBiOlia\" \/>\n<meta property=\"article:modified_time\" content=\"2023-12-10T11:27:18+00:00\" \/>\n<meta property=\"og:image\" content=\"https:\/\/ecobiolia.it\/wp-content\/uploads\/2022\/01\/Guanto.jpg\" \/>\n\t<meta property=\"og:image:width\" content=\"1620\" \/>\n\t<meta property=\"og:image:height\" content=\"1088\" \/>\n\t<meta property=\"og:image:type\" content=\"image\/jpeg\" \/>\n<meta name=\"twitter:card\" content=\"summary_large_image\" \/>\n<meta name=\"twitter:label1\" content=\"Tempo di lettura stimato\" \/>\n\t<meta name=\"twitter:data1\" content=\"1 minuto\" \/>\n<script type=\"application\/ld+json\" class=\"yoast-schema-graph\">{\"@context\":\"https:\\\/\\\/schema.org\",\"@graph\":[{\"@type\":\"WebPage\",\"@id\":\"https:\\\/\\\/ecobiolia.it\\\/prodotto\\\/guanto-esfoliante-corpo-in-loofah-e-cotone\\\/\",\"url\":\"https:\\\/\\\/ecobiolia.it\\\/prodotto\\\/guanto-esfoliante-corpo-in-loofah-e-cotone\\\/\",\"name\":\"Guanto Esfoliante Corpo in Loofah e Cotone - EcoBiOlia\",\"isPartOf\":{\"@id\":\"https:\\\/\\\/ecobiolia.it\\\/it_it\\\/#website\"},\"primaryImageOfPage\":{\"@id\":\"https:\\\/\\\/ecobiolia.it\\\/prodotto\\\/guanto-esfoliante-corpo-in-loofah-e-cotone\\\/#primaryimage\"},\"image\":{\"@id\":\"https:\\\/\\\/ecobiolia.it\\\/prodotto\\\/guanto-esfoliante-corpo-in-loofah-e-cotone\\\/#primaryimage\"},\"thumbnailUrl\":\"https:\\\/\\\/ecobiolia.it\\\/wp-content\\\/uploads\\\/2022\\\/01\\\/Guanto.jpg\",\"datePublished\":\"2022-01-16T20:32:06+00:00\",\"dateModified\":\"2023-12-10T11:27:18+00:00\",\"description\":\"Dolce detersione ed efficace rigenerazione con Guanto Esfoliante Corpo in Loofah e Cotone per una pelle levigata, tonica e setosa.\",\"breadcrumb\":{\"@id\":\"https:\\\/\\\/ecobiolia.it\\\/prodotto\\\/guanto-esfoliante-corpo-in-loofah-e-cotone\\\/#breadcrumb\"},\"inLanguage\":\"it-IT\",\"potentialAction\":[{\"@type\":\"ReadAction\",\"target\":[\"https:\\\/\\\/ecobiolia.it\\\/prodotto\\\/guanto-esfoliante-corpo-in-loofah-e-cotone\\\/\"]}]},{\"@type\":\"ImageObject\",\"inLanguage\":\"it-IT\",\"@id\":\"https:\\\/\\\/ecobiolia.it\\\/prodotto\\\/guanto-esfoliante-corpo-in-loofah-e-cotone\\\/#primaryimage\",\"url\":\"https:\\\/\\\/ecobiolia.it\\\/wp-content\\\/uploads\\\/2022\\\/01\\\/Guanto.jpg\",\"contentUrl\":\"https:\\\/\\\/ecobiolia.it\\\/wp-content\\\/uploads\\\/2022\\\/01\\\/Guanto.jpg\",\"width\":1620,\"height\":1088},{\"@type\":\"BreadcrumbList\",\"@id\":\"https:\\\/\\\/ecobiolia.it\\\/prodotto\\\/guanto-esfoliante-corpo-in-loofah-e-cotone\\\/#breadcrumb\",\"itemListElement\":[{\"@type\":\"ListItem\",\"position\":1,\"name\":\"Home\",\"item\":\"https:\\\/\\\/ecobiolia.it\\\/\"},{\"@type\":\"ListItem\",\"position\":2,\"name\":\"Negozio\",\"item\":\"https:\\\/\\\/ecobiolia.it\\\/negozio\\\/\"},{\"@type\":\"ListItem\",\"position\":3,\"name\":\"Guanto Esfoliante Corpo in Loofah e Cotone\"}]},{\"@type\":\"WebSite\",\"@id\":\"https:\\\/\\\/ecobiolia.it\\\/it_it\\\/#website\",\"url\":\"https:\\\/\\\/ecobiolia.it\\\/it_it\\\/\",\"name\":\"EcoBiOlia\",\"description\":\"Negozio Ecologico per Bambini e Adulti\",\"publisher\":{\"@id\":\"https:\\\/\\\/ecobiolia.it\\\/it_it\\\/#organization\"},\"potentialAction\":[{\"@type\":\"SearchAction\",\"target\":{\"@type\":\"EntryPoint\",\"urlTemplate\":\"https:\\\/\\\/ecobiolia.it\\\/it_it\\\/?s={search_term_string}\"},\"query-input\":{\"@type\":\"PropertyValueSpecification\",\"valueRequired\":true,\"valueName\":\"search_term_string\"}}],\"inLanguage\":\"it-IT\"},{\"@type\":\"Organization\",\"@id\":\"https:\\\/\\\/ecobiolia.it\\\/it_it\\\/#organization\",\"name\":\"EcoBiOlia\",\"url\":\"https:\\\/\\\/ecobiolia.it\\\/it_it\\\/\",\"logo\":{\"@type\":\"ImageObject\",\"inLanguage\":\"it-IT\",\"@id\":\"https:\\\/\\\/ecobiolia.it\\\/it_it\\\/#\\\/schema\\\/logo\\\/image\\\/\",\"url\":\"https:\\\/\\\/ecobiolia.it\\\/wp-content\\\/uploads\\\/2022\\\/04\\\/EcoBiOlia-Logo.png\",\"contentUrl\":\"https:\\\/\\\/ecobiolia.it\\\/wp-content\\\/uploads\\\/2022\\\/04\\\/EcoBiOlia-Logo.png\",\"width\":1772,\"height\":944,\"caption\":\"EcoBiOlia\"},\"image\":{\"@id\":\"https:\\\/\\\/ecobiolia.it\\\/it_it\\\/#\\\/schema\\\/logo\\\/image\\\/\"}}]}<\/script>\n<!-- \/ Yoast SEO plugin. -->","yoast_head_json":{"title":"Guanto Esfoliante Corpo in Loofah e Cotone - EcoBiOlia","description":"Dolce detersione ed efficace rigenerazione con Guanto Esfoliante Corpo in Loofah e Cotone per una pelle levigata, tonica e setosa.","robots":{"index":"index","follow":"follow","max-snippet":"max-snippet:-1","max-image-preview":"max-image-preview:large","max-video-preview":"max-video-preview:-1"},"canonical":"https:\/\/ecobiolia.it\/it_it\/prodotto\/guanto-esfoliante-corpo-in-loofah-e-cotone\/","og_locale":"it_IT","og_type":"article","og_title":"Guanto Esfoliante Corpo in Loofah e Cotone - EcoBiOlia","og_description":"Dolce detersione ed efficace rigenerazione con Guanto Esfoliante Corpo in Loofah e Cotone per una pelle levigata, tonica e setosa.","og_url":"https:\/\/ecobiolia.it\/it_it\/prodotto\/guanto-esfoliante-corpo-in-loofah-e-cotone\/","og_site_name":"EcoBiOlia","article_modified_time":"2023-12-10T11:27:18+00:00","og_image":[{"width":1620,"height":1088,"url":"https:\/\/ecobiolia.it\/wp-content\/uploads\/2022\/01\/Guanto.jpg","type":"image\/jpeg"}],"twitter_card":"summary_large_image","twitter_misc":{"Tempo di lettura stimato":"1 minuto"},"schema":{"@context":"https:\/\/schema.org","@graph":[{"@type":"WebPage","@id":"https:\/\/ecobiolia.it\/prodotto\/guanto-esfoliante-corpo-in-loofah-e-cotone\/","url":"https:\/\/ecobiolia.it\/prodotto\/guanto-esfoliante-corpo-in-loofah-e-cotone\/","name":"Guanto Esfoliante Corpo in Loofah e Cotone - EcoBiOlia","isPartOf":{"@id":"https:\/\/ecobiolia.it\/it_it\/#website"},"primaryImageOfPage":{"@id":"https:\/\/ecobiolia.it\/prodotto\/guanto-esfoliante-corpo-in-loofah-e-cotone\/#primaryimage"},"image":{"@id":"https:\/\/ecobiolia.it\/prodotto\/guanto-esfoliante-corpo-in-loofah-e-cotone\/#primaryimage"},"thumbnailUrl":"https:\/\/ecobiolia.it\/wp-content\/uploads\/2022\/01\/Guanto.jpg","datePublished":"2022-01-16T20:32:06+00:00","dateModified":"2023-12-10T11:27:18+00:00","description":"Dolce detersione ed efficace rigenerazione con Guanto Esfoliante Corpo in Loofah e Cotone per una pelle levigata, tonica e setosa.","breadcrumb":{"@id":"https:\/\/ecobiolia.it\/prodotto\/guanto-esfoliante-corpo-in-loofah-e-cotone\/#breadcrumb"},"inLanguage":"it-IT","potentialAction":[{"@type":"ReadAction","target":["https:\/\/ecobiolia.it\/prodotto\/guanto-esfoliante-corpo-in-loofah-e-cotone\/"]}]},{"@type":"ImageObject","inLanguage":"it-IT","@id":"https:\/\/ecobiolia.it\/prodotto\/guanto-esfoliante-corpo-in-loofah-e-cotone\/#primaryimage","url":"https:\/\/ecobiolia.it\/wp-content\/uploads\/2022\/01\/Guanto.jpg","contentUrl":"https:\/\/ecobiolia.it\/wp-content\/uploads\/2022\/01\/Guanto.jpg","width":1620,"height":1088},{"@type":"BreadcrumbList","@id":"https:\/\/ecobiolia.it\/prodotto\/guanto-esfoliante-corpo-in-loofah-e-cotone\/#breadcrumb","itemListElement":[{"@type":"ListItem","position":1,"name":"Home","item":"https:\/\/ecobiolia.it\/"},{"@type":"ListItem","position":2,"name":"Negozio","item":"https:\/\/ecobiolia.it\/negozio\/"},{"@type":"ListItem","position":3,"name":"Guanto Esfoliante Corpo in Loofah e Cotone"}]},{"@type":"WebSite","@id":"https:\/\/ecobiolia.it\/it_it\/#website","url":"https:\/\/ecobiolia.it\/it_it\/","name":"EcoBiOlia","description":"Negozio Ecologico per Bambini e Adulti","publisher":{"@id":"https:\/\/ecobiolia.it\/it_it\/#organization"},"potentialAction":[{"@type":"SearchAction","target":{"@type":"EntryPoint","urlTemplate":"https:\/\/ecobiolia.it\/it_it\/?s={search_term_string}"},"query-input":{"@type":"PropertyValueSpecification","valueRequired":true,"valueName":"search_term_string"}}],"inLanguage":"it-IT"},{"@type":"Organization","@id":"https:\/\/ecobiolia.it\/it_it\/#organization","name":"EcoBiOlia","url":"https:\/\/ecobiolia.it\/it_it\/","logo":{"@type":"ImageObject","inLanguage":"it-IT","@id":"https:\/\/ecobiolia.it\/it_it\/#\/schema\/logo\/image\/","url":"https:\/\/ecobiolia.it\/wp-content\/uploads\/2022\/04\/EcoBiOlia-Logo.png","contentUrl":"https:\/\/ecobiolia.it\/wp-content\/uploads\/2022\/04\/EcoBiOlia-Logo.png","width":1772,"height":944,"caption":"EcoBiOlia"},"image":{"@id":"https:\/\/ecobiolia.it\/it_it\/#\/schema\/logo\/image\/"}}]}},"jetpack-related-posts":[{"id":970,"url":"https:\/\/ecobiolia.it\/it_it\/prodotto\/martini-striscia-lavaschiena-esfoliante-loofah-e-cotone\/","url_meta":{"origin":989,"position":0},"title":"Martini &#8211; Striscia Lavaschiena Esfoliante Loofah e Cotone","author":"Olga","date":"14 Gennaio 2022","format":false,"excerpt":"Striscia Lavaschiena Esfoliante Loofah e Cotone di Martini \u00e8 Composta di DUE LATI: di qui un lato \u00e8 in morbidissimo cotone, per una dolce detersione, e l'altro \u00e8 in puro loofah, per un\u2019azione peeling naturale. La Lunghezza Ottimale permette di raggiungere anche le zone difficili. La superficie ruvida della luffa\u2026","rel":"","context":"Con 1 commento","block_context":{"text":"Con 1 commento","link":"https:\/\/ecobiolia.it\/it_it\/prodotto\/martini-striscia-lavaschiena-esfoliante-loofah-e-cotone\/#comments"},"img":{"alt_text":"","src":"https:\/\/i0.wp.com\/ecobiolia.it\/wp-content\/uploads\/2022\/01\/stricia-cotone.jpg?resize=350%2C200&ssl=1","width":350,"height":200,"srcset":"https:\/\/i0.wp.com\/ecobiolia.it\/wp-content\/uploads\/2022\/01\/stricia-cotone.jpg?resize=350%2C200&ssl=1 1x, https:\/\/i0.wp.com\/ecobiolia.it\/wp-content\/uploads\/2022\/01\/stricia-cotone.jpg?resize=525%2C300&ssl=1 1.5x, https:\/\/i0.wp.com\/ecobiolia.it\/wp-content\/uploads\/2022\/01\/stricia-cotone.jpg?resize=700%2C400&ssl=1 2x, https:\/\/i0.wp.com\/ecobiolia.it\/wp-content\/uploads\/2022\/01\/stricia-cotone.jpg?resize=1050%2C600&ssl=1 3x, https:\/\/i0.wp.com\/ecobiolia.it\/wp-content\/uploads\/2022\/01\/stricia-cotone.jpg?resize=1400%2C800&ssl=1 4x"},"classes":[]},{"id":983,"url":"https:\/\/ecobiolia.it\/it_it\/prodotto\/martini-striscia-lavaschiena-tonificante-e-relax\/","url_meta":{"origin":989,"position":1},"title":"Martini &#8211; Striscia Lavaschiena Tonificante e Relax","author":"Olga","date":"16 Gennaio 2022","format":false,"excerpt":"La Stricia di Martini \u00e8 composta di DUE LATI: di qui un lato in morbidissimo cotone, per una dolce detersione, e l'altro \u00e8 in sisal, per un\u2019azione tonificante. Il Sisal \u00e8 ottimo per esfoliare tutto il corpo, ma soprattutto per rimuovere i peli incarniti e combattere la cellulite grazie alle\u2026","rel":"","context":"Con 1 commento","block_context":{"text":"Con 1 commento","link":"https:\/\/ecobiolia.it\/it_it\/prodotto\/martini-striscia-lavaschiena-tonificante-e-relax\/#comments"},"img":{"alt_text":"","src":"https:\/\/i0.wp.com\/ecobiolia.it\/wp-content\/uploads\/2022\/01\/stricia-tonificante.jpg?resize=350%2C200&ssl=1","width":350,"height":200,"srcset":"https:\/\/i0.wp.com\/ecobiolia.it\/wp-content\/uploads\/2022\/01\/stricia-tonificante.jpg?resize=350%2C200&ssl=1 1x, https:\/\/i0.wp.com\/ecobiolia.it\/wp-content\/uploads\/2022\/01\/stricia-tonificante.jpg?resize=525%2C300&ssl=1 1.5x, https:\/\/i0.wp.com\/ecobiolia.it\/wp-content\/uploads\/2022\/01\/stricia-tonificante.jpg?resize=700%2C400&ssl=1 2x, https:\/\/i0.wp.com\/ecobiolia.it\/wp-content\/uploads\/2022\/01\/stricia-tonificante.jpg?resize=1050%2C600&ssl=1 3x, https:\/\/i0.wp.com\/ecobiolia.it\/wp-content\/uploads\/2022\/01\/stricia-tonificante.jpg?resize=1400%2C800&ssl=1 4x"},"classes":[]},{"id":961,"url":"https:\/\/ecobiolia.it\/it_it\/prodotto\/martini-striscia-lavaschiena-biologica-relax-e-scrub\/","url_meta":{"origin":989,"position":2},"title":"Martini &#8211; Striscia Lavaschiena Biologica Relax e Scrub.","author":"Olga","date":"13 Gennaio 2022","format":false,"excerpt":"Se vuoi evitare le sostanze chimiche nocive utilizzate nelle fibre inorganiche e ti piace un esfoliante delicato - scegli le strisce per il corpo realizzate con lino naturale. Lino \u00e8 biodegradabile, morbido, leggero, naturalmente resistente e antibatterico, quindi non ha bisogno di essere sostituito per tanto tempo e facile da\u2026","rel":"","context":"Con 2 commenti","block_context":{"text":"Con 2 commenti","link":"https:\/\/ecobiolia.it\/it_it\/prodotto\/martini-striscia-lavaschiena-biologica-relax-e-scrub\/#comments"},"img":{"alt_text":"","src":"https:\/\/i0.wp.com\/ecobiolia.it\/wp-content\/uploads\/2022\/01\/striscia-lino.jpg?resize=350%2C200&ssl=1","width":350,"height":200,"srcset":"https:\/\/i0.wp.com\/ecobiolia.it\/wp-content\/uploads\/2022\/01\/striscia-lino.jpg?resize=350%2C200&ssl=1 1x, https:\/\/i0.wp.com\/ecobiolia.it\/wp-content\/uploads\/2022\/01\/striscia-lino.jpg?resize=525%2C300&ssl=1 1.5x, https:\/\/i0.wp.com\/ecobiolia.it\/wp-content\/uploads\/2022\/01\/striscia-lino.jpg?resize=700%2C400&ssl=1 2x, https:\/\/i0.wp.com\/ecobiolia.it\/wp-content\/uploads\/2022\/01\/striscia-lino.jpg?resize=1050%2C600&ssl=1 3x, https:\/\/i0.wp.com\/ecobiolia.it\/wp-content\/uploads\/2022\/01\/striscia-lino.jpg?resize=1400%2C800&ssl=1 4x"},"classes":[]},{"id":4851,"url":"https:\/\/ecobiolia.it\/it_it\/prodotto\/pasta-esfoliante-e-illuminante-per-il-corpo-e-decollete\/","url_meta":{"origin":989,"position":3},"title":"Pasta Esfoliante e Illuminante per il Corpo e D\u00e9collet\u00e9","author":"Olga","date":"1 Marzo 2023","format":false,"excerpt":"Pasta Esfoliante e Illuminante per il Corpo e D\u00e9collet\u00e9 con l'aggiunta di particelle lucide. Lascia la pelle felice e liscia. L'olio di olivello spinoso e il burro di mango migliorano il tono della pelle, mentre la mica aggiunge luminosit\u00e0. La fragranza ti mette in uno stato d'animo vacanziero. La pasta\u2026","rel":"","context":"Articolo simile","block_context":{"text":"Articolo simile","link":""},"img":{"alt_text":"","src":"https:\/\/i0.wp.com\/ecobiolia.it\/wp-content\/uploads\/2023\/03\/8509.jpg?resize=350%2C200&ssl=1","width":350,"height":200,"srcset":"https:\/\/i0.wp.com\/ecobiolia.it\/wp-content\/uploads\/2023\/03\/8509.jpg?resize=350%2C200&ssl=1 1x, https:\/\/i0.wp.com\/ecobiolia.it\/wp-content\/uploads\/2023\/03\/8509.jpg?resize=525%2C300&ssl=1 1.5x, https:\/\/i0.wp.com\/ecobiolia.it\/wp-content\/uploads\/2023\/03\/8509.jpg?resize=700%2C400&ssl=1 2x, https:\/\/i0.wp.com\/ecobiolia.it\/wp-content\/uploads\/2023\/03\/8509.jpg?resize=1050%2C600&ssl=1 3x, https:\/\/i0.wp.com\/ecobiolia.it\/wp-content\/uploads\/2023\/03\/8509.jpg?resize=1400%2C800&ssl=1 4x"},"classes":[]},{"id":986,"url":"https:\/\/ecobiolia.it\/it_it\/prodotto\/spugna-grande-di-mare-naturale-ed-extra-delicata\/","url_meta":{"origin":989,"position":4},"title":"Spugna Grande di Mare. Naturale ed Extra Delicata.","author":"Olga","date":"16 Gennaio 2022","format":false,"excerpt":"Spugna Extra Delicata Grande Naturale di Mare porta una vera SPA a casa tua. Senza profumi, delicata sulla pelle sottile e sensibile. E' adatta sia ai bambini che adulti. Perfetto come regalo per te o un regalo a sorpresa per amici e parenti.","rel":"","context":"Con 1 commento","block_context":{"text":"Con 1 commento","link":"https:\/\/ecobiolia.it\/it_it\/prodotto\/spugna-grande-di-mare-naturale-ed-extra-delicata\/#comments"},"img":{"alt_text":"","src":"https:\/\/i0.wp.com\/ecobiolia.it\/wp-content\/uploads\/2022\/01\/spugnia-di-mare-1.jpg?resize=350%2C200&ssl=1","width":350,"height":200,"srcset":"https:\/\/i0.wp.com\/ecobiolia.it\/wp-content\/uploads\/2022\/01\/spugnia-di-mare-1.jpg?resize=350%2C200&ssl=1 1x, https:\/\/i0.wp.com\/ecobiolia.it\/wp-content\/uploads\/2022\/01\/spugnia-di-mare-1.jpg?resize=525%2C300&ssl=1 1.5x, https:\/\/i0.wp.com\/ecobiolia.it\/wp-content\/uploads\/2022\/01\/spugnia-di-mare-1.jpg?resize=700%2C400&ssl=1 2x, https:\/\/i0.wp.com\/ecobiolia.it\/wp-content\/uploads\/2022\/01\/spugnia-di-mare-1.jpg?resize=1050%2C600&ssl=1 3x, https:\/\/i0.wp.com\/ecobiolia.it\/wp-content\/uploads\/2022\/01\/spugnia-di-mare-1.jpg?resize=1400%2C800&ssl=1 4x"},"classes":[]},{"id":3993,"url":"https:\/\/ecobiolia.it\/it_it\/prodotto\/spazzola-esfoliante-e-detergente-viso\/","url_meta":{"origin":989,"position":5},"title":"Spazzola Esfoliante e Detergente Viso","author":"Olga","date":"22 Agosto 2022","format":false,"excerpt":"Come pulire correttamente il viso dai residui di trucco e cosmetici, aiutare la tua pelle a rigenerarsi e a farla sembrare fresca? Le cose pi\u00f9 semplici di solito sono le pi\u00f9 efficaci. Potresti avere una di quelle spazzole elettriche per il viso, ma anche una economica in legno con setole\u2026","rel":"","context":"Articolo simile","block_context":{"text":"Articolo simile","link":""},"img":{"alt_text":"","src":"https:\/\/i0.wp.com\/ecobiolia.it\/wp-content\/uploads\/2022\/08\/5258.jpg?resize=350%2C200&ssl=1","width":350,"height":200,"srcset":"https:\/\/i0.wp.com\/ecobiolia.it\/wp-content\/uploads\/2022\/08\/5258.jpg?resize=350%2C200&ssl=1 1x, https:\/\/i0.wp.com\/ecobiolia.it\/wp-content\/uploads\/2022\/08\/5258.jpg?resize=525%2C300&ssl=1 1.5x, https:\/\/i0.wp.com\/ecobiolia.it\/wp-content\/uploads\/2022\/08\/5258.jpg?resize=700%2C400&ssl=1 2x"},"classes":[]}],"jetpack_sharing_enabled":true,"_links":{"self":[{"href":"https:\/\/ecobiolia.it\/it_it\/wp-json\/wp\/v2\/product\/989","targetHints":{"allow":["GET"]}}],"collection":[{"href":"https:\/\/ecobiolia.it\/it_it\/wp-json\/wp\/v2\/product"}],"about":[{"href":"https:\/\/ecobiolia.it\/it_it\/wp-json\/wp\/v2\/types\/product"}],"replies":[{"embeddable":true,"href":"https:\/\/ecobiolia.it\/it_it\/wp-json\/wp\/v2\/comments?post=989"}],"version-history":[{"count":0,"href":"https:\/\/ecobiolia.it\/it_it\/wp-json\/wp\/v2\/product\/989\/revisions"}],"wp:featuredmedia":[{"embeddable":true,"href":"https:\/\/ecobiolia.it\/it_it\/wp-json\/wp\/v2\/media\/994"}],"wp:attachment":[{"href":"https:\/\/ecobiolia.it\/it_it\/wp-json\/wp\/v2\/media?parent=989"}],"wp:term":[{"taxonomy":"product_brand","embeddable":true,"href":"https:\/\/ecobiolia.it\/it_it\/wp-json\/wp\/v2\/product_brand?post=989"},{"taxonomy":"product_cat","embeddable":true,"href":"https:\/\/ecobiolia.it\/it_it\/wp-json\/wp\/v2\/product_cat?post=989"},{"taxonomy":"product_tag","embeddable":true,"href":"https:\/\/ecobiolia.it\/it_it\/wp-json\/wp\/v2\/product_tag?post=989"}],"curies":[{"name":"wp","href":"https:\/\/api.w.org\/{rel}","templated":true}]}}