{"id":970,"date":"2022-01-14T21:41:35","date_gmt":"2022-01-14T21:41:35","guid":{"rendered":"https:\/\/ecobiolia.it\/?post_type=product&#038;p=970"},"modified":"2025-12-13T16:54:43","modified_gmt":"2025-12-13T16:54:43","slug":"martini-striscia-lavaschiena-esfoliante-loofah-e-cotone","status":"publish","type":"product","link":"https:\/\/ecobiolia.it\/it_it\/prodotto\/martini-striscia-lavaschiena-esfoliante-loofah-e-cotone\/","title":{"rendered":"Martini &#8211; Striscia Lavaschiena Esfoliante Loofah e Cotone"},"content":{"rendered":"<ul class=\"a-unordered-list a-vertical a-spacing-mini\">\n<li><span class=\"a-list-item\"> Materiali di origine vegetale: Una scelta per la cura del corpo e della pelle ispirata alla natura. <\/span><\/li>\n<li><span class=\"a-list-item\"> Toni cromatici rilassanti ed eleganti: appagano corpo e spirito <\/span><\/li>\n<li><span class=\"a-list-item\"> La Stricia \u00e8 Composta di DUE LATI: di qui un lato \u00e8 in morbidissimo cotone, per una dolce detersione, e l&#8217;altro \u00e8 in puro loofah, per un\u2019azione peeling naturale. <\/span><\/li>\n<li><span class=\"a-list-item\"> La Lunghezza Ottimale permette di raggiungere anche le zone difficili. <\/span><\/li>\n<li><span class=\"a-list-item\"> Il peeling e il massaggio stimolano la circolazione sanguigna e sono ideali per massaggi anticellulite. <\/span><\/li>\n<\/ul>\n","protected":false},"excerpt":{"rendered":"<p><span class=\"d2edcug0 hpfvmrgz qv66sw1b c1et5uql lr9zc1uh a8c37x1j fe6kdd0r mau55g9w c8b282yb keod5gw0 nxhoafnm aigsh9s9 d3f4x2em iv3no6db jq4qci2q a3bd9o3v b1v8xokw oo9gr5id hzawbc8m\" dir=\"auto\">Striscia Lavaschiena Esfoliante Loofah e Cotone di Martini \u00e8 Composta di DUE LATI: di qui un lato \u00e8 in morbidissimo cotone, per una dolce detersione, e l&#8217;altro \u00e8 in puro loofah, per un\u2019azione peeling naturale. <span class=\"a-list-item\">La Lunghezza Ottimale permette di raggiungere anche le zone difficili. <\/span><br \/>\n<\/span><\/p>\n<p><span class=\"d2edcug0 hpfvmrgz qv66sw1b c1et5uql lr9zc1uh a8c37x1j fe6kdd0r mau55g9w c8b282yb keod5gw0 nxhoafnm aigsh9s9 d3f4x2em iv3no6db jq4qci2q a3bd9o3v b1v8xokw oo9gr5id hzawbc8m\" dir=\"auto\">La superficie ruvida della luffa naturale \u00e8 un esfoliante naturale. Quando lo sfreghi delicatamente sulla pelle, l&#8217;attrito fa s\u00ec che le cellule morte della pelle si perdano. Di conseguenza, la pelle appare pulita, fresca e sana.<\/span><\/p>\n","protected":false},"featured_media":1001,"comment_status":"open","ping_status":"closed","template":"","meta":[],"product_brand":[],"product_cat":[325,45],"product_tag":[],"class_list":{"0":"post-970","1":"product","2":"type-product","3":"status-publish","4":"has-post-thumbnail","6":"product_cat-accessori-da-bagno","7":"product_cat-prodotti-per-la-cura-del-corpo","9":"first","10":"instock","11":"sale","12":"taxable","13":"shipping-taxable","14":"purchasable","15":"product-type-simple"},"yoast_head":"<!-- This site is optimized with the Yoast SEO plugin v27.3 - https:\/\/yoast.com\/product\/yoast-seo-wordpress\/ -->\n<title>Martini - Striscia Lavaschiena Esfoliante Loofah e Cotone - EcoBiOlia<\/title>\n<meta name=\"description\" content=\"Martini Striscia Lavaschiena Esfoliante Loofah e Cotone \u00e8 pensata apposta per portare una vera SPA direttamente a casa tua.\" \/>\n<meta name=\"robots\" content=\"index, follow, max-snippet:-1, max-image-preview:large, max-video-preview:-1\" \/>\n<link rel=\"canonical\" href=\"https:\/\/ecobiolia.it\/it_it\/prodotto\/martini-striscia-lavaschiena-esfoliante-loofah-e-cotone\/\" \/>\n<meta property=\"og:locale\" content=\"it_IT\" \/>\n<meta property=\"og:type\" content=\"article\" \/>\n<meta property=\"og:title\" content=\"Martini - Striscia Lavaschiena Esfoliante Loofah e Cotone - EcoBiOlia\" \/>\n<meta property=\"og:description\" content=\"Martini Striscia Lavaschiena Esfoliante Loofah e Cotone \u00e8 pensata apposta per portare una vera SPA direttamente a casa tua.\" \/>\n<meta property=\"og:url\" content=\"https:\/\/ecobiolia.it\/it_it\/prodotto\/martini-striscia-lavaschiena-esfoliante-loofah-e-cotone\/\" \/>\n<meta property=\"og:site_name\" content=\"EcoBiOlia\" \/>\n<meta property=\"article:modified_time\" content=\"2025-12-13T16:54:43+00:00\" \/>\n<meta property=\"og:image\" content=\"https:\/\/ecobiolia.it\/wp-content\/uploads\/2022\/01\/stricia-cotone.jpg\" \/>\n\t<meta property=\"og:image:width\" content=\"1622\" \/>\n\t<meta property=\"og:image:height\" content=\"1080\" \/>\n\t<meta property=\"og:image:type\" content=\"image\/jpeg\" \/>\n<meta name=\"twitter:card\" content=\"summary_large_image\" \/>\n<meta name=\"twitter:label1\" content=\"Tempo di lettura stimato\" \/>\n\t<meta name=\"twitter:data1\" content=\"1 minuto\" \/>\n<script type=\"application\/ld+json\" class=\"yoast-schema-graph\">{\"@context\":\"https:\\\/\\\/schema.org\",\"@graph\":[{\"@type\":\"WebPage\",\"@id\":\"https:\\\/\\\/ecobiolia.it\\\/prodotto\\\/martini-striscia-lavaschiena-esfoliante-loofah-e-cotone\\\/\",\"url\":\"https:\\\/\\\/ecobiolia.it\\\/prodotto\\\/martini-striscia-lavaschiena-esfoliante-loofah-e-cotone\\\/\",\"name\":\"Martini - Striscia Lavaschiena Esfoliante Loofah e Cotone - EcoBiOlia\",\"isPartOf\":{\"@id\":\"https:\\\/\\\/ecobiolia.it\\\/it_it\\\/#website\"},\"primaryImageOfPage\":{\"@id\":\"https:\\\/\\\/ecobiolia.it\\\/prodotto\\\/martini-striscia-lavaschiena-esfoliante-loofah-e-cotone\\\/#primaryimage\"},\"image\":{\"@id\":\"https:\\\/\\\/ecobiolia.it\\\/prodotto\\\/martini-striscia-lavaschiena-esfoliante-loofah-e-cotone\\\/#primaryimage\"},\"thumbnailUrl\":\"https:\\\/\\\/ecobiolia.it\\\/wp-content\\\/uploads\\\/2022\\\/01\\\/stricia-cotone.jpg\",\"datePublished\":\"2022-01-14T21:41:35+00:00\",\"dateModified\":\"2025-12-13T16:54:43+00:00\",\"description\":\"Martini Striscia Lavaschiena Esfoliante Loofah e Cotone \u00e8 pensata apposta per portare una vera SPA direttamente a casa tua.\",\"breadcrumb\":{\"@id\":\"https:\\\/\\\/ecobiolia.it\\\/prodotto\\\/martini-striscia-lavaschiena-esfoliante-loofah-e-cotone\\\/#breadcrumb\"},\"inLanguage\":\"it-IT\",\"potentialAction\":[{\"@type\":\"ReadAction\",\"target\":[\"https:\\\/\\\/ecobiolia.it\\\/prodotto\\\/martini-striscia-lavaschiena-esfoliante-loofah-e-cotone\\\/\"]}]},{\"@type\":\"ImageObject\",\"inLanguage\":\"it-IT\",\"@id\":\"https:\\\/\\\/ecobiolia.it\\\/prodotto\\\/martini-striscia-lavaschiena-esfoliante-loofah-e-cotone\\\/#primaryimage\",\"url\":\"https:\\\/\\\/ecobiolia.it\\\/wp-content\\\/uploads\\\/2022\\\/01\\\/stricia-cotone.jpg\",\"contentUrl\":\"https:\\\/\\\/ecobiolia.it\\\/wp-content\\\/uploads\\\/2022\\\/01\\\/stricia-cotone.jpg\",\"width\":1622,\"height\":1080},{\"@type\":\"BreadcrumbList\",\"@id\":\"https:\\\/\\\/ecobiolia.it\\\/prodotto\\\/martini-striscia-lavaschiena-esfoliante-loofah-e-cotone\\\/#breadcrumb\",\"itemListElement\":[{\"@type\":\"ListItem\",\"position\":1,\"name\":\"Home\",\"item\":\"https:\\\/\\\/ecobiolia.it\\\/\"},{\"@type\":\"ListItem\",\"position\":2,\"name\":\"Negozio\",\"item\":\"https:\\\/\\\/ecobiolia.it\\\/negozio\\\/\"},{\"@type\":\"ListItem\",\"position\":3,\"name\":\"Martini &#8211; Striscia Lavaschiena Esfoliante Loofah e Cotone\"}]},{\"@type\":\"WebSite\",\"@id\":\"https:\\\/\\\/ecobiolia.it\\\/it_it\\\/#website\",\"url\":\"https:\\\/\\\/ecobiolia.it\\\/it_it\\\/\",\"name\":\"EcoBiOlia\",\"description\":\"Negozio Ecologico per Bambini e Adulti\",\"publisher\":{\"@id\":\"https:\\\/\\\/ecobiolia.it\\\/it_it\\\/#organization\"},\"potentialAction\":[{\"@type\":\"SearchAction\",\"target\":{\"@type\":\"EntryPoint\",\"urlTemplate\":\"https:\\\/\\\/ecobiolia.it\\\/it_it\\\/?s={search_term_string}\"},\"query-input\":{\"@type\":\"PropertyValueSpecification\",\"valueRequired\":true,\"valueName\":\"search_term_string\"}}],\"inLanguage\":\"it-IT\"},{\"@type\":\"Organization\",\"@id\":\"https:\\\/\\\/ecobiolia.it\\\/it_it\\\/#organization\",\"name\":\"EcoBiOlia\",\"url\":\"https:\\\/\\\/ecobiolia.it\\\/it_it\\\/\",\"logo\":{\"@type\":\"ImageObject\",\"inLanguage\":\"it-IT\",\"@id\":\"https:\\\/\\\/ecobiolia.it\\\/it_it\\\/#\\\/schema\\\/logo\\\/image\\\/\",\"url\":\"https:\\\/\\\/ecobiolia.it\\\/wp-content\\\/uploads\\\/2022\\\/04\\\/EcoBiOlia-Logo.png\",\"contentUrl\":\"https:\\\/\\\/ecobiolia.it\\\/wp-content\\\/uploads\\\/2022\\\/04\\\/EcoBiOlia-Logo.png\",\"width\":1772,\"height\":944,\"caption\":\"EcoBiOlia\"},\"image\":{\"@id\":\"https:\\\/\\\/ecobiolia.it\\\/it_it\\\/#\\\/schema\\\/logo\\\/image\\\/\"}}]}<\/script>\n<!-- \/ Yoast SEO plugin. -->","yoast_head_json":{"title":"Martini - Striscia Lavaschiena Esfoliante Loofah e Cotone - EcoBiOlia","description":"Martini Striscia Lavaschiena Esfoliante Loofah e Cotone \u00e8 pensata apposta per portare una vera SPA direttamente a casa tua.","robots":{"index":"index","follow":"follow","max-snippet":"max-snippet:-1","max-image-preview":"max-image-preview:large","max-video-preview":"max-video-preview:-1"},"canonical":"https:\/\/ecobiolia.it\/it_it\/prodotto\/martini-striscia-lavaschiena-esfoliante-loofah-e-cotone\/","og_locale":"it_IT","og_type":"article","og_title":"Martini - Striscia Lavaschiena Esfoliante Loofah e Cotone - EcoBiOlia","og_description":"Martini Striscia Lavaschiena Esfoliante Loofah e Cotone \u00e8 pensata apposta per portare una vera SPA direttamente a casa tua.","og_url":"https:\/\/ecobiolia.it\/it_it\/prodotto\/martini-striscia-lavaschiena-esfoliante-loofah-e-cotone\/","og_site_name":"EcoBiOlia","article_modified_time":"2025-12-13T16:54:43+00:00","og_image":[{"width":1622,"height":1080,"url":"https:\/\/ecobiolia.it\/wp-content\/uploads\/2022\/01\/stricia-cotone.jpg","type":"image\/jpeg"}],"twitter_card":"summary_large_image","twitter_misc":{"Tempo di lettura stimato":"1 minuto"},"schema":{"@context":"https:\/\/schema.org","@graph":[{"@type":"WebPage","@id":"https:\/\/ecobiolia.it\/prodotto\/martini-striscia-lavaschiena-esfoliante-loofah-e-cotone\/","url":"https:\/\/ecobiolia.it\/prodotto\/martini-striscia-lavaschiena-esfoliante-loofah-e-cotone\/","name":"Martini - Striscia Lavaschiena Esfoliante Loofah e Cotone - EcoBiOlia","isPartOf":{"@id":"https:\/\/ecobiolia.it\/it_it\/#website"},"primaryImageOfPage":{"@id":"https:\/\/ecobiolia.it\/prodotto\/martini-striscia-lavaschiena-esfoliante-loofah-e-cotone\/#primaryimage"},"image":{"@id":"https:\/\/ecobiolia.it\/prodotto\/martini-striscia-lavaschiena-esfoliante-loofah-e-cotone\/#primaryimage"},"thumbnailUrl":"https:\/\/ecobiolia.it\/wp-content\/uploads\/2022\/01\/stricia-cotone.jpg","datePublished":"2022-01-14T21:41:35+00:00","dateModified":"2025-12-13T16:54:43+00:00","description":"Martini Striscia Lavaschiena Esfoliante Loofah e Cotone \u00e8 pensata apposta per portare una vera SPA direttamente a casa tua.","breadcrumb":{"@id":"https:\/\/ecobiolia.it\/prodotto\/martini-striscia-lavaschiena-esfoliante-loofah-e-cotone\/#breadcrumb"},"inLanguage":"it-IT","potentialAction":[{"@type":"ReadAction","target":["https:\/\/ecobiolia.it\/prodotto\/martini-striscia-lavaschiena-esfoliante-loofah-e-cotone\/"]}]},{"@type":"ImageObject","inLanguage":"it-IT","@id":"https:\/\/ecobiolia.it\/prodotto\/martini-striscia-lavaschiena-esfoliante-loofah-e-cotone\/#primaryimage","url":"https:\/\/ecobiolia.it\/wp-content\/uploads\/2022\/01\/stricia-cotone.jpg","contentUrl":"https:\/\/ecobiolia.it\/wp-content\/uploads\/2022\/01\/stricia-cotone.jpg","width":1622,"height":1080},{"@type":"BreadcrumbList","@id":"https:\/\/ecobiolia.it\/prodotto\/martini-striscia-lavaschiena-esfoliante-loofah-e-cotone\/#breadcrumb","itemListElement":[{"@type":"ListItem","position":1,"name":"Home","item":"https:\/\/ecobiolia.it\/"},{"@type":"ListItem","position":2,"name":"Negozio","item":"https:\/\/ecobiolia.it\/negozio\/"},{"@type":"ListItem","position":3,"name":"Martini &#8211; Striscia Lavaschiena Esfoliante Loofah e Cotone"}]},{"@type":"WebSite","@id":"https:\/\/ecobiolia.it\/it_it\/#website","url":"https:\/\/ecobiolia.it\/it_it\/","name":"EcoBiOlia","description":"Negozio Ecologico per Bambini e Adulti","publisher":{"@id":"https:\/\/ecobiolia.it\/it_it\/#organization"},"potentialAction":[{"@type":"SearchAction","target":{"@type":"EntryPoint","urlTemplate":"https:\/\/ecobiolia.it\/it_it\/?s={search_term_string}"},"query-input":{"@type":"PropertyValueSpecification","valueRequired":true,"valueName":"search_term_string"}}],"inLanguage":"it-IT"},{"@type":"Organization","@id":"https:\/\/ecobiolia.it\/it_it\/#organization","name":"EcoBiOlia","url":"https:\/\/ecobiolia.it\/it_it\/","logo":{"@type":"ImageObject","inLanguage":"it-IT","@id":"https:\/\/ecobiolia.it\/it_it\/#\/schema\/logo\/image\/","url":"https:\/\/ecobiolia.it\/wp-content\/uploads\/2022\/04\/EcoBiOlia-Logo.png","contentUrl":"https:\/\/ecobiolia.it\/wp-content\/uploads\/2022\/04\/EcoBiOlia-Logo.png","width":1772,"height":944,"caption":"EcoBiOlia"},"image":{"@id":"https:\/\/ecobiolia.it\/it_it\/#\/schema\/logo\/image\/"}}]}},"jetpack-related-posts":[{"id":983,"url":"https:\/\/ecobiolia.it\/it_it\/prodotto\/martini-striscia-lavaschiena-tonificante-e-relax\/","url_meta":{"origin":970,"position":0},"title":"Martini &#8211; Striscia Lavaschiena Tonificante e Relax","author":"Olga","date":"16 Gennaio 2022","format":false,"excerpt":"La Stricia di Martini \u00e8 composta di DUE LATI: di qui un lato in morbidissimo cotone, per una dolce detersione, e l'altro \u00e8 in sisal, per un\u2019azione tonificante. Il Sisal \u00e8 ottimo per esfoliare tutto il corpo, ma soprattutto per rimuovere i peli incarniti e combattere la cellulite grazie alle\u2026","rel":"","context":"Con 1 commento","block_context":{"text":"Con 1 commento","link":"https:\/\/ecobiolia.it\/it_it\/prodotto\/martini-striscia-lavaschiena-tonificante-e-relax\/#comments"},"img":{"alt_text":"","src":"https:\/\/i0.wp.com\/ecobiolia.it\/wp-content\/uploads\/2022\/01\/stricia-tonificante.jpg?resize=350%2C200&ssl=1","width":350,"height":200,"srcset":"https:\/\/i0.wp.com\/ecobiolia.it\/wp-content\/uploads\/2022\/01\/stricia-tonificante.jpg?resize=350%2C200&ssl=1 1x, https:\/\/i0.wp.com\/ecobiolia.it\/wp-content\/uploads\/2022\/01\/stricia-tonificante.jpg?resize=525%2C300&ssl=1 1.5x, https:\/\/i0.wp.com\/ecobiolia.it\/wp-content\/uploads\/2022\/01\/stricia-tonificante.jpg?resize=700%2C400&ssl=1 2x, https:\/\/i0.wp.com\/ecobiolia.it\/wp-content\/uploads\/2022\/01\/stricia-tonificante.jpg?resize=1050%2C600&ssl=1 3x, https:\/\/i0.wp.com\/ecobiolia.it\/wp-content\/uploads\/2022\/01\/stricia-tonificante.jpg?resize=1400%2C800&ssl=1 4x"},"classes":[]},{"id":989,"url":"https:\/\/ecobiolia.it\/it_it\/prodotto\/guanto-esfoliante-corpo-in-loofah-e-cotone\/","url_meta":{"origin":970,"position":1},"title":"Guanto Esfoliante Corpo in Loofah e Cotone","author":"Olga","date":"16 Gennaio 2022","format":false,"excerpt":"Dolce detersione ed efficace rigenerazione: la vincente combinazione per una pelle levigata, tonica e setosa. Guanto in fibra naturale loofah per un massaggio esfoliante, aiuta a riattivare la circolazione con una azione di peeling naturale. Ideale per un massaggio esfoliante che aumenta la ricettivit\u00e0 della pelle ai trattamenti di bellezza\u2026","rel":"","context":"Con 2 commenti","block_context":{"text":"Con 2 commenti","link":"https:\/\/ecobiolia.it\/it_it\/prodotto\/guanto-esfoliante-corpo-in-loofah-e-cotone\/#comments"},"img":{"alt_text":"","src":"https:\/\/i0.wp.com\/ecobiolia.it\/wp-content\/uploads\/2022\/01\/Guanto.jpg?resize=350%2C200&ssl=1","width":350,"height":200,"srcset":"https:\/\/i0.wp.com\/ecobiolia.it\/wp-content\/uploads\/2022\/01\/Guanto.jpg?resize=350%2C200&ssl=1 1x, https:\/\/i0.wp.com\/ecobiolia.it\/wp-content\/uploads\/2022\/01\/Guanto.jpg?resize=525%2C300&ssl=1 1.5x, https:\/\/i0.wp.com\/ecobiolia.it\/wp-content\/uploads\/2022\/01\/Guanto.jpg?resize=700%2C400&ssl=1 2x, https:\/\/i0.wp.com\/ecobiolia.it\/wp-content\/uploads\/2022\/01\/Guanto.jpg?resize=1050%2C600&ssl=1 3x, https:\/\/i0.wp.com\/ecobiolia.it\/wp-content\/uploads\/2022\/01\/Guanto.jpg?resize=1400%2C800&ssl=1 4x"},"classes":[]},{"id":961,"url":"https:\/\/ecobiolia.it\/it_it\/prodotto\/martini-striscia-lavaschiena-biologica-relax-e-scrub\/","url_meta":{"origin":970,"position":2},"title":"Martini &#8211; Striscia Lavaschiena Biologica Relax e Scrub.","author":"Olga","date":"13 Gennaio 2022","format":false,"excerpt":"Se vuoi evitare le sostanze chimiche nocive utilizzate nelle fibre inorganiche e ti piace un esfoliante delicato - scegli le strisce per il corpo realizzate con lino naturale. Lino \u00e8 biodegradabile, morbido, leggero, naturalmente resistente e antibatterico, quindi non ha bisogno di essere sostituito per tanto tempo e facile da\u2026","rel":"","context":"Con 2 commenti","block_context":{"text":"Con 2 commenti","link":"https:\/\/ecobiolia.it\/it_it\/prodotto\/martini-striscia-lavaschiena-biologica-relax-e-scrub\/#comments"},"img":{"alt_text":"","src":"https:\/\/i0.wp.com\/ecobiolia.it\/wp-content\/uploads\/2022\/01\/striscia-lino.jpg?resize=350%2C200&ssl=1","width":350,"height":200,"srcset":"https:\/\/i0.wp.com\/ecobiolia.it\/wp-content\/uploads\/2022\/01\/striscia-lino.jpg?resize=350%2C200&ssl=1 1x, https:\/\/i0.wp.com\/ecobiolia.it\/wp-content\/uploads\/2022\/01\/striscia-lino.jpg?resize=525%2C300&ssl=1 1.5x, https:\/\/i0.wp.com\/ecobiolia.it\/wp-content\/uploads\/2022\/01\/striscia-lino.jpg?resize=700%2C400&ssl=1 2x, https:\/\/i0.wp.com\/ecobiolia.it\/wp-content\/uploads\/2022\/01\/striscia-lino.jpg?resize=1050%2C600&ssl=1 3x, https:\/\/i0.wp.com\/ecobiolia.it\/wp-content\/uploads\/2022\/01\/striscia-lino.jpg?resize=1400%2C800&ssl=1 4x"},"classes":[]},{"id":907,"url":"https:\/\/ecobiolia.it\/it_it\/prodotto\/bamboolik-salvaslip-sottili-in-cotone-biologico\/","url_meta":{"origin":970,"position":3},"title":"Salvaslip Sottili in Cotone Biologico. Set di Tre.","author":"Olga","date":"28 Novembre 2021","format":false,"excerpt":"Salvaslip Sottili in Cotone Biologico Certificato GOTS di slim fit sono ideali per chi preferisce soluzione ecologica e invisibile vestibilit\u00e0. Cotone Biologico, Flessibili, Super Sottili, traspiranti con un strato acqua resistente!","rel":"","context":"Con 1 commento","block_context":{"text":"Con 1 commento","link":"https:\/\/ecobiolia.it\/it_it\/prodotto\/bamboolik-salvaslip-sottili-in-cotone-biologico\/#comments"},"img":{"alt_text":"","src":"https:\/\/i0.wp.com\/ecobiolia.it\/wp-content\/uploads\/2021\/11\/IMG_4262.jpg?resize=350%2C200&ssl=1","width":350,"height":200,"srcset":"https:\/\/i0.wp.com\/ecobiolia.it\/wp-content\/uploads\/2021\/11\/IMG_4262.jpg?resize=350%2C200&ssl=1 1x, https:\/\/i0.wp.com\/ecobiolia.it\/wp-content\/uploads\/2021\/11\/IMG_4262.jpg?resize=525%2C300&ssl=1 1.5x, https:\/\/i0.wp.com\/ecobiolia.it\/wp-content\/uploads\/2021\/11\/IMG_4262.jpg?resize=700%2C400&ssl=1 2x, https:\/\/i0.wp.com\/ecobiolia.it\/wp-content\/uploads\/2021\/11\/IMG_4262.jpg?resize=1050%2C600&ssl=1 3x, https:\/\/i0.wp.com\/ecobiolia.it\/wp-content\/uploads\/2021\/11\/IMG_4262.jpg?resize=1400%2C800&ssl=1 4x"},"classes":[]},{"id":3694,"url":"https:\/\/ecobiolia.it\/it_it\/prodotto\/asciugamano-neonato-in-bambu-con-tracolla-grigio\/","url_meta":{"origin":970,"position":4},"title":"Asciugamano Neonato in Bamb\u00f9 con Tracolla &#8211; Grigio","author":"Olga","date":"5 Agosto 2022","format":false,"excerpt":"Un morbidissimo asciugamano per neonato in bamb\u00f9 naturale con cappuccio e una pratica tracolla unica per i genitori. Grazie alla viscosa di bamb\u00f9, il nostro asciugamano per bambini \u00e8 altamente assorbente e si asciuga rapidamente. \u00c8 perfetto per la cura quotidiana e rende il bagnetto molto pi\u00f9 facile e sicuro.\u2026","rel":"","context":"Articolo simile","block_context":{"text":"Articolo simile","link":""},"img":{"alt_text":"","src":"https:\/\/i0.wp.com\/ecobiolia.it\/wp-content\/uploads\/2022\/08\/4006.jpg?resize=350%2C200&ssl=1","width":350,"height":200,"srcset":"https:\/\/i0.wp.com\/ecobiolia.it\/wp-content\/uploads\/2022\/08\/4006.jpg?resize=350%2C200&ssl=1 1x, https:\/\/i0.wp.com\/ecobiolia.it\/wp-content\/uploads\/2022\/08\/4006.jpg?resize=525%2C300&ssl=1 1.5x, https:\/\/i0.wp.com\/ecobiolia.it\/wp-content\/uploads\/2022\/08\/4006.jpg?resize=700%2C400&ssl=1 2x, https:\/\/i0.wp.com\/ecobiolia.it\/wp-content\/uploads\/2022\/08\/4006.jpg?resize=1050%2C600&ssl=1 3x"},"classes":[]},{"id":4181,"url":"https:\/\/ecobiolia.it\/it_it\/prodotto\/asciugamano-neonato-in-bambu-con-tracolla-mr-b\/","url_meta":{"origin":970,"position":5},"title":"Asciugamano Neonato in Bamb\u00f9 con Tracolla &#8211; Mr B","author":"Olga","date":"22 Agosto 2022","format":false,"excerpt":"Un morbidissimo asciugamano per neonato in bamb\u00f9 naturale con cappuccio e una pratica tracolla unica per i genitori. Grazie alla viscosa di bamb\u00f9, il nostro asciugamano per bambini \u00e8 altamente assorbente e si asciuga rapidamente. \u00c8 perfetto per la cura quotidiana e rende il bagnetto molto pi\u00f9 facile e sicuro.\u2026","rel":"","context":"Articolo simile","block_context":{"text":"Articolo simile","link":""},"img":{"alt_text":"","src":"https:\/\/i0.wp.com\/ecobiolia.it\/wp-content\/uploads\/2022\/08\/3559.jpg?resize=350%2C200&ssl=1","width":350,"height":200,"srcset":"https:\/\/i0.wp.com\/ecobiolia.it\/wp-content\/uploads\/2022\/08\/3559.jpg?resize=350%2C200&ssl=1 1x, https:\/\/i0.wp.com\/ecobiolia.it\/wp-content\/uploads\/2022\/08\/3559.jpg?resize=525%2C300&ssl=1 1.5x, https:\/\/i0.wp.com\/ecobiolia.it\/wp-content\/uploads\/2022\/08\/3559.jpg?resize=700%2C400&ssl=1 2x"},"classes":[]}],"jetpack_sharing_enabled":true,"_links":{"self":[{"href":"https:\/\/ecobiolia.it\/it_it\/wp-json\/wp\/v2\/product\/970","targetHints":{"allow":["GET"]}}],"collection":[{"href":"https:\/\/ecobiolia.it\/it_it\/wp-json\/wp\/v2\/product"}],"about":[{"href":"https:\/\/ecobiolia.it\/it_it\/wp-json\/wp\/v2\/types\/product"}],"replies":[{"embeddable":true,"href":"https:\/\/ecobiolia.it\/it_it\/wp-json\/wp\/v2\/comments?post=970"}],"version-history":[{"count":1,"href":"https:\/\/ecobiolia.it\/it_it\/wp-json\/wp\/v2\/product\/970\/revisions"}],"predecessor-version":[{"id":6539,"href":"https:\/\/ecobiolia.it\/it_it\/wp-json\/wp\/v2\/product\/970\/revisions\/6539"}],"wp:featuredmedia":[{"embeddable":true,"href":"https:\/\/ecobiolia.it\/it_it\/wp-json\/wp\/v2\/media\/1001"}],"wp:attachment":[{"href":"https:\/\/ecobiolia.it\/it_it\/wp-json\/wp\/v2\/media?parent=970"}],"wp:term":[{"taxonomy":"product_brand","embeddable":true,"href":"https:\/\/ecobiolia.it\/it_it\/wp-json\/wp\/v2\/product_brand?post=970"},{"taxonomy":"product_cat","embeddable":true,"href":"https:\/\/ecobiolia.it\/it_it\/wp-json\/wp\/v2\/product_cat?post=970"},{"taxonomy":"product_tag","embeddable":true,"href":"https:\/\/ecobiolia.it\/it_it\/wp-json\/wp\/v2\/product_tag?post=970"}],"curies":[{"name":"wp","href":"https:\/\/api.w.org\/{rel}","templated":true}]}}