{"id":961,"date":"2022-01-13T10:33:36","date_gmt":"2022-01-13T10:33:36","guid":{"rendered":"https:\/\/ecobiolia.it\/?post_type=product&#038;p=961"},"modified":"2023-12-10T11:24:34","modified_gmt":"2023-12-10T11:24:34","slug":"martini-striscia-lavaschiena-biologica-relax-e-scrub","status":"publish","type":"product","link":"https:\/\/ecobiolia.it\/it_it\/prodotto\/martini-striscia-lavaschiena-biologica-relax-e-scrub\/","title":{"rendered":"Martini &#8211; Striscia Lavaschiena Biologica Relax e Scrub."},"content":{"rendered":"<p><span style=\"font-size: medium;\">La linea BIO \u00e8 la collezione tessile per il bagno caratterizzata dai pi\u00f9 rigorosi standard ecologici.<br \/>\n<\/span><\/p>\n<p><span style=\"font-size: medium;\">La striscia \u00e8 composta da <a href=\"https:\/\/ecobiolia.it\/it_it\/blog\/quali-sono-i-materiali-e-tessuti-sostenibili\/\">filati di origine puramente vegetale<\/a>, come il <a href=\"https:\/\/ecobiolia.it\/it_it\/prodotto\/bamboolik-mussole-neonato-cotone-biologico-69x69-cm\/\">cotone<\/a> e il lino biologici e sono ideali per chi soffre di allergie o qualsiasi tipo di problematica cutanea. <\/span><\/p>\n<p><span class=\"a-list-item\">La Stricia hai DUE LATI: di qui un lato \u00e8 in morbidissimo cotone, per una dolce detersione, e l\u2019altro \u00e8 in lino, per un\u2019azione peeling delicato naturale. <\/span><\/p>\n<p class=\"grve-h3 grve-box-title\"><span style=\"font-size: medium;\">Le strisce schiena sono certificati biologici e sono confezionati in packing riciclabili.<\/span><\/p>\n<p class=\"grve-h3 grve-box-title\"><span style=\"font-size: medium;\">Le certificazioni ICEA e GOTS garantiscono il rispetto delle normative biologiche non solo in merito alle materie prime, ma anche lungo tutta la filiera.<\/span><\/p>\n<p>Portare fibre naturali e organiche nella tua vita quotidiana \u00e8 uno dei modi pi\u00f9 efficaci per prendere cura del pianeta, cos\u00ec come del tuo corpo.<\/p>\n<p class=\"grve-h3 grve-box-title\"><span style=\"font-size: medium;\">100% Made in Italy.<\/span><\/p>\n<div><\/div>\n<div>COMPOSIZIONE: 100% cotone bio, 100% lino<\/div>\n","protected":false},"excerpt":{"rendered":"<div>\n<div class=\"kvgmc6g5 cxmmr5t8 oygrvhab hcukyx3x c1et5uql ii04i59q\">\n<div dir=\"auto\">Se vuoi evitare le sostanze chimiche nocive utilizzate nelle fibre inorganiche e ti piace un esfoliante delicato &#8211; scegli le strisce per il corpo realizzate con lino naturale.<\/div>\n<div dir=\"auto\"><\/div>\n<div dir=\"auto\">Lino \u00e8 biodegradabile, morbido, leggero, naturalmente resistente e antibatterico, quindi non ha bisogno di essere sostituito per tanto tempo e facile da curare.<\/div>\n<\/div>\n<\/div>\n<div><\/div>\n<div><span style=\"font-size: medium;\">Per l\u2019igiene di schiena e corpo, una morbida carezza e un delicato massaggio esfoliante nel rispetto dell\u2019ambiente e di se stessi.<\/span><\/div>\n<div><\/div>\n","protected":false},"featured_media":1003,"comment_status":"open","ping_status":"closed","template":"","meta":[],"product_brand":[],"product_cat":[325,45],"product_tag":[],"class_list":{"0":"post-961","1":"product","2":"type-product","3":"status-publish","4":"has-post-thumbnail","6":"product_cat-accessori-da-bagno","7":"product_cat-prodotti-per-la-cura-del-corpo","9":"first","10":"instock","11":"taxable","12":"shipping-taxable","13":"purchasable","14":"product-type-simple"},"yoast_head":"<!-- This site is optimized with the Yoast SEO plugin v27.3 - https:\/\/yoast.com\/product\/yoast-seo-wordpress\/ -->\n<title>Martini - Striscia Lavaschiena Biologica Relax e Scrub. - EcoBiOlia<\/title>\n<meta name=\"description\" content=\"Martini Striscia Lavaschiena Biologica Relax e Scrub \u00e8 una carezza e un massaggio esfoliante nel rispetto dell\u2019ambiente e di se stessi.\" \/>\n<meta name=\"robots\" content=\"index, follow, max-snippet:-1, max-image-preview:large, max-video-preview:-1\" \/>\n<link rel=\"canonical\" href=\"https:\/\/ecobiolia.it\/it_it\/prodotto\/martini-striscia-lavaschiena-biologica-relax-e-scrub\/\" \/>\n<meta property=\"og:locale\" content=\"it_IT\" \/>\n<meta property=\"og:type\" content=\"article\" \/>\n<meta property=\"og:title\" content=\"Martini - Striscia Lavaschiena Biologica Relax e Scrub. - EcoBiOlia\" \/>\n<meta property=\"og:description\" content=\"Martini Striscia Lavaschiena Biologica Relax e Scrub \u00e8 una carezza e un massaggio esfoliante nel rispetto dell\u2019ambiente e di se stessi.\" \/>\n<meta property=\"og:url\" content=\"https:\/\/ecobiolia.it\/it_it\/prodotto\/martini-striscia-lavaschiena-biologica-relax-e-scrub\/\" \/>\n<meta property=\"og:site_name\" content=\"EcoBiOlia\" \/>\n<meta property=\"article:modified_time\" content=\"2023-12-10T11:24:34+00:00\" \/>\n<meta property=\"og:image\" content=\"https:\/\/ecobiolia.it\/wp-content\/uploads\/2022\/01\/striscia-lino.jpg\" \/>\n\t<meta property=\"og:image:width\" content=\"1622\" \/>\n\t<meta property=\"og:image:height\" content=\"1084\" \/>\n\t<meta property=\"og:image:type\" content=\"image\/jpeg\" \/>\n<meta name=\"twitter:card\" content=\"summary_large_image\" \/>\n<meta name=\"twitter:label1\" content=\"Tempo di lettura stimato\" \/>\n\t<meta name=\"twitter:data1\" content=\"1 minuto\" \/>\n<script type=\"application\/ld+json\" class=\"yoast-schema-graph\">{\"@context\":\"https:\\\/\\\/schema.org\",\"@graph\":[{\"@type\":\"WebPage\",\"@id\":\"https:\\\/\\\/ecobiolia.it\\\/prodotto\\\/martini-striscia-lavaschiena-biologica-relax-e-scrub\\\/\",\"url\":\"https:\\\/\\\/ecobiolia.it\\\/prodotto\\\/martini-striscia-lavaschiena-biologica-relax-e-scrub\\\/\",\"name\":\"Martini - Striscia Lavaschiena Biologica Relax e Scrub. - EcoBiOlia\",\"isPartOf\":{\"@id\":\"https:\\\/\\\/ecobiolia.it\\\/it_it\\\/#website\"},\"primaryImageOfPage\":{\"@id\":\"https:\\\/\\\/ecobiolia.it\\\/prodotto\\\/martini-striscia-lavaschiena-biologica-relax-e-scrub\\\/#primaryimage\"},\"image\":{\"@id\":\"https:\\\/\\\/ecobiolia.it\\\/prodotto\\\/martini-striscia-lavaschiena-biologica-relax-e-scrub\\\/#primaryimage\"},\"thumbnailUrl\":\"https:\\\/\\\/ecobiolia.it\\\/wp-content\\\/uploads\\\/2022\\\/01\\\/striscia-lino.jpg\",\"datePublished\":\"2022-01-13T10:33:36+00:00\",\"dateModified\":\"2023-12-10T11:24:34+00:00\",\"description\":\"Martini Striscia Lavaschiena Biologica Relax e Scrub \u00e8 una carezza e un massaggio esfoliante nel rispetto dell\u2019ambiente e di se stessi.\",\"breadcrumb\":{\"@id\":\"https:\\\/\\\/ecobiolia.it\\\/prodotto\\\/martini-striscia-lavaschiena-biologica-relax-e-scrub\\\/#breadcrumb\"},\"inLanguage\":\"it-IT\",\"potentialAction\":[{\"@type\":\"ReadAction\",\"target\":[\"https:\\\/\\\/ecobiolia.it\\\/prodotto\\\/martini-striscia-lavaschiena-biologica-relax-e-scrub\\\/\"]}]},{\"@type\":\"ImageObject\",\"inLanguage\":\"it-IT\",\"@id\":\"https:\\\/\\\/ecobiolia.it\\\/prodotto\\\/martini-striscia-lavaschiena-biologica-relax-e-scrub\\\/#primaryimage\",\"url\":\"https:\\\/\\\/ecobiolia.it\\\/wp-content\\\/uploads\\\/2022\\\/01\\\/striscia-lino.jpg\",\"contentUrl\":\"https:\\\/\\\/ecobiolia.it\\\/wp-content\\\/uploads\\\/2022\\\/01\\\/striscia-lino.jpg\",\"width\":1622,\"height\":1084},{\"@type\":\"BreadcrumbList\",\"@id\":\"https:\\\/\\\/ecobiolia.it\\\/prodotto\\\/martini-striscia-lavaschiena-biologica-relax-e-scrub\\\/#breadcrumb\",\"itemListElement\":[{\"@type\":\"ListItem\",\"position\":1,\"name\":\"Home\",\"item\":\"https:\\\/\\\/ecobiolia.it\\\/\"},{\"@type\":\"ListItem\",\"position\":2,\"name\":\"Negozio\",\"item\":\"https:\\\/\\\/ecobiolia.it\\\/negozio\\\/\"},{\"@type\":\"ListItem\",\"position\":3,\"name\":\"Martini &#8211; Striscia Lavaschiena Biologica Relax e Scrub.\"}]},{\"@type\":\"WebSite\",\"@id\":\"https:\\\/\\\/ecobiolia.it\\\/it_it\\\/#website\",\"url\":\"https:\\\/\\\/ecobiolia.it\\\/it_it\\\/\",\"name\":\"EcoBiOlia\",\"description\":\"Negozio Ecologico per Bambini e Adulti\",\"publisher\":{\"@id\":\"https:\\\/\\\/ecobiolia.it\\\/it_it\\\/#organization\"},\"potentialAction\":[{\"@type\":\"SearchAction\",\"target\":{\"@type\":\"EntryPoint\",\"urlTemplate\":\"https:\\\/\\\/ecobiolia.it\\\/it_it\\\/?s={search_term_string}\"},\"query-input\":{\"@type\":\"PropertyValueSpecification\",\"valueRequired\":true,\"valueName\":\"search_term_string\"}}],\"inLanguage\":\"it-IT\"},{\"@type\":\"Organization\",\"@id\":\"https:\\\/\\\/ecobiolia.it\\\/it_it\\\/#organization\",\"name\":\"EcoBiOlia\",\"url\":\"https:\\\/\\\/ecobiolia.it\\\/it_it\\\/\",\"logo\":{\"@type\":\"ImageObject\",\"inLanguage\":\"it-IT\",\"@id\":\"https:\\\/\\\/ecobiolia.it\\\/it_it\\\/#\\\/schema\\\/logo\\\/image\\\/\",\"url\":\"https:\\\/\\\/ecobiolia.it\\\/wp-content\\\/uploads\\\/2022\\\/04\\\/EcoBiOlia-Logo.png\",\"contentUrl\":\"https:\\\/\\\/ecobiolia.it\\\/wp-content\\\/uploads\\\/2022\\\/04\\\/EcoBiOlia-Logo.png\",\"width\":1772,\"height\":944,\"caption\":\"EcoBiOlia\"},\"image\":{\"@id\":\"https:\\\/\\\/ecobiolia.it\\\/it_it\\\/#\\\/schema\\\/logo\\\/image\\\/\"}}]}<\/script>\n<!-- \/ Yoast SEO plugin. -->","yoast_head_json":{"title":"Martini - Striscia Lavaschiena Biologica Relax e Scrub. - EcoBiOlia","description":"Martini Striscia Lavaschiena Biologica Relax e Scrub \u00e8 una carezza e un massaggio esfoliante nel rispetto dell\u2019ambiente e di se stessi.","robots":{"index":"index","follow":"follow","max-snippet":"max-snippet:-1","max-image-preview":"max-image-preview:large","max-video-preview":"max-video-preview:-1"},"canonical":"https:\/\/ecobiolia.it\/it_it\/prodotto\/martini-striscia-lavaschiena-biologica-relax-e-scrub\/","og_locale":"it_IT","og_type":"article","og_title":"Martini - Striscia Lavaschiena Biologica Relax e Scrub. - EcoBiOlia","og_description":"Martini Striscia Lavaschiena Biologica Relax e Scrub \u00e8 una carezza e un massaggio esfoliante nel rispetto dell\u2019ambiente e di se stessi.","og_url":"https:\/\/ecobiolia.it\/it_it\/prodotto\/martini-striscia-lavaschiena-biologica-relax-e-scrub\/","og_site_name":"EcoBiOlia","article_modified_time":"2023-12-10T11:24:34+00:00","og_image":[{"width":1622,"height":1084,"url":"https:\/\/ecobiolia.it\/wp-content\/uploads\/2022\/01\/striscia-lino.jpg","type":"image\/jpeg"}],"twitter_card":"summary_large_image","twitter_misc":{"Tempo di lettura stimato":"1 minuto"},"schema":{"@context":"https:\/\/schema.org","@graph":[{"@type":"WebPage","@id":"https:\/\/ecobiolia.it\/prodotto\/martini-striscia-lavaschiena-biologica-relax-e-scrub\/","url":"https:\/\/ecobiolia.it\/prodotto\/martini-striscia-lavaschiena-biologica-relax-e-scrub\/","name":"Martini - Striscia Lavaschiena Biologica Relax e Scrub. - EcoBiOlia","isPartOf":{"@id":"https:\/\/ecobiolia.it\/it_it\/#website"},"primaryImageOfPage":{"@id":"https:\/\/ecobiolia.it\/prodotto\/martini-striscia-lavaschiena-biologica-relax-e-scrub\/#primaryimage"},"image":{"@id":"https:\/\/ecobiolia.it\/prodotto\/martini-striscia-lavaschiena-biologica-relax-e-scrub\/#primaryimage"},"thumbnailUrl":"https:\/\/ecobiolia.it\/wp-content\/uploads\/2022\/01\/striscia-lino.jpg","datePublished":"2022-01-13T10:33:36+00:00","dateModified":"2023-12-10T11:24:34+00:00","description":"Martini Striscia Lavaschiena Biologica Relax e Scrub \u00e8 una carezza e un massaggio esfoliante nel rispetto dell\u2019ambiente e di se stessi.","breadcrumb":{"@id":"https:\/\/ecobiolia.it\/prodotto\/martini-striscia-lavaschiena-biologica-relax-e-scrub\/#breadcrumb"},"inLanguage":"it-IT","potentialAction":[{"@type":"ReadAction","target":["https:\/\/ecobiolia.it\/prodotto\/martini-striscia-lavaschiena-biologica-relax-e-scrub\/"]}]},{"@type":"ImageObject","inLanguage":"it-IT","@id":"https:\/\/ecobiolia.it\/prodotto\/martini-striscia-lavaschiena-biologica-relax-e-scrub\/#primaryimage","url":"https:\/\/ecobiolia.it\/wp-content\/uploads\/2022\/01\/striscia-lino.jpg","contentUrl":"https:\/\/ecobiolia.it\/wp-content\/uploads\/2022\/01\/striscia-lino.jpg","width":1622,"height":1084},{"@type":"BreadcrumbList","@id":"https:\/\/ecobiolia.it\/prodotto\/martini-striscia-lavaschiena-biologica-relax-e-scrub\/#breadcrumb","itemListElement":[{"@type":"ListItem","position":1,"name":"Home","item":"https:\/\/ecobiolia.it\/"},{"@type":"ListItem","position":2,"name":"Negozio","item":"https:\/\/ecobiolia.it\/negozio\/"},{"@type":"ListItem","position":3,"name":"Martini &#8211; Striscia Lavaschiena Biologica Relax e Scrub."}]},{"@type":"WebSite","@id":"https:\/\/ecobiolia.it\/it_it\/#website","url":"https:\/\/ecobiolia.it\/it_it\/","name":"EcoBiOlia","description":"Negozio Ecologico per Bambini e Adulti","publisher":{"@id":"https:\/\/ecobiolia.it\/it_it\/#organization"},"potentialAction":[{"@type":"SearchAction","target":{"@type":"EntryPoint","urlTemplate":"https:\/\/ecobiolia.it\/it_it\/?s={search_term_string}"},"query-input":{"@type":"PropertyValueSpecification","valueRequired":true,"valueName":"search_term_string"}}],"inLanguage":"it-IT"},{"@type":"Organization","@id":"https:\/\/ecobiolia.it\/it_it\/#organization","name":"EcoBiOlia","url":"https:\/\/ecobiolia.it\/it_it\/","logo":{"@type":"ImageObject","inLanguage":"it-IT","@id":"https:\/\/ecobiolia.it\/it_it\/#\/schema\/logo\/image\/","url":"https:\/\/ecobiolia.it\/wp-content\/uploads\/2022\/04\/EcoBiOlia-Logo.png","contentUrl":"https:\/\/ecobiolia.it\/wp-content\/uploads\/2022\/04\/EcoBiOlia-Logo.png","width":1772,"height":944,"caption":"EcoBiOlia"},"image":{"@id":"https:\/\/ecobiolia.it\/it_it\/#\/schema\/logo\/image\/"}}]}},"jetpack-related-posts":[{"id":970,"url":"https:\/\/ecobiolia.it\/it_it\/prodotto\/martini-striscia-lavaschiena-esfoliante-loofah-e-cotone\/","url_meta":{"origin":961,"position":0},"title":"Martini &#8211; Striscia Lavaschiena Esfoliante Loofah e Cotone","author":"Olga","date":"14 Gennaio 2022","format":false,"excerpt":"Striscia Lavaschiena Esfoliante Loofah e Cotone di Martini \u00e8 Composta di DUE LATI: di qui un lato \u00e8 in morbidissimo cotone, per una dolce detersione, e l'altro \u00e8 in puro loofah, per un\u2019azione peeling naturale. La Lunghezza Ottimale permette di raggiungere anche le zone difficili. La superficie ruvida della luffa\u2026","rel":"","context":"Con 1 commento","block_context":{"text":"Con 1 commento","link":"https:\/\/ecobiolia.it\/it_it\/prodotto\/martini-striscia-lavaschiena-esfoliante-loofah-e-cotone\/#comments"},"img":{"alt_text":"","src":"https:\/\/i0.wp.com\/ecobiolia.it\/wp-content\/uploads\/2022\/01\/stricia-cotone.jpg?resize=350%2C200&ssl=1","width":350,"height":200,"srcset":"https:\/\/i0.wp.com\/ecobiolia.it\/wp-content\/uploads\/2022\/01\/stricia-cotone.jpg?resize=350%2C200&ssl=1 1x, https:\/\/i0.wp.com\/ecobiolia.it\/wp-content\/uploads\/2022\/01\/stricia-cotone.jpg?resize=525%2C300&ssl=1 1.5x, https:\/\/i0.wp.com\/ecobiolia.it\/wp-content\/uploads\/2022\/01\/stricia-cotone.jpg?resize=700%2C400&ssl=1 2x, https:\/\/i0.wp.com\/ecobiolia.it\/wp-content\/uploads\/2022\/01\/stricia-cotone.jpg?resize=1050%2C600&ssl=1 3x, https:\/\/i0.wp.com\/ecobiolia.it\/wp-content\/uploads\/2022\/01\/stricia-cotone.jpg?resize=1400%2C800&ssl=1 4x"},"classes":[]},{"id":907,"url":"https:\/\/ecobiolia.it\/it_it\/prodotto\/bamboolik-salvaslip-sottili-in-cotone-biologico\/","url_meta":{"origin":961,"position":1},"title":"Salvaslip Sottili in Cotone Biologico. Set di Tre.","author":"Olga","date":"28 Novembre 2021","format":false,"excerpt":"Salvaslip Sottili in Cotone Biologico Certificato GOTS di slim fit sono ideali per chi preferisce soluzione ecologica e invisibile vestibilit\u00e0. Cotone Biologico, Flessibili, Super Sottili, traspiranti con un strato acqua resistente!","rel":"","context":"Con 1 commento","block_context":{"text":"Con 1 commento","link":"https:\/\/ecobiolia.it\/it_it\/prodotto\/bamboolik-salvaslip-sottili-in-cotone-biologico\/#comments"},"img":{"alt_text":"","src":"https:\/\/i0.wp.com\/ecobiolia.it\/wp-content\/uploads\/2021\/11\/IMG_4262.jpg?resize=350%2C200&ssl=1","width":350,"height":200,"srcset":"https:\/\/i0.wp.com\/ecobiolia.it\/wp-content\/uploads\/2021\/11\/IMG_4262.jpg?resize=350%2C200&ssl=1 1x, https:\/\/i0.wp.com\/ecobiolia.it\/wp-content\/uploads\/2021\/11\/IMG_4262.jpg?resize=525%2C300&ssl=1 1.5x, https:\/\/i0.wp.com\/ecobiolia.it\/wp-content\/uploads\/2021\/11\/IMG_4262.jpg?resize=700%2C400&ssl=1 2x, https:\/\/i0.wp.com\/ecobiolia.it\/wp-content\/uploads\/2021\/11\/IMG_4262.jpg?resize=1050%2C600&ssl=1 3x, https:\/\/i0.wp.com\/ecobiolia.it\/wp-content\/uploads\/2021\/11\/IMG_4262.jpg?resize=1400%2C800&ssl=1 4x"},"classes":[]},{"id":1974,"url":"https:\/\/ecobiolia.it\/it_it\/prodotto\/salvaslip-e-assorbenti-sottili-in-cotone-biologico-riutilizzabili\/","url_meta":{"origin":961,"position":2},"title":"Salvaslip e Assorbenti Sottili in Cotone Biologico Riutilizzabili &#8211; SET","author":"Olga","date":"7 Giugno 2022","format":false,"excerpt":"Set di 2 Salvaslip e 2 Assorbenti Sottili in Cotone Biologico Riutilizzabili. Molto traspiranti e molto affidabili, delicate sulla pelle. Chiusure a strappo e con bottoncini. Sono ideali per chi preferisce soluzione ecologica, invisibile vestibilit\u00e0 ma allo stesso tempo cerca una buona assorbenza.","rel":"","context":"Articolo simile","block_context":{"text":"Articolo simile","link":""},"img":{"alt_text":"","src":"https:\/\/i0.wp.com\/ecobiolia.it\/wp-content\/uploads\/2022\/06\/ce93f6f7-2965-4998-b186-7ba7ceb5d4dd.jpg?resize=350%2C200&ssl=1","width":350,"height":200,"srcset":"https:\/\/i0.wp.com\/ecobiolia.it\/wp-content\/uploads\/2022\/06\/ce93f6f7-2965-4998-b186-7ba7ceb5d4dd.jpg?resize=350%2C200&ssl=1 1x, https:\/\/i0.wp.com\/ecobiolia.it\/wp-content\/uploads\/2022\/06\/ce93f6f7-2965-4998-b186-7ba7ceb5d4dd.jpg?resize=525%2C300&ssl=1 1.5x, https:\/\/i0.wp.com\/ecobiolia.it\/wp-content\/uploads\/2022\/06\/ce93f6f7-2965-4998-b186-7ba7ceb5d4dd.jpg?resize=700%2C400&ssl=1 2x"},"classes":[]},{"id":983,"url":"https:\/\/ecobiolia.it\/it_it\/prodotto\/martini-striscia-lavaschiena-tonificante-e-relax\/","url_meta":{"origin":961,"position":3},"title":"Martini &#8211; Striscia Lavaschiena Tonificante e Relax","author":"Olga","date":"16 Gennaio 2022","format":false,"excerpt":"La Stricia di Martini \u00e8 composta di DUE LATI: di qui un lato in morbidissimo cotone, per una dolce detersione, e l'altro \u00e8 in sisal, per un\u2019azione tonificante. Il Sisal \u00e8 ottimo per esfoliare tutto il corpo, ma soprattutto per rimuovere i peli incarniti e combattere la cellulite grazie alle\u2026","rel":"","context":"Con 1 commento","block_context":{"text":"Con 1 commento","link":"https:\/\/ecobiolia.it\/it_it\/prodotto\/martini-striscia-lavaschiena-tonificante-e-relax\/#comments"},"img":{"alt_text":"","src":"https:\/\/i0.wp.com\/ecobiolia.it\/wp-content\/uploads\/2022\/01\/stricia-tonificante.jpg?resize=350%2C200&ssl=1","width":350,"height":200,"srcset":"https:\/\/i0.wp.com\/ecobiolia.it\/wp-content\/uploads\/2022\/01\/stricia-tonificante.jpg?resize=350%2C200&ssl=1 1x, https:\/\/i0.wp.com\/ecobiolia.it\/wp-content\/uploads\/2022\/01\/stricia-tonificante.jpg?resize=525%2C300&ssl=1 1.5x, https:\/\/i0.wp.com\/ecobiolia.it\/wp-content\/uploads\/2022\/01\/stricia-tonificante.jpg?resize=700%2C400&ssl=1 2x, https:\/\/i0.wp.com\/ecobiolia.it\/wp-content\/uploads\/2022\/01\/stricia-tonificante.jpg?resize=1050%2C600&ssl=1 3x, https:\/\/i0.wp.com\/ecobiolia.it\/wp-content\/uploads\/2022\/01\/stricia-tonificante.jpg?resize=1400%2C800&ssl=1 4x"},"classes":[]},{"id":1281,"url":"https:\/\/ecobiolia.it\/it_it\/prodotto\/bamboolik-linserto-pannolino-cotone-biologico-pocket\/","url_meta":{"origin":961,"position":4},"title":"Bamboolik &#8211; L\u2019Inserto Pannolino Cotone Biologico Pocket","author":"Olga","date":"26 Febbraio 2022","format":false,"excerpt":"L\u2019Inserto Pocket Sagomato in Cotone Organico \u00e8 l'inserto assorbente pi\u00f9 universale, utilizzabile per qualsiasi tipo di cambio del pannolino, per un bambino da 4 fino a 15 kg. Va inserito nel copripannolino da solo o con un inserto corto \/ lungo per aumentare l'assorbenza.","rel":"","context":"Articolo simile","block_context":{"text":"Articolo simile","link":""},"img":{"alt_text":"","src":"https:\/\/i0.wp.com\/ecobiolia.it\/wp-content\/uploads\/2022\/02\/Bamboolik-Inserto-Cotone-Organico-Sagomato.jpg?resize=350%2C200&ssl=1","width":350,"height":200,"srcset":"https:\/\/i0.wp.com\/ecobiolia.it\/wp-content\/uploads\/2022\/02\/Bamboolik-Inserto-Cotone-Organico-Sagomato.jpg?resize=350%2C200&ssl=1 1x, https:\/\/i0.wp.com\/ecobiolia.it\/wp-content\/uploads\/2022\/02\/Bamboolik-Inserto-Cotone-Organico-Sagomato.jpg?resize=525%2C300&ssl=1 1.5x, https:\/\/i0.wp.com\/ecobiolia.it\/wp-content\/uploads\/2022\/02\/Bamboolik-Inserto-Cotone-Organico-Sagomato.jpg?resize=700%2C400&ssl=1 2x, https:\/\/i0.wp.com\/ecobiolia.it\/wp-content\/uploads\/2022\/02\/Bamboolik-Inserto-Cotone-Organico-Sagomato.jpg?resize=1050%2C600&ssl=1 3x, https:\/\/i0.wp.com\/ecobiolia.it\/wp-content\/uploads\/2022\/02\/Bamboolik-Inserto-Cotone-Organico-Sagomato.jpg?resize=1400%2C800&ssl=1 4x"},"classes":[]},{"id":891,"url":"https:\/\/ecobiolia.it\/it_it\/prodotto\/bamboolik-assorbenti-sottili-in-cotone-biologico\/","url_meta":{"origin":961,"position":5},"title":"Assorbenti Sottili in Cotone Biologico &#8211; Set di TRE","author":"Olga","date":"28 Novembre 2021","format":false,"excerpt":"Assorbenti Lavabili Sottili in Cotone Biologico Certificato GOTS di slim fit sono ideali per chi preferisce soluzione ecologica, invisibile vestibilit\u00e0 ma allo stesso tempo cerca una buona assorbenza.","rel":"","context":"Articolo simile","block_context":{"text":"Articolo simile","link":""},"img":{"alt_text":"","src":"https:\/\/i0.wp.com\/ecobiolia.it\/wp-content\/uploads\/2021\/11\/IMG_4264-1.jpg?resize=350%2C200&ssl=1","width":350,"height":200,"srcset":"https:\/\/i0.wp.com\/ecobiolia.it\/wp-content\/uploads\/2021\/11\/IMG_4264-1.jpg?resize=350%2C200&ssl=1 1x, https:\/\/i0.wp.com\/ecobiolia.it\/wp-content\/uploads\/2021\/11\/IMG_4264-1.jpg?resize=525%2C300&ssl=1 1.5x, https:\/\/i0.wp.com\/ecobiolia.it\/wp-content\/uploads\/2021\/11\/IMG_4264-1.jpg?resize=700%2C400&ssl=1 2x, https:\/\/i0.wp.com\/ecobiolia.it\/wp-content\/uploads\/2021\/11\/IMG_4264-1.jpg?resize=1050%2C600&ssl=1 3x, https:\/\/i0.wp.com\/ecobiolia.it\/wp-content\/uploads\/2021\/11\/IMG_4264-1.jpg?resize=1400%2C800&ssl=1 4x"},"classes":[]}],"jetpack_sharing_enabled":true,"_links":{"self":[{"href":"https:\/\/ecobiolia.it\/it_it\/wp-json\/wp\/v2\/product\/961","targetHints":{"allow":["GET"]}}],"collection":[{"href":"https:\/\/ecobiolia.it\/it_it\/wp-json\/wp\/v2\/product"}],"about":[{"href":"https:\/\/ecobiolia.it\/it_it\/wp-json\/wp\/v2\/types\/product"}],"replies":[{"embeddable":true,"href":"https:\/\/ecobiolia.it\/it_it\/wp-json\/wp\/v2\/comments?post=961"}],"version-history":[{"count":0,"href":"https:\/\/ecobiolia.it\/it_it\/wp-json\/wp\/v2\/product\/961\/revisions"}],"wp:featuredmedia":[{"embeddable":true,"href":"https:\/\/ecobiolia.it\/it_it\/wp-json\/wp\/v2\/media\/1003"}],"wp:attachment":[{"href":"https:\/\/ecobiolia.it\/it_it\/wp-json\/wp\/v2\/media?parent=961"}],"wp:term":[{"taxonomy":"product_brand","embeddable":true,"href":"https:\/\/ecobiolia.it\/it_it\/wp-json\/wp\/v2\/product_brand?post=961"},{"taxonomy":"product_cat","embeddable":true,"href":"https:\/\/ecobiolia.it\/it_it\/wp-json\/wp\/v2\/product_cat?post=961"},{"taxonomy":"product_tag","embeddable":true,"href":"https:\/\/ecobiolia.it\/it_it\/wp-json\/wp\/v2\/product_tag?post=961"}],"curies":[{"name":"wp","href":"https:\/\/api.w.org\/{rel}","templated":true}]}}