{"id":718,"date":"2021-11-07T16:02:44","date_gmt":"2021-11-07T16:02:44","guid":{"rendered":"https:\/\/ecobiolia.it\/?post_type=product&#038;p=718"},"modified":"2025-12-29T05:45:40","modified_gmt":"2025-12-29T05:45:40","slug":"bamboolik-pannolini-fitted-pocket-lavabili-con-inserto-cucito","status":"publish","type":"product","link":"https:\/\/ecobiolia.it\/it_it\/prodotto\/bamboolik-pannolini-fitted-pocket-lavabili-con-inserto-cucito\/","title":{"rendered":"Bamboolik &#8211; Pannolini Fitted Pocket Lavabili con Inserto Cucito"},"content":{"rendered":"<p>RISPARMI SUI PANNOLINI<\/p>\n<p>Il pannolino pu\u00f2 accompagnare il bambino dalla nascita (dai 6 kg di peso) fino al vasino (fino a 15 kg di peso) perch\u00e8 \u00e8 regolabile tramite i bottoncini e la chiusura con velcro.<\/p>\n<p>BUONA ASSORBENZA<\/p>\n<p>La tasca \u00e8 capiente dove \u00e8 possibile inserire inserti aggiuntivi per aumentare l&#8217;assorbenza e \u201cfare un pannolino\u201d che pu\u00f2 tenere tutta la notte senza fuoriuscite (fino a 12 ore).<\/p>\n<p>ASCIUGATURA RAPIDA<\/p>\n<p>Grazie alla combinazione dei materiali e possibilit\u00e0 di togliere l\u2019inserto dalla tasca Il pannolino lavabile si asciuga rapidamente.<\/p>\n<p>PERFETTO PER BAMBINI MOLTO ATTIVI<\/p>\n<p>L\u2019inserto assorbente in <a href=\"https:\/\/ecobiolia.it\/it_it\/blog\/quali-sono-i-materiali-e-tessuti-sostenibili\/\">bamb\u00f9<\/a> \u00e8 cucito dentro la tasca che previene spostamenti, morbidi elastici sulle cosce proteggono dalle fuoriuscite.<\/p>\n<p>IDEALE PER BAMBINI A CHI NON PIACE LA SENSAZIONE DI \u201cBAGNATO\u201d<\/p>\n<p>La tasca interna \u00e8 del materiale &#8220;Resta asciutto&#8221; che permette di rimanere asciutto anche con inserto dentro la tasca bagnato.<\/p>\n<p>FACILE DA USARE<\/p>\n<p>Il pannolino pocket aderente Bamboolik \u00e8 molto facile da utilizzare. Si usa come un pannolino usa e getta, ma solo che pannolino Bamboolik \u00e8 il pannolino riutilizzabile.<\/p>\n<p>SI USA CON UN COVER MUTANDINA COPRIPANNOLINO<\/p>\n<p>Anche se il pannolino aderente \u00e8 molto assorbente non \u00e8 un pannolino impermeabile e va usato con una <a href=\"https:\/\/ecobiolia.it\/it_it\/prodotto\/bamboolik-cover-copripannolino-impermeabile-lavabile\/\">mutandina copripannolino impermeabile<\/a>.<\/p>\n","protected":false},"excerpt":{"rendered":"<p>Pannolini ecologici aderenti di Bamboolik possono permettere al tuo bambino di rimanere asciutto tutta la notte anche con pannolino bagnato. La mutandina esterna dei pannolini fitted \u00e8 in materiale morbido e soffice. Morbidi elastici sulle gambe impediscono fuoriuscite e riducono al minimo segnetti. Pannolini ecologici sono creati con materiali certificati e di alta qualit\u00e0. La combinazione dei materiali e la possibilit\u00e0 di togliere l\u2019inserto dalla tasca permette al pannolino di asciugarsi rapidamente.<\/p>\n","protected":false},"featured_media":1017,"comment_status":"open","ping_status":"closed","template":"","meta":[],"product_brand":[],"product_cat":[28,59,26,327,30],"product_tag":[],"class_list":{"0":"post-718","1":"product","2":"type-product","3":"status-publish","4":"has-post-thumbnail","6":"product_cat-pannolini-aderenti","7":"product_cat-pannolini-con-un-strato-resta-asciutto","8":"product_cat-punnolini-lavabili-e-accessori","9":"product_cat-pannolini-lavabili-ecologici","10":"product_cat-pannolini-pocket","12":"first","13":"instock","14":"taxable","15":"shipping-taxable","16":"purchasable","17":"product-type-variable"},"yoast_head":"<!-- This site is optimized with the Yoast SEO plugin v27.3 - https:\/\/yoast.com\/product\/yoast-seo-wordpress\/ -->\n<title>Bamboolik - Pannolini Fitted Pocket Lavabili con Inserto Cucito - EcoBiOlia<\/title>\n<meta name=\"description\" content=\"Pannolini Fitted Pocket permettono al bambino di rimanere asciutto anche con pannolino bagnato. Ideale per bambini che soffrono allergie.\" \/>\n<meta name=\"robots\" content=\"index, follow, max-snippet:-1, max-image-preview:large, max-video-preview:-1\" \/>\n<link rel=\"canonical\" href=\"https:\/\/ecobiolia.it\/it_it\/prodotto\/bamboolik-pannolini-fitted-pocket-lavabili-con-inserto-cucito\/\" \/>\n<meta property=\"og:locale\" content=\"it_IT\" \/>\n<meta property=\"og:type\" content=\"article\" \/>\n<meta property=\"og:title\" content=\"Bamboolik - Pannolini Fitted Pocket Lavabili con Inserto Cucito - EcoBiOlia\" \/>\n<meta property=\"og:description\" content=\"Pannolini Fitted Pocket permettono al bambino di rimanere asciutto anche con pannolino bagnato. Ideale per bambini che soffrono allergie.\" \/>\n<meta property=\"og:url\" content=\"https:\/\/ecobiolia.it\/it_it\/prodotto\/bamboolik-pannolini-fitted-pocket-lavabili-con-inserto-cucito\/\" \/>\n<meta property=\"og:site_name\" content=\"EcoBiOlia\" \/>\n<meta property=\"article:modified_time\" content=\"2025-12-29T05:45:40+00:00\" \/>\n<meta property=\"og:image\" content=\"https:\/\/ecobiolia.it\/wp-content\/uploads\/2021\/11\/fitted3-1.png\" \/>\n\t<meta property=\"og:image:width\" content=\"1622\" \/>\n\t<meta property=\"og:image:height\" content=\"1082\" \/>\n\t<meta property=\"og:image:type\" content=\"image\/png\" \/>\n<meta name=\"twitter:card\" content=\"summary_large_image\" \/>\n<meta name=\"twitter:label1\" content=\"Tempo di lettura stimato\" \/>\n\t<meta name=\"twitter:data1\" content=\"2 minuti\" \/>\n<script type=\"application\/ld+json\" class=\"yoast-schema-graph\">{\"@context\":\"https:\\\/\\\/schema.org\",\"@graph\":[{\"@type\":\"WebPage\",\"@id\":\"https:\\\/\\\/ecobiolia.it\\\/prodotto\\\/bamboolik-pannolini-fitted-pocket-lavabili-con-inserto-cucito\\\/\",\"url\":\"https:\\\/\\\/ecobiolia.it\\\/prodotto\\\/bamboolik-pannolini-fitted-pocket-lavabili-con-inserto-cucito\\\/\",\"name\":\"Bamboolik - Pannolini Fitted Pocket Lavabili con Inserto Cucito - EcoBiOlia\",\"isPartOf\":{\"@id\":\"https:\\\/\\\/ecobiolia.it\\\/it_it\\\/#website\"},\"primaryImageOfPage\":{\"@id\":\"https:\\\/\\\/ecobiolia.it\\\/prodotto\\\/bamboolik-pannolini-fitted-pocket-lavabili-con-inserto-cucito\\\/#primaryimage\"},\"image\":{\"@id\":\"https:\\\/\\\/ecobiolia.it\\\/prodotto\\\/bamboolik-pannolini-fitted-pocket-lavabili-con-inserto-cucito\\\/#primaryimage\"},\"thumbnailUrl\":\"https:\\\/\\\/ecobiolia.it\\\/wp-content\\\/uploads\\\/2021\\\/11\\\/fitted3-1.png\",\"datePublished\":\"2021-11-07T16:02:44+00:00\",\"dateModified\":\"2025-12-29T05:45:40+00:00\",\"description\":\"Pannolini Fitted Pocket permettono al bambino di rimanere asciutto anche con pannolino bagnato. Ideale per bambini che soffrono allergie.\",\"breadcrumb\":{\"@id\":\"https:\\\/\\\/ecobiolia.it\\\/prodotto\\\/bamboolik-pannolini-fitted-pocket-lavabili-con-inserto-cucito\\\/#breadcrumb\"},\"inLanguage\":\"it-IT\",\"potentialAction\":[{\"@type\":\"ReadAction\",\"target\":[\"https:\\\/\\\/ecobiolia.it\\\/prodotto\\\/bamboolik-pannolini-fitted-pocket-lavabili-con-inserto-cucito\\\/\"]}]},{\"@type\":\"ImageObject\",\"inLanguage\":\"it-IT\",\"@id\":\"https:\\\/\\\/ecobiolia.it\\\/prodotto\\\/bamboolik-pannolini-fitted-pocket-lavabili-con-inserto-cucito\\\/#primaryimage\",\"url\":\"https:\\\/\\\/ecobiolia.it\\\/wp-content\\\/uploads\\\/2021\\\/11\\\/fitted3-1.png\",\"contentUrl\":\"https:\\\/\\\/ecobiolia.it\\\/wp-content\\\/uploads\\\/2021\\\/11\\\/fitted3-1.png\",\"width\":1622,\"height\":1082},{\"@type\":\"BreadcrumbList\",\"@id\":\"https:\\\/\\\/ecobiolia.it\\\/prodotto\\\/bamboolik-pannolini-fitted-pocket-lavabili-con-inserto-cucito\\\/#breadcrumb\",\"itemListElement\":[{\"@type\":\"ListItem\",\"position\":1,\"name\":\"Home\",\"item\":\"https:\\\/\\\/ecobiolia.it\\\/\"},{\"@type\":\"ListItem\",\"position\":2,\"name\":\"Negozio\",\"item\":\"https:\\\/\\\/ecobiolia.it\\\/negozio\\\/\"},{\"@type\":\"ListItem\",\"position\":3,\"name\":\"Bamboolik &#8211; Pannolini Fitted Pocket Lavabili con Inserto Cucito\"}]},{\"@type\":\"WebSite\",\"@id\":\"https:\\\/\\\/ecobiolia.it\\\/it_it\\\/#website\",\"url\":\"https:\\\/\\\/ecobiolia.it\\\/it_it\\\/\",\"name\":\"EcoBiOlia\",\"description\":\"Negozio Ecologico per Bambini e Adulti\",\"publisher\":{\"@id\":\"https:\\\/\\\/ecobiolia.it\\\/it_it\\\/#organization\"},\"potentialAction\":[{\"@type\":\"SearchAction\",\"target\":{\"@type\":\"EntryPoint\",\"urlTemplate\":\"https:\\\/\\\/ecobiolia.it\\\/it_it\\\/?s={search_term_string}\"},\"query-input\":{\"@type\":\"PropertyValueSpecification\",\"valueRequired\":true,\"valueName\":\"search_term_string\"}}],\"inLanguage\":\"it-IT\"},{\"@type\":\"Organization\",\"@id\":\"https:\\\/\\\/ecobiolia.it\\\/it_it\\\/#organization\",\"name\":\"EcoBiOlia\",\"url\":\"https:\\\/\\\/ecobiolia.it\\\/it_it\\\/\",\"logo\":{\"@type\":\"ImageObject\",\"inLanguage\":\"it-IT\",\"@id\":\"https:\\\/\\\/ecobiolia.it\\\/it_it\\\/#\\\/schema\\\/logo\\\/image\\\/\",\"url\":\"https:\\\/\\\/ecobiolia.it\\\/wp-content\\\/uploads\\\/2022\\\/04\\\/EcoBiOlia-Logo.png\",\"contentUrl\":\"https:\\\/\\\/ecobiolia.it\\\/wp-content\\\/uploads\\\/2022\\\/04\\\/EcoBiOlia-Logo.png\",\"width\":1772,\"height\":944,\"caption\":\"EcoBiOlia\"},\"image\":{\"@id\":\"https:\\\/\\\/ecobiolia.it\\\/it_it\\\/#\\\/schema\\\/logo\\\/image\\\/\"}}]}<\/script>\n<!-- \/ Yoast SEO plugin. -->","yoast_head_json":{"title":"Bamboolik - Pannolini Fitted Pocket Lavabili con Inserto Cucito - EcoBiOlia","description":"Pannolini Fitted Pocket permettono al bambino di rimanere asciutto anche con pannolino bagnato. Ideale per bambini che soffrono allergie.","robots":{"index":"index","follow":"follow","max-snippet":"max-snippet:-1","max-image-preview":"max-image-preview:large","max-video-preview":"max-video-preview:-1"},"canonical":"https:\/\/ecobiolia.it\/it_it\/prodotto\/bamboolik-pannolini-fitted-pocket-lavabili-con-inserto-cucito\/","og_locale":"it_IT","og_type":"article","og_title":"Bamboolik - Pannolini Fitted Pocket Lavabili con Inserto Cucito - EcoBiOlia","og_description":"Pannolini Fitted Pocket permettono al bambino di rimanere asciutto anche con pannolino bagnato. Ideale per bambini che soffrono allergie.","og_url":"https:\/\/ecobiolia.it\/it_it\/prodotto\/bamboolik-pannolini-fitted-pocket-lavabili-con-inserto-cucito\/","og_site_name":"EcoBiOlia","article_modified_time":"2025-12-29T05:45:40+00:00","og_image":[{"width":1622,"height":1082,"url":"https:\/\/ecobiolia.it\/wp-content\/uploads\/2021\/11\/fitted3-1.png","type":"image\/png"}],"twitter_card":"summary_large_image","twitter_misc":{"Tempo di lettura stimato":"2 minuti"},"schema":{"@context":"https:\/\/schema.org","@graph":[{"@type":"WebPage","@id":"https:\/\/ecobiolia.it\/prodotto\/bamboolik-pannolini-fitted-pocket-lavabili-con-inserto-cucito\/","url":"https:\/\/ecobiolia.it\/prodotto\/bamboolik-pannolini-fitted-pocket-lavabili-con-inserto-cucito\/","name":"Bamboolik - Pannolini Fitted Pocket Lavabili con Inserto Cucito - EcoBiOlia","isPartOf":{"@id":"https:\/\/ecobiolia.it\/it_it\/#website"},"primaryImageOfPage":{"@id":"https:\/\/ecobiolia.it\/prodotto\/bamboolik-pannolini-fitted-pocket-lavabili-con-inserto-cucito\/#primaryimage"},"image":{"@id":"https:\/\/ecobiolia.it\/prodotto\/bamboolik-pannolini-fitted-pocket-lavabili-con-inserto-cucito\/#primaryimage"},"thumbnailUrl":"https:\/\/ecobiolia.it\/wp-content\/uploads\/2021\/11\/fitted3-1.png","datePublished":"2021-11-07T16:02:44+00:00","dateModified":"2025-12-29T05:45:40+00:00","description":"Pannolini Fitted Pocket permettono al bambino di rimanere asciutto anche con pannolino bagnato. Ideale per bambini che soffrono allergie.","breadcrumb":{"@id":"https:\/\/ecobiolia.it\/prodotto\/bamboolik-pannolini-fitted-pocket-lavabili-con-inserto-cucito\/#breadcrumb"},"inLanguage":"it-IT","potentialAction":[{"@type":"ReadAction","target":["https:\/\/ecobiolia.it\/prodotto\/bamboolik-pannolini-fitted-pocket-lavabili-con-inserto-cucito\/"]}]},{"@type":"ImageObject","inLanguage":"it-IT","@id":"https:\/\/ecobiolia.it\/prodotto\/bamboolik-pannolini-fitted-pocket-lavabili-con-inserto-cucito\/#primaryimage","url":"https:\/\/ecobiolia.it\/wp-content\/uploads\/2021\/11\/fitted3-1.png","contentUrl":"https:\/\/ecobiolia.it\/wp-content\/uploads\/2021\/11\/fitted3-1.png","width":1622,"height":1082},{"@type":"BreadcrumbList","@id":"https:\/\/ecobiolia.it\/prodotto\/bamboolik-pannolini-fitted-pocket-lavabili-con-inserto-cucito\/#breadcrumb","itemListElement":[{"@type":"ListItem","position":1,"name":"Home","item":"https:\/\/ecobiolia.it\/"},{"@type":"ListItem","position":2,"name":"Negozio","item":"https:\/\/ecobiolia.it\/negozio\/"},{"@type":"ListItem","position":3,"name":"Bamboolik &#8211; Pannolini Fitted Pocket Lavabili con Inserto Cucito"}]},{"@type":"WebSite","@id":"https:\/\/ecobiolia.it\/it_it\/#website","url":"https:\/\/ecobiolia.it\/it_it\/","name":"EcoBiOlia","description":"Negozio Ecologico per Bambini e Adulti","publisher":{"@id":"https:\/\/ecobiolia.it\/it_it\/#organization"},"potentialAction":[{"@type":"SearchAction","target":{"@type":"EntryPoint","urlTemplate":"https:\/\/ecobiolia.it\/it_it\/?s={search_term_string}"},"query-input":{"@type":"PropertyValueSpecification","valueRequired":true,"valueName":"search_term_string"}}],"inLanguage":"it-IT"},{"@type":"Organization","@id":"https:\/\/ecobiolia.it\/it_it\/#organization","name":"EcoBiOlia","url":"https:\/\/ecobiolia.it\/it_it\/","logo":{"@type":"ImageObject","inLanguage":"it-IT","@id":"https:\/\/ecobiolia.it\/it_it\/#\/schema\/logo\/image\/","url":"https:\/\/ecobiolia.it\/wp-content\/uploads\/2022\/04\/EcoBiOlia-Logo.png","contentUrl":"https:\/\/ecobiolia.it\/wp-content\/uploads\/2022\/04\/EcoBiOlia-Logo.png","width":1772,"height":944,"caption":"EcoBiOlia"},"image":{"@id":"https:\/\/ecobiolia.it\/it_it\/#\/schema\/logo\/image\/"}}]}},"jetpack-related-posts":[{"id":647,"url":"https:\/\/ecobiolia.it\/it_it\/prodotto\/bamboolik-pannolini-lavabili-pocket-bambu-con-inserto\/","url_meta":{"origin":718,"position":0},"title":"Pannolini Lavabili Pocket Bamb\u00f9 con Inserto","author":"Olga","date":"6 Novembre 2021","format":false,"excerpt":"Pannolino Riutilizzabile Pocket Bamboo \u00e8 un pannolino superiore della linea pocket. Il pannolino Bamboolik \u00e8 creato per garantire la protezione delle fuoriuscite: due barriere, due canali e una tasca capiente per avere un pannolino di assorbenza giusta. In aggiunta il pannolino \u00e8 facile da usare, morbido al tatto, regolabile e\u2026","rel":"","context":"Con 1 commento","block_context":{"text":"Con 1 commento","link":"https:\/\/ecobiolia.it\/it_it\/prodotto\/bamboolik-pannolini-lavabili-pocket-bambu-con-inserto\/#comments"},"img":{"alt_text":"","src":"https:\/\/i0.wp.com\/ecobiolia.it\/wp-content\/uploads\/2021\/11\/00010076-scaled.jpg?resize=350%2C200&ssl=1","width":350,"height":200,"srcset":"https:\/\/i0.wp.com\/ecobiolia.it\/wp-content\/uploads\/2021\/11\/00010076-scaled.jpg?resize=350%2C200&ssl=1 1x, https:\/\/i0.wp.com\/ecobiolia.it\/wp-content\/uploads\/2021\/11\/00010076-scaled.jpg?resize=525%2C300&ssl=1 1.5x, https:\/\/i0.wp.com\/ecobiolia.it\/wp-content\/uploads\/2021\/11\/00010076-scaled.jpg?resize=700%2C400&ssl=1 2x, https:\/\/i0.wp.com\/ecobiolia.it\/wp-content\/uploads\/2021\/11\/00010076-scaled.jpg?resize=1050%2C600&ssl=1 3x, https:\/\/i0.wp.com\/ecobiolia.it\/wp-content\/uploads\/2021\/11\/00010076-scaled.jpg?resize=1400%2C800&ssl=1 4x"},"classes":[]},{"id":1287,"url":"https:\/\/ecobiolia.it\/it_it\/prodotto\/bamboolik-linserto-pannolino-bamboo-lungo-set-di-tre\/","url_meta":{"origin":718,"position":1},"title":"L\u2019Inserto Pannolino Bamboo Lungo. Set di Tre.","author":"Olga","date":"26 Febbraio 2022","format":false,"excerpt":"L\u2019inserto lungo bamboo \u00e8 lo strato assorbente aggiuntivo per aumentare l'assorbenza ovunque ne hai bisogno. Da mettere nella tasca di un assorbente sagomato DUO, in un pannolino tascabile o nel pannolino lavabile pocket fitted night.","rel":"","context":"Articolo simile","block_context":{"text":"Articolo simile","link":""},"img":{"alt_text":"","src":"https:\/\/i0.wp.com\/ecobiolia.it\/wp-content\/uploads\/2022\/02\/Bamboolik-Inserto-Aggiuntivo-Lungo.jpg?resize=350%2C200&ssl=1","width":350,"height":200,"srcset":"https:\/\/i0.wp.com\/ecobiolia.it\/wp-content\/uploads\/2022\/02\/Bamboolik-Inserto-Aggiuntivo-Lungo.jpg?resize=350%2C200&ssl=1 1x, https:\/\/i0.wp.com\/ecobiolia.it\/wp-content\/uploads\/2022\/02\/Bamboolik-Inserto-Aggiuntivo-Lungo.jpg?resize=525%2C300&ssl=1 1.5x, https:\/\/i0.wp.com\/ecobiolia.it\/wp-content\/uploads\/2022\/02\/Bamboolik-Inserto-Aggiuntivo-Lungo.jpg?resize=700%2C400&ssl=1 2x, https:\/\/i0.wp.com\/ecobiolia.it\/wp-content\/uploads\/2022\/02\/Bamboolik-Inserto-Aggiuntivo-Lungo.jpg?resize=1050%2C600&ssl=1 3x, https:\/\/i0.wp.com\/ecobiolia.it\/wp-content\/uploads\/2022\/02\/Bamboolik-Inserto-Aggiuntivo-Lungo.jpg?resize=1400%2C800&ssl=1 4x"},"classes":[]},{"id":1275,"url":"https:\/\/ecobiolia.it\/it_it\/prodotto\/bamboolik-linserto-pannolino-bamboo-pocket-sagomato\/","url_meta":{"origin":718,"position":2},"title":"Bamboolik &#8211; L\u2019Inserto Pannolino Bamboo Pocket. Set di Tre.","author":"Olga","date":"25 Febbraio 2022","format":false,"excerpt":"L\u2019Inserto Bamboo Pocket Sagomato \u00e8 lo strato assorbente essenziale per copripannolini Bamboolik sia copripannolino MiniMimi per neonati (3-6 kg), che copripannolino DUO (4-15kg) \u00a0e pu\u00f2 accompagnare il bambino dalla nascita fino al vasino. Va inserito nel copripannolino da solo o con un inserto corto \/ lungo per aumentare l'assorbenza.","rel":"","context":"Articolo simile","block_context":{"text":"Articolo simile","link":""},"img":{"alt_text":"","src":"https:\/\/i0.wp.com\/ecobiolia.it\/wp-content\/uploads\/2022\/02\/Bamboolik-Inserto-Sagomato.jpg?resize=350%2C200&ssl=1","width":350,"height":200,"srcset":"https:\/\/i0.wp.com\/ecobiolia.it\/wp-content\/uploads\/2022\/02\/Bamboolik-Inserto-Sagomato.jpg?resize=350%2C200&ssl=1 1x, https:\/\/i0.wp.com\/ecobiolia.it\/wp-content\/uploads\/2022\/02\/Bamboolik-Inserto-Sagomato.jpg?resize=525%2C300&ssl=1 1.5x, https:\/\/i0.wp.com\/ecobiolia.it\/wp-content\/uploads\/2022\/02\/Bamboolik-Inserto-Sagomato.jpg?resize=700%2C400&ssl=1 2x, https:\/\/i0.wp.com\/ecobiolia.it\/wp-content\/uploads\/2022\/02\/Bamboolik-Inserto-Sagomato.jpg?resize=1050%2C600&ssl=1 3x, https:\/\/i0.wp.com\/ecobiolia.it\/wp-content\/uploads\/2022\/02\/Bamboolik-Inserto-Sagomato.jpg?resize=1400%2C800&ssl=1 4x"},"classes":[]},{"id":1281,"url":"https:\/\/ecobiolia.it\/it_it\/prodotto\/bamboolik-linserto-pannolino-cotone-biologico-pocket\/","url_meta":{"origin":718,"position":3},"title":"Bamboolik &#8211; L\u2019Inserto Pannolino Cotone Biologico Pocket","author":"Olga","date":"26 Febbraio 2022","format":false,"excerpt":"L\u2019Inserto Pocket Sagomato in Cotone Organico \u00e8 l'inserto assorbente pi\u00f9 universale, utilizzabile per qualsiasi tipo di cambio del pannolino, per un bambino da 4 fino a 15 kg. Va inserito nel copripannolino da solo o con un inserto corto \/ lungo per aumentare l'assorbenza.","rel":"","context":"Articolo simile","block_context":{"text":"Articolo simile","link":""},"img":{"alt_text":"","src":"https:\/\/i0.wp.com\/ecobiolia.it\/wp-content\/uploads\/2022\/02\/Bamboolik-Inserto-Cotone-Organico-Sagomato.jpg?resize=350%2C200&ssl=1","width":350,"height":200,"srcset":"https:\/\/i0.wp.com\/ecobiolia.it\/wp-content\/uploads\/2022\/02\/Bamboolik-Inserto-Cotone-Organico-Sagomato.jpg?resize=350%2C200&ssl=1 1x, https:\/\/i0.wp.com\/ecobiolia.it\/wp-content\/uploads\/2022\/02\/Bamboolik-Inserto-Cotone-Organico-Sagomato.jpg?resize=525%2C300&ssl=1 1.5x, https:\/\/i0.wp.com\/ecobiolia.it\/wp-content\/uploads\/2022\/02\/Bamboolik-Inserto-Cotone-Organico-Sagomato.jpg?resize=700%2C400&ssl=1 2x, https:\/\/i0.wp.com\/ecobiolia.it\/wp-content\/uploads\/2022\/02\/Bamboolik-Inserto-Cotone-Organico-Sagomato.jpg?resize=1050%2C600&ssl=1 3x, https:\/\/i0.wp.com\/ecobiolia.it\/wp-content\/uploads\/2022\/02\/Bamboolik-Inserto-Cotone-Organico-Sagomato.jpg?resize=1400%2C800&ssl=1 4x"},"classes":[]},{"id":1105,"url":"https:\/\/ecobiolia.it\/it_it\/prodotto\/bamboolik-cover-copripannolino-impermeabile-lavabile\/","url_meta":{"origin":718,"position":4},"title":"Bamboolik &#8211; Cover Copripannolino Impermeabile Lavabile.","author":"Olga","date":"8 Febbraio 2022","format":false,"excerpt":"Cover Copripannolino Impermeabile Lavabile \u2014 strato impermeabile per pannolini di stoffa che trattiene i liquidi in modo sicuro. Chiusura con Bottoncini e a Strappo.","rel":"","context":"Articolo simile","block_context":{"text":"Articolo simile","link":""},"img":{"alt_text":"","src":"https:\/\/i0.wp.com\/ecobiolia.it\/wp-content\/uploads\/2022\/02\/Bamboolik-Cover-Strappo-Bottoni.jpg?resize=350%2C200&ssl=1","width":350,"height":200,"srcset":"https:\/\/i0.wp.com\/ecobiolia.it\/wp-content\/uploads\/2022\/02\/Bamboolik-Cover-Strappo-Bottoni.jpg?resize=350%2C200&ssl=1 1x, https:\/\/i0.wp.com\/ecobiolia.it\/wp-content\/uploads\/2022\/02\/Bamboolik-Cover-Strappo-Bottoni.jpg?resize=525%2C300&ssl=1 1.5x, https:\/\/i0.wp.com\/ecobiolia.it\/wp-content\/uploads\/2022\/02\/Bamboolik-Cover-Strappo-Bottoni.jpg?resize=700%2C400&ssl=1 2x, https:\/\/i0.wp.com\/ecobiolia.it\/wp-content\/uploads\/2022\/02\/Bamboolik-Cover-Strappo-Bottoni.jpg?resize=1050%2C600&ssl=1 3x, https:\/\/i0.wp.com\/ecobiolia.it\/wp-content\/uploads\/2022\/02\/Bamboolik-Cover-Strappo-Bottoni.jpg?resize=1400%2C800&ssl=1 4x"},"classes":[]},{"id":5819,"url":"https:\/\/ecobiolia.it\/it_it\/prodotto\/mutandine-da-apprendimento-impermeabili-in-pul-taglia-l\/","url_meta":{"origin":718,"position":5},"title":"Mutandine da Apprendimento Impermeabili in PUL &#8211; Taglia L","author":"Olga","date":"11 Settembre 2023","format":false,"excerpt":"Mutandine da Apprendimento Impermeabili in PUL impermeabile ma trasparente e\u00a0 jersey elastico in vita sono versatili, compatibili con qualsiasi tipo di inserto, pratiche e comodi. Il Jersey Elastico permette ai bambini di sentirsi grandi e abbassare da solo la mutandina. La possibilit\u00e0 di cambiare solo inserti e non tutta la\u2026","rel":"","context":"Articolo simile","block_context":{"text":"Articolo simile","link":""},"img":{"alt_text":"","src":"https:\/\/i0.wp.com\/ecobiolia.it\/wp-content\/uploads\/2022\/02\/Bamboolik-Mutandina-da-Apprendimento-Otters-in-Love.jpg?resize=350%2C200&ssl=1","width":350,"height":200,"srcset":"https:\/\/i0.wp.com\/ecobiolia.it\/wp-content\/uploads\/2022\/02\/Bamboolik-Mutandina-da-Apprendimento-Otters-in-Love.jpg?resize=350%2C200&ssl=1 1x, https:\/\/i0.wp.com\/ecobiolia.it\/wp-content\/uploads\/2022\/02\/Bamboolik-Mutandina-da-Apprendimento-Otters-in-Love.jpg?resize=525%2C300&ssl=1 1.5x, https:\/\/i0.wp.com\/ecobiolia.it\/wp-content\/uploads\/2022\/02\/Bamboolik-Mutandina-da-Apprendimento-Otters-in-Love.jpg?resize=700%2C400&ssl=1 2x, https:\/\/i0.wp.com\/ecobiolia.it\/wp-content\/uploads\/2022\/02\/Bamboolik-Mutandina-da-Apprendimento-Otters-in-Love.jpg?resize=1050%2C600&ssl=1 3x, https:\/\/i0.wp.com\/ecobiolia.it\/wp-content\/uploads\/2022\/02\/Bamboolik-Mutandina-da-Apprendimento-Otters-in-Love.jpg?resize=1400%2C800&ssl=1 4x"},"classes":[]}],"jetpack_sharing_enabled":true,"_links":{"self":[{"href":"https:\/\/ecobiolia.it\/it_it\/wp-json\/wp\/v2\/product\/718","targetHints":{"allow":["GET"]}}],"collection":[{"href":"https:\/\/ecobiolia.it\/it_it\/wp-json\/wp\/v2\/product"}],"about":[{"href":"https:\/\/ecobiolia.it\/it_it\/wp-json\/wp\/v2\/types\/product"}],"replies":[{"embeddable":true,"href":"https:\/\/ecobiolia.it\/it_it\/wp-json\/wp\/v2\/comments?post=718"}],"version-history":[{"count":1,"href":"https:\/\/ecobiolia.it\/it_it\/wp-json\/wp\/v2\/product\/718\/revisions"}],"predecessor-version":[{"id":6342,"href":"https:\/\/ecobiolia.it\/it_it\/wp-json\/wp\/v2\/product\/718\/revisions\/6342"}],"wp:featuredmedia":[{"embeddable":true,"href":"https:\/\/ecobiolia.it\/it_it\/wp-json\/wp\/v2\/media\/1017"}],"wp:attachment":[{"href":"https:\/\/ecobiolia.it\/it_it\/wp-json\/wp\/v2\/media?parent=718"}],"wp:term":[{"taxonomy":"product_brand","embeddable":true,"href":"https:\/\/ecobiolia.it\/it_it\/wp-json\/wp\/v2\/product_brand?post=718"},{"taxonomy":"product_cat","embeddable":true,"href":"https:\/\/ecobiolia.it\/it_it\/wp-json\/wp\/v2\/product_cat?post=718"},{"taxonomy":"product_tag","embeddable":true,"href":"https:\/\/ecobiolia.it\/it_it\/wp-json\/wp\/v2\/product_tag?post=718"}],"curies":[{"name":"wp","href":"https:\/\/api.w.org\/{rel}","templated":true}]}}