{"id":647,"date":"2021-11-06T15:57:12","date_gmt":"2021-11-06T15:57:12","guid":{"rendered":"https:\/\/ecobiolia.it\/?post_type=product&#038;p=647"},"modified":"2025-04-07T00:01:51","modified_gmt":"2025-04-07T00:01:51","slug":"bamboolik-pannolini-lavabili-pocket-bambu-con-inserto","status":"publish","type":"product","link":"https:\/\/ecobiolia.it\/it_it\/prodotto\/bamboolik-pannolini-lavabili-pocket-bambu-con-inserto\/","title":{"rendered":"Pannolini Lavabili Pocket Bamb\u00f9 con Inserto"},"content":{"rendered":"<p>RISPARMIO SUI PANNOLINI<\/p>\n<p>Il pannolino pu\u00f2 accompagnare il bambino dalla nascita (dai 4 kg di peso) fino al vasino (fino a 15 kg di peso) perch\u00e8 \u00e8 regolabile tramite i bottoncini e la chiusura con velcro.<\/p>\n<p>LA TASCA CAPIENTE \u00e8 IN BAMBOO<\/p>\n<p><a href=\"https:\/\/ecobiolia.it\/it_it\/blog\/quali-sono-i-materiali-e-tessuti-sostenibili\/\">Il bamb\u00f9<\/a> \u00e8 un materiale naturale, molto assorbente e traspirante. La tasca \u00e8 capiente e permette di aggiungere inserti aggiuntivi per aumentare l&#8217;assorbenza.<\/p>\n<p>BELLO DA INDOSSARE<\/p>\n<p>Il pannolino lavabile \u00e8 perfetto anche per essere mostrato e coordinato all&#8217;abbigliamento.<\/p>\n<p>PERFETTO PER BAMBINI MOLTO ATTIVI<\/p>\n<p>L\u2019inserto assorbente si fissa con un bottone dentro la tasca. Due canali rinforzati sulla tasca e la doppia barriera sulle cosce proteggono dalle fuoriuscite.<\/p>\n<p>IDEALE PER BAMBINI A CHI NON PIACE LA SENSAZIONE DI \u201cBAGNATO\u201d<\/p>\n<p>L\u2019inserto ha due lati: un lato \u00e8 di viscosa di bamb\u00f9; un altro lato \u00e8 Il materiale &#8220;Resta asciutto&#8221;. Nel caso in cui desideri che il bambino si senta asciutto anche con il pannolino bagnato, basta attaccare l&#8217;inserto in modo che appoggi sulla tasca con lo strato &#8220;Resta asciutto&#8221; che tocca la pelle del bambino.<\/p>\n<p>ASCIUGATURA RAPIDA<\/p>\n<p>Il pannolino pocket \u00e8 realizzato con diversi materiali: materiali naturali vanno a contatto con la pelle, materiali sintetici garantiscano sia buona assorbenza che asciugatura rapida.<\/p>\n<p>FACILE DA USARE<\/p>\n<p>Il pannolino pocket Bamboolik \u00e8 molto facile da utilizzare. Si usa come un pannolino usa e getta, ma solo che pannolino Bamboolik \u00e8 il pannolino riutilizzabile. Quindi pu\u00f2 essere usato anche nell&#8217;asilo nido.<\/p>\n<p><em>Aggiungi al carrello e fai il tuo bambino sentire naturale.<\/em><\/p>\n","protected":false},"excerpt":{"rendered":"<p>Pannolino Riutilizzabile Pocket Bamboo \u00e8 un pannolino <span class=\"d2edcug0 hpfvmrgz qv66sw1b c1et5uql lr9zc1uh a8c37x1j fe6kdd0r mau55g9w c8b282yb keod5gw0 nxhoafnm aigsh9s9 d3f4x2em iv3no6db jq4qci2q a3bd9o3v b1v8xokw oo9gr5id hzawbc8m\" dir=\"auto\">superiore<\/span> della linea pocket. Il pannolino Bamboolik \u00e8 creato per garantire la protezione delle fuoriuscite: due barriere, due canali e una tasca capiente per avere un pannolino di assorbenza giusta. In aggiunta il pannolino \u00e8 facile da usare, morbido al tatto, regolabile e si asciuga rapidamente.<\/p>\n","protected":false},"featured_media":1821,"comment_status":"open","ping_status":"closed","template":"","meta":[],"product_brand":[],"product_cat":[59,26,327,30],"product_tag":[],"class_list":{"0":"post-647","1":"product","2":"type-product","3":"status-publish","4":"has-post-thumbnail","6":"product_cat-pannolini-con-un-strato-resta-asciutto","7":"product_cat-punnolini-lavabili-e-accessori","8":"product_cat-pannolini-lavabili-ecologici","9":"product_cat-pannolini-pocket","11":"first","12":"instock","13":"taxable","14":"shipping-taxable","15":"purchasable","16":"product-type-variable"},"yoast_head":"<!-- This site is optimized with the Yoast SEO plugin v27.3 - https:\/\/yoast.com\/product\/yoast-seo-wordpress\/ -->\n<title>Pannolini Lavabili Pocket Bamb\u00f9 con Inserto - EcoBiOlia<\/title>\n<meta name=\"description\" content=\"Pannolino Riutilizzabile Pocket Bamb\u00f9 con Inserto Lungo Fissabile in Bamboo e un Strato \u201cResta Asciutto\u201d. Doppia Barriera. Produzione Europea.\" \/>\n<meta name=\"robots\" content=\"index, follow, max-snippet:-1, max-image-preview:large, max-video-preview:-1\" \/>\n<link rel=\"canonical\" href=\"https:\/\/ecobiolia.it\/it_it\/prodotto\/bamboolik-pannolini-lavabili-pocket-bambu-con-inserto\/\" \/>\n<meta property=\"og:locale\" content=\"it_IT\" \/>\n<meta property=\"og:type\" content=\"article\" \/>\n<meta property=\"og:title\" content=\"Pannolini Lavabili Pocket Bamboo con Inserto Lungo Fissabile\" \/>\n<meta property=\"og:description\" content=\"Pannolino Riutilizzabile Pocket Bamboo \u00e8 un pannolino revaluzionale della linea pocket.\" \/>\n<meta property=\"og:url\" content=\"https:\/\/ecobiolia.it\/it_it\/prodotto\/bamboolik-pannolini-lavabili-pocket-bambu-con-inserto\/\" \/>\n<meta property=\"og:site_name\" content=\"EcoBiOlia\" \/>\n<meta property=\"article:modified_time\" content=\"2025-04-07T00:01:51+00:00\" \/>\n<meta name=\"twitter:card\" content=\"summary_large_image\" \/>\n<meta name=\"twitter:title\" content=\"Pannolini Lavabili Pocket Bamboo con Inserto Lungo Fissabile\" \/>\n<meta name=\"twitter:description\" content=\"Pannolino Riutilizzabile Pocket Bamboo \u00e8 un pannolino revaluzionale della linea pocket.\" \/>\n<meta name=\"twitter:label1\" content=\"Tempo di lettura stimato\" \/>\n\t<meta name=\"twitter:data1\" content=\"2 minuti\" \/>\n<script type=\"application\/ld+json\" class=\"yoast-schema-graph\">{\"@context\":\"https:\\\/\\\/schema.org\",\"@graph\":[{\"@type\":\"WebPage\",\"@id\":\"https:\\\/\\\/ecobiolia.it\\\/prodotto\\\/bamboolik-pannolini-lavabili-pocket-bambu-con-inserto\\\/\",\"url\":\"https:\\\/\\\/ecobiolia.it\\\/prodotto\\\/bamboolik-pannolini-lavabili-pocket-bambu-con-inserto\\\/\",\"name\":\"Pannolini Lavabili Pocket Bamb\u00f9 con Inserto - EcoBiOlia\",\"isPartOf\":{\"@id\":\"https:\\\/\\\/ecobiolia.it\\\/it_it\\\/#website\"},\"primaryImageOfPage\":{\"@id\":\"https:\\\/\\\/ecobiolia.it\\\/prodotto\\\/bamboolik-pannolini-lavabili-pocket-bambu-con-inserto\\\/#primaryimage\"},\"image\":{\"@id\":\"https:\\\/\\\/ecobiolia.it\\\/prodotto\\\/bamboolik-pannolini-lavabili-pocket-bambu-con-inserto\\\/#primaryimage\"},\"thumbnailUrl\":\"https:\\\/\\\/ecobiolia.it\\\/wp-content\\\/uploads\\\/2021\\\/11\\\/00010076-scaled.jpg\",\"datePublished\":\"2021-11-06T15:57:12+00:00\",\"dateModified\":\"2025-04-07T00:01:51+00:00\",\"description\":\"Pannolino Riutilizzabile Pocket Bamb\u00f9 con Inserto Lungo Fissabile in Bamboo e un Strato \u201cResta Asciutto\u201d. Doppia Barriera. Produzione Europea.\",\"breadcrumb\":{\"@id\":\"https:\\\/\\\/ecobiolia.it\\\/prodotto\\\/bamboolik-pannolini-lavabili-pocket-bambu-con-inserto\\\/#breadcrumb\"},\"inLanguage\":\"it-IT\",\"potentialAction\":[{\"@type\":\"ReadAction\",\"target\":[\"https:\\\/\\\/ecobiolia.it\\\/prodotto\\\/bamboolik-pannolini-lavabili-pocket-bambu-con-inserto\\\/\"]}]},{\"@type\":\"ImageObject\",\"inLanguage\":\"it-IT\",\"@id\":\"https:\\\/\\\/ecobiolia.it\\\/prodotto\\\/bamboolik-pannolini-lavabili-pocket-bambu-con-inserto\\\/#primaryimage\",\"url\":\"https:\\\/\\\/ecobiolia.it\\\/wp-content\\\/uploads\\\/2021\\\/11\\\/00010076-scaled.jpg\",\"contentUrl\":\"https:\\\/\\\/ecobiolia.it\\\/wp-content\\\/uploads\\\/2021\\\/11\\\/00010076-scaled.jpg\",\"width\":2560,\"height\":1707},{\"@type\":\"BreadcrumbList\",\"@id\":\"https:\\\/\\\/ecobiolia.it\\\/prodotto\\\/bamboolik-pannolini-lavabili-pocket-bambu-con-inserto\\\/#breadcrumb\",\"itemListElement\":[{\"@type\":\"ListItem\",\"position\":1,\"name\":\"Home\",\"item\":\"https:\\\/\\\/ecobiolia.it\\\/\"},{\"@type\":\"ListItem\",\"position\":2,\"name\":\"Negozio\",\"item\":\"https:\\\/\\\/ecobiolia.it\\\/negozio\\\/\"},{\"@type\":\"ListItem\",\"position\":3,\"name\":\"Pannolini Lavabili Pocket Bamb\u00f9 con Inserto\"}]},{\"@type\":\"WebSite\",\"@id\":\"https:\\\/\\\/ecobiolia.it\\\/it_it\\\/#website\",\"url\":\"https:\\\/\\\/ecobiolia.it\\\/it_it\\\/\",\"name\":\"EcoBiOlia\",\"description\":\"Negozio Ecologico per Bambini e Adulti\",\"publisher\":{\"@id\":\"https:\\\/\\\/ecobiolia.it\\\/it_it\\\/#organization\"},\"potentialAction\":[{\"@type\":\"SearchAction\",\"target\":{\"@type\":\"EntryPoint\",\"urlTemplate\":\"https:\\\/\\\/ecobiolia.it\\\/it_it\\\/?s={search_term_string}\"},\"query-input\":{\"@type\":\"PropertyValueSpecification\",\"valueRequired\":true,\"valueName\":\"search_term_string\"}}],\"inLanguage\":\"it-IT\"},{\"@type\":\"Organization\",\"@id\":\"https:\\\/\\\/ecobiolia.it\\\/it_it\\\/#organization\",\"name\":\"EcoBiOlia\",\"url\":\"https:\\\/\\\/ecobiolia.it\\\/it_it\\\/\",\"logo\":{\"@type\":\"ImageObject\",\"inLanguage\":\"it-IT\",\"@id\":\"https:\\\/\\\/ecobiolia.it\\\/it_it\\\/#\\\/schema\\\/logo\\\/image\\\/\",\"url\":\"https:\\\/\\\/ecobiolia.it\\\/wp-content\\\/uploads\\\/2022\\\/04\\\/EcoBiOlia-Logo.png\",\"contentUrl\":\"https:\\\/\\\/ecobiolia.it\\\/wp-content\\\/uploads\\\/2022\\\/04\\\/EcoBiOlia-Logo.png\",\"width\":1772,\"height\":944,\"caption\":\"EcoBiOlia\"},\"image\":{\"@id\":\"https:\\\/\\\/ecobiolia.it\\\/it_it\\\/#\\\/schema\\\/logo\\\/image\\\/\"}}]}<\/script>\n<!-- \/ Yoast SEO plugin. -->","yoast_head_json":{"title":"Pannolini Lavabili Pocket Bamb\u00f9 con Inserto - EcoBiOlia","description":"Pannolino Riutilizzabile Pocket Bamb\u00f9 con Inserto Lungo Fissabile in Bamboo e un Strato \u201cResta Asciutto\u201d. Doppia Barriera. Produzione Europea.","robots":{"index":"index","follow":"follow","max-snippet":"max-snippet:-1","max-image-preview":"max-image-preview:large","max-video-preview":"max-video-preview:-1"},"canonical":"https:\/\/ecobiolia.it\/it_it\/prodotto\/bamboolik-pannolini-lavabili-pocket-bambu-con-inserto\/","og_locale":"it_IT","og_type":"article","og_title":"Pannolini Lavabili Pocket Bamboo con Inserto Lungo Fissabile","og_description":"Pannolino Riutilizzabile Pocket Bamboo \u00e8 un pannolino revaluzionale della linea pocket.","og_url":"https:\/\/ecobiolia.it\/it_it\/prodotto\/bamboolik-pannolini-lavabili-pocket-bambu-con-inserto\/","og_site_name":"EcoBiOlia","article_modified_time":"2025-04-07T00:01:51+00:00","twitter_card":"summary_large_image","twitter_title":"Pannolini Lavabili Pocket Bamboo con Inserto Lungo Fissabile","twitter_description":"Pannolino Riutilizzabile Pocket Bamboo \u00e8 un pannolino revaluzionale della linea pocket.","twitter_misc":{"Tempo di lettura stimato":"2 minuti"},"schema":{"@context":"https:\/\/schema.org","@graph":[{"@type":"WebPage","@id":"https:\/\/ecobiolia.it\/prodotto\/bamboolik-pannolini-lavabili-pocket-bambu-con-inserto\/","url":"https:\/\/ecobiolia.it\/prodotto\/bamboolik-pannolini-lavabili-pocket-bambu-con-inserto\/","name":"Pannolini Lavabili Pocket Bamb\u00f9 con Inserto - EcoBiOlia","isPartOf":{"@id":"https:\/\/ecobiolia.it\/it_it\/#website"},"primaryImageOfPage":{"@id":"https:\/\/ecobiolia.it\/prodotto\/bamboolik-pannolini-lavabili-pocket-bambu-con-inserto\/#primaryimage"},"image":{"@id":"https:\/\/ecobiolia.it\/prodotto\/bamboolik-pannolini-lavabili-pocket-bambu-con-inserto\/#primaryimage"},"thumbnailUrl":"https:\/\/ecobiolia.it\/wp-content\/uploads\/2021\/11\/00010076-scaled.jpg","datePublished":"2021-11-06T15:57:12+00:00","dateModified":"2025-04-07T00:01:51+00:00","description":"Pannolino Riutilizzabile Pocket Bamb\u00f9 con Inserto Lungo Fissabile in Bamboo e un Strato \u201cResta Asciutto\u201d. Doppia Barriera. Produzione Europea.","breadcrumb":{"@id":"https:\/\/ecobiolia.it\/prodotto\/bamboolik-pannolini-lavabili-pocket-bambu-con-inserto\/#breadcrumb"},"inLanguage":"it-IT","potentialAction":[{"@type":"ReadAction","target":["https:\/\/ecobiolia.it\/prodotto\/bamboolik-pannolini-lavabili-pocket-bambu-con-inserto\/"]}]},{"@type":"ImageObject","inLanguage":"it-IT","@id":"https:\/\/ecobiolia.it\/prodotto\/bamboolik-pannolini-lavabili-pocket-bambu-con-inserto\/#primaryimage","url":"https:\/\/ecobiolia.it\/wp-content\/uploads\/2021\/11\/00010076-scaled.jpg","contentUrl":"https:\/\/ecobiolia.it\/wp-content\/uploads\/2021\/11\/00010076-scaled.jpg","width":2560,"height":1707},{"@type":"BreadcrumbList","@id":"https:\/\/ecobiolia.it\/prodotto\/bamboolik-pannolini-lavabili-pocket-bambu-con-inserto\/#breadcrumb","itemListElement":[{"@type":"ListItem","position":1,"name":"Home","item":"https:\/\/ecobiolia.it\/"},{"@type":"ListItem","position":2,"name":"Negozio","item":"https:\/\/ecobiolia.it\/negozio\/"},{"@type":"ListItem","position":3,"name":"Pannolini Lavabili Pocket Bamb\u00f9 con Inserto"}]},{"@type":"WebSite","@id":"https:\/\/ecobiolia.it\/it_it\/#website","url":"https:\/\/ecobiolia.it\/it_it\/","name":"EcoBiOlia","description":"Negozio Ecologico per Bambini e Adulti","publisher":{"@id":"https:\/\/ecobiolia.it\/it_it\/#organization"},"potentialAction":[{"@type":"SearchAction","target":{"@type":"EntryPoint","urlTemplate":"https:\/\/ecobiolia.it\/it_it\/?s={search_term_string}"},"query-input":{"@type":"PropertyValueSpecification","valueRequired":true,"valueName":"search_term_string"}}],"inLanguage":"it-IT"},{"@type":"Organization","@id":"https:\/\/ecobiolia.it\/it_it\/#organization","name":"EcoBiOlia","url":"https:\/\/ecobiolia.it\/it_it\/","logo":{"@type":"ImageObject","inLanguage":"it-IT","@id":"https:\/\/ecobiolia.it\/it_it\/#\/schema\/logo\/image\/","url":"https:\/\/ecobiolia.it\/wp-content\/uploads\/2022\/04\/EcoBiOlia-Logo.png","contentUrl":"https:\/\/ecobiolia.it\/wp-content\/uploads\/2022\/04\/EcoBiOlia-Logo.png","width":1772,"height":944,"caption":"EcoBiOlia"},"image":{"@id":"https:\/\/ecobiolia.it\/it_it\/#\/schema\/logo\/image\/"}}]}},"jetpack-related-posts":[{"id":718,"url":"https:\/\/ecobiolia.it\/it_it\/prodotto\/bamboolik-pannolini-fitted-pocket-lavabili-con-inserto-cucito\/","url_meta":{"origin":647,"position":0},"title":"Bamboolik &#8211; Pannolini Fitted Pocket Lavabili con Inserto Cucito","author":"Olga","date":"7 Novembre 2021","format":false,"excerpt":"Pannolini ecologici aderenti di Bamboolik possono permettere al tuo bambino di rimanere asciutto tutta la notte anche con pannolino bagnato. La mutandina esterna dei pannolini fitted \u00e8 in materiale morbido e soffice. Morbidi elastici sulle gambe impediscono fuoriuscite e riducono al minimo segnetti. Pannolini ecologici sono creati con materiali certificati\u2026","rel":"","context":"Con 1 commento","block_context":{"text":"Con 1 commento","link":"https:\/\/ecobiolia.it\/it_it\/prodotto\/bamboolik-pannolini-fitted-pocket-lavabili-con-inserto-cucito\/#comments"},"img":{"alt_text":"","src":"https:\/\/i0.wp.com\/ecobiolia.it\/wp-content\/uploads\/2021\/11\/fitted3-1.png?resize=350%2C200&ssl=1","width":350,"height":200,"srcset":"https:\/\/i0.wp.com\/ecobiolia.it\/wp-content\/uploads\/2021\/11\/fitted3-1.png?resize=350%2C200&ssl=1 1x, https:\/\/i0.wp.com\/ecobiolia.it\/wp-content\/uploads\/2021\/11\/fitted3-1.png?resize=525%2C300&ssl=1 1.5x, https:\/\/i0.wp.com\/ecobiolia.it\/wp-content\/uploads\/2021\/11\/fitted3-1.png?resize=700%2C400&ssl=1 2x, https:\/\/i0.wp.com\/ecobiolia.it\/wp-content\/uploads\/2021\/11\/fitted3-1.png?resize=1050%2C600&ssl=1 3x, https:\/\/i0.wp.com\/ecobiolia.it\/wp-content\/uploads\/2021\/11\/fitted3-1.png?resize=1400%2C800&ssl=1 4x"},"classes":[]},{"id":1287,"url":"https:\/\/ecobiolia.it\/it_it\/prodotto\/bamboolik-linserto-pannolino-bamboo-lungo-set-di-tre\/","url_meta":{"origin":647,"position":1},"title":"L\u2019Inserto Pannolino Bamboo Lungo. Set di Tre.","author":"Olga","date":"26 Febbraio 2022","format":false,"excerpt":"L\u2019inserto lungo bamboo \u00e8 lo strato assorbente aggiuntivo per aumentare l'assorbenza ovunque ne hai bisogno. Da mettere nella tasca di un assorbente sagomato DUO, in un pannolino tascabile o nel pannolino lavabile pocket fitted night.","rel":"","context":"Articolo simile","block_context":{"text":"Articolo simile","link":""},"img":{"alt_text":"","src":"https:\/\/i0.wp.com\/ecobiolia.it\/wp-content\/uploads\/2022\/02\/Bamboolik-Inserto-Aggiuntivo-Lungo.jpg?resize=350%2C200&ssl=1","width":350,"height":200,"srcset":"https:\/\/i0.wp.com\/ecobiolia.it\/wp-content\/uploads\/2022\/02\/Bamboolik-Inserto-Aggiuntivo-Lungo.jpg?resize=350%2C200&ssl=1 1x, https:\/\/i0.wp.com\/ecobiolia.it\/wp-content\/uploads\/2022\/02\/Bamboolik-Inserto-Aggiuntivo-Lungo.jpg?resize=525%2C300&ssl=1 1.5x, https:\/\/i0.wp.com\/ecobiolia.it\/wp-content\/uploads\/2022\/02\/Bamboolik-Inserto-Aggiuntivo-Lungo.jpg?resize=700%2C400&ssl=1 2x, https:\/\/i0.wp.com\/ecobiolia.it\/wp-content\/uploads\/2022\/02\/Bamboolik-Inserto-Aggiuntivo-Lungo.jpg?resize=1050%2C600&ssl=1 3x, https:\/\/i0.wp.com\/ecobiolia.it\/wp-content\/uploads\/2022\/02\/Bamboolik-Inserto-Aggiuntivo-Lungo.jpg?resize=1400%2C800&ssl=1 4x"},"classes":[]},{"id":1275,"url":"https:\/\/ecobiolia.it\/it_it\/prodotto\/bamboolik-linserto-pannolino-bamboo-pocket-sagomato\/","url_meta":{"origin":647,"position":2},"title":"Bamboolik &#8211; L\u2019Inserto Pannolino Bamboo Pocket. Set di Tre.","author":"Olga","date":"25 Febbraio 2022","format":false,"excerpt":"L\u2019Inserto Bamboo Pocket Sagomato \u00e8 lo strato assorbente essenziale per copripannolini Bamboolik sia copripannolino MiniMimi per neonati (3-6 kg), che copripannolino DUO (4-15kg) \u00a0e pu\u00f2 accompagnare il bambino dalla nascita fino al vasino. Va inserito nel copripannolino da solo o con un inserto corto \/ lungo per aumentare l'assorbenza.","rel":"","context":"Articolo simile","block_context":{"text":"Articolo simile","link":""},"img":{"alt_text":"","src":"https:\/\/i0.wp.com\/ecobiolia.it\/wp-content\/uploads\/2022\/02\/Bamboolik-Inserto-Sagomato.jpg?resize=350%2C200&ssl=1","width":350,"height":200,"srcset":"https:\/\/i0.wp.com\/ecobiolia.it\/wp-content\/uploads\/2022\/02\/Bamboolik-Inserto-Sagomato.jpg?resize=350%2C200&ssl=1 1x, https:\/\/i0.wp.com\/ecobiolia.it\/wp-content\/uploads\/2022\/02\/Bamboolik-Inserto-Sagomato.jpg?resize=525%2C300&ssl=1 1.5x, https:\/\/i0.wp.com\/ecobiolia.it\/wp-content\/uploads\/2022\/02\/Bamboolik-Inserto-Sagomato.jpg?resize=700%2C400&ssl=1 2x, https:\/\/i0.wp.com\/ecobiolia.it\/wp-content\/uploads\/2022\/02\/Bamboolik-Inserto-Sagomato.jpg?resize=1050%2C600&ssl=1 3x, https:\/\/i0.wp.com\/ecobiolia.it\/wp-content\/uploads\/2022\/02\/Bamboolik-Inserto-Sagomato.jpg?resize=1400%2C800&ssl=1 4x"},"classes":[]},{"id":1281,"url":"https:\/\/ecobiolia.it\/it_it\/prodotto\/bamboolik-linserto-pannolino-cotone-biologico-pocket\/","url_meta":{"origin":647,"position":3},"title":"Bamboolik &#8211; L\u2019Inserto Pannolino Cotone Biologico Pocket","author":"Olga","date":"26 Febbraio 2022","format":false,"excerpt":"L\u2019Inserto Pocket Sagomato in Cotone Organico \u00e8 l'inserto assorbente pi\u00f9 universale, utilizzabile per qualsiasi tipo di cambio del pannolino, per un bambino da 4 fino a 15 kg. Va inserito nel copripannolino da solo o con un inserto corto \/ lungo per aumentare l'assorbenza.","rel":"","context":"Articolo simile","block_context":{"text":"Articolo simile","link":""},"img":{"alt_text":"","src":"https:\/\/i0.wp.com\/ecobiolia.it\/wp-content\/uploads\/2022\/02\/Bamboolik-Inserto-Cotone-Organico-Sagomato.jpg?resize=350%2C200&ssl=1","width":350,"height":200,"srcset":"https:\/\/i0.wp.com\/ecobiolia.it\/wp-content\/uploads\/2022\/02\/Bamboolik-Inserto-Cotone-Organico-Sagomato.jpg?resize=350%2C200&ssl=1 1x, https:\/\/i0.wp.com\/ecobiolia.it\/wp-content\/uploads\/2022\/02\/Bamboolik-Inserto-Cotone-Organico-Sagomato.jpg?resize=525%2C300&ssl=1 1.5x, https:\/\/i0.wp.com\/ecobiolia.it\/wp-content\/uploads\/2022\/02\/Bamboolik-Inserto-Cotone-Organico-Sagomato.jpg?resize=700%2C400&ssl=1 2x, https:\/\/i0.wp.com\/ecobiolia.it\/wp-content\/uploads\/2022\/02\/Bamboolik-Inserto-Cotone-Organico-Sagomato.jpg?resize=1050%2C600&ssl=1 3x, https:\/\/i0.wp.com\/ecobiolia.it\/wp-content\/uploads\/2022\/02\/Bamboolik-Inserto-Cotone-Organico-Sagomato.jpg?resize=1400%2C800&ssl=1 4x"},"classes":[]},{"id":1105,"url":"https:\/\/ecobiolia.it\/it_it\/prodotto\/bamboolik-cover-copripannolino-impermeabile-lavabile\/","url_meta":{"origin":647,"position":4},"title":"Bamboolik &#8211; Cover Copripannolino Impermeabile Lavabile.","author":"Olga","date":"8 Febbraio 2022","format":false,"excerpt":"Cover Copripannolino Impermeabile Lavabile \u2014 strato impermeabile per pannolini di stoffa che trattiene i liquidi in modo sicuro. Chiusura con Bottoncini e a Strappo.","rel":"","context":"Articolo simile","block_context":{"text":"Articolo simile","link":""},"img":{"alt_text":"","src":"https:\/\/i0.wp.com\/ecobiolia.it\/wp-content\/uploads\/2022\/02\/Bamboolik-Cover-Strappo-Bottoni.jpg?resize=350%2C200&ssl=1","width":350,"height":200,"srcset":"https:\/\/i0.wp.com\/ecobiolia.it\/wp-content\/uploads\/2022\/02\/Bamboolik-Cover-Strappo-Bottoni.jpg?resize=350%2C200&ssl=1 1x, https:\/\/i0.wp.com\/ecobiolia.it\/wp-content\/uploads\/2022\/02\/Bamboolik-Cover-Strappo-Bottoni.jpg?resize=525%2C300&ssl=1 1.5x, https:\/\/i0.wp.com\/ecobiolia.it\/wp-content\/uploads\/2022\/02\/Bamboolik-Cover-Strappo-Bottoni.jpg?resize=700%2C400&ssl=1 2x, https:\/\/i0.wp.com\/ecobiolia.it\/wp-content\/uploads\/2022\/02\/Bamboolik-Cover-Strappo-Bottoni.jpg?resize=1050%2C600&ssl=1 3x, https:\/\/i0.wp.com\/ecobiolia.it\/wp-content\/uploads\/2022\/02\/Bamboolik-Cover-Strappo-Bottoni.jpg?resize=1400%2C800&ssl=1 4x"},"classes":[]},{"id":5819,"url":"https:\/\/ecobiolia.it\/it_it\/prodotto\/mutandine-da-apprendimento-impermeabili-in-pul-taglia-l\/","url_meta":{"origin":647,"position":5},"title":"Mutandine da Apprendimento Impermeabili in PUL &#8211; Taglia L","author":"Olga","date":"11 Settembre 2023","format":false,"excerpt":"Mutandine da Apprendimento Impermeabili in PUL impermeabile ma trasparente e\u00a0 jersey elastico in vita sono versatili, compatibili con qualsiasi tipo di inserto, pratiche e comodi. Il Jersey Elastico permette ai bambini di sentirsi grandi e abbassare da solo la mutandina. La possibilit\u00e0 di cambiare solo inserti e non tutta la\u2026","rel":"","context":"Articolo simile","block_context":{"text":"Articolo simile","link":""},"img":{"alt_text":"","src":"https:\/\/i0.wp.com\/ecobiolia.it\/wp-content\/uploads\/2022\/02\/Bamboolik-Mutandina-da-Apprendimento-Otters-in-Love.jpg?resize=350%2C200&ssl=1","width":350,"height":200,"srcset":"https:\/\/i0.wp.com\/ecobiolia.it\/wp-content\/uploads\/2022\/02\/Bamboolik-Mutandina-da-Apprendimento-Otters-in-Love.jpg?resize=350%2C200&ssl=1 1x, https:\/\/i0.wp.com\/ecobiolia.it\/wp-content\/uploads\/2022\/02\/Bamboolik-Mutandina-da-Apprendimento-Otters-in-Love.jpg?resize=525%2C300&ssl=1 1.5x, https:\/\/i0.wp.com\/ecobiolia.it\/wp-content\/uploads\/2022\/02\/Bamboolik-Mutandina-da-Apprendimento-Otters-in-Love.jpg?resize=700%2C400&ssl=1 2x, https:\/\/i0.wp.com\/ecobiolia.it\/wp-content\/uploads\/2022\/02\/Bamboolik-Mutandina-da-Apprendimento-Otters-in-Love.jpg?resize=1050%2C600&ssl=1 3x, https:\/\/i0.wp.com\/ecobiolia.it\/wp-content\/uploads\/2022\/02\/Bamboolik-Mutandina-da-Apprendimento-Otters-in-Love.jpg?resize=1400%2C800&ssl=1 4x"},"classes":[]}],"jetpack_sharing_enabled":true,"_links":{"self":[{"href":"https:\/\/ecobiolia.it\/it_it\/wp-json\/wp\/v2\/product\/647","targetHints":{"allow":["GET"]}}],"collection":[{"href":"https:\/\/ecobiolia.it\/it_it\/wp-json\/wp\/v2\/product"}],"about":[{"href":"https:\/\/ecobiolia.it\/it_it\/wp-json\/wp\/v2\/types\/product"}],"replies":[{"embeddable":true,"href":"https:\/\/ecobiolia.it\/it_it\/wp-json\/wp\/v2\/comments?post=647"}],"version-history":[{"count":1,"href":"https:\/\/ecobiolia.it\/it_it\/wp-json\/wp\/v2\/product\/647\/revisions"}],"predecessor-version":[{"id":6409,"href":"https:\/\/ecobiolia.it\/it_it\/wp-json\/wp\/v2\/product\/647\/revisions\/6409"}],"wp:featuredmedia":[{"embeddable":true,"href":"https:\/\/ecobiolia.it\/it_it\/wp-json\/wp\/v2\/media\/1821"}],"wp:attachment":[{"href":"https:\/\/ecobiolia.it\/it_it\/wp-json\/wp\/v2\/media?parent=647"}],"wp:term":[{"taxonomy":"product_brand","embeddable":true,"href":"https:\/\/ecobiolia.it\/it_it\/wp-json\/wp\/v2\/product_brand?post=647"},{"taxonomy":"product_cat","embeddable":true,"href":"https:\/\/ecobiolia.it\/it_it\/wp-json\/wp\/v2\/product_cat?post=647"},{"taxonomy":"product_tag","embeddable":true,"href":"https:\/\/ecobiolia.it\/it_it\/wp-json\/wp\/v2\/product_tag?post=647"}],"curies":[{"name":"wp","href":"https:\/\/api.w.org\/{rel}","templated":true}]}}