{"id":6236,"date":"2024-09-22T18:31:05","date_gmt":"2024-09-22T18:31:05","guid":{"rendered":"https:\/\/ecobiolia.it\/?post_type=product&#038;p=6236"},"modified":"2026-03-29T19:06:37","modified_gmt":"2026-03-29T19:06:37","slug":"spazzola-per-crosta-lattea-e-cappelli-con-mussola","status":"publish","type":"product","link":"https:\/\/ecobiolia.it\/it_it\/prodotto\/spazzola-per-crosta-lattea-e-cappelli-con-mussola\/","title":{"rendered":"Spazzola per Crosta Lattea e Cappelli con Mussola"},"content":{"rendered":"<p><em>Spazzola per Crosta Lattea e Cappelli con Mussola<\/em><\/p>\n<p><strong><span class=\"VIiyi\" lang=\"it\"><span class=\"JLqJ4b\" data-language-for-alternatives=\"it\" data-language-to-translate-into=\"en\" data-phrase-index=\"0\" data-number-of-phrases=\"1\"><span class=\"Q4iAWc\">setole naturali<\/span><\/span><\/span>: <\/strong><span class=\"VIiyi\" lang=\"it\"><span class=\"JLqJ4b\" data-language-for-alternatives=\"it\" data-language-to-translate-into=\"en\" data-phrase-index=\"0\" data-number-of-phrases=\"1\"><span class=\"Q4iAWc\">naturale e super morbida, ha la durezza perfetta per la pelle sensibile del bambino, ideale per il massaggio del cuoio capelluto.<\/span><\/span><\/span><\/p>\n<p><strong><span class=\"VIiyi\" lang=\"it\"><span class=\"JLqJ4b\" data-language-for-alternatives=\"it\" data-language-to-translate-into=\"en\" data-phrase-index=\"0\" data-number-of-phrases=\"1\"><span class=\"Q4iAWc\">pettina capelli:\u00a0 <\/span><\/span><\/span><\/strong><span class=\"VIiyi\" lang=\"it\"><span class=\"JLqJ4b\" data-language-for-alternatives=\"it\" data-language-to-translate-into=\"en\" data-phrase-index=\"0\" data-number-of-phrases=\"1\"><span class=\"Q4iAWc\">pettina <\/span><\/span><\/span><span class=\"VIiyi\" lang=\"it\"><span class=\"JLqJ4b\" data-language-for-alternatives=\"it\" data-language-to-translate-into=\"en\" data-phrase-index=\"0\" data-number-of-phrases=\"1\"><span class=\"Q4iAWc\">i capelli e <\/span><\/span><\/span><span class=\"VIiyi\" lang=\"it\"><span class=\"JLqJ4b\" data-language-for-alternatives=\"it\" data-language-to-translate-into=\"en\" data-phrase-index=\"0\" data-number-of-phrases=\"1\"><span class=\"Q4iAWc\">aiuta a rafforzare i follicoli piliferi<\/span><\/span><\/span><strong><span class=\"VIiyi\" lang=\"it\"><span class=\"JLqJ4b\" data-language-for-alternatives=\"it\" data-language-to-translate-into=\"en\" data-phrase-index=\"0\" data-number-of-phrases=\"1\"><span class=\"Q4iAWc\"><br \/>\n<\/span><\/span><\/span><\/strong><\/p>\n<p><strong>massaggio:<\/strong> <span class=\"VIiyi\" lang=\"it\"><span class=\"JLqJ4b\" data-language-for-alternatives=\"it\" data-language-to-translate-into=\"en\" data-phrase-index=\"0\" data-number-of-phrases=\"1\"><span class=\"Q4iAWc\">massaggia e stimola il cuoio capelluto, aumenta la circolazione sanguigna e aiuta a rafforzare i follicoli piliferi<\/span><\/span><\/span><\/p>\n<p><span class=\"VIiyi\" lang=\"it\"><span class=\"JLqJ4b\" data-language-for-alternatives=\"it\" data-language-to-translate-into=\"en\" data-phrase-index=\"0\" data-number-of-phrases=\"1\"><span class=\"Q4iAWc\"><strong>manico in legno: <\/strong>comodo da impugnare e offre una sensazione calda e piacevole <\/span><\/span><\/span><\/p>\n<p><strong>una mussola in bamb\u00f9: <\/strong>utile nella cura quotidiana del bambino,<br \/>\n&#8211; per lavare neonato<br \/>\n&#8211; panno protettivo per il rigurgito<br \/>\n&#8211; panno protettivo da mettere sotto la testa del bambino in culla, lettino o carrozzina.<\/p>\n<p><span class=\"VIiyi\" lang=\"it\"><span class=\"JLqJ4b\" data-language-for-alternatives=\"it\" data-language-to-translate-into=\"en\" data-phrase-index=\"0\" data-number-of-phrases=\"1\"><span class=\"Q4iAWc\">Dimensioni (mussola): 40&#215;40 cm <\/span><\/span><\/span><\/p>\n<p><span class=\"VIiyi\" lang=\"it\"><span class=\"JLqJ4b\" data-language-for-alternatives=\"it\" data-language-to-translate-into=\"en\" data-phrase-index=\"0\" data-number-of-phrases=\"1\"><span class=\"Q4iAWc\">Materiale: <\/span><\/span><\/span><\/p>\n<p><span class=\"VIiyi\" lang=\"it\"><span class=\"JLqJ4b\" data-language-for-alternatives=\"it\" data-language-to-translate-into=\"en\" data-phrase-index=\"0\" data-number-of-phrases=\"1\"><span class=\"Q4iAWc\">\u00a0\u00a0\u00a0\u00a0\u00a0\u00a0\u00a0\u00a0\u00a0\u00a0\u00a0 La spazzola: Setoli naturali, manico in legno <\/span><\/span><\/span><\/p>\n<p><span class=\"VIiyi\" lang=\"it\"><span class=\"JLqJ4b\" data-language-for-alternatives=\"it\" data-language-to-translate-into=\"en\" data-phrase-index=\"0\" data-number-of-phrases=\"1\"><span class=\"Q4iAWc\">\u00a0\u00a0\u00a0\u00a0\u00a0\u00a0\u00a0\u00a0\u00a0\u00a0\u00a0 Mussola: 60% viscosa di bamb\u00f9, 40% cotone <\/span><\/span><\/span><\/p>\n<p><span class=\"VIiyi\" lang=\"it\"><span class=\"JLqJ4b\" data-language-for-alternatives=\"it\" data-language-to-translate-into=\"en\" data-phrase-index=\"0\" data-number-of-phrases=\"1\"><span class=\"Q4iAWc\">La spazzola per capelli pu\u00f2 essere pulita pettinando, evitare il contatto con l&#8217;acqua. <\/span><\/span><\/span><\/p>\n<p><span class=\"VIiyi\" lang=\"it\"><span class=\"JLqJ4b\" data-language-for-alternatives=\"it\" data-language-to-translate-into=\"en\" data-phrase-index=\"0\" data-number-of-phrases=\"1\"><span class=\"Q4iAWc\">La mussola \u00e8 lavabile in lavatrice a 40\u00b0C. <\/span><\/span><\/span><\/p>\n<p><span class=\"HwtZe\" lang=\"it\"><span class=\"jCAhz ChMk0b\"><span class=\"ryNqvb\">Le materie prime da cui \u00e8 realizzato il prodotto hanno il pi\u00f9 alto certificato Oeko-Tex standard 100, che garantisce la sicurezza dell&#8217;uso del prodotto da parte dei bambini.<\/span><\/span> <\/span><\/p>\n<p><span class=\"HwtZe\" lang=\"it\"><span class=\"jCAhz ChMk0b\"><span class=\"ryNqvb\">Nota: i colori nelle immagini potrebbero differire leggermente dai colori reali.<\/span><\/span> <span class=\"jCAhz ChMk0b\"><span class=\"ryNqvb\">Foto illustrativa.<\/span><\/span> <span class=\"jCAhz ChMk0b\"><span class=\"ryNqvb\">La disposizione del motivo\/stampa pu\u00f2 differire da quella mostrata nell&#8217;immagine.<\/span><\/span> <span class=\"jCAhz ChMk0b\"><span class=\"ryNqvb\">Ci\u00f2 \u00e8 dovuto al taglio e al cucito.<\/span><\/span> <\/span><\/p>\n<p><em><span class=\"VIiyi\" lang=\"it\"><span class=\"JLqJ4b\" data-language-for-alternatives=\"it\" data-language-to-translate-into=\"en\" data-phrase-index=\"0\" data-number-of-phrases=\"1\"><span class=\"Q4iAWc\">Si prega di notare che non possiamo accettare resi di spazzole per capelli in quanto rientrano nella categoria di prodotti intimi, sanitari e igienici, articoli per la salute e la cura della persona.<\/span><\/span><\/span><\/em><\/p>\n","protected":false},"excerpt":{"rendered":"<p><span class=\"VIiyi\" lang=\"it\"><span class=\"JLqJ4b\" data-language-for-alternatives=\"it\" data-language-to-translate-into=\"en\" data-phrase-index=\"0\" data-number-of-phrases=\"1\"><span class=\"Q4iAWc\"><span class=\"HwtZe\" lang=\"it\"><span class=\"jCAhz ChMk0b\"><span class=\"ryNqvb\">Spazzola per bambini e neonati in setole naturali con manico in legno in set con pratica mussola di bamb\u00f9.<\/span><\/span> <span class=\"jCAhz ChMk0b\"><span class=\"ryNqvb\">Una spazzola di piccole dimensioni con setole naturali con un grado di durezza ideale adatto alla pelle dei bambini.<\/span><\/span> <span class=\"jCAhz ChMk0b\"><span class=\"ryNqvb\">Pettina e massaggia perfettamente il cuoio capelluto, aiutando con la crosta lattea.<\/span><\/span> <span class=\"jCAhz ChMk0b\"><span class=\"ryNqvb\">Utile per districare i nodi.<\/span><\/span> <span class=\"jCAhz ChMk0b\"><span class=\"ryNqvb\">Completo di una delicata mussola, che sar\u00e0 perfetta per la cura quotidiana del tuo bambino.<\/span><\/span><\/span><\/span><\/span><\/span><\/p>\n","protected":false},"featured_media":6137,"comment_status":"open","ping_status":"closed","template":"","meta":[],"product_brand":[],"product_cat":[44,343,71],"product_tag":[],"class_list":{"0":"post-6236","1":"product","2":"type-product","3":"status-publish","4":"has-post-thumbnail","6":"product_cat-prodotti-per-infanzia","7":"product_cat-spazzola","8":"product_cat-spazzola-per-neonati-e-bambini","10":"first","11":"instock","12":"taxable","13":"shipping-taxable","14":"purchasable","15":"product-type-variable"},"yoast_head":"<!-- This site is optimized with the Yoast SEO plugin v27.3 - https:\/\/yoast.com\/product\/yoast-seo-wordpress\/ -->\n<title>Spazzola per Crosta Lattea e Cappelli con Mussola - EcoBiOlia<\/title>\n<meta name=\"description\" content=\"Spazzola per bambini e neonati in setole naturali con manico in legno. Pettina e massaggia perfettamente il cuoio capelluto, aiutando con la crosta lattea.\" \/>\n<meta name=\"robots\" content=\"index, follow, max-snippet:-1, max-image-preview:large, max-video-preview:-1\" \/>\n<link rel=\"canonical\" href=\"https:\/\/ecobiolia.it\/it_it\/prodotto\/spazzola-per-crosta-lattea-e-cappelli-con-mussola\/\" \/>\n<meta property=\"og:locale\" content=\"it_IT\" \/>\n<meta property=\"og:type\" content=\"article\" \/>\n<meta property=\"og:title\" content=\"Spazzola per Crosta Lattea e Cappelli con Mussola - EcoBiOlia\" \/>\n<meta property=\"og:description\" content=\"Spazzola per bambini e neonati in setole naturali con manico in legno. Pettina e massaggia perfettamente il cuoio capelluto, aiutando con la crosta lattea.\" \/>\n<meta property=\"og:url\" content=\"https:\/\/ecobiolia.it\/it_it\/prodotto\/spazzola-per-crosta-lattea-e-cappelli-con-mussola\/\" \/>\n<meta property=\"og:site_name\" content=\"EcoBiOlia\" \/>\n<meta property=\"article:modified_time\" content=\"2026-03-29T19:06:37+00:00\" \/>\n<meta property=\"og:image\" content=\"https:\/\/ecobiolia.it\/wp-content\/uploads\/2022\/06\/Spazzola-di-capra.jpg\" \/>\n\t<meta property=\"og:image:width\" content=\"1600\" \/>\n\t<meta property=\"og:image:height\" content=\"1423\" \/>\n\t<meta property=\"og:image:type\" content=\"image\/jpeg\" \/>\n<meta name=\"twitter:card\" content=\"summary_large_image\" \/>\n<meta name=\"twitter:label1\" content=\"Tempo di lettura stimato\" \/>\n\t<meta name=\"twitter:data1\" content=\"2 minuti\" \/>\n<script type=\"application\/ld+json\" class=\"yoast-schema-graph\">{\"@context\":\"https:\\\/\\\/schema.org\",\"@graph\":[{\"@type\":\"WebPage\",\"@id\":\"https:\\\/\\\/ecobiolia.it\\\/prodotto\\\/spazzola-per-crosta-lattea-e-cappelli-con-mussola\\\/\",\"url\":\"https:\\\/\\\/ecobiolia.it\\\/prodotto\\\/spazzola-per-crosta-lattea-e-cappelli-con-mussola\\\/\",\"name\":\"Spazzola per Crosta Lattea e Cappelli con Mussola - EcoBiOlia\",\"isPartOf\":{\"@id\":\"https:\\\/\\\/ecobiolia.it\\\/it_it\\\/#website\"},\"primaryImageOfPage\":{\"@id\":\"https:\\\/\\\/ecobiolia.it\\\/prodotto\\\/spazzola-per-crosta-lattea-e-cappelli-con-mussola\\\/#primaryimage\"},\"image\":{\"@id\":\"https:\\\/\\\/ecobiolia.it\\\/prodotto\\\/spazzola-per-crosta-lattea-e-cappelli-con-mussola\\\/#primaryimage\"},\"thumbnailUrl\":\"https:\\\/\\\/ecobiolia.it\\\/wp-content\\\/uploads\\\/2022\\\/06\\\/Spazzola-di-capra.jpg\",\"datePublished\":\"2024-09-22T18:31:05+00:00\",\"dateModified\":\"2026-03-29T19:06:37+00:00\",\"description\":\"Spazzola per bambini e neonati in setole naturali con manico in legno. Pettina e massaggia perfettamente il cuoio capelluto, aiutando con la crosta lattea.\",\"breadcrumb\":{\"@id\":\"https:\\\/\\\/ecobiolia.it\\\/prodotto\\\/spazzola-per-crosta-lattea-e-cappelli-con-mussola\\\/#breadcrumb\"},\"inLanguage\":\"it-IT\",\"potentialAction\":[{\"@type\":\"ReadAction\",\"target\":[\"https:\\\/\\\/ecobiolia.it\\\/prodotto\\\/spazzola-per-crosta-lattea-e-cappelli-con-mussola\\\/\"]}]},{\"@type\":\"ImageObject\",\"inLanguage\":\"it-IT\",\"@id\":\"https:\\\/\\\/ecobiolia.it\\\/prodotto\\\/spazzola-per-crosta-lattea-e-cappelli-con-mussola\\\/#primaryimage\",\"url\":\"https:\\\/\\\/ecobiolia.it\\\/wp-content\\\/uploads\\\/2022\\\/06\\\/Spazzola-di-capra.jpg\",\"contentUrl\":\"https:\\\/\\\/ecobiolia.it\\\/wp-content\\\/uploads\\\/2022\\\/06\\\/Spazzola-di-capra.jpg\",\"width\":1600,\"height\":1423},{\"@type\":\"BreadcrumbList\",\"@id\":\"https:\\\/\\\/ecobiolia.it\\\/prodotto\\\/spazzola-per-crosta-lattea-e-cappelli-con-mussola\\\/#breadcrumb\",\"itemListElement\":[{\"@type\":\"ListItem\",\"position\":1,\"name\":\"Home\",\"item\":\"https:\\\/\\\/ecobiolia.it\\\/\"},{\"@type\":\"ListItem\",\"position\":2,\"name\":\"Negozio\",\"item\":\"https:\\\/\\\/ecobiolia.it\\\/negozio\\\/\"},{\"@type\":\"ListItem\",\"position\":3,\"name\":\"Spazzola per Crosta Lattea e Cappelli con Mussola\"}]},{\"@type\":\"WebSite\",\"@id\":\"https:\\\/\\\/ecobiolia.it\\\/it_it\\\/#website\",\"url\":\"https:\\\/\\\/ecobiolia.it\\\/it_it\\\/\",\"name\":\"EcoBiOlia\",\"description\":\"Negozio Ecologico per Bambini e Adulti\",\"publisher\":{\"@id\":\"https:\\\/\\\/ecobiolia.it\\\/it_it\\\/#organization\"},\"potentialAction\":[{\"@type\":\"SearchAction\",\"target\":{\"@type\":\"EntryPoint\",\"urlTemplate\":\"https:\\\/\\\/ecobiolia.it\\\/it_it\\\/?s={search_term_string}\"},\"query-input\":{\"@type\":\"PropertyValueSpecification\",\"valueRequired\":true,\"valueName\":\"search_term_string\"}}],\"inLanguage\":\"it-IT\"},{\"@type\":\"Organization\",\"@id\":\"https:\\\/\\\/ecobiolia.it\\\/it_it\\\/#organization\",\"name\":\"EcoBiOlia\",\"url\":\"https:\\\/\\\/ecobiolia.it\\\/it_it\\\/\",\"logo\":{\"@type\":\"ImageObject\",\"inLanguage\":\"it-IT\",\"@id\":\"https:\\\/\\\/ecobiolia.it\\\/it_it\\\/#\\\/schema\\\/logo\\\/image\\\/\",\"url\":\"https:\\\/\\\/ecobiolia.it\\\/wp-content\\\/uploads\\\/2022\\\/04\\\/EcoBiOlia-Logo.png\",\"contentUrl\":\"https:\\\/\\\/ecobiolia.it\\\/wp-content\\\/uploads\\\/2022\\\/04\\\/EcoBiOlia-Logo.png\",\"width\":1772,\"height\":944,\"caption\":\"EcoBiOlia\"},\"image\":{\"@id\":\"https:\\\/\\\/ecobiolia.it\\\/it_it\\\/#\\\/schema\\\/logo\\\/image\\\/\"}}]}<\/script>\n<!-- \/ Yoast SEO plugin. -->","yoast_head_json":{"title":"Spazzola per Crosta Lattea e Cappelli con Mussola - EcoBiOlia","description":"Spazzola per bambini e neonati in setole naturali con manico in legno. Pettina e massaggia perfettamente il cuoio capelluto, aiutando con la crosta lattea.","robots":{"index":"index","follow":"follow","max-snippet":"max-snippet:-1","max-image-preview":"max-image-preview:large","max-video-preview":"max-video-preview:-1"},"canonical":"https:\/\/ecobiolia.it\/it_it\/prodotto\/spazzola-per-crosta-lattea-e-cappelli-con-mussola\/","og_locale":"it_IT","og_type":"article","og_title":"Spazzola per Crosta Lattea e Cappelli con Mussola - EcoBiOlia","og_description":"Spazzola per bambini e neonati in setole naturali con manico in legno. Pettina e massaggia perfettamente il cuoio capelluto, aiutando con la crosta lattea.","og_url":"https:\/\/ecobiolia.it\/it_it\/prodotto\/spazzola-per-crosta-lattea-e-cappelli-con-mussola\/","og_site_name":"EcoBiOlia","article_modified_time":"2026-03-29T19:06:37+00:00","og_image":[{"width":1600,"height":1423,"url":"https:\/\/ecobiolia.it\/wp-content\/uploads\/2022\/06\/Spazzola-di-capra.jpg","type":"image\/jpeg"}],"twitter_card":"summary_large_image","twitter_misc":{"Tempo di lettura stimato":"2 minuti"},"schema":{"@context":"https:\/\/schema.org","@graph":[{"@type":"WebPage","@id":"https:\/\/ecobiolia.it\/prodotto\/spazzola-per-crosta-lattea-e-cappelli-con-mussola\/","url":"https:\/\/ecobiolia.it\/prodotto\/spazzola-per-crosta-lattea-e-cappelli-con-mussola\/","name":"Spazzola per Crosta Lattea e Cappelli con Mussola - EcoBiOlia","isPartOf":{"@id":"https:\/\/ecobiolia.it\/it_it\/#website"},"primaryImageOfPage":{"@id":"https:\/\/ecobiolia.it\/prodotto\/spazzola-per-crosta-lattea-e-cappelli-con-mussola\/#primaryimage"},"image":{"@id":"https:\/\/ecobiolia.it\/prodotto\/spazzola-per-crosta-lattea-e-cappelli-con-mussola\/#primaryimage"},"thumbnailUrl":"https:\/\/ecobiolia.it\/wp-content\/uploads\/2022\/06\/Spazzola-di-capra.jpg","datePublished":"2024-09-22T18:31:05+00:00","dateModified":"2026-03-29T19:06:37+00:00","description":"Spazzola per bambini e neonati in setole naturali con manico in legno. Pettina e massaggia perfettamente il cuoio capelluto, aiutando con la crosta lattea.","breadcrumb":{"@id":"https:\/\/ecobiolia.it\/prodotto\/spazzola-per-crosta-lattea-e-cappelli-con-mussola\/#breadcrumb"},"inLanguage":"it-IT","potentialAction":[{"@type":"ReadAction","target":["https:\/\/ecobiolia.it\/prodotto\/spazzola-per-crosta-lattea-e-cappelli-con-mussola\/"]}]},{"@type":"ImageObject","inLanguage":"it-IT","@id":"https:\/\/ecobiolia.it\/prodotto\/spazzola-per-crosta-lattea-e-cappelli-con-mussola\/#primaryimage","url":"https:\/\/ecobiolia.it\/wp-content\/uploads\/2022\/06\/Spazzola-di-capra.jpg","contentUrl":"https:\/\/ecobiolia.it\/wp-content\/uploads\/2022\/06\/Spazzola-di-capra.jpg","width":1600,"height":1423},{"@type":"BreadcrumbList","@id":"https:\/\/ecobiolia.it\/prodotto\/spazzola-per-crosta-lattea-e-cappelli-con-mussola\/#breadcrumb","itemListElement":[{"@type":"ListItem","position":1,"name":"Home","item":"https:\/\/ecobiolia.it\/"},{"@type":"ListItem","position":2,"name":"Negozio","item":"https:\/\/ecobiolia.it\/negozio\/"},{"@type":"ListItem","position":3,"name":"Spazzola per Crosta Lattea e Cappelli con Mussola"}]},{"@type":"WebSite","@id":"https:\/\/ecobiolia.it\/it_it\/#website","url":"https:\/\/ecobiolia.it\/it_it\/","name":"EcoBiOlia","description":"Negozio Ecologico per Bambini e Adulti","publisher":{"@id":"https:\/\/ecobiolia.it\/it_it\/#organization"},"potentialAction":[{"@type":"SearchAction","target":{"@type":"EntryPoint","urlTemplate":"https:\/\/ecobiolia.it\/it_it\/?s={search_term_string}"},"query-input":{"@type":"PropertyValueSpecification","valueRequired":true,"valueName":"search_term_string"}}],"inLanguage":"it-IT"},{"@type":"Organization","@id":"https:\/\/ecobiolia.it\/it_it\/#organization","name":"EcoBiOlia","url":"https:\/\/ecobiolia.it\/it_it\/","logo":{"@type":"ImageObject","inLanguage":"it-IT","@id":"https:\/\/ecobiolia.it\/it_it\/#\/schema\/logo\/image\/","url":"https:\/\/ecobiolia.it\/wp-content\/uploads\/2022\/04\/EcoBiOlia-Logo.png","contentUrl":"https:\/\/ecobiolia.it\/wp-content\/uploads\/2022\/04\/EcoBiOlia-Logo.png","width":1772,"height":944,"caption":"EcoBiOlia"},"image":{"@id":"https:\/\/ecobiolia.it\/it_it\/#\/schema\/logo\/image\/"}}]}},"jetpack-related-posts":[{"id":4577,"url":"https:\/\/ecobiolia.it\/it_it\/prodotto\/spazzola-neonato-con-setole-di-capra-e-mussola-prima-spazzola\/","url_meta":{"origin":6236,"position":0},"title":"Spazzola Neonato con Setole di Capra e Mussola &#8211; Prima Spazzola","author":"Olga","date":"11 Novembre 2022","format":false,"excerpt":"Spazzola con Setole di Capra \u00e8 una prima spazzola per capelli, naturale e super morbida, adatta ai neonati con setole 100% di capra e manico in legno in un set con un panno morbido in mussola di bamb\u00f9. La spazzola in morbida setola di capra rilassa e calma perfettamente il\u2026","rel":"","context":"Articolo simile","block_context":{"text":"Articolo simile","link":""},"img":{"alt_text":"","src":"https:\/\/i0.wp.com\/ecobiolia.it\/wp-content\/uploads\/2022\/11\/8503.jpg?resize=350%2C200&ssl=1","width":350,"height":200,"srcset":"https:\/\/i0.wp.com\/ecobiolia.it\/wp-content\/uploads\/2022\/11\/8503.jpg?resize=350%2C200&ssl=1 1x, https:\/\/i0.wp.com\/ecobiolia.it\/wp-content\/uploads\/2022\/11\/8503.jpg?resize=525%2C300&ssl=1 1.5x, https:\/\/i0.wp.com\/ecobiolia.it\/wp-content\/uploads\/2022\/11\/8503.jpg?resize=700%2C400&ssl=1 2x, https:\/\/i0.wp.com\/ecobiolia.it\/wp-content\/uploads\/2022\/11\/8503.jpg?resize=1050%2C600&ssl=1 3x"},"classes":[]},{"id":4930,"url":"https:\/\/ecobiolia.it\/it_it\/prodotto\/spazzola-per-capelli-in-legno-con-setole-di-cinghiale\/","url_meta":{"origin":6236,"position":1},"title":"Spazzola per Capelli in Legno con Setole di Cinghiale","author":"Olga","date":"1 Marzo 2023","format":false,"excerpt":"Una spazzola piatta con corpo in legno e manico confortevole con una miscela di setole di cinghiale e fibre artificiali. Raccoglie polvere e residui di prodotti per lo styling. Rende pi\u00f9 facile pettinare i capelli senza tirare o aggrovigliare. Fornisce un piacevole e rilassante massaggio del cuoio capelluto. Una miscela\u2026","rel":"","context":"Articolo simile","block_context":{"text":"Articolo simile","link":""},"img":{"alt_text":"","src":"https:\/\/i0.wp.com\/ecobiolia.it\/wp-content\/uploads\/2023\/03\/1164.jpg?resize=350%2C200&ssl=1","width":350,"height":200,"srcset":"https:\/\/i0.wp.com\/ecobiolia.it\/wp-content\/uploads\/2023\/03\/1164.jpg?resize=350%2C200&ssl=1 1x, https:\/\/i0.wp.com\/ecobiolia.it\/wp-content\/uploads\/2023\/03\/1164.jpg?resize=525%2C300&ssl=1 1.5x, https:\/\/i0.wp.com\/ecobiolia.it\/wp-content\/uploads\/2023\/03\/1164.jpg?resize=700%2C400&ssl=1 2x, https:\/\/i0.wp.com\/ecobiolia.it\/wp-content\/uploads\/2023\/03\/1164.jpg?resize=1050%2C600&ssl=1 3x"},"classes":[]},{"id":4004,"url":"https:\/\/ecobiolia.it\/it_it\/prodotto\/spazzola-massaggio-corpo-con-setole-media\/","url_meta":{"origin":6236,"position":2},"title":"Spazzola Massaggio Corpo con Setole &#8211; Media","author":"Olga","date":"22 Agosto 2022","format":false,"excerpt":"Prendi cura di te stesso con una Spazzola Massaggio Corpo con Setole. Media durezza, lunghezza speciale delle setole. Si adatta perfettamente alla mano ed \u00e8 leggera. La rilegatura stessa ha la forma di una mano di una donna. Le dimensioni ridotte sono pratiche per l'uso quotidiano e per i viaggi.\u2026","rel":"","context":"Articolo simile","block_context":{"text":"Articolo simile","link":""},"img":{"alt_text":"","src":"https:\/\/i0.wp.com\/ecobiolia.it\/wp-content\/uploads\/2022\/08\/7262.jpg?resize=350%2C200&ssl=1","width":350,"height":200,"srcset":"https:\/\/i0.wp.com\/ecobiolia.it\/wp-content\/uploads\/2022\/08\/7262.jpg?resize=350%2C200&ssl=1 1x, https:\/\/i0.wp.com\/ecobiolia.it\/wp-content\/uploads\/2022\/08\/7262.jpg?resize=525%2C300&ssl=1 1.5x, https:\/\/i0.wp.com\/ecobiolia.it\/wp-content\/uploads\/2022\/08\/7262.jpg?resize=700%2C400&ssl=1 2x, https:\/\/i0.wp.com\/ecobiolia.it\/wp-content\/uploads\/2022\/08\/7262.jpg?resize=1050%2C600&ssl=1 3x, https:\/\/i0.wp.com\/ecobiolia.it\/wp-content\/uploads\/2022\/08\/7262.jpg?resize=1400%2C800&ssl=1 4x"},"classes":[]},{"id":3992,"url":"https:\/\/ecobiolia.it\/it_it\/prodotto\/spazzola-professionale-viso-e-collo-con-setole-naturali\/","url_meta":{"origin":6236,"position":3},"title":"Spazzola Professionale Viso e Collo con Setole Naturali","author":"Olga","date":"22 Agosto 2022","format":false,"excerpt":"Quale dovrebbe essere la spazzola per il viso perfetta? Delicato sulla pelle! Prima di creare questo pennello, abbiamo testato diverse setole. Tuttavia, il tampico (agave), le setole e persino la delicata capra erano troppo affilate per la pelle sottile del viso. Spazzolare non significa graffiare e dolore, ma stimolare la\u2026","rel":"","context":"Articolo simile","block_context":{"text":"Articolo simile","link":""},"img":{"alt_text":"","src":"https:\/\/i0.wp.com\/ecobiolia.it\/wp-content\/uploads\/2022\/08\/6776.jpg?resize=350%2C200&ssl=1","width":350,"height":200,"srcset":"https:\/\/i0.wp.com\/ecobiolia.it\/wp-content\/uploads\/2022\/08\/6776.jpg?resize=350%2C200&ssl=1 1x, https:\/\/i0.wp.com\/ecobiolia.it\/wp-content\/uploads\/2022\/08\/6776.jpg?resize=525%2C300&ssl=1 1.5x, https:\/\/i0.wp.com\/ecobiolia.it\/wp-content\/uploads\/2022\/08\/6776.jpg?resize=700%2C400&ssl=1 2x, https:\/\/i0.wp.com\/ecobiolia.it\/wp-content\/uploads\/2022\/08\/6776.jpg?resize=1050%2C600&ssl=1 3x, https:\/\/i0.wp.com\/ecobiolia.it\/wp-content\/uploads\/2022\/08\/6776.jpg?resize=1400%2C800&ssl=1 4x"},"classes":[]},{"id":5607,"url":"https:\/\/ecobiolia.it\/it_it\/prodotto\/spazzola-per-spazzolatura-a-umido-o-a-secco\/","url_meta":{"origin":6236,"position":4},"title":"Spazzola per Spazzolatura a Umido o a Secco","author":"Olga","date":"5 Settembre 2023","format":false,"excerpt":"Edizione speciale di Spazzola per Spazzolatura a Umido o a Secco utilizzabile in acqua. Puoi usare il pennello in due modi: per la spazzolatura a secco e a umido. L\u2019unico sul mercato. La sua lunghezza perfetta permette di esfoliare efficacemente il corpo, aiutando a liberarsi della pelle morta, rilassare le\u2026","rel":"","context":"Articolo simile","block_context":{"text":"Articolo simile","link":""},"img":{"alt_text":"","src":"https:\/\/i0.wp.com\/ecobiolia.it\/wp-content\/uploads\/2023\/09\/5768.jpg?resize=350%2C200&ssl=1","width":350,"height":200,"srcset":"https:\/\/i0.wp.com\/ecobiolia.it\/wp-content\/uploads\/2023\/09\/5768.jpg?resize=350%2C200&ssl=1 1x, https:\/\/i0.wp.com\/ecobiolia.it\/wp-content\/uploads\/2023\/09\/5768.jpg?resize=525%2C300&ssl=1 1.5x, https:\/\/i0.wp.com\/ecobiolia.it\/wp-content\/uploads\/2023\/09\/5768.jpg?resize=700%2C400&ssl=1 2x, https:\/\/i0.wp.com\/ecobiolia.it\/wp-content\/uploads\/2023\/09\/5768.jpg?resize=1050%2C600&ssl=1 3x"},"classes":[]},{"id":1294,"url":"https:\/\/ecobiolia.it\/it_it\/prodotto\/martini-spazzola-per-la-spazzolatura-a-secco\/","url_meta":{"origin":6236,"position":5},"title":"Martini &#8211; Spazzola per la Spazzolatura a Secco","author":"Olga","date":"27 Febbraio 2022","format":false,"excerpt":"La spazzola per la spazzolatura a secco \u00e8 fantastica per un massaggio quotidiano del corpo. La pelle risulter\u00e0 pi\u00f9 morbida e levigata al tatto. rimuove le cellule morte della pelle aumenta la circolazione disintossica riduce la cellulite \u00a0 \u00a0","rel":"","context":"Articolo simile","block_context":{"text":"Articolo simile","link":""},"img":{"alt_text":"","src":"https:\/\/i0.wp.com\/ecobiolia.it\/wp-content\/uploads\/2022\/02\/Martini-Spazzola-Bio.jpg?resize=350%2C200&ssl=1","width":350,"height":200,"srcset":"https:\/\/i0.wp.com\/ecobiolia.it\/wp-content\/uploads\/2022\/02\/Martini-Spazzola-Bio.jpg?resize=350%2C200&ssl=1 1x, https:\/\/i0.wp.com\/ecobiolia.it\/wp-content\/uploads\/2022\/02\/Martini-Spazzola-Bio.jpg?resize=525%2C300&ssl=1 1.5x, https:\/\/i0.wp.com\/ecobiolia.it\/wp-content\/uploads\/2022\/02\/Martini-Spazzola-Bio.jpg?resize=700%2C400&ssl=1 2x, https:\/\/i0.wp.com\/ecobiolia.it\/wp-content\/uploads\/2022\/02\/Martini-Spazzola-Bio.jpg?resize=1050%2C600&ssl=1 3x, https:\/\/i0.wp.com\/ecobiolia.it\/wp-content\/uploads\/2022\/02\/Martini-Spazzola-Bio.jpg?resize=1400%2C800&ssl=1 4x"},"classes":[]}],"jetpack_sharing_enabled":true,"_links":{"self":[{"href":"https:\/\/ecobiolia.it\/it_it\/wp-json\/wp\/v2\/product\/6236","targetHints":{"allow":["GET"]}}],"collection":[{"href":"https:\/\/ecobiolia.it\/it_it\/wp-json\/wp\/v2\/product"}],"about":[{"href":"https:\/\/ecobiolia.it\/it_it\/wp-json\/wp\/v2\/types\/product"}],"replies":[{"embeddable":true,"href":"https:\/\/ecobiolia.it\/it_it\/wp-json\/wp\/v2\/comments?post=6236"}],"version-history":[{"count":1,"href":"https:\/\/ecobiolia.it\/it_it\/wp-json\/wp\/v2\/product\/6236\/revisions"}],"predecessor-version":[{"id":6588,"href":"https:\/\/ecobiolia.it\/it_it\/wp-json\/wp\/v2\/product\/6236\/revisions\/6588"}],"wp:featuredmedia":[{"embeddable":true,"href":"https:\/\/ecobiolia.it\/it_it\/wp-json\/wp\/v2\/media\/6137"}],"wp:attachment":[{"href":"https:\/\/ecobiolia.it\/it_it\/wp-json\/wp\/v2\/media?parent=6236"}],"wp:term":[{"taxonomy":"product_brand","embeddable":true,"href":"https:\/\/ecobiolia.it\/it_it\/wp-json\/wp\/v2\/product_brand?post=6236"},{"taxonomy":"product_cat","embeddable":true,"href":"https:\/\/ecobiolia.it\/it_it\/wp-json\/wp\/v2\/product_cat?post=6236"},{"taxonomy":"product_tag","embeddable":true,"href":"https:\/\/ecobiolia.it\/it_it\/wp-json\/wp\/v2\/product_tag?post=6236"}],"curies":[{"name":"wp","href":"https:\/\/api.w.org\/{rel}","templated":true}]}}