{"id":5509,"date":"2023-07-28T09:49:48","date_gmt":"2023-07-28T09:49:48","guid":{"rendered":"https:\/\/ecobiolia.it\/?post_type=product&#038;p=5509"},"modified":"2026-03-29T19:40:04","modified_gmt":"2026-03-29T19:40:04","slug":"mascara-volumizzante-vegan-con-baicapil","status":"publish","type":"product","link":"https:\/\/ecobiolia.it\/it_it\/prodotto\/mascara-volumizzante-vegan-con-baicapil\/","title":{"rendered":"Mascara Volumizzante Vegan con Baicapil\u2122"},"content":{"rendered":"<div class=\"lRu31\"><strong><em><span class=\"HwtZe\" lang=\"it\"><span class=\"jCAhz\"><span class=\"ryNqvb\">Mascara Volumizzante Vegan con Baicapil\u2122<\/span><\/span><\/span><\/em><\/strong><\/div>\n<div class=\"lRu31\"><span class=\"HwtZe\" lang=\"it\"><span class=\"jCAhz\"><span class=\"ryNqvb\"> Ha la formula ricca per <em>rinforzare le ciglia<\/em>. <\/span><\/span><\/span><\/div>\n<div class=\"lRu31\"><span class=\"HwtZe\" lang=\"it\"><span class=\"jCAhz\"><span class=\"ryNqvb\">La spazzola <em>pettina con precisione le ciglia<\/em> e le allunga. <\/span><\/span><\/span><\/div>\n<div class=\"lRu31\"><span class=\"HwtZe\" lang=\"it\"><span class=\"jCAhz\"><span class=\"ryNqvb\">Il mascara <em>ispessisce le ciglia<\/em> e dona profondit\u00e0 allo sguardo senza far aderire le ciglia. <\/span><\/span><\/span><\/div>\n<div class=\"lRu31\"><span class=\"HwtZe\" lang=\"it\"><span class=\"jCAhz\"><span class=\"ryNqvb\">Pu\u00f2 essere applicato a strati, dando l&#8217;effetto di un trucco <em>naturale<\/em> o di ciglia <em>fortemente enfatizzate<\/em>. <\/span><\/span><\/span><\/div>\n<div class=\"lRu31\"><span class=\"HwtZe\" lang=\"it\"><span class=\"jCAhz\"><span class=\"ryNqvb\">L&#8217;uso a lungo termine del mascara ha un <em>effetto positivo sulla crescita delle ciglia<\/em> grazie alla sostanza Baicapil. Baicapil \u00e8 una formula brevettata che aiuta a fermare il processo di caduta dei capelli. Si compone di 3 ingredienti: germogli di soia (Glycine max), germe di grano (Triticum vulgare) e calotta cranica del Baikal (es. Scutellaria baicalensis). L&#8217;azione di Baicapil\u2122 si basa sull&#8217;attivazione delle cellule staminali del follicolo pilifero. Grazie a ci\u00f2, <em>le ciglia non solo crescono pi\u00f9 velocemente e cadono meno spesso, ma sono anche pi\u00f9 spesse e dense.<\/em> Test dettagliati che confermano l&#8217;effetto della sostanza possono essere trovati nelle pubblicazioni del produttore della ricetta.<\/span><\/span><\/span><\/div>\n<div><\/div>\n<div class=\"lRu31\"><span class=\"HwtZe\" lang=\"it\"><span class=\"jCAhz\"><span class=\"ryNqvb\"><em>La composizione comprende anche:<\/em> <\/span><\/span><\/span><\/div>\n<div class=\"lRu31\"><span class=\"HwtZe\" lang=\"it\"><span class=\"jCAhz\"><span class=\"ryNqvb\">Acacia senegalese &#8211; un addensante vegetale. Ha un effetto idratante e antinfiammatorio. <\/span><\/span><\/span><\/div>\n<div class=\"lRu31\"><span class=\"HwtZe\" lang=\"it\"><span class=\"jCAhz\"><span class=\"ryNqvb\">Cera di caranuba &#8211; protegge dalla perdita di umidit\u00e0. <\/span><\/span><\/span><\/div>\n<div class=\"lRu31\"><span class=\"HwtZe\" lang=\"it\"><span class=\"jCAhz\"><span class=\"ryNqvb\">Pantenolo &#8211; provitamina B5, rigenera e lenisce. Vitamina E &#8211; ha propriet\u00e0 antiossidanti. <\/span><\/span><\/span><\/div>\n<div class=\"lRu31\"><span class=\"HwtZe\" lang=\"it\"><span class=\"jCAhz\"><span class=\"ryNqvb\">Spazzola: Una spazzola di plastica morbida \u00e8 composta da setole di diverse lunghezze. La parte pi\u00f9 corta viene utilizzata per applicare il primo strato di inchiostro. La parte pi\u00f9 lunga, finch\u00e9 non viene trascinato il livello successivo. Grazie a ci\u00f2 si ottiene l&#8217;effetto di ciglia ispessite e allungate. Il pennello \u00e8 facile da tenere pulito. <\/span><\/span><\/span><\/div>\n<div class=\"lRu31\"><span class=\"HwtZe\" lang=\"it\"><span class=\"jCAhz\"><span class=\"ryNqvb\">Ricordati di rimuovere accuratamente il trucco prima di andare a letto. <\/span><\/span><\/span><\/div>\n<div class=\"lRu31\"><span class=\"HwtZe\" lang=\"it\"><span class=\"jCAhz\"><span class=\"ryNqvb\">Puoi trovare <a href=\"https:\/\/lullalove.it\/product\/acqua-micellare-naturale-200-ml\/\">l&#8217;acqua micellare perfetta<\/a><\/span><\/span><\/span><span class=\"HwtZe\" lang=\"it\"><span class=\"jCAhz\"><span class=\"ryNqvb\">. <\/span><\/span><\/span><\/div>\n<div class=\"lRu31\"><span class=\"HwtZe\" lang=\"it\"><span class=\"jCAhz\"><span class=\"ryNqvb\">Colore nero. <\/span><\/span><\/span><\/div>\n<div class=\"lRu31\"><span class=\"HwtZe\" lang=\"it\"><span class=\"jCAhz\"><span class=\"ryNqvb\">Chi soffre di allergie: Prima del primo utilizzo, \u00e8 necessario eseguire un test cutaneo per escludere l&#8217;allergia a uno qualsiasi dei suoi ingredienti. In caso di irritazione o sensibilizzazione, interrompere l&#8217;uso. Non utilizzare in caso di allergia a qualsiasi ingrediente. <\/span><\/span><\/span><\/div>\n<div class=\"lRu31\"><span class=\"HwtZe\" lang=\"it\"><span class=\"jCAhz\"><span class=\"ryNqvb\">Capacit\u00e0: 9,5 ml. <\/span><\/span><\/span><\/div>\n<div class=\"lRu31\"><span class=\"HwtZe\" lang=\"it\"><span class=\"jCAhz\"><span class=\"ryNqvb\">Prodotto polacco. In conformit\u00e0 con la normativa vigente, i prodotti non sono testati sugli animali. \u00c8 un prodotto vegano.<\/span><\/span><\/span><\/div>\n<div>USO ESTERNO<\/div>\n","protected":false},"excerpt":{"rendered":"<p><span class=\"HwtZe\" lang=\"it\"><span class=\"jCAhz\"><span class=\"ryNqvb\">Mascara Volumizzante Vegan con Baicapil\u2122 ha la formula ricca per rinforzare le ciglia. La spazzola pettina con precisione le ciglia e le allunga. Il mascara ispessisce le ciglia e dona profondit\u00e0 allo sguardo senza far aderire le ciglia. Pu\u00f2 essere applicato a strati, dando l&#8217;effetto di un trucco naturale o di ciglia fortemente enfatizzate. L&#8217;uso a lungo termine del mascara ha un effetto positivo sulla crescita delle ciglia grazie alla sostanza Baicapil.<\/span><\/span><\/span><\/p>\n","protected":false},"featured_media":5510,"comment_status":"open","ping_status":"closed","template":"","meta":[],"product_brand":[],"product_cat":[120,135,112,45],"product_tag":[],"class_list":{"0":"post-5509","1":"product","2":"type-product","3":"status-publish","4":"has-post-thumbnail","6":"product_cat-cosmetici","7":"product_cat-cosmetici-naturali","8":"product_cat-per-le-donne","9":"product_cat-prodotti-per-la-cura-del-corpo","11":"first","12":"instock","13":"taxable","14":"shipping-taxable","15":"purchasable","16":"product-type-simple"},"yoast_head":"<!-- This site is optimized with the Yoast SEO plugin v27.3 - https:\/\/yoast.com\/product\/yoast-seo-wordpress\/ -->\n<title>Mascara Volumizzante Vegan con Baicapil\u2122 - EcoBiOlia<\/title>\n<meta name=\"description\" content=\"Mascara Volumizzante Vegan con Baicapil\u2122 ha la formula ricca per rinforzare le ciglia. La spazzola pettina con precisione le ciglia e le allunga.\" \/>\n<meta name=\"robots\" content=\"index, follow, max-snippet:-1, max-image-preview:large, max-video-preview:-1\" \/>\n<link rel=\"canonical\" href=\"https:\/\/ecobiolia.it\/it_it\/prodotto\/mascara-volumizzante-vegan-con-baicapil\/\" \/>\n<meta property=\"og:locale\" content=\"it_IT\" \/>\n<meta property=\"og:type\" content=\"article\" \/>\n<meta property=\"og:title\" content=\"Mascara Volumizzante Vegan con Baicapil\u2122 - EcoBiOlia\" \/>\n<meta property=\"og:description\" content=\"Mascara Volumizzante Vegan con Baicapil\u2122 ha la formula ricca per rinforzare le ciglia. La spazzola pettina con precisione le ciglia e le allunga.\" \/>\n<meta property=\"og:url\" content=\"https:\/\/ecobiolia.it\/it_it\/prodotto\/mascara-volumizzante-vegan-con-baicapil\/\" \/>\n<meta property=\"og:site_name\" content=\"EcoBiOlia\" \/>\n<meta property=\"article:modified_time\" content=\"2026-03-29T19:40:04+00:00\" \/>\n<meta property=\"og:image\" content=\"https:\/\/ecobiolia.it\/wp-content\/uploads\/2023\/07\/7079.jpg\" \/>\n\t<meta property=\"og:image:width\" content=\"1600\" \/>\n\t<meta property=\"og:image:height\" content=\"1423\" \/>\n\t<meta property=\"og:image:type\" content=\"image\/jpeg\" \/>\n<meta name=\"twitter:card\" content=\"summary_large_image\" \/>\n<meta name=\"twitter:label1\" content=\"Tempo di lettura stimato\" \/>\n\t<meta name=\"twitter:data1\" content=\"2 minuti\" \/>\n<script type=\"application\/ld+json\" class=\"yoast-schema-graph\">{\"@context\":\"https:\\\/\\\/schema.org\",\"@graph\":[{\"@type\":\"WebPage\",\"@id\":\"https:\\\/\\\/ecobiolia.it\\\/prodotto\\\/mascara-volumizzante-vegan-con-baicapil\\\/\",\"url\":\"https:\\\/\\\/ecobiolia.it\\\/prodotto\\\/mascara-volumizzante-vegan-con-baicapil\\\/\",\"name\":\"Mascara Volumizzante Vegan con Baicapil\u2122 - EcoBiOlia\",\"isPartOf\":{\"@id\":\"https:\\\/\\\/ecobiolia.it\\\/it_it\\\/#website\"},\"primaryImageOfPage\":{\"@id\":\"https:\\\/\\\/ecobiolia.it\\\/prodotto\\\/mascara-volumizzante-vegan-con-baicapil\\\/#primaryimage\"},\"image\":{\"@id\":\"https:\\\/\\\/ecobiolia.it\\\/prodotto\\\/mascara-volumizzante-vegan-con-baicapil\\\/#primaryimage\"},\"thumbnailUrl\":\"https:\\\/\\\/ecobiolia.it\\\/wp-content\\\/uploads\\\/2023\\\/07\\\/7079.jpg\",\"datePublished\":\"2023-07-28T09:49:48+00:00\",\"dateModified\":\"2026-03-29T19:40:04+00:00\",\"description\":\"Mascara Volumizzante Vegan con Baicapil\u2122 ha la formula ricca per rinforzare le ciglia. La spazzola pettina con precisione le ciglia e le allunga.\",\"breadcrumb\":{\"@id\":\"https:\\\/\\\/ecobiolia.it\\\/prodotto\\\/mascara-volumizzante-vegan-con-baicapil\\\/#breadcrumb\"},\"inLanguage\":\"it-IT\",\"potentialAction\":[{\"@type\":\"ReadAction\",\"target\":[\"https:\\\/\\\/ecobiolia.it\\\/prodotto\\\/mascara-volumizzante-vegan-con-baicapil\\\/\"]}]},{\"@type\":\"ImageObject\",\"inLanguage\":\"it-IT\",\"@id\":\"https:\\\/\\\/ecobiolia.it\\\/prodotto\\\/mascara-volumizzante-vegan-con-baicapil\\\/#primaryimage\",\"url\":\"https:\\\/\\\/ecobiolia.it\\\/wp-content\\\/uploads\\\/2023\\\/07\\\/7079.jpg\",\"contentUrl\":\"https:\\\/\\\/ecobiolia.it\\\/wp-content\\\/uploads\\\/2023\\\/07\\\/7079.jpg\",\"width\":1600,\"height\":1423},{\"@type\":\"BreadcrumbList\",\"@id\":\"https:\\\/\\\/ecobiolia.it\\\/prodotto\\\/mascara-volumizzante-vegan-con-baicapil\\\/#breadcrumb\",\"itemListElement\":[{\"@type\":\"ListItem\",\"position\":1,\"name\":\"Home\",\"item\":\"https:\\\/\\\/ecobiolia.it\\\/\"},{\"@type\":\"ListItem\",\"position\":2,\"name\":\"Negozio\",\"item\":\"https:\\\/\\\/ecobiolia.it\\\/negozio\\\/\"},{\"@type\":\"ListItem\",\"position\":3,\"name\":\"Mascara Volumizzante Vegan con Baicapil\u2122\"}]},{\"@type\":\"WebSite\",\"@id\":\"https:\\\/\\\/ecobiolia.it\\\/it_it\\\/#website\",\"url\":\"https:\\\/\\\/ecobiolia.it\\\/it_it\\\/\",\"name\":\"EcoBiOlia\",\"description\":\"Negozio Ecologico per Bambini e Adulti\",\"publisher\":{\"@id\":\"https:\\\/\\\/ecobiolia.it\\\/it_it\\\/#organization\"},\"potentialAction\":[{\"@type\":\"SearchAction\",\"target\":{\"@type\":\"EntryPoint\",\"urlTemplate\":\"https:\\\/\\\/ecobiolia.it\\\/it_it\\\/?s={search_term_string}\"},\"query-input\":{\"@type\":\"PropertyValueSpecification\",\"valueRequired\":true,\"valueName\":\"search_term_string\"}}],\"inLanguage\":\"it-IT\"},{\"@type\":\"Organization\",\"@id\":\"https:\\\/\\\/ecobiolia.it\\\/it_it\\\/#organization\",\"name\":\"EcoBiOlia\",\"url\":\"https:\\\/\\\/ecobiolia.it\\\/it_it\\\/\",\"logo\":{\"@type\":\"ImageObject\",\"inLanguage\":\"it-IT\",\"@id\":\"https:\\\/\\\/ecobiolia.it\\\/it_it\\\/#\\\/schema\\\/logo\\\/image\\\/\",\"url\":\"https:\\\/\\\/ecobiolia.it\\\/wp-content\\\/uploads\\\/2022\\\/04\\\/EcoBiOlia-Logo.png\",\"contentUrl\":\"https:\\\/\\\/ecobiolia.it\\\/wp-content\\\/uploads\\\/2022\\\/04\\\/EcoBiOlia-Logo.png\",\"width\":1772,\"height\":944,\"caption\":\"EcoBiOlia\"},\"image\":{\"@id\":\"https:\\\/\\\/ecobiolia.it\\\/it_it\\\/#\\\/schema\\\/logo\\\/image\\\/\"}}]}<\/script>\n<!-- \/ Yoast SEO plugin. -->","yoast_head_json":{"title":"Mascara Volumizzante Vegan con Baicapil\u2122 - EcoBiOlia","description":"Mascara Volumizzante Vegan con Baicapil\u2122 ha la formula ricca per rinforzare le ciglia. La spazzola pettina con precisione le ciglia e le allunga.","robots":{"index":"index","follow":"follow","max-snippet":"max-snippet:-1","max-image-preview":"max-image-preview:large","max-video-preview":"max-video-preview:-1"},"canonical":"https:\/\/ecobiolia.it\/it_it\/prodotto\/mascara-volumizzante-vegan-con-baicapil\/","og_locale":"it_IT","og_type":"article","og_title":"Mascara Volumizzante Vegan con Baicapil\u2122 - EcoBiOlia","og_description":"Mascara Volumizzante Vegan con Baicapil\u2122 ha la formula ricca per rinforzare le ciglia. La spazzola pettina con precisione le ciglia e le allunga.","og_url":"https:\/\/ecobiolia.it\/it_it\/prodotto\/mascara-volumizzante-vegan-con-baicapil\/","og_site_name":"EcoBiOlia","article_modified_time":"2026-03-29T19:40:04+00:00","og_image":[{"width":1600,"height":1423,"url":"https:\/\/ecobiolia.it\/wp-content\/uploads\/2023\/07\/7079.jpg","type":"image\/jpeg"}],"twitter_card":"summary_large_image","twitter_misc":{"Tempo di lettura stimato":"2 minuti"},"schema":{"@context":"https:\/\/schema.org","@graph":[{"@type":"WebPage","@id":"https:\/\/ecobiolia.it\/prodotto\/mascara-volumizzante-vegan-con-baicapil\/","url":"https:\/\/ecobiolia.it\/prodotto\/mascara-volumizzante-vegan-con-baicapil\/","name":"Mascara Volumizzante Vegan con Baicapil\u2122 - EcoBiOlia","isPartOf":{"@id":"https:\/\/ecobiolia.it\/it_it\/#website"},"primaryImageOfPage":{"@id":"https:\/\/ecobiolia.it\/prodotto\/mascara-volumizzante-vegan-con-baicapil\/#primaryimage"},"image":{"@id":"https:\/\/ecobiolia.it\/prodotto\/mascara-volumizzante-vegan-con-baicapil\/#primaryimage"},"thumbnailUrl":"https:\/\/ecobiolia.it\/wp-content\/uploads\/2023\/07\/7079.jpg","datePublished":"2023-07-28T09:49:48+00:00","dateModified":"2026-03-29T19:40:04+00:00","description":"Mascara Volumizzante Vegan con Baicapil\u2122 ha la formula ricca per rinforzare le ciglia. La spazzola pettina con precisione le ciglia e le allunga.","breadcrumb":{"@id":"https:\/\/ecobiolia.it\/prodotto\/mascara-volumizzante-vegan-con-baicapil\/#breadcrumb"},"inLanguage":"it-IT","potentialAction":[{"@type":"ReadAction","target":["https:\/\/ecobiolia.it\/prodotto\/mascara-volumizzante-vegan-con-baicapil\/"]}]},{"@type":"ImageObject","inLanguage":"it-IT","@id":"https:\/\/ecobiolia.it\/prodotto\/mascara-volumizzante-vegan-con-baicapil\/#primaryimage","url":"https:\/\/ecobiolia.it\/wp-content\/uploads\/2023\/07\/7079.jpg","contentUrl":"https:\/\/ecobiolia.it\/wp-content\/uploads\/2023\/07\/7079.jpg","width":1600,"height":1423},{"@type":"BreadcrumbList","@id":"https:\/\/ecobiolia.it\/prodotto\/mascara-volumizzante-vegan-con-baicapil\/#breadcrumb","itemListElement":[{"@type":"ListItem","position":1,"name":"Home","item":"https:\/\/ecobiolia.it\/"},{"@type":"ListItem","position":2,"name":"Negozio","item":"https:\/\/ecobiolia.it\/negozio\/"},{"@type":"ListItem","position":3,"name":"Mascara Volumizzante Vegan con Baicapil\u2122"}]},{"@type":"WebSite","@id":"https:\/\/ecobiolia.it\/it_it\/#website","url":"https:\/\/ecobiolia.it\/it_it\/","name":"EcoBiOlia","description":"Negozio Ecologico per Bambini e Adulti","publisher":{"@id":"https:\/\/ecobiolia.it\/it_it\/#organization"},"potentialAction":[{"@type":"SearchAction","target":{"@type":"EntryPoint","urlTemplate":"https:\/\/ecobiolia.it\/it_it\/?s={search_term_string}"},"query-input":{"@type":"PropertyValueSpecification","valueRequired":true,"valueName":"search_term_string"}}],"inLanguage":"it-IT"},{"@type":"Organization","@id":"https:\/\/ecobiolia.it\/it_it\/#organization","name":"EcoBiOlia","url":"https:\/\/ecobiolia.it\/it_it\/","logo":{"@type":"ImageObject","inLanguage":"it-IT","@id":"https:\/\/ecobiolia.it\/it_it\/#\/schema\/logo\/image\/","url":"https:\/\/ecobiolia.it\/wp-content\/uploads\/2022\/04\/EcoBiOlia-Logo.png","contentUrl":"https:\/\/ecobiolia.it\/wp-content\/uploads\/2022\/04\/EcoBiOlia-Logo.png","width":1772,"height":944,"caption":"EcoBiOlia"},"image":{"@id":"https:\/\/ecobiolia.it\/it_it\/#\/schema\/logo\/image\/"}}]}},"jetpack-related-posts":[{"id":5172,"url":"https:\/\/ecobiolia.it\/it_it\/prodotto\/siero-naturale-per-sopracciglia-e-ciglia\/","url_meta":{"origin":5509,"position":0},"title":"Siero Naturale per Sopracciglia e Ciglia","author":"Olga","date":"2 Marzo 2023","format":false,"excerpt":"Siero naturale per sopracciglia e ciglia che migliora la condizione di ciglia e sopracciglia. Nella composizione troverai solo ingredienti naturali noti per le loro forti propriet\u00e0 rinforzanti per i capelli, che ne influenzano l'elasticit\u00e0 e la crescita: olio di ricino, olio di argan, olio di cocco, olio di girasole, estratto\u2026","rel":"","context":"Articolo simile","block_context":{"text":"Articolo simile","link":""},"img":{"alt_text":"","src":"https:\/\/i0.wp.com\/ecobiolia.it\/wp-content\/uploads\/2023\/03\/Siero-per-sopracciglia-e-ciglia-equiseto.jpg?resize=350%2C200&ssl=1","width":350,"height":200,"srcset":"https:\/\/i0.wp.com\/ecobiolia.it\/wp-content\/uploads\/2023\/03\/Siero-per-sopracciglia-e-ciglia-equiseto.jpg?resize=350%2C200&ssl=1 1x, https:\/\/i0.wp.com\/ecobiolia.it\/wp-content\/uploads\/2023\/03\/Siero-per-sopracciglia-e-ciglia-equiseto.jpg?resize=525%2C300&ssl=1 1.5x, https:\/\/i0.wp.com\/ecobiolia.it\/wp-content\/uploads\/2023\/03\/Siero-per-sopracciglia-e-ciglia-equiseto.jpg?resize=700%2C400&ssl=1 2x, https:\/\/i0.wp.com\/ecobiolia.it\/wp-content\/uploads\/2023\/03\/Siero-per-sopracciglia-e-ciglia-equiseto.jpg?resize=1050%2C600&ssl=1 3x, https:\/\/i0.wp.com\/ecobiolia.it\/wp-content\/uploads\/2023\/03\/Siero-per-sopracciglia-e-ciglia-equiseto.jpg?resize=1400%2C800&ssl=1 4x"},"classes":[]},{"id":6236,"url":"https:\/\/ecobiolia.it\/it_it\/prodotto\/spazzola-per-crosta-lattea-e-cappelli-con-mussola\/","url_meta":{"origin":5509,"position":1},"title":"Spazzola per Crosta Lattea e Cappelli con Mussola","author":"Olga","date":"22 Settembre 2024","format":false,"excerpt":"Spazzola per bambini e neonati in setole naturali con manico in legno in set con pratica mussola di bamb\u00f9. Una spazzola di piccole dimensioni con setole naturali con un grado di durezza ideale adatto alla pelle dei bambini. Pettina e massaggia perfettamente il cuoio capelluto, aiutando con la crosta lattea.\u2026","rel":"","context":"Articolo simile","block_context":{"text":"Articolo simile","link":""},"img":{"alt_text":"","src":"https:\/\/i0.wp.com\/ecobiolia.it\/wp-content\/uploads\/2022\/06\/Spazzola-di-capra.jpg?resize=350%2C200&ssl=1","width":350,"height":200,"srcset":"https:\/\/i0.wp.com\/ecobiolia.it\/wp-content\/uploads\/2022\/06\/Spazzola-di-capra.jpg?resize=350%2C200&ssl=1 1x, https:\/\/i0.wp.com\/ecobiolia.it\/wp-content\/uploads\/2022\/06\/Spazzola-di-capra.jpg?resize=525%2C300&ssl=1 1.5x, https:\/\/i0.wp.com\/ecobiolia.it\/wp-content\/uploads\/2022\/06\/Spazzola-di-capra.jpg?resize=700%2C400&ssl=1 2x, https:\/\/i0.wp.com\/ecobiolia.it\/wp-content\/uploads\/2022\/06\/Spazzola-di-capra.jpg?resize=1050%2C600&ssl=1 3x, https:\/\/i0.wp.com\/ecobiolia.it\/wp-content\/uploads\/2022\/06\/Spazzola-di-capra.jpg?resize=1400%2C800&ssl=1 4x"},"classes":[]},{"id":4577,"url":"https:\/\/ecobiolia.it\/it_it\/prodotto\/spazzola-neonato-con-setole-di-capra-e-mussola-prima-spazzola\/","url_meta":{"origin":5509,"position":2},"title":"Spazzola Neonato con Setole di Capra e Mussola &#8211; Prima Spazzola","author":"Olga","date":"11 Novembre 2022","format":false,"excerpt":"Spazzola con Setole di Capra \u00e8 una prima spazzola per capelli, naturale e super morbida, adatta ai neonati con setole 100% di capra e manico in legno in un set con un panno morbido in mussola di bamb\u00f9. La spazzola in morbida setola di capra rilassa e calma perfettamente il\u2026","rel":"","context":"Articolo simile","block_context":{"text":"Articolo simile","link":""},"img":{"alt_text":"","src":"https:\/\/i0.wp.com\/ecobiolia.it\/wp-content\/uploads\/2022\/11\/8503.jpg?resize=350%2C200&ssl=1","width":350,"height":200,"srcset":"https:\/\/i0.wp.com\/ecobiolia.it\/wp-content\/uploads\/2022\/11\/8503.jpg?resize=350%2C200&ssl=1 1x, https:\/\/i0.wp.com\/ecobiolia.it\/wp-content\/uploads\/2022\/11\/8503.jpg?resize=525%2C300&ssl=1 1.5x, https:\/\/i0.wp.com\/ecobiolia.it\/wp-content\/uploads\/2022\/11\/8503.jpg?resize=700%2C400&ssl=1 2x, https:\/\/i0.wp.com\/ecobiolia.it\/wp-content\/uploads\/2022\/11\/8503.jpg?resize=1050%2C600&ssl=1 3x"},"classes":[]},{"id":4028,"url":"https:\/\/ecobiolia.it\/it_it\/prodotto\/acqua-micellare-naturale-200-ml\/","url_meta":{"origin":5509,"position":3},"title":"Acqua micellare naturale 200 ml","author":"Olga","date":"22 Agosto 2022","format":false,"excerpt":"Estremamente efficace e allo stesso tempo delicata nella composizione, acqua micellare naturale per la rimozione quotidiana del trucco della pelle di occhi, bocca e viso. A base di estratto di fiori di peonia e acqua di rose. Arricchito con pantenolo, allantoina e glicerina.","rel":"","context":"Articolo simile","block_context":{"text":"Articolo simile","link":""},"img":{"alt_text":"","src":"https:\/\/i0.wp.com\/ecobiolia.it\/wp-content\/uploads\/2022\/08\/7086.jpg?resize=350%2C200&ssl=1","width":350,"height":200,"srcset":"https:\/\/i0.wp.com\/ecobiolia.it\/wp-content\/uploads\/2022\/08\/7086.jpg?resize=350%2C200&ssl=1 1x, https:\/\/i0.wp.com\/ecobiolia.it\/wp-content\/uploads\/2022\/08\/7086.jpg?resize=525%2C300&ssl=1 1.5x, https:\/\/i0.wp.com\/ecobiolia.it\/wp-content\/uploads\/2022\/08\/7086.jpg?resize=700%2C400&ssl=1 2x, https:\/\/i0.wp.com\/ecobiolia.it\/wp-content\/uploads\/2022\/08\/7086.jpg?resize=1050%2C600&ssl=1 3x, https:\/\/i0.wp.com\/ecobiolia.it\/wp-content\/uploads\/2022\/08\/7086.jpg?resize=1400%2C800&ssl=1 4x"},"classes":[]},{"id":6087,"url":"https:\/\/ecobiolia.it\/it_it\/prodotto\/deodorante-in-crema-100-naturale-agrumi\/","url_meta":{"origin":5509,"position":4},"title":"Deodorante in Crema 100% Naturale &#8211; Agrumi","author":"Olga","date":"22 Marzo 2024","format":false,"excerpt":"Deodorante completamente naturale sotto forma di crema che puoi utilizzare tutti i giorni senza preoccuparti della tua salute, degli odori sgradevoli o delle macchie bagnate. Non irrita e non contiene sostanze sospette. Non blocca la sudorazione, ma la maschera molto bene. Non lascia uno strato umido e si assorbe molto\u2026","rel":"","context":"Articolo simile","block_context":{"text":"Articolo simile","link":""},"img":{"alt_text":"","src":"https:\/\/i0.wp.com\/ecobiolia.it\/wp-content\/uploads\/2024\/03\/Deodorante-in-Crema-100-Naturale-Agrumi.jpg?resize=350%2C200&ssl=1","width":350,"height":200,"srcset":"https:\/\/i0.wp.com\/ecobiolia.it\/wp-content\/uploads\/2024\/03\/Deodorante-in-Crema-100-Naturale-Agrumi.jpg?resize=350%2C200&ssl=1 1x, https:\/\/i0.wp.com\/ecobiolia.it\/wp-content\/uploads\/2024\/03\/Deodorante-in-Crema-100-Naturale-Agrumi.jpg?resize=525%2C300&ssl=1 1.5x, https:\/\/i0.wp.com\/ecobiolia.it\/wp-content\/uploads\/2024\/03\/Deodorante-in-Crema-100-Naturale-Agrumi.jpg?resize=700%2C400&ssl=1 2x, https:\/\/i0.wp.com\/ecobiolia.it\/wp-content\/uploads\/2024\/03\/Deodorante-in-Crema-100-Naturale-Agrumi.jpg?resize=1050%2C600&ssl=1 3x, https:\/\/i0.wp.com\/ecobiolia.it\/wp-content\/uploads\/2024\/03\/Deodorante-in-Crema-100-Naturale-Agrumi.jpg?resize=1400%2C800&ssl=1 4x"},"classes":[]},{"id":4851,"url":"https:\/\/ecobiolia.it\/it_it\/prodotto\/pasta-esfoliante-e-illuminante-per-il-corpo-e-decollete\/","url_meta":{"origin":5509,"position":5},"title":"Pasta Esfoliante e Illuminante per il Corpo e D\u00e9collet\u00e9","author":"Olga","date":"1 Marzo 2023","format":false,"excerpt":"Pasta Esfoliante e Illuminante per il Corpo e D\u00e9collet\u00e9 con l'aggiunta di particelle lucide. Lascia la pelle felice e liscia. L'olio di olivello spinoso e il burro di mango migliorano il tono della pelle, mentre la mica aggiunge luminosit\u00e0. La fragranza ti mette in uno stato d'animo vacanziero. La pasta\u2026","rel":"","context":"Articolo simile","block_context":{"text":"Articolo simile","link":""},"img":{"alt_text":"","src":"https:\/\/i0.wp.com\/ecobiolia.it\/wp-content\/uploads\/2023\/03\/8509.jpg?resize=350%2C200&ssl=1","width":350,"height":200,"srcset":"https:\/\/i0.wp.com\/ecobiolia.it\/wp-content\/uploads\/2023\/03\/8509.jpg?resize=350%2C200&ssl=1 1x, https:\/\/i0.wp.com\/ecobiolia.it\/wp-content\/uploads\/2023\/03\/8509.jpg?resize=525%2C300&ssl=1 1.5x, https:\/\/i0.wp.com\/ecobiolia.it\/wp-content\/uploads\/2023\/03\/8509.jpg?resize=700%2C400&ssl=1 2x, https:\/\/i0.wp.com\/ecobiolia.it\/wp-content\/uploads\/2023\/03\/8509.jpg?resize=1050%2C600&ssl=1 3x, https:\/\/i0.wp.com\/ecobiolia.it\/wp-content\/uploads\/2023\/03\/8509.jpg?resize=1400%2C800&ssl=1 4x"},"classes":[]}],"jetpack_sharing_enabled":true,"_links":{"self":[{"href":"https:\/\/ecobiolia.it\/it_it\/wp-json\/wp\/v2\/product\/5509","targetHints":{"allow":["GET"]}}],"collection":[{"href":"https:\/\/ecobiolia.it\/it_it\/wp-json\/wp\/v2\/product"}],"about":[{"href":"https:\/\/ecobiolia.it\/it_it\/wp-json\/wp\/v2\/types\/product"}],"replies":[{"embeddable":true,"href":"https:\/\/ecobiolia.it\/it_it\/wp-json\/wp\/v2\/comments?post=5509"}],"version-history":[{"count":1,"href":"https:\/\/ecobiolia.it\/it_it\/wp-json\/wp\/v2\/product\/5509\/revisions"}],"predecessor-version":[{"id":6593,"href":"https:\/\/ecobiolia.it\/it_it\/wp-json\/wp\/v2\/product\/5509\/revisions\/6593"}],"wp:featuredmedia":[{"embeddable":true,"href":"https:\/\/ecobiolia.it\/it_it\/wp-json\/wp\/v2\/media\/5510"}],"wp:attachment":[{"href":"https:\/\/ecobiolia.it\/it_it\/wp-json\/wp\/v2\/media?parent=5509"}],"wp:term":[{"taxonomy":"product_brand","embeddable":true,"href":"https:\/\/ecobiolia.it\/it_it\/wp-json\/wp\/v2\/product_brand?post=5509"},{"taxonomy":"product_cat","embeddable":true,"href":"https:\/\/ecobiolia.it\/it_it\/wp-json\/wp\/v2\/product_cat?post=5509"},{"taxonomy":"product_tag","embeddable":true,"href":"https:\/\/ecobiolia.it\/it_it\/wp-json\/wp\/v2\/product_tag?post=5509"}],"curies":[{"name":"wp","href":"https:\/\/api.w.org\/{rel}","templated":true}]}}