{"id":5439,"date":"2023-05-29T11:37:53","date_gmt":"2023-05-29T11:37:53","guid":{"rendered":"https:\/\/ecobiolia.it\/?post_type=product&#038;p=5439"},"modified":"2024-03-03T18:22:23","modified_gmt":"2024-03-03T18:22:23","slug":"poncho-per-bambino-in-bambu-con-cappuccio","status":"publish","type":"product","link":"https:\/\/ecobiolia.it\/it_it\/prodotto\/poncho-per-bambino-in-bambu-con-cappuccio\/","title":{"rendered":"Poncho per Bambino in Bamb\u00f9 con Cappuccio"},"content":{"rendered":"<p><span class=\"VIiyi\" lang=\"it\"><span class=\"JLqJ4b ChMk0b\" data-language-for-alternatives=\"it\" data-language-to-translate-into=\"en\" data-phrase-index=\"0\" data-number-of-phrases=\"12\"><span class=\"Q4iAWc\">Poncho <span class=\"JLqJ4b\" data-language-for-alternatives=\"it\" data-language-to-translate-into=\"en\" data-phrase-index=\"0\" data-number-of-phrases=\"1\">deliziosamente morbido<\/span> per bambino in bamb\u00f9 naturale con cappuccio <span class=\"JLqJ4b\" data-language-for-alternatives=\"it\" data-language-to-translate-into=\"en\" data-phrase-index=\"0\" data-number-of-phrases=\"1\">divertente<\/span>.<br \/>\n<\/span><\/span><\/span><\/p>\n<p><strong>Certificazione OEKO-TEX STANDARD 100:<\/strong> <span lang=\"it\" xml:lang=\"it\"><span title=\"Prz\u0119dza posiada certyfikat Oeko-Tex standard 100 w klasie produkt\u00f3w dedykowanych niemowl\u0119tom.\">Il filato ha ottenuto il certificato Oeko-Tex Standard 100 \u2013 \u00e8 privo di sostanze nocive e sicuro per i bambini sin dalla nascita. Il certificato <\/span><span title=\"Gwarantuje to jego jako\u015b\u0107 i bezpiecze\u0144stwo.\">garantisce la qualit\u00e0 e sicurezza. <\/span><\/span><\/p>\n<p><strong>Bamb\u00f9 100%:<\/strong><\/p>\n<ul>\n<li><em>Ecologico, antibatterico, antifungine <\/em><\/li>\n<li><em>Antiallergico:<\/em> p<span class=\"VIiyi\" lang=\"it\"><span class=\"JLqJ4b ChMk0b\" data-language-for-alternatives=\"it\" data-language-to-translate-into=\"pl\" data-phrase-index=\"9\" data-number-of-phrases=\"25\"><span class=\"Q4iAWc\">erfetto per chi soffre di allergie.<\/span><\/span><\/span><em><br \/>\n<\/em><\/li>\n<li><em>Propriet\u00e0 di termoregolazione: <\/em><span lang=\"it\" xml:lang=\"it\"><span title=\"Prz\u0119dza bambusowa posiada w\u0142a\u015bciwo\u015bci termoregulacyjne, dzi\u0119ki czemu utrzymuje komfort cieplny, zapobiega przegrzaniu, oddycha i \u015bwietnie odprowadza wilgo\u0107.\">Mantiene il comfort termico, impedisce il surriscaldamento, \u00e8 traspirante.<\/span><\/span><\/li>\n<li><em><span lang=\"it\" xml:lang=\"it\"><span title=\"Prz\u0119dza bambusowa posiada w\u0142a\u015bciwo\u015bci termoregulacyjne, dzi\u0119ki czemu utrzymuje komfort cieplny, zapobiega przegrzaniu, oddycha i \u015bwietnie odprowadza wilgo\u0107.\">Superassorbente: <\/span><\/span><\/em><span lang=\"it\" xml:lang=\"it\"><span title=\"Prz\u0119dza bambusowa posiada w\u0142a\u015bciwo\u015bci termoregulacyjne, dzi\u0119ki czemu utrzymuje komfort cieplny, zapobiega przegrzaniu, oddycha i \u015bwietnie odprowadza wilgo\u0107.\">bamboo a<\/span><\/span>ssorbe l\u2019umidit\u00e0 del 60% meglio del cotone<\/li>\n<li><em><span class=\"VIiyi\" lang=\"it\"><span class=\"JLqJ4b ChMk0b\" data-language-for-alternatives=\"it\" data-language-to-translate-into=\"pl\" data-phrase-index=\"1\" data-number-of-phrases=\"25\"><span class=\"Q4iAWc\">Morbidissimo<\/span><\/span><\/span><\/em><\/li>\n<li><em><span class=\"VIiyi\" lang=\"it\"><span class=\"JLqJ4b ChMk0b\" data-language-for-alternatives=\"it\" data-language-to-translate-into=\"en\" data-phrase-index=\"11\" data-number-of-phrases=\"12\"><span class=\"Q4iAWc\">Rimane fresco pi\u00f9 a lungo rispetto alla fibra di cotone standard<\/span><\/span><\/span><\/em><\/li>\n<\/ul>\n<p><span class=\"VIiyi\" lang=\"it\"><span class=\"JLqJ4b ChMk0b\" data-language-for-alternatives=\"it\" data-language-to-translate-into=\"en\" data-phrase-index=\"5\" data-number-of-phrases=\"12\"><span class=\"Q4iAWc\"><strong>Un cappuccio e delle orecchie carine:<\/strong> permette di avvolgere completamente il bambino e asciugare anche la testa.<br \/>\n<\/span><\/span><\/span><\/p>\n<p><span class=\"VIiyi\" lang=\"it\"><span class=\"JLqJ4b ChMk0b\" data-language-for-alternatives=\"it\" data-language-to-translate-into=\"en\" data-phrase-index=\"2\" data-number-of-phrases=\"12\"><span class=\"Q4iAWc\"><strong>Asciuga rapidamente:<\/strong> rende l&#8217;asciugatura pi\u00f9 veloce<\/span><\/span> <\/span><\/p>\n<p><span class=\"VIiyi\" lang=\"it\"><span class=\"JLqJ4b ChMk0b\" data-language-for-alternatives=\"it\" data-language-to-translate-into=\"pl\" data-phrase-index=\"12\" data-number-of-phrases=\"25\"><span class=\"Q4iAWc\"><strong>Composizione:<\/strong> 100% viscosa di bamb\u00f9.<\/span><\/span> <\/span><\/p>\n<p><span class=\"HwtZe\" lang=\"it\"><span class=\"jCAhz ChMk0b\"><span class=\"ryNqvb\"><strong>Taglio pratico:<\/strong> sono veloci da indossare e facili da togliere.<\/span><\/span> <\/span><\/p>\n<p><span class=\"VIiyi\" lang=\"it\"><span class=\"JLqJ4b ChMk0b\" data-language-for-alternatives=\"it\" data-language-to-translate-into=\"pl\" data-phrase-index=\"18\" data-number-of-phrases=\"25\"><span class=\"Q4iAWc\">L&#8217;asciugamano non tinge. Lavabile in lavatrice.<\/span><\/span> <\/span><\/p>\n<p><span class=\"VIiyi\" lang=\"it\"><span class=\"JLqJ4b ChMk0b\" data-language-for-alternatives=\"it\" data-language-to-translate-into=\"pl\" data-phrase-index=\"20\" data-number-of-phrases=\"25\"><span class=\"Q4iAWc\"><span class=\"JLqJ4b\" data-language-for-alternatives=\"it\" data-language-to-translate-into=\"en\" data-phrase-index=\"0\" data-number-of-phrases=\"1\"><span class=\"HwtZe\" lang=\"it\"> <span class=\"jCAhz ChMk0b\"><span class=\"ryNqvb\">Dimensioni, piegato, piatto, senza cappuccio: 60 x 70 cm.<\/span><\/span><\/span><\/span><\/span><\/span> <\/span><\/p>\n<p><span class=\"VIiyi\" lang=\"it\"><span class=\"JLqJ4b ChMk0b\" data-language-for-alternatives=\"it\" data-language-to-translate-into=\"pl\" data-phrase-index=\"22\" data-number-of-phrases=\"25\"><span class=\"Q4iAWc\">Prodotto in UE<\/span><\/span>\u00a0<\/span><\/p>\n<p><span class=\"VIiyi\" lang=\"it\"><span class=\"JLqJ4b\" data-language-for-alternatives=\"it\" data-language-to-translate-into=\"en\" data-phrase-index=\"0\" data-number-of-phrases=\"1\"><span class=\"Q4iAWc\">Disponibile in colori: Azzurro, Rosa, Grigio e Bianco&amp;Nero serie MRB<\/span><\/span><\/span><\/p>\n","protected":false},"excerpt":{"rendered":"<p><span class=\"VIiyi\" lang=\"it\"><span class=\"JLqJ4b ChMk0b\" data-language-for-alternatives=\"it\" data-language-to-translate-into=\"en\" data-phrase-index=\"0\" data-number-of-phrases=\"12\"><span class=\"Q4iAWc\">Poncho <span class=\"JLqJ4b\" data-language-for-alternatives=\"it\" data-language-to-translate-into=\"en\" data-phrase-index=\"0\" data-number-of-phrases=\"1\">deliziosamente morbido<\/span> per bambino <span class=\"HwtZe\" lang=\"it\"><span class=\"jCAhz ChMk0b\"><span class=\"ryNqvb\">da 1 a 4 anni<\/span><\/span><\/span> in bamb\u00f9 naturale con cappuccio <span class=\"JLqJ4b\" data-language-for-alternatives=\"it\" data-language-to-translate-into=\"en\" data-phrase-index=\"0\" data-number-of-phrases=\"1\">divertente<\/span>. <\/span><\/span><\/span><span class=\"VIiyi\" lang=\"it\"><span class=\"JLqJ4b ChMk0b\" data-language-for-alternatives=\"it\" data-language-to-translate-into=\"en\" data-phrase-index=\"0\" data-number-of-phrases=\"12\"><span class=\"Q4iAWc\"><span class=\"JLqJ4b\" data-language-for-alternatives=\"it\" data-language-to-translate-into=\"en\" data-phrase-index=\"0\" data-number-of-phrases=\"1\">Ideale per la cura quotidiana del bambino, cos\u00ec come per i viaggi, in piscina o al mare. Comodo cappuccio, grandi dimensioni e orecchie dolci sono indubbi vantaggi del prodotto. Le orecchie carine aggiungono fascino. La fibra di bamb\u00f9 \u00e8 durevole, ipoallergenica, antibatterica e resistente ai raggi UV. La fibra di bamb\u00f9 fornisce una ventilazione superiore e propriet\u00e0 traspiranti. Molto assorbente, ad asciugatura rapida. Mantiene la freschezza pi\u00f9 a lungo del normale cotone. <span class=\"HwtZe\" lang=\"it\"><span class=\"jCAhz ChMk0b\"><span class=\"ryNqvb\">Grazie al taglio pratico, sono veloci da indossare e facili da togliere.<\/span><\/span> <\/span><\/span><\/span><\/span><\/span><\/p>\n","protected":false},"featured_media":5444,"comment_status":"open","ping_status":"closed","template":"","meta":[],"product_brand":[],"product_cat":[124,136,106],"product_tag":[],"class_list":{"0":"post-5439","1":"product","2":"type-product","3":"status-publish","4":"has-post-thumbnail","6":"product_cat-asciugamani-e-accappatoi","7":"product_cat-asciugamano","8":"product_cat-bagnetto","10":"first","11":"instock","12":"taxable","13":"shipping-taxable","14":"purchasable","15":"product-type-variable"},"yoast_head":"<!-- This site is optimized with the Yoast SEO plugin v27.3 - https:\/\/yoast.com\/product\/yoast-seo-wordpress\/ -->\n<title>Poncho per Bambino in Bamb\u00f9 con Cappuccio - EcoBiOlia<\/title>\n<meta name=\"description\" content=\"Poncho deliziosamente morbido per bambino in bamb\u00f9 naturale con cappuccio divertente. Le orecchie carine aggiungono fascino.\" \/>\n<meta name=\"robots\" content=\"index, follow, max-snippet:-1, max-image-preview:large, max-video-preview:-1\" \/>\n<link rel=\"canonical\" href=\"https:\/\/ecobiolia.it\/it_it\/prodotto\/poncho-per-bambino-in-bambu-con-cappuccio\/\" \/>\n<meta property=\"og:locale\" content=\"it_IT\" \/>\n<meta property=\"og:type\" content=\"article\" \/>\n<meta property=\"og:title\" content=\"Poncho per Bambino in Bamb\u00f9 con Cappuccio - EcoBiOlia\" \/>\n<meta property=\"og:description\" content=\"Poncho deliziosamente morbido per bambino in bamb\u00f9 naturale con cappuccio divertente. Le orecchie carine aggiungono fascino.\" \/>\n<meta property=\"og:url\" content=\"https:\/\/ecobiolia.it\/it_it\/prodotto\/poncho-per-bambino-in-bambu-con-cappuccio\/\" \/>\n<meta property=\"og:site_name\" content=\"EcoBiOlia\" \/>\n<meta property=\"article:modified_time\" content=\"2024-03-03T18:22:23+00:00\" \/>\n<meta property=\"og:image\" content=\"https:\/\/ecobiolia.it\/wp-content\/uploads\/2023\/05\/Poncio-bambino-in-bambu.png\" \/>\n\t<meta property=\"og:image:width\" content=\"1032\" \/>\n\t<meta property=\"og:image:height\" content=\"1032\" \/>\n\t<meta property=\"og:image:type\" content=\"image\/png\" \/>\n<meta name=\"twitter:card\" content=\"summary_large_image\" \/>\n<meta name=\"twitter:label1\" content=\"Tempo di lettura stimato\" \/>\n\t<meta name=\"twitter:data1\" content=\"2 minuti\" \/>\n<script type=\"application\/ld+json\" class=\"yoast-schema-graph\">{\"@context\":\"https:\\\/\\\/schema.org\",\"@graph\":[{\"@type\":\"WebPage\",\"@id\":\"https:\\\/\\\/ecobiolia.it\\\/prodotto\\\/poncho-per-bambino-in-bambu-con-cappuccio\\\/\",\"url\":\"https:\\\/\\\/ecobiolia.it\\\/prodotto\\\/poncho-per-bambino-in-bambu-con-cappuccio\\\/\",\"name\":\"Poncho per Bambino in Bamb\u00f9 con Cappuccio - EcoBiOlia\",\"isPartOf\":{\"@id\":\"https:\\\/\\\/ecobiolia.it\\\/it_it\\\/#website\"},\"primaryImageOfPage\":{\"@id\":\"https:\\\/\\\/ecobiolia.it\\\/prodotto\\\/poncho-per-bambino-in-bambu-con-cappuccio\\\/#primaryimage\"},\"image\":{\"@id\":\"https:\\\/\\\/ecobiolia.it\\\/prodotto\\\/poncho-per-bambino-in-bambu-con-cappuccio\\\/#primaryimage\"},\"thumbnailUrl\":\"https:\\\/\\\/ecobiolia.it\\\/wp-content\\\/uploads\\\/2023\\\/05\\\/Poncio-bambino-in-bambu.png\",\"datePublished\":\"2023-05-29T11:37:53+00:00\",\"dateModified\":\"2024-03-03T18:22:23+00:00\",\"description\":\"Poncho deliziosamente morbido per bambino in bamb\u00f9 naturale con cappuccio divertente. Le orecchie carine aggiungono fascino.\",\"breadcrumb\":{\"@id\":\"https:\\\/\\\/ecobiolia.it\\\/prodotto\\\/poncho-per-bambino-in-bambu-con-cappuccio\\\/#breadcrumb\"},\"inLanguage\":\"it-IT\",\"potentialAction\":[{\"@type\":\"ReadAction\",\"target\":[\"https:\\\/\\\/ecobiolia.it\\\/prodotto\\\/poncho-per-bambino-in-bambu-con-cappuccio\\\/\"]}]},{\"@type\":\"ImageObject\",\"inLanguage\":\"it-IT\",\"@id\":\"https:\\\/\\\/ecobiolia.it\\\/prodotto\\\/poncho-per-bambino-in-bambu-con-cappuccio\\\/#primaryimage\",\"url\":\"https:\\\/\\\/ecobiolia.it\\\/wp-content\\\/uploads\\\/2023\\\/05\\\/Poncio-bambino-in-bambu.png\",\"contentUrl\":\"https:\\\/\\\/ecobiolia.it\\\/wp-content\\\/uploads\\\/2023\\\/05\\\/Poncio-bambino-in-bambu.png\",\"width\":1032,\"height\":1032},{\"@type\":\"BreadcrumbList\",\"@id\":\"https:\\\/\\\/ecobiolia.it\\\/prodotto\\\/poncho-per-bambino-in-bambu-con-cappuccio\\\/#breadcrumb\",\"itemListElement\":[{\"@type\":\"ListItem\",\"position\":1,\"name\":\"Home\",\"item\":\"https:\\\/\\\/ecobiolia.it\\\/\"},{\"@type\":\"ListItem\",\"position\":2,\"name\":\"Negozio\",\"item\":\"https:\\\/\\\/ecobiolia.it\\\/negozio\\\/\"},{\"@type\":\"ListItem\",\"position\":3,\"name\":\"Poncho per Bambino in Bamb\u00f9 con Cappuccio\"}]},{\"@type\":\"WebSite\",\"@id\":\"https:\\\/\\\/ecobiolia.it\\\/it_it\\\/#website\",\"url\":\"https:\\\/\\\/ecobiolia.it\\\/it_it\\\/\",\"name\":\"EcoBiOlia\",\"description\":\"Negozio Ecologico per Bambini e Adulti\",\"publisher\":{\"@id\":\"https:\\\/\\\/ecobiolia.it\\\/it_it\\\/#organization\"},\"potentialAction\":[{\"@type\":\"SearchAction\",\"target\":{\"@type\":\"EntryPoint\",\"urlTemplate\":\"https:\\\/\\\/ecobiolia.it\\\/it_it\\\/?s={search_term_string}\"},\"query-input\":{\"@type\":\"PropertyValueSpecification\",\"valueRequired\":true,\"valueName\":\"search_term_string\"}}],\"inLanguage\":\"it-IT\"},{\"@type\":\"Organization\",\"@id\":\"https:\\\/\\\/ecobiolia.it\\\/it_it\\\/#organization\",\"name\":\"EcoBiOlia\",\"url\":\"https:\\\/\\\/ecobiolia.it\\\/it_it\\\/\",\"logo\":{\"@type\":\"ImageObject\",\"inLanguage\":\"it-IT\",\"@id\":\"https:\\\/\\\/ecobiolia.it\\\/it_it\\\/#\\\/schema\\\/logo\\\/image\\\/\",\"url\":\"https:\\\/\\\/ecobiolia.it\\\/wp-content\\\/uploads\\\/2022\\\/04\\\/EcoBiOlia-Logo.png\",\"contentUrl\":\"https:\\\/\\\/ecobiolia.it\\\/wp-content\\\/uploads\\\/2022\\\/04\\\/EcoBiOlia-Logo.png\",\"width\":1772,\"height\":944,\"caption\":\"EcoBiOlia\"},\"image\":{\"@id\":\"https:\\\/\\\/ecobiolia.it\\\/it_it\\\/#\\\/schema\\\/logo\\\/image\\\/\"}}]}<\/script>\n<!-- \/ Yoast SEO plugin. -->","yoast_head_json":{"title":"Poncho per Bambino in Bamb\u00f9 con Cappuccio - EcoBiOlia","description":"Poncho deliziosamente morbido per bambino in bamb\u00f9 naturale con cappuccio divertente. Le orecchie carine aggiungono fascino.","robots":{"index":"index","follow":"follow","max-snippet":"max-snippet:-1","max-image-preview":"max-image-preview:large","max-video-preview":"max-video-preview:-1"},"canonical":"https:\/\/ecobiolia.it\/it_it\/prodotto\/poncho-per-bambino-in-bambu-con-cappuccio\/","og_locale":"it_IT","og_type":"article","og_title":"Poncho per Bambino in Bamb\u00f9 con Cappuccio - EcoBiOlia","og_description":"Poncho deliziosamente morbido per bambino in bamb\u00f9 naturale con cappuccio divertente. Le orecchie carine aggiungono fascino.","og_url":"https:\/\/ecobiolia.it\/it_it\/prodotto\/poncho-per-bambino-in-bambu-con-cappuccio\/","og_site_name":"EcoBiOlia","article_modified_time":"2024-03-03T18:22:23+00:00","og_image":[{"width":1032,"height":1032,"url":"https:\/\/ecobiolia.it\/wp-content\/uploads\/2023\/05\/Poncio-bambino-in-bambu.png","type":"image\/png"}],"twitter_card":"summary_large_image","twitter_misc":{"Tempo di lettura stimato":"2 minuti"},"schema":{"@context":"https:\/\/schema.org","@graph":[{"@type":"WebPage","@id":"https:\/\/ecobiolia.it\/prodotto\/poncho-per-bambino-in-bambu-con-cappuccio\/","url":"https:\/\/ecobiolia.it\/prodotto\/poncho-per-bambino-in-bambu-con-cappuccio\/","name":"Poncho per Bambino in Bamb\u00f9 con Cappuccio - EcoBiOlia","isPartOf":{"@id":"https:\/\/ecobiolia.it\/it_it\/#website"},"primaryImageOfPage":{"@id":"https:\/\/ecobiolia.it\/prodotto\/poncho-per-bambino-in-bambu-con-cappuccio\/#primaryimage"},"image":{"@id":"https:\/\/ecobiolia.it\/prodotto\/poncho-per-bambino-in-bambu-con-cappuccio\/#primaryimage"},"thumbnailUrl":"https:\/\/ecobiolia.it\/wp-content\/uploads\/2023\/05\/Poncio-bambino-in-bambu.png","datePublished":"2023-05-29T11:37:53+00:00","dateModified":"2024-03-03T18:22:23+00:00","description":"Poncho deliziosamente morbido per bambino in bamb\u00f9 naturale con cappuccio divertente. Le orecchie carine aggiungono fascino.","breadcrumb":{"@id":"https:\/\/ecobiolia.it\/prodotto\/poncho-per-bambino-in-bambu-con-cappuccio\/#breadcrumb"},"inLanguage":"it-IT","potentialAction":[{"@type":"ReadAction","target":["https:\/\/ecobiolia.it\/prodotto\/poncho-per-bambino-in-bambu-con-cappuccio\/"]}]},{"@type":"ImageObject","inLanguage":"it-IT","@id":"https:\/\/ecobiolia.it\/prodotto\/poncho-per-bambino-in-bambu-con-cappuccio\/#primaryimage","url":"https:\/\/ecobiolia.it\/wp-content\/uploads\/2023\/05\/Poncio-bambino-in-bambu.png","contentUrl":"https:\/\/ecobiolia.it\/wp-content\/uploads\/2023\/05\/Poncio-bambino-in-bambu.png","width":1032,"height":1032},{"@type":"BreadcrumbList","@id":"https:\/\/ecobiolia.it\/prodotto\/poncho-per-bambino-in-bambu-con-cappuccio\/#breadcrumb","itemListElement":[{"@type":"ListItem","position":1,"name":"Home","item":"https:\/\/ecobiolia.it\/"},{"@type":"ListItem","position":2,"name":"Negozio","item":"https:\/\/ecobiolia.it\/negozio\/"},{"@type":"ListItem","position":3,"name":"Poncho per Bambino in Bamb\u00f9 con Cappuccio"}]},{"@type":"WebSite","@id":"https:\/\/ecobiolia.it\/it_it\/#website","url":"https:\/\/ecobiolia.it\/it_it\/","name":"EcoBiOlia","description":"Negozio Ecologico per Bambini e Adulti","publisher":{"@id":"https:\/\/ecobiolia.it\/it_it\/#organization"},"potentialAction":[{"@type":"SearchAction","target":{"@type":"EntryPoint","urlTemplate":"https:\/\/ecobiolia.it\/it_it\/?s={search_term_string}"},"query-input":{"@type":"PropertyValueSpecification","valueRequired":true,"valueName":"search_term_string"}}],"inLanguage":"it-IT"},{"@type":"Organization","@id":"https:\/\/ecobiolia.it\/it_it\/#organization","name":"EcoBiOlia","url":"https:\/\/ecobiolia.it\/it_it\/","logo":{"@type":"ImageObject","inLanguage":"it-IT","@id":"https:\/\/ecobiolia.it\/it_it\/#\/schema\/logo\/image\/","url":"https:\/\/ecobiolia.it\/wp-content\/uploads\/2022\/04\/EcoBiOlia-Logo.png","contentUrl":"https:\/\/ecobiolia.it\/wp-content\/uploads\/2022\/04\/EcoBiOlia-Logo.png","width":1772,"height":944,"caption":"EcoBiOlia"},"image":{"@id":"https:\/\/ecobiolia.it\/it_it\/#\/schema\/logo\/image\/"}}]}},"jetpack-related-posts":[{"id":4059,"url":"https:\/\/ecobiolia.it\/it_it\/prodotto\/asciugamano-bambino-in-bambu-con-cappuccio-grigio\/","url_meta":{"origin":5439,"position":0},"title":"Asciugamano Bambino in Bamb\u00f9 con Cappuccio &#8211; Grigio","author":"Olga","date":"22 Agosto 2022","format":false,"excerpt":"Un asciugamano deliziosamente morbido per bambino in bamb\u00f9 naturale con cappuccio divertente. Ideale per la cura quotidiana del bambino, cos\u00ec come per i viaggi, in piscina o al mare. Comodo cappuccio, grandi dimensioni e orecchie dolci sono indubbi vantaggi del prodotto. Le orecchie carine aggiungono fascino. La fibra di bamb\u00f9\u2026","rel":"","context":"Articolo simile","block_context":{"text":"Articolo simile","link":""},"img":{"alt_text":"","src":"https:\/\/i0.wp.com\/ecobiolia.it\/wp-content\/uploads\/2022\/08\/175.png?resize=350%2C200&ssl=1","width":350,"height":200,"srcset":"https:\/\/i0.wp.com\/ecobiolia.it\/wp-content\/uploads\/2022\/08\/175.png?resize=350%2C200&ssl=1 1x, https:\/\/i0.wp.com\/ecobiolia.it\/wp-content\/uploads\/2022\/08\/175.png?resize=525%2C300&ssl=1 1.5x, https:\/\/i0.wp.com\/ecobiolia.it\/wp-content\/uploads\/2022\/08\/175.png?resize=700%2C400&ssl=1 2x, https:\/\/i0.wp.com\/ecobiolia.it\/wp-content\/uploads\/2022\/08\/175.png?resize=1050%2C600&ssl=1 3x"},"classes":[]},{"id":4076,"url":"https:\/\/ecobiolia.it\/it_it\/prodotto\/asciugamano-bambino-in-bambu-con-cappuccio-mr-b\/","url_meta":{"origin":5439,"position":1},"title":"Asciugamano Bambino in Bamb\u00f9 con Cappuccio &#8211; Mr B","author":"Olga","date":"22 Agosto 2022","format":false,"excerpt":"Un asciugamano deliziosamente morbido per bambino in bamb\u00f9 naturale con cappuccio divertente. Ideale per la cura quotidiana del bambino, cos\u00ec come per i viaggi, in piscina o al mare. Comodo cappuccio, grandi dimensioni e orecchie dolci sono indubbi vantaggi del prodotto. Le orecchie carine aggiungono fascino. La fibra di bamb\u00f9\u2026","rel":"","context":"Articolo simile","block_context":{"text":"Articolo simile","link":""},"img":{"alt_text":"","src":"https:\/\/i0.wp.com\/ecobiolia.it\/wp-content\/uploads\/2022\/08\/549.jpg?resize=350%2C200&ssl=1","width":350,"height":200,"srcset":"https:\/\/i0.wp.com\/ecobiolia.it\/wp-content\/uploads\/2022\/08\/549.jpg?resize=350%2C200&ssl=1 1x, https:\/\/i0.wp.com\/ecobiolia.it\/wp-content\/uploads\/2022\/08\/549.jpg?resize=525%2C300&ssl=1 1.5x, https:\/\/i0.wp.com\/ecobiolia.it\/wp-content\/uploads\/2022\/08\/549.jpg?resize=700%2C400&ssl=1 2x"},"classes":[]},{"id":3694,"url":"https:\/\/ecobiolia.it\/it_it\/prodotto\/asciugamano-neonato-in-bambu-con-tracolla-grigio\/","url_meta":{"origin":5439,"position":2},"title":"Asciugamano Neonato in Bamb\u00f9 con Tracolla &#8211; Grigio","author":"Olga","date":"5 Agosto 2022","format":false,"excerpt":"Un morbidissimo asciugamano per neonato in bamb\u00f9 naturale con cappuccio e una pratica tracolla unica per i genitori. Grazie alla viscosa di bamb\u00f9, il nostro asciugamano per bambini \u00e8 altamente assorbente e si asciuga rapidamente. \u00c8 perfetto per la cura quotidiana e rende il bagnetto molto pi\u00f9 facile e sicuro.\u2026","rel":"","context":"Articolo simile","block_context":{"text":"Articolo simile","link":""},"img":{"alt_text":"","src":"https:\/\/i0.wp.com\/ecobiolia.it\/wp-content\/uploads\/2022\/08\/4006.jpg?resize=350%2C200&ssl=1","width":350,"height":200,"srcset":"https:\/\/i0.wp.com\/ecobiolia.it\/wp-content\/uploads\/2022\/08\/4006.jpg?resize=350%2C200&ssl=1 1x, https:\/\/i0.wp.com\/ecobiolia.it\/wp-content\/uploads\/2022\/08\/4006.jpg?resize=525%2C300&ssl=1 1.5x, https:\/\/i0.wp.com\/ecobiolia.it\/wp-content\/uploads\/2022\/08\/4006.jpg?resize=700%2C400&ssl=1 2x, https:\/\/i0.wp.com\/ecobiolia.it\/wp-content\/uploads\/2022\/08\/4006.jpg?resize=1050%2C600&ssl=1 3x"},"classes":[]},{"id":4181,"url":"https:\/\/ecobiolia.it\/it_it\/prodotto\/asciugamano-neonato-in-bambu-con-tracolla-mr-b\/","url_meta":{"origin":5439,"position":3},"title":"Asciugamano Neonato in Bamb\u00f9 con Tracolla &#8211; Mr B","author":"Olga","date":"22 Agosto 2022","format":false,"excerpt":"Un morbidissimo asciugamano per neonato in bamb\u00f9 naturale con cappuccio e una pratica tracolla unica per i genitori. Grazie alla viscosa di bamb\u00f9, il nostro asciugamano per bambini \u00e8 altamente assorbente e si asciuga rapidamente. \u00c8 perfetto per la cura quotidiana e rende il bagnetto molto pi\u00f9 facile e sicuro.\u2026","rel":"","context":"Articolo simile","block_context":{"text":"Articolo simile","link":""},"img":{"alt_text":"","src":"https:\/\/i0.wp.com\/ecobiolia.it\/wp-content\/uploads\/2022\/08\/3559.jpg?resize=350%2C200&ssl=1","width":350,"height":200,"srcset":"https:\/\/i0.wp.com\/ecobiolia.it\/wp-content\/uploads\/2022\/08\/3559.jpg?resize=350%2C200&ssl=1 1x, https:\/\/i0.wp.com\/ecobiolia.it\/wp-content\/uploads\/2022\/08\/3559.jpg?resize=525%2C300&ssl=1 1.5x, https:\/\/i0.wp.com\/ecobiolia.it\/wp-content\/uploads\/2022\/08\/3559.jpg?resize=700%2C400&ssl=1 2x"},"classes":[]},{"id":3332,"url":"https:\/\/ecobiolia.it\/it_it\/prodotto\/cuscino-piatto-in-mussola-di-bambu-e-cotone\/","url_meta":{"origin":5439,"position":4},"title":"Cuscino Piatto in Mussola di Bamb\u00f9 e Cotone","author":"Olga","date":"16 Luglio 2022","format":false,"excerpt":"Cuscino Piatto in Mussola di Bamb\u00f9 e Cotone con un'adeguata trapuntatura garantisce il comfort e la sicurezza di un bambino. Il suo spessore \u00e8 di pochi centimetri, e allo stesso tempo \u00e8 estremamente morbido! Il tessuto ha il pi\u00f9 alto certificato Oeko-Tex standard 100, che garantisce la sicurezza dell'utilizzo del\u2026","rel":"","context":"Articolo simile","block_context":{"text":"Articolo simile","link":""},"img":{"alt_text":"","src":"https:\/\/i0.wp.com\/ecobiolia.it\/wp-content\/uploads\/2022\/08\/8494.jpg?resize=350%2C200&ssl=1","width":350,"height":200,"srcset":"https:\/\/i0.wp.com\/ecobiolia.it\/wp-content\/uploads\/2022\/08\/8494.jpg?resize=350%2C200&ssl=1 1x, https:\/\/i0.wp.com\/ecobiolia.it\/wp-content\/uploads\/2022\/08\/8494.jpg?resize=525%2C300&ssl=1 1.5x, https:\/\/i0.wp.com\/ecobiolia.it\/wp-content\/uploads\/2022\/08\/8494.jpg?resize=700%2C400&ssl=1 2x, https:\/\/i0.wp.com\/ecobiolia.it\/wp-content\/uploads\/2022\/08\/8494.jpg?resize=1050%2C600&ssl=1 3x"},"classes":[]},{"id":2332,"url":"https:\/\/ecobiolia.it\/it_it\/prodotto\/lullalove-copertina-traforata-in-bamboo-margherita\/","url_meta":{"origin":5439,"position":5},"title":"Copertina Traforata per Neonato in Bamboo &#8211; Margherita","author":"Olga","date":"20 Giugno 2022","format":false,"excerpt":"Stai cercando la copertina traforata in bamboo pi\u00f9 bella del mondo? Eccola! \u00c8 molto morbida, elegante e disponibile in molti colori. Realizzata in filato naturale al 100%, adatta fin dal primo giorno grazie alla trama traforata. La copertina ha fantastiche propriet\u00e0 traspiranti e allo stesso tempo, offre comfort termico. L'utilizzo\u2026","rel":"","context":"Articolo simile","block_context":{"text":"Articolo simile","link":""},"img":{"alt_text":"","src":"https:\/\/i0.wp.com\/ecobiolia.it\/wp-content\/uploads\/2022\/06\/Lullalove-Coperta-Margherita-Crema-Caramello-1.jpg?resize=350%2C200&ssl=1","width":350,"height":200,"srcset":"https:\/\/i0.wp.com\/ecobiolia.it\/wp-content\/uploads\/2022\/06\/Lullalove-Coperta-Margherita-Crema-Caramello-1.jpg?resize=350%2C200&ssl=1 1x, https:\/\/i0.wp.com\/ecobiolia.it\/wp-content\/uploads\/2022\/06\/Lullalove-Coperta-Margherita-Crema-Caramello-1.jpg?resize=525%2C300&ssl=1 1.5x, https:\/\/i0.wp.com\/ecobiolia.it\/wp-content\/uploads\/2022\/06\/Lullalove-Coperta-Margherita-Crema-Caramello-1.jpg?resize=700%2C400&ssl=1 2x, https:\/\/i0.wp.com\/ecobiolia.it\/wp-content\/uploads\/2022\/06\/Lullalove-Coperta-Margherita-Crema-Caramello-1.jpg?resize=1050%2C600&ssl=1 3x, https:\/\/i0.wp.com\/ecobiolia.it\/wp-content\/uploads\/2022\/06\/Lullalove-Coperta-Margherita-Crema-Caramello-1.jpg?resize=1400%2C800&ssl=1 4x"},"classes":[]}],"jetpack_sharing_enabled":true,"_links":{"self":[{"href":"https:\/\/ecobiolia.it\/it_it\/wp-json\/wp\/v2\/product\/5439","targetHints":{"allow":["GET"]}}],"collection":[{"href":"https:\/\/ecobiolia.it\/it_it\/wp-json\/wp\/v2\/product"}],"about":[{"href":"https:\/\/ecobiolia.it\/it_it\/wp-json\/wp\/v2\/types\/product"}],"replies":[{"embeddable":true,"href":"https:\/\/ecobiolia.it\/it_it\/wp-json\/wp\/v2\/comments?post=5439"}],"version-history":[{"count":0,"href":"https:\/\/ecobiolia.it\/it_it\/wp-json\/wp\/v2\/product\/5439\/revisions"}],"wp:featuredmedia":[{"embeddable":true,"href":"https:\/\/ecobiolia.it\/it_it\/wp-json\/wp\/v2\/media\/5444"}],"wp:attachment":[{"href":"https:\/\/ecobiolia.it\/it_it\/wp-json\/wp\/v2\/media?parent=5439"}],"wp:term":[{"taxonomy":"product_brand","embeddable":true,"href":"https:\/\/ecobiolia.it\/it_it\/wp-json\/wp\/v2\/product_brand?post=5439"},{"taxonomy":"product_cat","embeddable":true,"href":"https:\/\/ecobiolia.it\/it_it\/wp-json\/wp\/v2\/product_cat?post=5439"},{"taxonomy":"product_tag","embeddable":true,"href":"https:\/\/ecobiolia.it\/it_it\/wp-json\/wp\/v2\/product_tag?post=5439"}],"curies":[{"name":"wp","href":"https:\/\/api.w.org\/{rel}","templated":true}]}}