{"id":5171,"date":"2023-03-02T07:55:39","date_gmt":"2023-03-02T07:55:39","guid":{"rendered":"https:\/\/ecobiolia.it\/?post_type=product&#038;p=5171"},"modified":"2026-03-29T19:44:37","modified_gmt":"2026-03-29T19:44:37","slug":"lanolina-pura-di-grande-capacita","status":"publish","type":"product","link":"https:\/\/ecobiolia.it\/it_it\/prodotto\/lanolina-pura-di-grande-capacita\/","title":{"rendered":"Lanolina Pura di Grande Capacit\u00e0"},"content":{"rendered":"<p><span class=\"HwtZe\" lang=\"it\"><span class=\"jCAhz ChMk0b\"><span class=\"ryNqvb\">Lanolina Pura di Grande Capacit\u00e0 \u00e8<\/span><\/span><\/span><span class=\"HwtZe\" lang=\"it\"><span class=\"jCAhz ChMk0b\"><span class=\"ryNqvb\"> un prodotto naturale al 100% senza additivi.<\/span><\/span><\/span><\/p>\n<p><span class=\"HwtZe\" lang=\"it\"> <span class=\"jCAhz ChMk0b\"><span class=\"ryNqvb\">Il colore pu\u00f2 variare da lotto a lotto, dal crema al giallo.<\/span><\/span> <\/span><\/p>\n<p><span class=\"HwtZe\" lang=\"it\"><span class=\"jCAhz ChMk0b\"><span class=\"ryNqvb\">Ingredienti\/Inci: Lanolina.<\/span><\/span> <\/span><\/p>\n<p><span class=\"HwtZe\" lang=\"it\"><span class=\"jCAhz ChMk0b\"><span class=\"ryNqvb\">Capacit\u00e0: 30 ml.<\/span><\/span><\/span><\/p>\n<p>&nbsp;<\/p>\n","protected":false},"excerpt":{"rendered":"<p><span class=\"VIiyi\" lang=\"it\"><span class=\"JLqJ4b ChMk0b\" data-language-for-alternatives=\"it\" data-language-to-translate-into=\"en\" data-phrase-index=\"0\" data-number-of-phrases=\"16\"><span class=\"Q4iAWc\"><span class=\"HwtZe\" lang=\"it\"><span class=\"jCAhz ChMk0b\"><span class=\"ryNqvb\">Lanolina pura di grande capacit\u00e0 di grado farmaceutico.<\/span><\/span> <span class=\"jCAhz ChMk0b\"><span class=\"ryNqvb\">Protegge l&#8217;epidermide danneggiata, per questo \u00e8 ottimo per abrasioni (anche quelle da scarpe) o angoli della bocca screpolati o lobi del naso, con naso che cola.<\/span><\/span> <span class=\"jCAhz ChMk0b\"><span class=\"ryNqvb\">\u00c8 praticamente inodore, il che \u00e8 particolarmente importante per i bambini che spesso non amano gli odori diversi.<\/span><\/span> <span class=\"jCAhz ChMk0b\"><span class=\"ryNqvb\">Usato durante l&#8217;allattamento al seno, aiuta a prevenire l&#8217;irritazione che pu\u00f2 verificarsi quando il bambino \u00e8 attaccato al seno.<\/span><\/span> <span class=\"jCAhz ChMk0b\"><span class=\"ryNqvb\">Non c&#8217;\u00e8 bisogno di lavarlo via prima di nutrirlo.<\/span><\/span> <span class=\"jCAhz ChMk0b\"><span class=\"ryNqvb\">Il suo utilizzo porta un grande sollievo e risparmia stress e dolore inutili che potrebbero verificarsi con i capezzoli doloranti.<\/span><\/span> <span class=\"jCAhz ChMk0b\"><span class=\"ryNqvb\">\u00c8 anche utile con dermatite da pannolino o dermatite da pannolino.<\/span><\/span><\/span><\/span><\/span> <\/span><\/p>\n","protected":false},"featured_media":5243,"comment_status":"open","ping_status":"closed","template":"","meta":[],"product_brand":[],"product_cat":[106,120,135,112,45],"product_tag":[],"class_list":{"0":"post-5171","1":"product","2":"type-product","3":"status-publish","4":"has-post-thumbnail","6":"product_cat-bagnetto","7":"product_cat-cosmetici","8":"product_cat-cosmetici-naturali","9":"product_cat-per-le-donne","10":"product_cat-prodotti-per-la-cura-del-corpo","12":"first","13":"outofstock","14":"taxable","15":"shipping-taxable","16":"purchasable","17":"product-type-simple"},"yoast_head":"<!-- This site is optimized with the Yoast SEO plugin v27.3 - https:\/\/yoast.com\/product\/yoast-seo-wordpress\/ -->\n<title>Lanolina Pura di Grande Capacit\u00e0 - EcoBiOlia<\/title>\n<meta name=\"robots\" content=\"index, follow, max-snippet:-1, max-image-preview:large, max-video-preview:-1\" \/>\n<link rel=\"canonical\" href=\"https:\/\/ecobiolia.it\/it_it\/prodotto\/lanolina-pura-di-grande-capacita\/\" \/>\n<meta property=\"og:locale\" content=\"it_IT\" \/>\n<meta property=\"og:type\" content=\"article\" \/>\n<meta property=\"og:title\" content=\"Lanolina Pura di Grande Capacit\u00e0 - EcoBiOlia\" \/>\n<meta property=\"og:description\" content=\"Lanolina pura di grande capacit\u00e0 di grado farmaceutico. Protegge l&#039;epidermide danneggiata, per questo \u00e8 ottimo per abrasioni (anche quelle da scarpe) o angoli della bocca screpolati o lobi del naso, con naso che cola. \u00c8 praticamente inodore, il che \u00e8 particolarmente importante per i bambini che spesso non amano gli odori diversi. Usato durante l&#039;allattamento al seno, aiuta a prevenire l&#039;irritazione che pu\u00f2 verificarsi quando il bambino \u00e8 attaccato al seno. Non c&#039;\u00e8 bisogno di lavarlo via prima di nutrirlo. Il suo utilizzo porta un grande sollievo e risparmia stress e dolore inutili che potrebbero verificarsi con i capezzoli doloranti. \u00c8 anche utile con dermatite da pannolino o dermatite da pannolino.\" \/>\n<meta property=\"og:url\" content=\"https:\/\/ecobiolia.it\/it_it\/prodotto\/lanolina-pura-di-grande-capacita\/\" \/>\n<meta property=\"og:site_name\" content=\"EcoBiOlia\" \/>\n<meta property=\"article:modified_time\" content=\"2026-03-29T19:44:37+00:00\" \/>\n<meta property=\"og:image\" content=\"https:\/\/ecobiolia.it\/wp-content\/uploads\/2023\/03\/Lanolina.jpg\" \/>\n\t<meta property=\"og:image:width\" content=\"1600\" \/>\n\t<meta property=\"og:image:height\" content=\"1423\" \/>\n\t<meta property=\"og:image:type\" content=\"image\/jpeg\" \/>\n<meta name=\"twitter:card\" content=\"summary_large_image\" \/>\n<meta name=\"twitter:label1\" content=\"Tempo di lettura stimato\" \/>\n\t<meta name=\"twitter:data1\" content=\"1 minuto\" \/>\n<script type=\"application\/ld+json\" class=\"yoast-schema-graph\">{\"@context\":\"https:\\\/\\\/schema.org\",\"@graph\":[{\"@type\":\"WebPage\",\"@id\":\"https:\\\/\\\/ecobiolia.it\\\/prodotto\\\/lanolina-pura-di-grande-capacita\\\/\",\"url\":\"https:\\\/\\\/ecobiolia.it\\\/prodotto\\\/lanolina-pura-di-grande-capacita\\\/\",\"name\":\"Lanolina Pura di Grande Capacit\u00e0 - EcoBiOlia\",\"isPartOf\":{\"@id\":\"https:\\\/\\\/ecobiolia.it\\\/it_it\\\/#website\"},\"primaryImageOfPage\":{\"@id\":\"https:\\\/\\\/ecobiolia.it\\\/prodotto\\\/lanolina-pura-di-grande-capacita\\\/#primaryimage\"},\"image\":{\"@id\":\"https:\\\/\\\/ecobiolia.it\\\/prodotto\\\/lanolina-pura-di-grande-capacita\\\/#primaryimage\"},\"thumbnailUrl\":\"https:\\\/\\\/ecobiolia.it\\\/wp-content\\\/uploads\\\/2023\\\/03\\\/Lanolina.jpg\",\"datePublished\":\"2023-03-02T07:55:39+00:00\",\"dateModified\":\"2026-03-29T19:44:37+00:00\",\"breadcrumb\":{\"@id\":\"https:\\\/\\\/ecobiolia.it\\\/prodotto\\\/lanolina-pura-di-grande-capacita\\\/#breadcrumb\"},\"inLanguage\":\"it-IT\",\"potentialAction\":[{\"@type\":\"ReadAction\",\"target\":[\"https:\\\/\\\/ecobiolia.it\\\/prodotto\\\/lanolina-pura-di-grande-capacita\\\/\"]}]},{\"@type\":\"ImageObject\",\"inLanguage\":\"it-IT\",\"@id\":\"https:\\\/\\\/ecobiolia.it\\\/prodotto\\\/lanolina-pura-di-grande-capacita\\\/#primaryimage\",\"url\":\"https:\\\/\\\/ecobiolia.it\\\/wp-content\\\/uploads\\\/2023\\\/03\\\/Lanolina.jpg\",\"contentUrl\":\"https:\\\/\\\/ecobiolia.it\\\/wp-content\\\/uploads\\\/2023\\\/03\\\/Lanolina.jpg\",\"width\":1600,\"height\":1423},{\"@type\":\"BreadcrumbList\",\"@id\":\"https:\\\/\\\/ecobiolia.it\\\/prodotto\\\/lanolina-pura-di-grande-capacita\\\/#breadcrumb\",\"itemListElement\":[{\"@type\":\"ListItem\",\"position\":1,\"name\":\"Home\",\"item\":\"https:\\\/\\\/ecobiolia.it\\\/\"},{\"@type\":\"ListItem\",\"position\":2,\"name\":\"Negozio\",\"item\":\"https:\\\/\\\/ecobiolia.it\\\/negozio\\\/\"},{\"@type\":\"ListItem\",\"position\":3,\"name\":\"Lanolina Pura di Grande Capacit\u00e0\"}]},{\"@type\":\"WebSite\",\"@id\":\"https:\\\/\\\/ecobiolia.it\\\/it_it\\\/#website\",\"url\":\"https:\\\/\\\/ecobiolia.it\\\/it_it\\\/\",\"name\":\"EcoBiOlia\",\"description\":\"Negozio Ecologico per Bambini e Adulti\",\"publisher\":{\"@id\":\"https:\\\/\\\/ecobiolia.it\\\/it_it\\\/#organization\"},\"potentialAction\":[{\"@type\":\"SearchAction\",\"target\":{\"@type\":\"EntryPoint\",\"urlTemplate\":\"https:\\\/\\\/ecobiolia.it\\\/it_it\\\/?s={search_term_string}\"},\"query-input\":{\"@type\":\"PropertyValueSpecification\",\"valueRequired\":true,\"valueName\":\"search_term_string\"}}],\"inLanguage\":\"it-IT\"},{\"@type\":\"Organization\",\"@id\":\"https:\\\/\\\/ecobiolia.it\\\/it_it\\\/#organization\",\"name\":\"EcoBiOlia\",\"url\":\"https:\\\/\\\/ecobiolia.it\\\/it_it\\\/\",\"logo\":{\"@type\":\"ImageObject\",\"inLanguage\":\"it-IT\",\"@id\":\"https:\\\/\\\/ecobiolia.it\\\/it_it\\\/#\\\/schema\\\/logo\\\/image\\\/\",\"url\":\"https:\\\/\\\/ecobiolia.it\\\/wp-content\\\/uploads\\\/2022\\\/04\\\/EcoBiOlia-Logo.png\",\"contentUrl\":\"https:\\\/\\\/ecobiolia.it\\\/wp-content\\\/uploads\\\/2022\\\/04\\\/EcoBiOlia-Logo.png\",\"width\":1772,\"height\":944,\"caption\":\"EcoBiOlia\"},\"image\":{\"@id\":\"https:\\\/\\\/ecobiolia.it\\\/it_it\\\/#\\\/schema\\\/logo\\\/image\\\/\"}}]}<\/script>\n<!-- \/ Yoast SEO plugin. -->","yoast_head_json":{"title":"Lanolina Pura di Grande Capacit\u00e0 - EcoBiOlia","robots":{"index":"index","follow":"follow","max-snippet":"max-snippet:-1","max-image-preview":"max-image-preview:large","max-video-preview":"max-video-preview:-1"},"canonical":"https:\/\/ecobiolia.it\/it_it\/prodotto\/lanolina-pura-di-grande-capacita\/","og_locale":"it_IT","og_type":"article","og_title":"Lanolina Pura di Grande Capacit\u00e0 - EcoBiOlia","og_description":"Lanolina pura di grande capacit\u00e0 di grado farmaceutico. Protegge l'epidermide danneggiata, per questo \u00e8 ottimo per abrasioni (anche quelle da scarpe) o angoli della bocca screpolati o lobi del naso, con naso che cola. \u00c8 praticamente inodore, il che \u00e8 particolarmente importante per i bambini che spesso non amano gli odori diversi. Usato durante l'allattamento al seno, aiuta a prevenire l'irritazione che pu\u00f2 verificarsi quando il bambino \u00e8 attaccato al seno. Non c'\u00e8 bisogno di lavarlo via prima di nutrirlo. Il suo utilizzo porta un grande sollievo e risparmia stress e dolore inutili che potrebbero verificarsi con i capezzoli doloranti. \u00c8 anche utile con dermatite da pannolino o dermatite da pannolino.","og_url":"https:\/\/ecobiolia.it\/it_it\/prodotto\/lanolina-pura-di-grande-capacita\/","og_site_name":"EcoBiOlia","article_modified_time":"2026-03-29T19:44:37+00:00","og_image":[{"width":1600,"height":1423,"url":"https:\/\/ecobiolia.it\/wp-content\/uploads\/2023\/03\/Lanolina.jpg","type":"image\/jpeg"}],"twitter_card":"summary_large_image","twitter_misc":{"Tempo di lettura stimato":"1 minuto"},"schema":{"@context":"https:\/\/schema.org","@graph":[{"@type":"WebPage","@id":"https:\/\/ecobiolia.it\/prodotto\/lanolina-pura-di-grande-capacita\/","url":"https:\/\/ecobiolia.it\/prodotto\/lanolina-pura-di-grande-capacita\/","name":"Lanolina Pura di Grande Capacit\u00e0 - EcoBiOlia","isPartOf":{"@id":"https:\/\/ecobiolia.it\/it_it\/#website"},"primaryImageOfPage":{"@id":"https:\/\/ecobiolia.it\/prodotto\/lanolina-pura-di-grande-capacita\/#primaryimage"},"image":{"@id":"https:\/\/ecobiolia.it\/prodotto\/lanolina-pura-di-grande-capacita\/#primaryimage"},"thumbnailUrl":"https:\/\/ecobiolia.it\/wp-content\/uploads\/2023\/03\/Lanolina.jpg","datePublished":"2023-03-02T07:55:39+00:00","dateModified":"2026-03-29T19:44:37+00:00","breadcrumb":{"@id":"https:\/\/ecobiolia.it\/prodotto\/lanolina-pura-di-grande-capacita\/#breadcrumb"},"inLanguage":"it-IT","potentialAction":[{"@type":"ReadAction","target":["https:\/\/ecobiolia.it\/prodotto\/lanolina-pura-di-grande-capacita\/"]}]},{"@type":"ImageObject","inLanguage":"it-IT","@id":"https:\/\/ecobiolia.it\/prodotto\/lanolina-pura-di-grande-capacita\/#primaryimage","url":"https:\/\/ecobiolia.it\/wp-content\/uploads\/2023\/03\/Lanolina.jpg","contentUrl":"https:\/\/ecobiolia.it\/wp-content\/uploads\/2023\/03\/Lanolina.jpg","width":1600,"height":1423},{"@type":"BreadcrumbList","@id":"https:\/\/ecobiolia.it\/prodotto\/lanolina-pura-di-grande-capacita\/#breadcrumb","itemListElement":[{"@type":"ListItem","position":1,"name":"Home","item":"https:\/\/ecobiolia.it\/"},{"@type":"ListItem","position":2,"name":"Negozio","item":"https:\/\/ecobiolia.it\/negozio\/"},{"@type":"ListItem","position":3,"name":"Lanolina Pura di Grande Capacit\u00e0"}]},{"@type":"WebSite","@id":"https:\/\/ecobiolia.it\/it_it\/#website","url":"https:\/\/ecobiolia.it\/it_it\/","name":"EcoBiOlia","description":"Negozio Ecologico per Bambini e Adulti","publisher":{"@id":"https:\/\/ecobiolia.it\/it_it\/#organization"},"potentialAction":[{"@type":"SearchAction","target":{"@type":"EntryPoint","urlTemplate":"https:\/\/ecobiolia.it\/it_it\/?s={search_term_string}"},"query-input":{"@type":"PropertyValueSpecification","valueRequired":true,"valueName":"search_term_string"}}],"inLanguage":"it-IT"},{"@type":"Organization","@id":"https:\/\/ecobiolia.it\/it_it\/#organization","name":"EcoBiOlia","url":"https:\/\/ecobiolia.it\/it_it\/","logo":{"@type":"ImageObject","inLanguage":"it-IT","@id":"https:\/\/ecobiolia.it\/it_it\/#\/schema\/logo\/image\/","url":"https:\/\/ecobiolia.it\/wp-content\/uploads\/2022\/04\/EcoBiOlia-Logo.png","contentUrl":"https:\/\/ecobiolia.it\/wp-content\/uploads\/2022\/04\/EcoBiOlia-Logo.png","width":1772,"height":944,"caption":"EcoBiOlia"},"image":{"@id":"https:\/\/ecobiolia.it\/it_it\/#\/schema\/logo\/image\/"}}]}},"jetpack-related-posts":[{"id":6068,"url":"https:\/\/ecobiolia.it\/it_it\/prodotto\/unguento-naturale-contro-il-maltempo-con-timo-e-patchouli\/","url_meta":{"origin":5171,"position":0},"title":"Unguento Naturale Contro il Maltempo, con Timo e Patchouli","author":"Olga","date":"18 Marzo 2024","format":false,"excerpt":"\u00a0 Unguento Naturale Contro il Maltempo, con Timo e Patchouli per massaggiare il petto, la schiena e i piedi funzioner\u00e0 bene quando il tempo \u00e8 brutto e sentiamo notizie di infezioni solo dai media e lasciamo gran parte del nostro budget in farmacia. Ha la forma di un balsamo denso\u2026","rel":"","context":"Con 1 commento","block_context":{"text":"Con 1 commento","link":"https:\/\/ecobiolia.it\/it_it\/prodotto\/unguento-naturale-contro-il-maltempo-con-timo-e-patchouli\/#comments"},"img":{"alt_text":"","src":"https:\/\/i0.wp.com\/ecobiolia.it\/wp-content\/uploads\/2024\/03\/Unguento-Naturale-Contro-il-Maltempo-con-Timo-e-Patchouli.jpg?resize=350%2C200&ssl=1","width":350,"height":200,"srcset":"https:\/\/i0.wp.com\/ecobiolia.it\/wp-content\/uploads\/2024\/03\/Unguento-Naturale-Contro-il-Maltempo-con-Timo-e-Patchouli.jpg?resize=350%2C200&ssl=1 1x, https:\/\/i0.wp.com\/ecobiolia.it\/wp-content\/uploads\/2024\/03\/Unguento-Naturale-Contro-il-Maltempo-con-Timo-e-Patchouli.jpg?resize=525%2C300&ssl=1 1.5x, https:\/\/i0.wp.com\/ecobiolia.it\/wp-content\/uploads\/2024\/03\/Unguento-Naturale-Contro-il-Maltempo-con-Timo-e-Patchouli.jpg?resize=700%2C400&ssl=1 2x, https:\/\/i0.wp.com\/ecobiolia.it\/wp-content\/uploads\/2024\/03\/Unguento-Naturale-Contro-il-Maltempo-con-Timo-e-Patchouli.jpg?resize=1050%2C600&ssl=1 3x, https:\/\/i0.wp.com\/ecobiolia.it\/wp-content\/uploads\/2024\/03\/Unguento-Naturale-Contro-il-Maltempo-con-Timo-e-Patchouli.jpg?resize=1400%2C800&ssl=1 4x"},"classes":[]},{"id":4567,"url":"https:\/\/ecobiolia.it\/it_it\/prodotto\/idrolato-di-rosa-acqua-di-fiori-per-pelle-sensibile-grassa-100-ml\/","url_meta":{"origin":5171,"position":1},"title":"Idrolato di Rosa, Acqua di Fiori per Pelle Sensibile, Grassa \u2013 100 ml","author":"Olga","date":"11 Novembre 2022","format":false,"excerpt":"Un idrolato di rosa (cio\u00e8 acqua di fiori) molto universale ed efficiente dalla rosa di Damasco con un comodo nebulizzatore. Questa materia prima cosmetica ha origine e purezza eccellenti. La rosa ha un effetto detergente, lenitivo e antiossidante.\u00a0 L'idrolato di rosa stimola la microcircolazione e ha un effetto positivo sulla\u2026","rel":"","context":"Articolo simile","block_context":{"text":"Articolo simile","link":""},"img":{"alt_text":"","src":"https:\/\/i0.wp.com\/ecobiolia.it\/wp-content\/uploads\/2022\/11\/8341.jpg?resize=350%2C200&ssl=1","width":350,"height":200,"srcset":"https:\/\/i0.wp.com\/ecobiolia.it\/wp-content\/uploads\/2022\/11\/8341.jpg?resize=350%2C200&ssl=1 1x, https:\/\/i0.wp.com\/ecobiolia.it\/wp-content\/uploads\/2022\/11\/8341.jpg?resize=525%2C300&ssl=1 1.5x, https:\/\/i0.wp.com\/ecobiolia.it\/wp-content\/uploads\/2022\/11\/8341.jpg?resize=700%2C400&ssl=1 2x, https:\/\/i0.wp.com\/ecobiolia.it\/wp-content\/uploads\/2022\/11\/8341.jpg?resize=1050%2C600&ssl=1 3x, https:\/\/i0.wp.com\/ecobiolia.it\/wp-content\/uploads\/2022\/11\/8341.jpg?resize=1400%2C800&ssl=1 4x"},"classes":[]},{"id":4419,"url":"https:\/\/ecobiolia.it\/it_it\/prodotto\/idrolato-di-lavanda-acqua-di-fiori\/","url_meta":{"origin":5171,"position":2},"title":"Idrolato di Lavanda, Acqua di Fiori","author":"Olga","date":"30 Settembre 2022","format":false,"excerpt":"Un idrolato di lavanda (cio\u00e8 acqua di fiori) molto universale ed efficiente con un comodo atomizzatore. Si presenta in un comodo flacone che puoi portare in borsa tutti i giorni, ad esempio per rinfrescare la tua pelle. Questa materia prima cosmetica ha origine e purezza eccellenti. Questo idrolato \u00e8 prodotto\u2026","rel":"","context":"Con 2 commenti","block_context":{"text":"Con 2 commenti","link":"https:\/\/ecobiolia.it\/it_it\/prodotto\/idrolato-di-lavanda-acqua-di-fiori\/#comments"},"img":{"alt_text":"","src":"https:\/\/i0.wp.com\/ecobiolia.it\/wp-content\/uploads\/2022\/09\/8342.jpg?resize=350%2C200&ssl=1","width":350,"height":200,"srcset":"https:\/\/i0.wp.com\/ecobiolia.it\/wp-content\/uploads\/2022\/09\/8342.jpg?resize=350%2C200&ssl=1 1x, https:\/\/i0.wp.com\/ecobiolia.it\/wp-content\/uploads\/2022\/09\/8342.jpg?resize=525%2C300&ssl=1 1.5x, https:\/\/i0.wp.com\/ecobiolia.it\/wp-content\/uploads\/2022\/09\/8342.jpg?resize=700%2C400&ssl=1 2x, https:\/\/i0.wp.com\/ecobiolia.it\/wp-content\/uploads\/2022\/09\/8342.jpg?resize=1050%2C600&ssl=1 3x, https:\/\/i0.wp.com\/ecobiolia.it\/wp-content\/uploads\/2022\/09\/8342.jpg?resize=1400%2C800&ssl=1 4x"},"classes":[]},{"id":4421,"url":"https:\/\/ecobiolia.it\/it_it\/prodotto\/olio-di-mandorle-dolci\/","url_meta":{"origin":5171,"position":3},"title":"Olio di Mandorle Dolci","author":"Olga","date":"30 Settembre 2022","format":false,"excerpt":"Olio di mandorle dolci purificato sotto forma di materia prima cosmetica. La materia prima \u00e8 di altissima qualit\u00e0. Prodotto 100% naturale. \u00c8 fatto dai semi dei mandorli. Si presenta in una bella bottiglia di vetro scuro. L'olio di mandorle dolci contiene acido oleico, acido linoleico e vitamine B1, B2, B6,\u2026","rel":"","context":"Articolo simile","block_context":{"text":"Articolo simile","link":""},"img":{"alt_text":"","src":"https:\/\/i0.wp.com\/ecobiolia.it\/wp-content\/uploads\/2022\/09\/7550.jpg?resize=350%2C200&ssl=1","width":350,"height":200,"srcset":"https:\/\/i0.wp.com\/ecobiolia.it\/wp-content\/uploads\/2022\/09\/7550.jpg?resize=350%2C200&ssl=1 1x, https:\/\/i0.wp.com\/ecobiolia.it\/wp-content\/uploads\/2022\/09\/7550.jpg?resize=525%2C300&ssl=1 1.5x, https:\/\/i0.wp.com\/ecobiolia.it\/wp-content\/uploads\/2022\/09\/7550.jpg?resize=700%2C400&ssl=1 2x, https:\/\/i0.wp.com\/ecobiolia.it\/wp-content\/uploads\/2022\/09\/7550.jpg?resize=1050%2C600&ssl=1 3x, https:\/\/i0.wp.com\/ecobiolia.it\/wp-content\/uploads\/2022\/09\/7550.jpg?resize=1400%2C800&ssl=1 4x"},"classes":[]},{"id":6061,"url":"https:\/\/ecobiolia.it\/it_it\/prodotto\/balsamo-corpo-rassodante-rigenerante-al-caffe\/","url_meta":{"origin":5171,"position":4},"title":"Balsamo Corpo Rassodante Rigenerante al Caff\u00e8","author":"Olga","date":"18 Marzo 2024","format":false,"excerpt":"Balsamo Corpo Rassodante Rigenerante al Caff\u00e8 dalla consistenza densa e di rapido assorbimento. Nutre la pelle come il burro e si assorbe come una lozione! Profuma di albicocca matura e mango succoso. Consigliato per pelli che richiedono idratazione, rassodamento e levigatura. Azione: - rassodante - idratante - nutriente - rigenerante\u2026","rel":"","context":"Con 1 commento","block_context":{"text":"Con 1 commento","link":"https:\/\/ecobiolia.it\/it_it\/prodotto\/balsamo-corpo-rassodante-rigenerante-al-caffe\/#comments"},"img":{"alt_text":"","src":"https:\/\/i0.wp.com\/ecobiolia.it\/wp-content\/uploads\/2024\/03\/Lozione-Corpo-Rassodante-al-Caffe.jpg?resize=350%2C200&ssl=1","width":350,"height":200,"srcset":"https:\/\/i0.wp.com\/ecobiolia.it\/wp-content\/uploads\/2024\/03\/Lozione-Corpo-Rassodante-al-Caffe.jpg?resize=350%2C200&ssl=1 1x, https:\/\/i0.wp.com\/ecobiolia.it\/wp-content\/uploads\/2024\/03\/Lozione-Corpo-Rassodante-al-Caffe.jpg?resize=525%2C300&ssl=1 1.5x, https:\/\/i0.wp.com\/ecobiolia.it\/wp-content\/uploads\/2024\/03\/Lozione-Corpo-Rassodante-al-Caffe.jpg?resize=700%2C400&ssl=1 2x, https:\/\/i0.wp.com\/ecobiolia.it\/wp-content\/uploads\/2024\/03\/Lozione-Corpo-Rassodante-al-Caffe.jpg?resize=1050%2C600&ssl=1 3x, https:\/\/i0.wp.com\/ecobiolia.it\/wp-content\/uploads\/2024\/03\/Lozione-Corpo-Rassodante-al-Caffe.jpg?resize=1400%2C800&ssl=1 4x"},"classes":[]},{"id":4417,"url":"https:\/\/ecobiolia.it\/it_it\/prodotto\/olio-detergente-viso-idrofilo-delicato\/","url_meta":{"origin":5171,"position":5},"title":"Olio Detergente Viso Idrofilo Delicato","author":"Olga","date":"30 Settembre 2022","format":false,"excerpt":"Olio detergente viso idrofilo a base di oli naturali di nocciolo di albicocca, cotone, riso e olio di ricino con l'aggiunta di vitamina E. La composizione include un emulsionante. Grazie a ci\u00f2, l'olio si trasforma in emulsione a contatto con l'acqua e verr\u00e0 lavato via con i resti di trucco\u2026","rel":"","context":"Articolo simile","block_context":{"text":"Articolo simile","link":""},"img":{"alt_text":"","src":"https:\/\/i0.wp.com\/ecobiolia.it\/wp-content\/uploads\/2022\/09\/7672.jpg?resize=350%2C200&ssl=1","width":350,"height":200,"srcset":"https:\/\/i0.wp.com\/ecobiolia.it\/wp-content\/uploads\/2022\/09\/7672.jpg?resize=350%2C200&ssl=1 1x, https:\/\/i0.wp.com\/ecobiolia.it\/wp-content\/uploads\/2022\/09\/7672.jpg?resize=525%2C300&ssl=1 1.5x, https:\/\/i0.wp.com\/ecobiolia.it\/wp-content\/uploads\/2022\/09\/7672.jpg?resize=700%2C400&ssl=1 2x, https:\/\/i0.wp.com\/ecobiolia.it\/wp-content\/uploads\/2022\/09\/7672.jpg?resize=1050%2C600&ssl=1 3x, https:\/\/i0.wp.com\/ecobiolia.it\/wp-content\/uploads\/2022\/09\/7672.jpg?resize=1400%2C800&ssl=1 4x"},"classes":[]}],"jetpack_sharing_enabled":true,"_links":{"self":[{"href":"https:\/\/ecobiolia.it\/it_it\/wp-json\/wp\/v2\/product\/5171","targetHints":{"allow":["GET"]}}],"collection":[{"href":"https:\/\/ecobiolia.it\/it_it\/wp-json\/wp\/v2\/product"}],"about":[{"href":"https:\/\/ecobiolia.it\/it_it\/wp-json\/wp\/v2\/types\/product"}],"replies":[{"embeddable":true,"href":"https:\/\/ecobiolia.it\/it_it\/wp-json\/wp\/v2\/comments?post=5171"}],"version-history":[{"count":1,"href":"https:\/\/ecobiolia.it\/it_it\/wp-json\/wp\/v2\/product\/5171\/revisions"}],"predecessor-version":[{"id":6594,"href":"https:\/\/ecobiolia.it\/it_it\/wp-json\/wp\/v2\/product\/5171\/revisions\/6594"}],"wp:featuredmedia":[{"embeddable":true,"href":"https:\/\/ecobiolia.it\/it_it\/wp-json\/wp\/v2\/media\/5243"}],"wp:attachment":[{"href":"https:\/\/ecobiolia.it\/it_it\/wp-json\/wp\/v2\/media?parent=5171"}],"wp:term":[{"taxonomy":"product_brand","embeddable":true,"href":"https:\/\/ecobiolia.it\/it_it\/wp-json\/wp\/v2\/product_brand?post=5171"},{"taxonomy":"product_cat","embeddable":true,"href":"https:\/\/ecobiolia.it\/it_it\/wp-json\/wp\/v2\/product_cat?post=5171"},{"taxonomy":"product_tag","embeddable":true,"href":"https:\/\/ecobiolia.it\/it_it\/wp-json\/wp\/v2\/product_tag?post=5171"}],"curies":[{"name":"wp","href":"https:\/\/api.w.org\/{rel}","templated":true}]}}