{"id":4567,"date":"2022-11-11T09:40:07","date_gmt":"2022-11-11T09:40:07","guid":{"rendered":"https:\/\/ecobiolia.it\/?post_type=product&#038;p=4567"},"modified":"2026-03-30T18:29:24","modified_gmt":"2026-03-30T18:29:24","slug":"idrolato-di-rosa-acqua-di-fiori-per-pelle-sensibile-grassa-100-ml","status":"publish","type":"product","link":"https:\/\/ecobiolia.it\/it_it\/prodotto\/idrolato-di-rosa-acqua-di-fiori-per-pelle-sensibile-grassa-100-ml\/","title":{"rendered":"Idrolato di Rosa, Acqua di Fiori per Pelle Sensibile, Grassa \u2013 100 ml"},"content":{"rendered":"<p><span class=\"HwtZe\" lang=\"it\"><span class=\"jCAhz\"><span class=\"ryNqvb\">Idrolato di Rosa, Acqua di Fiori \u00e8 prodotto con il metodo della doppia distillazione in corrente di vapore dei fiori di rosa damascena. Grazie a ci\u00f2 conserva preziosi principi attivi e principi attivi contenuti direttamente nella pianta. <\/span><\/span><\/span><\/p>\n<p><span class=\"HwtZe\" lang=\"it\"><span class=\"jCAhz\"><span class=\"ryNqvb\">Pelle: couperose, sensibile, secca e normale. <\/span><\/span><\/span><\/p>\n<p><span class=\"HwtZe\" lang=\"it\"><span class=\"jCAhz\"><span class=\"ryNqvb\">Idrolato di Rosa, Acqua di Fiori \u00e8 pura materia prima cosmetica, puoi usarla nei tuoi cosmetici fai-da-te. L&#8217;idrolato sostituisce il tonico e riequilibra perfettamente il pH della pelle. \u00c8 destinato all&#8217;uso quotidiano. \u00c8 sufficiente spruzzarlo sulla pelle subito dopo la detersione\/lavaggio e prima di applicare la crema. \u00c8 perfetto per preparare una maschera all&#8217;argilla. Spruzzando sul viso, evitando il contorno occhi o strofinandoli dopo l&#8217;applicazione (soprattutto per le persone con occhi sensibili). Pu\u00f2 essere utilizzato per la cura dei capelli e del cuoio capelluto (come lozione). Funziona alla grande come dopobarba &#8211; riduce l&#8217;irritazione della pelle e previene i peli incarniti. Grazie alla sua fragranza, pu\u00f2 essere utilizzato come refrigerio naturale, ad esempio per i cuscini, prima di coricarsi. \u00c8 una nebbia perfetta rinfrescante durante il giorno e fissa il trucco. <\/span><\/span><\/span><\/p>\n<p><span class=\"HwtZe\" lang=\"it\"><span class=\"jCAhz\"><span class=\"ryNqvb\">Materia prima cosmetica. Capacit\u00e0: 100 ml <\/span><\/span><\/span><\/p>\n<p><span class=\"HwtZe\" lang=\"it\"><span class=\"jCAhz\"><span class=\"ryNqvb\">Allergie: come ogni cosmetico, l&#8217;idrolato pu\u00f2 provocare allergie. \u00c8 meglio eseguire il test sulla pelle, ad esempio sotto l&#8217;orecchio. <\/span><\/span><\/span><\/p>\n<p><span class=\"HwtZe\" lang=\"it\"><span class=\"jCAhz\"><span class=\"ryNqvb\">L&#8217;odore e il colore possono variare leggermente da lotto a lotto.<\/span><\/span><\/span><\/p>\n<p><span class=\"VIiyi\" lang=\"it\"><span class=\"JLqJ4b\" data-language-for-alternatives=\"it\" data-language-to-translate-into=\"en\" data-phrase-index=\"0\" data-number-of-phrases=\"1\"><span class=\"Q4iAWc\">\u00a0<\/span><\/span><\/span><\/p>\n<p><span class=\"VIiyi\" lang=\"it\"><span class=\"JLqJ4b\" data-language-for-alternatives=\"it\" data-language-to-translate-into=\"pl\" data-phrase-index=\"0\" data-number-of-phrases=\"1\"><span class=\"Q4iAWc\">\u00a0<\/span><\/span><\/span><\/p>\n","protected":false},"excerpt":{"rendered":"<p><span class=\"HwtZe\" lang=\"it\"><span class=\"jCAhz\"><span class=\"ryNqvb\">Un idrolato di rosa (cio\u00e8 acqua di fiori) molto universale ed efficiente dalla rosa di Damasco con un comodo nebulizzatore. Questa materia prima cosmetica ha origine e purezza eccellenti. La rosa ha un effetto detergente, lenitivo e antiossidante.\u00a0 <\/span><\/span><\/span><span class=\"HwtZe\" lang=\"it\"><span class=\"jCAhz\"><span class=\"ryNqvb\">L&#8217;idrolato di rosa stimola la microcircolazione e ha un effetto positivo sulla chiusura dei vasi sanguigni, quindi \u00e8 consigliato per la pelle soggetta a capillari rotti. Rigenera l&#8217;epidermide, quindi \u00e8 perfetto anche per le pelli mature. Rinfresca perfettamente il viso nelle giornate calde. Il prodotto pu\u00f2 essere utilizzato anche sul trucco. Non secca la pelle. Ha un leggero odore di rosa, motivo per cui ha anche un effetto aromaterapico: migliora l&#8217;umore. <\/span><\/span><\/span><\/p>\n","protected":false},"featured_media":4646,"comment_status":"open","ping_status":"closed","template":"","meta":[],"product_brand":[],"product_cat":[120,135,112,45],"product_tag":[],"class_list":{"0":"post-4567","1":"product","2":"type-product","3":"status-publish","4":"has-post-thumbnail","6":"product_cat-cosmetici","7":"product_cat-cosmetici-naturali","8":"product_cat-per-le-donne","9":"product_cat-prodotti-per-la-cura-del-corpo","11":"first","12":"instock","13":"taxable","14":"shipping-taxable","15":"purchasable","16":"product-type-simple"},"yoast_head":"<!-- This site is optimized with the Yoast SEO plugin v27.3 - https:\/\/yoast.com\/product\/yoast-seo-wordpress\/ -->\n<title>Idrolato di Rosa, Acqua di Fiori per Pelle Sensibile, Grassa \u2013 100 ml - EcoBiOlia<\/title>\n<meta name=\"description\" content=\"Un idrolato di rosa, acqua di fiori molto universale ed efficiente dalla rosa di Damasco con un comodo nebulizzatore. Ha origine e purezza eccellenti.\" \/>\n<meta name=\"robots\" content=\"index, follow, max-snippet:-1, max-image-preview:large, max-video-preview:-1\" \/>\n<link rel=\"canonical\" href=\"https:\/\/ecobiolia.it\/it_it\/prodotto\/idrolato-di-rosa-acqua-di-fiori-per-pelle-sensibile-grassa-100-ml\/\" \/>\n<meta property=\"og:locale\" content=\"it_IT\" \/>\n<meta property=\"og:type\" content=\"article\" \/>\n<meta property=\"og:title\" content=\"Idrolato di Rosa, Acqua di Fiori per Pelle Sensibile, Grassa \u2013 100 ml - EcoBiOlia\" \/>\n<meta property=\"og:description\" content=\"Un idrolato di rosa, acqua di fiori molto universale ed efficiente dalla rosa di Damasco con un comodo nebulizzatore. Ha origine e purezza eccellenti.\" \/>\n<meta property=\"og:url\" content=\"https:\/\/ecobiolia.it\/it_it\/prodotto\/idrolato-di-rosa-acqua-di-fiori-per-pelle-sensibile-grassa-100-ml\/\" \/>\n<meta property=\"og:site_name\" content=\"EcoBiOlia\" \/>\n<meta property=\"article:modified_time\" content=\"2026-03-30T18:29:24+00:00\" \/>\n<meta property=\"og:image\" content=\"https:\/\/ecobiolia.it\/wp-content\/uploads\/2022\/11\/8341.jpg\" \/>\n\t<meta property=\"og:image:width\" content=\"1600\" \/>\n\t<meta property=\"og:image:height\" content=\"1423\" \/>\n\t<meta property=\"og:image:type\" content=\"image\/jpeg\" \/>\n<meta name=\"twitter:card\" content=\"summary_large_image\" \/>\n<meta name=\"twitter:label1\" content=\"Tempo di lettura stimato\" \/>\n\t<meta name=\"twitter:data1\" content=\"2 minuti\" \/>\n<script type=\"application\/ld+json\" class=\"yoast-schema-graph\">{\"@context\":\"https:\\\/\\\/schema.org\",\"@graph\":[{\"@type\":\"WebPage\",\"@id\":\"https:\\\/\\\/ecobiolia.it\\\/prodotto\\\/idrolato-di-rosa-acqua-di-fiori-per-pelle-sensibile-grassa-100-ml\\\/\",\"url\":\"https:\\\/\\\/ecobiolia.it\\\/prodotto\\\/idrolato-di-rosa-acqua-di-fiori-per-pelle-sensibile-grassa-100-ml\\\/\",\"name\":\"Idrolato di Rosa, Acqua di Fiori per Pelle Sensibile, Grassa \u2013 100 ml - EcoBiOlia\",\"isPartOf\":{\"@id\":\"https:\\\/\\\/ecobiolia.it\\\/it_it\\\/#website\"},\"primaryImageOfPage\":{\"@id\":\"https:\\\/\\\/ecobiolia.it\\\/prodotto\\\/idrolato-di-rosa-acqua-di-fiori-per-pelle-sensibile-grassa-100-ml\\\/#primaryimage\"},\"image\":{\"@id\":\"https:\\\/\\\/ecobiolia.it\\\/prodotto\\\/idrolato-di-rosa-acqua-di-fiori-per-pelle-sensibile-grassa-100-ml\\\/#primaryimage\"},\"thumbnailUrl\":\"https:\\\/\\\/ecobiolia.it\\\/wp-content\\\/uploads\\\/2022\\\/11\\\/8341.jpg\",\"datePublished\":\"2022-11-11T09:40:07+00:00\",\"dateModified\":\"2026-03-30T18:29:24+00:00\",\"description\":\"Un idrolato di rosa, acqua di fiori molto universale ed efficiente dalla rosa di Damasco con un comodo nebulizzatore. Ha origine e purezza eccellenti.\",\"breadcrumb\":{\"@id\":\"https:\\\/\\\/ecobiolia.it\\\/prodotto\\\/idrolato-di-rosa-acqua-di-fiori-per-pelle-sensibile-grassa-100-ml\\\/#breadcrumb\"},\"inLanguage\":\"it-IT\",\"potentialAction\":[{\"@type\":\"ReadAction\",\"target\":[\"https:\\\/\\\/ecobiolia.it\\\/prodotto\\\/idrolato-di-rosa-acqua-di-fiori-per-pelle-sensibile-grassa-100-ml\\\/\"]}]},{\"@type\":\"ImageObject\",\"inLanguage\":\"it-IT\",\"@id\":\"https:\\\/\\\/ecobiolia.it\\\/prodotto\\\/idrolato-di-rosa-acqua-di-fiori-per-pelle-sensibile-grassa-100-ml\\\/#primaryimage\",\"url\":\"https:\\\/\\\/ecobiolia.it\\\/wp-content\\\/uploads\\\/2022\\\/11\\\/8341.jpg\",\"contentUrl\":\"https:\\\/\\\/ecobiolia.it\\\/wp-content\\\/uploads\\\/2022\\\/11\\\/8341.jpg\",\"width\":1600,\"height\":1423},{\"@type\":\"BreadcrumbList\",\"@id\":\"https:\\\/\\\/ecobiolia.it\\\/prodotto\\\/idrolato-di-rosa-acqua-di-fiori-per-pelle-sensibile-grassa-100-ml\\\/#breadcrumb\",\"itemListElement\":[{\"@type\":\"ListItem\",\"position\":1,\"name\":\"Home\",\"item\":\"https:\\\/\\\/ecobiolia.it\\\/\"},{\"@type\":\"ListItem\",\"position\":2,\"name\":\"Negozio\",\"item\":\"https:\\\/\\\/ecobiolia.it\\\/negozio\\\/\"},{\"@type\":\"ListItem\",\"position\":3,\"name\":\"Idrolato di Rosa, Acqua di Fiori per Pelle Sensibile, Grassa \u2013 100 ml\"}]},{\"@type\":\"WebSite\",\"@id\":\"https:\\\/\\\/ecobiolia.it\\\/it_it\\\/#website\",\"url\":\"https:\\\/\\\/ecobiolia.it\\\/it_it\\\/\",\"name\":\"EcoBiOlia\",\"description\":\"Negozio Ecologico per Bambini e Adulti\",\"publisher\":{\"@id\":\"https:\\\/\\\/ecobiolia.it\\\/it_it\\\/#organization\"},\"potentialAction\":[{\"@type\":\"SearchAction\",\"target\":{\"@type\":\"EntryPoint\",\"urlTemplate\":\"https:\\\/\\\/ecobiolia.it\\\/it_it\\\/?s={search_term_string}\"},\"query-input\":{\"@type\":\"PropertyValueSpecification\",\"valueRequired\":true,\"valueName\":\"search_term_string\"}}],\"inLanguage\":\"it-IT\"},{\"@type\":\"Organization\",\"@id\":\"https:\\\/\\\/ecobiolia.it\\\/it_it\\\/#organization\",\"name\":\"EcoBiOlia\",\"url\":\"https:\\\/\\\/ecobiolia.it\\\/it_it\\\/\",\"logo\":{\"@type\":\"ImageObject\",\"inLanguage\":\"it-IT\",\"@id\":\"https:\\\/\\\/ecobiolia.it\\\/it_it\\\/#\\\/schema\\\/logo\\\/image\\\/\",\"url\":\"https:\\\/\\\/ecobiolia.it\\\/wp-content\\\/uploads\\\/2022\\\/04\\\/EcoBiOlia-Logo.png\",\"contentUrl\":\"https:\\\/\\\/ecobiolia.it\\\/wp-content\\\/uploads\\\/2022\\\/04\\\/EcoBiOlia-Logo.png\",\"width\":1772,\"height\":944,\"caption\":\"EcoBiOlia\"},\"image\":{\"@id\":\"https:\\\/\\\/ecobiolia.it\\\/it_it\\\/#\\\/schema\\\/logo\\\/image\\\/\"}}]}<\/script>\n<!-- \/ Yoast SEO plugin. -->","yoast_head_json":{"title":"Idrolato di Rosa, Acqua di Fiori per Pelle Sensibile, Grassa \u2013 100 ml - EcoBiOlia","description":"Un idrolato di rosa, acqua di fiori molto universale ed efficiente dalla rosa di Damasco con un comodo nebulizzatore. Ha origine e purezza eccellenti.","robots":{"index":"index","follow":"follow","max-snippet":"max-snippet:-1","max-image-preview":"max-image-preview:large","max-video-preview":"max-video-preview:-1"},"canonical":"https:\/\/ecobiolia.it\/it_it\/prodotto\/idrolato-di-rosa-acqua-di-fiori-per-pelle-sensibile-grassa-100-ml\/","og_locale":"it_IT","og_type":"article","og_title":"Idrolato di Rosa, Acqua di Fiori per Pelle Sensibile, Grassa \u2013 100 ml - EcoBiOlia","og_description":"Un idrolato di rosa, acqua di fiori molto universale ed efficiente dalla rosa di Damasco con un comodo nebulizzatore. Ha origine e purezza eccellenti.","og_url":"https:\/\/ecobiolia.it\/it_it\/prodotto\/idrolato-di-rosa-acqua-di-fiori-per-pelle-sensibile-grassa-100-ml\/","og_site_name":"EcoBiOlia","article_modified_time":"2026-03-30T18:29:24+00:00","og_image":[{"width":1600,"height":1423,"url":"https:\/\/ecobiolia.it\/wp-content\/uploads\/2022\/11\/8341.jpg","type":"image\/jpeg"}],"twitter_card":"summary_large_image","twitter_misc":{"Tempo di lettura stimato":"2 minuti"},"schema":{"@context":"https:\/\/schema.org","@graph":[{"@type":"WebPage","@id":"https:\/\/ecobiolia.it\/prodotto\/idrolato-di-rosa-acqua-di-fiori-per-pelle-sensibile-grassa-100-ml\/","url":"https:\/\/ecobiolia.it\/prodotto\/idrolato-di-rosa-acqua-di-fiori-per-pelle-sensibile-grassa-100-ml\/","name":"Idrolato di Rosa, Acqua di Fiori per Pelle Sensibile, Grassa \u2013 100 ml - EcoBiOlia","isPartOf":{"@id":"https:\/\/ecobiolia.it\/it_it\/#website"},"primaryImageOfPage":{"@id":"https:\/\/ecobiolia.it\/prodotto\/idrolato-di-rosa-acqua-di-fiori-per-pelle-sensibile-grassa-100-ml\/#primaryimage"},"image":{"@id":"https:\/\/ecobiolia.it\/prodotto\/idrolato-di-rosa-acqua-di-fiori-per-pelle-sensibile-grassa-100-ml\/#primaryimage"},"thumbnailUrl":"https:\/\/ecobiolia.it\/wp-content\/uploads\/2022\/11\/8341.jpg","datePublished":"2022-11-11T09:40:07+00:00","dateModified":"2026-03-30T18:29:24+00:00","description":"Un idrolato di rosa, acqua di fiori molto universale ed efficiente dalla rosa di Damasco con un comodo nebulizzatore. Ha origine e purezza eccellenti.","breadcrumb":{"@id":"https:\/\/ecobiolia.it\/prodotto\/idrolato-di-rosa-acqua-di-fiori-per-pelle-sensibile-grassa-100-ml\/#breadcrumb"},"inLanguage":"it-IT","potentialAction":[{"@type":"ReadAction","target":["https:\/\/ecobiolia.it\/prodotto\/idrolato-di-rosa-acqua-di-fiori-per-pelle-sensibile-grassa-100-ml\/"]}]},{"@type":"ImageObject","inLanguage":"it-IT","@id":"https:\/\/ecobiolia.it\/prodotto\/idrolato-di-rosa-acqua-di-fiori-per-pelle-sensibile-grassa-100-ml\/#primaryimage","url":"https:\/\/ecobiolia.it\/wp-content\/uploads\/2022\/11\/8341.jpg","contentUrl":"https:\/\/ecobiolia.it\/wp-content\/uploads\/2022\/11\/8341.jpg","width":1600,"height":1423},{"@type":"BreadcrumbList","@id":"https:\/\/ecobiolia.it\/prodotto\/idrolato-di-rosa-acqua-di-fiori-per-pelle-sensibile-grassa-100-ml\/#breadcrumb","itemListElement":[{"@type":"ListItem","position":1,"name":"Home","item":"https:\/\/ecobiolia.it\/"},{"@type":"ListItem","position":2,"name":"Negozio","item":"https:\/\/ecobiolia.it\/negozio\/"},{"@type":"ListItem","position":3,"name":"Idrolato di Rosa, Acqua di Fiori per Pelle Sensibile, Grassa \u2013 100 ml"}]},{"@type":"WebSite","@id":"https:\/\/ecobiolia.it\/it_it\/#website","url":"https:\/\/ecobiolia.it\/it_it\/","name":"EcoBiOlia","description":"Negozio Ecologico per Bambini e Adulti","publisher":{"@id":"https:\/\/ecobiolia.it\/it_it\/#organization"},"potentialAction":[{"@type":"SearchAction","target":{"@type":"EntryPoint","urlTemplate":"https:\/\/ecobiolia.it\/it_it\/?s={search_term_string}"},"query-input":{"@type":"PropertyValueSpecification","valueRequired":true,"valueName":"search_term_string"}}],"inLanguage":"it-IT"},{"@type":"Organization","@id":"https:\/\/ecobiolia.it\/it_it\/#organization","name":"EcoBiOlia","url":"https:\/\/ecobiolia.it\/it_it\/","logo":{"@type":"ImageObject","inLanguage":"it-IT","@id":"https:\/\/ecobiolia.it\/it_it\/#\/schema\/logo\/image\/","url":"https:\/\/ecobiolia.it\/wp-content\/uploads\/2022\/04\/EcoBiOlia-Logo.png","contentUrl":"https:\/\/ecobiolia.it\/wp-content\/uploads\/2022\/04\/EcoBiOlia-Logo.png","width":1772,"height":944,"caption":"EcoBiOlia"},"image":{"@id":"https:\/\/ecobiolia.it\/it_it\/#\/schema\/logo\/image\/"}}]}},"jetpack-related-posts":[{"id":4419,"url":"https:\/\/ecobiolia.it\/it_it\/prodotto\/idrolato-di-lavanda-acqua-di-fiori\/","url_meta":{"origin":4567,"position":0},"title":"Idrolato di Lavanda, Acqua di Fiori","author":"Olga","date":"30 Settembre 2022","format":false,"excerpt":"Un idrolato di lavanda (cio\u00e8 acqua di fiori) molto universale ed efficiente con un comodo atomizzatore. Si presenta in un comodo flacone che puoi portare in borsa tutti i giorni, ad esempio per rinfrescare la tua pelle. Questa materia prima cosmetica ha origine e purezza eccellenti. Questo idrolato \u00e8 prodotto\u2026","rel":"","context":"Con 2 commenti","block_context":{"text":"Con 2 commenti","link":"https:\/\/ecobiolia.it\/it_it\/prodotto\/idrolato-di-lavanda-acqua-di-fiori\/#comments"},"img":{"alt_text":"","src":"https:\/\/i0.wp.com\/ecobiolia.it\/wp-content\/uploads\/2022\/09\/8342.jpg?resize=350%2C200&ssl=1","width":350,"height":200,"srcset":"https:\/\/i0.wp.com\/ecobiolia.it\/wp-content\/uploads\/2022\/09\/8342.jpg?resize=350%2C200&ssl=1 1x, https:\/\/i0.wp.com\/ecobiolia.it\/wp-content\/uploads\/2022\/09\/8342.jpg?resize=525%2C300&ssl=1 1.5x, https:\/\/i0.wp.com\/ecobiolia.it\/wp-content\/uploads\/2022\/09\/8342.jpg?resize=700%2C400&ssl=1 2x, https:\/\/i0.wp.com\/ecobiolia.it\/wp-content\/uploads\/2022\/09\/8342.jpg?resize=1050%2C600&ssl=1 3x, https:\/\/i0.wp.com\/ecobiolia.it\/wp-content\/uploads\/2022\/09\/8342.jpg?resize=1400%2C800&ssl=1 4x"},"classes":[]},{"id":6489,"url":"https:\/\/ecobiolia.it\/it_it\/prodotto\/idrolato-di-neroli-tonico-naturale-per-pelle-sensibile\/","url_meta":{"origin":4567,"position":1},"title":"Idrolato di Neroli -Tonico Naturale per Pelle Sensibile","author":"Olga","date":"29 Settembre 2025","format":false,"excerpt":"Pelle sensibile o irritata? L\u2019Idrolato di Neroli \u00e8 il tuo alleato naturale: lenisce rossori, riequilibra il pH e dona una fresca sensazione di benessere. Usalo come tonico, dopobarba o fissatore trucco per una pelle calma e luminosa ogni giorno. Vuoi scoprire tutti i benefici? Continua a leggere sotto!Provalo subito e\u2026","rel":"","context":"Articolo simile","block_context":{"text":"Articolo simile","link":""},"img":{"alt_text":"onico viso naturale Idrolato di Fiori di Neroli \u2013 bottiglia da 50ml","src":"https:\/\/i0.wp.com\/ecobiolia.it\/wp-content\/uploads\/2025\/09\/Idrolato-di-Fiori-di-Neroli-50-ml.jpg?resize=350%2C200&ssl=1","width":350,"height":200,"srcset":"https:\/\/i0.wp.com\/ecobiolia.it\/wp-content\/uploads\/2025\/09\/Idrolato-di-Fiori-di-Neroli-50-ml.jpg?resize=350%2C200&ssl=1 1x, https:\/\/i0.wp.com\/ecobiolia.it\/wp-content\/uploads\/2025\/09\/Idrolato-di-Fiori-di-Neroli-50-ml.jpg?resize=525%2C300&ssl=1 1.5x, https:\/\/i0.wp.com\/ecobiolia.it\/wp-content\/uploads\/2025\/09\/Idrolato-di-Fiori-di-Neroli-50-ml.jpg?resize=700%2C400&ssl=1 2x, https:\/\/i0.wp.com\/ecobiolia.it\/wp-content\/uploads\/2025\/09\/Idrolato-di-Fiori-di-Neroli-50-ml.jpg?resize=1050%2C600&ssl=1 3x, https:\/\/i0.wp.com\/ecobiolia.it\/wp-content\/uploads\/2025\/09\/Idrolato-di-Fiori-di-Neroli-50-ml.jpg?resize=1400%2C800&ssl=1 4x"},"classes":[]},{"id":4028,"url":"https:\/\/ecobiolia.it\/it_it\/prodotto\/acqua-micellare-naturale-200-ml\/","url_meta":{"origin":4567,"position":2},"title":"Acqua micellare naturale 200 ml","author":"Olga","date":"22 Agosto 2022","format":false,"excerpt":"Estremamente efficace e allo stesso tempo delicata nella composizione, acqua micellare naturale per la rimozione quotidiana del trucco della pelle di occhi, bocca e viso. A base di estratto di fiori di peonia e acqua di rose. Arricchito con pantenolo, allantoina e glicerina.","rel":"","context":"Articolo simile","block_context":{"text":"Articolo simile","link":""},"img":{"alt_text":"","src":"https:\/\/i0.wp.com\/ecobiolia.it\/wp-content\/uploads\/2022\/08\/7086.jpg?resize=350%2C200&ssl=1","width":350,"height":200,"srcset":"https:\/\/i0.wp.com\/ecobiolia.it\/wp-content\/uploads\/2022\/08\/7086.jpg?resize=350%2C200&ssl=1 1x, https:\/\/i0.wp.com\/ecobiolia.it\/wp-content\/uploads\/2022\/08\/7086.jpg?resize=525%2C300&ssl=1 1.5x, https:\/\/i0.wp.com\/ecobiolia.it\/wp-content\/uploads\/2022\/08\/7086.jpg?resize=700%2C400&ssl=1 2x, https:\/\/i0.wp.com\/ecobiolia.it\/wp-content\/uploads\/2022\/08\/7086.jpg?resize=1050%2C600&ssl=1 3x, https:\/\/i0.wp.com\/ecobiolia.it\/wp-content\/uploads\/2022\/08\/7086.jpg?resize=1400%2C800&ssl=1 4x"},"classes":[]},{"id":3992,"url":"https:\/\/ecobiolia.it\/it_it\/prodotto\/spazzola-professionale-viso-e-collo-con-setole-naturali\/","url_meta":{"origin":4567,"position":3},"title":"Spazzola Professionale Viso e Collo con Setole Naturali","author":"Olga","date":"22 Agosto 2022","format":false,"excerpt":"Quale dovrebbe essere la spazzola per il viso perfetta? Delicato sulla pelle! Prima di creare questo pennello, abbiamo testato diverse setole. Tuttavia, il tampico (agave), le setole e persino la delicata capra erano troppo affilate per la pelle sottile del viso. Spazzolare non significa graffiare e dolore, ma stimolare la\u2026","rel":"","context":"Articolo simile","block_context":{"text":"Articolo simile","link":""},"img":{"alt_text":"","src":"https:\/\/i0.wp.com\/ecobiolia.it\/wp-content\/uploads\/2022\/08\/6776.jpg?resize=350%2C200&ssl=1","width":350,"height":200,"srcset":"https:\/\/i0.wp.com\/ecobiolia.it\/wp-content\/uploads\/2022\/08\/6776.jpg?resize=350%2C200&ssl=1 1x, https:\/\/i0.wp.com\/ecobiolia.it\/wp-content\/uploads\/2022\/08\/6776.jpg?resize=525%2C300&ssl=1 1.5x, https:\/\/i0.wp.com\/ecobiolia.it\/wp-content\/uploads\/2022\/08\/6776.jpg?resize=700%2C400&ssl=1 2x, https:\/\/i0.wp.com\/ecobiolia.it\/wp-content\/uploads\/2022\/08\/6776.jpg?resize=1050%2C600&ssl=1 3x, https:\/\/i0.wp.com\/ecobiolia.it\/wp-content\/uploads\/2022\/08\/6776.jpg?resize=1400%2C800&ssl=1 4x"},"classes":[]},{"id":4046,"url":"https:\/\/ecobiolia.it\/it_it\/prodotto\/peeling-enzimatico-al-ginkgo-biloba\/","url_meta":{"origin":4567,"position":4},"title":"Peeling Enzimatico al Ginkgo Biloba","author":"Olga","date":"22 Agosto 2022","format":false,"excerpt":"Peeling Enzimatico al Ginkgo Biloba \u00e8 uno scrub che non devi strofinare. Non contiene particelle e rimuove perfettamente le cellule morte della pelle e illumina l'incarnato. Ecco come funziona il peeling enzimatico. Lo metti sulla pelle come una maschera e risciacqua dopo 10-15 minuti. Funziona secondo il principio della pulizia\u2026","rel":"","context":"Articolo simile","block_context":{"text":"Articolo simile","link":""},"img":{"alt_text":"","src":"https:\/\/i0.wp.com\/ecobiolia.it\/wp-content\/uploads\/2022\/08\/7148.jpg?resize=350%2C200&ssl=1","width":350,"height":200,"srcset":"https:\/\/i0.wp.com\/ecobiolia.it\/wp-content\/uploads\/2022\/08\/7148.jpg?resize=350%2C200&ssl=1 1x, https:\/\/i0.wp.com\/ecobiolia.it\/wp-content\/uploads\/2022\/08\/7148.jpg?resize=525%2C300&ssl=1 1.5x, https:\/\/i0.wp.com\/ecobiolia.it\/wp-content\/uploads\/2022\/08\/7148.jpg?resize=700%2C400&ssl=1 2x, https:\/\/i0.wp.com\/ecobiolia.it\/wp-content\/uploads\/2022\/08\/7148.jpg?resize=1050%2C600&ssl=1 3x, https:\/\/i0.wp.com\/ecobiolia.it\/wp-content\/uploads\/2022\/08\/7148.jpg?resize=1400%2C800&ssl=1 4x"},"classes":[]},{"id":4026,"url":"https:\/\/ecobiolia.it\/it_it\/prodotto\/shampoo-alle-erbe-per-la-crescita-dei-capelli\/","url_meta":{"origin":4567,"position":5},"title":"Shampoo alle Erbe per la Crescita dei Capelli","author":"Olga","date":"22 Agosto 2022","format":false,"excerpt":"Shampoo alle Erbe per la Crescita dei Capelli dalla composizione delicata, ma dall'efficace potere detergente del cuoio capelluto. Le basi qui sono sostanze organiche di lavaggio e glicerina, pantenolo, vit. B3 ed estratti vegetali. Consigliato sia per le donne che per gli uomini, soprattutto in caso di caduta e capelli\u2026","rel":"","context":"Articolo simile","block_context":{"text":"Articolo simile","link":""},"img":{"alt_text":"","src":"https:\/\/i0.wp.com\/ecobiolia.it\/wp-content\/uploads\/2022\/08\/6938.jpg?resize=350%2C200&ssl=1","width":350,"height":200,"srcset":"https:\/\/i0.wp.com\/ecobiolia.it\/wp-content\/uploads\/2022\/08\/6938.jpg?resize=350%2C200&ssl=1 1x, https:\/\/i0.wp.com\/ecobiolia.it\/wp-content\/uploads\/2022\/08\/6938.jpg?resize=525%2C300&ssl=1 1.5x, https:\/\/i0.wp.com\/ecobiolia.it\/wp-content\/uploads\/2022\/08\/6938.jpg?resize=700%2C400&ssl=1 2x, https:\/\/i0.wp.com\/ecobiolia.it\/wp-content\/uploads\/2022\/08\/6938.jpg?resize=1050%2C600&ssl=1 3x, https:\/\/i0.wp.com\/ecobiolia.it\/wp-content\/uploads\/2022\/08\/6938.jpg?resize=1400%2C800&ssl=1 4x"},"classes":[]}],"jetpack_sharing_enabled":true,"_links":{"self":[{"href":"https:\/\/ecobiolia.it\/it_it\/wp-json\/wp\/v2\/product\/4567","targetHints":{"allow":["GET"]}}],"collection":[{"href":"https:\/\/ecobiolia.it\/it_it\/wp-json\/wp\/v2\/product"}],"about":[{"href":"https:\/\/ecobiolia.it\/it_it\/wp-json\/wp\/v2\/types\/product"}],"replies":[{"embeddable":true,"href":"https:\/\/ecobiolia.it\/it_it\/wp-json\/wp\/v2\/comments?post=4567"}],"version-history":[{"count":1,"href":"https:\/\/ecobiolia.it\/it_it\/wp-json\/wp\/v2\/product\/4567\/revisions"}],"predecessor-version":[{"id":6411,"href":"https:\/\/ecobiolia.it\/it_it\/wp-json\/wp\/v2\/product\/4567\/revisions\/6411"}],"wp:featuredmedia":[{"embeddable":true,"href":"https:\/\/ecobiolia.it\/it_it\/wp-json\/wp\/v2\/media\/4646"}],"wp:attachment":[{"href":"https:\/\/ecobiolia.it\/it_it\/wp-json\/wp\/v2\/media?parent=4567"}],"wp:term":[{"taxonomy":"product_brand","embeddable":true,"href":"https:\/\/ecobiolia.it\/it_it\/wp-json\/wp\/v2\/product_brand?post=4567"},{"taxonomy":"product_cat","embeddable":true,"href":"https:\/\/ecobiolia.it\/it_it\/wp-json\/wp\/v2\/product_cat?post=4567"},{"taxonomy":"product_tag","embeddable":true,"href":"https:\/\/ecobiolia.it\/it_it\/wp-json\/wp\/v2\/product_tag?post=4567"}],"curies":[{"name":"wp","href":"https:\/\/api.w.org\/{rel}","templated":true}]}}