{"id":4421,"date":"2022-09-30T09:00:31","date_gmt":"2022-09-30T09:00:31","guid":{"rendered":"https:\/\/ecobiolia.it\/?post_type=product&#038;p=4421"},"modified":"2025-09-17T12:34:17","modified_gmt":"2025-09-17T12:34:17","slug":"olio-di-mandorle-dolci","status":"publish","type":"product","link":"https:\/\/ecobiolia.it\/it_it\/prodotto\/olio-di-mandorle-dolci\/","title":{"rendered":"Olio di Mandorle Dolci"},"content":{"rendered":"<p><span class=\"VIiyi\" lang=\"it\"><span class=\"JLqJ4b\" data-language-for-alternatives=\"it\" data-language-to-translate-into=\"pl\" data-phrase-index=\"0\" data-number-of-phrases=\"1\"><span class=\"Q4iAWc\"> Paese di origine: Italia o Spagna. <\/span><\/span><\/span><\/p>\n<p><span class=\"VIiyi\" lang=\"it\"><span class=\"JLqJ4b\" data-language-for-alternatives=\"it\" data-language-to-translate-into=\"pl\" data-phrase-index=\"0\" data-number-of-phrases=\"1\"><span class=\"Q4iAWc\">Capacit\u00e0: 100 ml. <\/span><\/span><\/span><\/p>\n<p><span class=\"VIiyi\" lang=\"it\"><span class=\"JLqJ4b\" data-language-for-alternatives=\"it\" data-language-to-translate-into=\"pl\" data-phrase-index=\"0\" data-number-of-phrases=\"1\"><span class=\"Q4iAWc\">Materia prima cosmetica.<\/span><\/span><\/span><\/p>\n<p><span class=\"VIiyi\" lang=\"it\"><span class=\"JLqJ4b\" data-language-for-alternatives=\"it\" data-language-to-translate-into=\"pl\" data-phrase-index=\"0\" data-number-of-phrases=\"1\"><span class=\"Q4iAWc\">Pu\u00f2 essere utilizzato come parte di maschere per viso e capelli. Ottimo per rimuovere il trucco. <\/span><\/span><\/span><\/p>\n<p><span class=\"VIiyi\" lang=\"it\"><span class=\"JLqJ4b\" data-language-for-alternatives=\"it\" data-language-to-translate-into=\"pl\" data-phrase-index=\"0\" data-number-of-phrases=\"1\"><span class=\"Q4iAWc\">Nota: l&#8217;imballaggio pu\u00f2 variare da lotto a lotto (bottiglia, pipetta).<br \/>\n<\/span><\/span><\/span><\/p>\n<p><span class=\"VIiyi\" lang=\"it\"><span class=\"JLqJ4b ChMk0b\" data-language-for-alternatives=\"it\" data-language-to-translate-into=\"en\" data-phrase-index=\"0\" data-number-of-phrases=\"5\"><span class=\"Q4iAWc\"><strong>Avvertenza:<\/strong> Solo per uso esterno.<\/span><\/span> <span class=\"JLqJ4b ChMk0b\" data-language-for-alternatives=\"it\" data-language-to-translate-into=\"en\" data-phrase-index=\"2\" data-number-of-phrases=\"5\"><span class=\"Q4iAWc\">Non utilizzare in caso di allergia a uno qualsiasi degli ingredienti elencati.<\/span><\/span> <span class=\"JLqJ4b ChMk0b\" data-language-for-alternatives=\"it\" data-language-to-translate-into=\"en\" data-phrase-index=\"3\" data-number-of-phrases=\"5\"><span class=\"Q4iAWc\">In caso di irritazione, interrompere immediatamente l\u2019uso.<\/span><\/span> <span class=\"JLqJ4b ChMk0b\" data-language-for-alternatives=\"it\" data-language-to-translate-into=\"en\" data-phrase-index=\"4\" data-number-of-phrases=\"5\"><span class=\"Q4iAWc\">Eseguire un patch test su una piccola area della pelle prima del primo utilizzo.<\/span><\/span><\/span><\/p>\n<p><span class=\"VIiyi\" lang=\"it\"><span class=\"JLqJ4b\" data-language-for-alternatives=\"it\" data-language-to-translate-into=\"en\" data-phrase-index=\"0\" data-number-of-phrases=\"1\"><span class=\"Q4iAWc\">\u00a0<\/span><\/span><\/span><\/p>\n<p><span class=\"VIiyi\" lang=\"it\"><span class=\"JLqJ4b\" data-language-for-alternatives=\"it\" data-language-to-translate-into=\"pl\" data-phrase-index=\"0\" data-number-of-phrases=\"1\"><span class=\"Q4iAWc\">\u00a0<\/span><\/span><\/span><\/p>\n","protected":false},"excerpt":{"rendered":"<p><span class=\"VIiyi\" lang=\"it\"><span class=\"JLqJ4b\" data-language-for-alternatives=\"it\" data-language-to-translate-into=\"pl\" data-phrase-index=\"0\" data-number-of-phrases=\"1\"><span class=\"Q4iAWc\">Olio di mandorle dolci purificato sotto forma di materia prima cosmetica. La materia prima \u00e8 di altissima qualit\u00e0. Prodotto 100% naturale. \u00c8 fatto dai semi dei mandorli. Si presenta in una bella bottiglia di vetro scuro. L&#8217;olio di mandorle dolci contiene acido oleico, acido linoleico e vitamine B1, B2, B6, D ed E.\u00a0<\/span><\/span><\/span><\/p>\n","protected":false},"featured_media":4452,"comment_status":"open","ping_status":"closed","template":"","meta":[],"product_brand":[],"product_cat":[120,135,112,45],"product_tag":[],"class_list":{"0":"post-4421","1":"product","2":"type-product","3":"status-publish","4":"has-post-thumbnail","6":"product_cat-cosmetici","7":"product_cat-cosmetici-naturali","8":"product_cat-per-le-donne","9":"product_cat-prodotti-per-la-cura-del-corpo","11":"first","12":"instock","13":"taxable","14":"shipping-taxable","15":"purchasable","16":"product-type-simple"},"yoast_head":"<!-- This site is optimized with the Yoast SEO plugin v27.3 - https:\/\/yoast.com\/product\/yoast-seo-wordpress\/ -->\n<title>Olio di Mandorle Dolci - EcoBiOlia<\/title>\n<meta name=\"description\" content=\"Olio di mandorle dolci purificato sotto forma di materia prima cosmetica. La materia prima \u00e8 di altissima qualit\u00e0. Prodotto 100% naturale.\" \/>\n<meta name=\"robots\" content=\"index, follow, max-snippet:-1, max-image-preview:large, max-video-preview:-1\" \/>\n<link rel=\"canonical\" href=\"https:\/\/ecobiolia.it\/it_it\/prodotto\/olio-di-mandorle-dolci\/\" \/>\n<meta property=\"og:locale\" content=\"it_IT\" \/>\n<meta property=\"og:type\" content=\"article\" \/>\n<meta property=\"og:title\" content=\"Olio di Mandorle Dolci - EcoBiOlia\" \/>\n<meta property=\"og:description\" content=\"Olio di mandorle dolci purificato sotto forma di materia prima cosmetica. La materia prima \u00e8 di altissima qualit\u00e0. Prodotto 100% naturale.\" \/>\n<meta property=\"og:url\" content=\"https:\/\/ecobiolia.it\/it_it\/prodotto\/olio-di-mandorle-dolci\/\" \/>\n<meta property=\"og:site_name\" content=\"EcoBiOlia\" \/>\n<meta property=\"article:modified_time\" content=\"2025-09-17T12:34:17+00:00\" \/>\n<meta property=\"og:image\" content=\"https:\/\/ecobiolia.it\/wp-content\/uploads\/2022\/09\/7550.jpg\" \/>\n\t<meta property=\"og:image:width\" content=\"1600\" \/>\n\t<meta property=\"og:image:height\" content=\"1423\" \/>\n\t<meta property=\"og:image:type\" content=\"image\/jpeg\" \/>\n<meta name=\"twitter:card\" content=\"summary_large_image\" \/>\n<meta name=\"twitter:label1\" content=\"Tempo di lettura stimato\" \/>\n\t<meta name=\"twitter:data1\" content=\"1 minuto\" \/>\n<script type=\"application\/ld+json\" class=\"yoast-schema-graph\">{\"@context\":\"https:\\\/\\\/schema.org\",\"@graph\":[{\"@type\":\"WebPage\",\"@id\":\"https:\\\/\\\/ecobiolia.it\\\/prodotto\\\/olio-di-mandorle-dolci\\\/\",\"url\":\"https:\\\/\\\/ecobiolia.it\\\/prodotto\\\/olio-di-mandorle-dolci\\\/\",\"name\":\"Olio di Mandorle Dolci - EcoBiOlia\",\"isPartOf\":{\"@id\":\"https:\\\/\\\/ecobiolia.it\\\/it_it\\\/#website\"},\"primaryImageOfPage\":{\"@id\":\"https:\\\/\\\/ecobiolia.it\\\/prodotto\\\/olio-di-mandorle-dolci\\\/#primaryimage\"},\"image\":{\"@id\":\"https:\\\/\\\/ecobiolia.it\\\/prodotto\\\/olio-di-mandorle-dolci\\\/#primaryimage\"},\"thumbnailUrl\":\"https:\\\/\\\/ecobiolia.it\\\/wp-content\\\/uploads\\\/2022\\\/09\\\/7550.jpg\",\"datePublished\":\"2022-09-30T09:00:31+00:00\",\"dateModified\":\"2025-09-17T12:34:17+00:00\",\"description\":\"Olio di mandorle dolci purificato sotto forma di materia prima cosmetica. La materia prima \u00e8 di altissima qualit\u00e0. Prodotto 100% naturale.\",\"breadcrumb\":{\"@id\":\"https:\\\/\\\/ecobiolia.it\\\/prodotto\\\/olio-di-mandorle-dolci\\\/#breadcrumb\"},\"inLanguage\":\"it-IT\",\"potentialAction\":[{\"@type\":\"ReadAction\",\"target\":[\"https:\\\/\\\/ecobiolia.it\\\/prodotto\\\/olio-di-mandorle-dolci\\\/\"]}]},{\"@type\":\"ImageObject\",\"inLanguage\":\"it-IT\",\"@id\":\"https:\\\/\\\/ecobiolia.it\\\/prodotto\\\/olio-di-mandorle-dolci\\\/#primaryimage\",\"url\":\"https:\\\/\\\/ecobiolia.it\\\/wp-content\\\/uploads\\\/2022\\\/09\\\/7550.jpg\",\"contentUrl\":\"https:\\\/\\\/ecobiolia.it\\\/wp-content\\\/uploads\\\/2022\\\/09\\\/7550.jpg\",\"width\":1600,\"height\":1423},{\"@type\":\"BreadcrumbList\",\"@id\":\"https:\\\/\\\/ecobiolia.it\\\/prodotto\\\/olio-di-mandorle-dolci\\\/#breadcrumb\",\"itemListElement\":[{\"@type\":\"ListItem\",\"position\":1,\"name\":\"Home\",\"item\":\"https:\\\/\\\/ecobiolia.it\\\/\"},{\"@type\":\"ListItem\",\"position\":2,\"name\":\"Negozio\",\"item\":\"https:\\\/\\\/ecobiolia.it\\\/negozio\\\/\"},{\"@type\":\"ListItem\",\"position\":3,\"name\":\"Olio di Mandorle Dolci\"}]},{\"@type\":\"WebSite\",\"@id\":\"https:\\\/\\\/ecobiolia.it\\\/it_it\\\/#website\",\"url\":\"https:\\\/\\\/ecobiolia.it\\\/it_it\\\/\",\"name\":\"EcoBiOlia\",\"description\":\"Negozio Ecologico per Bambini e Adulti\",\"publisher\":{\"@id\":\"https:\\\/\\\/ecobiolia.it\\\/it_it\\\/#organization\"},\"potentialAction\":[{\"@type\":\"SearchAction\",\"target\":{\"@type\":\"EntryPoint\",\"urlTemplate\":\"https:\\\/\\\/ecobiolia.it\\\/it_it\\\/?s={search_term_string}\"},\"query-input\":{\"@type\":\"PropertyValueSpecification\",\"valueRequired\":true,\"valueName\":\"search_term_string\"}}],\"inLanguage\":\"it-IT\"},{\"@type\":\"Organization\",\"@id\":\"https:\\\/\\\/ecobiolia.it\\\/it_it\\\/#organization\",\"name\":\"EcoBiOlia\",\"url\":\"https:\\\/\\\/ecobiolia.it\\\/it_it\\\/\",\"logo\":{\"@type\":\"ImageObject\",\"inLanguage\":\"it-IT\",\"@id\":\"https:\\\/\\\/ecobiolia.it\\\/it_it\\\/#\\\/schema\\\/logo\\\/image\\\/\",\"url\":\"https:\\\/\\\/ecobiolia.it\\\/wp-content\\\/uploads\\\/2022\\\/04\\\/EcoBiOlia-Logo.png\",\"contentUrl\":\"https:\\\/\\\/ecobiolia.it\\\/wp-content\\\/uploads\\\/2022\\\/04\\\/EcoBiOlia-Logo.png\",\"width\":1772,\"height\":944,\"caption\":\"EcoBiOlia\"},\"image\":{\"@id\":\"https:\\\/\\\/ecobiolia.it\\\/it_it\\\/#\\\/schema\\\/logo\\\/image\\\/\"}}]}<\/script>\n<!-- \/ Yoast SEO plugin. -->","yoast_head_json":{"title":"Olio di Mandorle Dolci - EcoBiOlia","description":"Olio di mandorle dolci purificato sotto forma di materia prima cosmetica. La materia prima \u00e8 di altissima qualit\u00e0. Prodotto 100% naturale.","robots":{"index":"index","follow":"follow","max-snippet":"max-snippet:-1","max-image-preview":"max-image-preview:large","max-video-preview":"max-video-preview:-1"},"canonical":"https:\/\/ecobiolia.it\/it_it\/prodotto\/olio-di-mandorle-dolci\/","og_locale":"it_IT","og_type":"article","og_title":"Olio di Mandorle Dolci - EcoBiOlia","og_description":"Olio di mandorle dolci purificato sotto forma di materia prima cosmetica. La materia prima \u00e8 di altissima qualit\u00e0. Prodotto 100% naturale.","og_url":"https:\/\/ecobiolia.it\/it_it\/prodotto\/olio-di-mandorle-dolci\/","og_site_name":"EcoBiOlia","article_modified_time":"2025-09-17T12:34:17+00:00","og_image":[{"width":1600,"height":1423,"url":"https:\/\/ecobiolia.it\/wp-content\/uploads\/2022\/09\/7550.jpg","type":"image\/jpeg"}],"twitter_card":"summary_large_image","twitter_misc":{"Tempo di lettura stimato":"1 minuto"},"schema":{"@context":"https:\/\/schema.org","@graph":[{"@type":"WebPage","@id":"https:\/\/ecobiolia.it\/prodotto\/olio-di-mandorle-dolci\/","url":"https:\/\/ecobiolia.it\/prodotto\/olio-di-mandorle-dolci\/","name":"Olio di Mandorle Dolci - EcoBiOlia","isPartOf":{"@id":"https:\/\/ecobiolia.it\/it_it\/#website"},"primaryImageOfPage":{"@id":"https:\/\/ecobiolia.it\/prodotto\/olio-di-mandorle-dolci\/#primaryimage"},"image":{"@id":"https:\/\/ecobiolia.it\/prodotto\/olio-di-mandorle-dolci\/#primaryimage"},"thumbnailUrl":"https:\/\/ecobiolia.it\/wp-content\/uploads\/2022\/09\/7550.jpg","datePublished":"2022-09-30T09:00:31+00:00","dateModified":"2025-09-17T12:34:17+00:00","description":"Olio di mandorle dolci purificato sotto forma di materia prima cosmetica. La materia prima \u00e8 di altissima qualit\u00e0. Prodotto 100% naturale.","breadcrumb":{"@id":"https:\/\/ecobiolia.it\/prodotto\/olio-di-mandorle-dolci\/#breadcrumb"},"inLanguage":"it-IT","potentialAction":[{"@type":"ReadAction","target":["https:\/\/ecobiolia.it\/prodotto\/olio-di-mandorle-dolci\/"]}]},{"@type":"ImageObject","inLanguage":"it-IT","@id":"https:\/\/ecobiolia.it\/prodotto\/olio-di-mandorle-dolci\/#primaryimage","url":"https:\/\/ecobiolia.it\/wp-content\/uploads\/2022\/09\/7550.jpg","contentUrl":"https:\/\/ecobiolia.it\/wp-content\/uploads\/2022\/09\/7550.jpg","width":1600,"height":1423},{"@type":"BreadcrumbList","@id":"https:\/\/ecobiolia.it\/prodotto\/olio-di-mandorle-dolci\/#breadcrumb","itemListElement":[{"@type":"ListItem","position":1,"name":"Home","item":"https:\/\/ecobiolia.it\/"},{"@type":"ListItem","position":2,"name":"Negozio","item":"https:\/\/ecobiolia.it\/negozio\/"},{"@type":"ListItem","position":3,"name":"Olio di Mandorle Dolci"}]},{"@type":"WebSite","@id":"https:\/\/ecobiolia.it\/it_it\/#website","url":"https:\/\/ecobiolia.it\/it_it\/","name":"EcoBiOlia","description":"Negozio Ecologico per Bambini e Adulti","publisher":{"@id":"https:\/\/ecobiolia.it\/it_it\/#organization"},"potentialAction":[{"@type":"SearchAction","target":{"@type":"EntryPoint","urlTemplate":"https:\/\/ecobiolia.it\/it_it\/?s={search_term_string}"},"query-input":{"@type":"PropertyValueSpecification","valueRequired":true,"valueName":"search_term_string"}}],"inLanguage":"it-IT"},{"@type":"Organization","@id":"https:\/\/ecobiolia.it\/it_it\/#organization","name":"EcoBiOlia","url":"https:\/\/ecobiolia.it\/it_it\/","logo":{"@type":"ImageObject","inLanguage":"it-IT","@id":"https:\/\/ecobiolia.it\/it_it\/#\/schema\/logo\/image\/","url":"https:\/\/ecobiolia.it\/wp-content\/uploads\/2022\/04\/EcoBiOlia-Logo.png","contentUrl":"https:\/\/ecobiolia.it\/wp-content\/uploads\/2022\/04\/EcoBiOlia-Logo.png","width":1772,"height":944,"caption":"EcoBiOlia"},"image":{"@id":"https:\/\/ecobiolia.it\/it_it\/#\/schema\/logo\/image\/"}}]}},"jetpack-related-posts":[{"id":4411,"url":"https:\/\/ecobiolia.it\/it_it\/prodotto\/burro-nutriente-idratante-e-illuminante-per-corpo\/","url_meta":{"origin":4421,"position":0},"title":"Burro Nutriente, Idratante e Illuminante per Corpo","author":"Olga","date":"30 Settembre 2022","format":false,"excerpt":"Gioioso Burro Nutriente, Idratante e Illuminante per Corpo \u00e8 un ottimo cosmetico che combina una forte cura della pelle con un miglioramento visivo immediato (colore e particelle dorate). A base di oli nutrienti di caff\u00e8 verde, fico d'India, mandorla e uva, burro di karit\u00e9 e oli di carota e olivello\u2026","rel":"","context":"Articolo simile","block_context":{"text":"Articolo simile","link":""},"img":{"alt_text":"","src":"https:\/\/i0.wp.com\/ecobiolia.it\/wp-content\/uploads\/2022\/08\/8507.jpg?resize=350%2C200&ssl=1","width":350,"height":200,"srcset":"https:\/\/i0.wp.com\/ecobiolia.it\/wp-content\/uploads\/2022\/08\/8507.jpg?resize=350%2C200&ssl=1 1x, https:\/\/i0.wp.com\/ecobiolia.it\/wp-content\/uploads\/2022\/08\/8507.jpg?resize=525%2C300&ssl=1 1.5x, https:\/\/i0.wp.com\/ecobiolia.it\/wp-content\/uploads\/2022\/08\/8507.jpg?resize=700%2C400&ssl=1 2x, https:\/\/i0.wp.com\/ecobiolia.it\/wp-content\/uploads\/2022\/08\/8507.jpg?resize=1050%2C600&ssl=1 3x, https:\/\/i0.wp.com\/ecobiolia.it\/wp-content\/uploads\/2022\/08\/8507.jpg?resize=1400%2C800&ssl=1 4x"},"classes":[]},{"id":6061,"url":"https:\/\/ecobiolia.it\/it_it\/prodotto\/balsamo-corpo-rassodante-rigenerante-al-caffe\/","url_meta":{"origin":4421,"position":1},"title":"Balsamo Corpo Rassodante Rigenerante al Caff\u00e8","author":"Olga","date":"18 Marzo 2024","format":false,"excerpt":"Balsamo Corpo Rassodante Rigenerante al Caff\u00e8 dalla consistenza densa e di rapido assorbimento. Nutre la pelle come il burro e si assorbe come una lozione! Profuma di albicocca matura e mango succoso. Consigliato per pelli che richiedono idratazione, rassodamento e levigatura. Azione: - rassodante - idratante - nutriente - rigenerante\u2026","rel":"","context":"Con 1 commento","block_context":{"text":"Con 1 commento","link":"https:\/\/ecobiolia.it\/it_it\/prodotto\/balsamo-corpo-rassodante-rigenerante-al-caffe\/#comments"},"img":{"alt_text":"","src":"https:\/\/i0.wp.com\/ecobiolia.it\/wp-content\/uploads\/2024\/03\/Lozione-Corpo-Rassodante-al-Caffe.jpg?resize=350%2C200&ssl=1","width":350,"height":200,"srcset":"https:\/\/i0.wp.com\/ecobiolia.it\/wp-content\/uploads\/2024\/03\/Lozione-Corpo-Rassodante-al-Caffe.jpg?resize=350%2C200&ssl=1 1x, https:\/\/i0.wp.com\/ecobiolia.it\/wp-content\/uploads\/2024\/03\/Lozione-Corpo-Rassodante-al-Caffe.jpg?resize=525%2C300&ssl=1 1.5x, https:\/\/i0.wp.com\/ecobiolia.it\/wp-content\/uploads\/2024\/03\/Lozione-Corpo-Rassodante-al-Caffe.jpg?resize=700%2C400&ssl=1 2x, https:\/\/i0.wp.com\/ecobiolia.it\/wp-content\/uploads\/2024\/03\/Lozione-Corpo-Rassodante-al-Caffe.jpg?resize=1050%2C600&ssl=1 3x, https:\/\/i0.wp.com\/ecobiolia.it\/wp-content\/uploads\/2024\/03\/Lozione-Corpo-Rassodante-al-Caffe.jpg?resize=1400%2C800&ssl=1 4x"},"classes":[]},{"id":5159,"url":"https:\/\/ecobiolia.it\/it_it\/prodotto\/acido-ialuronico-3\/","url_meta":{"origin":4421,"position":2},"title":"Acido Ialuronico 3%","author":"Olga","date":"2 Marzo 2023","format":false,"excerpt":"Sicuramente avrai sentito parlare di Acido Ialuronico 3%. \u00c8 presente in creme, bagnoschiuma, shampoo, maschere, ma anche in colliri e integratori alimentari. \u00c8 anche usato in medicina. Non a caso l'acido ialuronico HA \u00e8 stato un bestseller negli ultimi anni. Per le sue propriet\u00e0, si trova naturalmente anche nella nostra\u2026","rel":"","context":"Con 1 commento","block_context":{"text":"Con 1 commento","link":"https:\/\/ecobiolia.it\/it_it\/prodotto\/acido-ialuronico-3\/#comments"},"img":{"alt_text":"","src":"https:\/\/i0.wp.com\/ecobiolia.it\/wp-content\/uploads\/2023\/03\/Acido-ialuronico-3_lullalove_it.jpg?resize=350%2C200&ssl=1","width":350,"height":200,"srcset":"https:\/\/i0.wp.com\/ecobiolia.it\/wp-content\/uploads\/2023\/03\/Acido-ialuronico-3_lullalove_it.jpg?resize=350%2C200&ssl=1 1x, https:\/\/i0.wp.com\/ecobiolia.it\/wp-content\/uploads\/2023\/03\/Acido-ialuronico-3_lullalove_it.jpg?resize=525%2C300&ssl=1 1.5x, https:\/\/i0.wp.com\/ecobiolia.it\/wp-content\/uploads\/2023\/03\/Acido-ialuronico-3_lullalove_it.jpg?resize=700%2C400&ssl=1 2x, https:\/\/i0.wp.com\/ecobiolia.it\/wp-content\/uploads\/2023\/03\/Acido-ialuronico-3_lullalove_it.jpg?resize=1050%2C600&ssl=1 3x, https:\/\/i0.wp.com\/ecobiolia.it\/wp-content\/uploads\/2023\/03\/Acido-ialuronico-3_lullalove_it.jpg?resize=1400%2C800&ssl=1 4x"},"classes":[]},{"id":4027,"url":"https:\/\/ecobiolia.it\/it_it\/prodotto\/maschera-emolliente-alle-erbe-per-capelli-ruvidi\/","url_meta":{"origin":4421,"position":3},"title":"Maschera Emolliente alle Erbe per Capelli Ruvidi","author":"Olga","date":"22 Agosto 2022","format":false,"excerpt":"Maschera Emolliente alle Erbe per Capelli Ruvidi e Opachi, a base di olio di semi d'uva, mandorle dolci e ricino, con glicerina e pantenolo. Contiene inoltre estratti di equiseto e ortica, vitamina b3 e oli essenziali di lavanda e timo. Gli umettanti sono responsabili dell'idratazione e gli emollienti sono responsabili\u2026","rel":"","context":"Con 1 commento","block_context":{"text":"Con 1 commento","link":"https:\/\/ecobiolia.it\/it_it\/prodotto\/maschera-emolliente-alle-erbe-per-capelli-ruvidi\/#comments"},"img":{"alt_text":"","src":"https:\/\/i0.wp.com\/ecobiolia.it\/wp-content\/uploads\/2022\/08\/7091.jpg?resize=350%2C200&ssl=1","width":350,"height":200,"srcset":"https:\/\/i0.wp.com\/ecobiolia.it\/wp-content\/uploads\/2022\/08\/7091.jpg?resize=350%2C200&ssl=1 1x, https:\/\/i0.wp.com\/ecobiolia.it\/wp-content\/uploads\/2022\/08\/7091.jpg?resize=525%2C300&ssl=1 1.5x, https:\/\/i0.wp.com\/ecobiolia.it\/wp-content\/uploads\/2022\/08\/7091.jpg?resize=700%2C400&ssl=1 2x, https:\/\/i0.wp.com\/ecobiolia.it\/wp-content\/uploads\/2022\/08\/7091.jpg?resize=1050%2C600&ssl=1 3x, https:\/\/i0.wp.com\/ecobiolia.it\/wp-content\/uploads\/2022\/08\/7091.jpg?resize=1400%2C800&ssl=1 4x"},"classes":[]},{"id":4080,"url":"https:\/\/ecobiolia.it\/it_it\/prodotto\/burro-per-viso-corpo-protettivo-rigenerante-e-idratante\/","url_meta":{"origin":4421,"position":4},"title":"Burro per Viso Corpo Protettivo, Rigenerante e Idratante","author":"Olga","date":"22 Agosto 2022","format":false,"excerpt":"Burro per Viso Corpo Protettivo, Rigenerante e Idratante\u00a0WOW - \u00e8 proprio cos\u00ec che dovremmo chiamarla, perch\u00e9 \u00e8 impossibile elencare tutte le sue propriet\u00e0 in una breve descrizione del prodotto sulla confezione. Questo cosmetico \u00e8 un prodotto multiuso e multifunzionale. Puoi usarlo su viso, corpo e capelli! Ti aiuter\u00e0 con ferite\u2026","rel":"","context":"Con 1 commento","block_context":{"text":"Con 1 commento","link":"https:\/\/ecobiolia.it\/it_it\/prodotto\/burro-per-viso-corpo-protettivo-rigenerante-e-idratante\/#comments"},"img":{"alt_text":"","src":"https:\/\/i0.wp.com\/ecobiolia.it\/wp-content\/uploads\/2022\/08\/3292.jpg?resize=350%2C200&ssl=1","width":350,"height":200,"srcset":"https:\/\/i0.wp.com\/ecobiolia.it\/wp-content\/uploads\/2022\/08\/3292.jpg?resize=350%2C200&ssl=1 1x, https:\/\/i0.wp.com\/ecobiolia.it\/wp-content\/uploads\/2022\/08\/3292.jpg?resize=525%2C300&ssl=1 1.5x, https:\/\/i0.wp.com\/ecobiolia.it\/wp-content\/uploads\/2022\/08\/3292.jpg?resize=700%2C400&ssl=1 2x, https:\/\/i0.wp.com\/ecobiolia.it\/wp-content\/uploads\/2022\/08\/3292.jpg?resize=1050%2C600&ssl=1 3x, https:\/\/i0.wp.com\/ecobiolia.it\/wp-content\/uploads\/2022\/08\/3292.jpg?resize=1400%2C800&ssl=1 4x"},"classes":[]},{"id":4419,"url":"https:\/\/ecobiolia.it\/it_it\/prodotto\/idrolato-di-lavanda-acqua-di-fiori\/","url_meta":{"origin":4421,"position":5},"title":"Idrolato di Lavanda, Acqua di Fiori","author":"Olga","date":"30 Settembre 2022","format":false,"excerpt":"Un idrolato di lavanda (cio\u00e8 acqua di fiori) molto universale ed efficiente con un comodo atomizzatore. Si presenta in un comodo flacone che puoi portare in borsa tutti i giorni, ad esempio per rinfrescare la tua pelle. Questa materia prima cosmetica ha origine e purezza eccellenti. Questo idrolato \u00e8 prodotto\u2026","rel":"","context":"Con 2 commenti","block_context":{"text":"Con 2 commenti","link":"https:\/\/ecobiolia.it\/it_it\/prodotto\/idrolato-di-lavanda-acqua-di-fiori\/#comments"},"img":{"alt_text":"","src":"https:\/\/i0.wp.com\/ecobiolia.it\/wp-content\/uploads\/2022\/09\/8342.jpg?resize=350%2C200&ssl=1","width":350,"height":200,"srcset":"https:\/\/i0.wp.com\/ecobiolia.it\/wp-content\/uploads\/2022\/09\/8342.jpg?resize=350%2C200&ssl=1 1x, https:\/\/i0.wp.com\/ecobiolia.it\/wp-content\/uploads\/2022\/09\/8342.jpg?resize=525%2C300&ssl=1 1.5x, https:\/\/i0.wp.com\/ecobiolia.it\/wp-content\/uploads\/2022\/09\/8342.jpg?resize=700%2C400&ssl=1 2x, https:\/\/i0.wp.com\/ecobiolia.it\/wp-content\/uploads\/2022\/09\/8342.jpg?resize=1050%2C600&ssl=1 3x, https:\/\/i0.wp.com\/ecobiolia.it\/wp-content\/uploads\/2022\/09\/8342.jpg?resize=1400%2C800&ssl=1 4x"},"classes":[]}],"jetpack_sharing_enabled":true,"_links":{"self":[{"href":"https:\/\/ecobiolia.it\/it_it\/wp-json\/wp\/v2\/product\/4421","targetHints":{"allow":["GET"]}}],"collection":[{"href":"https:\/\/ecobiolia.it\/it_it\/wp-json\/wp\/v2\/product"}],"about":[{"href":"https:\/\/ecobiolia.it\/it_it\/wp-json\/wp\/v2\/types\/product"}],"replies":[{"embeddable":true,"href":"https:\/\/ecobiolia.it\/it_it\/wp-json\/wp\/v2\/comments?post=4421"}],"version-history":[{"count":1,"href":"https:\/\/ecobiolia.it\/it_it\/wp-json\/wp\/v2\/product\/4421\/revisions"}],"predecessor-version":[{"id":6457,"href":"https:\/\/ecobiolia.it\/it_it\/wp-json\/wp\/v2\/product\/4421\/revisions\/6457"}],"wp:featuredmedia":[{"embeddable":true,"href":"https:\/\/ecobiolia.it\/it_it\/wp-json\/wp\/v2\/media\/4452"}],"wp:attachment":[{"href":"https:\/\/ecobiolia.it\/it_it\/wp-json\/wp\/v2\/media?parent=4421"}],"wp:term":[{"taxonomy":"product_brand","embeddable":true,"href":"https:\/\/ecobiolia.it\/it_it\/wp-json\/wp\/v2\/product_brand?post=4421"},{"taxonomy":"product_cat","embeddable":true,"href":"https:\/\/ecobiolia.it\/it_it\/wp-json\/wp\/v2\/product_cat?post=4421"},{"taxonomy":"product_tag","embeddable":true,"href":"https:\/\/ecobiolia.it\/it_it\/wp-json\/wp\/v2\/product_tag?post=4421"}],"curies":[{"name":"wp","href":"https:\/\/api.w.org\/{rel}","templated":true}]}}