{"id":4417,"date":"2022-09-30T09:00:31","date_gmt":"2022-09-30T09:00:31","guid":{"rendered":"https:\/\/ecobiolia.it\/?post_type=product&#038;p=4417"},"modified":"2025-09-17T12:34:02","modified_gmt":"2025-09-17T12:34:02","slug":"olio-detergente-viso-idrofilo-delicato","status":"publish","type":"product","link":"https:\/\/ecobiolia.it\/it_it\/prodotto\/olio-detergente-viso-idrofilo-delicato\/","title":{"rendered":"Olio Detergente Viso Idrofilo Delicato"},"content":{"rendered":"<p><span class=\"VIiyi\" lang=\"it\"><span class=\"JLqJ4b\" data-language-for-alternatives=\"it\" data-language-to-translate-into=\"pl\" data-phrase-index=\"0\" data-number-of-phrases=\"1\"><span class=\"Q4iAWc\">Principi attivi di Olio Detergente Viso Idrofilo Delicato<\/span><\/span><\/span><\/p>\n<p><span class=\"VIiyi\" lang=\"it\"><span class=\"JLqJ4b\" data-language-for-alternatives=\"it\" data-language-to-translate-into=\"pl\" data-phrase-index=\"0\" data-number-of-phrases=\"1\"><span class=\"Q4iAWc\"><strong><em>oli spremuti a freddo, emulsionante, vitamina E:<\/em><\/strong><\/span><\/span><\/span><\/p>\n<ul>\n<li><span class=\"VIiyi\" lang=\"it\"><span class=\"JLqJ4b\" data-language-for-alternatives=\"it\" data-language-to-translate-into=\"pl\" data-phrase-index=\"0\" data-number-of-phrases=\"1\"><span class=\"Q4iAWc\">\u00a0 olio di ricino &#8211; la base della miscela utilizzata in OCM, lenisce le irritazioni cutanee, dal punto di vista chimico ha una composizione simile al sebo umano, quindi \u00e8 il principale solvente di grasso e sporco<\/span><\/span><\/span><\/li>\n<li><span class=\"VIiyi\" lang=\"it\"><span class=\"JLqJ4b\" data-language-for-alternatives=\"it\" data-language-to-translate-into=\"pl\" data-phrase-index=\"0\" data-number-of-phrases=\"1\"><span class=\"Q4iAWc\">olio di riso &#8211; ha propriet\u00e0 purificanti e rigeneranti <\/span><\/span><\/span><\/li>\n<li><span class=\"VIiyi\" lang=\"it\"><span class=\"JLqJ4b\" data-language-for-alternatives=\"it\" data-language-to-translate-into=\"pl\" data-phrase-index=\"0\" data-number-of-phrases=\"1\"><span class=\"Q4iAWc\">olio di nocciolo di albicocca &#8211; contiene acidi grassi insaturi, vitamine A, B ed E. Migliora l&#8217;elasticit\u00e0 della pelle. <\/span><\/span><\/span><\/li>\n<li><span class=\"VIiyi\" lang=\"it\"><span class=\"JLqJ4b\" data-language-for-alternatives=\"it\" data-language-to-translate-into=\"pl\" data-phrase-index=\"0\" data-number-of-phrases=\"1\"><span class=\"Q4iAWc\">olio di semi di cotone &#8211; rende la pelle elastica, ha propriet\u00e0 antinfiammatorie <\/span><\/span><\/span><\/li>\n<li><span class=\"VIiyi\" lang=\"it\"><span class=\"JLqJ4b\" data-language-for-alternatives=\"it\" data-language-to-translate-into=\"pl\" data-phrase-index=\"0\" data-number-of-phrases=\"1\"><span class=\"Q4iAWc\">vitamina E &#8211; antiossidante.<br \/>\n<\/span><\/span><\/span><\/li>\n<\/ul>\n<p><span class=\"VIiyi\" lang=\"it\"><span class=\"JLqJ4b\" data-language-for-alternatives=\"it\" data-language-to-translate-into=\"pl\" data-phrase-index=\"0\" data-number-of-phrases=\"1\"><span class=\"Q4iAWc\"><strong>Istruzioni per l&#8217;uso:<\/strong> Applicare una piccola quantit\u00e0 di olio direttamente sulla pelle con acqua tiepida e massaggiare con movimenti circolari. Quindi risciacquare. Funziona perfettamente in combinazione con i dischetti struccanti. <\/span><\/span><\/span><\/p>\n<p><span class=\"VIiyi\" lang=\"it\"><span class=\"JLqJ4b\" data-language-for-alternatives=\"it\" data-language-to-translate-into=\"pl\" data-phrase-index=\"0\" data-number-of-phrases=\"1\"><span class=\"Q4iAWc\"><em><strong>Prodotto naturale.<\/strong> <\/em>I lotti possono differire leggermente in densit\u00e0. La torbidit\u00e0 \u00e8 naturale e non pregiudica la qualit\u00e0 del prodotto. <\/span><\/span><\/span><\/p>\n<p><span class=\"VIiyi\" lang=\"it\"><span class=\"JLqJ4b\" data-language-for-alternatives=\"it\" data-language-to-translate-into=\"pl\" data-phrase-index=\"0\" data-number-of-phrases=\"1\"><span class=\"Q4iAWc\">Non portare il prodotto negli occhi. Non aprire gli occhi durante la rimozione del trucco. <\/span><\/span><\/span><\/p>\n<p><span class=\"VIiyi\" lang=\"it\"><span class=\"JLqJ4b\" data-language-for-alternatives=\"it\" data-language-to-translate-into=\"pl\" data-phrase-index=\"0\" data-number-of-phrases=\"1\"><span class=\"Q4iAWc\">Prodotto polacco. Prodotto vegano. Per legge, non testato sugli animali. <\/span><\/span><\/span><\/p>\n<p><span class=\"VIiyi\" lang=\"it\"><span class=\"JLqJ4b\" data-language-for-alternatives=\"it\" data-language-to-translate-into=\"pl\" data-phrase-index=\"0\" data-number-of-phrases=\"1\"><span class=\"Q4iAWc\">Capacit\u00e0: 100 ml<br \/>\n<\/span><\/span><\/span><\/p>\n<p><span class=\"VIiyi\" lang=\"it\"><span class=\"JLqJ4b\" data-language-for-alternatives=\"it\" data-language-to-translate-into=\"en\" data-phrase-index=\"0\" data-number-of-phrases=\"1\"><span class=\"Q4iAWc\"><strong>Allergie:<\/strong> Non utilizzare se si \u00e8 allergici a uno qualsiasi degli ingredienti. In caso di problemi di alopecia ormonale, forte diradamento dei capelli, dermatite seborroica ecc., consultare sempre un medico che suggerir\u00e0 il trattamento appropriato. Gli sfregamenti non sono medicinali. Prodotto naturale. Potrebbero esserci differenze di fragranza, colore o densit\u00e0 da lotto a lotto.<br \/>\n<\/span><\/span><\/span><\/p>\n<p><span class=\"VIiyi\" lang=\"it\"><span class=\"JLqJ4b ChMk0b\" data-language-for-alternatives=\"it\" data-language-to-translate-into=\"en\" data-phrase-index=\"0\" data-number-of-phrases=\"5\"><span class=\"Q4iAWc\"><strong>Avvertenza:<\/strong> Solo per uso esterno.<\/span><\/span> <span class=\"JLqJ4b ChMk0b\" data-language-for-alternatives=\"it\" data-language-to-translate-into=\"en\" data-phrase-index=\"2\" data-number-of-phrases=\"5\"><span class=\"Q4iAWc\">Non utilizzare in caso di allergia a uno qualsiasi degli ingredienti elencati.<\/span><\/span> <span class=\"JLqJ4b ChMk0b\" data-language-for-alternatives=\"it\" data-language-to-translate-into=\"en\" data-phrase-index=\"3\" data-number-of-phrases=\"5\"><span class=\"Q4iAWc\">In caso di irritazione, interrompere immediatamente l\u2019uso.<\/span><\/span> <span class=\"JLqJ4b ChMk0b\" data-language-for-alternatives=\"it\" data-language-to-translate-into=\"en\" data-phrase-index=\"4\" data-number-of-phrases=\"5\"><span class=\"Q4iAWc\">Eseguire un patch test su una piccola area della pelle prima del primo utilizzo.<\/span><\/span><\/span><\/p>\n<p><span class=\"VIiyi\" lang=\"it\"><span class=\"JLqJ4b\" data-language-for-alternatives=\"it\" data-language-to-translate-into=\"en\" data-phrase-index=\"0\" data-number-of-phrases=\"1\"><span class=\"Q4iAWc\">\u00a0<\/span><\/span><\/span><\/p>\n<p><span class=\"VIiyi\" lang=\"it\"><span class=\"JLqJ4b\" data-language-for-alternatives=\"it\" data-language-to-translate-into=\"pl\" data-phrase-index=\"0\" data-number-of-phrases=\"1\"><span class=\"Q4iAWc\">\u00a0<\/span><\/span><\/span><\/p>\n","protected":false},"excerpt":{"rendered":"<p><span class=\"VIiyi\" lang=\"it\"><span class=\"JLqJ4b\" data-language-for-alternatives=\"it\" data-language-to-translate-into=\"pl\" data-phrase-index=\"0\" data-number-of-phrases=\"1\"><span class=\"Q4iAWc\">Olio detergente viso idrofilo a base di oli naturali di nocciolo di albicocca, cotone, riso e olio di ricino con l&#8217;aggiunta di vitamina E. La composizione include un emulsionante. Grazie a ci\u00f2, l&#8217;olio si trasforma in emulsione a contatto con l&#8217;acqua e verr\u00e0 lavato via con i resti di trucco o creme. L&#8217;olio \u00e8 perfetto per rimuovere il trucco e detergere la pelle del viso. Consigliato per tutti i tipi di pelle, in particolare per pelli irritate, secche e normali. <\/span><\/span><\/span><\/p>\n","protected":false},"featured_media":4439,"comment_status":"open","ping_status":"closed","template":"","meta":[],"product_brand":[],"product_cat":[120,135,112,45],"product_tag":[],"class_list":{"0":"post-4417","1":"product","2":"type-product","3":"status-publish","4":"has-post-thumbnail","6":"product_cat-cosmetici","7":"product_cat-cosmetici-naturali","8":"product_cat-per-le-donne","9":"product_cat-prodotti-per-la-cura-del-corpo","11":"first","12":"instock","13":"taxable","14":"shipping-taxable","15":"purchasable","16":"product-type-simple"},"yoast_head":"<!-- This site is optimized with the Yoast SEO plugin v27.3 - https:\/\/yoast.com\/product\/yoast-seo-wordpress\/ -->\n<title>Olio Detergente Viso Idrofilo Delicato - EcoBiOlia<\/title>\n<meta name=\"description\" content=\"Olio detergente viso idrofilo a base di oli naturali di nocciolo di albicocca, cotone, riso e olio di ricino con l&#039;aggiunta di vitamina E.\" \/>\n<meta name=\"robots\" content=\"index, follow, max-snippet:-1, max-image-preview:large, max-video-preview:-1\" \/>\n<link rel=\"canonical\" href=\"https:\/\/ecobiolia.it\/it_it\/prodotto\/olio-detergente-viso-idrofilo-delicato\/\" \/>\n<meta property=\"og:locale\" content=\"it_IT\" \/>\n<meta property=\"og:type\" content=\"article\" \/>\n<meta property=\"og:title\" content=\"Olio Detergente Viso Idrofilo Delicato - EcoBiOlia\" \/>\n<meta property=\"og:description\" content=\"Olio detergente viso idrofilo a base di oli naturali di nocciolo di albicocca, cotone, riso e olio di ricino con l&#039;aggiunta di vitamina E.\" \/>\n<meta property=\"og:url\" content=\"https:\/\/ecobiolia.it\/it_it\/prodotto\/olio-detergente-viso-idrofilo-delicato\/\" \/>\n<meta property=\"og:site_name\" content=\"EcoBiOlia\" \/>\n<meta property=\"article:modified_time\" content=\"2025-09-17T12:34:02+00:00\" \/>\n<meta property=\"og:image\" content=\"https:\/\/ecobiolia.it\/wp-content\/uploads\/2022\/09\/7672.jpg\" \/>\n\t<meta property=\"og:image:width\" content=\"1600\" \/>\n\t<meta property=\"og:image:height\" content=\"1423\" \/>\n\t<meta property=\"og:image:type\" content=\"image\/jpeg\" \/>\n<meta name=\"twitter:card\" content=\"summary_large_image\" \/>\n<meta name=\"twitter:label1\" content=\"Tempo di lettura stimato\" \/>\n\t<meta name=\"twitter:data1\" content=\"2 minuti\" \/>\n<script type=\"application\/ld+json\" class=\"yoast-schema-graph\">{\"@context\":\"https:\\\/\\\/schema.org\",\"@graph\":[{\"@type\":\"WebPage\",\"@id\":\"https:\\\/\\\/ecobiolia.it\\\/prodotto\\\/olio-detergente-viso-idrofilo-delicato\\\/\",\"url\":\"https:\\\/\\\/ecobiolia.it\\\/prodotto\\\/olio-detergente-viso-idrofilo-delicato\\\/\",\"name\":\"Olio Detergente Viso Idrofilo Delicato - EcoBiOlia\",\"isPartOf\":{\"@id\":\"https:\\\/\\\/ecobiolia.it\\\/it_it\\\/#website\"},\"primaryImageOfPage\":{\"@id\":\"https:\\\/\\\/ecobiolia.it\\\/prodotto\\\/olio-detergente-viso-idrofilo-delicato\\\/#primaryimage\"},\"image\":{\"@id\":\"https:\\\/\\\/ecobiolia.it\\\/prodotto\\\/olio-detergente-viso-idrofilo-delicato\\\/#primaryimage\"},\"thumbnailUrl\":\"https:\\\/\\\/ecobiolia.it\\\/wp-content\\\/uploads\\\/2022\\\/09\\\/7672.jpg\",\"datePublished\":\"2022-09-30T09:00:31+00:00\",\"dateModified\":\"2025-09-17T12:34:02+00:00\",\"description\":\"Olio detergente viso idrofilo a base di oli naturali di nocciolo di albicocca, cotone, riso e olio di ricino con l'aggiunta di vitamina E.\",\"breadcrumb\":{\"@id\":\"https:\\\/\\\/ecobiolia.it\\\/prodotto\\\/olio-detergente-viso-idrofilo-delicato\\\/#breadcrumb\"},\"inLanguage\":\"it-IT\",\"potentialAction\":[{\"@type\":\"ReadAction\",\"target\":[\"https:\\\/\\\/ecobiolia.it\\\/prodotto\\\/olio-detergente-viso-idrofilo-delicato\\\/\"]}]},{\"@type\":\"ImageObject\",\"inLanguage\":\"it-IT\",\"@id\":\"https:\\\/\\\/ecobiolia.it\\\/prodotto\\\/olio-detergente-viso-idrofilo-delicato\\\/#primaryimage\",\"url\":\"https:\\\/\\\/ecobiolia.it\\\/wp-content\\\/uploads\\\/2022\\\/09\\\/7672.jpg\",\"contentUrl\":\"https:\\\/\\\/ecobiolia.it\\\/wp-content\\\/uploads\\\/2022\\\/09\\\/7672.jpg\",\"width\":1600,\"height\":1423},{\"@type\":\"BreadcrumbList\",\"@id\":\"https:\\\/\\\/ecobiolia.it\\\/prodotto\\\/olio-detergente-viso-idrofilo-delicato\\\/#breadcrumb\",\"itemListElement\":[{\"@type\":\"ListItem\",\"position\":1,\"name\":\"Home\",\"item\":\"https:\\\/\\\/ecobiolia.it\\\/\"},{\"@type\":\"ListItem\",\"position\":2,\"name\":\"Negozio\",\"item\":\"https:\\\/\\\/ecobiolia.it\\\/negozio\\\/\"},{\"@type\":\"ListItem\",\"position\":3,\"name\":\"Olio Detergente Viso Idrofilo Delicato\"}]},{\"@type\":\"WebSite\",\"@id\":\"https:\\\/\\\/ecobiolia.it\\\/it_it\\\/#website\",\"url\":\"https:\\\/\\\/ecobiolia.it\\\/it_it\\\/\",\"name\":\"EcoBiOlia\",\"description\":\"Negozio Ecologico per Bambini e Adulti\",\"publisher\":{\"@id\":\"https:\\\/\\\/ecobiolia.it\\\/it_it\\\/#organization\"},\"potentialAction\":[{\"@type\":\"SearchAction\",\"target\":{\"@type\":\"EntryPoint\",\"urlTemplate\":\"https:\\\/\\\/ecobiolia.it\\\/it_it\\\/?s={search_term_string}\"},\"query-input\":{\"@type\":\"PropertyValueSpecification\",\"valueRequired\":true,\"valueName\":\"search_term_string\"}}],\"inLanguage\":\"it-IT\"},{\"@type\":\"Organization\",\"@id\":\"https:\\\/\\\/ecobiolia.it\\\/it_it\\\/#organization\",\"name\":\"EcoBiOlia\",\"url\":\"https:\\\/\\\/ecobiolia.it\\\/it_it\\\/\",\"logo\":{\"@type\":\"ImageObject\",\"inLanguage\":\"it-IT\",\"@id\":\"https:\\\/\\\/ecobiolia.it\\\/it_it\\\/#\\\/schema\\\/logo\\\/image\\\/\",\"url\":\"https:\\\/\\\/ecobiolia.it\\\/wp-content\\\/uploads\\\/2022\\\/04\\\/EcoBiOlia-Logo.png\",\"contentUrl\":\"https:\\\/\\\/ecobiolia.it\\\/wp-content\\\/uploads\\\/2022\\\/04\\\/EcoBiOlia-Logo.png\",\"width\":1772,\"height\":944,\"caption\":\"EcoBiOlia\"},\"image\":{\"@id\":\"https:\\\/\\\/ecobiolia.it\\\/it_it\\\/#\\\/schema\\\/logo\\\/image\\\/\"}}]}<\/script>\n<!-- \/ Yoast SEO plugin. -->","yoast_head_json":{"title":"Olio Detergente Viso Idrofilo Delicato - EcoBiOlia","description":"Olio detergente viso idrofilo a base di oli naturali di nocciolo di albicocca, cotone, riso e olio di ricino con l'aggiunta di vitamina E.","robots":{"index":"index","follow":"follow","max-snippet":"max-snippet:-1","max-image-preview":"max-image-preview:large","max-video-preview":"max-video-preview:-1"},"canonical":"https:\/\/ecobiolia.it\/it_it\/prodotto\/olio-detergente-viso-idrofilo-delicato\/","og_locale":"it_IT","og_type":"article","og_title":"Olio Detergente Viso Idrofilo Delicato - EcoBiOlia","og_description":"Olio detergente viso idrofilo a base di oli naturali di nocciolo di albicocca, cotone, riso e olio di ricino con l'aggiunta di vitamina E.","og_url":"https:\/\/ecobiolia.it\/it_it\/prodotto\/olio-detergente-viso-idrofilo-delicato\/","og_site_name":"EcoBiOlia","article_modified_time":"2025-09-17T12:34:02+00:00","og_image":[{"width":1600,"height":1423,"url":"https:\/\/ecobiolia.it\/wp-content\/uploads\/2022\/09\/7672.jpg","type":"image\/jpeg"}],"twitter_card":"summary_large_image","twitter_misc":{"Tempo di lettura stimato":"2 minuti"},"schema":{"@context":"https:\/\/schema.org","@graph":[{"@type":"WebPage","@id":"https:\/\/ecobiolia.it\/prodotto\/olio-detergente-viso-idrofilo-delicato\/","url":"https:\/\/ecobiolia.it\/prodotto\/olio-detergente-viso-idrofilo-delicato\/","name":"Olio Detergente Viso Idrofilo Delicato - EcoBiOlia","isPartOf":{"@id":"https:\/\/ecobiolia.it\/it_it\/#website"},"primaryImageOfPage":{"@id":"https:\/\/ecobiolia.it\/prodotto\/olio-detergente-viso-idrofilo-delicato\/#primaryimage"},"image":{"@id":"https:\/\/ecobiolia.it\/prodotto\/olio-detergente-viso-idrofilo-delicato\/#primaryimage"},"thumbnailUrl":"https:\/\/ecobiolia.it\/wp-content\/uploads\/2022\/09\/7672.jpg","datePublished":"2022-09-30T09:00:31+00:00","dateModified":"2025-09-17T12:34:02+00:00","description":"Olio detergente viso idrofilo a base di oli naturali di nocciolo di albicocca, cotone, riso e olio di ricino con l'aggiunta di vitamina E.","breadcrumb":{"@id":"https:\/\/ecobiolia.it\/prodotto\/olio-detergente-viso-idrofilo-delicato\/#breadcrumb"},"inLanguage":"it-IT","potentialAction":[{"@type":"ReadAction","target":["https:\/\/ecobiolia.it\/prodotto\/olio-detergente-viso-idrofilo-delicato\/"]}]},{"@type":"ImageObject","inLanguage":"it-IT","@id":"https:\/\/ecobiolia.it\/prodotto\/olio-detergente-viso-idrofilo-delicato\/#primaryimage","url":"https:\/\/ecobiolia.it\/wp-content\/uploads\/2022\/09\/7672.jpg","contentUrl":"https:\/\/ecobiolia.it\/wp-content\/uploads\/2022\/09\/7672.jpg","width":1600,"height":1423},{"@type":"BreadcrumbList","@id":"https:\/\/ecobiolia.it\/prodotto\/olio-detergente-viso-idrofilo-delicato\/#breadcrumb","itemListElement":[{"@type":"ListItem","position":1,"name":"Home","item":"https:\/\/ecobiolia.it\/"},{"@type":"ListItem","position":2,"name":"Negozio","item":"https:\/\/ecobiolia.it\/negozio\/"},{"@type":"ListItem","position":3,"name":"Olio Detergente Viso Idrofilo Delicato"}]},{"@type":"WebSite","@id":"https:\/\/ecobiolia.it\/it_it\/#website","url":"https:\/\/ecobiolia.it\/it_it\/","name":"EcoBiOlia","description":"Negozio Ecologico per Bambini e Adulti","publisher":{"@id":"https:\/\/ecobiolia.it\/it_it\/#organization"},"potentialAction":[{"@type":"SearchAction","target":{"@type":"EntryPoint","urlTemplate":"https:\/\/ecobiolia.it\/it_it\/?s={search_term_string}"},"query-input":{"@type":"PropertyValueSpecification","valueRequired":true,"valueName":"search_term_string"}}],"inLanguage":"it-IT"},{"@type":"Organization","@id":"https:\/\/ecobiolia.it\/it_it\/#organization","name":"EcoBiOlia","url":"https:\/\/ecobiolia.it\/it_it\/","logo":{"@type":"ImageObject","inLanguage":"it-IT","@id":"https:\/\/ecobiolia.it\/it_it\/#\/schema\/logo\/image\/","url":"https:\/\/ecobiolia.it\/wp-content\/uploads\/2022\/04\/EcoBiOlia-Logo.png","contentUrl":"https:\/\/ecobiolia.it\/wp-content\/uploads\/2022\/04\/EcoBiOlia-Logo.png","width":1772,"height":944,"caption":"EcoBiOlia"},"image":{"@id":"https:\/\/ecobiolia.it\/it_it\/#\/schema\/logo\/image\/"}}]}},"jetpack-related-posts":[{"id":4006,"url":"https:\/\/ecobiolia.it\/it_it\/prodotto\/bagnoschiuma-detergente-corpo-e-capelli-per-neonati\/","url_meta":{"origin":4417,"position":0},"title":"Bagnoschiuma, Detergente Corpo e Capelli per Neonati","author":"Olga","date":"22 Agosto 2022","format":false,"excerpt":"Bagnoschiuma, detergente corpo e capelli per neonati, bambini e adulti con un gradevole profumo di lampone. Ha una composizione naturale, a base di lampone olio di semi, glicerina, proteine \u200b\u200bdel grano e arnica di montagna, che hanno un effetto idratante e antinfiammatorio. Pantenolo e allantoina lenire la pelle. Facilita la\u2026","rel":"","context":"Con 1 commento","block_context":{"text":"Con 1 commento","link":"https:\/\/ecobiolia.it\/it_it\/prodotto\/bagnoschiuma-detergente-corpo-e-capelli-per-neonati\/#comments"},"img":{"alt_text":"","src":"https:\/\/i0.wp.com\/ecobiolia.it\/wp-content\/uploads\/2022\/08\/5760.png?resize=350%2C200&ssl=1","width":350,"height":200,"srcset":"https:\/\/i0.wp.com\/ecobiolia.it\/wp-content\/uploads\/2022\/08\/5760.png?resize=350%2C200&ssl=1 1x, https:\/\/i0.wp.com\/ecobiolia.it\/wp-content\/uploads\/2022\/08\/5760.png?resize=525%2C300&ssl=1 1.5x, https:\/\/i0.wp.com\/ecobiolia.it\/wp-content\/uploads\/2022\/08\/5760.png?resize=700%2C400&ssl=1 2x, https:\/\/i0.wp.com\/ecobiolia.it\/wp-content\/uploads\/2022\/08\/5760.png?resize=1050%2C600&ssl=1 3x"},"classes":[]},{"id":3993,"url":"https:\/\/ecobiolia.it\/it_it\/prodotto\/spazzola-esfoliante-e-detergente-viso\/","url_meta":{"origin":4417,"position":1},"title":"Spazzola Esfoliante e Detergente Viso","author":"Olga","date":"22 Agosto 2022","format":false,"excerpt":"Come pulire correttamente il viso dai residui di trucco e cosmetici, aiutare la tua pelle a rigenerarsi e a farla sembrare fresca? Le cose pi\u00f9 semplici di solito sono le pi\u00f9 efficaci. Potresti avere una di quelle spazzole elettriche per il viso, ma anche una economica in legno con setole\u2026","rel":"","context":"Articolo simile","block_context":{"text":"Articolo simile","link":""},"img":{"alt_text":"","src":"https:\/\/i0.wp.com\/ecobiolia.it\/wp-content\/uploads\/2022\/08\/5258.jpg?resize=350%2C200&ssl=1","width":350,"height":200,"srcset":"https:\/\/i0.wp.com\/ecobiolia.it\/wp-content\/uploads\/2022\/08\/5258.jpg?resize=350%2C200&ssl=1 1x, https:\/\/i0.wp.com\/ecobiolia.it\/wp-content\/uploads\/2022\/08\/5258.jpg?resize=525%2C300&ssl=1 1.5x, https:\/\/i0.wp.com\/ecobiolia.it\/wp-content\/uploads\/2022\/08\/5258.jpg?resize=700%2C400&ssl=1 2x"},"classes":[]},{"id":4565,"url":"https:\/\/ecobiolia.it\/it_it\/prodotto\/lozione-per-capelli-deboli-a-base-di-olio-e-erbe\/","url_meta":{"origin":4417,"position":2},"title":"Lozione per Capelli Deboli a Base di Olio e Erbe","author":"Olga","date":"11 Novembre 2022","format":false,"excerpt":"Lozione per Capelli Deboli a Base di Olio e Erbe per cuoio capelluto e capelli. Ha tutto ci\u00f2 di cui hai bisogno: oli vegetali puri ed estratti di erbe, oltre a vitamine e oli essenziali. Una vera bomba! Sfregamento a base di oli di uva, cumino nero, argan e alloro,\u2026","rel":"","context":"Articolo simile","block_context":{"text":"Articolo simile","link":""},"img":{"alt_text":"","src":"https:\/\/i0.wp.com\/ecobiolia.it\/wp-content\/uploads\/2022\/11\/6763.jpg?resize=350%2C200&ssl=1","width":350,"height":200,"srcset":"https:\/\/i0.wp.com\/ecobiolia.it\/wp-content\/uploads\/2022\/11\/6763.jpg?resize=350%2C200&ssl=1 1x, https:\/\/i0.wp.com\/ecobiolia.it\/wp-content\/uploads\/2022\/11\/6763.jpg?resize=525%2C300&ssl=1 1.5x, https:\/\/i0.wp.com\/ecobiolia.it\/wp-content\/uploads\/2022\/11\/6763.jpg?resize=700%2C400&ssl=1 2x, https:\/\/i0.wp.com\/ecobiolia.it\/wp-content\/uploads\/2022\/11\/6763.jpg?resize=1050%2C600&ssl=1 3x, https:\/\/i0.wp.com\/ecobiolia.it\/wp-content\/uploads\/2022\/11\/6763.jpg?resize=1400%2C800&ssl=1 4x"},"classes":[]},{"id":4027,"url":"https:\/\/ecobiolia.it\/it_it\/prodotto\/maschera-emolliente-alle-erbe-per-capelli-ruvidi\/","url_meta":{"origin":4417,"position":3},"title":"Maschera Emolliente alle Erbe per Capelli Ruvidi","author":"Olga","date":"22 Agosto 2022","format":false,"excerpt":"Maschera Emolliente alle Erbe per Capelli Ruvidi e Opachi, a base di olio di semi d'uva, mandorle dolci e ricino, con glicerina e pantenolo. Contiene inoltre estratti di equiseto e ortica, vitamina b3 e oli essenziali di lavanda e timo. Gli umettanti sono responsabili dell'idratazione e gli emollienti sono responsabili\u2026","rel":"","context":"Con 1 commento","block_context":{"text":"Con 1 commento","link":"https:\/\/ecobiolia.it\/it_it\/prodotto\/maschera-emolliente-alle-erbe-per-capelli-ruvidi\/#comments"},"img":{"alt_text":"","src":"https:\/\/i0.wp.com\/ecobiolia.it\/wp-content\/uploads\/2022\/08\/7091.jpg?resize=350%2C200&ssl=1","width":350,"height":200,"srcset":"https:\/\/i0.wp.com\/ecobiolia.it\/wp-content\/uploads\/2022\/08\/7091.jpg?resize=350%2C200&ssl=1 1x, https:\/\/i0.wp.com\/ecobiolia.it\/wp-content\/uploads\/2022\/08\/7091.jpg?resize=525%2C300&ssl=1 1.5x, https:\/\/i0.wp.com\/ecobiolia.it\/wp-content\/uploads\/2022\/08\/7091.jpg?resize=700%2C400&ssl=1 2x, https:\/\/i0.wp.com\/ecobiolia.it\/wp-content\/uploads\/2022\/08\/7091.jpg?resize=1050%2C600&ssl=1 3x, https:\/\/i0.wp.com\/ecobiolia.it\/wp-content\/uploads\/2022\/08\/7091.jpg?resize=1400%2C800&ssl=1 4x"},"classes":[]},{"id":4077,"url":"https:\/\/ecobiolia.it\/it_it\/prodotto\/crema-mani-nutriente-e-rigenerante-alla-propoli-70-ml\/","url_meta":{"origin":4417,"position":4},"title":"Crema Mani Nutriente e Rigenerante alla Propoli 70 ml","author":"Olga","date":"22 Agosto 2022","format":false,"excerpt":"Densa, non appiccicosa e spalmabile sulla pelle come una mousse, Crema Mani Nutriente e Rigenerante alla Propoli 70 ml ad alto contenuto di burro di karit\u00e9, miele e propoli. Nutre e rigenera la pelle a base di oli naturali. La propoli ha un effetto antinfiammatorio.","rel":"","context":"Con 1 commento","block_context":{"text":"Con 1 commento","link":"https:\/\/ecobiolia.it\/it_it\/prodotto\/crema-mani-nutriente-e-rigenerante-alla-propoli-70-ml\/#comments"},"img":{"alt_text":"","src":"https:\/\/i0.wp.com\/ecobiolia.it\/wp-content\/uploads\/2022\/08\/3118.jpg?resize=350%2C200&ssl=1","width":350,"height":200,"srcset":"https:\/\/i0.wp.com\/ecobiolia.it\/wp-content\/uploads\/2022\/08\/3118.jpg?resize=350%2C200&ssl=1 1x, https:\/\/i0.wp.com\/ecobiolia.it\/wp-content\/uploads\/2022\/08\/3118.jpg?resize=525%2C300&ssl=1 1.5x, https:\/\/i0.wp.com\/ecobiolia.it\/wp-content\/uploads\/2022\/08\/3118.jpg?resize=700%2C400&ssl=1 2x, https:\/\/i0.wp.com\/ecobiolia.it\/wp-content\/uploads\/2022\/08\/3118.jpg?resize=1050%2C600&ssl=1 3x"},"classes":[]},{"id":4421,"url":"https:\/\/ecobiolia.it\/it_it\/prodotto\/olio-di-mandorle-dolci\/","url_meta":{"origin":4417,"position":5},"title":"Olio di Mandorle Dolci","author":"Olga","date":"30 Settembre 2022","format":false,"excerpt":"Olio di mandorle dolci purificato sotto forma di materia prima cosmetica. La materia prima \u00e8 di altissima qualit\u00e0. Prodotto 100% naturale. \u00c8 fatto dai semi dei mandorli. Si presenta in una bella bottiglia di vetro scuro. L'olio di mandorle dolci contiene acido oleico, acido linoleico e vitamine B1, B2, B6,\u2026","rel":"","context":"Articolo simile","block_context":{"text":"Articolo simile","link":""},"img":{"alt_text":"","src":"https:\/\/i0.wp.com\/ecobiolia.it\/wp-content\/uploads\/2022\/09\/7550.jpg?resize=350%2C200&ssl=1","width":350,"height":200,"srcset":"https:\/\/i0.wp.com\/ecobiolia.it\/wp-content\/uploads\/2022\/09\/7550.jpg?resize=350%2C200&ssl=1 1x, https:\/\/i0.wp.com\/ecobiolia.it\/wp-content\/uploads\/2022\/09\/7550.jpg?resize=525%2C300&ssl=1 1.5x, https:\/\/i0.wp.com\/ecobiolia.it\/wp-content\/uploads\/2022\/09\/7550.jpg?resize=700%2C400&ssl=1 2x, https:\/\/i0.wp.com\/ecobiolia.it\/wp-content\/uploads\/2022\/09\/7550.jpg?resize=1050%2C600&ssl=1 3x, https:\/\/i0.wp.com\/ecobiolia.it\/wp-content\/uploads\/2022\/09\/7550.jpg?resize=1400%2C800&ssl=1 4x"},"classes":[]}],"jetpack_sharing_enabled":true,"_links":{"self":[{"href":"https:\/\/ecobiolia.it\/it_it\/wp-json\/wp\/v2\/product\/4417","targetHints":{"allow":["GET"]}}],"collection":[{"href":"https:\/\/ecobiolia.it\/it_it\/wp-json\/wp\/v2\/product"}],"about":[{"href":"https:\/\/ecobiolia.it\/it_it\/wp-json\/wp\/v2\/types\/product"}],"replies":[{"embeddable":true,"href":"https:\/\/ecobiolia.it\/it_it\/wp-json\/wp\/v2\/comments?post=4417"}],"version-history":[{"count":1,"href":"https:\/\/ecobiolia.it\/it_it\/wp-json\/wp\/v2\/product\/4417\/revisions"}],"predecessor-version":[{"id":6476,"href":"https:\/\/ecobiolia.it\/it_it\/wp-json\/wp\/v2\/product\/4417\/revisions\/6476"}],"wp:featuredmedia":[{"embeddable":true,"href":"https:\/\/ecobiolia.it\/it_it\/wp-json\/wp\/v2\/media\/4439"}],"wp:attachment":[{"href":"https:\/\/ecobiolia.it\/it_it\/wp-json\/wp\/v2\/media?parent=4417"}],"wp:term":[{"taxonomy":"product_brand","embeddable":true,"href":"https:\/\/ecobiolia.it\/it_it\/wp-json\/wp\/v2\/product_brand?post=4417"},{"taxonomy":"product_cat","embeddable":true,"href":"https:\/\/ecobiolia.it\/it_it\/wp-json\/wp\/v2\/product_cat?post=4417"},{"taxonomy":"product_tag","embeddable":true,"href":"https:\/\/ecobiolia.it\/it_it\/wp-json\/wp\/v2\/product_tag?post=4417"}],"curies":[{"name":"wp","href":"https:\/\/api.w.org\/{rel}","templated":true}]}}