{"id":4411,"date":"2022-09-30T09:00:13","date_gmt":"2022-09-30T09:00:13","guid":{"rendered":"https:\/\/ecobiolia.it\/?post_type=product&#038;p=4411"},"modified":"2025-01-22T14:07:56","modified_gmt":"2025-01-22T14:07:56","slug":"burro-nutriente-idratante-e-illuminante-per-corpo","status":"publish","type":"product","link":"https:\/\/ecobiolia.it\/it_it\/prodotto\/burro-nutriente-idratante-e-illuminante-per-corpo\/","title":{"rendered":"Burro Nutriente, Idratante e Illuminante per Corpo"},"content":{"rendered":"<p><span class=\"VIiyi\" lang=\"it\"><span class=\"JLqJ4b\" data-language-for-alternatives=\"it\" data-language-to-translate-into=\"pl\" data-phrase-index=\"0\" data-number-of-phrases=\"1\"><span class=\"Q4iAWc\">Ingredienti del Burro Nutriente, Idratante e Illuminante per Corpo: <\/span><\/span><\/span><\/p>\n<ul>\n<li><span class=\"VIiyi\" lang=\"it\"><span class=\"JLqJ4b\" data-language-for-alternatives=\"it\" data-language-to-translate-into=\"pl\" data-phrase-index=\"0\" data-number-of-phrases=\"1\"><span class=\"Q4iAWc\">Burro di karit\u00e8 &#8211; un emolliente naturale con propriet\u00e0 idratanti e nutrienti.<\/span><\/span><\/span><\/li>\n<li><span class=\"VIiyi\" lang=\"it\"><span class=\"JLqJ4b\" data-language-for-alternatives=\"it\" data-language-to-translate-into=\"pl\" data-phrase-index=\"0\" data-number-of-phrases=\"1\"><span class=\"Q4iAWc\">Olio di cocco &#8211; Ricco di antiossidanti, previene l&#8217;invecchiamento precoce della pelle e lenisce le infiammazioni. <\/span><\/span><\/span><\/li>\n<li><span class=\"VIiyi\" lang=\"it\"><span class=\"JLqJ4b\" data-language-for-alternatives=\"it\" data-language-to-translate-into=\"pl\" data-phrase-index=\"0\" data-number-of-phrases=\"1\"><span class=\"Q4iAWc\">Olio di semi d&#8217;uva &#8211; ricostruisce il mantello idrolipidico della pelle e rinforza le radici dei capelli. <\/span><\/span><\/span><\/li>\n<li><span class=\"VIiyi\" lang=\"it\"><span class=\"JLqJ4b\" data-language-for-alternatives=\"it\" data-language-to-translate-into=\"pl\" data-phrase-index=\"0\" data-number-of-phrases=\"1\"><span class=\"Q4iAWc\">Olio di caff\u00e8 verde &#8211; ha un&#8217;elevata capacit\u00e0 di trattenere l&#8217;umidit\u00e0 nella pelle, accelera la rigenerazione e ha propriet\u00e0 anticellulite.<\/span><\/span><\/span><\/li>\n<li><span class=\"VIiyi\" lang=\"it\"><span class=\"JLqJ4b\" data-language-for-alternatives=\"it\" data-language-to-translate-into=\"pl\" data-phrase-index=\"0\" data-number-of-phrases=\"1\"><span class=\"Q4iAWc\">Olio di opuntia di fico &#8211; previene il fotoinvecchiamento della pelle, la rende pi\u00f9 elastica e la nutre. <\/span><\/span><\/span><\/li>\n<li><span class=\"VIiyi\" lang=\"it\"><span class=\"JLqJ4b\" data-language-for-alternatives=\"it\" data-language-to-translate-into=\"pl\" data-phrase-index=\"0\" data-number-of-phrases=\"1\"><span class=\"Q4iAWc\">Olio di mandorle dolci &#8211; consigliato per pelli sensibili, secche e irritabili. Apprezzato per le sue propriet\u00e0 idratanti. \u00c8 caratterizzato da un alto contenuto di molti acidi grassi insaturi, sali minerali, proteine \u200b\u200be vitamine A, B1, B6, D, B2. <\/span><\/span><\/span><\/li>\n<li><span class=\"VIiyi\" lang=\"it\"><span class=\"JLqJ4b\" data-language-for-alternatives=\"it\" data-language-to-translate-into=\"pl\" data-phrase-index=\"0\" data-number-of-phrases=\"1\"><span class=\"Q4iAWc\">Olio di olivello spinoso: idrata la pelle e le fa avere un bel colore, come se fosse baciata dal sole. <\/span><\/span><\/span><\/li>\n<li><span class=\"VIiyi\" lang=\"it\"><span class=\"JLqJ4b\" data-language-for-alternatives=\"it\" data-language-to-translate-into=\"pl\" data-phrase-index=\"0\" data-number-of-phrases=\"1\"><span class=\"Q4iAWc\">Olio di semi di carota &#8211; idrata e ringiovanisce la pelle, rassodandola. Migliora il tono e l&#8217;elasticit\u00e0 della pelle. <\/span><\/span><\/span><\/li>\n<li><span class=\"VIiyi\" lang=\"it\"><span class=\"JLqJ4b\" data-language-for-alternatives=\"it\" data-language-to-translate-into=\"pl\" data-phrase-index=\"0\" data-number-of-phrases=\"1\"><span class=\"Q4iAWc\">Vitamina E &#8211; antiossidante. <\/span><\/span><\/span><\/li>\n<li><span class=\"VIiyi\" lang=\"it\"><span class=\"JLqJ4b\" data-language-for-alternatives=\"it\" data-language-to-translate-into=\"pl\" data-phrase-index=\"0\" data-number-of-phrases=\"1\"><span class=\"Q4iAWc\">E per di pi\u00f9 &#8211; particelle d&#8217;oro !!!\u00a0<\/span><\/span><\/span><\/li>\n<\/ul>\n<p><span class=\"VIiyi\" lang=\"it\"><span class=\"JLqJ4b\" data-language-for-alternatives=\"it\" data-language-to-translate-into=\"pl\" data-phrase-index=\"0\" data-number-of-phrases=\"1\"><span class=\"Q4iAWc\">Modo d&#8217;uso: massaggiare una piccola quantit\u00e0 sulla pelle del corpo e attendere che venga assorbito. Il burro \u00e8 molto efficace. <\/span><\/span><\/span><\/p>\n<p><span class=\"VIiyi\" lang=\"it\"><span class=\"JLqJ4b\" data-language-for-alternatives=\"it\" data-language-to-translate-into=\"pl\" data-phrase-index=\"0\" data-number-of-phrases=\"1\"><span class=\"Q4iAWc\">Peso: 120 ml. <\/span><\/span><\/span><\/p>\n<p><span class=\"VIiyi\" lang=\"it\"><span class=\"JLqJ4b\" data-language-for-alternatives=\"it\" data-language-to-translate-into=\"pl\" data-phrase-index=\"0\" data-number-of-phrases=\"1\"><span class=\"Q4iAWc\">Prodotto polacco. <\/span><\/span><\/span><\/p>\n<p><span class=\"VIiyi\" lang=\"it\"><span class=\"JLqJ4b\" data-language-for-alternatives=\"it\" data-language-to-translate-into=\"pl\" data-phrase-index=\"0\" data-number-of-phrases=\"1\"><span class=\"Q4iAWc\">Non utilizzare in caso di allergia a qualsiasi ingrediente. Prodotto naturale. Potrebbero esserci variazioni di odore, colore o densit\u00e0 a seconda del lotto. Non esporre a luce intensa o ad alta temperatura. Conservare al riparo dal sole e dalle alte temperature.<\/span><\/span><\/span><\/p>\n","protected":false},"excerpt":{"rendered":"<p><span class=\"VIiyi\" lang=\"it\"><span class=\"JLqJ4b ChMk0b\" data-language-for-alternatives=\"it\" data-language-to-translate-into=\"en\" data-phrase-index=\"0\" data-number-of-phrases=\"16\"><span class=\"Q4iAWc\"><span class=\"JLqJ4b\" data-language-for-alternatives=\"it\" data-language-to-translate-into=\"pl\" data-phrase-index=\"0\" data-number-of-phrases=\"1\">Gioioso Burro Nutriente, Idratante e Illuminante per Corpo \u00e8 un ottimo cosmetico che <em><strong>combina una forte cura della pelle con un miglioramento visivo immediato<\/strong> <\/em>(colore e particelle dorate). A base di oli nutrienti di caff\u00e8 verde, fico d&#8217;India, mandorla e uva, burro di karit\u00e9 e oli di carota e olivello spinoso che migliorano il tono della pelle. L&#8217;aggiunta di mica lascia la pelle luminosa e delicatamente scintillante al sole.\u00a0 Il burro si assorbe rapidamente e odora come una combinazione di albicocche, carote e mango. Enfatizza perfettamente l&#8217;abbronzatura, lasciando sulla pelle un bagliore dorato.<\/span><\/span><\/span> <\/span><\/p>\n","protected":false},"featured_media":4222,"comment_status":"open","ping_status":"closed","template":"","meta":[],"product_brand":[],"product_cat":[120,135,112,45],"product_tag":[],"class_list":{"0":"post-4411","1":"product","2":"type-product","3":"status-publish","4":"has-post-thumbnail","6":"product_cat-cosmetici","7":"product_cat-cosmetici-naturali","8":"product_cat-per-le-donne","9":"product_cat-prodotti-per-la-cura-del-corpo","11":"first","12":"outofstock","13":"taxable","14":"shipping-taxable","15":"purchasable","16":"product-type-simple"},"yoast_head":"<!-- This site is optimized with the Yoast SEO plugin v27.3 - https:\/\/yoast.com\/product\/yoast-seo-wordpress\/ -->\n<title>Burro Nutriente, Idratante e Illuminante per Corpo - EcoBiOlia<\/title>\n<meta name=\"description\" content=\"Burro Nutriente, Idratante e Illuminante per Corpo \u00e8 un ottimo cosmetico che combina una forte cura della pelle con un miglioramento visivo immediato\" \/>\n<meta name=\"robots\" content=\"index, follow, max-snippet:-1, max-image-preview:large, max-video-preview:-1\" \/>\n<link rel=\"canonical\" href=\"https:\/\/ecobiolia.it\/it_it\/prodotto\/burro-nutriente-idratante-e-illuminante-per-corpo\/\" \/>\n<meta property=\"og:locale\" content=\"it_IT\" \/>\n<meta property=\"og:type\" content=\"article\" \/>\n<meta property=\"og:title\" content=\"Burro Nutriente, Idratante e Illuminante per Corpo - EcoBiOlia\" \/>\n<meta property=\"og:description\" content=\"Burro Nutriente, Idratante e Illuminante per Corpo \u00e8 un ottimo cosmetico che combina una forte cura della pelle con un miglioramento visivo immediato\" \/>\n<meta property=\"og:url\" content=\"https:\/\/ecobiolia.it\/it_it\/prodotto\/burro-nutriente-idratante-e-illuminante-per-corpo\/\" \/>\n<meta property=\"og:site_name\" content=\"EcoBiOlia\" \/>\n<meta property=\"article:modified_time\" content=\"2025-01-22T14:07:56+00:00\" \/>\n<meta property=\"og:image\" content=\"https:\/\/ecobiolia.it\/wp-content\/uploads\/2022\/08\/8507.jpg\" \/>\n\t<meta property=\"og:image:width\" content=\"1600\" \/>\n\t<meta property=\"og:image:height\" content=\"1423\" \/>\n\t<meta property=\"og:image:type\" content=\"image\/jpeg\" \/>\n<meta name=\"twitter:card\" content=\"summary_large_image\" \/>\n<meta name=\"twitter:label1\" content=\"Tempo di lettura stimato\" \/>\n\t<meta name=\"twitter:data1\" content=\"2 minuti\" \/>\n<script type=\"application\/ld+json\" class=\"yoast-schema-graph\">{\"@context\":\"https:\\\/\\\/schema.org\",\"@graph\":[{\"@type\":\"WebPage\",\"@id\":\"https:\\\/\\\/ecobiolia.it\\\/prodotto\\\/burro-nutriente-idratante-e-illuminante-per-corpo\\\/\",\"url\":\"https:\\\/\\\/ecobiolia.it\\\/prodotto\\\/burro-nutriente-idratante-e-illuminante-per-corpo\\\/\",\"name\":\"Burro Nutriente, Idratante e Illuminante per Corpo - EcoBiOlia\",\"isPartOf\":{\"@id\":\"https:\\\/\\\/ecobiolia.it\\\/it_it\\\/#website\"},\"primaryImageOfPage\":{\"@id\":\"https:\\\/\\\/ecobiolia.it\\\/prodotto\\\/burro-nutriente-idratante-e-illuminante-per-corpo\\\/#primaryimage\"},\"image\":{\"@id\":\"https:\\\/\\\/ecobiolia.it\\\/prodotto\\\/burro-nutriente-idratante-e-illuminante-per-corpo\\\/#primaryimage\"},\"thumbnailUrl\":\"https:\\\/\\\/ecobiolia.it\\\/wp-content\\\/uploads\\\/2022\\\/08\\\/8507.jpg\",\"datePublished\":\"2022-09-30T09:00:13+00:00\",\"dateModified\":\"2025-01-22T14:07:56+00:00\",\"description\":\"Burro Nutriente, Idratante e Illuminante per Corpo \u00e8 un ottimo cosmetico che combina una forte cura della pelle con un miglioramento visivo immediato\",\"breadcrumb\":{\"@id\":\"https:\\\/\\\/ecobiolia.it\\\/prodotto\\\/burro-nutriente-idratante-e-illuminante-per-corpo\\\/#breadcrumb\"},\"inLanguage\":\"it-IT\",\"potentialAction\":[{\"@type\":\"ReadAction\",\"target\":[\"https:\\\/\\\/ecobiolia.it\\\/prodotto\\\/burro-nutriente-idratante-e-illuminante-per-corpo\\\/\"]}]},{\"@type\":\"ImageObject\",\"inLanguage\":\"it-IT\",\"@id\":\"https:\\\/\\\/ecobiolia.it\\\/prodotto\\\/burro-nutriente-idratante-e-illuminante-per-corpo\\\/#primaryimage\",\"url\":\"https:\\\/\\\/ecobiolia.it\\\/wp-content\\\/uploads\\\/2022\\\/08\\\/8507.jpg\",\"contentUrl\":\"https:\\\/\\\/ecobiolia.it\\\/wp-content\\\/uploads\\\/2022\\\/08\\\/8507.jpg\",\"width\":1600,\"height\":1423},{\"@type\":\"BreadcrumbList\",\"@id\":\"https:\\\/\\\/ecobiolia.it\\\/prodotto\\\/burro-nutriente-idratante-e-illuminante-per-corpo\\\/#breadcrumb\",\"itemListElement\":[{\"@type\":\"ListItem\",\"position\":1,\"name\":\"Home\",\"item\":\"https:\\\/\\\/ecobiolia.it\\\/\"},{\"@type\":\"ListItem\",\"position\":2,\"name\":\"Negozio\",\"item\":\"https:\\\/\\\/ecobiolia.it\\\/negozio\\\/\"},{\"@type\":\"ListItem\",\"position\":3,\"name\":\"Burro Nutriente, Idratante e Illuminante per Corpo\"}]},{\"@type\":\"WebSite\",\"@id\":\"https:\\\/\\\/ecobiolia.it\\\/it_it\\\/#website\",\"url\":\"https:\\\/\\\/ecobiolia.it\\\/it_it\\\/\",\"name\":\"EcoBiOlia\",\"description\":\"Negozio Ecologico per Bambini e Adulti\",\"publisher\":{\"@id\":\"https:\\\/\\\/ecobiolia.it\\\/it_it\\\/#organization\"},\"potentialAction\":[{\"@type\":\"SearchAction\",\"target\":{\"@type\":\"EntryPoint\",\"urlTemplate\":\"https:\\\/\\\/ecobiolia.it\\\/it_it\\\/?s={search_term_string}\"},\"query-input\":{\"@type\":\"PropertyValueSpecification\",\"valueRequired\":true,\"valueName\":\"search_term_string\"}}],\"inLanguage\":\"it-IT\"},{\"@type\":\"Organization\",\"@id\":\"https:\\\/\\\/ecobiolia.it\\\/it_it\\\/#organization\",\"name\":\"EcoBiOlia\",\"url\":\"https:\\\/\\\/ecobiolia.it\\\/it_it\\\/\",\"logo\":{\"@type\":\"ImageObject\",\"inLanguage\":\"it-IT\",\"@id\":\"https:\\\/\\\/ecobiolia.it\\\/it_it\\\/#\\\/schema\\\/logo\\\/image\\\/\",\"url\":\"https:\\\/\\\/ecobiolia.it\\\/wp-content\\\/uploads\\\/2022\\\/04\\\/EcoBiOlia-Logo.png\",\"contentUrl\":\"https:\\\/\\\/ecobiolia.it\\\/wp-content\\\/uploads\\\/2022\\\/04\\\/EcoBiOlia-Logo.png\",\"width\":1772,\"height\":944,\"caption\":\"EcoBiOlia\"},\"image\":{\"@id\":\"https:\\\/\\\/ecobiolia.it\\\/it_it\\\/#\\\/schema\\\/logo\\\/image\\\/\"}}]}<\/script>\n<!-- \/ Yoast SEO plugin. -->","yoast_head_json":{"title":"Burro Nutriente, Idratante e Illuminante per Corpo - EcoBiOlia","description":"Burro Nutriente, Idratante e Illuminante per Corpo \u00e8 un ottimo cosmetico che combina una forte cura della pelle con un miglioramento visivo immediato","robots":{"index":"index","follow":"follow","max-snippet":"max-snippet:-1","max-image-preview":"max-image-preview:large","max-video-preview":"max-video-preview:-1"},"canonical":"https:\/\/ecobiolia.it\/it_it\/prodotto\/burro-nutriente-idratante-e-illuminante-per-corpo\/","og_locale":"it_IT","og_type":"article","og_title":"Burro Nutriente, Idratante e Illuminante per Corpo - EcoBiOlia","og_description":"Burro Nutriente, Idratante e Illuminante per Corpo \u00e8 un ottimo cosmetico che combina una forte cura della pelle con un miglioramento visivo immediato","og_url":"https:\/\/ecobiolia.it\/it_it\/prodotto\/burro-nutriente-idratante-e-illuminante-per-corpo\/","og_site_name":"EcoBiOlia","article_modified_time":"2025-01-22T14:07:56+00:00","og_image":[{"width":1600,"height":1423,"url":"https:\/\/ecobiolia.it\/wp-content\/uploads\/2022\/08\/8507.jpg","type":"image\/jpeg"}],"twitter_card":"summary_large_image","twitter_misc":{"Tempo di lettura stimato":"2 minuti"},"schema":{"@context":"https:\/\/schema.org","@graph":[{"@type":"WebPage","@id":"https:\/\/ecobiolia.it\/prodotto\/burro-nutriente-idratante-e-illuminante-per-corpo\/","url":"https:\/\/ecobiolia.it\/prodotto\/burro-nutriente-idratante-e-illuminante-per-corpo\/","name":"Burro Nutriente, Idratante e Illuminante per Corpo - EcoBiOlia","isPartOf":{"@id":"https:\/\/ecobiolia.it\/it_it\/#website"},"primaryImageOfPage":{"@id":"https:\/\/ecobiolia.it\/prodotto\/burro-nutriente-idratante-e-illuminante-per-corpo\/#primaryimage"},"image":{"@id":"https:\/\/ecobiolia.it\/prodotto\/burro-nutriente-idratante-e-illuminante-per-corpo\/#primaryimage"},"thumbnailUrl":"https:\/\/ecobiolia.it\/wp-content\/uploads\/2022\/08\/8507.jpg","datePublished":"2022-09-30T09:00:13+00:00","dateModified":"2025-01-22T14:07:56+00:00","description":"Burro Nutriente, Idratante e Illuminante per Corpo \u00e8 un ottimo cosmetico che combina una forte cura della pelle con un miglioramento visivo immediato","breadcrumb":{"@id":"https:\/\/ecobiolia.it\/prodotto\/burro-nutriente-idratante-e-illuminante-per-corpo\/#breadcrumb"},"inLanguage":"it-IT","potentialAction":[{"@type":"ReadAction","target":["https:\/\/ecobiolia.it\/prodotto\/burro-nutriente-idratante-e-illuminante-per-corpo\/"]}]},{"@type":"ImageObject","inLanguage":"it-IT","@id":"https:\/\/ecobiolia.it\/prodotto\/burro-nutriente-idratante-e-illuminante-per-corpo\/#primaryimage","url":"https:\/\/ecobiolia.it\/wp-content\/uploads\/2022\/08\/8507.jpg","contentUrl":"https:\/\/ecobiolia.it\/wp-content\/uploads\/2022\/08\/8507.jpg","width":1600,"height":1423},{"@type":"BreadcrumbList","@id":"https:\/\/ecobiolia.it\/prodotto\/burro-nutriente-idratante-e-illuminante-per-corpo\/#breadcrumb","itemListElement":[{"@type":"ListItem","position":1,"name":"Home","item":"https:\/\/ecobiolia.it\/"},{"@type":"ListItem","position":2,"name":"Negozio","item":"https:\/\/ecobiolia.it\/negozio\/"},{"@type":"ListItem","position":3,"name":"Burro Nutriente, Idratante e Illuminante per Corpo"}]},{"@type":"WebSite","@id":"https:\/\/ecobiolia.it\/it_it\/#website","url":"https:\/\/ecobiolia.it\/it_it\/","name":"EcoBiOlia","description":"Negozio Ecologico per Bambini e Adulti","publisher":{"@id":"https:\/\/ecobiolia.it\/it_it\/#organization"},"potentialAction":[{"@type":"SearchAction","target":{"@type":"EntryPoint","urlTemplate":"https:\/\/ecobiolia.it\/it_it\/?s={search_term_string}"},"query-input":{"@type":"PropertyValueSpecification","valueRequired":true,"valueName":"search_term_string"}}],"inLanguage":"it-IT"},{"@type":"Organization","@id":"https:\/\/ecobiolia.it\/it_it\/#organization","name":"EcoBiOlia","url":"https:\/\/ecobiolia.it\/it_it\/","logo":{"@type":"ImageObject","inLanguage":"it-IT","@id":"https:\/\/ecobiolia.it\/it_it\/#\/schema\/logo\/image\/","url":"https:\/\/ecobiolia.it\/wp-content\/uploads\/2022\/04\/EcoBiOlia-Logo.png","contentUrl":"https:\/\/ecobiolia.it\/wp-content\/uploads\/2022\/04\/EcoBiOlia-Logo.png","width":1772,"height":944,"caption":"EcoBiOlia"},"image":{"@id":"https:\/\/ecobiolia.it\/it_it\/#\/schema\/logo\/image\/"}}]}},"jetpack-related-posts":[{"id":4851,"url":"https:\/\/ecobiolia.it\/it_it\/prodotto\/pasta-esfoliante-e-illuminante-per-il-corpo-e-decollete\/","url_meta":{"origin":4411,"position":0},"title":"Pasta Esfoliante e Illuminante per il Corpo e D\u00e9collet\u00e9","author":"Olga","date":"1 Marzo 2023","format":false,"excerpt":"Pasta Esfoliante e Illuminante per il Corpo e D\u00e9collet\u00e9 con l'aggiunta di particelle lucide. Lascia la pelle felice e liscia. L'olio di olivello spinoso e il burro di mango migliorano il tono della pelle, mentre la mica aggiunge luminosit\u00e0. La fragranza ti mette in uno stato d'animo vacanziero. La pasta\u2026","rel":"","context":"Articolo simile","block_context":{"text":"Articolo simile","link":""},"img":{"alt_text":"","src":"https:\/\/i0.wp.com\/ecobiolia.it\/wp-content\/uploads\/2023\/03\/8509.jpg?resize=350%2C200&ssl=1","width":350,"height":200,"srcset":"https:\/\/i0.wp.com\/ecobiolia.it\/wp-content\/uploads\/2023\/03\/8509.jpg?resize=350%2C200&ssl=1 1x, https:\/\/i0.wp.com\/ecobiolia.it\/wp-content\/uploads\/2023\/03\/8509.jpg?resize=525%2C300&ssl=1 1.5x, https:\/\/i0.wp.com\/ecobiolia.it\/wp-content\/uploads\/2023\/03\/8509.jpg?resize=700%2C400&ssl=1 2x, https:\/\/i0.wp.com\/ecobiolia.it\/wp-content\/uploads\/2023\/03\/8509.jpg?resize=1050%2C600&ssl=1 3x, https:\/\/i0.wp.com\/ecobiolia.it\/wp-content\/uploads\/2023\/03\/8509.jpg?resize=1400%2C800&ssl=1 4x"},"classes":[]},{"id":4045,"url":"https:\/\/ecobiolia.it\/it_it\/prodotto\/burro-di-karite-non-raffinato-100-naturale\/","url_meta":{"origin":4411,"position":1},"title":"Burro di Karit\u00e9 non Raffinato, 100% naturale.","author":"Olga","date":"22 Agosto 2022","format":false,"excerpt":"Burro di karit\u00e9 non raffinato, 100% naturale, a base di noci di karit\u00e9 africane. Il burro di karit\u00e8 \u00e8 uno dei migliori ingredienti vegetali per idratare la pelle. Favorisce la pelle estremamente secca e ruvida, ma \u00e8 appropriato anche per altri tipi di pelle. Puoi usarlo per labbra secche o\u2026","rel":"","context":"Con 2 commenti","block_context":{"text":"Con 2 commenti","link":"https:\/\/ecobiolia.it\/it_it\/prodotto\/burro-di-karite-non-raffinato-100-naturale\/#comments"},"img":{"alt_text":"","src":"https:\/\/i0.wp.com\/ecobiolia.it\/wp-content\/uploads\/2022\/08\/7547.jpg?resize=350%2C200&ssl=1","width":350,"height":200,"srcset":"https:\/\/i0.wp.com\/ecobiolia.it\/wp-content\/uploads\/2022\/08\/7547.jpg?resize=350%2C200&ssl=1 1x, https:\/\/i0.wp.com\/ecobiolia.it\/wp-content\/uploads\/2022\/08\/7547.jpg?resize=525%2C300&ssl=1 1.5x, https:\/\/i0.wp.com\/ecobiolia.it\/wp-content\/uploads\/2022\/08\/7547.jpg?resize=700%2C400&ssl=1 2x, https:\/\/i0.wp.com\/ecobiolia.it\/wp-content\/uploads\/2022\/08\/7547.jpg?resize=1050%2C600&ssl=1 3x, https:\/\/i0.wp.com\/ecobiolia.it\/wp-content\/uploads\/2022\/08\/7547.jpg?resize=1400%2C800&ssl=1 4x"},"classes":[]},{"id":6061,"url":"https:\/\/ecobiolia.it\/it_it\/prodotto\/balsamo-corpo-rassodante-rigenerante-al-caffe\/","url_meta":{"origin":4411,"position":2},"title":"Balsamo Corpo Rassodante Rigenerante al Caff\u00e8","author":"Olga","date":"18 Marzo 2024","format":false,"excerpt":"Balsamo Corpo Rassodante Rigenerante al Caff\u00e8 dalla consistenza densa e di rapido assorbimento. Nutre la pelle come il burro e si assorbe come una lozione! Profuma di albicocca matura e mango succoso. Consigliato per pelli che richiedono idratazione, rassodamento e levigatura. Azione: - rassodante - idratante - nutriente - rigenerante\u2026","rel":"","context":"Con 1 commento","block_context":{"text":"Con 1 commento","link":"https:\/\/ecobiolia.it\/it_it\/prodotto\/balsamo-corpo-rassodante-rigenerante-al-caffe\/#comments"},"img":{"alt_text":"","src":"https:\/\/i0.wp.com\/ecobiolia.it\/wp-content\/uploads\/2024\/03\/Lozione-Corpo-Rassodante-al-Caffe.jpg?resize=350%2C200&ssl=1","width":350,"height":200,"srcset":"https:\/\/i0.wp.com\/ecobiolia.it\/wp-content\/uploads\/2024\/03\/Lozione-Corpo-Rassodante-al-Caffe.jpg?resize=350%2C200&ssl=1 1x, https:\/\/i0.wp.com\/ecobiolia.it\/wp-content\/uploads\/2024\/03\/Lozione-Corpo-Rassodante-al-Caffe.jpg?resize=525%2C300&ssl=1 1.5x, https:\/\/i0.wp.com\/ecobiolia.it\/wp-content\/uploads\/2024\/03\/Lozione-Corpo-Rassodante-al-Caffe.jpg?resize=700%2C400&ssl=1 2x, https:\/\/i0.wp.com\/ecobiolia.it\/wp-content\/uploads\/2024\/03\/Lozione-Corpo-Rassodante-al-Caffe.jpg?resize=1050%2C600&ssl=1 3x, https:\/\/i0.wp.com\/ecobiolia.it\/wp-content\/uploads\/2024\/03\/Lozione-Corpo-Rassodante-al-Caffe.jpg?resize=1400%2C800&ssl=1 4x"},"classes":[]},{"id":4080,"url":"https:\/\/ecobiolia.it\/it_it\/prodotto\/burro-per-viso-corpo-protettivo-rigenerante-e-idratante\/","url_meta":{"origin":4411,"position":3},"title":"Burro per Viso Corpo Protettivo, Rigenerante e Idratante","author":"Olga","date":"22 Agosto 2022","format":false,"excerpt":"Burro per Viso Corpo Protettivo, Rigenerante e Idratante\u00a0WOW - \u00e8 proprio cos\u00ec che dovremmo chiamarla, perch\u00e9 \u00e8 impossibile elencare tutte le sue propriet\u00e0 in una breve descrizione del prodotto sulla confezione. Questo cosmetico \u00e8 un prodotto multiuso e multifunzionale. Puoi usarlo su viso, corpo e capelli! Ti aiuter\u00e0 con ferite\u2026","rel":"","context":"Con 1 commento","block_context":{"text":"Con 1 commento","link":"https:\/\/ecobiolia.it\/it_it\/prodotto\/burro-per-viso-corpo-protettivo-rigenerante-e-idratante\/#comments"},"img":{"alt_text":"","src":"https:\/\/i0.wp.com\/ecobiolia.it\/wp-content\/uploads\/2022\/08\/3292.jpg?resize=350%2C200&ssl=1","width":350,"height":200,"srcset":"https:\/\/i0.wp.com\/ecobiolia.it\/wp-content\/uploads\/2022\/08\/3292.jpg?resize=350%2C200&ssl=1 1x, https:\/\/i0.wp.com\/ecobiolia.it\/wp-content\/uploads\/2022\/08\/3292.jpg?resize=525%2C300&ssl=1 1.5x, https:\/\/i0.wp.com\/ecobiolia.it\/wp-content\/uploads\/2022\/08\/3292.jpg?resize=700%2C400&ssl=1 2x, https:\/\/i0.wp.com\/ecobiolia.it\/wp-content\/uploads\/2022\/08\/3292.jpg?resize=1050%2C600&ssl=1 3x, https:\/\/i0.wp.com\/ecobiolia.it\/wp-content\/uploads\/2022\/08\/3292.jpg?resize=1400%2C800&ssl=1 4x"},"classes":[]},{"id":4077,"url":"https:\/\/ecobiolia.it\/it_it\/prodotto\/crema-mani-nutriente-e-rigenerante-alla-propoli-70-ml\/","url_meta":{"origin":4411,"position":4},"title":"Crema Mani Nutriente e Rigenerante alla Propoli 70 ml","author":"Olga","date":"22 Agosto 2022","format":false,"excerpt":"Densa, non appiccicosa e spalmabile sulla pelle come una mousse, Crema Mani Nutriente e Rigenerante alla Propoli 70 ml ad alto contenuto di burro di karit\u00e9, miele e propoli. Nutre e rigenera la pelle a base di oli naturali. La propoli ha un effetto antinfiammatorio.","rel":"","context":"Con 1 commento","block_context":{"text":"Con 1 commento","link":"https:\/\/ecobiolia.it\/it_it\/prodotto\/crema-mani-nutriente-e-rigenerante-alla-propoli-70-ml\/#comments"},"img":{"alt_text":"","src":"https:\/\/i0.wp.com\/ecobiolia.it\/wp-content\/uploads\/2022\/08\/3118.jpg?resize=350%2C200&ssl=1","width":350,"height":200,"srcset":"https:\/\/i0.wp.com\/ecobiolia.it\/wp-content\/uploads\/2022\/08\/3118.jpg?resize=350%2C200&ssl=1 1x, https:\/\/i0.wp.com\/ecobiolia.it\/wp-content\/uploads\/2022\/08\/3118.jpg?resize=525%2C300&ssl=1 1.5x, https:\/\/i0.wp.com\/ecobiolia.it\/wp-content\/uploads\/2022\/08\/3118.jpg?resize=700%2C400&ssl=1 2x, https:\/\/i0.wp.com\/ecobiolia.it\/wp-content\/uploads\/2022\/08\/3118.jpg?resize=1050%2C600&ssl=1 3x"},"classes":[]},{"id":4047,"url":"https:\/\/ecobiolia.it\/it_it\/prodotto\/crema-piedi-ricca-e-nutriente-alla-propoli-70-ml\/","url_meta":{"origin":4411,"position":5},"title":"Crema Piedi Ricca e Nutriente alla Propoli 70 ml","author":"Olga","date":"22 Agosto 2022","format":false,"excerpt":"Crema piedi ricca e nutriente con propoli ed estratto di t\u00e8 verde, che idratano intensamente e leniscono le irritazioni. L'urea in esso contenuta riduce i calli e ammorbidisce l'epidermide. La crema ha un profumo meravigliosamente fresco. Istruzioni per l'uso: Massaggia la crema sulla pelle pulita dei piedi. L'effetto migliore si\u2026","rel":"","context":"Con 1 commento","block_context":{"text":"Con 1 commento","link":"https:\/\/ecobiolia.it\/it_it\/prodotto\/crema-piedi-ricca-e-nutriente-alla-propoli-70-ml\/#comments"},"img":{"alt_text":"","src":"https:\/\/i0.wp.com\/ecobiolia.it\/wp-content\/uploads\/2022\/08\/3128.png?resize=350%2C200&ssl=1","width":350,"height":200,"srcset":"https:\/\/i0.wp.com\/ecobiolia.it\/wp-content\/uploads\/2022\/08\/3128.png?resize=350%2C200&ssl=1 1x, https:\/\/i0.wp.com\/ecobiolia.it\/wp-content\/uploads\/2022\/08\/3128.png?resize=525%2C300&ssl=1 1.5x, https:\/\/i0.wp.com\/ecobiolia.it\/wp-content\/uploads\/2022\/08\/3128.png?resize=700%2C400&ssl=1 2x, https:\/\/i0.wp.com\/ecobiolia.it\/wp-content\/uploads\/2022\/08\/3128.png?resize=1050%2C600&ssl=1 3x"},"classes":[]}],"jetpack_sharing_enabled":true,"_links":{"self":[{"href":"https:\/\/ecobiolia.it\/it_it\/wp-json\/wp\/v2\/product\/4411","targetHints":{"allow":["GET"]}}],"collection":[{"href":"https:\/\/ecobiolia.it\/it_it\/wp-json\/wp\/v2\/product"}],"about":[{"href":"https:\/\/ecobiolia.it\/it_it\/wp-json\/wp\/v2\/types\/product"}],"replies":[{"embeddable":true,"href":"https:\/\/ecobiolia.it\/it_it\/wp-json\/wp\/v2\/comments?post=4411"}],"version-history":[{"count":0,"href":"https:\/\/ecobiolia.it\/it_it\/wp-json\/wp\/v2\/product\/4411\/revisions"}],"wp:featuredmedia":[{"embeddable":true,"href":"https:\/\/ecobiolia.it\/it_it\/wp-json\/wp\/v2\/media\/4222"}],"wp:attachment":[{"href":"https:\/\/ecobiolia.it\/it_it\/wp-json\/wp\/v2\/media?parent=4411"}],"wp:term":[{"taxonomy":"product_brand","embeddable":true,"href":"https:\/\/ecobiolia.it\/it_it\/wp-json\/wp\/v2\/product_brand?post=4411"},{"taxonomy":"product_cat","embeddable":true,"href":"https:\/\/ecobiolia.it\/it_it\/wp-json\/wp\/v2\/product_cat?post=4411"},{"taxonomy":"product_tag","embeddable":true,"href":"https:\/\/ecobiolia.it\/it_it\/wp-json\/wp\/v2\/product_tag?post=4411"}],"curies":[{"name":"wp","href":"https:\/\/api.w.org\/{rel}","templated":true}]}}