{"id":4057,"date":"2022-08-22T08:28:54","date_gmt":"2022-08-22T08:28:54","guid":{"rendered":"https:\/\/ecobiolia.it\/?post_type=product&#038;p=4057"},"modified":"2022-10-21T10:08:25","modified_gmt":"2022-10-21T10:08:25","slug":"sonaglio-sensoriale-neonato-a-contrasto-mr-b","status":"publish","type":"product","link":"https:\/\/ecobiolia.it\/it_it\/prodotto\/sonaglio-sensoriale-neonato-a-contrasto-mr-b\/","title":{"rendered":"Sonaglio Sensoriale Neonato a Contrasto Mr B"},"content":{"rendered":"<div class=\"BdDRKe\">\n<div class=\"aJIq1d DSmisd\" data-language-code=\"it\" data-language-name=\"Italian\" data-text=\"Il libro sensoriale Mr B \u00e8 un libro morbido a colori ad alto contrasto che intratterr\u00e0 il tuo piccolo mentre \u00e8 nel suo lettino, sul suo tappetino o nella sua carrozzina durante le passeggiate. Consigliato per bambini dalla nascita fino a circa 6 mesi di et\u00e0. Con il suo design a colori unico e ad alto contrasto, \u00e8 della dimensione perfetta e leggero per il tuo bambino da maneggiare facilmente. \u00c8 anche super facile da lavare, il che lo rende la scelta ideale come primo libro per il tuo piccolo! Le etichette aggiuntive e la pellicola increspata aiutano a sviluppare le capacit\u00e0 motorie e coinvolgono il bambino nell'esplorazione del mondo circostante. Mr B Book stimola il senso del tatto con materiali di diverse trame, ricami e cartellini. Prodotto nell'UE Dimensioni piegato: 10 x 10 cm (aperto 30 x 10 cm) Materiale: 100% cotone (imbottitura anallergica con pellicola stropicciata)\" data-crosslingual-hint=\"\" data-location=\"2\" data-enable-toggle-playback-speed=\"true\">\n<div class=\"m0Qfkd\">\n<div data-show-delay-ms=\"250\" data-append-to-body=\"true\" data-propagate-tooltip-mouseover-events=\"true\" data-anchor-corner=\"bottom-left\" data-enable-skip-handler=\"false\" data-popup-corner=\"top-left\">\n<div><span class=\"VIiyi\" lang=\"it\"><span class=\"JLqJ4b\" data-language-for-alternatives=\"it\" data-language-to-translate-into=\"pl\" data-phrase-index=\"0\" data-number-of-phrases=\"1\"><span class=\"Q4iAWc\">Pratico Sonaglio Sensoriale Neonato in colori a contrasto (bianco, nero e rosso) studiato per stimolare il senso del disegno, del tatto e dell&#8217;udito di un bambino fin dalle prime settimane di vita. <\/span><\/span><\/span><\/div>\n<div><span class=\"VIiyi\" lang=\"it\"><span class=\"JLqJ4b\" data-language-for-alternatives=\"it\" data-language-to-translate-into=\"pl\" data-phrase-index=\"0\" data-number-of-phrases=\"1\"><span class=\"Q4iAWc\">Il suono, le dimensioni e il peso dell&#8217;orsacchiotto correttamente selezionati supportano la corretta integrazione sensoriale e assicurano che il bambino si diverta. <\/span><\/span><\/span><\/div>\n<div><span class=\"VIiyi\" lang=\"it\"><span class=\"JLqJ4b\" data-language-for-alternatives=\"it\" data-language-to-translate-into=\"pl\" data-phrase-index=\"0\" data-number-of-phrases=\"1\"><span class=\"Q4iAWc\">Due cinghie ti permettono di appendere il sonaglio a un passeggino, un lettino o mentre viaggi in auto. <\/span><\/span><\/span><\/div>\n<div><span class=\"VIiyi\" lang=\"it\"><span class=\"JLqJ4b\" data-language-for-alternatives=\"it\" data-language-to-translate-into=\"pl\" data-phrase-index=\"0\" data-number-of-phrases=\"1\"><span class=\"Q4iAWc\">BabyMRB \u00e8 un piccolo amico di tutti i viaggi! Un elemento indispensabile di un corredino per un neonato. Il dolce perfetto per un regalo. <\/span><\/span><\/span><\/div>\n<div><\/div>\n<div><span class=\"VIiyi\" lang=\"it\"><span class=\"JLqJ4b\" data-language-for-alternatives=\"it\" data-language-to-translate-into=\"pl\" data-phrase-index=\"0\" data-number-of-phrases=\"1\"><span class=\"Q4iAWc\">Cucito a mano. <\/span><\/span><\/span><\/div>\n<div><span class=\"VIiyi\" lang=\"it\"><span class=\"JLqJ4b\" data-language-for-alternatives=\"it\" data-language-to-translate-into=\"pl\" data-phrase-index=\"0\" data-number-of-phrases=\"1\"><span class=\"Q4iAWc\">Et\u00e0 del bambino: dalla nascita <\/span><\/span><\/span><\/div>\n<div><span class=\"VIiyi\" lang=\"it\"><span class=\"JLqJ4b\" data-language-for-alternatives=\"it\" data-language-to-translate-into=\"pl\" data-phrase-index=\"0\" data-number-of-phrases=\"1\"><span class=\"Q4iAWc\">Colore: bianco, nero e rosso <\/span><\/span><\/span><\/div>\n<div><span class=\"VIiyi\" lang=\"it\"><span class=\"JLqJ4b\" data-language-for-alternatives=\"it\" data-language-to-translate-into=\"pl\" data-phrase-index=\"0\" data-number-of-phrases=\"1\"><span class=\"Q4iAWc\">Dimensioni circa: 8,5 cm x 10,5 cm pi\u00f9 manici. <\/span><\/span><\/span><\/div>\n<div><span class=\"VIiyi\" lang=\"it\"><span class=\"JLqJ4b\" data-language-for-alternatives=\"it\" data-language-to-translate-into=\"pl\" data-phrase-index=\"0\" data-number-of-phrases=\"1\"><span class=\"Q4iAWc\">Confezionato in una scatola di cartone. <\/span><\/span><\/span><\/div>\n<div><span class=\"VIiyi\" lang=\"it\"><span class=\"JLqJ4b\" data-language-for-alternatives=\"it\" data-language-to-translate-into=\"pl\" data-phrase-index=\"0\" data-number-of-phrases=\"1\"><span class=\"Q4iAWc\">Il prodotto \u00e8 certificato dalla traccia polacca. I materiali con cui \u00e8 cucito il giocattolo sono sicuri per il bambino. Anche i fili dei tag sono certificati dallo standard Oeko-tex 100. <\/span><\/span><\/span><\/div>\n<div><span class=\"VIiyi\" lang=\"it\"><span class=\"JLqJ4b\" data-language-for-alternatives=\"it\" data-language-to-translate-into=\"pl\" data-phrase-index=\"0\" data-number-of-phrases=\"1\"><span class=\"Q4iAWc\">Il prodotto fa parte della linea di prodotti sensoriali SuperToy MR B. <\/span><\/span><\/span><\/div>\n<div><span class=\"VIiyi\" lang=\"it\"><span class=\"JLqJ4b\" data-language-for-alternatives=\"it\" data-language-to-translate-into=\"pl\" data-phrase-index=\"0\" data-number-of-phrases=\"1\"><span class=\"Q4iAWc\">Nota: i colori nelle foto potrebbero differire leggermente dai colori effettivi del prodotto. <\/span><\/span><\/span><\/div>\n<div><span class=\"VIiyi\" lang=\"it\"><span class=\"JLqJ4b\" data-language-for-alternatives=\"it\" data-language-to-translate-into=\"pl\" data-phrase-index=\"0\" data-number-of-phrases=\"1\"><span class=\"Q4iAWc\">Si consiglia il lavaggio in lavatrice delicato, non lavare a mano.<\/span><\/span><\/span><\/div>\n<\/div>\n<\/div>\n<\/div>\n<\/div>\n<div class=\"aJIq1d DSmisd\" data-language-code=\"it\" data-language-name=\"Italian\" data-text=\"Il libro sensoriale Mr B \u00e8 un libro morbido a colori ad alto contrasto che intratterr\u00e0 il tuo piccolo mentre \u00e8 nel suo lettino, sul suo tappetino o nella sua carrozzina durante le passeggiate. Consigliato per bambini dalla nascita fino a circa 6 mesi di et\u00e0. Con il suo design a colori unico e ad alto contrasto, \u00e8 della dimensione perfetta e leggero per il tuo bambino da maneggiare facilmente. \u00c8 anche super facile da lavare, il che lo rende la scelta ideale come primo libro per il tuo piccolo! Le etichette aggiuntive e la pellicola increspata aiutano a sviluppare le capacit\u00e0 motorie e coinvolgono il bambino nell'esplorazione del mondo circostante. Mr B Book stimola il senso del tatto con materiali di diverse trame, ricami e cartellini. Prodotto nell'UE Dimensioni piegato: 10 x 10 cm (aperto 30 x 10 cm) Materiale: 100% cotone (imbottitura anallergica con pellicola stropicciata)\" data-crosslingual-hint=\"\" data-location=\"2\" data-enable-toggle-playback-speed=\"true\">\n<div class=\"m0Qfkd\">\n<div data-show-delay-ms=\"250\" data-append-to-body=\"true\" data-propagate-tooltip-mouseover-events=\"true\" data-anchor-corner=\"bottom-left\" data-enable-skip-handler=\"false\" data-popup-corner=\"top-left\"><span class=\"VIiyi\" lang=\"it\"> <span class=\"JLqJ4b ChMk0b\" data-language-for-alternatives=\"it\" data-language-to-translate-into=\"en\" data-phrase-index=\"7\" data-number-of-phrases=\"8\"><span class=\"Q4iAWc\">Materiale: 80% cotone, 20% poliestere<\/span><\/span><\/span><\/div>\n<\/div>\n<\/div>\n<div id=\"ow272\" data-show-delay-ms=\"250\" data-append-to-body=\"true\" data-propagate-tooltip-mouseover-events=\"true\" data-anchor-corner=\"bottom-left\" data-enable-skip-handler=\"false\" data-popup-corner=\"top-left\">\n<div><\/div>\n<\/div>\n","protected":false},"excerpt":{"rendered":"<p><span class=\"VIiyi\" lang=\"it\"><span class=\"JLqJ4b ChMk0b\" data-language-for-alternatives=\"it\" data-language-to-translate-into=\"en\" data-phrase-index=\"0\" data-number-of-phrases=\"8\"><span class=\"Q4iAWc\">Sonaglio Sensoriale Neonato a Contrasto Mr B \u00e8 adatto dalla nascita ed \u00e8 il primo giocattolo perfetto per il tuo piccolo.<\/span><\/span> <span class=\"JLqJ4b ChMk0b\" data-language-for-alternatives=\"it\" data-language-to-translate-into=\"en\" data-phrase-index=\"2\" data-number-of-phrases=\"8\"><span class=\"Q4iAWc\">Il sonaglio \u00e8 progettato per stimolare la vista, il tatto e l&#8217;udito del bambino fin dai primi giorni di vita.<\/span><\/span> <span class=\"JLqJ4b ChMk0b\" data-language-for-alternatives=\"it\" data-language-to-translate-into=\"en\" data-phrase-index=\"3\" data-number-of-phrases=\"8\"><span class=\"Q4iAWc\">Dispone di un pratico cinturino per il sonaglio da agganciare al passeggino, alla giostrina o alla palestrina.<\/span><\/span><\/span><\/p>\n","protected":false},"featured_media":4147,"comment_status":"open","ping_status":"closed","template":"","meta":[],"product_brand":[],"product_cat":[114],"product_tag":[],"class_list":{"0":"post-4057","1":"product","2":"type-product","3":"status-publish","4":"has-post-thumbnail","6":"product_cat-giocattoli-sensoriali","8":"first","9":"instock","10":"featured","11":"taxable","12":"shipping-taxable","13":"purchasable","14":"product-type-simple"},"yoast_head":"<!-- This site is optimized with the Yoast SEO plugin v27.4 - https:\/\/yoast.com\/product\/yoast-seo-wordpress\/ -->\n<title>Sonaglio Sensoriale Neonato a Contrasto Mr B - EcoBiOlia<\/title>\n<meta name=\"robots\" content=\"index, follow, max-snippet:-1, max-image-preview:large, max-video-preview:-1\" \/>\n<link rel=\"canonical\" href=\"https:\/\/ecobiolia.it\/it_it\/prodotto\/sonaglio-sensoriale-neonato-a-contrasto-mr-b\/\" \/>\n<meta property=\"og:locale\" content=\"it_IT\" \/>\n<meta property=\"og:type\" content=\"article\" \/>\n<meta property=\"og:title\" content=\"Sonaglio Sensoriale Neonato a Contrasto Mr B - EcoBiOlia\" \/>\n<meta property=\"og:description\" content=\"Sonaglio Sensoriale Neonato a Contrasto Mr B \u00e8 adatto dalla nascita ed \u00e8 il primo giocattolo perfetto per il tuo piccolo. Il sonaglio \u00e8 progettato per stimolare la vista, il tatto e l&#039;udito del bambino fin dai primi giorni di vita. Dispone di un pratico cinturino per il sonaglio da agganciare al passeggino, alla giostrina o alla palestrina.\" \/>\n<meta property=\"og:url\" content=\"https:\/\/ecobiolia.it\/it_it\/prodotto\/sonaglio-sensoriale-neonato-a-contrasto-mr-b\/\" \/>\n<meta property=\"og:site_name\" content=\"EcoBiOlia\" \/>\n<meta property=\"article:modified_time\" content=\"2022-10-21T10:08:25+00:00\" \/>\n<meta property=\"og:image\" content=\"https:\/\/ecobiolia.it\/wp-content\/uploads\/2022\/08\/152.jpg\" \/>\n\t<meta property=\"og:image:width\" content=\"900\" \/>\n\t<meta property=\"og:image:height\" content=\"800\" \/>\n\t<meta property=\"og:image:type\" content=\"image\/jpeg\" \/>\n<meta name=\"twitter:card\" content=\"summary_large_image\" \/>\n<meta name=\"twitter:label1\" content=\"Tempo di lettura stimato\" \/>\n\t<meta name=\"twitter:data1\" content=\"1 minuto\" \/>\n<script type=\"application\/ld+json\" class=\"yoast-schema-graph\">{\"@context\":\"https:\\\/\\\/schema.org\",\"@graph\":[{\"@type\":\"WebPage\",\"@id\":\"https:\\\/\\\/ecobiolia.it\\\/prodotto\\\/sonaglio-sensoriale-neonato-a-contrasto-mr-b\\\/\",\"url\":\"https:\\\/\\\/ecobiolia.it\\\/prodotto\\\/sonaglio-sensoriale-neonato-a-contrasto-mr-b\\\/\",\"name\":\"Sonaglio Sensoriale Neonato a Contrasto Mr B - EcoBiOlia\",\"isPartOf\":{\"@id\":\"https:\\\/\\\/ecobiolia.it\\\/it_it\\\/#website\"},\"primaryImageOfPage\":{\"@id\":\"https:\\\/\\\/ecobiolia.it\\\/prodotto\\\/sonaglio-sensoriale-neonato-a-contrasto-mr-b\\\/#primaryimage\"},\"image\":{\"@id\":\"https:\\\/\\\/ecobiolia.it\\\/prodotto\\\/sonaglio-sensoriale-neonato-a-contrasto-mr-b\\\/#primaryimage\"},\"thumbnailUrl\":\"https:\\\/\\\/ecobiolia.it\\\/wp-content\\\/uploads\\\/2022\\\/08\\\/152.jpg\",\"datePublished\":\"2022-08-22T08:28:54+00:00\",\"dateModified\":\"2022-10-21T10:08:25+00:00\",\"breadcrumb\":{\"@id\":\"https:\\\/\\\/ecobiolia.it\\\/prodotto\\\/sonaglio-sensoriale-neonato-a-contrasto-mr-b\\\/#breadcrumb\"},\"inLanguage\":\"it-IT\",\"potentialAction\":[{\"@type\":\"ReadAction\",\"target\":[\"https:\\\/\\\/ecobiolia.it\\\/prodotto\\\/sonaglio-sensoriale-neonato-a-contrasto-mr-b\\\/\"]}]},{\"@type\":\"ImageObject\",\"inLanguage\":\"it-IT\",\"@id\":\"https:\\\/\\\/ecobiolia.it\\\/prodotto\\\/sonaglio-sensoriale-neonato-a-contrasto-mr-b\\\/#primaryimage\",\"url\":\"https:\\\/\\\/ecobiolia.it\\\/wp-content\\\/uploads\\\/2022\\\/08\\\/152.jpg\",\"contentUrl\":\"https:\\\/\\\/ecobiolia.it\\\/wp-content\\\/uploads\\\/2022\\\/08\\\/152.jpg\",\"width\":900,\"height\":800},{\"@type\":\"BreadcrumbList\",\"@id\":\"https:\\\/\\\/ecobiolia.it\\\/prodotto\\\/sonaglio-sensoriale-neonato-a-contrasto-mr-b\\\/#breadcrumb\",\"itemListElement\":[{\"@type\":\"ListItem\",\"position\":1,\"name\":\"Home\",\"item\":\"https:\\\/\\\/ecobiolia.it\\\/\"},{\"@type\":\"ListItem\",\"position\":2,\"name\":\"Negozio\",\"item\":\"https:\\\/\\\/ecobiolia.it\\\/negozio\\\/\"},{\"@type\":\"ListItem\",\"position\":3,\"name\":\"Sonaglio Sensoriale Neonato a Contrasto Mr B\"}]},{\"@type\":\"WebSite\",\"@id\":\"https:\\\/\\\/ecobiolia.it\\\/it_it\\\/#website\",\"url\":\"https:\\\/\\\/ecobiolia.it\\\/it_it\\\/\",\"name\":\"EcoBiOlia\",\"description\":\"Negozio Ecologico per Bambini e Adulti\",\"publisher\":{\"@id\":\"https:\\\/\\\/ecobiolia.it\\\/it_it\\\/#organization\"},\"potentialAction\":[{\"@type\":\"SearchAction\",\"target\":{\"@type\":\"EntryPoint\",\"urlTemplate\":\"https:\\\/\\\/ecobiolia.it\\\/it_it\\\/?s={search_term_string}\"},\"query-input\":{\"@type\":\"PropertyValueSpecification\",\"valueRequired\":true,\"valueName\":\"search_term_string\"}}],\"inLanguage\":\"it-IT\"},{\"@type\":\"Organization\",\"@id\":\"https:\\\/\\\/ecobiolia.it\\\/it_it\\\/#organization\",\"name\":\"EcoBiOlia\",\"url\":\"https:\\\/\\\/ecobiolia.it\\\/it_it\\\/\",\"logo\":{\"@type\":\"ImageObject\",\"inLanguage\":\"it-IT\",\"@id\":\"https:\\\/\\\/ecobiolia.it\\\/it_it\\\/#\\\/schema\\\/logo\\\/image\\\/\",\"url\":\"https:\\\/\\\/ecobiolia.it\\\/wp-content\\\/uploads\\\/2022\\\/04\\\/EcoBiOlia-Logo.png\",\"contentUrl\":\"https:\\\/\\\/ecobiolia.it\\\/wp-content\\\/uploads\\\/2022\\\/04\\\/EcoBiOlia-Logo.png\",\"width\":1772,\"height\":944,\"caption\":\"EcoBiOlia\"},\"image\":{\"@id\":\"https:\\\/\\\/ecobiolia.it\\\/it_it\\\/#\\\/schema\\\/logo\\\/image\\\/\"}}]}<\/script>\n<!-- \/ Yoast SEO plugin. -->","yoast_head_json":{"title":"Sonaglio Sensoriale Neonato a Contrasto Mr B - EcoBiOlia","robots":{"index":"index","follow":"follow","max-snippet":"max-snippet:-1","max-image-preview":"max-image-preview:large","max-video-preview":"max-video-preview:-1"},"canonical":"https:\/\/ecobiolia.it\/it_it\/prodotto\/sonaglio-sensoriale-neonato-a-contrasto-mr-b\/","og_locale":"it_IT","og_type":"article","og_title":"Sonaglio Sensoriale Neonato a Contrasto Mr B - EcoBiOlia","og_description":"Sonaglio Sensoriale Neonato a Contrasto Mr B \u00e8 adatto dalla nascita ed \u00e8 il primo giocattolo perfetto per il tuo piccolo. Il sonaglio \u00e8 progettato per stimolare la vista, il tatto e l'udito del bambino fin dai primi giorni di vita. Dispone di un pratico cinturino per il sonaglio da agganciare al passeggino, alla giostrina o alla palestrina.","og_url":"https:\/\/ecobiolia.it\/it_it\/prodotto\/sonaglio-sensoriale-neonato-a-contrasto-mr-b\/","og_site_name":"EcoBiOlia","article_modified_time":"2022-10-21T10:08:25+00:00","og_image":[{"width":900,"height":800,"url":"https:\/\/ecobiolia.it\/wp-content\/uploads\/2022\/08\/152.jpg","type":"image\/jpeg"}],"twitter_card":"summary_large_image","twitter_misc":{"Tempo di lettura stimato":"1 minuto"},"schema":{"@context":"https:\/\/schema.org","@graph":[{"@type":"WebPage","@id":"https:\/\/ecobiolia.it\/prodotto\/sonaglio-sensoriale-neonato-a-contrasto-mr-b\/","url":"https:\/\/ecobiolia.it\/prodotto\/sonaglio-sensoriale-neonato-a-contrasto-mr-b\/","name":"Sonaglio Sensoriale Neonato a Contrasto Mr B - EcoBiOlia","isPartOf":{"@id":"https:\/\/ecobiolia.it\/it_it\/#website"},"primaryImageOfPage":{"@id":"https:\/\/ecobiolia.it\/prodotto\/sonaglio-sensoriale-neonato-a-contrasto-mr-b\/#primaryimage"},"image":{"@id":"https:\/\/ecobiolia.it\/prodotto\/sonaglio-sensoriale-neonato-a-contrasto-mr-b\/#primaryimage"},"thumbnailUrl":"https:\/\/ecobiolia.it\/wp-content\/uploads\/2022\/08\/152.jpg","datePublished":"2022-08-22T08:28:54+00:00","dateModified":"2022-10-21T10:08:25+00:00","breadcrumb":{"@id":"https:\/\/ecobiolia.it\/prodotto\/sonaglio-sensoriale-neonato-a-contrasto-mr-b\/#breadcrumb"},"inLanguage":"it-IT","potentialAction":[{"@type":"ReadAction","target":["https:\/\/ecobiolia.it\/prodotto\/sonaglio-sensoriale-neonato-a-contrasto-mr-b\/"]}]},{"@type":"ImageObject","inLanguage":"it-IT","@id":"https:\/\/ecobiolia.it\/prodotto\/sonaglio-sensoriale-neonato-a-contrasto-mr-b\/#primaryimage","url":"https:\/\/ecobiolia.it\/wp-content\/uploads\/2022\/08\/152.jpg","contentUrl":"https:\/\/ecobiolia.it\/wp-content\/uploads\/2022\/08\/152.jpg","width":900,"height":800},{"@type":"BreadcrumbList","@id":"https:\/\/ecobiolia.it\/prodotto\/sonaglio-sensoriale-neonato-a-contrasto-mr-b\/#breadcrumb","itemListElement":[{"@type":"ListItem","position":1,"name":"Home","item":"https:\/\/ecobiolia.it\/"},{"@type":"ListItem","position":2,"name":"Negozio","item":"https:\/\/ecobiolia.it\/negozio\/"},{"@type":"ListItem","position":3,"name":"Sonaglio Sensoriale Neonato a Contrasto Mr B"}]},{"@type":"WebSite","@id":"https:\/\/ecobiolia.it\/it_it\/#website","url":"https:\/\/ecobiolia.it\/it_it\/","name":"EcoBiOlia","description":"Negozio Ecologico per Bambini e Adulti","publisher":{"@id":"https:\/\/ecobiolia.it\/it_it\/#organization"},"potentialAction":[{"@type":"SearchAction","target":{"@type":"EntryPoint","urlTemplate":"https:\/\/ecobiolia.it\/it_it\/?s={search_term_string}"},"query-input":{"@type":"PropertyValueSpecification","valueRequired":true,"valueName":"search_term_string"}}],"inLanguage":"it-IT"},{"@type":"Organization","@id":"https:\/\/ecobiolia.it\/it_it\/#organization","name":"EcoBiOlia","url":"https:\/\/ecobiolia.it\/it_it\/","logo":{"@type":"ImageObject","inLanguage":"it-IT","@id":"https:\/\/ecobiolia.it\/it_it\/#\/schema\/logo\/image\/","url":"https:\/\/ecobiolia.it\/wp-content\/uploads\/2022\/04\/EcoBiOlia-Logo.png","contentUrl":"https:\/\/ecobiolia.it\/wp-content\/uploads\/2022\/04\/EcoBiOlia-Logo.png","width":1772,"height":944,"caption":"EcoBiOlia"},"image":{"@id":"https:\/\/ecobiolia.it\/it_it\/#\/schema\/logo\/image\/"}}]}},"jetpack-related-posts":[{"id":4049,"url":"https:\/\/ecobiolia.it\/it_it\/prodotto\/libro-sensoriale-neonato-mr-b\/","url_meta":{"origin":4057,"position":0},"title":"Libro Sensoriale Neonato Mr B","author":"Olga","date":"22 Agosto 2022","format":false,"excerpt":"Il libro sensoriale Mr B \u00e8 un libro morbido a colori ad alto contrasto. Consigliato per bambini dalla nascita fino a circa 6 mesi di et\u00e0. Piccolo, maneggevole, facile da lavare, sar\u00e0 perfetto per i primi giochi con il tuo bambino. I modelli, il peso e la lunghezza del libro\u2026","rel":"","context":"Articolo simile","block_context":{"text":"Articolo simile","link":""},"img":{"alt_text":"","src":"https:\/\/i0.wp.com\/ecobiolia.it\/wp-content\/uploads\/2022\/08\/3154.jpg?resize=350%2C200&ssl=1","width":350,"height":200,"srcset":"https:\/\/i0.wp.com\/ecobiolia.it\/wp-content\/uploads\/2022\/08\/3154.jpg?resize=350%2C200&ssl=1 1x, https:\/\/i0.wp.com\/ecobiolia.it\/wp-content\/uploads\/2022\/08\/3154.jpg?resize=525%2C300&ssl=1 1.5x, https:\/\/i0.wp.com\/ecobiolia.it\/wp-content\/uploads\/2022\/08\/3154.jpg?resize=700%2C400&ssl=1 2x"},"classes":[]},{"id":4048,"url":"https:\/\/ecobiolia.it\/it_it\/prodotto\/giocattolo-sensoriale-mr-b-con-scaldino-anticolica\/","url_meta":{"origin":4057,"position":1},"title":"Giocattolo Sensoriale Mr B con Scaldino Anticolica","author":"Olga","date":"22 Agosto 2022","format":false,"excerpt":"Giocattolo Sensoriale\u00a0MR B \u00e8 una risposta alla crescente consapevolezza dei genitori sullo sviluppo sensoriale del bambino. Il giocattolo sensoriale fornisce una corretta stimolazione dei tre sensi. I colori ad alto contrasto - nero, rosso, bianco - stimolano la vista del bambino. Il senso dell'udito \u00e8 stimolato da un suono crepitante.\u2026","rel":"","context":"Articolo simile","block_context":{"text":"Articolo simile","link":""},"img":{"alt_text":"","src":"https:\/\/i0.wp.com\/ecobiolia.it\/wp-content\/uploads\/2022\/08\/5005.jpg?resize=350%2C200&ssl=1","width":350,"height":200,"srcset":"https:\/\/i0.wp.com\/ecobiolia.it\/wp-content\/uploads\/2022\/08\/5005.jpg?resize=350%2C200&ssl=1 1x, https:\/\/i0.wp.com\/ecobiolia.it\/wp-content\/uploads\/2022\/08\/5005.jpg?resize=525%2C300&ssl=1 1.5x, https:\/\/i0.wp.com\/ecobiolia.it\/wp-content\/uploads\/2022\/08\/5005.jpg?resize=700%2C400&ssl=1 2x"},"classes":[]},{"id":4135,"url":"https:\/\/ecobiolia.it\/it_it\/prodotto\/scaldino-anticolica-aggiuntivo-per-giocattolo-sensoriale\/","url_meta":{"origin":4057,"position":2},"title":"Scaldino Anticolica Aggiuntivo per Giocattolo Sensoriale","author":"Olga","date":"22 Agosto 2022","format":false,"excerpt":"Scaldino Anticolica Aggiuntivo per Giocattolo Sensoriale aiuter\u00e0 il bambino a superare coliche e mal di pancia. \u00c8 atossico, riutilizzabile, sicuro e, soprattutto, non provoca ustioni, come pu\u00f2 essere il caso con metodi popolari come un asciugacapelli o una borsa dell'acqua calda.\u00a0Il calore \u00e8 un ottimo inizio per un massaggio anticolico,\u2026","rel":"","context":"Articolo simile","block_context":{"text":"Articolo simile","link":""},"img":{"alt_text":"","src":"https:\/\/i0.wp.com\/ecobiolia.it\/wp-content\/uploads\/2022\/08\/5010.jpg?resize=350%2C200&ssl=1","width":350,"height":200,"srcset":"https:\/\/i0.wp.com\/ecobiolia.it\/wp-content\/uploads\/2022\/08\/5010.jpg?resize=350%2C200&ssl=1 1x, https:\/\/i0.wp.com\/ecobiolia.it\/wp-content\/uploads\/2022\/08\/5010.jpg?resize=525%2C300&ssl=1 1.5x, https:\/\/i0.wp.com\/ecobiolia.it\/wp-content\/uploads\/2022\/08\/5010.jpg?resize=700%2C400&ssl=1 2x"},"classes":[]},{"id":4181,"url":"https:\/\/ecobiolia.it\/it_it\/prodotto\/asciugamano-neonato-in-bambu-con-tracolla-mr-b\/","url_meta":{"origin":4057,"position":3},"title":"Asciugamano Neonato in Bamb\u00f9 con Tracolla &#8211; Mr B","author":"Olga","date":"22 Agosto 2022","format":false,"excerpt":"Un morbidissimo asciugamano per neonato in bamb\u00f9 naturale con cappuccio e una pratica tracolla unica per i genitori. Grazie alla viscosa di bamb\u00f9, il nostro asciugamano per bambini \u00e8 altamente assorbente e si asciuga rapidamente. \u00c8 perfetto per la cura quotidiana e rende il bagnetto molto pi\u00f9 facile e sicuro.\u2026","rel":"","context":"Articolo simile","block_context":{"text":"Articolo simile","link":""},"img":{"alt_text":"","src":"https:\/\/i0.wp.com\/ecobiolia.it\/wp-content\/uploads\/2022\/08\/3559.jpg?resize=350%2C200&ssl=1","width":350,"height":200,"srcset":"https:\/\/i0.wp.com\/ecobiolia.it\/wp-content\/uploads\/2022\/08\/3559.jpg?resize=350%2C200&ssl=1 1x, https:\/\/i0.wp.com\/ecobiolia.it\/wp-content\/uploads\/2022\/08\/3559.jpg?resize=525%2C300&ssl=1 1.5x, https:\/\/i0.wp.com\/ecobiolia.it\/wp-content\/uploads\/2022\/08\/3559.jpg?resize=700%2C400&ssl=1 2x"},"classes":[]},{"id":4076,"url":"https:\/\/ecobiolia.it\/it_it\/prodotto\/asciugamano-bambino-in-bambu-con-cappuccio-mr-b\/","url_meta":{"origin":4057,"position":4},"title":"Asciugamano Bambino in Bamb\u00f9 con Cappuccio &#8211; Mr B","author":"Olga","date":"22 Agosto 2022","format":false,"excerpt":"Un asciugamano deliziosamente morbido per bambino in bamb\u00f9 naturale con cappuccio divertente. Ideale per la cura quotidiana del bambino, cos\u00ec come per i viaggi, in piscina o al mare. Comodo cappuccio, grandi dimensioni e orecchie dolci sono indubbi vantaggi del prodotto. Le orecchie carine aggiungono fascino. La fibra di bamb\u00f9\u2026","rel":"","context":"Articolo simile","block_context":{"text":"Articolo simile","link":""},"img":{"alt_text":"","src":"https:\/\/i0.wp.com\/ecobiolia.it\/wp-content\/uploads\/2022\/08\/549.jpg?resize=350%2C200&ssl=1","width":350,"height":200,"srcset":"https:\/\/i0.wp.com\/ecobiolia.it\/wp-content\/uploads\/2022\/08\/549.jpg?resize=350%2C200&ssl=1 1x, https:\/\/i0.wp.com\/ecobiolia.it\/wp-content\/uploads\/2022\/08\/549.jpg?resize=525%2C300&ssl=1 1.5x, https:\/\/i0.wp.com\/ecobiolia.it\/wp-content\/uploads\/2022\/08\/549.jpg?resize=700%2C400&ssl=1 2x"},"classes":[]},{"id":2652,"url":"https:\/\/ecobiolia.it\/it_it\/prodotto\/mussola-neonato-bamboo-cotone-fiori-mirtilli\/","url_meta":{"origin":4057,"position":5},"title":"Mussola Neonato Bamboo e Cotone 100&#215;100 &#8211; Fiori e Mirtilli","author":"Olga","date":"27 Giugno 2022","format":false,"excerpt":"Mussola per neonato in pregiato mix di bamboo e cotone, misura 100x100 cm, \u00e8 la scelta ideale per chi cerca un tessuto naturale, sicuro e incredibilmente soffice. Tessuto certificato Oeko-Tex Standard 100, ultra delicato e traspirante. Disponibile nelle eleganti fantasie botaniche: Fiori Rosa e Mirtilli. Ideale come copertina, fascia, lenzuolino,\u2026","rel":"","context":"Articolo simile","block_context":{"text":"Articolo simile","link":""},"img":{"alt_text":"","src":"https:\/\/i0.wp.com\/ecobiolia.it\/wp-content\/uploads\/2022\/06\/Mussola-in-Bamboo.jpg?resize=350%2C200&ssl=1","width":350,"height":200,"srcset":"https:\/\/i0.wp.com\/ecobiolia.it\/wp-content\/uploads\/2022\/06\/Mussola-in-Bamboo.jpg?resize=350%2C200&ssl=1 1x, https:\/\/i0.wp.com\/ecobiolia.it\/wp-content\/uploads\/2022\/06\/Mussola-in-Bamboo.jpg?resize=525%2C300&ssl=1 1.5x, https:\/\/i0.wp.com\/ecobiolia.it\/wp-content\/uploads\/2022\/06\/Mussola-in-Bamboo.jpg?resize=700%2C400&ssl=1 2x, https:\/\/i0.wp.com\/ecobiolia.it\/wp-content\/uploads\/2022\/06\/Mussola-in-Bamboo.jpg?resize=1050%2C600&ssl=1 3x, https:\/\/i0.wp.com\/ecobiolia.it\/wp-content\/uploads\/2022\/06\/Mussola-in-Bamboo.jpg?resize=1400%2C800&ssl=1 4x"},"classes":[]}],"jetpack_sharing_enabled":true,"_links":{"self":[{"href":"https:\/\/ecobiolia.it\/it_it\/wp-json\/wp\/v2\/product\/4057","targetHints":{"allow":["GET"]}}],"collection":[{"href":"https:\/\/ecobiolia.it\/it_it\/wp-json\/wp\/v2\/product"}],"about":[{"href":"https:\/\/ecobiolia.it\/it_it\/wp-json\/wp\/v2\/types\/product"}],"replies":[{"embeddable":true,"href":"https:\/\/ecobiolia.it\/it_it\/wp-json\/wp\/v2\/comments?post=4057"}],"version-history":[{"count":0,"href":"https:\/\/ecobiolia.it\/it_it\/wp-json\/wp\/v2\/product\/4057\/revisions"}],"wp:featuredmedia":[{"embeddable":true,"href":"https:\/\/ecobiolia.it\/it_it\/wp-json\/wp\/v2\/media\/4147"}],"wp:attachment":[{"href":"https:\/\/ecobiolia.it\/it_it\/wp-json\/wp\/v2\/media?parent=4057"}],"wp:term":[{"taxonomy":"product_brand","embeddable":true,"href":"https:\/\/ecobiolia.it\/it_it\/wp-json\/wp\/v2\/product_brand?post=4057"},{"taxonomy":"product_cat","embeddable":true,"href":"https:\/\/ecobiolia.it\/it_it\/wp-json\/wp\/v2\/product_cat?post=4057"},{"taxonomy":"product_tag","embeddable":true,"href":"https:\/\/ecobiolia.it\/it_it\/wp-json\/wp\/v2\/product_tag?post=4057"}],"curies":[{"name":"wp","href":"https:\/\/api.w.org\/{rel}","templated":true}]}}