{"id":4045,"date":"2022-08-22T08:28:29","date_gmt":"2022-08-22T08:28:29","guid":{"rendered":"https:\/\/ecobiolia.it\/?post_type=product&#038;p=4045"},"modified":"2025-02-16T08:50:05","modified_gmt":"2025-02-16T08:50:05","slug":"burro-di-karite-non-raffinato-100-naturale","status":"publish","type":"product","link":"https:\/\/ecobiolia.it\/it_it\/prodotto\/burro-di-karite-non-raffinato-100-naturale\/","title":{"rendered":"Burro di Karit\u00e9 non Raffinato, 100% naturale."},"content":{"rendered":"<p>Burro di Karit\u00e9 non Raffinato, 100% naturale<span class=\"VIiyi\" lang=\"it\"><span class=\"JLqJ4b ChMk0b\" data-language-for-alternatives=\"it\" data-language-to-translate-into=\"en\" data-phrase-index=\"4\" data-number-of-phrases=\"16\"><span class=\"Q4iAWc\"> si scioglie a temperatura corporea e si assorbe rapidamente senza lasciare una sensazione di grasso.<\/span><\/span>\u00a0\u00a0<\/span><\/p>\n<p><span class=\"VIiyi\" lang=\"it\"><span class=\"JLqJ4b ChMk0b\" data-language-for-alternatives=\"it\" data-language-to-translate-into=\"en\" data-phrase-index=\"0\" data-number-of-phrases=\"10\"><span class=\"Q4iAWc\">Ricco di acidi grassi insaturi, il burro di karit\u00e8 \u00e8 naturalmente nutriente e idratante.<\/span><\/span> <span class=\"JLqJ4b ChMk0b\" data-language-for-alternatives=\"it\" data-language-to-translate-into=\"en\" data-phrase-index=\"1\" data-number-of-phrases=\"10\"><span class=\"Q4iAWc\">Contiene vitamine A, E, F ed \u00e8 una fonte di acido oleico, palmitico, stearico e trigliceridi &#8211; cera e allantoina.<\/span><\/span> <span class=\"JLqJ4b ChMk0b\" data-language-for-alternatives=\"it\" data-language-to-translate-into=\"en\" data-phrase-index=\"3\" data-number-of-phrases=\"10\"><span class=\"Q4iAWc\">Adatto per pelli molto secche di adulti e bambini.<\/span><\/span> <span class=\"JLqJ4b ChMk0b\" data-language-for-alternatives=\"it\" data-language-to-translate-into=\"en\" data-phrase-index=\"5\" data-number-of-phrases=\"10\"><span class=\"Q4iAWc\">Pu\u00f2 essere utilizzato su pelle irritata, punture di insetti o come crema per pannolini, poich\u00e9 crea una barriera protettiva sulla pelle.<\/span><\/span> <span class=\"JLqJ4b ChMk0b\" data-language-for-alternatives=\"it\" data-language-to-translate-into=\"en\" data-phrase-index=\"7\" data-number-of-phrases=\"10\"><span class=\"Q4iAWc\">Il burro di karit\u00e8 \u00e8 anche efficace nel prevenire le smagliature (ed \u00e8 sicuro da usare durante la gravidanza).<\/span><\/span> <\/span><\/p>\n<p><span class=\"VIiyi\" lang=\"it\"><span class=\"JLqJ4b ChMk0b\" data-language-for-alternatives=\"it\" data-language-to-translate-into=\"en\" data-phrase-index=\"9\" data-number-of-phrases=\"10\"><span class=\"Q4iAWc\">Modo d&#8217;uso: scaldare tra le mani la quantit\u00e0 necessaria, quindi massaggiare sulla pelle<\/span><\/span><\/span><\/p>\n<p><span class=\"VIiyi\" lang=\"it\"><span class=\"JLqJ4b ChMk0b\" data-language-for-alternatives=\"it\" data-language-to-translate-into=\"en\" data-phrase-index=\"9\" data-number-of-phrases=\"16\"><span class=\"Q4iAWc\">100 grammi<\/span><\/span> <span class=\"JLqJ4b ChMk0b\" data-language-for-alternatives=\"it\" data-language-to-translate-into=\"en\" data-phrase-index=\"11\" data-number-of-phrases=\"16\"><span class=\"Q4iAWc\">Materia prima cosmetica.<\/span><\/span> <\/span><\/p>\n<p><span class=\"VIiyi\" lang=\"it\"><span class=\"JLqJ4b ChMk0b\" data-language-for-alternatives=\"it\" data-language-to-translate-into=\"en\" data-phrase-index=\"13\" data-number-of-phrases=\"16\"><span class=\"Q4iAWc\">Ingredienti: Butyrospermum parksi (burro di karit\u00e8).<\/span><\/span> <\/span><\/p>\n<p><span class=\"VIiyi\" lang=\"it\"><span class=\"JLqJ4b ChMk0b\" data-language-for-alternatives=\"it\" data-language-to-translate-into=\"en\" data-phrase-index=\"15\" data-number-of-phrases=\"16\"><span class=\"Q4iAWc\">Paese di origine: Ghana.<\/span><\/span><\/span><\/p>\n","protected":false},"excerpt":{"rendered":"<p><span class=\"VIiyi\" lang=\"it\"><span class=\"JLqJ4b ChMk0b\" data-language-for-alternatives=\"it\" data-language-to-translate-into=\"en\" data-phrase-index=\"0\" data-number-of-phrases=\"16\"><span class=\"Q4iAWc\">Burro di karit\u00e9 non raffinato, 100% naturale, a base di noci di karit\u00e9 africane.<\/span><\/span> <span class=\"JLqJ4b ChMk0b\" data-language-for-alternatives=\"it\" data-language-to-translate-into=\"en\" data-phrase-index=\"1\" data-number-of-phrases=\"16\"><span class=\"Q4iAWc\">Il burro di karit\u00e8 \u00e8 uno dei migliori ingredienti vegetali per idratare la pelle.<\/span><\/span> <span class=\"JLqJ4b ChMk0b\" data-language-for-alternatives=\"it\" data-language-to-translate-into=\"en\" data-phrase-index=\"2\" data-number-of-phrases=\"16\"><span class=\"Q4iAWc\">Favorisce la pelle estremamente secca e ruvida, ma \u00e8 appropriato anche per altri tipi di pelle.<\/span><\/span> <span class=\"JLqJ4b ChMk0b\" data-language-for-alternatives=\"it\" data-language-to-translate-into=\"en\" data-phrase-index=\"3\" data-number-of-phrases=\"16\"><span class=\"Q4iAWc\">Puoi usarlo per labbra secche o screpolate, pelle secca di mani, gomiti, ginocchia o piedi, applicare sulla pancia durante la gravidanza, per la cura del pannolino e per capelli secchi e tipi di cuoio capelluto secco.<\/span><\/span> <\/span><\/p>\n","protected":false},"featured_media":4108,"comment_status":"open","ping_status":"closed","template":"","meta":[],"product_brand":[],"product_cat":[120,135,112,45],"product_tag":[],"class_list":{"0":"post-4045","1":"product","2":"type-product","3":"status-publish","4":"has-post-thumbnail","6":"product_cat-cosmetici","7":"product_cat-cosmetici-naturali","8":"product_cat-per-le-donne","9":"product_cat-prodotti-per-la-cura-del-corpo","11":"first","12":"instock","13":"taxable","14":"shipping-taxable","15":"purchasable","16":"product-type-simple"},"yoast_head":"<!-- This site is optimized with the Yoast SEO plugin v27.3 - https:\/\/yoast.com\/product\/yoast-seo-wordpress\/ -->\n<title>Burro di Karit\u00e9 non Raffinato, 100% naturale. - EcoBiOlia<\/title>\n<meta name=\"robots\" content=\"index, follow, max-snippet:-1, max-image-preview:large, max-video-preview:-1\" \/>\n<link rel=\"canonical\" href=\"https:\/\/ecobiolia.it\/it_it\/prodotto\/burro-di-karite-non-raffinato-100-naturale\/\" \/>\n<meta property=\"og:locale\" content=\"it_IT\" \/>\n<meta property=\"og:type\" content=\"article\" \/>\n<meta property=\"og:title\" content=\"Burro di Karit\u00e9 non Raffinato, 100% naturale. - EcoBiOlia\" \/>\n<meta property=\"og:description\" content=\"Burro di karit\u00e9 non raffinato, 100% naturale, a base di noci di karit\u00e9 africane. Il burro di karit\u00e8 \u00e8 uno dei migliori ingredienti vegetali per idratare la pelle. Favorisce la pelle estremamente secca e ruvida, ma \u00e8 appropriato anche per altri tipi di pelle. Puoi usarlo per labbra secche o screpolate, pelle secca di mani, gomiti, ginocchia o piedi, applicare sulla pancia durante la gravidanza, per la cura del pannolino e per capelli secchi e tipi di cuoio capelluto secco.\" \/>\n<meta property=\"og:url\" content=\"https:\/\/ecobiolia.it\/it_it\/prodotto\/burro-di-karite-non-raffinato-100-naturale\/\" \/>\n<meta property=\"og:site_name\" content=\"EcoBiOlia\" \/>\n<meta property=\"article:modified_time\" content=\"2025-02-16T08:50:05+00:00\" \/>\n<meta property=\"og:image\" content=\"https:\/\/ecobiolia.it\/wp-content\/uploads\/2022\/08\/7547.jpg\" \/>\n\t<meta property=\"og:image:width\" content=\"1600\" \/>\n\t<meta property=\"og:image:height\" content=\"1423\" \/>\n\t<meta property=\"og:image:type\" content=\"image\/jpeg\" \/>\n<meta name=\"twitter:card\" content=\"summary_large_image\" \/>\n<meta name=\"twitter:label1\" content=\"Tempo di lettura stimato\" \/>\n\t<meta name=\"twitter:data1\" content=\"1 minuto\" \/>\n<script type=\"application\/ld+json\" class=\"yoast-schema-graph\">{\"@context\":\"https:\\\/\\\/schema.org\",\"@graph\":[{\"@type\":\"WebPage\",\"@id\":\"https:\\\/\\\/ecobiolia.it\\\/prodotto\\\/burro-di-karite-non-raffinato-100-naturale\\\/\",\"url\":\"https:\\\/\\\/ecobiolia.it\\\/prodotto\\\/burro-di-karite-non-raffinato-100-naturale\\\/\",\"name\":\"Burro di Karit\u00e9 non Raffinato, 100% naturale. - EcoBiOlia\",\"isPartOf\":{\"@id\":\"https:\\\/\\\/ecobiolia.it\\\/it_it\\\/#website\"},\"primaryImageOfPage\":{\"@id\":\"https:\\\/\\\/ecobiolia.it\\\/prodotto\\\/burro-di-karite-non-raffinato-100-naturale\\\/#primaryimage\"},\"image\":{\"@id\":\"https:\\\/\\\/ecobiolia.it\\\/prodotto\\\/burro-di-karite-non-raffinato-100-naturale\\\/#primaryimage\"},\"thumbnailUrl\":\"https:\\\/\\\/ecobiolia.it\\\/wp-content\\\/uploads\\\/2022\\\/08\\\/7547.jpg\",\"datePublished\":\"2022-08-22T08:28:29+00:00\",\"dateModified\":\"2025-02-16T08:50:05+00:00\",\"breadcrumb\":{\"@id\":\"https:\\\/\\\/ecobiolia.it\\\/prodotto\\\/burro-di-karite-non-raffinato-100-naturale\\\/#breadcrumb\"},\"inLanguage\":\"it-IT\",\"potentialAction\":[{\"@type\":\"ReadAction\",\"target\":[\"https:\\\/\\\/ecobiolia.it\\\/prodotto\\\/burro-di-karite-non-raffinato-100-naturale\\\/\"]}]},{\"@type\":\"ImageObject\",\"inLanguage\":\"it-IT\",\"@id\":\"https:\\\/\\\/ecobiolia.it\\\/prodotto\\\/burro-di-karite-non-raffinato-100-naturale\\\/#primaryimage\",\"url\":\"https:\\\/\\\/ecobiolia.it\\\/wp-content\\\/uploads\\\/2022\\\/08\\\/7547.jpg\",\"contentUrl\":\"https:\\\/\\\/ecobiolia.it\\\/wp-content\\\/uploads\\\/2022\\\/08\\\/7547.jpg\",\"width\":1600,\"height\":1423},{\"@type\":\"BreadcrumbList\",\"@id\":\"https:\\\/\\\/ecobiolia.it\\\/prodotto\\\/burro-di-karite-non-raffinato-100-naturale\\\/#breadcrumb\",\"itemListElement\":[{\"@type\":\"ListItem\",\"position\":1,\"name\":\"Home\",\"item\":\"https:\\\/\\\/ecobiolia.it\\\/\"},{\"@type\":\"ListItem\",\"position\":2,\"name\":\"Negozio\",\"item\":\"https:\\\/\\\/ecobiolia.it\\\/negozio\\\/\"},{\"@type\":\"ListItem\",\"position\":3,\"name\":\"Burro di Karit\u00e9 non Raffinato, 100% naturale.\"}]},{\"@type\":\"WebSite\",\"@id\":\"https:\\\/\\\/ecobiolia.it\\\/it_it\\\/#website\",\"url\":\"https:\\\/\\\/ecobiolia.it\\\/it_it\\\/\",\"name\":\"EcoBiOlia\",\"description\":\"Negozio Ecologico per Bambini e Adulti\",\"publisher\":{\"@id\":\"https:\\\/\\\/ecobiolia.it\\\/it_it\\\/#organization\"},\"potentialAction\":[{\"@type\":\"SearchAction\",\"target\":{\"@type\":\"EntryPoint\",\"urlTemplate\":\"https:\\\/\\\/ecobiolia.it\\\/it_it\\\/?s={search_term_string}\"},\"query-input\":{\"@type\":\"PropertyValueSpecification\",\"valueRequired\":true,\"valueName\":\"search_term_string\"}}],\"inLanguage\":\"it-IT\"},{\"@type\":\"Organization\",\"@id\":\"https:\\\/\\\/ecobiolia.it\\\/it_it\\\/#organization\",\"name\":\"EcoBiOlia\",\"url\":\"https:\\\/\\\/ecobiolia.it\\\/it_it\\\/\",\"logo\":{\"@type\":\"ImageObject\",\"inLanguage\":\"it-IT\",\"@id\":\"https:\\\/\\\/ecobiolia.it\\\/it_it\\\/#\\\/schema\\\/logo\\\/image\\\/\",\"url\":\"https:\\\/\\\/ecobiolia.it\\\/wp-content\\\/uploads\\\/2022\\\/04\\\/EcoBiOlia-Logo.png\",\"contentUrl\":\"https:\\\/\\\/ecobiolia.it\\\/wp-content\\\/uploads\\\/2022\\\/04\\\/EcoBiOlia-Logo.png\",\"width\":1772,\"height\":944,\"caption\":\"EcoBiOlia\"},\"image\":{\"@id\":\"https:\\\/\\\/ecobiolia.it\\\/it_it\\\/#\\\/schema\\\/logo\\\/image\\\/\"}}]}<\/script>\n<!-- \/ Yoast SEO plugin. -->","yoast_head_json":{"title":"Burro di Karit\u00e9 non Raffinato, 100% naturale. - EcoBiOlia","robots":{"index":"index","follow":"follow","max-snippet":"max-snippet:-1","max-image-preview":"max-image-preview:large","max-video-preview":"max-video-preview:-1"},"canonical":"https:\/\/ecobiolia.it\/it_it\/prodotto\/burro-di-karite-non-raffinato-100-naturale\/","og_locale":"it_IT","og_type":"article","og_title":"Burro di Karit\u00e9 non Raffinato, 100% naturale. - EcoBiOlia","og_description":"Burro di karit\u00e9 non raffinato, 100% naturale, a base di noci di karit\u00e9 africane. Il burro di karit\u00e8 \u00e8 uno dei migliori ingredienti vegetali per idratare la pelle. Favorisce la pelle estremamente secca e ruvida, ma \u00e8 appropriato anche per altri tipi di pelle. Puoi usarlo per labbra secche o screpolate, pelle secca di mani, gomiti, ginocchia o piedi, applicare sulla pancia durante la gravidanza, per la cura del pannolino e per capelli secchi e tipi di cuoio capelluto secco.","og_url":"https:\/\/ecobiolia.it\/it_it\/prodotto\/burro-di-karite-non-raffinato-100-naturale\/","og_site_name":"EcoBiOlia","article_modified_time":"2025-02-16T08:50:05+00:00","og_image":[{"width":1600,"height":1423,"url":"https:\/\/ecobiolia.it\/wp-content\/uploads\/2022\/08\/7547.jpg","type":"image\/jpeg"}],"twitter_card":"summary_large_image","twitter_misc":{"Tempo di lettura stimato":"1 minuto"},"schema":{"@context":"https:\/\/schema.org","@graph":[{"@type":"WebPage","@id":"https:\/\/ecobiolia.it\/prodotto\/burro-di-karite-non-raffinato-100-naturale\/","url":"https:\/\/ecobiolia.it\/prodotto\/burro-di-karite-non-raffinato-100-naturale\/","name":"Burro di Karit\u00e9 non Raffinato, 100% naturale. - EcoBiOlia","isPartOf":{"@id":"https:\/\/ecobiolia.it\/it_it\/#website"},"primaryImageOfPage":{"@id":"https:\/\/ecobiolia.it\/prodotto\/burro-di-karite-non-raffinato-100-naturale\/#primaryimage"},"image":{"@id":"https:\/\/ecobiolia.it\/prodotto\/burro-di-karite-non-raffinato-100-naturale\/#primaryimage"},"thumbnailUrl":"https:\/\/ecobiolia.it\/wp-content\/uploads\/2022\/08\/7547.jpg","datePublished":"2022-08-22T08:28:29+00:00","dateModified":"2025-02-16T08:50:05+00:00","breadcrumb":{"@id":"https:\/\/ecobiolia.it\/prodotto\/burro-di-karite-non-raffinato-100-naturale\/#breadcrumb"},"inLanguage":"it-IT","potentialAction":[{"@type":"ReadAction","target":["https:\/\/ecobiolia.it\/prodotto\/burro-di-karite-non-raffinato-100-naturale\/"]}]},{"@type":"ImageObject","inLanguage":"it-IT","@id":"https:\/\/ecobiolia.it\/prodotto\/burro-di-karite-non-raffinato-100-naturale\/#primaryimage","url":"https:\/\/ecobiolia.it\/wp-content\/uploads\/2022\/08\/7547.jpg","contentUrl":"https:\/\/ecobiolia.it\/wp-content\/uploads\/2022\/08\/7547.jpg","width":1600,"height":1423},{"@type":"BreadcrumbList","@id":"https:\/\/ecobiolia.it\/prodotto\/burro-di-karite-non-raffinato-100-naturale\/#breadcrumb","itemListElement":[{"@type":"ListItem","position":1,"name":"Home","item":"https:\/\/ecobiolia.it\/"},{"@type":"ListItem","position":2,"name":"Negozio","item":"https:\/\/ecobiolia.it\/negozio\/"},{"@type":"ListItem","position":3,"name":"Burro di Karit\u00e9 non Raffinato, 100% naturale."}]},{"@type":"WebSite","@id":"https:\/\/ecobiolia.it\/it_it\/#website","url":"https:\/\/ecobiolia.it\/it_it\/","name":"EcoBiOlia","description":"Negozio Ecologico per Bambini e Adulti","publisher":{"@id":"https:\/\/ecobiolia.it\/it_it\/#organization"},"potentialAction":[{"@type":"SearchAction","target":{"@type":"EntryPoint","urlTemplate":"https:\/\/ecobiolia.it\/it_it\/?s={search_term_string}"},"query-input":{"@type":"PropertyValueSpecification","valueRequired":true,"valueName":"search_term_string"}}],"inLanguage":"it-IT"},{"@type":"Organization","@id":"https:\/\/ecobiolia.it\/it_it\/#organization","name":"EcoBiOlia","url":"https:\/\/ecobiolia.it\/it_it\/","logo":{"@type":"ImageObject","inLanguage":"it-IT","@id":"https:\/\/ecobiolia.it\/it_it\/#\/schema\/logo\/image\/","url":"https:\/\/ecobiolia.it\/wp-content\/uploads\/2022\/04\/EcoBiOlia-Logo.png","contentUrl":"https:\/\/ecobiolia.it\/wp-content\/uploads\/2022\/04\/EcoBiOlia-Logo.png","width":1772,"height":944,"caption":"EcoBiOlia"},"image":{"@id":"https:\/\/ecobiolia.it\/it_it\/#\/schema\/logo\/image\/"}}]}},"jetpack-related-posts":[{"id":4411,"url":"https:\/\/ecobiolia.it\/it_it\/prodotto\/burro-nutriente-idratante-e-illuminante-per-corpo\/","url_meta":{"origin":4045,"position":0},"title":"Burro Nutriente, Idratante e Illuminante per Corpo","author":"Olga","date":"30 Settembre 2022","format":false,"excerpt":"Gioioso Burro Nutriente, Idratante e Illuminante per Corpo \u00e8 un ottimo cosmetico che combina una forte cura della pelle con un miglioramento visivo immediato (colore e particelle dorate). A base di oli nutrienti di caff\u00e8 verde, fico d'India, mandorla e uva, burro di karit\u00e9 e oli di carota e olivello\u2026","rel":"","context":"Articolo simile","block_context":{"text":"Articolo simile","link":""},"img":{"alt_text":"","src":"https:\/\/i0.wp.com\/ecobiolia.it\/wp-content\/uploads\/2022\/08\/8507.jpg?resize=350%2C200&ssl=1","width":350,"height":200,"srcset":"https:\/\/i0.wp.com\/ecobiolia.it\/wp-content\/uploads\/2022\/08\/8507.jpg?resize=350%2C200&ssl=1 1x, https:\/\/i0.wp.com\/ecobiolia.it\/wp-content\/uploads\/2022\/08\/8507.jpg?resize=525%2C300&ssl=1 1.5x, https:\/\/i0.wp.com\/ecobiolia.it\/wp-content\/uploads\/2022\/08\/8507.jpg?resize=700%2C400&ssl=1 2x, https:\/\/i0.wp.com\/ecobiolia.it\/wp-content\/uploads\/2022\/08\/8507.jpg?resize=1050%2C600&ssl=1 3x, https:\/\/i0.wp.com\/ecobiolia.it\/wp-content\/uploads\/2022\/08\/8507.jpg?resize=1400%2C800&ssl=1 4x"},"classes":[]},{"id":6061,"url":"https:\/\/ecobiolia.it\/it_it\/prodotto\/balsamo-corpo-rassodante-rigenerante-al-caffe\/","url_meta":{"origin":4045,"position":1},"title":"Balsamo Corpo Rassodante Rigenerante al Caff\u00e8","author":"Olga","date":"18 Marzo 2024","format":false,"excerpt":"Balsamo Corpo Rassodante Rigenerante al Caff\u00e8 dalla consistenza densa e di rapido assorbimento. Nutre la pelle come il burro e si assorbe come una lozione! Profuma di albicocca matura e mango succoso. Consigliato per pelli che richiedono idratazione, rassodamento e levigatura. Azione: - rassodante - idratante - nutriente - rigenerante\u2026","rel":"","context":"Con 1 commento","block_context":{"text":"Con 1 commento","link":"https:\/\/ecobiolia.it\/it_it\/prodotto\/balsamo-corpo-rassodante-rigenerante-al-caffe\/#comments"},"img":{"alt_text":"","src":"https:\/\/i0.wp.com\/ecobiolia.it\/wp-content\/uploads\/2024\/03\/Lozione-Corpo-Rassodante-al-Caffe.jpg?resize=350%2C200&ssl=1","width":350,"height":200,"srcset":"https:\/\/i0.wp.com\/ecobiolia.it\/wp-content\/uploads\/2024\/03\/Lozione-Corpo-Rassodante-al-Caffe.jpg?resize=350%2C200&ssl=1 1x, https:\/\/i0.wp.com\/ecobiolia.it\/wp-content\/uploads\/2024\/03\/Lozione-Corpo-Rassodante-al-Caffe.jpg?resize=525%2C300&ssl=1 1.5x, https:\/\/i0.wp.com\/ecobiolia.it\/wp-content\/uploads\/2024\/03\/Lozione-Corpo-Rassodante-al-Caffe.jpg?resize=700%2C400&ssl=1 2x, https:\/\/i0.wp.com\/ecobiolia.it\/wp-content\/uploads\/2024\/03\/Lozione-Corpo-Rassodante-al-Caffe.jpg?resize=1050%2C600&ssl=1 3x, https:\/\/i0.wp.com\/ecobiolia.it\/wp-content\/uploads\/2024\/03\/Lozione-Corpo-Rassodante-al-Caffe.jpg?resize=1400%2C800&ssl=1 4x"},"classes":[]},{"id":4080,"url":"https:\/\/ecobiolia.it\/it_it\/prodotto\/burro-per-viso-corpo-protettivo-rigenerante-e-idratante\/","url_meta":{"origin":4045,"position":2},"title":"Burro per Viso Corpo Protettivo, Rigenerante e Idratante","author":"Olga","date":"22 Agosto 2022","format":false,"excerpt":"Burro per Viso Corpo Protettivo, Rigenerante e Idratante\u00a0WOW - \u00e8 proprio cos\u00ec che dovremmo chiamarla, perch\u00e9 \u00e8 impossibile elencare tutte le sue propriet\u00e0 in una breve descrizione del prodotto sulla confezione. Questo cosmetico \u00e8 un prodotto multiuso e multifunzionale. Puoi usarlo su viso, corpo e capelli! Ti aiuter\u00e0 con ferite\u2026","rel":"","context":"Con 1 commento","block_context":{"text":"Con 1 commento","link":"https:\/\/ecobiolia.it\/it_it\/prodotto\/burro-per-viso-corpo-protettivo-rigenerante-e-idratante\/#comments"},"img":{"alt_text":"","src":"https:\/\/i0.wp.com\/ecobiolia.it\/wp-content\/uploads\/2022\/08\/3292.jpg?resize=350%2C200&ssl=1","width":350,"height":200,"srcset":"https:\/\/i0.wp.com\/ecobiolia.it\/wp-content\/uploads\/2022\/08\/3292.jpg?resize=350%2C200&ssl=1 1x, https:\/\/i0.wp.com\/ecobiolia.it\/wp-content\/uploads\/2022\/08\/3292.jpg?resize=525%2C300&ssl=1 1.5x, https:\/\/i0.wp.com\/ecobiolia.it\/wp-content\/uploads\/2022\/08\/3292.jpg?resize=700%2C400&ssl=1 2x, https:\/\/i0.wp.com\/ecobiolia.it\/wp-content\/uploads\/2022\/08\/3292.jpg?resize=1050%2C600&ssl=1 3x, https:\/\/i0.wp.com\/ecobiolia.it\/wp-content\/uploads\/2022\/08\/3292.jpg?resize=1400%2C800&ssl=1 4x"},"classes":[]},{"id":4851,"url":"https:\/\/ecobiolia.it\/it_it\/prodotto\/pasta-esfoliante-e-illuminante-per-il-corpo-e-decollete\/","url_meta":{"origin":4045,"position":3},"title":"Pasta Esfoliante e Illuminante per il Corpo e D\u00e9collet\u00e9","author":"Olga","date":"1 Marzo 2023","format":false,"excerpt":"Pasta Esfoliante e Illuminante per il Corpo e D\u00e9collet\u00e9 con l'aggiunta di particelle lucide. Lascia la pelle felice e liscia. L'olio di olivello spinoso e il burro di mango migliorano il tono della pelle, mentre la mica aggiunge luminosit\u00e0. La fragranza ti mette in uno stato d'animo vacanziero. La pasta\u2026","rel":"","context":"Articolo simile","block_context":{"text":"Articolo simile","link":""},"img":{"alt_text":"","src":"https:\/\/i0.wp.com\/ecobiolia.it\/wp-content\/uploads\/2023\/03\/8509.jpg?resize=350%2C200&ssl=1","width":350,"height":200,"srcset":"https:\/\/i0.wp.com\/ecobiolia.it\/wp-content\/uploads\/2023\/03\/8509.jpg?resize=350%2C200&ssl=1 1x, https:\/\/i0.wp.com\/ecobiolia.it\/wp-content\/uploads\/2023\/03\/8509.jpg?resize=525%2C300&ssl=1 1.5x, https:\/\/i0.wp.com\/ecobiolia.it\/wp-content\/uploads\/2023\/03\/8509.jpg?resize=700%2C400&ssl=1 2x, https:\/\/i0.wp.com\/ecobiolia.it\/wp-content\/uploads\/2023\/03\/8509.jpg?resize=1050%2C600&ssl=1 3x, https:\/\/i0.wp.com\/ecobiolia.it\/wp-content\/uploads\/2023\/03\/8509.jpg?resize=1400%2C800&ssl=1 4x"},"classes":[]},{"id":4077,"url":"https:\/\/ecobiolia.it\/it_it\/prodotto\/crema-mani-nutriente-e-rigenerante-alla-propoli-70-ml\/","url_meta":{"origin":4045,"position":4},"title":"Crema Mani Nutriente e Rigenerante alla Propoli 70 ml","author":"Olga","date":"22 Agosto 2022","format":false,"excerpt":"Densa, non appiccicosa e spalmabile sulla pelle come una mousse, Crema Mani Nutriente e Rigenerante alla Propoli 70 ml ad alto contenuto di burro di karit\u00e9, miele e propoli. Nutre e rigenera la pelle a base di oli naturali. La propoli ha un effetto antinfiammatorio.","rel":"","context":"Con 1 commento","block_context":{"text":"Con 1 commento","link":"https:\/\/ecobiolia.it\/it_it\/prodotto\/crema-mani-nutriente-e-rigenerante-alla-propoli-70-ml\/#comments"},"img":{"alt_text":"","src":"https:\/\/i0.wp.com\/ecobiolia.it\/wp-content\/uploads\/2022\/08\/3118.jpg?resize=350%2C200&ssl=1","width":350,"height":200,"srcset":"https:\/\/i0.wp.com\/ecobiolia.it\/wp-content\/uploads\/2022\/08\/3118.jpg?resize=350%2C200&ssl=1 1x, https:\/\/i0.wp.com\/ecobiolia.it\/wp-content\/uploads\/2022\/08\/3118.jpg?resize=525%2C300&ssl=1 1.5x, https:\/\/i0.wp.com\/ecobiolia.it\/wp-content\/uploads\/2022\/08\/3118.jpg?resize=700%2C400&ssl=1 2x, https:\/\/i0.wp.com\/ecobiolia.it\/wp-content\/uploads\/2022\/08\/3118.jpg?resize=1050%2C600&ssl=1 3x"},"classes":[]},{"id":6068,"url":"https:\/\/ecobiolia.it\/it_it\/prodotto\/unguento-naturale-contro-il-maltempo-con-timo-e-patchouli\/","url_meta":{"origin":4045,"position":5},"title":"Unguento Naturale Contro il Maltempo, con Timo e Patchouli","author":"Olga","date":"18 Marzo 2024","format":false,"excerpt":"\u00a0 Unguento Naturale Contro il Maltempo, con Timo e Patchouli per massaggiare il petto, la schiena e i piedi funzioner\u00e0 bene quando il tempo \u00e8 brutto e sentiamo notizie di infezioni solo dai media e lasciamo gran parte del nostro budget in farmacia. Ha la forma di un balsamo denso\u2026","rel":"","context":"Con 1 commento","block_context":{"text":"Con 1 commento","link":"https:\/\/ecobiolia.it\/it_it\/prodotto\/unguento-naturale-contro-il-maltempo-con-timo-e-patchouli\/#comments"},"img":{"alt_text":"","src":"https:\/\/i0.wp.com\/ecobiolia.it\/wp-content\/uploads\/2024\/03\/Unguento-Naturale-Contro-il-Maltempo-con-Timo-e-Patchouli.jpg?resize=350%2C200&ssl=1","width":350,"height":200,"srcset":"https:\/\/i0.wp.com\/ecobiolia.it\/wp-content\/uploads\/2024\/03\/Unguento-Naturale-Contro-il-Maltempo-con-Timo-e-Patchouli.jpg?resize=350%2C200&ssl=1 1x, https:\/\/i0.wp.com\/ecobiolia.it\/wp-content\/uploads\/2024\/03\/Unguento-Naturale-Contro-il-Maltempo-con-Timo-e-Patchouli.jpg?resize=525%2C300&ssl=1 1.5x, https:\/\/i0.wp.com\/ecobiolia.it\/wp-content\/uploads\/2024\/03\/Unguento-Naturale-Contro-il-Maltempo-con-Timo-e-Patchouli.jpg?resize=700%2C400&ssl=1 2x, https:\/\/i0.wp.com\/ecobiolia.it\/wp-content\/uploads\/2024\/03\/Unguento-Naturale-Contro-il-Maltempo-con-Timo-e-Patchouli.jpg?resize=1050%2C600&ssl=1 3x, https:\/\/i0.wp.com\/ecobiolia.it\/wp-content\/uploads\/2024\/03\/Unguento-Naturale-Contro-il-Maltempo-con-Timo-e-Patchouli.jpg?resize=1400%2C800&ssl=1 4x"},"classes":[]}],"jetpack_sharing_enabled":true,"_links":{"self":[{"href":"https:\/\/ecobiolia.it\/it_it\/wp-json\/wp\/v2\/product\/4045","targetHints":{"allow":["GET"]}}],"collection":[{"href":"https:\/\/ecobiolia.it\/it_it\/wp-json\/wp\/v2\/product"}],"about":[{"href":"https:\/\/ecobiolia.it\/it_it\/wp-json\/wp\/v2\/types\/product"}],"replies":[{"embeddable":true,"href":"https:\/\/ecobiolia.it\/it_it\/wp-json\/wp\/v2\/comments?post=4045"}],"version-history":[{"count":1,"href":"https:\/\/ecobiolia.it\/it_it\/wp-json\/wp\/v2\/product\/4045\/revisions"}],"predecessor-version":[{"id":6361,"href":"https:\/\/ecobiolia.it\/it_it\/wp-json\/wp\/v2\/product\/4045\/revisions\/6361"}],"wp:featuredmedia":[{"embeddable":true,"href":"https:\/\/ecobiolia.it\/it_it\/wp-json\/wp\/v2\/media\/4108"}],"wp:attachment":[{"href":"https:\/\/ecobiolia.it\/it_it\/wp-json\/wp\/v2\/media?parent=4045"}],"wp:term":[{"taxonomy":"product_brand","embeddable":true,"href":"https:\/\/ecobiolia.it\/it_it\/wp-json\/wp\/v2\/product_brand?post=4045"},{"taxonomy":"product_cat","embeddable":true,"href":"https:\/\/ecobiolia.it\/it_it\/wp-json\/wp\/v2\/product_cat?post=4045"},{"taxonomy":"product_tag","embeddable":true,"href":"https:\/\/ecobiolia.it\/it_it\/wp-json\/wp\/v2\/product_tag?post=4045"}],"curies":[{"name":"wp","href":"https:\/\/api.w.org\/{rel}","templated":true}]}}