{"id":3993,"date":"2022-08-22T08:26:32","date_gmt":"2022-08-22T08:26:32","guid":{"rendered":"https:\/\/ecobiolia.it\/?post_type=product&#038;p=3993"},"modified":"2024-02-26T00:00:13","modified_gmt":"2024-02-26T00:00:13","slug":"spazzola-esfoliante-e-detergente-viso","status":"publish","type":"product","link":"https:\/\/ecobiolia.it\/it_it\/prodotto\/spazzola-esfoliante-e-detergente-viso\/","title":{"rendered":"Spazzola Esfoliante e Detergente Viso"},"content":{"rendered":"<div class=\"J0lOec\"><span class=\"VIiyi\" lang=\"it\"><span class=\"JLqJ4b\" data-language-for-alternatives=\"it\" data-language-to-translate-into=\"en\" data-phrase-index=\"0\" data-number-of-phrases=\"1\"><span class=\"Q4iAWc\">La nostra Spazzola Esfoliante e Detergente Viso \u00e8 morbida e delicata sulla pelle. Ti consigliamo di spazzolare il viso una volta alla settimana se hai la pelle secca e sensibile, per la pelle normale e grassa puoi usare questa spazzola a giorni alterni.<br \/>\n<\/span><\/span><\/span><\/div>\n<div><\/div>\n<div class=\"J0lOec\"><span class=\"VIiyi\" lang=\"it\"><span class=\"JLqJ4b\" data-language-for-alternatives=\"it\" data-language-to-translate-into=\"en\" data-phrase-index=\"0\" data-number-of-phrases=\"1\"><span class=\"Q4iAWc\"> Utilizzare insieme alla nostra spugna FineSilk per un regime di pulizia del viso: utilizzare la nostra spugna naturale ogni giorno per rimuovere il trucco e detergere delicatamente il viso, aggiungere regolarmente una pulizia approfondita con la nostra spazzola per il viso (la frequenza dipende dal tipo di pelle). <\/span><\/span><\/span><\/div>\n<div><\/div>\n<div class=\"J0lOec\"><span class=\"VIiyi\" lang=\"it\"><span class=\"JLqJ4b\" data-language-for-alternatives=\"it\" data-language-to-translate-into=\"en\" data-phrase-index=\"0\" data-number-of-phrases=\"1\"><span class=\"Q4iAWc\">Modalit\u00e0 d&#8217;uso: utilizzare con acqua e il vostro gel viso\/lozione viso preferito. Evitare la zona intorno agli occhi. Lavare accuratamente con acqua pulita e lasciare asciugare in un luogo asciutto dopo l&#8217;uso. <\/span><\/span><\/span><\/div>\n<div><\/div>\n<div class=\"J0lOec\"><span class=\"VIiyi\" lang=\"it\"><span class=\"JLqJ4b\" data-language-for-alternatives=\"it\" data-language-to-translate-into=\"en\" data-phrase-index=\"0\" data-number-of-phrases=\"1\"><span class=\"Q4iAWc\">Materiale: Manico in legno di faggio con setole sintetiche <\/span><\/span><\/span><\/div>\n<div class=\"J0lOec\"><span class=\"VIiyi\" lang=\"it\"><span class=\"JLqJ4b\" data-language-for-alternatives=\"it\" data-language-to-translate-into=\"en\" data-phrase-index=\"0\" data-number-of-phrases=\"1\"><span class=\"Q4iAWc\">Una spazzola per il viso \u00e8 un prodotto per l&#8217;igiene personale. Dovrebbe essere sostituito ogni 6 mesi o prima se mostra segni di usura. Non utilizzare su pelle irritata o danneggiata. Interrompere l&#8217;uso se si verificano irritazioni cutanee.<\/span><\/span><\/span><\/div>\n<div>\n<div id=\"ow495\" data-show-delay-ms=\"250\" data-append-to-body=\"true\" data-propagate-tooltip-mouseover-events=\"true\" data-anchor-corner=\"bottom-left\" data-enable-skip-handler=\"false\" data-popup-corner=\"top-left\">\n<div><\/div>\n<\/div>\n<\/div>\n<p><em><span class=\"VIiyi\" lang=\"it\"><span class=\"JLqJ4b\" data-language-for-alternatives=\"it\" data-language-to-translate-into=\"en\" data-phrase-index=\"0\" data-number-of-phrases=\"1\"><span class=\"Q4iAWc\">Si prega di notare che non possiamo accettare resi di spazzole per capelli in quanto rientrano nella categoria di prodotti intimi, sanitari e igienici, articoli per la salute e la cura della persona.<\/span><\/span><\/span><\/em><\/p>\n","protected":false},"excerpt":{"rendered":"<p><span class=\"VIiyi\" lang=\"it\"><span class=\"JLqJ4b\" data-language-for-alternatives=\"it\" data-language-to-translate-into=\"en\" data-phrase-index=\"0\" data-number-of-phrases=\"1\"><span class=\"Q4iAWc\">Come pulire correttamente il viso dai residui di trucco e cosmetici, aiutare la tua pelle a rigenerarsi e a farla sembrare fresca? Le cose pi\u00f9 semplici di solito sono le pi\u00f9 efficaci. Potresti avere una di quelle spazzole elettriche per il viso, ma anche una economica in legno con setole potrebbe funzionare. Vantaggi dell&#8217;utilizzo di una spazzola per il viso: migliora l&#8217;aspetto della pelle riduce l&#8217;aspetto dei pori migliora la microcircolazione stimola il sistema linfatico massaggia la pelle e aiuta a migliorare l&#8217;aspetto delle rughe La nostra spazzola per il viso \u00e8 morbida e delicata sulla pelle.<\/span><\/span><\/span><\/p>\n","protected":false},"featured_media":4029,"comment_status":"open","ping_status":"closed","template":"","meta":[],"product_brand":[],"product_cat":[112,45,134,113],"product_tag":[],"class_list":{"0":"post-3993","1":"product","2":"type-product","3":"status-publish","4":"has-post-thumbnail","6":"product_cat-per-le-donne","7":"product_cat-prodotti-per-la-cura-del-corpo","8":"product_cat-spazzole","9":"product_cat-spazzole-massaggio","11":"first","12":"instock","13":"taxable","14":"shipping-taxable","15":"purchasable","16":"product-type-simple"},"yoast_head":"<!-- This site is optimized with the Yoast SEO plugin v27.3 - https:\/\/yoast.com\/product\/yoast-seo-wordpress\/ -->\n<title>Spazzola Esfoliante e Detergente Viso - EcoBiOlia<\/title>\n<meta name=\"robots\" content=\"index, follow, max-snippet:-1, max-image-preview:large, max-video-preview:-1\" \/>\n<link rel=\"canonical\" href=\"https:\/\/ecobiolia.it\/it_it\/prodotto\/spazzola-esfoliante-e-detergente-viso\/\" \/>\n<meta property=\"og:locale\" content=\"it_IT\" \/>\n<meta property=\"og:type\" content=\"article\" \/>\n<meta property=\"og:title\" content=\"Spazzola Esfoliante e Detergente Viso - EcoBiOlia\" \/>\n<meta property=\"og:description\" content=\"Come pulire correttamente il viso dai residui di trucco e cosmetici, aiutare la tua pelle a rigenerarsi e a farla sembrare fresca? Le cose pi\u00f9 semplici di solito sono le pi\u00f9 efficaci. Potresti avere una di quelle spazzole elettriche per il viso, ma anche una economica in legno con setole potrebbe funzionare. Vantaggi dell&#039;utilizzo di una spazzola per il viso: migliora l&#039;aspetto della pelle riduce l&#039;aspetto dei pori migliora la microcircolazione stimola il sistema linfatico massaggia la pelle e aiuta a migliorare l&#039;aspetto delle rughe La nostra spazzola per il viso \u00e8 morbida e delicata sulla pelle.\" \/>\n<meta property=\"og:url\" content=\"https:\/\/ecobiolia.it\/it_it\/prodotto\/spazzola-esfoliante-e-detergente-viso\/\" \/>\n<meta property=\"og:site_name\" content=\"EcoBiOlia\" \/>\n<meta property=\"article:modified_time\" content=\"2024-02-26T00:00:13+00:00\" \/>\n<meta property=\"og:image\" content=\"https:\/\/ecobiolia.it\/wp-content\/uploads\/2022\/08\/5258.jpg\" \/>\n\t<meta property=\"og:image:width\" content=\"1024\" \/>\n\t<meta property=\"og:image:height\" content=\"910\" \/>\n\t<meta property=\"og:image:type\" content=\"image\/jpeg\" \/>\n<meta name=\"twitter:card\" content=\"summary_large_image\" \/>\n<meta name=\"twitter:label1\" content=\"Tempo di lettura stimato\" \/>\n\t<meta name=\"twitter:data1\" content=\"2 minuti\" \/>\n<script type=\"application\/ld+json\" class=\"yoast-schema-graph\">{\"@context\":\"https:\\\/\\\/schema.org\",\"@graph\":[{\"@type\":\"WebPage\",\"@id\":\"https:\\\/\\\/ecobiolia.it\\\/prodotto\\\/spazzola-esfoliante-e-detergente-viso\\\/\",\"url\":\"https:\\\/\\\/ecobiolia.it\\\/prodotto\\\/spazzola-esfoliante-e-detergente-viso\\\/\",\"name\":\"Spazzola Esfoliante e Detergente Viso - EcoBiOlia\",\"isPartOf\":{\"@id\":\"https:\\\/\\\/ecobiolia.it\\\/it_it\\\/#website\"},\"primaryImageOfPage\":{\"@id\":\"https:\\\/\\\/ecobiolia.it\\\/prodotto\\\/spazzola-esfoliante-e-detergente-viso\\\/#primaryimage\"},\"image\":{\"@id\":\"https:\\\/\\\/ecobiolia.it\\\/prodotto\\\/spazzola-esfoliante-e-detergente-viso\\\/#primaryimage\"},\"thumbnailUrl\":\"https:\\\/\\\/ecobiolia.it\\\/wp-content\\\/uploads\\\/2022\\\/08\\\/5258.jpg\",\"datePublished\":\"2022-08-22T08:26:32+00:00\",\"dateModified\":\"2024-02-26T00:00:13+00:00\",\"breadcrumb\":{\"@id\":\"https:\\\/\\\/ecobiolia.it\\\/prodotto\\\/spazzola-esfoliante-e-detergente-viso\\\/#breadcrumb\"},\"inLanguage\":\"it-IT\",\"potentialAction\":[{\"@type\":\"ReadAction\",\"target\":[\"https:\\\/\\\/ecobiolia.it\\\/prodotto\\\/spazzola-esfoliante-e-detergente-viso\\\/\"]}]},{\"@type\":\"ImageObject\",\"inLanguage\":\"it-IT\",\"@id\":\"https:\\\/\\\/ecobiolia.it\\\/prodotto\\\/spazzola-esfoliante-e-detergente-viso\\\/#primaryimage\",\"url\":\"https:\\\/\\\/ecobiolia.it\\\/wp-content\\\/uploads\\\/2022\\\/08\\\/5258.jpg\",\"contentUrl\":\"https:\\\/\\\/ecobiolia.it\\\/wp-content\\\/uploads\\\/2022\\\/08\\\/5258.jpg\",\"width\":1024,\"height\":910},{\"@type\":\"BreadcrumbList\",\"@id\":\"https:\\\/\\\/ecobiolia.it\\\/prodotto\\\/spazzola-esfoliante-e-detergente-viso\\\/#breadcrumb\",\"itemListElement\":[{\"@type\":\"ListItem\",\"position\":1,\"name\":\"Home\",\"item\":\"https:\\\/\\\/ecobiolia.it\\\/\"},{\"@type\":\"ListItem\",\"position\":2,\"name\":\"Negozio\",\"item\":\"https:\\\/\\\/ecobiolia.it\\\/negozio\\\/\"},{\"@type\":\"ListItem\",\"position\":3,\"name\":\"Spazzola Esfoliante e Detergente Viso\"}]},{\"@type\":\"WebSite\",\"@id\":\"https:\\\/\\\/ecobiolia.it\\\/it_it\\\/#website\",\"url\":\"https:\\\/\\\/ecobiolia.it\\\/it_it\\\/\",\"name\":\"EcoBiOlia\",\"description\":\"Negozio Ecologico per Bambini e Adulti\",\"publisher\":{\"@id\":\"https:\\\/\\\/ecobiolia.it\\\/it_it\\\/#organization\"},\"potentialAction\":[{\"@type\":\"SearchAction\",\"target\":{\"@type\":\"EntryPoint\",\"urlTemplate\":\"https:\\\/\\\/ecobiolia.it\\\/it_it\\\/?s={search_term_string}\"},\"query-input\":{\"@type\":\"PropertyValueSpecification\",\"valueRequired\":true,\"valueName\":\"search_term_string\"}}],\"inLanguage\":\"it-IT\"},{\"@type\":\"Organization\",\"@id\":\"https:\\\/\\\/ecobiolia.it\\\/it_it\\\/#organization\",\"name\":\"EcoBiOlia\",\"url\":\"https:\\\/\\\/ecobiolia.it\\\/it_it\\\/\",\"logo\":{\"@type\":\"ImageObject\",\"inLanguage\":\"it-IT\",\"@id\":\"https:\\\/\\\/ecobiolia.it\\\/it_it\\\/#\\\/schema\\\/logo\\\/image\\\/\",\"url\":\"https:\\\/\\\/ecobiolia.it\\\/wp-content\\\/uploads\\\/2022\\\/04\\\/EcoBiOlia-Logo.png\",\"contentUrl\":\"https:\\\/\\\/ecobiolia.it\\\/wp-content\\\/uploads\\\/2022\\\/04\\\/EcoBiOlia-Logo.png\",\"width\":1772,\"height\":944,\"caption\":\"EcoBiOlia\"},\"image\":{\"@id\":\"https:\\\/\\\/ecobiolia.it\\\/it_it\\\/#\\\/schema\\\/logo\\\/image\\\/\"}}]}<\/script>\n<!-- \/ Yoast SEO plugin. -->","yoast_head_json":{"title":"Spazzola Esfoliante e Detergente Viso - EcoBiOlia","robots":{"index":"index","follow":"follow","max-snippet":"max-snippet:-1","max-image-preview":"max-image-preview:large","max-video-preview":"max-video-preview:-1"},"canonical":"https:\/\/ecobiolia.it\/it_it\/prodotto\/spazzola-esfoliante-e-detergente-viso\/","og_locale":"it_IT","og_type":"article","og_title":"Spazzola Esfoliante e Detergente Viso - EcoBiOlia","og_description":"Come pulire correttamente il viso dai residui di trucco e cosmetici, aiutare la tua pelle a rigenerarsi e a farla sembrare fresca? Le cose pi\u00f9 semplici di solito sono le pi\u00f9 efficaci. Potresti avere una di quelle spazzole elettriche per il viso, ma anche una economica in legno con setole potrebbe funzionare. Vantaggi dell'utilizzo di una spazzola per il viso: migliora l'aspetto della pelle riduce l'aspetto dei pori migliora la microcircolazione stimola il sistema linfatico massaggia la pelle e aiuta a migliorare l'aspetto delle rughe La nostra spazzola per il viso \u00e8 morbida e delicata sulla pelle.","og_url":"https:\/\/ecobiolia.it\/it_it\/prodotto\/spazzola-esfoliante-e-detergente-viso\/","og_site_name":"EcoBiOlia","article_modified_time":"2024-02-26T00:00:13+00:00","og_image":[{"width":1024,"height":910,"url":"https:\/\/ecobiolia.it\/wp-content\/uploads\/2022\/08\/5258.jpg","type":"image\/jpeg"}],"twitter_card":"summary_large_image","twitter_misc":{"Tempo di lettura stimato":"2 minuti"},"schema":{"@context":"https:\/\/schema.org","@graph":[{"@type":"WebPage","@id":"https:\/\/ecobiolia.it\/prodotto\/spazzola-esfoliante-e-detergente-viso\/","url":"https:\/\/ecobiolia.it\/prodotto\/spazzola-esfoliante-e-detergente-viso\/","name":"Spazzola Esfoliante e Detergente Viso - EcoBiOlia","isPartOf":{"@id":"https:\/\/ecobiolia.it\/it_it\/#website"},"primaryImageOfPage":{"@id":"https:\/\/ecobiolia.it\/prodotto\/spazzola-esfoliante-e-detergente-viso\/#primaryimage"},"image":{"@id":"https:\/\/ecobiolia.it\/prodotto\/spazzola-esfoliante-e-detergente-viso\/#primaryimage"},"thumbnailUrl":"https:\/\/ecobiolia.it\/wp-content\/uploads\/2022\/08\/5258.jpg","datePublished":"2022-08-22T08:26:32+00:00","dateModified":"2024-02-26T00:00:13+00:00","breadcrumb":{"@id":"https:\/\/ecobiolia.it\/prodotto\/spazzola-esfoliante-e-detergente-viso\/#breadcrumb"},"inLanguage":"it-IT","potentialAction":[{"@type":"ReadAction","target":["https:\/\/ecobiolia.it\/prodotto\/spazzola-esfoliante-e-detergente-viso\/"]}]},{"@type":"ImageObject","inLanguage":"it-IT","@id":"https:\/\/ecobiolia.it\/prodotto\/spazzola-esfoliante-e-detergente-viso\/#primaryimage","url":"https:\/\/ecobiolia.it\/wp-content\/uploads\/2022\/08\/5258.jpg","contentUrl":"https:\/\/ecobiolia.it\/wp-content\/uploads\/2022\/08\/5258.jpg","width":1024,"height":910},{"@type":"BreadcrumbList","@id":"https:\/\/ecobiolia.it\/prodotto\/spazzola-esfoliante-e-detergente-viso\/#breadcrumb","itemListElement":[{"@type":"ListItem","position":1,"name":"Home","item":"https:\/\/ecobiolia.it\/"},{"@type":"ListItem","position":2,"name":"Negozio","item":"https:\/\/ecobiolia.it\/negozio\/"},{"@type":"ListItem","position":3,"name":"Spazzola Esfoliante e Detergente Viso"}]},{"@type":"WebSite","@id":"https:\/\/ecobiolia.it\/it_it\/#website","url":"https:\/\/ecobiolia.it\/it_it\/","name":"EcoBiOlia","description":"Negozio Ecologico per Bambini e Adulti","publisher":{"@id":"https:\/\/ecobiolia.it\/it_it\/#organization"},"potentialAction":[{"@type":"SearchAction","target":{"@type":"EntryPoint","urlTemplate":"https:\/\/ecobiolia.it\/it_it\/?s={search_term_string}"},"query-input":{"@type":"PropertyValueSpecification","valueRequired":true,"valueName":"search_term_string"}}],"inLanguage":"it-IT"},{"@type":"Organization","@id":"https:\/\/ecobiolia.it\/it_it\/#organization","name":"EcoBiOlia","url":"https:\/\/ecobiolia.it\/it_it\/","logo":{"@type":"ImageObject","inLanguage":"it-IT","@id":"https:\/\/ecobiolia.it\/it_it\/#\/schema\/logo\/image\/","url":"https:\/\/ecobiolia.it\/wp-content\/uploads\/2022\/04\/EcoBiOlia-Logo.png","contentUrl":"https:\/\/ecobiolia.it\/wp-content\/uploads\/2022\/04\/EcoBiOlia-Logo.png","width":1772,"height":944,"caption":"EcoBiOlia"},"image":{"@id":"https:\/\/ecobiolia.it\/it_it\/#\/schema\/logo\/image\/"}}]}},"jetpack-related-posts":[{"id":3992,"url":"https:\/\/ecobiolia.it\/it_it\/prodotto\/spazzola-professionale-viso-e-collo-con-setole-naturali\/","url_meta":{"origin":3993,"position":0},"title":"Spazzola Professionale Viso e Collo con Setole Naturali","author":"Olga","date":"22 Agosto 2022","format":false,"excerpt":"Quale dovrebbe essere la spazzola per il viso perfetta? Delicato sulla pelle! Prima di creare questo pennello, abbiamo testato diverse setole. Tuttavia, il tampico (agave), le setole e persino la delicata capra erano troppo affilate per la pelle sottile del viso. Spazzolare non significa graffiare e dolore, ma stimolare la\u2026","rel":"","context":"Articolo simile","block_context":{"text":"Articolo simile","link":""},"img":{"alt_text":"","src":"https:\/\/i0.wp.com\/ecobiolia.it\/wp-content\/uploads\/2022\/08\/6776.jpg?resize=350%2C200&ssl=1","width":350,"height":200,"srcset":"https:\/\/i0.wp.com\/ecobiolia.it\/wp-content\/uploads\/2022\/08\/6776.jpg?resize=350%2C200&ssl=1 1x, https:\/\/i0.wp.com\/ecobiolia.it\/wp-content\/uploads\/2022\/08\/6776.jpg?resize=525%2C300&ssl=1 1.5x, https:\/\/i0.wp.com\/ecobiolia.it\/wp-content\/uploads\/2022\/08\/6776.jpg?resize=700%2C400&ssl=1 2x, https:\/\/i0.wp.com\/ecobiolia.it\/wp-content\/uploads\/2022\/08\/6776.jpg?resize=1050%2C600&ssl=1 3x, https:\/\/i0.wp.com\/ecobiolia.it\/wp-content\/uploads\/2022\/08\/6776.jpg?resize=1400%2C800&ssl=1 4x"},"classes":[]},{"id":4417,"url":"https:\/\/ecobiolia.it\/it_it\/prodotto\/olio-detergente-viso-idrofilo-delicato\/","url_meta":{"origin":3993,"position":1},"title":"Olio Detergente Viso Idrofilo Delicato","author":"Olga","date":"30 Settembre 2022","format":false,"excerpt":"Olio detergente viso idrofilo a base di oli naturali di nocciolo di albicocca, cotone, riso e olio di ricino con l'aggiunta di vitamina E. La composizione include un emulsionante. Grazie a ci\u00f2, l'olio si trasforma in emulsione a contatto con l'acqua e verr\u00e0 lavato via con i resti di trucco\u2026","rel":"","context":"Articolo simile","block_context":{"text":"Articolo simile","link":""},"img":{"alt_text":"","src":"https:\/\/i0.wp.com\/ecobiolia.it\/wp-content\/uploads\/2022\/09\/7672.jpg?resize=350%2C200&ssl=1","width":350,"height":200,"srcset":"https:\/\/i0.wp.com\/ecobiolia.it\/wp-content\/uploads\/2022\/09\/7672.jpg?resize=350%2C200&ssl=1 1x, https:\/\/i0.wp.com\/ecobiolia.it\/wp-content\/uploads\/2022\/09\/7672.jpg?resize=525%2C300&ssl=1 1.5x, https:\/\/i0.wp.com\/ecobiolia.it\/wp-content\/uploads\/2022\/09\/7672.jpg?resize=700%2C400&ssl=1 2x, https:\/\/i0.wp.com\/ecobiolia.it\/wp-content\/uploads\/2022\/09\/7672.jpg?resize=1050%2C600&ssl=1 3x, https:\/\/i0.wp.com\/ecobiolia.it\/wp-content\/uploads\/2022\/09\/7672.jpg?resize=1400%2C800&ssl=1 4x"},"classes":[]},{"id":3995,"url":"https:\/\/ecobiolia.it\/it_it\/prodotto\/spazzola-corpo-per-spazzolatura-a-secco-tampico\/","url_meta":{"origin":3993,"position":2},"title":"Spazzola Corpo per Spazzolatura a Secco &#8211; Tampico","author":"Olga","date":"22 Agosto 2022","format":false,"excerpt":"Massaggia delicatamente ed esfolia la pelle con questa Spazzola Corpo per Spazzolatura a Secco. La pelle risulter\u00e0 pi\u00f9 morbida e levigata al tatto. Spazzola per il corpo Rimuove le cellule morte della pelle Aiuta a stimolare la microcircolazione cutanea Ideale per un'esfoliazione regolare Favorisce inoltre la circolazione sanguigna e stimola\u2026","rel":"","context":"Articolo simile","block_context":{"text":"Articolo simile","link":""},"img":{"alt_text":"","src":"https:\/\/i0.wp.com\/ecobiolia.it\/wp-content\/uploads\/2022\/08\/5255.jpg?resize=350%2C200&ssl=1","width":350,"height":200,"srcset":"https:\/\/i0.wp.com\/ecobiolia.it\/wp-content\/uploads\/2022\/08\/5255.jpg?resize=350%2C200&ssl=1 1x, https:\/\/i0.wp.com\/ecobiolia.it\/wp-content\/uploads\/2022\/08\/5255.jpg?resize=525%2C300&ssl=1 1.5x, https:\/\/i0.wp.com\/ecobiolia.it\/wp-content\/uploads\/2022\/08\/5255.jpg?resize=700%2C400&ssl=1 2x, https:\/\/i0.wp.com\/ecobiolia.it\/wp-content\/uploads\/2022\/08\/5255.jpg?resize=1050%2C600&ssl=1 3x"},"classes":[]},{"id":4915,"url":"https:\/\/ecobiolia.it\/it_it\/prodotto\/spazzola-dura-per-spazzolatura-a-secco-tampico\/","url_meta":{"origin":3993,"position":3},"title":"Spazzola Dura per Spazzolatura a Secco &#8211; Tampico","author":"Olga","date":"1 Marzo 2023","format":false,"excerpt":"Sostituisci i cosmetici chimici e i costosi trattamenti termali con un pennello unico! Realizzato al 100% con piante: struttura in legno di faggio, setole di cactus di agave sono uno strumento completamente naturale per la cura del corpo domestico. Una spazzolatura regolare mantiene la pelle elastica, stimola il sistema immunitario\u2026","rel":"","context":"Articolo simile","block_context":{"text":"Articolo simile","link":""},"img":{"alt_text":"","src":"https:\/\/i0.wp.com\/ecobiolia.it\/wp-content\/uploads\/2023\/03\/5240.jpg?resize=350%2C200&ssl=1","width":350,"height":200,"srcset":"https:\/\/i0.wp.com\/ecobiolia.it\/wp-content\/uploads\/2023\/03\/5240.jpg?resize=350%2C200&ssl=1 1x, https:\/\/i0.wp.com\/ecobiolia.it\/wp-content\/uploads\/2023\/03\/5240.jpg?resize=525%2C300&ssl=1 1.5x, https:\/\/i0.wp.com\/ecobiolia.it\/wp-content\/uploads\/2023\/03\/5240.jpg?resize=700%2C400&ssl=1 2x, https:\/\/i0.wp.com\/ecobiolia.it\/wp-content\/uploads\/2023\/03\/5240.jpg?resize=1050%2C600&ssl=1 3x"},"classes":[]},{"id":5016,"url":"https:\/\/ecobiolia.it\/it_it\/prodotto\/spazzola-cocco-con-manico-per-spazzolatura-a-secco\/","url_meta":{"origin":3993,"position":4},"title":"Spazzola Cocco con Manico per Spazzolatura a Secco","author":"Olga","date":"1 Marzo 2023","format":false,"excerpt":"Spazzola Cocco Dura con manico per Spazzolatura a Secco professionale con fibra di cocco: nitido al tatto, ma delicato sulla struttura della pelle. La fibra qui utilizzata d\u00e0 la sensazione di un forte massaggio, pur essendo cos\u00ec elastica da non esfoliare troppo l'epidermide morta. L'insolita forma a falce rende pi\u00f9\u2026","rel":"","context":"Articolo simile","block_context":{"text":"Articolo simile","link":""},"img":{"alt_text":"","src":"https:\/\/i0.wp.com\/ecobiolia.it\/wp-content\/uploads\/2023\/03\/6830.jpg?resize=350%2C200&ssl=1","width":350,"height":200,"srcset":"https:\/\/i0.wp.com\/ecobiolia.it\/wp-content\/uploads\/2023\/03\/6830.jpg?resize=350%2C200&ssl=1 1x, https:\/\/i0.wp.com\/ecobiolia.it\/wp-content\/uploads\/2023\/03\/6830.jpg?resize=525%2C300&ssl=1 1.5x, https:\/\/i0.wp.com\/ecobiolia.it\/wp-content\/uploads\/2023\/03\/6830.jpg?resize=700%2C400&ssl=1 2x, https:\/\/i0.wp.com\/ecobiolia.it\/wp-content\/uploads\/2023\/03\/6830.jpg?resize=1050%2C600&ssl=1 3x, https:\/\/i0.wp.com\/ecobiolia.it\/wp-content\/uploads\/2023\/03\/6830.jpg?resize=1400%2C800&ssl=1 4x"},"classes":[]},{"id":5607,"url":"https:\/\/ecobiolia.it\/it_it\/prodotto\/spazzola-per-spazzolatura-a-umido-o-a-secco\/","url_meta":{"origin":3993,"position":5},"title":"Spazzola per Spazzolatura a Umido o a Secco","author":"Olga","date":"5 Settembre 2023","format":false,"excerpt":"Edizione speciale di Spazzola per Spazzolatura a Umido o a Secco utilizzabile in acqua. Puoi usare il pennello in due modi: per la spazzolatura a secco e a umido. L\u2019unico sul mercato. La sua lunghezza perfetta permette di esfoliare efficacemente il corpo, aiutando a liberarsi della pelle morta, rilassare le\u2026","rel":"","context":"Articolo simile","block_context":{"text":"Articolo simile","link":""},"img":{"alt_text":"","src":"https:\/\/i0.wp.com\/ecobiolia.it\/wp-content\/uploads\/2023\/09\/5768.jpg?resize=350%2C200&ssl=1","width":350,"height":200,"srcset":"https:\/\/i0.wp.com\/ecobiolia.it\/wp-content\/uploads\/2023\/09\/5768.jpg?resize=350%2C200&ssl=1 1x, https:\/\/i0.wp.com\/ecobiolia.it\/wp-content\/uploads\/2023\/09\/5768.jpg?resize=525%2C300&ssl=1 1.5x, https:\/\/i0.wp.com\/ecobiolia.it\/wp-content\/uploads\/2023\/09\/5768.jpg?resize=700%2C400&ssl=1 2x, https:\/\/i0.wp.com\/ecobiolia.it\/wp-content\/uploads\/2023\/09\/5768.jpg?resize=1050%2C600&ssl=1 3x"},"classes":[]}],"jetpack_sharing_enabled":true,"_links":{"self":[{"href":"https:\/\/ecobiolia.it\/it_it\/wp-json\/wp\/v2\/product\/3993","targetHints":{"allow":["GET"]}}],"collection":[{"href":"https:\/\/ecobiolia.it\/it_it\/wp-json\/wp\/v2\/product"}],"about":[{"href":"https:\/\/ecobiolia.it\/it_it\/wp-json\/wp\/v2\/types\/product"}],"replies":[{"embeddable":true,"href":"https:\/\/ecobiolia.it\/it_it\/wp-json\/wp\/v2\/comments?post=3993"}],"version-history":[{"count":0,"href":"https:\/\/ecobiolia.it\/it_it\/wp-json\/wp\/v2\/product\/3993\/revisions"}],"wp:featuredmedia":[{"embeddable":true,"href":"https:\/\/ecobiolia.it\/it_it\/wp-json\/wp\/v2\/media\/4029"}],"wp:attachment":[{"href":"https:\/\/ecobiolia.it\/it_it\/wp-json\/wp\/v2\/media?parent=3993"}],"wp:term":[{"taxonomy":"product_brand","embeddable":true,"href":"https:\/\/ecobiolia.it\/it_it\/wp-json\/wp\/v2\/product_brand?post=3993"},{"taxonomy":"product_cat","embeddable":true,"href":"https:\/\/ecobiolia.it\/it_it\/wp-json\/wp\/v2\/product_cat?post=3993"},{"taxonomy":"product_tag","embeddable":true,"href":"https:\/\/ecobiolia.it\/it_it\/wp-json\/wp\/v2\/product_tag?post=3993"}],"curies":[{"name":"wp","href":"https:\/\/api.w.org\/{rel}","templated":true}]}}