{"id":3332,"date":"2022-07-16T05:34:27","date_gmt":"2022-07-16T05:34:27","guid":{"rendered":"https:\/\/ecobiolia.it\/?post_type=product&#038;p=3332"},"modified":"2025-08-24T07:08:55","modified_gmt":"2025-08-24T07:08:55","slug":"cuscino-piatto-in-mussola-di-bambu-e-cotone","status":"publish","type":"product","link":"https:\/\/ecobiolia.it\/it_it\/prodotto\/cuscino-piatto-in-mussola-di-bambu-e-cotone\/","title":{"rendered":"Cuscino Piatto in Mussola di Bamb\u00f9 e Cotone"},"content":{"rendered":"<p><em><strong>Cuscino Piatto in Mussola di Bamb\u00f9 <span class=\"VIiyi\" lang=\"it\"><span class=\"JLqJ4b\" data-language-for-alternatives=\"it\" data-language-to-translate-into=\"pl\" data-phrase-index=\"0\" data-number-of-phrases=\"1\"><span class=\"Q4iAWc\">garantisce il comfort e la sicurezza per un bambino<\/span><\/span><\/span><\/strong><\/em><\/p>\n<p><strong>Cuscino Piatto<\/strong>: <span class=\"VIiyi\" lang=\"it\"><span class=\"JLqJ4b\" data-language-for-alternatives=\"it\" data-language-to-translate-into=\"pl\" data-phrase-index=\"0\" data-number-of-phrases=\"1\"><span class=\"Q4iAWc\">Il suo spessore \u00e8 di pochi centimetri che garantisce la sicurezza per un bambino<\/span><\/span><\/span><\/p>\n<p><strong>Mussola<\/strong>: mussola \u00e8 un tessuto con filato molto fine. Questo la rende molto delicata, morbida al tatto, leggera come una piuma, traspirante e di asciugatura rapida.<\/p>\n<p><strong><span class=\"VIiyi\" lang=\"it\"><span class=\"JLqJ4b\" data-language-for-alternatives=\"it\" data-language-to-translate-into=\"pl\" data-phrase-index=\"0\" data-number-of-phrases=\"1\"><span class=\"Q4iAWc\">Oeko-Tex standard 100<\/span><\/span><\/span>:<\/strong> <span class=\"VIiyi\" lang=\"it\"><span class=\"JLqJ4b\" data-language-for-alternatives=\"it\" data-language-to-translate-into=\"pl\" data-phrase-index=\"0\" data-number-of-phrases=\"1\"><span class=\"Q4iAWc\">\u00a0Il tessuto ha il pi\u00f9 alto certificato Oeko-Tex standard 100, che garantisce la sicurezza dell&#8217;utilizzo del prodotto da parte dei bambini. <\/span><\/span><\/span><\/p>\n<p><span class=\"VIiyi\" lang=\"it\"><span class=\"JLqJ4b\" data-language-for-alternatives=\"it\" data-language-to-translate-into=\"pl\" data-phrase-index=\"0\" data-number-of-phrases=\"1\"><span class=\"Q4iAWc\"><strong>Dimensioni: circa 25 x 30 cm:<\/strong> Si adatta perfettamente a una culla, un lettino o un seggiolino per auto. <\/span><\/span><\/span><\/p>\n<p><span class=\"VIiyi\" lang=\"it\"><span class=\"JLqJ4b\" data-language-for-alternatives=\"it\" data-language-to-translate-into=\"pl\" data-phrase-index=\"0\" data-number-of-phrases=\"1\"><span class=\"Q4iAWc\"><strong>60% in viscosa di bamb\u00f9 e al 40% in cotone: <\/strong><\/span><\/span><\/span><span lang=\"it\" xml:lang=\"it\"><span title=\"Podw\u00f3jna g\u0119sto\u015b\u0107 tkania i mi\u0119sisty splot zapewniaj\u0105 niesamowity komfort u\u017cytkowania.\">Il f<\/span><span title=\"Prz\u0119dza bambusowa posiada w\u0142a\u015bciwo\u015bci termoregulacyjne, dzi\u0119ki czemu utrzymuje komfort cieplny, zapobiega przegrzaniu, oddycha i \u015bwietnie odprowadza wilgo\u0107.\">ilato di bamb\u00f9 ha delle propriet\u00e0 di termoregolazione. Mantiene il comfort termico, impedisce il surriscaldamento, \u00e8 traspirante e superassorbente. Bamb\u00f9 assorbe l\u2019umidit\u00e0 meglio del cotone.<\/span><\/span><\/p>\n<p><strong>Riempimento:<\/strong> silicone antiallergico<\/p>\n<p><strong><span class=\"VIiyi\" lang=\"it\"><span class=\"JLqJ4b\" data-language-for-alternatives=\"it\" data-language-to-translate-into=\"pl\" data-phrase-index=\"0\" data-number-of-phrases=\"1\"><span class=\"Q4iAWc\">Prodotto in UE<\/span><\/span><\/span><\/strong><\/p>\n<p><span class=\"VIiyi\" lang=\"it\"><span class=\"JLqJ4b\" data-language-for-alternatives=\"it\" data-language-to-translate-into=\"pl\" data-phrase-index=\"0\" data-number-of-phrases=\"1\"><span class=\"Q4iAWc\">Lavare in lavatrice a 40 gradi Celsius. Scuotere e modellare dopo il lavaggio. Non asciugare in asciugatrice. I tessuti naturali possono staccarsi.\u00a0 I prodotti con imbottitura vanno stirati senza l&#8217;utilizzo del vapore, che, se la temperatura \u00e8 troppo alta, potrebbe sciogliere l&#8217;imbottitura in silicone e appiattire il cuscino. La temperatura massima di pressatura \u00e8 di 100 \u02daC. I colori possono differire da quelli nella foto, a causa delle singole impostazioni del monitor.<\/span><\/span><\/span><\/p>\n<p><strong><span class=\"VIiyi\" lang=\"it\"><span class=\"JLqJ4b\" data-language-for-alternatives=\"it\" data-language-to-translate-into=\"pl\" data-phrase-index=\"0\" data-number-of-phrases=\"1\"><span class=\"Q4iAWc\">\u00a0<\/span><\/span><\/span><\/strong><\/p>\n<p><span class=\"VIiyi\" lang=\"it\"><span class=\"JLqJ4b\" data-language-for-alternatives=\"it\" data-language-to-translate-into=\"pl\" data-phrase-index=\"0\" data-number-of-phrases=\"1\"><span class=\"Q4iAWc\">\u00c8 possibile acquistare una copertina in un modello abbinato.<\/span><\/span><\/span><\/p>\n","protected":false},"excerpt":{"rendered":"<p><span class=\"VIiyi\" lang=\"it\"><span class=\"JLqJ4b\" data-language-for-alternatives=\"it\" data-language-to-translate-into=\"pl\" data-phrase-index=\"0\" data-number-of-phrases=\"1\"><span class=\"Q4iAWc\">Cuscino Piatto in Mussola di Bamb\u00f9 e Cotone con un&#8217;adeguata trapuntatura garantisce il comfort e la sicurezza di un bambino. Il suo spessore \u00e8 di pochi centimetri, e allo stesso tempo \u00e8 estremamente morbido! Il tessuto ha il pi\u00f9 alto certificato Oeko-Tex standard 100, che garantisce la sicurezza dell&#8217;utilizzo del prodotto da parte dei bambini. Riempimento antiallergico. Si adatta perfettamente a una gondola, un lettino o un seggiolino per auto.<br \/>\n<\/span><\/span><\/span><\/p>\n","protected":false},"featured_media":4280,"comment_status":"open","ping_status":"closed","template":"","meta":[],"product_brand":[],"product_cat":[72],"product_tag":[65],"class_list":{"0":"post-3332","1":"product","2":"type-product","3":"status-publish","4":"has-post-thumbnail","6":"product_cat-cuscino-piatto","7":"product_tag-mussola-neonato-in-bamboo-e-cotone","9":"first","10":"instock","11":"taxable","12":"shipping-taxable","13":"purchasable","14":"product-type-variable"},"yoast_head":"<!-- This site is optimized with the Yoast SEO plugin v27.3 - https:\/\/yoast.com\/product\/yoast-seo-wordpress\/ -->\n<title>Cuscino Piatto in Mussola di Bamb\u00f9 e Cotone - EcoBiOlia<\/title>\n<meta name=\"description\" content=\"Cuscino Piatto in Mussola di Bamb\u00f9 e Cotone con un&#039;adeguata trapuntatura garantisce il comfort e la sicurezza di un bambino.\" \/>\n<meta name=\"robots\" content=\"index, follow, max-snippet:-1, max-image-preview:large, max-video-preview:-1\" \/>\n<link rel=\"canonical\" href=\"https:\/\/ecobiolia.it\/it_it\/prodotto\/cuscino-piatto-in-mussola-di-bambu-e-cotone\/\" \/>\n<meta property=\"og:locale\" content=\"it_IT\" \/>\n<meta property=\"og:type\" content=\"article\" \/>\n<meta property=\"og:title\" content=\"Cuscino Piatto in Mussola di Bamb\u00f9 e Cotone - EcoBiOlia\" \/>\n<meta property=\"og:description\" content=\"Cuscino Piatto in Mussola di Bamb\u00f9 e Cotone con un&#039;adeguata trapuntatura garantisce il comfort e la sicurezza di un bambino.\" \/>\n<meta property=\"og:url\" content=\"https:\/\/ecobiolia.it\/it_it\/prodotto\/cuscino-piatto-in-mussola-di-bambu-e-cotone\/\" \/>\n<meta property=\"og:site_name\" content=\"EcoBiOlia\" \/>\n<meta property=\"article:modified_time\" content=\"2025-08-24T07:08:55+00:00\" \/>\n<meta property=\"og:image\" content=\"https:\/\/ecobiolia.it\/wp-content\/uploads\/2022\/08\/8494.jpg\" \/>\n\t<meta property=\"og:image:width\" content=\"1200\" \/>\n\t<meta property=\"og:image:height\" content=\"1067\" \/>\n\t<meta property=\"og:image:type\" content=\"image\/jpeg\" \/>\n<meta name=\"twitter:card\" content=\"summary_large_image\" \/>\n<meta name=\"twitter:label1\" content=\"Tempo di lettura stimato\" \/>\n\t<meta name=\"twitter:data1\" content=\"2 minuti\" \/>\n<script type=\"application\/ld+json\" class=\"yoast-schema-graph\">{\"@context\":\"https:\\\/\\\/schema.org\",\"@graph\":[{\"@type\":\"WebPage\",\"@id\":\"https:\\\/\\\/ecobiolia.it\\\/prodotto\\\/cuscino-piatto-in-mussola-di-bambu-e-cotone\\\/\",\"url\":\"https:\\\/\\\/ecobiolia.it\\\/prodotto\\\/cuscino-piatto-in-mussola-di-bambu-e-cotone\\\/\",\"name\":\"Cuscino Piatto in Mussola di Bamb\u00f9 e Cotone - EcoBiOlia\",\"isPartOf\":{\"@id\":\"https:\\\/\\\/ecobiolia.it\\\/it_it\\\/#website\"},\"primaryImageOfPage\":{\"@id\":\"https:\\\/\\\/ecobiolia.it\\\/prodotto\\\/cuscino-piatto-in-mussola-di-bambu-e-cotone\\\/#primaryimage\"},\"image\":{\"@id\":\"https:\\\/\\\/ecobiolia.it\\\/prodotto\\\/cuscino-piatto-in-mussola-di-bambu-e-cotone\\\/#primaryimage\"},\"thumbnailUrl\":\"https:\\\/\\\/ecobiolia.it\\\/wp-content\\\/uploads\\\/2022\\\/08\\\/8494.jpg\",\"datePublished\":\"2022-07-16T05:34:27+00:00\",\"dateModified\":\"2025-08-24T07:08:55+00:00\",\"description\":\"Cuscino Piatto in Mussola di Bamb\u00f9 e Cotone con un'adeguata trapuntatura garantisce il comfort e la sicurezza di un bambino.\",\"breadcrumb\":{\"@id\":\"https:\\\/\\\/ecobiolia.it\\\/prodotto\\\/cuscino-piatto-in-mussola-di-bambu-e-cotone\\\/#breadcrumb\"},\"inLanguage\":\"it-IT\",\"potentialAction\":[{\"@type\":\"ReadAction\",\"target\":[\"https:\\\/\\\/ecobiolia.it\\\/prodotto\\\/cuscino-piatto-in-mussola-di-bambu-e-cotone\\\/\"]}]},{\"@type\":\"ImageObject\",\"inLanguage\":\"it-IT\",\"@id\":\"https:\\\/\\\/ecobiolia.it\\\/prodotto\\\/cuscino-piatto-in-mussola-di-bambu-e-cotone\\\/#primaryimage\",\"url\":\"https:\\\/\\\/ecobiolia.it\\\/wp-content\\\/uploads\\\/2022\\\/08\\\/8494.jpg\",\"contentUrl\":\"https:\\\/\\\/ecobiolia.it\\\/wp-content\\\/uploads\\\/2022\\\/08\\\/8494.jpg\",\"width\":1200,\"height\":1067},{\"@type\":\"BreadcrumbList\",\"@id\":\"https:\\\/\\\/ecobiolia.it\\\/prodotto\\\/cuscino-piatto-in-mussola-di-bambu-e-cotone\\\/#breadcrumb\",\"itemListElement\":[{\"@type\":\"ListItem\",\"position\":1,\"name\":\"Home\",\"item\":\"https:\\\/\\\/ecobiolia.it\\\/\"},{\"@type\":\"ListItem\",\"position\":2,\"name\":\"Negozio\",\"item\":\"https:\\\/\\\/ecobiolia.it\\\/negozio\\\/\"},{\"@type\":\"ListItem\",\"position\":3,\"name\":\"Cuscino Piatto in Mussola di Bamb\u00f9 e Cotone\"}]},{\"@type\":\"WebSite\",\"@id\":\"https:\\\/\\\/ecobiolia.it\\\/it_it\\\/#website\",\"url\":\"https:\\\/\\\/ecobiolia.it\\\/it_it\\\/\",\"name\":\"EcoBiOlia\",\"description\":\"Negozio Ecologico per Bambini e Adulti\",\"publisher\":{\"@id\":\"https:\\\/\\\/ecobiolia.it\\\/it_it\\\/#organization\"},\"potentialAction\":[{\"@type\":\"SearchAction\",\"target\":{\"@type\":\"EntryPoint\",\"urlTemplate\":\"https:\\\/\\\/ecobiolia.it\\\/it_it\\\/?s={search_term_string}\"},\"query-input\":{\"@type\":\"PropertyValueSpecification\",\"valueRequired\":true,\"valueName\":\"search_term_string\"}}],\"inLanguage\":\"it-IT\"},{\"@type\":\"Organization\",\"@id\":\"https:\\\/\\\/ecobiolia.it\\\/it_it\\\/#organization\",\"name\":\"EcoBiOlia\",\"url\":\"https:\\\/\\\/ecobiolia.it\\\/it_it\\\/\",\"logo\":{\"@type\":\"ImageObject\",\"inLanguage\":\"it-IT\",\"@id\":\"https:\\\/\\\/ecobiolia.it\\\/it_it\\\/#\\\/schema\\\/logo\\\/image\\\/\",\"url\":\"https:\\\/\\\/ecobiolia.it\\\/wp-content\\\/uploads\\\/2022\\\/04\\\/EcoBiOlia-Logo.png\",\"contentUrl\":\"https:\\\/\\\/ecobiolia.it\\\/wp-content\\\/uploads\\\/2022\\\/04\\\/EcoBiOlia-Logo.png\",\"width\":1772,\"height\":944,\"caption\":\"EcoBiOlia\"},\"image\":{\"@id\":\"https:\\\/\\\/ecobiolia.it\\\/it_it\\\/#\\\/schema\\\/logo\\\/image\\\/\"}}]}<\/script>\n<!-- \/ Yoast SEO plugin. -->","yoast_head_json":{"title":"Cuscino Piatto in Mussola di Bamb\u00f9 e Cotone - EcoBiOlia","description":"Cuscino Piatto in Mussola di Bamb\u00f9 e Cotone con un'adeguata trapuntatura garantisce il comfort e la sicurezza di un bambino.","robots":{"index":"index","follow":"follow","max-snippet":"max-snippet:-1","max-image-preview":"max-image-preview:large","max-video-preview":"max-video-preview:-1"},"canonical":"https:\/\/ecobiolia.it\/it_it\/prodotto\/cuscino-piatto-in-mussola-di-bambu-e-cotone\/","og_locale":"it_IT","og_type":"article","og_title":"Cuscino Piatto in Mussola di Bamb\u00f9 e Cotone - EcoBiOlia","og_description":"Cuscino Piatto in Mussola di Bamb\u00f9 e Cotone con un'adeguata trapuntatura garantisce il comfort e la sicurezza di un bambino.","og_url":"https:\/\/ecobiolia.it\/it_it\/prodotto\/cuscino-piatto-in-mussola-di-bambu-e-cotone\/","og_site_name":"EcoBiOlia","article_modified_time":"2025-08-24T07:08:55+00:00","og_image":[{"width":1200,"height":1067,"url":"https:\/\/ecobiolia.it\/wp-content\/uploads\/2022\/08\/8494.jpg","type":"image\/jpeg"}],"twitter_card":"summary_large_image","twitter_misc":{"Tempo di lettura stimato":"2 minuti"},"schema":{"@context":"https:\/\/schema.org","@graph":[{"@type":"WebPage","@id":"https:\/\/ecobiolia.it\/prodotto\/cuscino-piatto-in-mussola-di-bambu-e-cotone\/","url":"https:\/\/ecobiolia.it\/prodotto\/cuscino-piatto-in-mussola-di-bambu-e-cotone\/","name":"Cuscino Piatto in Mussola di Bamb\u00f9 e Cotone - EcoBiOlia","isPartOf":{"@id":"https:\/\/ecobiolia.it\/it_it\/#website"},"primaryImageOfPage":{"@id":"https:\/\/ecobiolia.it\/prodotto\/cuscino-piatto-in-mussola-di-bambu-e-cotone\/#primaryimage"},"image":{"@id":"https:\/\/ecobiolia.it\/prodotto\/cuscino-piatto-in-mussola-di-bambu-e-cotone\/#primaryimage"},"thumbnailUrl":"https:\/\/ecobiolia.it\/wp-content\/uploads\/2022\/08\/8494.jpg","datePublished":"2022-07-16T05:34:27+00:00","dateModified":"2025-08-24T07:08:55+00:00","description":"Cuscino Piatto in Mussola di Bamb\u00f9 e Cotone con un'adeguata trapuntatura garantisce il comfort e la sicurezza di un bambino.","breadcrumb":{"@id":"https:\/\/ecobiolia.it\/prodotto\/cuscino-piatto-in-mussola-di-bambu-e-cotone\/#breadcrumb"},"inLanguage":"it-IT","potentialAction":[{"@type":"ReadAction","target":["https:\/\/ecobiolia.it\/prodotto\/cuscino-piatto-in-mussola-di-bambu-e-cotone\/"]}]},{"@type":"ImageObject","inLanguage":"it-IT","@id":"https:\/\/ecobiolia.it\/prodotto\/cuscino-piatto-in-mussola-di-bambu-e-cotone\/#primaryimage","url":"https:\/\/ecobiolia.it\/wp-content\/uploads\/2022\/08\/8494.jpg","contentUrl":"https:\/\/ecobiolia.it\/wp-content\/uploads\/2022\/08\/8494.jpg","width":1200,"height":1067},{"@type":"BreadcrumbList","@id":"https:\/\/ecobiolia.it\/prodotto\/cuscino-piatto-in-mussola-di-bambu-e-cotone\/#breadcrumb","itemListElement":[{"@type":"ListItem","position":1,"name":"Home","item":"https:\/\/ecobiolia.it\/"},{"@type":"ListItem","position":2,"name":"Negozio","item":"https:\/\/ecobiolia.it\/negozio\/"},{"@type":"ListItem","position":3,"name":"Cuscino Piatto in Mussola di Bamb\u00f9 e Cotone"}]},{"@type":"WebSite","@id":"https:\/\/ecobiolia.it\/it_it\/#website","url":"https:\/\/ecobiolia.it\/it_it\/","name":"EcoBiOlia","description":"Negozio Ecologico per Bambini e Adulti","publisher":{"@id":"https:\/\/ecobiolia.it\/it_it\/#organization"},"potentialAction":[{"@type":"SearchAction","target":{"@type":"EntryPoint","urlTemplate":"https:\/\/ecobiolia.it\/it_it\/?s={search_term_string}"},"query-input":{"@type":"PropertyValueSpecification","valueRequired":true,"valueName":"search_term_string"}}],"inLanguage":"it-IT"},{"@type":"Organization","@id":"https:\/\/ecobiolia.it\/it_it\/#organization","name":"EcoBiOlia","url":"https:\/\/ecobiolia.it\/it_it\/","logo":{"@type":"ImageObject","inLanguage":"it-IT","@id":"https:\/\/ecobiolia.it\/it_it\/#\/schema\/logo\/image\/","url":"https:\/\/ecobiolia.it\/wp-content\/uploads\/2022\/04\/EcoBiOlia-Logo.png","contentUrl":"https:\/\/ecobiolia.it\/wp-content\/uploads\/2022\/04\/EcoBiOlia-Logo.png","width":1772,"height":944,"caption":"EcoBiOlia"},"image":{"@id":"https:\/\/ecobiolia.it\/it_it\/#\/schema\/logo\/image\/"}}]}},"jetpack-related-posts":[{"id":3181,"url":"https:\/\/ecobiolia.it\/it_it\/prodotto\/mussola-piccola-per-bambino-in-bambu-e-cotone-40x40-cm\/","url_meta":{"origin":3332,"position":0},"title":"Mussola Piccola per Bambino in Bamb\u00f9 e Cotone 40&#215;40 cm","author":"Olga","date":"14 Luglio 2022","format":false,"excerpt":"Pratica Mussola Piccola per Bambino in Bamb\u00f9 e Cotone\u00a0per il massimo comfort durante l'allattamento, il rutto, il lavaggio o il sonno del bambino. Il materiale \u00e8 estremamente delicato e arioso. Perfetto per l'estate come ! La mussola pu\u00f2 essere utilizzata come: - salviette per neonati - foulard o cerchietti durante\u2026","rel":"","context":"Articolo simile","block_context":{"text":"Articolo simile","link":""},"img":{"alt_text":"","src":"https:\/\/i0.wp.com\/ecobiolia.it\/wp-content\/uploads\/2022\/08\/8491.jpg?resize=350%2C200&ssl=1","width":350,"height":200,"srcset":"https:\/\/i0.wp.com\/ecobiolia.it\/wp-content\/uploads\/2022\/08\/8491.jpg?resize=350%2C200&ssl=1 1x, https:\/\/i0.wp.com\/ecobiolia.it\/wp-content\/uploads\/2022\/08\/8491.jpg?resize=525%2C300&ssl=1 1.5x, https:\/\/i0.wp.com\/ecobiolia.it\/wp-content\/uploads\/2022\/08\/8491.jpg?resize=700%2C400&ssl=1 2x, https:\/\/i0.wp.com\/ecobiolia.it\/wp-content\/uploads\/2022\/08\/8491.jpg?resize=1050%2C600&ssl=1 3x"},"classes":[]},{"id":3015,"url":"https:\/\/ecobiolia.it\/it_it\/prodotto\/telo-coperta-in-mussola-di-bambu-e-cotone-150x200-cm\/","url_meta":{"origin":3332,"position":1},"title":"Telo, Coperta in Mussola di Bamb\u00f9 e Cotone 150&#215;200 cm","author":"Olga","date":"12 Luglio 2022","format":false,"excerpt":"Telo, Coperta in Mussola di Bamboo e Cotone 140x200 cm \u00e8 estremamente morbida, traspirante, perfetta per coprire, fasciare, asciugare, proteggere dal sole e dagli insetti, come lenzuolino sotto, base per il fasciatoio o passeggino, protezione spalla per rigurgiti, durante allattamento, per avvolgere dopo il bagnetto. La misura grande permette di\u2026","rel":"","context":"Articolo simile","block_context":{"text":"Articolo simile","link":""},"img":{"alt_text":"","src":"https:\/\/i0.wp.com\/ecobiolia.it\/wp-content\/uploads\/2022\/07\/8511.jpg?resize=350%2C200&ssl=1","width":350,"height":200,"srcset":"https:\/\/i0.wp.com\/ecobiolia.it\/wp-content\/uploads\/2022\/07\/8511.jpg?resize=350%2C200&ssl=1 1x, https:\/\/i0.wp.com\/ecobiolia.it\/wp-content\/uploads\/2022\/07\/8511.jpg?resize=525%2C300&ssl=1 1.5x, https:\/\/i0.wp.com\/ecobiolia.it\/wp-content\/uploads\/2022\/07\/8511.jpg?resize=700%2C400&ssl=1 2x, https:\/\/i0.wp.com\/ecobiolia.it\/wp-content\/uploads\/2022\/07\/8511.jpg?resize=1050%2C600&ssl=1 3x"},"classes":[]},{"id":6236,"url":"https:\/\/ecobiolia.it\/it_it\/prodotto\/spazzola-per-crosta-lattea-e-cappelli-con-mussola\/","url_meta":{"origin":3332,"position":2},"title":"Spazzola per Crosta Lattea e Cappelli con Mussola","author":"Olga","date":"22 Settembre 2024","format":false,"excerpt":"Spazzola per bambini e neonati in setole naturali con manico in legno in set con pratica mussola di bamb\u00f9. Una spazzola di piccole dimensioni con setole naturali con un grado di durezza ideale adatto alla pelle dei bambini. Pettina e massaggia perfettamente il cuoio capelluto, aiutando con la crosta lattea.\u2026","rel":"","context":"Articolo simile","block_context":{"text":"Articolo simile","link":""},"img":{"alt_text":"","src":"https:\/\/i0.wp.com\/ecobiolia.it\/wp-content\/uploads\/2022\/06\/Spazzola-di-capra.jpg?resize=350%2C200&ssl=1","width":350,"height":200,"srcset":"https:\/\/i0.wp.com\/ecobiolia.it\/wp-content\/uploads\/2022\/06\/Spazzola-di-capra.jpg?resize=350%2C200&ssl=1 1x, https:\/\/i0.wp.com\/ecobiolia.it\/wp-content\/uploads\/2022\/06\/Spazzola-di-capra.jpg?resize=525%2C300&ssl=1 1.5x, https:\/\/i0.wp.com\/ecobiolia.it\/wp-content\/uploads\/2022\/06\/Spazzola-di-capra.jpg?resize=700%2C400&ssl=1 2x, https:\/\/i0.wp.com\/ecobiolia.it\/wp-content\/uploads\/2022\/06\/Spazzola-di-capra.jpg?resize=1050%2C600&ssl=1 3x, https:\/\/i0.wp.com\/ecobiolia.it\/wp-content\/uploads\/2022\/06\/Spazzola-di-capra.jpg?resize=1400%2C800&ssl=1 4x"},"classes":[]},{"id":4813,"url":"https:\/\/ecobiolia.it\/it_it\/prodotto\/coperta-neonato-in-bambu-e-cotone-popcorn\/","url_meta":{"origin":3332,"position":3},"title":"Coperta Neonato in Bamb\u00f9 e Cotone Popcorn","author":"Olga","date":"1 Marzo 2023","format":false,"excerpt":"Una coperta per tutto l'anno in stile scandinavo, realizzata in filato di bamb\u00f9 con l'aggiunta di cotone. La doppia densit\u00e0 di maglia e la trama unica garantiscono un incredibile comfort di utilizzo. Il filato di bamb\u00f9 ha propriet\u00e0 termoregolatrici, grazie alle quali mantiene il comfort termico, previene il surriscaldamento, respira\u2026","rel":"","context":"Articolo simile","block_context":{"text":"Articolo simile","link":""},"img":{"alt_text":"","src":"https:\/\/i0.wp.com\/ecobiolia.it\/wp-content\/uploads\/2023\/03\/14391.jpg?resize=350%2C200&ssl=1","width":350,"height":200,"srcset":"https:\/\/i0.wp.com\/ecobiolia.it\/wp-content\/uploads\/2023\/03\/14391.jpg?resize=350%2C200&ssl=1 1x, https:\/\/i0.wp.com\/ecobiolia.it\/wp-content\/uploads\/2023\/03\/14391.jpg?resize=525%2C300&ssl=1 1.5x, https:\/\/i0.wp.com\/ecobiolia.it\/wp-content\/uploads\/2023\/03\/14391.jpg?resize=700%2C400&ssl=1 2x, https:\/\/i0.wp.com\/ecobiolia.it\/wp-content\/uploads\/2023\/03\/14391.jpg?resize=1050%2C600&ssl=1 3x, https:\/\/i0.wp.com\/ecobiolia.it\/wp-content\/uploads\/2023\/03\/14391.jpg?resize=1400%2C800&ssl=1 4x"},"classes":[]},{"id":5439,"url":"https:\/\/ecobiolia.it\/it_it\/prodotto\/poncho-per-bambino-in-bambu-con-cappuccio\/","url_meta":{"origin":3332,"position":4},"title":"Poncho per Bambino in Bamb\u00f9 con Cappuccio","author":"Olga","date":"29 Maggio 2023","format":false,"excerpt":"Poncho deliziosamente morbido per bambino da 1 a 4 anni in bamb\u00f9 naturale con cappuccio divertente. Ideale per la cura quotidiana del bambino, cos\u00ec come per i viaggi, in piscina o al mare. Comodo cappuccio, grandi dimensioni e orecchie dolci sono indubbi vantaggi del prodotto. Le orecchie carine aggiungono fascino.\u2026","rel":"","context":"Articolo simile","block_context":{"text":"Articolo simile","link":""},"img":{"alt_text":"","src":"https:\/\/i0.wp.com\/ecobiolia.it\/wp-content\/uploads\/2023\/05\/Poncio-bambino-in-bambu.png?resize=350%2C200&ssl=1","width":350,"height":200,"srcset":"https:\/\/i0.wp.com\/ecobiolia.it\/wp-content\/uploads\/2023\/05\/Poncio-bambino-in-bambu.png?resize=350%2C200&ssl=1 1x, https:\/\/i0.wp.com\/ecobiolia.it\/wp-content\/uploads\/2023\/05\/Poncio-bambino-in-bambu.png?resize=525%2C300&ssl=1 1.5x, https:\/\/i0.wp.com\/ecobiolia.it\/wp-content\/uploads\/2023\/05\/Poncio-bambino-in-bambu.png?resize=700%2C400&ssl=1 2x"},"classes":[]},{"id":4059,"url":"https:\/\/ecobiolia.it\/it_it\/prodotto\/asciugamano-bambino-in-bambu-con-cappuccio-grigio\/","url_meta":{"origin":3332,"position":5},"title":"Asciugamano Bambino in Bamb\u00f9 con Cappuccio &#8211; Grigio","author":"Olga","date":"22 Agosto 2022","format":false,"excerpt":"Un asciugamano deliziosamente morbido per bambino in bamb\u00f9 naturale con cappuccio divertente. Ideale per la cura quotidiana del bambino, cos\u00ec come per i viaggi, in piscina o al mare. Comodo cappuccio, grandi dimensioni e orecchie dolci sono indubbi vantaggi del prodotto. Le orecchie carine aggiungono fascino. La fibra di bamb\u00f9\u2026","rel":"","context":"Articolo simile","block_context":{"text":"Articolo simile","link":""},"img":{"alt_text":"","src":"https:\/\/i0.wp.com\/ecobiolia.it\/wp-content\/uploads\/2022\/08\/175.png?resize=350%2C200&ssl=1","width":350,"height":200,"srcset":"https:\/\/i0.wp.com\/ecobiolia.it\/wp-content\/uploads\/2022\/08\/175.png?resize=350%2C200&ssl=1 1x, https:\/\/i0.wp.com\/ecobiolia.it\/wp-content\/uploads\/2022\/08\/175.png?resize=525%2C300&ssl=1 1.5x, https:\/\/i0.wp.com\/ecobiolia.it\/wp-content\/uploads\/2022\/08\/175.png?resize=700%2C400&ssl=1 2x, https:\/\/i0.wp.com\/ecobiolia.it\/wp-content\/uploads\/2022\/08\/175.png?resize=1050%2C600&ssl=1 3x"},"classes":[]}],"jetpack_sharing_enabled":true,"_links":{"self":[{"href":"https:\/\/ecobiolia.it\/it_it\/wp-json\/wp\/v2\/product\/3332","targetHints":{"allow":["GET"]}}],"collection":[{"href":"https:\/\/ecobiolia.it\/it_it\/wp-json\/wp\/v2\/product"}],"about":[{"href":"https:\/\/ecobiolia.it\/it_it\/wp-json\/wp\/v2\/types\/product"}],"replies":[{"embeddable":true,"href":"https:\/\/ecobiolia.it\/it_it\/wp-json\/wp\/v2\/comments?post=3332"}],"version-history":[{"count":2,"href":"https:\/\/ecobiolia.it\/it_it\/wp-json\/wp\/v2\/product\/3332\/revisions"}],"predecessor-version":[{"id":6468,"href":"https:\/\/ecobiolia.it\/it_it\/wp-json\/wp\/v2\/product\/3332\/revisions\/6468"}],"wp:featuredmedia":[{"embeddable":true,"href":"https:\/\/ecobiolia.it\/it_it\/wp-json\/wp\/v2\/media\/4280"}],"wp:attachment":[{"href":"https:\/\/ecobiolia.it\/it_it\/wp-json\/wp\/v2\/media?parent=3332"}],"wp:term":[{"taxonomy":"product_brand","embeddable":true,"href":"https:\/\/ecobiolia.it\/it_it\/wp-json\/wp\/v2\/product_brand?post=3332"},{"taxonomy":"product_cat","embeddable":true,"href":"https:\/\/ecobiolia.it\/it_it\/wp-json\/wp\/v2\/product_cat?post=3332"},{"taxonomy":"product_tag","embeddable":true,"href":"https:\/\/ecobiolia.it\/it_it\/wp-json\/wp\/v2\/product_tag?post=3332"}],"curies":[{"name":"wp","href":"https:\/\/api.w.org\/{rel}","templated":true}]}}