{"id":2731,"date":"2022-07-02T05:20:10","date_gmt":"2022-07-02T05:20:10","guid":{"rendered":"https:\/\/ecobiolia.it\/?post_type=product&#038;p=2731"},"modified":"2025-12-13T16:53:12","modified_gmt":"2025-12-13T16:53:12","slug":"coperta-avvolgente-in-lana-merino-premium-farfalla","status":"publish","type":"product","link":"https:\/\/ecobiolia.it\/it_it\/prodotto\/coperta-avvolgente-in-lana-merino-premium-farfalla\/","title":{"rendered":"Coperta Avvolgente in Lana Merino Premium Farfalla"},"content":{"rendered":"<p>Coperta Avvolgente in Lana Merino Premium Farfalla \u00e8 leggera ed elastica, ideale per avvolgere il tuo bambino in qualsiasi momento dell&#8217;anno.<\/p>\n<p>La lana merino non morde. La sua fibra \u00e8 molto pi\u00f9 sottile della lana normale. \u00c8 anche molto primaverile. A contatto con la pelle, le fibre non si attaccano, ma si piegano. Squame autopulenti sulla superficie delle fibre lo rendono antibatterico e inodore. Inoltre non si sporca velocemente come le altre fibre.<br \/>\n\u00c8 delicata e consigliata anche per le pelli pi\u00f9 sensibili.<br \/>\n\u00c8 antiallergica.<br \/>\nFornisce comfort termico anche in condizioni molto difficili.<br \/>\nHa una protezione naturale contro lo sporco: raramente lavi la coperta.<br \/>\nAssorbe l&#8217;umidit\u00e0 e la trasporta all&#8217;esterno.<br \/>\n\u00c8 elettrostatica.<br \/>\nNonostante la trama fitta, la coperta \u00e8 traspirante.<\/p>\n<p>Ricorda anche questo:<\/p>\n<p>Ignifugo &#8211; Le fibre Merino non si sciolgono. \u00c8 un materiale poco infiammabile e sicuro. Se viene a contatto con il fuoco, non si scioglier\u00e0 e non si attaccher\u00e0 alla pelle.<\/p>\n<p>Filtro UV naturale: fornisce protezione solare.<\/p>\n<p>Lavaggio:<\/p>\n<p>La lana Merino non richiede lavaggi frequenti poich\u00e9 si pulisce naturalmente da sola. Inoltre non assorbe gli odori. LAVARE ESCLUSIVAMENTE A MANO in acqua fredda o tiepida, con il detergente\u00a0di buona qualit\u00e0 (es. Perlana). Asciugare in orizzontale (non su una fonte di calore diretta come un radiatore).\u00a0Una volta all&#8217;anno puoi usare il detergente contenente la lanolina.<\/p>\n<p>La lana merino \u00e8 il materiale naturale\u00a0e quindi \u00e8\u00a0possibile che si verifichi il &#8220;peeling&#8221;. Per pilling si intende la comparsa di peluria e piccole palline (pills) di fibra che si formano con l&#8217;uso del prodotto. Per rimuoverlo usa il\u00a0rasoio da maglione. La pelatura non influisce sulle propriet\u00e0 della coperta o sullo spessore del filato, di solito si verifica solo all&#8217;inizio dell&#8217;uso.<\/p>\n<p>Composizione: 100% lana merino extra fine certificata The Woolmark Company.<\/p>\n<p>Dimensioni: circa 90 x 100 cm. La taglia \u00e8 approssimativa a seconda della disposizione della coperta, il tessuto a maglia \u00e8 elastico\u00a0e la taglia pu\u00f2 differire\u00a0dallo standard +\/- 5%.<\/p>\n","protected":false},"excerpt":{"rendered":"<p>Coperta Avvolgente in Lana Merino Premium Farfalla \u00e8 incredibilmente leggera ed elastica, ideale per avvolgere il tuo bambino in qualsiasi momento dell&#8217;anno. Bellissimo intreccio di minuscole ali di farfalla. Grazie alle propriet\u00e0 termoregolatrici della lana, sar\u00e0 perfetta durante l&#8217;estate calda e l&#8217;autunno freddo. La lana merino non morde n\u00e9 gratta. \u00c8 considerata una delle materie prime premium pi\u00f9 perfette. La coperta colpisce per la sua elasticit\u00e0. \u00c8 prodotta in Europa dalla lana di pecore della Nuova Zelanda che vivono nelle condizioni estremamente difficili. Questo tipo di filato viene utilizzato per realizzare l&#8217;intimo termico per l&#8217;alpinismo, perch\u00e9 tiene al caldo anche quando \u00e8 bagnato. Assorbe perfettamente l&#8217;umidit\u00e0 e fornisce calore anche in condizioni molto difficili.<\/p>\n<p>Migliora la qualit\u00e0 del sonno e del riposo. \u00c8 un filato al 100% naturale di pecore che vivono in libert\u00e0\u00a0in un ambiente perfetto. Le pecore vengono rasate e la lana viene pulita in modo naturale. Grazie al filato naturale e alla trama larga, \u00e8 sicuro per i bambini piccoli.<\/p>\n<p>La lana reagisce all&#8217;ambiente circostante e alla temperatura. Le fibre si espandono quando sono esposte al calore e si contraggono quando sono fredde. Grazie a questo, l&#8217;isolamento termico \u00e8 perfetto. \u00c8 calda d&#8217;inverno e piacevole d&#8217;estate. Questa coperta sar\u00e0 perfetta anche nel difficile periodo di gelo e vento forte.<\/p>\n<p>Il filato ha il certificato originale di origine e produzione di The Woolmark Company. Ci\u00f2 conferma la sua massima qualit\u00e0. Assicurati di controllare tutte le analisi e le ricerche di questo produttore di filati. La lana \u00e8 inoltre certificata Oeko-tex 100 Standard classe 1.<\/p>\n<p>&nbsp;<\/p>\n<p>&nbsp;<\/p>\n","protected":false},"featured_media":2740,"comment_status":"open","ping_status":"closed","template":"","meta":[],"product_brand":[],"product_cat":[96,101,82,48,330,81],"product_tag":[63],"class_list":{"0":"post-2731","1":"product","2":"type-product","3":"status-publish","4":"has-post-thumbnail","6":"product_cat-coperta-in-lana-merino","7":"product_cat-coperta-leggera-in-lana-merino","8":"product_cat-coperte","9":"product_cat-copertine-neonato","10":"product_cat-lana-merino-premium","11":"product_cat-nanna","12":"product_tag-lullalovecopertinanuvola","14":"first","15":"instock","16":"taxable","17":"shipping-taxable","18":"purchasable","19":"product-type-variable"},"yoast_head":"<!-- This site is optimized with the Yoast SEO plugin v27.3 - https:\/\/yoast.com\/product\/yoast-seo-wordpress\/ -->\n<title>Coperta Avvolgente in Lana Merino Premium Farfalla - EcoBiOlia<\/title>\n<meta name=\"description\" content=\"Coperta Avvolgente in Lana Merino \u00e8 incredibilmente leggera ed elastica, ideale per avvolgere il tuo bambino in qualsiasi momento dell&#039;anno.\" \/>\n<meta name=\"robots\" content=\"index, follow, max-snippet:-1, max-image-preview:large, max-video-preview:-1\" \/>\n<link rel=\"canonical\" href=\"https:\/\/ecobiolia.it\/it_it\/prodotto\/coperta-avvolgente-in-lana-merino-premium-farfalla\/\" \/>\n<meta property=\"og:locale\" content=\"it_IT\" \/>\n<meta property=\"og:type\" content=\"article\" \/>\n<meta property=\"og:title\" content=\"Coperta Avvolgente in Lana Merino Premium Farfalla - EcoBiOlia\" \/>\n<meta property=\"og:description\" content=\"Coperta Avvolgente in Lana Merino \u00e8 incredibilmente leggera ed elastica, ideale per avvolgere il tuo bambino in qualsiasi momento dell&#039;anno.\" \/>\n<meta property=\"og:url\" content=\"https:\/\/ecobiolia.it\/it_it\/prodotto\/coperta-avvolgente-in-lana-merino-premium-farfalla\/\" \/>\n<meta property=\"og:site_name\" content=\"EcoBiOlia\" \/>\n<meta property=\"article:modified_time\" content=\"2025-12-13T16:53:12+00:00\" \/>\n<meta property=\"og:image\" content=\"https:\/\/ecobiolia.it\/wp-content\/uploads\/2022\/07\/Lana-Beige-1.jpg\" \/>\n\t<meta property=\"og:image:width\" content=\"1622\" \/>\n\t<meta property=\"og:image:height\" content=\"1082\" \/>\n\t<meta property=\"og:image:type\" content=\"image\/jpeg\" \/>\n<meta name=\"twitter:card\" content=\"summary_large_image\" \/>\n<meta name=\"twitter:label1\" content=\"Tempo di lettura stimato\" \/>\n\t<meta name=\"twitter:data1\" content=\"2 minuti\" \/>\n<script type=\"application\/ld+json\" class=\"yoast-schema-graph\">{\"@context\":\"https:\\\/\\\/schema.org\",\"@graph\":[{\"@type\":\"WebPage\",\"@id\":\"https:\\\/\\\/ecobiolia.it\\\/prodotto\\\/coperta-avvolgente-in-lana-merino-premium-farfalla\\\/\",\"url\":\"https:\\\/\\\/ecobiolia.it\\\/prodotto\\\/coperta-avvolgente-in-lana-merino-premium-farfalla\\\/\",\"name\":\"Coperta Avvolgente in Lana Merino Premium Farfalla - EcoBiOlia\",\"isPartOf\":{\"@id\":\"https:\\\/\\\/ecobiolia.it\\\/it_it\\\/#website\"},\"primaryImageOfPage\":{\"@id\":\"https:\\\/\\\/ecobiolia.it\\\/prodotto\\\/coperta-avvolgente-in-lana-merino-premium-farfalla\\\/#primaryimage\"},\"image\":{\"@id\":\"https:\\\/\\\/ecobiolia.it\\\/prodotto\\\/coperta-avvolgente-in-lana-merino-premium-farfalla\\\/#primaryimage\"},\"thumbnailUrl\":\"https:\\\/\\\/ecobiolia.it\\\/wp-content\\\/uploads\\\/2022\\\/07\\\/Lana-Beige-1.jpg\",\"datePublished\":\"2022-07-02T05:20:10+00:00\",\"dateModified\":\"2025-12-13T16:53:12+00:00\",\"description\":\"Coperta Avvolgente in Lana Merino \u00e8 incredibilmente leggera ed elastica, ideale per avvolgere il tuo bambino in qualsiasi momento dell'anno.\",\"breadcrumb\":{\"@id\":\"https:\\\/\\\/ecobiolia.it\\\/prodotto\\\/coperta-avvolgente-in-lana-merino-premium-farfalla\\\/#breadcrumb\"},\"inLanguage\":\"it-IT\",\"potentialAction\":[{\"@type\":\"ReadAction\",\"target\":[\"https:\\\/\\\/ecobiolia.it\\\/prodotto\\\/coperta-avvolgente-in-lana-merino-premium-farfalla\\\/\"]}]},{\"@type\":\"ImageObject\",\"inLanguage\":\"it-IT\",\"@id\":\"https:\\\/\\\/ecobiolia.it\\\/prodotto\\\/coperta-avvolgente-in-lana-merino-premium-farfalla\\\/#primaryimage\",\"url\":\"https:\\\/\\\/ecobiolia.it\\\/wp-content\\\/uploads\\\/2022\\\/07\\\/Lana-Beige-1.jpg\",\"contentUrl\":\"https:\\\/\\\/ecobiolia.it\\\/wp-content\\\/uploads\\\/2022\\\/07\\\/Lana-Beige-1.jpg\",\"width\":1622,\"height\":1082},{\"@type\":\"BreadcrumbList\",\"@id\":\"https:\\\/\\\/ecobiolia.it\\\/prodotto\\\/coperta-avvolgente-in-lana-merino-premium-farfalla\\\/#breadcrumb\",\"itemListElement\":[{\"@type\":\"ListItem\",\"position\":1,\"name\":\"Home\",\"item\":\"https:\\\/\\\/ecobiolia.it\\\/\"},{\"@type\":\"ListItem\",\"position\":2,\"name\":\"Negozio\",\"item\":\"https:\\\/\\\/ecobiolia.it\\\/negozio\\\/\"},{\"@type\":\"ListItem\",\"position\":3,\"name\":\"Coperta Avvolgente in Lana Merino Premium Farfalla\"}]},{\"@type\":\"WebSite\",\"@id\":\"https:\\\/\\\/ecobiolia.it\\\/it_it\\\/#website\",\"url\":\"https:\\\/\\\/ecobiolia.it\\\/it_it\\\/\",\"name\":\"EcoBiOlia\",\"description\":\"Negozio Ecologico per Bambini e Adulti\",\"publisher\":{\"@id\":\"https:\\\/\\\/ecobiolia.it\\\/it_it\\\/#organization\"},\"potentialAction\":[{\"@type\":\"SearchAction\",\"target\":{\"@type\":\"EntryPoint\",\"urlTemplate\":\"https:\\\/\\\/ecobiolia.it\\\/it_it\\\/?s={search_term_string}\"},\"query-input\":{\"@type\":\"PropertyValueSpecification\",\"valueRequired\":true,\"valueName\":\"search_term_string\"}}],\"inLanguage\":\"it-IT\"},{\"@type\":\"Organization\",\"@id\":\"https:\\\/\\\/ecobiolia.it\\\/it_it\\\/#organization\",\"name\":\"EcoBiOlia\",\"url\":\"https:\\\/\\\/ecobiolia.it\\\/it_it\\\/\",\"logo\":{\"@type\":\"ImageObject\",\"inLanguage\":\"it-IT\",\"@id\":\"https:\\\/\\\/ecobiolia.it\\\/it_it\\\/#\\\/schema\\\/logo\\\/image\\\/\",\"url\":\"https:\\\/\\\/ecobiolia.it\\\/wp-content\\\/uploads\\\/2022\\\/04\\\/EcoBiOlia-Logo.png\",\"contentUrl\":\"https:\\\/\\\/ecobiolia.it\\\/wp-content\\\/uploads\\\/2022\\\/04\\\/EcoBiOlia-Logo.png\",\"width\":1772,\"height\":944,\"caption\":\"EcoBiOlia\"},\"image\":{\"@id\":\"https:\\\/\\\/ecobiolia.it\\\/it_it\\\/#\\\/schema\\\/logo\\\/image\\\/\"}}]}<\/script>\n<!-- \/ Yoast SEO plugin. -->","yoast_head_json":{"title":"Coperta Avvolgente in Lana Merino Premium Farfalla - EcoBiOlia","description":"Coperta Avvolgente in Lana Merino \u00e8 incredibilmente leggera ed elastica, ideale per avvolgere il tuo bambino in qualsiasi momento dell'anno.","robots":{"index":"index","follow":"follow","max-snippet":"max-snippet:-1","max-image-preview":"max-image-preview:large","max-video-preview":"max-video-preview:-1"},"canonical":"https:\/\/ecobiolia.it\/it_it\/prodotto\/coperta-avvolgente-in-lana-merino-premium-farfalla\/","og_locale":"it_IT","og_type":"article","og_title":"Coperta Avvolgente in Lana Merino Premium Farfalla - EcoBiOlia","og_description":"Coperta Avvolgente in Lana Merino \u00e8 incredibilmente leggera ed elastica, ideale per avvolgere il tuo bambino in qualsiasi momento dell'anno.","og_url":"https:\/\/ecobiolia.it\/it_it\/prodotto\/coperta-avvolgente-in-lana-merino-premium-farfalla\/","og_site_name":"EcoBiOlia","article_modified_time":"2025-12-13T16:53:12+00:00","og_image":[{"width":1622,"height":1082,"url":"https:\/\/ecobiolia.it\/wp-content\/uploads\/2022\/07\/Lana-Beige-1.jpg","type":"image\/jpeg"}],"twitter_card":"summary_large_image","twitter_misc":{"Tempo di lettura stimato":"2 minuti"},"schema":{"@context":"https:\/\/schema.org","@graph":[{"@type":"WebPage","@id":"https:\/\/ecobiolia.it\/prodotto\/coperta-avvolgente-in-lana-merino-premium-farfalla\/","url":"https:\/\/ecobiolia.it\/prodotto\/coperta-avvolgente-in-lana-merino-premium-farfalla\/","name":"Coperta Avvolgente in Lana Merino Premium Farfalla - EcoBiOlia","isPartOf":{"@id":"https:\/\/ecobiolia.it\/it_it\/#website"},"primaryImageOfPage":{"@id":"https:\/\/ecobiolia.it\/prodotto\/coperta-avvolgente-in-lana-merino-premium-farfalla\/#primaryimage"},"image":{"@id":"https:\/\/ecobiolia.it\/prodotto\/coperta-avvolgente-in-lana-merino-premium-farfalla\/#primaryimage"},"thumbnailUrl":"https:\/\/ecobiolia.it\/wp-content\/uploads\/2022\/07\/Lana-Beige-1.jpg","datePublished":"2022-07-02T05:20:10+00:00","dateModified":"2025-12-13T16:53:12+00:00","description":"Coperta Avvolgente in Lana Merino \u00e8 incredibilmente leggera ed elastica, ideale per avvolgere il tuo bambino in qualsiasi momento dell'anno.","breadcrumb":{"@id":"https:\/\/ecobiolia.it\/prodotto\/coperta-avvolgente-in-lana-merino-premium-farfalla\/#breadcrumb"},"inLanguage":"it-IT","potentialAction":[{"@type":"ReadAction","target":["https:\/\/ecobiolia.it\/prodotto\/coperta-avvolgente-in-lana-merino-premium-farfalla\/"]}]},{"@type":"ImageObject","inLanguage":"it-IT","@id":"https:\/\/ecobiolia.it\/prodotto\/coperta-avvolgente-in-lana-merino-premium-farfalla\/#primaryimage","url":"https:\/\/ecobiolia.it\/wp-content\/uploads\/2022\/07\/Lana-Beige-1.jpg","contentUrl":"https:\/\/ecobiolia.it\/wp-content\/uploads\/2022\/07\/Lana-Beige-1.jpg","width":1622,"height":1082},{"@type":"BreadcrumbList","@id":"https:\/\/ecobiolia.it\/prodotto\/coperta-avvolgente-in-lana-merino-premium-farfalla\/#breadcrumb","itemListElement":[{"@type":"ListItem","position":1,"name":"Home","item":"https:\/\/ecobiolia.it\/"},{"@type":"ListItem","position":2,"name":"Negozio","item":"https:\/\/ecobiolia.it\/negozio\/"},{"@type":"ListItem","position":3,"name":"Coperta Avvolgente in Lana Merino Premium Farfalla"}]},{"@type":"WebSite","@id":"https:\/\/ecobiolia.it\/it_it\/#website","url":"https:\/\/ecobiolia.it\/it_it\/","name":"EcoBiOlia","description":"Negozio Ecologico per Bambini e Adulti","publisher":{"@id":"https:\/\/ecobiolia.it\/it_it\/#organization"},"potentialAction":[{"@type":"SearchAction","target":{"@type":"EntryPoint","urlTemplate":"https:\/\/ecobiolia.it\/it_it\/?s={search_term_string}"},"query-input":{"@type":"PropertyValueSpecification","valueRequired":true,"valueName":"search_term_string"}}],"inLanguage":"it-IT"},{"@type":"Organization","@id":"https:\/\/ecobiolia.it\/it_it\/#organization","name":"EcoBiOlia","url":"https:\/\/ecobiolia.it\/it_it\/","logo":{"@type":"ImageObject","inLanguage":"it-IT","@id":"https:\/\/ecobiolia.it\/it_it\/#\/schema\/logo\/image\/","url":"https:\/\/ecobiolia.it\/wp-content\/uploads\/2022\/04\/EcoBiOlia-Logo.png","contentUrl":"https:\/\/ecobiolia.it\/wp-content\/uploads\/2022\/04\/EcoBiOlia-Logo.png","width":1772,"height":944,"caption":"EcoBiOlia"},"image":{"@id":"https:\/\/ecobiolia.it\/it_it\/#\/schema\/logo\/image\/"}}]}},"jetpack-related-posts":[{"id":2691,"url":"https:\/\/ecobiolia.it\/it_it\/prodotto\/lullalove-coperta-in-lana-merino-di-collezione-premium\/","url_meta":{"origin":2731,"position":0},"title":"Coperta in Lana Merino della Collezione Premium","author":"Olga","date":"1 Luglio 2022","format":false,"excerpt":"Lullalove Coperta in Lana Merino \u00e8 di una collezione Premium di coperte \u00a0realizzate al 100% in Lana Merino. Una coperta meravigliosamente morbida, fatta di lana di pecora della Nuova Zelanda. La lana merino \u00e8 un filato meravigliosamente bello che non gratta e ha delle propriet\u00e0 antiallergiche. \u00c8 lo stesso filato\u2026","rel":"","context":"Articolo simile","block_context":{"text":"Articolo simile","link":""},"img":{"alt_text":"","src":"https:\/\/i0.wp.com\/ecobiolia.it\/wp-content\/uploads\/2022\/07\/Lullalove-Copertina-Lana-Merino.jpg?resize=350%2C200&ssl=1","width":350,"height":200,"srcset":"https:\/\/i0.wp.com\/ecobiolia.it\/wp-content\/uploads\/2022\/07\/Lullalove-Copertina-Lana-Merino.jpg?resize=350%2C200&ssl=1 1x, https:\/\/i0.wp.com\/ecobiolia.it\/wp-content\/uploads\/2022\/07\/Lullalove-Copertina-Lana-Merino.jpg?resize=525%2C300&ssl=1 1.5x, https:\/\/i0.wp.com\/ecobiolia.it\/wp-content\/uploads\/2022\/07\/Lullalove-Copertina-Lana-Merino.jpg?resize=700%2C400&ssl=1 2x, https:\/\/i0.wp.com\/ecobiolia.it\/wp-content\/uploads\/2022\/07\/Lullalove-Copertina-Lana-Merino.jpg?resize=1050%2C600&ssl=1 3x, https:\/\/i0.wp.com\/ecobiolia.it\/wp-content\/uploads\/2022\/07\/Lullalove-Copertina-Lana-Merino.jpg?resize=1400%2C800&ssl=1 4x"},"classes":[]},{"id":4560,"url":"https:\/\/ecobiolia.it\/it_it\/prodotto\/coperta-in-lana-merino-premium-trama-biscotto\/","url_meta":{"origin":2731,"position":1},"title":"Coperta in Lana Merino Premium Trama Biscotto","author":"Olga","date":"11 Novembre 2022","format":false,"excerpt":"Coperta in Lana Merino PREMIUM, SPESSA, Trama Biscotto \u00e8 molto calda realizzata in 100% lana merino con una trama che fa pensare ai biscotti. La trama centrale \u00e8 racchiusa in un telaio costituito da una treccia piatta. La lana merino non pizzica. \u00c8 considerata una delle materie prime premium pi\u00f9\u2026","rel":"","context":"Articolo simile","block_context":{"text":"Articolo simile","link":""},"img":{"alt_text":"","src":"https:\/\/i0.wp.com\/ecobiolia.it\/wp-content\/uploads\/2022\/11\/Coperta-Lana-Merino-Premium-Biscotto-Beige.jpg?resize=350%2C200&ssl=1","width":350,"height":200,"srcset":"https:\/\/i0.wp.com\/ecobiolia.it\/wp-content\/uploads\/2022\/11\/Coperta-Lana-Merino-Premium-Biscotto-Beige.jpg?resize=350%2C200&ssl=1 1x, https:\/\/i0.wp.com\/ecobiolia.it\/wp-content\/uploads\/2022\/11\/Coperta-Lana-Merino-Premium-Biscotto-Beige.jpg?resize=525%2C300&ssl=1 1.5x, https:\/\/i0.wp.com\/ecobiolia.it\/wp-content\/uploads\/2022\/11\/Coperta-Lana-Merino-Premium-Biscotto-Beige.jpg?resize=700%2C400&ssl=1 2x, https:\/\/i0.wp.com\/ecobiolia.it\/wp-content\/uploads\/2022\/11\/Coperta-Lana-Merino-Premium-Biscotto-Beige.jpg?resize=1050%2C600&ssl=1 3x, https:\/\/i0.wp.com\/ecobiolia.it\/wp-content\/uploads\/2022\/11\/Coperta-Lana-Merino-Premium-Biscotto-Beige.jpg?resize=1400%2C800&ssl=1 4x"},"classes":[]},{"id":3902,"url":"https:\/\/ecobiolia.it\/it_it\/prodotto\/cappello-in-lana-merino-per-bambino-taglia-s-grafite\/","url_meta":{"origin":2731,"position":2},"title":"Cappello in Lana Merino per Bambino Taglia S &#8211; Grafite","author":"Olga","date":"5 Agosto 2022","format":false,"excerpt":"Cappello incredibilmente comodo realizzato in 100% lana merino con il segno The Woolmark Comapny, che ne garantisce la qualit\u00e0, l'origine e la produzione etica. La cuffia aderisce perfettamente alla testa, non sporge, non morde n\u00e9 elettrizza i capelli. La lana merino non provoca allergie. La taglia S \u00e8 adatta a\u2026","rel":"","context":"Articolo simile","block_context":{"text":"Articolo simile","link":""},"img":{"alt_text":"","src":"https:\/\/i0.wp.com\/ecobiolia.it\/wp-content\/uploads\/2022\/08\/7802.jpg?resize=350%2C200&ssl=1","width":350,"height":200,"srcset":"https:\/\/i0.wp.com\/ecobiolia.it\/wp-content\/uploads\/2022\/08\/7802.jpg?resize=350%2C200&ssl=1 1x, https:\/\/i0.wp.com\/ecobiolia.it\/wp-content\/uploads\/2022\/08\/7802.jpg?resize=525%2C300&ssl=1 1.5x, https:\/\/i0.wp.com\/ecobiolia.it\/wp-content\/uploads\/2022\/08\/7802.jpg?resize=700%2C400&ssl=1 2x, https:\/\/i0.wp.com\/ecobiolia.it\/wp-content\/uploads\/2022\/08\/7802.jpg?resize=1050%2C600&ssl=1 3x, https:\/\/i0.wp.com\/ecobiolia.it\/wp-content\/uploads\/2022\/08\/7802.jpg?resize=1400%2C800&ssl=1 4x"},"classes":[]},{"id":2551,"url":"https:\/\/ecobiolia.it\/it_it\/prodotto\/copertina-traforata-estiva-in-bamboo-farfalla\/","url_meta":{"origin":2731,"position":3},"title":"Copertina Traforata Estiva in Bamboo &#8211; Farfalla","author":"Olga","date":"23 Giugno 2022","format":false,"excerpt":"Copertina Traforata Estiva \u00e8 estremamente traspirante ed assolutamente meravigliosa. Realizzata al 100% in viscosa di bamb\u00f9. Una bellissima trama traforata a forma di centinaia di minuscole ali di farfalla. \u00c8 elegante e senza tempo. Fantastica per avvolgere il bambino e come coperta estiva. Leggera, durevole, ipoallergenica, antibatterica, traspirante e resistente\u2026","rel":"","context":"Articolo simile","block_context":{"text":"Articolo simile","link":""},"img":{"alt_text":"","src":"https:\/\/i0.wp.com\/ecobiolia.it\/wp-content\/uploads\/2022\/06\/Lullalove-Farfalla.jpg?resize=350%2C200&ssl=1","width":350,"height":200,"srcset":"https:\/\/i0.wp.com\/ecobiolia.it\/wp-content\/uploads\/2022\/06\/Lullalove-Farfalla.jpg?resize=350%2C200&ssl=1 1x, https:\/\/i0.wp.com\/ecobiolia.it\/wp-content\/uploads\/2022\/06\/Lullalove-Farfalla.jpg?resize=525%2C300&ssl=1 1.5x, https:\/\/i0.wp.com\/ecobiolia.it\/wp-content\/uploads\/2022\/06\/Lullalove-Farfalla.jpg?resize=700%2C400&ssl=1 2x, https:\/\/i0.wp.com\/ecobiolia.it\/wp-content\/uploads\/2022\/06\/Lullalove-Farfalla.jpg?resize=1050%2C600&ssl=1 3x, https:\/\/i0.wp.com\/ecobiolia.it\/wp-content\/uploads\/2022\/06\/Lullalove-Farfalla.jpg?resize=1400%2C800&ssl=1 4x"},"classes":[]},{"id":1543,"url":"https:\/\/ecobiolia.it\/it_it\/prodotto\/copertina-estiva-leggera-antiallergica-avvolgente-nebbia\/","url_meta":{"origin":2731,"position":4},"title":"Copertina Estiva Leggera Antiallergica Avvolgente  &#8211; Nebbia","author":"Olga","date":"28 Marzo 2022","format":false,"excerpt":"Copertina Estiva Leggera Antiallergica Avvolgente \u00e8 estremamente traspirante ed assolutamente meravigliosa. Realizzata al 100% in viscosa di bamb\u00f9. Fantastica per avvolgere il bambino e come coperta estiva. Leggera, durevole, ipoallergenica, antibatterica, traspirante e resistente ai raggi UV. Scegli la migliore qualit\u00e0 di coperta di bamb\u00f9 ecologica e lasciati stupire dalle\u2026","rel":"","context":"Articolo simile","block_context":{"text":"Articolo simile","link":""},"img":{"alt_text":"","src":"https:\/\/i0.wp.com\/ecobiolia.it\/wp-content\/uploads\/2022\/03\/Lullalove-copertina-avvolgente.jpg?resize=350%2C200&ssl=1","width":350,"height":200,"srcset":"https:\/\/i0.wp.com\/ecobiolia.it\/wp-content\/uploads\/2022\/03\/Lullalove-copertina-avvolgente.jpg?resize=350%2C200&ssl=1 1x, https:\/\/i0.wp.com\/ecobiolia.it\/wp-content\/uploads\/2022\/03\/Lullalove-copertina-avvolgente.jpg?resize=525%2C300&ssl=1 1.5x, https:\/\/i0.wp.com\/ecobiolia.it\/wp-content\/uploads\/2022\/03\/Lullalove-copertina-avvolgente.jpg?resize=700%2C400&ssl=1 2x, https:\/\/i0.wp.com\/ecobiolia.it\/wp-content\/uploads\/2022\/03\/Lullalove-copertina-avvolgente.jpg?resize=1050%2C600&ssl=1 3x, https:\/\/i0.wp.com\/ecobiolia.it\/wp-content\/uploads\/2022\/03\/Lullalove-copertina-avvolgente.jpg?resize=1400%2C800&ssl=1 4x"},"classes":[]},{"id":6141,"url":"https:\/\/ecobiolia.it\/it_it\/prodotto\/coperta-di-bambu-leggera-per-adulti-coniglietto\/","url_meta":{"origin":2731,"position":5},"title":"Coperta di Bamb\u00f9 Leggera per Adulti &#8211; Coniglietto","author":"Olga","date":"4 Luglio 2024","format":false,"excerpt":"Coperta di Bamb\u00f9 per Adulti Coniglietto \u00e8 estremamente leggera, e allo stesso tempo dotata di comfort termico, una coperta in filato di bamb\u00f9, che \u00e8 disposta in rilievo ... coniglietti!\u00a0Indispensabile per anziani e adulti per garantire comfort durante il sonno nelle notti calde. Avvolge meravigliosamente il corpo con un filato\u2026","rel":"","context":"Articolo simile","block_context":{"text":"Articolo simile","link":""},"img":{"alt_text":"","src":"https:\/\/i0.wp.com\/ecobiolia.it\/wp-content\/uploads\/2024\/07\/Coperta-termoregolante-estiva-con-rilievo.jpg?resize=350%2C200&ssl=1","width":350,"height":200,"srcset":"https:\/\/i0.wp.com\/ecobiolia.it\/wp-content\/uploads\/2024\/07\/Coperta-termoregolante-estiva-con-rilievo.jpg?resize=350%2C200&ssl=1 1x, https:\/\/i0.wp.com\/ecobiolia.it\/wp-content\/uploads\/2024\/07\/Coperta-termoregolante-estiva-con-rilievo.jpg?resize=525%2C300&ssl=1 1.5x, https:\/\/i0.wp.com\/ecobiolia.it\/wp-content\/uploads\/2024\/07\/Coperta-termoregolante-estiva-con-rilievo.jpg?resize=700%2C400&ssl=1 2x, https:\/\/i0.wp.com\/ecobiolia.it\/wp-content\/uploads\/2024\/07\/Coperta-termoregolante-estiva-con-rilievo.jpg?resize=1050%2C600&ssl=1 3x, https:\/\/i0.wp.com\/ecobiolia.it\/wp-content\/uploads\/2024\/07\/Coperta-termoregolante-estiva-con-rilievo.jpg?resize=1400%2C800&ssl=1 4x"},"classes":[]}],"jetpack_sharing_enabled":true,"_links":{"self":[{"href":"https:\/\/ecobiolia.it\/it_it\/wp-json\/wp\/v2\/product\/2731","targetHints":{"allow":["GET"]}}],"collection":[{"href":"https:\/\/ecobiolia.it\/it_it\/wp-json\/wp\/v2\/product"}],"about":[{"href":"https:\/\/ecobiolia.it\/it_it\/wp-json\/wp\/v2\/types\/product"}],"replies":[{"embeddable":true,"href":"https:\/\/ecobiolia.it\/it_it\/wp-json\/wp\/v2\/comments?post=2731"}],"version-history":[{"count":1,"href":"https:\/\/ecobiolia.it\/it_it\/wp-json\/wp\/v2\/product\/2731\/revisions"}],"predecessor-version":[{"id":6536,"href":"https:\/\/ecobiolia.it\/it_it\/wp-json\/wp\/v2\/product\/2731\/revisions\/6536"}],"wp:featuredmedia":[{"embeddable":true,"href":"https:\/\/ecobiolia.it\/it_it\/wp-json\/wp\/v2\/media\/2740"}],"wp:attachment":[{"href":"https:\/\/ecobiolia.it\/it_it\/wp-json\/wp\/v2\/media?parent=2731"}],"wp:term":[{"taxonomy":"product_brand","embeddable":true,"href":"https:\/\/ecobiolia.it\/it_it\/wp-json\/wp\/v2\/product_brand?post=2731"},{"taxonomy":"product_cat","embeddable":true,"href":"https:\/\/ecobiolia.it\/it_it\/wp-json\/wp\/v2\/product_cat?post=2731"},{"taxonomy":"product_tag","embeddable":true,"href":"https:\/\/ecobiolia.it\/it_it\/wp-json\/wp\/v2\/product_tag?post=2731"}],"curies":[{"name":"wp","href":"https:\/\/api.w.org\/{rel}","templated":true}]}}