{"id":1909,"date":"2022-05-28T08:06:05","date_gmt":"2022-05-28T08:06:05","guid":{"rendered":"https:\/\/ecobiolia.it\/?post_type=product&#038;p=1909"},"modified":"2025-10-13T08:46:44","modified_gmt":"2025-10-13T08:46:44","slug":"cannucce-divertenti-riutilizzabili-per-bambini-in-silicone","status":"publish","type":"product","link":"https:\/\/ecobiolia.it\/it_it\/prodotto\/cannucce-divertenti-riutilizzabili-per-bambini-in-silicone\/","title":{"rendered":"Cannucce Divertenti Riutilizzabili per Bambini in Silicone"},"content":{"rendered":"<h4><strong>Silicone Alimentare Certificato di Alta Qualit\u00e0:<\/strong><\/h4>\n<p><a href=\"https:\/\/ecobiolia.it\/it_it\/prodotto\/cannucce-in-silicone-di-grandi-dimensioni-riutilizzabili\/\">le cannucce in silicone alimentare<\/a> sono realizzate in silicone 100% alimentare certificato SGS, approvato FDA e LFGB.\u00a0 Senza piombo e BPA. Quindi le cannucce sono sicure sia per bambini che adulti.<\/p>\n<h4><strong>Resistente alla Temperatura:<\/strong><\/h4>\n<p>le cannucce lavabili possono essere usati per bevande sia calde che fredde, sterilizzati sul vapore, lavati in lavastoviglie. Ottime per bere acqua, latte, succhi, t\u00e8 e molto altro.<\/p>\n<h4><strong>Silicone Morbido, Flessibile ma Resistente:<\/strong><\/h4>\n<p>le cannucce sono morbide da mordere, ma abbastanza resistente da strappare; le cannucce sono flessibile e pieghevole ma mantenendo la loro forma. Aiutano ad evitare lesioni alle labbra e proteggono i denti.<\/p>\n<h4><strong>Cannucce con Animaletti Divertenti e di Diversi Colori:<\/strong><\/h4>\n<p>simpatici animali e colori suscitando gli interessi e renderanno bambini felici. Perfetto per le feste dei bambini e le riunioni di famiglia. Non dovrai pi\u00f9 indovinare a chi appartiene la bevanda.<\/p>\n<h4><strong>Lavabile e Riutilizzabile:<\/strong><\/h4>\n<p>le cannucce in silicone alimentare sono una scelta ecologica e anche economica. Aiutano a ridurre i rifiuti e proteggano l\u2019ambiente. Possono essere lavate con la spazzola per la pulizia in dotazione, ma anche possono essere lavate in lavastoviglie che rende la cura ancora pi\u00f9 facile. (facile pulizia)<\/p>\n<h4><strong>Dimensioni adatte ai bambini:<\/strong><\/h4>\n<p>Ogni cannuccia di silicone \u00e8 lunga 20 cm e ha un diametro interno 0,5 cm ed esterno 0,7 cm. Utilizzabile con liquidi freddi o caldi come acqua, latte, succo di frutta, frullati, frapp\u00e8.<\/p>\n<h4><strong>Sacchetto di Juta:<\/strong><\/h4>\n<p>una borsa portatile, un sacchetto ecologico che aiuta a portare le cannucce per fare un picnic all\u2019aperto, escursioni, viaggi e ufficio.<\/p>\n<h4><strong>Avvertenza: Non adatto a bambini di et\u00e0 inferiore a tre anni!<\/strong><\/h4>\n<p>le cannucce contengono piccoli parti (animaletti)<\/p>\n<h5>L\u2019articolo include:<\/h5>\n<ul>\n<li aria-level=\"1\">Sette colori di cannucce riutilizzabili con animaletti divertenti per bambini:<\/li>\n<li aria-level=\"1\">Una spazzola per la pulizia<\/li>\n<li aria-level=\"1\">Un sacchetto di juta.<\/li>\n<\/ul>\n<h5>Utilizzo:<\/h5>\n<ul>\n<li>Lavare le cannucce prima del primo utilizzo e dopo ogni uso.<\/li>\n<li>Sterilizzare sul vapore ogni tanto.<\/li>\n<li>Usare bavaglino o una mussola di cotone organico per proteggere i vestiti del bambino dai \u201cpiccoli incidenti\u201d.<\/li>\n<\/ul>\n<p>&nbsp;<\/p>\n","protected":false},"excerpt":{"rendered":"<p>Cannucce Divertenti Riutilizzabili Per Bambini sono realizzate in silicone 100% alimentare certificato SGS, approvato FDA e LFGB.\u00a0 Senza piombo e BPA. Sono morbide per i denti, flessibili e resistenti. Possono essere usati per bevande sia calde che fredde, sterilizzati sul vapore, lavati in lavastoviglie. Ottime per bere acqua, latte, succhi, t\u00e8 e molto altro.<\/p>\n","protected":false},"featured_media":1931,"comment_status":"open","ping_status":"closed","template":"","meta":[],"product_brand":[],"product_cat":[53,44,46,54],"product_tag":[],"class_list":{"0":"post-1909","1":"product","2":"type-product","3":"status-publish","4":"has-post-thumbnail","6":"product_cat-cannucce-selicone","7":"product_cat-prodotti-per-infanzia","8":"product_cat-prodotti-zero-rifiuti","9":"product_cat-stoviglie-e-utensili","11":"first","12":"instock","13":"sale","14":"taxable","15":"shipping-taxable","16":"purchasable","17":"product-type-simple"},"yoast_head":"<!-- This site is optimized with the Yoast SEO plugin v27.4 - https:\/\/yoast.com\/product\/yoast-seo-wordpress\/ -->\n<title>Cannucce Divertenti Riutilizzabili per Bambini in Silicone - EcoBiOlia<\/title>\n<meta name=\"description\" content=\"Cannucce Divertenti Riutilizzabili per Bambini in Silicone sono sicuri, morbide e resistente. Simpatici animali suscitando gli interessi.\" \/>\n<meta name=\"robots\" content=\"index, follow, max-snippet:-1, max-image-preview:large, max-video-preview:-1\" \/>\n<link rel=\"canonical\" href=\"https:\/\/ecobiolia.it\/it_it\/prodotto\/cannucce-divertenti-riutilizzabili-per-bambini-in-silicone\/\" \/>\n<meta property=\"og:locale\" content=\"it_IT\" \/>\n<meta property=\"og:type\" content=\"article\" \/>\n<meta property=\"og:title\" content=\"Cannucce Divertenti Riutilizzabili per Bambini in Silicone - EcoBiOlia\" \/>\n<meta property=\"og:description\" content=\"Cannucce Divertenti Riutilizzabili per Bambini in Silicone sono sicuri, morbide e resistente. Simpatici animali suscitando gli interessi.\" \/>\n<meta property=\"og:url\" content=\"https:\/\/ecobiolia.it\/it_it\/prodotto\/cannucce-divertenti-riutilizzabili-per-bambini-in-silicone\/\" \/>\n<meta property=\"og:site_name\" content=\"EcoBiOlia\" \/>\n<meta property=\"article:modified_time\" content=\"2025-10-13T08:46:44+00:00\" \/>\n<meta property=\"og:image\" content=\"https:\/\/ecobiolia.it\/wp-content\/uploads\/2022\/05\/EcoBiOlia-Cannucce-Divertenti.jpg\" \/>\n\t<meta property=\"og:image:width\" content=\"1822\" \/>\n\t<meta property=\"og:image:height\" content=\"1080\" \/>\n\t<meta property=\"og:image:type\" content=\"image\/jpeg\" \/>\n<meta name=\"twitter:card\" content=\"summary_large_image\" \/>\n<meta name=\"twitter:label1\" content=\"Tempo di lettura stimato\" \/>\n\t<meta name=\"twitter:data1\" content=\"2 minuti\" \/>\n<script type=\"application\/ld+json\" class=\"yoast-schema-graph\">{\"@context\":\"https:\\\/\\\/schema.org\",\"@graph\":[{\"@type\":\"WebPage\",\"@id\":\"https:\\\/\\\/ecobiolia.it\\\/prodotto\\\/cannucce-divertenti-riutilizzabili-per-bambini-in-silicone\\\/\",\"url\":\"https:\\\/\\\/ecobiolia.it\\\/prodotto\\\/cannucce-divertenti-riutilizzabili-per-bambini-in-silicone\\\/\",\"name\":\"Cannucce Divertenti Riutilizzabili per Bambini in Silicone - EcoBiOlia\",\"isPartOf\":{\"@id\":\"https:\\\/\\\/ecobiolia.it\\\/it_it\\\/#website\"},\"primaryImageOfPage\":{\"@id\":\"https:\\\/\\\/ecobiolia.it\\\/prodotto\\\/cannucce-divertenti-riutilizzabili-per-bambini-in-silicone\\\/#primaryimage\"},\"image\":{\"@id\":\"https:\\\/\\\/ecobiolia.it\\\/prodotto\\\/cannucce-divertenti-riutilizzabili-per-bambini-in-silicone\\\/#primaryimage\"},\"thumbnailUrl\":\"https:\\\/\\\/ecobiolia.it\\\/wp-content\\\/uploads\\\/2022\\\/05\\\/EcoBiOlia-Cannucce-Divertenti.jpg\",\"datePublished\":\"2022-05-28T08:06:05+00:00\",\"dateModified\":\"2025-10-13T08:46:44+00:00\",\"description\":\"Cannucce Divertenti Riutilizzabili per Bambini in Silicone sono sicuri, morbide e resistente. Simpatici animali suscitando gli interessi.\",\"breadcrumb\":{\"@id\":\"https:\\\/\\\/ecobiolia.it\\\/prodotto\\\/cannucce-divertenti-riutilizzabili-per-bambini-in-silicone\\\/#breadcrumb\"},\"inLanguage\":\"it-IT\",\"potentialAction\":[{\"@type\":\"ReadAction\",\"target\":[\"https:\\\/\\\/ecobiolia.it\\\/prodotto\\\/cannucce-divertenti-riutilizzabili-per-bambini-in-silicone\\\/\"]}]},{\"@type\":\"ImageObject\",\"inLanguage\":\"it-IT\",\"@id\":\"https:\\\/\\\/ecobiolia.it\\\/prodotto\\\/cannucce-divertenti-riutilizzabili-per-bambini-in-silicone\\\/#primaryimage\",\"url\":\"https:\\\/\\\/ecobiolia.it\\\/wp-content\\\/uploads\\\/2022\\\/05\\\/EcoBiOlia-Cannucce-Divertenti.jpg\",\"contentUrl\":\"https:\\\/\\\/ecobiolia.it\\\/wp-content\\\/uploads\\\/2022\\\/05\\\/EcoBiOlia-Cannucce-Divertenti.jpg\",\"width\":1822,\"height\":1080},{\"@type\":\"BreadcrumbList\",\"@id\":\"https:\\\/\\\/ecobiolia.it\\\/prodotto\\\/cannucce-divertenti-riutilizzabili-per-bambini-in-silicone\\\/#breadcrumb\",\"itemListElement\":[{\"@type\":\"ListItem\",\"position\":1,\"name\":\"Home\",\"item\":\"https:\\\/\\\/ecobiolia.it\\\/\"},{\"@type\":\"ListItem\",\"position\":2,\"name\":\"Negozio\",\"item\":\"https:\\\/\\\/ecobiolia.it\\\/negozio\\\/\"},{\"@type\":\"ListItem\",\"position\":3,\"name\":\"Cannucce Divertenti Riutilizzabili per Bambini in Silicone\"}]},{\"@type\":\"WebSite\",\"@id\":\"https:\\\/\\\/ecobiolia.it\\\/it_it\\\/#website\",\"url\":\"https:\\\/\\\/ecobiolia.it\\\/it_it\\\/\",\"name\":\"EcoBiOlia\",\"description\":\"Negozio Ecologico per Bambini e Adulti\",\"publisher\":{\"@id\":\"https:\\\/\\\/ecobiolia.it\\\/it_it\\\/#organization\"},\"potentialAction\":[{\"@type\":\"SearchAction\",\"target\":{\"@type\":\"EntryPoint\",\"urlTemplate\":\"https:\\\/\\\/ecobiolia.it\\\/it_it\\\/?s={search_term_string}\"},\"query-input\":{\"@type\":\"PropertyValueSpecification\",\"valueRequired\":true,\"valueName\":\"search_term_string\"}}],\"inLanguage\":\"it-IT\"},{\"@type\":\"Organization\",\"@id\":\"https:\\\/\\\/ecobiolia.it\\\/it_it\\\/#organization\",\"name\":\"EcoBiOlia\",\"url\":\"https:\\\/\\\/ecobiolia.it\\\/it_it\\\/\",\"logo\":{\"@type\":\"ImageObject\",\"inLanguage\":\"it-IT\",\"@id\":\"https:\\\/\\\/ecobiolia.it\\\/it_it\\\/#\\\/schema\\\/logo\\\/image\\\/\",\"url\":\"https:\\\/\\\/ecobiolia.it\\\/wp-content\\\/uploads\\\/2022\\\/04\\\/EcoBiOlia-Logo.png\",\"contentUrl\":\"https:\\\/\\\/ecobiolia.it\\\/wp-content\\\/uploads\\\/2022\\\/04\\\/EcoBiOlia-Logo.png\",\"width\":1772,\"height\":944,\"caption\":\"EcoBiOlia\"},\"image\":{\"@id\":\"https:\\\/\\\/ecobiolia.it\\\/it_it\\\/#\\\/schema\\\/logo\\\/image\\\/\"}}]}<\/script>\n<!-- \/ Yoast SEO plugin. -->","yoast_head_json":{"title":"Cannucce Divertenti Riutilizzabili per Bambini in Silicone - EcoBiOlia","description":"Cannucce Divertenti Riutilizzabili per Bambini in Silicone sono sicuri, morbide e resistente. Simpatici animali suscitando gli interessi.","robots":{"index":"index","follow":"follow","max-snippet":"max-snippet:-1","max-image-preview":"max-image-preview:large","max-video-preview":"max-video-preview:-1"},"canonical":"https:\/\/ecobiolia.it\/it_it\/prodotto\/cannucce-divertenti-riutilizzabili-per-bambini-in-silicone\/","og_locale":"it_IT","og_type":"article","og_title":"Cannucce Divertenti Riutilizzabili per Bambini in Silicone - EcoBiOlia","og_description":"Cannucce Divertenti Riutilizzabili per Bambini in Silicone sono sicuri, morbide e resistente. Simpatici animali suscitando gli interessi.","og_url":"https:\/\/ecobiolia.it\/it_it\/prodotto\/cannucce-divertenti-riutilizzabili-per-bambini-in-silicone\/","og_site_name":"EcoBiOlia","article_modified_time":"2025-10-13T08:46:44+00:00","og_image":[{"width":1822,"height":1080,"url":"https:\/\/ecobiolia.it\/wp-content\/uploads\/2022\/05\/EcoBiOlia-Cannucce-Divertenti.jpg","type":"image\/jpeg"}],"twitter_card":"summary_large_image","twitter_misc":{"Tempo di lettura stimato":"2 minuti"},"schema":{"@context":"https:\/\/schema.org","@graph":[{"@type":"WebPage","@id":"https:\/\/ecobiolia.it\/prodotto\/cannucce-divertenti-riutilizzabili-per-bambini-in-silicone\/","url":"https:\/\/ecobiolia.it\/prodotto\/cannucce-divertenti-riutilizzabili-per-bambini-in-silicone\/","name":"Cannucce Divertenti Riutilizzabili per Bambini in Silicone - EcoBiOlia","isPartOf":{"@id":"https:\/\/ecobiolia.it\/it_it\/#website"},"primaryImageOfPage":{"@id":"https:\/\/ecobiolia.it\/prodotto\/cannucce-divertenti-riutilizzabili-per-bambini-in-silicone\/#primaryimage"},"image":{"@id":"https:\/\/ecobiolia.it\/prodotto\/cannucce-divertenti-riutilizzabili-per-bambini-in-silicone\/#primaryimage"},"thumbnailUrl":"https:\/\/ecobiolia.it\/wp-content\/uploads\/2022\/05\/EcoBiOlia-Cannucce-Divertenti.jpg","datePublished":"2022-05-28T08:06:05+00:00","dateModified":"2025-10-13T08:46:44+00:00","description":"Cannucce Divertenti Riutilizzabili per Bambini in Silicone sono sicuri, morbide e resistente. Simpatici animali suscitando gli interessi.","breadcrumb":{"@id":"https:\/\/ecobiolia.it\/prodotto\/cannucce-divertenti-riutilizzabili-per-bambini-in-silicone\/#breadcrumb"},"inLanguage":"it-IT","potentialAction":[{"@type":"ReadAction","target":["https:\/\/ecobiolia.it\/prodotto\/cannucce-divertenti-riutilizzabili-per-bambini-in-silicone\/"]}]},{"@type":"ImageObject","inLanguage":"it-IT","@id":"https:\/\/ecobiolia.it\/prodotto\/cannucce-divertenti-riutilizzabili-per-bambini-in-silicone\/#primaryimage","url":"https:\/\/ecobiolia.it\/wp-content\/uploads\/2022\/05\/EcoBiOlia-Cannucce-Divertenti.jpg","contentUrl":"https:\/\/ecobiolia.it\/wp-content\/uploads\/2022\/05\/EcoBiOlia-Cannucce-Divertenti.jpg","width":1822,"height":1080},{"@type":"BreadcrumbList","@id":"https:\/\/ecobiolia.it\/prodotto\/cannucce-divertenti-riutilizzabili-per-bambini-in-silicone\/#breadcrumb","itemListElement":[{"@type":"ListItem","position":1,"name":"Home","item":"https:\/\/ecobiolia.it\/"},{"@type":"ListItem","position":2,"name":"Negozio","item":"https:\/\/ecobiolia.it\/negozio\/"},{"@type":"ListItem","position":3,"name":"Cannucce Divertenti Riutilizzabili per Bambini in Silicone"}]},{"@type":"WebSite","@id":"https:\/\/ecobiolia.it\/it_it\/#website","url":"https:\/\/ecobiolia.it\/it_it\/","name":"EcoBiOlia","description":"Negozio Ecologico per Bambini e Adulti","publisher":{"@id":"https:\/\/ecobiolia.it\/it_it\/#organization"},"potentialAction":[{"@type":"SearchAction","target":{"@type":"EntryPoint","urlTemplate":"https:\/\/ecobiolia.it\/it_it\/?s={search_term_string}"},"query-input":{"@type":"PropertyValueSpecification","valueRequired":true,"valueName":"search_term_string"}}],"inLanguage":"it-IT"},{"@type":"Organization","@id":"https:\/\/ecobiolia.it\/it_it\/#organization","name":"EcoBiOlia","url":"https:\/\/ecobiolia.it\/it_it\/","logo":{"@type":"ImageObject","inLanguage":"it-IT","@id":"https:\/\/ecobiolia.it\/it_it\/#\/schema\/logo\/image\/","url":"https:\/\/ecobiolia.it\/wp-content\/uploads\/2022\/04\/EcoBiOlia-Logo.png","contentUrl":"https:\/\/ecobiolia.it\/wp-content\/uploads\/2022\/04\/EcoBiOlia-Logo.png","width":1772,"height":944,"caption":"EcoBiOlia"},"image":{"@id":"https:\/\/ecobiolia.it\/it_it\/#\/schema\/logo\/image\/"}}]}},"jetpack-related-posts":[{"id":1764,"url":"https:\/\/ecobiolia.it\/it_it\/prodotto\/cannucce-in-silicone-alimentare-certificato-di-alta-qualita\/","url_meta":{"origin":1909,"position":0},"title":"Cannucce in Silicone Alimentare Certificato di Alta Qualit\u00e0","author":"Olga","date":"26 Aprile 2022","format":false,"excerpt":"Le cannucce in silicone sono realizzate in silicone 100% alimentare certificato SGS, approvato FDA e LFGB.\u00a0 Senza piombo e BPA. Sono di grandi dimensioni, morbide per i denti, flessibili e resistenti. Sono adatte a qualsiasi tipo di tazza, perfetta per frullati, frapp\u00e8, yogurt e altre bevande pi\u00f9 dense. Ottima anche\u2026","rel":"","context":"Con 2 commenti","block_context":{"text":"Con 2 commenti","link":"https:\/\/ecobiolia.it\/it_it\/prodotto\/cannucce-in-silicone-alimentare-certificato-di-alta-qualita\/#comments"},"img":{"alt_text":"","src":"https:\/\/i0.wp.com\/ecobiolia.it\/wp-content\/uploads\/2022\/05\/EcoBiOlia-Cannucce-Silicone-Dritte-Piegate.jpg?resize=350%2C200&ssl=1","width":350,"height":200,"srcset":"https:\/\/i0.wp.com\/ecobiolia.it\/wp-content\/uploads\/2022\/05\/EcoBiOlia-Cannucce-Silicone-Dritte-Piegate.jpg?resize=350%2C200&ssl=1 1x, https:\/\/i0.wp.com\/ecobiolia.it\/wp-content\/uploads\/2022\/05\/EcoBiOlia-Cannucce-Silicone-Dritte-Piegate.jpg?resize=525%2C300&ssl=1 1.5x, https:\/\/i0.wp.com\/ecobiolia.it\/wp-content\/uploads\/2022\/05\/EcoBiOlia-Cannucce-Silicone-Dritte-Piegate.jpg?resize=700%2C400&ssl=1 2x, https:\/\/i0.wp.com\/ecobiolia.it\/wp-content\/uploads\/2022\/05\/EcoBiOlia-Cannucce-Silicone-Dritte-Piegate.jpg?resize=1050%2C600&ssl=1 3x, https:\/\/i0.wp.com\/ecobiolia.it\/wp-content\/uploads\/2022\/05\/EcoBiOlia-Cannucce-Silicone-Dritte-Piegate.jpg?resize=1400%2C800&ssl=1 4x"},"classes":[]},{"id":1924,"url":"https:\/\/ecobiolia.it\/it_it\/prodotto\/cannucce-in-silicone-di-grandi-dimensioni-riutilizzabili\/","url_meta":{"origin":1909,"position":1},"title":"Cannucce in Silicone di Grandi Dimensioni Riutilizzabili","author":"Olga","date":"30 Maggio 2022","format":false,"excerpt":"Le cannucce in silicone sono realizzate in silicone 100% alimentare certificato SGS, approvato FDA e LFGB.\u00a0 Senza piombo e BPA. Sono di grandi dimensioni, morbide per i denti, flessibili e resistenti. Sono adatte a qualsiasi tipo di tazza, perfetta per frullati, frapp\u00e8, yogurt e altre bevande pi\u00f9 dense. Ottima anche\u2026","rel":"","context":"Articolo simile","block_context":{"text":"Articolo simile","link":""},"img":{"alt_text":"","src":"https:\/\/i0.wp.com\/ecobiolia.it\/wp-content\/uploads\/2022\/05\/EcoBiOlia-Cannucce-Silicone-Dritte-Piegate.jpg?resize=350%2C200&ssl=1","width":350,"height":200,"srcset":"https:\/\/i0.wp.com\/ecobiolia.it\/wp-content\/uploads\/2022\/05\/EcoBiOlia-Cannucce-Silicone-Dritte-Piegate.jpg?resize=350%2C200&ssl=1 1x, https:\/\/i0.wp.com\/ecobiolia.it\/wp-content\/uploads\/2022\/05\/EcoBiOlia-Cannucce-Silicone-Dritte-Piegate.jpg?resize=525%2C300&ssl=1 1.5x, https:\/\/i0.wp.com\/ecobiolia.it\/wp-content\/uploads\/2022\/05\/EcoBiOlia-Cannucce-Silicone-Dritte-Piegate.jpg?resize=700%2C400&ssl=1 2x, https:\/\/i0.wp.com\/ecobiolia.it\/wp-content\/uploads\/2022\/05\/EcoBiOlia-Cannucce-Silicone-Dritte-Piegate.jpg?resize=1050%2C600&ssl=1 3x, https:\/\/i0.wp.com\/ecobiolia.it\/wp-content\/uploads\/2022\/05\/EcoBiOlia-Cannucce-Silicone-Dritte-Piegate.jpg?resize=1400%2C800&ssl=1 4x"},"classes":[]},{"id":3332,"url":"https:\/\/ecobiolia.it\/it_it\/prodotto\/cuscino-piatto-in-mussola-di-bambu-e-cotone\/","url_meta":{"origin":1909,"position":2},"title":"Cuscino Piatto in Mussola di Bamb\u00f9 e Cotone","author":"Olga","date":"16 Luglio 2022","format":false,"excerpt":"Cuscino Piatto in Mussola di Bamb\u00f9 e Cotone con un'adeguata trapuntatura garantisce il comfort e la sicurezza di un bambino. Il suo spessore \u00e8 di pochi centimetri, e allo stesso tempo \u00e8 estremamente morbido! Il tessuto ha il pi\u00f9 alto certificato Oeko-Tex standard 100, che garantisce la sicurezza dell'utilizzo del\u2026","rel":"","context":"Articolo simile","block_context":{"text":"Articolo simile","link":""},"img":{"alt_text":"","src":"https:\/\/i0.wp.com\/ecobiolia.it\/wp-content\/uploads\/2022\/08\/8494.jpg?resize=350%2C200&ssl=1","width":350,"height":200,"srcset":"https:\/\/i0.wp.com\/ecobiolia.it\/wp-content\/uploads\/2022\/08\/8494.jpg?resize=350%2C200&ssl=1 1x, https:\/\/i0.wp.com\/ecobiolia.it\/wp-content\/uploads\/2022\/08\/8494.jpg?resize=525%2C300&ssl=1 1.5x, https:\/\/i0.wp.com\/ecobiolia.it\/wp-content\/uploads\/2022\/08\/8494.jpg?resize=700%2C400&ssl=1 2x, https:\/\/i0.wp.com\/ecobiolia.it\/wp-content\/uploads\/2022\/08\/8494.jpg?resize=1050%2C600&ssl=1 3x"},"classes":[]},{"id":4059,"url":"https:\/\/ecobiolia.it\/it_it\/prodotto\/asciugamano-bambino-in-bambu-con-cappuccio-grigio\/","url_meta":{"origin":1909,"position":3},"title":"Asciugamano Bambino in Bamb\u00f9 con Cappuccio &#8211; Grigio","author":"Olga","date":"22 Agosto 2022","format":false,"excerpt":"Un asciugamano deliziosamente morbido per bambino in bamb\u00f9 naturale con cappuccio divertente. Ideale per la cura quotidiana del bambino, cos\u00ec come per i viaggi, in piscina o al mare. Comodo cappuccio, grandi dimensioni e orecchie dolci sono indubbi vantaggi del prodotto. Le orecchie carine aggiungono fascino. La fibra di bamb\u00f9\u2026","rel":"","context":"Articolo simile","block_context":{"text":"Articolo simile","link":""},"img":{"alt_text":"","src":"https:\/\/i0.wp.com\/ecobiolia.it\/wp-content\/uploads\/2022\/08\/175.png?resize=350%2C200&ssl=1","width":350,"height":200,"srcset":"https:\/\/i0.wp.com\/ecobiolia.it\/wp-content\/uploads\/2022\/08\/175.png?resize=350%2C200&ssl=1 1x, https:\/\/i0.wp.com\/ecobiolia.it\/wp-content\/uploads\/2022\/08\/175.png?resize=525%2C300&ssl=1 1.5x, https:\/\/i0.wp.com\/ecobiolia.it\/wp-content\/uploads\/2022\/08\/175.png?resize=700%2C400&ssl=1 2x, https:\/\/i0.wp.com\/ecobiolia.it\/wp-content\/uploads\/2022\/08\/175.png?resize=1050%2C600&ssl=1 3x"},"classes":[]},{"id":4076,"url":"https:\/\/ecobiolia.it\/it_it\/prodotto\/asciugamano-bambino-in-bambu-con-cappuccio-mr-b\/","url_meta":{"origin":1909,"position":4},"title":"Asciugamano Bambino in Bamb\u00f9 con Cappuccio &#8211; Mr B","author":"Olga","date":"22 Agosto 2022","format":false,"excerpt":"Un asciugamano deliziosamente morbido per bambino in bamb\u00f9 naturale con cappuccio divertente. Ideale per la cura quotidiana del bambino, cos\u00ec come per i viaggi, in piscina o al mare. Comodo cappuccio, grandi dimensioni e orecchie dolci sono indubbi vantaggi del prodotto. Le orecchie carine aggiungono fascino. La fibra di bamb\u00f9\u2026","rel":"","context":"Articolo simile","block_context":{"text":"Articolo simile","link":""},"img":{"alt_text":"","src":"https:\/\/i0.wp.com\/ecobiolia.it\/wp-content\/uploads\/2022\/08\/549.jpg?resize=350%2C200&ssl=1","width":350,"height":200,"srcset":"https:\/\/i0.wp.com\/ecobiolia.it\/wp-content\/uploads\/2022\/08\/549.jpg?resize=350%2C200&ssl=1 1x, https:\/\/i0.wp.com\/ecobiolia.it\/wp-content\/uploads\/2022\/08\/549.jpg?resize=525%2C300&ssl=1 1.5x, https:\/\/i0.wp.com\/ecobiolia.it\/wp-content\/uploads\/2022\/08\/549.jpg?resize=700%2C400&ssl=1 2x"},"classes":[]},{"id":5439,"url":"https:\/\/ecobiolia.it\/it_it\/prodotto\/poncho-per-bambino-in-bambu-con-cappuccio\/","url_meta":{"origin":1909,"position":5},"title":"Poncho per Bambino in Bamb\u00f9 con Cappuccio","author":"Olga","date":"29 Maggio 2023","format":false,"excerpt":"Poncho deliziosamente morbido per bambino da 1 a 4 anni in bamb\u00f9 naturale con cappuccio divertente. Ideale per la cura quotidiana del bambino, cos\u00ec come per i viaggi, in piscina o al mare. Comodo cappuccio, grandi dimensioni e orecchie dolci sono indubbi vantaggi del prodotto. Le orecchie carine aggiungono fascino.\u2026","rel":"","context":"Articolo simile","block_context":{"text":"Articolo simile","link":""},"img":{"alt_text":"","src":"https:\/\/i0.wp.com\/ecobiolia.it\/wp-content\/uploads\/2023\/05\/Poncio-bambino-in-bambu.png?resize=350%2C200&ssl=1","width":350,"height":200,"srcset":"https:\/\/i0.wp.com\/ecobiolia.it\/wp-content\/uploads\/2023\/05\/Poncio-bambino-in-bambu.png?resize=350%2C200&ssl=1 1x, https:\/\/i0.wp.com\/ecobiolia.it\/wp-content\/uploads\/2023\/05\/Poncio-bambino-in-bambu.png?resize=525%2C300&ssl=1 1.5x, https:\/\/i0.wp.com\/ecobiolia.it\/wp-content\/uploads\/2023\/05\/Poncio-bambino-in-bambu.png?resize=700%2C400&ssl=1 2x"},"classes":[]}],"jetpack_sharing_enabled":true,"_links":{"self":[{"href":"https:\/\/ecobiolia.it\/it_it\/wp-json\/wp\/v2\/product\/1909","targetHints":{"allow":["GET"]}}],"collection":[{"href":"https:\/\/ecobiolia.it\/it_it\/wp-json\/wp\/v2\/product"}],"about":[{"href":"https:\/\/ecobiolia.it\/it_it\/wp-json\/wp\/v2\/types\/product"}],"replies":[{"embeddable":true,"href":"https:\/\/ecobiolia.it\/it_it\/wp-json\/wp\/v2\/comments?post=1909"}],"version-history":[{"count":1,"href":"https:\/\/ecobiolia.it\/it_it\/wp-json\/wp\/v2\/product\/1909\/revisions"}],"predecessor-version":[{"id":6380,"href":"https:\/\/ecobiolia.it\/it_it\/wp-json\/wp\/v2\/product\/1909\/revisions\/6380"}],"wp:featuredmedia":[{"embeddable":true,"href":"https:\/\/ecobiolia.it\/it_it\/wp-json\/wp\/v2\/media\/1931"}],"wp:attachment":[{"href":"https:\/\/ecobiolia.it\/it_it\/wp-json\/wp\/v2\/media?parent=1909"}],"wp:term":[{"taxonomy":"product_brand","embeddable":true,"href":"https:\/\/ecobiolia.it\/it_it\/wp-json\/wp\/v2\/product_brand?post=1909"},{"taxonomy":"product_cat","embeddable":true,"href":"https:\/\/ecobiolia.it\/it_it\/wp-json\/wp\/v2\/product_cat?post=1909"},{"taxonomy":"product_tag","embeddable":true,"href":"https:\/\/ecobiolia.it\/it_it\/wp-json\/wp\/v2\/product_tag?post=1909"}],"curies":[{"name":"wp","href":"https:\/\/api.w.org\/{rel}","templated":true}]}}