{"id":1764,"date":"2022-04-26T20:06:26","date_gmt":"2022-04-26T20:06:26","guid":{"rendered":"https:\/\/ecobiolia.it\/?post_type=product&#038;p=1764"},"modified":"2025-10-14T09:01:13","modified_gmt":"2025-10-14T09:01:13","slug":"cannucce-in-silicone-alimentare-certificato-di-alta-qualita","status":"publish","type":"product","link":"https:\/\/ecobiolia.it\/it_it\/prodotto\/cannucce-in-silicone-alimentare-certificato-di-alta-qualita\/","title":{"rendered":"Cannucce in Silicone Alimentare Certificato di Alta Qualit\u00e0"},"content":{"rendered":"<h4><strong>Silicone Alimentare Certificato di Alta Qualit\u00e0:<\/strong><\/h4>\n<p>le cannucce in silicone alimentare sono realizzate in silicone 100% alimentare certificato SGS, approvato FDA e LFGB.\u00a0 Senza piombo e BPA. Quindi le cannucce sono sicure sia per bambini che adulti.<\/p>\n<h4><strong>Resistente alla Temperatura:<\/strong><\/h4>\n<p>le cannucce lavabili possono essere usati per bevande sia calde che fredde, sterilizzati sul vapore, lavati in lavastoviglie. Ottime per bere acqua, latte, succhi, t\u00e8 e molto altro.<\/p>\n<h4><strong>Silicone Morbido, Flessibile ma Resistente:<\/strong><\/h4>\n<p>le cannucce sono morbide da mordere, ma abbastanza resistente da strappare; le cannucce sono flessibile e pieghevole ma mantenendo la loro forma. Aiutano ad evitare lesioni alle labbra e proteggono i denti.<\/p>\n<h4><strong>Cannucce di Diversi Colori:<\/strong><\/h4>\n<p>diversi colori <span class=\"VIiyi\" lang=\"it\"><span class=\"JLqJ4b ChMk0b\" data-language-for-alternatives=\"it\" data-language-to-translate-into=\"en\" data-phrase-index=\"0\" data-number-of-phrases=\"1\"><span class=\"Q4iAWc\">aiutano a distinguere le diverse bevande. <\/span><\/span><\/span>Non dovrai pi\u00f9 indovinare a chi appartiene la bevanda.<\/p>\n<h4><strong>Lavabile e Riutilizzabile:<\/strong><\/h4>\n<p>le cannucce in silicone alimentare sono una scelta ecologica e anche economica. Aiutano a ridurre i rifiuti e proteggano l\u2019ambiente. Possono essere lavate con la spazzola per la pulizia in dotazione, ma anche possono essere lavate in lavastoviglie che rende la cura ancora pi\u00f9 facile. (facile pulizia)<\/p>\n<h4><strong>Grandi <\/strong><strong>Dimensioni<\/strong><strong>:<\/strong><\/h4>\n<p>ogni cannuccia di silicone \u00e8 lunga 25,4 cm e ha un diametro interno 0,89 cm ed esterno 1,14 cm. Utilizzabile con liquidi freddi o caldi come acqua, latte, succo di frutta, frullati, frapp\u00e8.<\/p>\n<h4><strong>Sacchetto di Cotone <em>(<span class=\"HwtZe\" lang=\"it\"><span class=\"jCAhz ChMk0b\"><span class=\"ryNqvb\">nei varianti dove \u00e8 compreso)<\/span><\/span><\/span>:<\/em><\/strong><\/h4>\n<p>una borsa portatile, un sacchetto ecologico che aiuta a portare le cannucce per fare un picnic all&#8217;aperto, escursioni, viaggi e ufficio.<\/p>\n<h4>Utilizzo:<\/h4>\n<ul>\n<li>Lavare le cannucce prima del primo utilizzo e dopo ogni uso.<\/li>\n<li>Sterilizzare sul vapore ogni tanto..<\/li>\n<\/ul>\n","protected":false},"excerpt":{"rendered":"<p>Le cannucce in silicone sono realizzate in silicone 100% alimentare certificato SGS, approvato FDA e LFGB.\u00a0 Senza piombo e BPA. Sono di grandi dimensioni, morbide per i denti, flessibili e resistenti.<\/p>\n<div class=\"cxmmr5t8 oygrvhab hcukyx3x c1et5uql o9v6fnle ii04i59q\">\n<div dir=\"auto\">Sono adatte a qualsiasi tipo di tazza, perfetta per frullati, frapp\u00e8, yogurt e altre bevande pi\u00f9 dense.<\/div>\n<\/div>\n<div class=\"cxmmr5t8 oygrvhab hcukyx3x c1et5uql o9v6fnle ii04i59q\">\n<div dir=\"auto\">Ottima anche per acqua, latte, caff\u00e8, succhi di frutta e molto altro.<\/div>\n<\/div>\n<p>Possono essere usati per bevande sia calde che fredde, sterilizzati sul vapore, lavati in lavastoviglie.<\/p>\n","protected":false},"featured_media":3630,"comment_status":"open","ping_status":"closed","template":"","meta":[],"product_brand":[],"product_cat":[53,44,46],"product_tag":[],"class_list":{"0":"post-1764","1":"product","2":"type-product","3":"status-publish","4":"has-post-thumbnail","6":"product_cat-cannucce-selicone","7":"product_cat-prodotti-per-infanzia","8":"product_cat-prodotti-zero-rifiuti","10":"first","11":"instock","12":"sale","13":"taxable","14":"shipping-taxable","15":"purchasable","16":"product-type-variable"},"yoast_head":"<!-- This site is optimized with the Yoast SEO plugin v27.3 - https:\/\/yoast.com\/product\/yoast-seo-wordpress\/ -->\n<title>Cannucce in Silicone Alimentare Certificato di Alta Qualit\u00e0 - EcoBiOlia<\/title>\n<meta name=\"description\" content=\"Le cannucce in silicone sono realizzate in silicone 100% alimentare certificato SGS, approvato FDA e LFGB.\u00a0 Senza piombo e BPA.\" \/>\n<meta name=\"robots\" content=\"index, follow, max-snippet:-1, max-image-preview:large, max-video-preview:-1\" \/>\n<link rel=\"canonical\" href=\"https:\/\/ecobiolia.it\/it_it\/prodotto\/cannucce-in-silicone-alimentare-certificato-di-alta-qualita\/\" \/>\n<meta property=\"og:locale\" content=\"it_IT\" \/>\n<meta property=\"og:type\" content=\"article\" \/>\n<meta property=\"og:title\" content=\"Cannucce in Silicone Alimentare Certificato di Alta Qualit\u00e0 - EcoBiOlia\" \/>\n<meta property=\"og:description\" content=\"Le cannucce in silicone sono realizzate in silicone 100% alimentare certificato SGS, approvato FDA e LFGB.\u00a0 Senza piombo e BPA.\" \/>\n<meta property=\"og:url\" content=\"https:\/\/ecobiolia.it\/it_it\/prodotto\/cannucce-in-silicone-alimentare-certificato-di-alta-qualita\/\" \/>\n<meta property=\"og:site_name\" content=\"EcoBiOlia\" \/>\n<meta property=\"article:modified_time\" content=\"2025-10-14T09:01:13+00:00\" \/>\n<meta property=\"og:image\" content=\"https:\/\/ecobiolia.it\/wp-content\/uploads\/2022\/05\/EcoBiOlia-Cannucce-Silicone-Dritte-Piegate.jpg\" \/>\n\t<meta property=\"og:image:width\" content=\"2136\" \/>\n\t<meta property=\"og:image:height\" content=\"1348\" \/>\n\t<meta property=\"og:image:type\" content=\"image\/jpeg\" \/>\n<meta name=\"twitter:card\" content=\"summary_large_image\" \/>\n<meta name=\"twitter:label1\" content=\"Tempo di lettura stimato\" \/>\n\t<meta name=\"twitter:data1\" content=\"2 minuti\" \/>\n<script type=\"application\/ld+json\" class=\"yoast-schema-graph\">{\"@context\":\"https:\\\/\\\/schema.org\",\"@graph\":[{\"@type\":\"WebPage\",\"@id\":\"https:\\\/\\\/ecobiolia.it\\\/prodotto\\\/cannucce-in-silicone-alimentare-certificato-di-alta-qualita\\\/\",\"url\":\"https:\\\/\\\/ecobiolia.it\\\/prodotto\\\/cannucce-in-silicone-alimentare-certificato-di-alta-qualita\\\/\",\"name\":\"Cannucce in Silicone Alimentare Certificato di Alta Qualit\u00e0 - EcoBiOlia\",\"isPartOf\":{\"@id\":\"https:\\\/\\\/ecobiolia.it\\\/it_it\\\/#website\"},\"primaryImageOfPage\":{\"@id\":\"https:\\\/\\\/ecobiolia.it\\\/prodotto\\\/cannucce-in-silicone-alimentare-certificato-di-alta-qualita\\\/#primaryimage\"},\"image\":{\"@id\":\"https:\\\/\\\/ecobiolia.it\\\/prodotto\\\/cannucce-in-silicone-alimentare-certificato-di-alta-qualita\\\/#primaryimage\"},\"thumbnailUrl\":\"https:\\\/\\\/ecobiolia.it\\\/wp-content\\\/uploads\\\/2022\\\/05\\\/EcoBiOlia-Cannucce-Silicone-Dritte-Piegate.jpg\",\"datePublished\":\"2022-04-26T20:06:26+00:00\",\"dateModified\":\"2025-10-14T09:01:13+00:00\",\"description\":\"Le cannucce in silicone sono realizzate in silicone 100% alimentare certificato SGS, approvato FDA e LFGB.\u00a0 Senza piombo e BPA.\",\"breadcrumb\":{\"@id\":\"https:\\\/\\\/ecobiolia.it\\\/prodotto\\\/cannucce-in-silicone-alimentare-certificato-di-alta-qualita\\\/#breadcrumb\"},\"inLanguage\":\"it-IT\",\"potentialAction\":[{\"@type\":\"ReadAction\",\"target\":[\"https:\\\/\\\/ecobiolia.it\\\/prodotto\\\/cannucce-in-silicone-alimentare-certificato-di-alta-qualita\\\/\"]}]},{\"@type\":\"ImageObject\",\"inLanguage\":\"it-IT\",\"@id\":\"https:\\\/\\\/ecobiolia.it\\\/prodotto\\\/cannucce-in-silicone-alimentare-certificato-di-alta-qualita\\\/#primaryimage\",\"url\":\"https:\\\/\\\/ecobiolia.it\\\/wp-content\\\/uploads\\\/2022\\\/05\\\/EcoBiOlia-Cannucce-Silicone-Dritte-Piegate.jpg\",\"contentUrl\":\"https:\\\/\\\/ecobiolia.it\\\/wp-content\\\/uploads\\\/2022\\\/05\\\/EcoBiOlia-Cannucce-Silicone-Dritte-Piegate.jpg\",\"width\":2136,\"height\":1348},{\"@type\":\"BreadcrumbList\",\"@id\":\"https:\\\/\\\/ecobiolia.it\\\/prodotto\\\/cannucce-in-silicone-alimentare-certificato-di-alta-qualita\\\/#breadcrumb\",\"itemListElement\":[{\"@type\":\"ListItem\",\"position\":1,\"name\":\"Home\",\"item\":\"https:\\\/\\\/ecobiolia.it\\\/\"},{\"@type\":\"ListItem\",\"position\":2,\"name\":\"Negozio\",\"item\":\"https:\\\/\\\/ecobiolia.it\\\/negozio\\\/\"},{\"@type\":\"ListItem\",\"position\":3,\"name\":\"Cannucce in Silicone Alimentare Certificato di Alta Qualit\u00e0\"}]},{\"@type\":\"WebSite\",\"@id\":\"https:\\\/\\\/ecobiolia.it\\\/it_it\\\/#website\",\"url\":\"https:\\\/\\\/ecobiolia.it\\\/it_it\\\/\",\"name\":\"EcoBiOlia\",\"description\":\"Negozio Ecologico per Bambini e Adulti\",\"publisher\":{\"@id\":\"https:\\\/\\\/ecobiolia.it\\\/it_it\\\/#organization\"},\"potentialAction\":[{\"@type\":\"SearchAction\",\"target\":{\"@type\":\"EntryPoint\",\"urlTemplate\":\"https:\\\/\\\/ecobiolia.it\\\/it_it\\\/?s={search_term_string}\"},\"query-input\":{\"@type\":\"PropertyValueSpecification\",\"valueRequired\":true,\"valueName\":\"search_term_string\"}}],\"inLanguage\":\"it-IT\"},{\"@type\":\"Organization\",\"@id\":\"https:\\\/\\\/ecobiolia.it\\\/it_it\\\/#organization\",\"name\":\"EcoBiOlia\",\"url\":\"https:\\\/\\\/ecobiolia.it\\\/it_it\\\/\",\"logo\":{\"@type\":\"ImageObject\",\"inLanguage\":\"it-IT\",\"@id\":\"https:\\\/\\\/ecobiolia.it\\\/it_it\\\/#\\\/schema\\\/logo\\\/image\\\/\",\"url\":\"https:\\\/\\\/ecobiolia.it\\\/wp-content\\\/uploads\\\/2022\\\/04\\\/EcoBiOlia-Logo.png\",\"contentUrl\":\"https:\\\/\\\/ecobiolia.it\\\/wp-content\\\/uploads\\\/2022\\\/04\\\/EcoBiOlia-Logo.png\",\"width\":1772,\"height\":944,\"caption\":\"EcoBiOlia\"},\"image\":{\"@id\":\"https:\\\/\\\/ecobiolia.it\\\/it_it\\\/#\\\/schema\\\/logo\\\/image\\\/\"}}]}<\/script>\n<!-- \/ Yoast SEO plugin. -->","yoast_head_json":{"title":"Cannucce in Silicone Alimentare Certificato di Alta Qualit\u00e0 - EcoBiOlia","description":"Le cannucce in silicone sono realizzate in silicone 100% alimentare certificato SGS, approvato FDA e LFGB.\u00a0 Senza piombo e BPA.","robots":{"index":"index","follow":"follow","max-snippet":"max-snippet:-1","max-image-preview":"max-image-preview:large","max-video-preview":"max-video-preview:-1"},"canonical":"https:\/\/ecobiolia.it\/it_it\/prodotto\/cannucce-in-silicone-alimentare-certificato-di-alta-qualita\/","og_locale":"it_IT","og_type":"article","og_title":"Cannucce in Silicone Alimentare Certificato di Alta Qualit\u00e0 - EcoBiOlia","og_description":"Le cannucce in silicone sono realizzate in silicone 100% alimentare certificato SGS, approvato FDA e LFGB.\u00a0 Senza piombo e BPA.","og_url":"https:\/\/ecobiolia.it\/it_it\/prodotto\/cannucce-in-silicone-alimentare-certificato-di-alta-qualita\/","og_site_name":"EcoBiOlia","article_modified_time":"2025-10-14T09:01:13+00:00","og_image":[{"width":2136,"height":1348,"url":"https:\/\/ecobiolia.it\/wp-content\/uploads\/2022\/05\/EcoBiOlia-Cannucce-Silicone-Dritte-Piegate.jpg","type":"image\/jpeg"}],"twitter_card":"summary_large_image","twitter_misc":{"Tempo di lettura stimato":"2 minuti"},"schema":{"@context":"https:\/\/schema.org","@graph":[{"@type":"WebPage","@id":"https:\/\/ecobiolia.it\/prodotto\/cannucce-in-silicone-alimentare-certificato-di-alta-qualita\/","url":"https:\/\/ecobiolia.it\/prodotto\/cannucce-in-silicone-alimentare-certificato-di-alta-qualita\/","name":"Cannucce in Silicone Alimentare Certificato di Alta Qualit\u00e0 - EcoBiOlia","isPartOf":{"@id":"https:\/\/ecobiolia.it\/it_it\/#website"},"primaryImageOfPage":{"@id":"https:\/\/ecobiolia.it\/prodotto\/cannucce-in-silicone-alimentare-certificato-di-alta-qualita\/#primaryimage"},"image":{"@id":"https:\/\/ecobiolia.it\/prodotto\/cannucce-in-silicone-alimentare-certificato-di-alta-qualita\/#primaryimage"},"thumbnailUrl":"https:\/\/ecobiolia.it\/wp-content\/uploads\/2022\/05\/EcoBiOlia-Cannucce-Silicone-Dritte-Piegate.jpg","datePublished":"2022-04-26T20:06:26+00:00","dateModified":"2025-10-14T09:01:13+00:00","description":"Le cannucce in silicone sono realizzate in silicone 100% alimentare certificato SGS, approvato FDA e LFGB.\u00a0 Senza piombo e BPA.","breadcrumb":{"@id":"https:\/\/ecobiolia.it\/prodotto\/cannucce-in-silicone-alimentare-certificato-di-alta-qualita\/#breadcrumb"},"inLanguage":"it-IT","potentialAction":[{"@type":"ReadAction","target":["https:\/\/ecobiolia.it\/prodotto\/cannucce-in-silicone-alimentare-certificato-di-alta-qualita\/"]}]},{"@type":"ImageObject","inLanguage":"it-IT","@id":"https:\/\/ecobiolia.it\/prodotto\/cannucce-in-silicone-alimentare-certificato-di-alta-qualita\/#primaryimage","url":"https:\/\/ecobiolia.it\/wp-content\/uploads\/2022\/05\/EcoBiOlia-Cannucce-Silicone-Dritte-Piegate.jpg","contentUrl":"https:\/\/ecobiolia.it\/wp-content\/uploads\/2022\/05\/EcoBiOlia-Cannucce-Silicone-Dritte-Piegate.jpg","width":2136,"height":1348},{"@type":"BreadcrumbList","@id":"https:\/\/ecobiolia.it\/prodotto\/cannucce-in-silicone-alimentare-certificato-di-alta-qualita\/#breadcrumb","itemListElement":[{"@type":"ListItem","position":1,"name":"Home","item":"https:\/\/ecobiolia.it\/"},{"@type":"ListItem","position":2,"name":"Negozio","item":"https:\/\/ecobiolia.it\/negozio\/"},{"@type":"ListItem","position":3,"name":"Cannucce in Silicone Alimentare Certificato di Alta Qualit\u00e0"}]},{"@type":"WebSite","@id":"https:\/\/ecobiolia.it\/it_it\/#website","url":"https:\/\/ecobiolia.it\/it_it\/","name":"EcoBiOlia","description":"Negozio Ecologico per Bambini e Adulti","publisher":{"@id":"https:\/\/ecobiolia.it\/it_it\/#organization"},"potentialAction":[{"@type":"SearchAction","target":{"@type":"EntryPoint","urlTemplate":"https:\/\/ecobiolia.it\/it_it\/?s={search_term_string}"},"query-input":{"@type":"PropertyValueSpecification","valueRequired":true,"valueName":"search_term_string"}}],"inLanguage":"it-IT"},{"@type":"Organization","@id":"https:\/\/ecobiolia.it\/it_it\/#organization","name":"EcoBiOlia","url":"https:\/\/ecobiolia.it\/it_it\/","logo":{"@type":"ImageObject","inLanguage":"it-IT","@id":"https:\/\/ecobiolia.it\/it_it\/#\/schema\/logo\/image\/","url":"https:\/\/ecobiolia.it\/wp-content\/uploads\/2022\/04\/EcoBiOlia-Logo.png","contentUrl":"https:\/\/ecobiolia.it\/wp-content\/uploads\/2022\/04\/EcoBiOlia-Logo.png","width":1772,"height":944,"caption":"EcoBiOlia"},"image":{"@id":"https:\/\/ecobiolia.it\/it_it\/#\/schema\/logo\/image\/"}}]}},"jetpack-related-posts":[{"id":1924,"url":"https:\/\/ecobiolia.it\/it_it\/prodotto\/cannucce-in-silicone-di-grandi-dimensioni-riutilizzabili\/","url_meta":{"origin":1764,"position":0},"title":"Cannucce in Silicone di Grandi Dimensioni Riutilizzabili","author":"Olga","date":"30 Maggio 2022","format":false,"excerpt":"Le cannucce in silicone sono realizzate in silicone 100% alimentare certificato SGS, approvato FDA e LFGB.\u00a0 Senza piombo e BPA. Sono di grandi dimensioni, morbide per i denti, flessibili e resistenti. Sono adatte a qualsiasi tipo di tazza, perfetta per frullati, frapp\u00e8, yogurt e altre bevande pi\u00f9 dense. Ottima anche\u2026","rel":"","context":"Articolo simile","block_context":{"text":"Articolo simile","link":""},"img":{"alt_text":"","src":"https:\/\/i0.wp.com\/ecobiolia.it\/wp-content\/uploads\/2022\/05\/EcoBiOlia-Cannucce-Silicone-Dritte-Piegate.jpg?resize=350%2C200&ssl=1","width":350,"height":200,"srcset":"https:\/\/i0.wp.com\/ecobiolia.it\/wp-content\/uploads\/2022\/05\/EcoBiOlia-Cannucce-Silicone-Dritte-Piegate.jpg?resize=350%2C200&ssl=1 1x, https:\/\/i0.wp.com\/ecobiolia.it\/wp-content\/uploads\/2022\/05\/EcoBiOlia-Cannucce-Silicone-Dritte-Piegate.jpg?resize=525%2C300&ssl=1 1.5x, https:\/\/i0.wp.com\/ecobiolia.it\/wp-content\/uploads\/2022\/05\/EcoBiOlia-Cannucce-Silicone-Dritte-Piegate.jpg?resize=700%2C400&ssl=1 2x, https:\/\/i0.wp.com\/ecobiolia.it\/wp-content\/uploads\/2022\/05\/EcoBiOlia-Cannucce-Silicone-Dritte-Piegate.jpg?resize=1050%2C600&ssl=1 3x, https:\/\/i0.wp.com\/ecobiolia.it\/wp-content\/uploads\/2022\/05\/EcoBiOlia-Cannucce-Silicone-Dritte-Piegate.jpg?resize=1400%2C800&ssl=1 4x"},"classes":[]},{"id":1909,"url":"https:\/\/ecobiolia.it\/it_it\/prodotto\/cannucce-divertenti-riutilizzabili-per-bambini-in-silicone\/","url_meta":{"origin":1764,"position":1},"title":"Cannucce Divertenti Riutilizzabili per Bambini in Silicone","author":"Olga","date":"28 Maggio 2022","format":false,"excerpt":"Cannucce Divertenti Riutilizzabili Per Bambini sono realizzate in silicone 100% alimentare certificato SGS, approvato FDA e LFGB.\u00a0 Senza piombo e BPA. Sono morbide per i denti, flessibili e resistenti. Possono essere usati per bevande sia calde che fredde, sterilizzati sul vapore, lavati in lavastoviglie. Ottime per bere acqua, latte, succhi,\u2026","rel":"","context":"Con 2 commenti","block_context":{"text":"Con 2 commenti","link":"https:\/\/ecobiolia.it\/it_it\/prodotto\/cannucce-divertenti-riutilizzabili-per-bambini-in-silicone\/#comments"},"img":{"alt_text":"","src":"https:\/\/i0.wp.com\/ecobiolia.it\/wp-content\/uploads\/2022\/05\/EcoBiOlia-Cannucce-Divertenti.jpg?resize=350%2C200&ssl=1","width":350,"height":200,"srcset":"https:\/\/i0.wp.com\/ecobiolia.it\/wp-content\/uploads\/2022\/05\/EcoBiOlia-Cannucce-Divertenti.jpg?resize=350%2C200&ssl=1 1x, https:\/\/i0.wp.com\/ecobiolia.it\/wp-content\/uploads\/2022\/05\/EcoBiOlia-Cannucce-Divertenti.jpg?resize=525%2C300&ssl=1 1.5x, https:\/\/i0.wp.com\/ecobiolia.it\/wp-content\/uploads\/2022\/05\/EcoBiOlia-Cannucce-Divertenti.jpg?resize=700%2C400&ssl=1 2x, https:\/\/i0.wp.com\/ecobiolia.it\/wp-content\/uploads\/2022\/05\/EcoBiOlia-Cannucce-Divertenti.jpg?resize=1050%2C600&ssl=1 3x, https:\/\/i0.wp.com\/ecobiolia.it\/wp-content\/uploads\/2022\/05\/EcoBiOlia-Cannucce-Divertenti.jpg?resize=1400%2C800&ssl=1 4x"},"classes":[]},{"id":3332,"url":"https:\/\/ecobiolia.it\/it_it\/prodotto\/cuscino-piatto-in-mussola-di-bambu-e-cotone\/","url_meta":{"origin":1764,"position":2},"title":"Cuscino Piatto in Mussola di Bamb\u00f9 e Cotone","author":"Olga","date":"16 Luglio 2022","format":false,"excerpt":"Cuscino Piatto in Mussola di Bamb\u00f9 e Cotone con un'adeguata trapuntatura garantisce il comfort e la sicurezza di un bambino. Il suo spessore \u00e8 di pochi centimetri, e allo stesso tempo \u00e8 estremamente morbido! Il tessuto ha il pi\u00f9 alto certificato Oeko-Tex standard 100, che garantisce la sicurezza dell'utilizzo del\u2026","rel":"","context":"Articolo simile","block_context":{"text":"Articolo simile","link":""},"img":{"alt_text":"","src":"https:\/\/i0.wp.com\/ecobiolia.it\/wp-content\/uploads\/2022\/08\/8494.jpg?resize=350%2C200&ssl=1","width":350,"height":200,"srcset":"https:\/\/i0.wp.com\/ecobiolia.it\/wp-content\/uploads\/2022\/08\/8494.jpg?resize=350%2C200&ssl=1 1x, https:\/\/i0.wp.com\/ecobiolia.it\/wp-content\/uploads\/2022\/08\/8494.jpg?resize=525%2C300&ssl=1 1.5x, https:\/\/i0.wp.com\/ecobiolia.it\/wp-content\/uploads\/2022\/08\/8494.jpg?resize=700%2C400&ssl=1 2x, https:\/\/i0.wp.com\/ecobiolia.it\/wp-content\/uploads\/2022\/08\/8494.jpg?resize=1050%2C600&ssl=1 3x"},"classes":[]},{"id":2332,"url":"https:\/\/ecobiolia.it\/it_it\/prodotto\/lullalove-copertina-traforata-in-bamboo-margherita\/","url_meta":{"origin":1764,"position":3},"title":"Copertina Traforata per Neonato in Bamboo &#8211; Margherita","author":"Olga","date":"20 Giugno 2022","format":false,"excerpt":"Stai cercando la copertina traforata in bamboo pi\u00f9 bella del mondo? Eccola! \u00c8 molto morbida, elegante e disponibile in molti colori. Realizzata in filato naturale al 100%, adatta fin dal primo giorno grazie alla trama traforata. La copertina ha fantastiche propriet\u00e0 traspiranti e allo stesso tempo, offre comfort termico. L'utilizzo\u2026","rel":"","context":"Articolo simile","block_context":{"text":"Articolo simile","link":""},"img":{"alt_text":"","src":"https:\/\/i0.wp.com\/ecobiolia.it\/wp-content\/uploads\/2022\/06\/Lullalove-Coperta-Margherita-Crema-Caramello-1.jpg?resize=350%2C200&ssl=1","width":350,"height":200,"srcset":"https:\/\/i0.wp.com\/ecobiolia.it\/wp-content\/uploads\/2022\/06\/Lullalove-Coperta-Margherita-Crema-Caramello-1.jpg?resize=350%2C200&ssl=1 1x, https:\/\/i0.wp.com\/ecobiolia.it\/wp-content\/uploads\/2022\/06\/Lullalove-Coperta-Margherita-Crema-Caramello-1.jpg?resize=525%2C300&ssl=1 1.5x, https:\/\/i0.wp.com\/ecobiolia.it\/wp-content\/uploads\/2022\/06\/Lullalove-Coperta-Margherita-Crema-Caramello-1.jpg?resize=700%2C400&ssl=1 2x, https:\/\/i0.wp.com\/ecobiolia.it\/wp-content\/uploads\/2022\/06\/Lullalove-Coperta-Margherita-Crema-Caramello-1.jpg?resize=1050%2C600&ssl=1 3x, https:\/\/i0.wp.com\/ecobiolia.it\/wp-content\/uploads\/2022\/06\/Lullalove-Coperta-Margherita-Crema-Caramello-1.jpg?resize=1400%2C800&ssl=1 4x"},"classes":[]},{"id":907,"url":"https:\/\/ecobiolia.it\/it_it\/prodotto\/bamboolik-salvaslip-sottili-in-cotone-biologico\/","url_meta":{"origin":1764,"position":4},"title":"Salvaslip Sottili in Cotone Biologico. Set di Tre.","author":"Olga","date":"28 Novembre 2021","format":false,"excerpt":"Salvaslip Sottili in Cotone Biologico Certificato GOTS di slim fit sono ideali per chi preferisce soluzione ecologica e invisibile vestibilit\u00e0. Cotone Biologico, Flessibili, Super Sottili, traspiranti con un strato acqua resistente!","rel":"","context":"Con 1 commento","block_context":{"text":"Con 1 commento","link":"https:\/\/ecobiolia.it\/it_it\/prodotto\/bamboolik-salvaslip-sottili-in-cotone-biologico\/#comments"},"img":{"alt_text":"","src":"https:\/\/i0.wp.com\/ecobiolia.it\/wp-content\/uploads\/2021\/11\/IMG_4262.jpg?resize=350%2C200&ssl=1","width":350,"height":200,"srcset":"https:\/\/i0.wp.com\/ecobiolia.it\/wp-content\/uploads\/2021\/11\/IMG_4262.jpg?resize=350%2C200&ssl=1 1x, https:\/\/i0.wp.com\/ecobiolia.it\/wp-content\/uploads\/2021\/11\/IMG_4262.jpg?resize=525%2C300&ssl=1 1.5x, https:\/\/i0.wp.com\/ecobiolia.it\/wp-content\/uploads\/2021\/11\/IMG_4262.jpg?resize=700%2C400&ssl=1 2x, https:\/\/i0.wp.com\/ecobiolia.it\/wp-content\/uploads\/2021\/11\/IMG_4262.jpg?resize=1050%2C600&ssl=1 3x, https:\/\/i0.wp.com\/ecobiolia.it\/wp-content\/uploads\/2021\/11\/IMG_4262.jpg?resize=1400%2C800&ssl=1 4x"},"classes":[]},{"id":5114,"url":"https:\/\/ecobiolia.it\/it_it\/prodotto\/riduttore-nido-per-culla-lettino\/","url_meta":{"origin":1764,"position":5},"title":"Riduttore Nido per Culla Lettino","author":"Olga","date":"2 Marzo 2023","format":false,"excerpt":"Riduttore Nido per Culla e Lettino per un bambino in filato di cotone naturale e arioso. Taglia perfetta dalla nascita fino a circa un anno. Grazie alla rilegatura, puoi stringere i lati insieme o allargarli, aprendo e dispiegando completamente il nido. Ci\u00f2 consente di adattare la taglia alla taglia e\u2026","rel":"","context":"Articolo simile","block_context":{"text":"Articolo simile","link":""},"img":{"alt_text":"","src":"https:\/\/i0.wp.com\/ecobiolia.it\/wp-content\/uploads\/2023\/03\/7888.jpg?resize=350%2C200&ssl=1","width":350,"height":200,"srcset":"https:\/\/i0.wp.com\/ecobiolia.it\/wp-content\/uploads\/2023\/03\/7888.jpg?resize=350%2C200&ssl=1 1x, https:\/\/i0.wp.com\/ecobiolia.it\/wp-content\/uploads\/2023\/03\/7888.jpg?resize=525%2C300&ssl=1 1.5x, https:\/\/i0.wp.com\/ecobiolia.it\/wp-content\/uploads\/2023\/03\/7888.jpg?resize=700%2C400&ssl=1 2x, https:\/\/i0.wp.com\/ecobiolia.it\/wp-content\/uploads\/2023\/03\/7888.jpg?resize=1050%2C600&ssl=1 3x"},"classes":[]}],"jetpack_sharing_enabled":true,"_links":{"self":[{"href":"https:\/\/ecobiolia.it\/it_it\/wp-json\/wp\/v2\/product\/1764","targetHints":{"allow":["GET"]}}],"collection":[{"href":"https:\/\/ecobiolia.it\/it_it\/wp-json\/wp\/v2\/product"}],"about":[{"href":"https:\/\/ecobiolia.it\/it_it\/wp-json\/wp\/v2\/types\/product"}],"replies":[{"embeddable":true,"href":"https:\/\/ecobiolia.it\/it_it\/wp-json\/wp\/v2\/comments?post=1764"}],"version-history":[{"count":1,"href":"https:\/\/ecobiolia.it\/it_it\/wp-json\/wp\/v2\/product\/1764\/revisions"}],"predecessor-version":[{"id":6405,"href":"https:\/\/ecobiolia.it\/it_it\/wp-json\/wp\/v2\/product\/1764\/revisions\/6405"}],"wp:featuredmedia":[{"embeddable":true,"href":"https:\/\/ecobiolia.it\/it_it\/wp-json\/wp\/v2\/media\/3630"}],"wp:attachment":[{"href":"https:\/\/ecobiolia.it\/it_it\/wp-json\/wp\/v2\/media?parent=1764"}],"wp:term":[{"taxonomy":"product_brand","embeddable":true,"href":"https:\/\/ecobiolia.it\/it_it\/wp-json\/wp\/v2\/product_brand?post=1764"},{"taxonomy":"product_cat","embeddable":true,"href":"https:\/\/ecobiolia.it\/it_it\/wp-json\/wp\/v2\/product_cat?post=1764"},{"taxonomy":"product_tag","embeddable":true,"href":"https:\/\/ecobiolia.it\/it_it\/wp-json\/wp\/v2\/product_tag?post=1764"}],"curies":[{"name":"wp","href":"https:\/\/api.w.org\/{rel}","templated":true}]}}