{"id":1503,"date":"2022-03-24T14:20:24","date_gmt":"2022-03-24T14:20:24","guid":{"rendered":"https:\/\/ecobiolia.it\/?post_type=product&#038;p=1503"},"modified":"2025-03-25T11:39:27","modified_gmt":"2025-03-25T11:39:27","slug":"lullalove-coperta-bambino-in-bamboo-e-cotone-100x120-cm","status":"publish","type":"product","link":"https:\/\/ecobiolia.it\/it_it\/prodotto\/lullalove-coperta-bambino-in-bamboo-e-cotone-100x120-cm\/","title":{"rendered":"Coperta Grande in Bamboo e Cotone 100&#215;120 cm"},"content":{"rendered":"<div class=\"rte collection-description page-width\">\n<p><strong>Certificazione OEKO-TEX STANDARD 100:<\/strong> <span lang=\"it\" xml:lang=\"it\"><span title=\"Prz\u0119dza posiada certyfikat Oeko-Tex standard 100 w klasie produkt\u00f3w dedykowanych niemowl\u0119tom.\">Il filato ha ottenuto il certificato Oeko-Tex Standard 100 &#8211; \u00e8 privo di sostanze nocive e sicuro per i bambini sin dalla nascita. Il certificato <\/span><span title=\"Gwarantuje to jego jako\u015b\u0107 i bezpiecze\u0144stwo.\">garantisce la qualit\u00e0 e sicurezza. <\/span><\/span><\/p>\n<p><strong>Ecologico, antibatterico, antifungine e antiallergico\u00a0 <\/strong><\/p>\n<p><strong>Propriet\u00e0 di termoregolazione: <\/strong><a href=\"https:\/\/ecobiolia.it\/it_it\/blog\/quali-sono-i-materiali-e-tessuti-sostenibili\/\">il filato di bamb\u00f9<\/a><span lang=\"it\" xml:lang=\"it\"><span title=\"Prz\u0119dza bambusowa posiada w\u0142a\u015bciwo\u015bci termoregulacyjne, dzi\u0119ki czemu utrzymuje komfort cieplny, zapobiega przegrzaniu, oddycha i \u015bwietnie odprowadza wilgo\u0107.\"> ha delle propriet\u00e0 di termoregolazione. Mantiene il comfort termico, impedisce il surriscaldamento, \u00e8 traspirante.<\/span><\/span><\/p>\n<p><strong><span lang=\"it\" xml:lang=\"it\"><span title=\"Prz\u0119dza bambusowa posiada w\u0142a\u015bciwo\u015bci termoregulacyjne, dzi\u0119ki czemu utrzymuje komfort cieplny, zapobiega przegrzaniu, oddycha i \u015bwietnie odprowadza wilgo\u0107.\">Superassorbente: <\/span><\/span><\/strong><span lang=\"it\" xml:lang=\"it\"><span title=\"Prz\u0119dza bambusowa posiada w\u0142a\u015bciwo\u015bci termoregulacyjne, dzi\u0119ki czemu utrzymuje komfort cieplny, zapobiega przegrzaniu, oddycha i \u015bwietnie odprowadza wilgo\u0107.\">bamboo a<\/span><\/span>ssorbe l\u2019umidit\u00e0 del 60% meglio del cotone<\/p>\n<p><strong>100% MADE IN EU.<\/strong><\/p>\n<p><span lang=\"it\" xml:lang=\"it\"><span title=\"Rozmiar: 80x100 cm.\">Dimensioni: 100&#215;120 cm.<br \/>\n<\/span><span title=\"Sk\u0142ad: 50% CV bambus, 50% bawe\u0142na.\">Composizione: 50% bamb\u00f9, 50% cotone.<\/span><\/span><\/p>\n<p>E&#8217; consigliato il <span title=\"Zalecane delikatne pranie w pralce w temperaturze max.\">lavaggio delicato in lavatrice a massimo <\/span><span title=\"30 stopni.\">30 gradi. <\/span><span title=\"Do prania u\u017cywa\u0107 delikatnych \u015brodk\u00f3w, nie zawieraj\u0105cych wybielaczy oraz chloru.\">Per il lavaggio usare solo detergenti delicati che non contengono candeggina e cloro. <\/span><span title=\"Suszy\u0107 na p\u0142asko.\">Per asciugare stendere in orizzontale. <\/span><span title=\"Nie prasowa\u0107.\">Non stirare. <\/span><span title=\"Suszarka b\u0119bnowa mo\u017ce uszkodzi\u0107 w\u0142\u00f3kna. \u00a0\">Asciugatrice pu\u00f2 danneggiare le fibre.<\/span><\/p>\n<p>&nbsp;<\/p>\n<\/div>\n","protected":false},"excerpt":{"rendered":"<p><span lang=\"it\" xml:lang=\"it\"><span title=\"Ca\u0142oroczny koc tkany w skandynawskim stylu, wykonany z prz\u0119dzy bambusowej z dodatkiem bawe\u0142ny.\">Coperta grande a maglia in stile scandinavo \u00e8 perfetta sia per bambini grandi che adulti. Fatta in filato di bamb\u00f9 con l&#8217;aggiunta di cotone. Tessuta a doppio strato <\/span><span title=\"Podw\u00f3jna g\u0119sto\u015b\u0107 tkania i mi\u0119sisty splot zapewniaj\u0105 niesamowity komfort u\u017cytkowania.\">offre una comodit\u00e0 stupefacente. Il f<\/span><span title=\"Prz\u0119dza bambusowa posiada w\u0142a\u015bciwo\u015bci termoregulacyjne, dzi\u0119ki czemu utrzymuje komfort cieplny, zapobiega przegrzaniu, oddycha i \u015bwietnie odprowadza wilgo\u0107.\">ilato di bamb\u00f9 ha delle propriet\u00e0 di termoregolazione. Mantiene il comfort termico, impedisce il surriscaldamento, \u00e8 traspirante e superassorbente. <\/span><span title=\"Kocyk doskonale sprawdzi si\u0119 w \u0142\u00f3\u017ceczku, w\u00f3zku czy foteliku samochodowym.\">La copertina \u00e8 ideale per il lettino, letto singolo. Un elemento essenziale per la casa. Sar\u00e0 un <\/span><span title=\"Niezast\u0105piony w wyprawce, idealny na prezent.\">regalo meraviglioso!<\/span><\/span><\/p>\n","protected":false},"featured_media":3939,"comment_status":"open","ping_status":"closed","template":"","meta":[],"product_brand":[],"product_cat":[84,290,117,83,82,81],"product_tag":[],"class_list":{"0":"post-1503","1":"product","2":"type-product","3":"status-publish","4":"has-post-thumbnail","6":"product_cat-coperta-grande","7":"product_cat-coperta-grande-in-bambu","8":"product_cat-coperta-in-bambu-a-maglia-classica","9":"product_cat-coperta-in-bambu-e-cotone","10":"product_cat-coperte","11":"product_cat-nanna","13":"first","14":"instock","15":"taxable","16":"shipping-taxable","17":"purchasable","18":"product-type-variable"},"yoast_head":"<!-- This site is optimized with the Yoast SEO plugin v27.3 - https:\/\/yoast.com\/product\/yoast-seo-wordpress\/ -->\n<title>Coperta Grande in Bamboo e Cotone 100x120 cm - EcoBiOlia<\/title>\n<meta name=\"description\" content=\"Coperta Grande in Bamboo e Cotone a maglia per bambini e adulti. Tessuto a doppio strato offre una comodit\u00e0 stupefacente.\" \/>\n<meta name=\"robots\" content=\"index, follow, max-snippet:-1, max-image-preview:large, max-video-preview:-1\" \/>\n<link rel=\"canonical\" href=\"https:\/\/ecobiolia.it\/it_it\/prodotto\/lullalove-coperta-bambino-in-bamboo-e-cotone-100x120-cm\/\" \/>\n<meta property=\"og:locale\" content=\"it_IT\" \/>\n<meta property=\"og:type\" content=\"article\" \/>\n<meta property=\"og:title\" content=\"Coperta Grande in Bamboo e Cotone 100x120 cm - EcoBiOlia\" \/>\n<meta property=\"og:description\" content=\"Coperta Grande in Bamboo e Cotone a maglia per bambini e adulti. Tessuto a doppio strato offre una comodit\u00e0 stupefacente.\" \/>\n<meta property=\"og:url\" content=\"https:\/\/ecobiolia.it\/it_it\/prodotto\/lullalove-coperta-bambino-in-bamboo-e-cotone-100x120-cm\/\" \/>\n<meta property=\"og:site_name\" content=\"EcoBiOlia\" \/>\n<meta property=\"article:modified_time\" content=\"2025-03-25T11:39:27+00:00\" \/>\n<meta property=\"og:image\" content=\"https:\/\/ecobiolia.it\/wp-content\/uploads\/2022\/03\/239.jpg\" \/>\n\t<meta property=\"og:image:width\" content=\"1200\" \/>\n\t<meta property=\"og:image:height\" content=\"1067\" \/>\n\t<meta property=\"og:image:type\" content=\"image\/jpeg\" \/>\n<meta name=\"twitter:card\" content=\"summary_large_image\" \/>\n<meta name=\"twitter:label1\" content=\"Tempo di lettura stimato\" \/>\n\t<meta name=\"twitter:data1\" content=\"1 minuto\" \/>\n<script type=\"application\/ld+json\" class=\"yoast-schema-graph\">{\"@context\":\"https:\\\/\\\/schema.org\",\"@graph\":[{\"@type\":\"WebPage\",\"@id\":\"https:\\\/\\\/ecobiolia.it\\\/prodotto\\\/lullalove-coperta-bambino-in-bamboo-e-cotone-100x120-cm\\\/\",\"url\":\"https:\\\/\\\/ecobiolia.it\\\/prodotto\\\/lullalove-coperta-bambino-in-bamboo-e-cotone-100x120-cm\\\/\",\"name\":\"Coperta Grande in Bamboo e Cotone 100x120 cm - EcoBiOlia\",\"isPartOf\":{\"@id\":\"https:\\\/\\\/ecobiolia.it\\\/it_it\\\/#website\"},\"primaryImageOfPage\":{\"@id\":\"https:\\\/\\\/ecobiolia.it\\\/prodotto\\\/lullalove-coperta-bambino-in-bamboo-e-cotone-100x120-cm\\\/#primaryimage\"},\"image\":{\"@id\":\"https:\\\/\\\/ecobiolia.it\\\/prodotto\\\/lullalove-coperta-bambino-in-bamboo-e-cotone-100x120-cm\\\/#primaryimage\"},\"thumbnailUrl\":\"https:\\\/\\\/ecobiolia.it\\\/wp-content\\\/uploads\\\/2022\\\/03\\\/239.jpg\",\"datePublished\":\"2022-03-24T14:20:24+00:00\",\"dateModified\":\"2025-03-25T11:39:27+00:00\",\"description\":\"Coperta Grande in Bamboo e Cotone a maglia per bambini e adulti. Tessuto a doppio strato offre una comodit\u00e0 stupefacente.\",\"breadcrumb\":{\"@id\":\"https:\\\/\\\/ecobiolia.it\\\/prodotto\\\/lullalove-coperta-bambino-in-bamboo-e-cotone-100x120-cm\\\/#breadcrumb\"},\"inLanguage\":\"it-IT\",\"potentialAction\":[{\"@type\":\"ReadAction\",\"target\":[\"https:\\\/\\\/ecobiolia.it\\\/prodotto\\\/lullalove-coperta-bambino-in-bamboo-e-cotone-100x120-cm\\\/\"]}]},{\"@type\":\"ImageObject\",\"inLanguage\":\"it-IT\",\"@id\":\"https:\\\/\\\/ecobiolia.it\\\/prodotto\\\/lullalove-coperta-bambino-in-bamboo-e-cotone-100x120-cm\\\/#primaryimage\",\"url\":\"https:\\\/\\\/ecobiolia.it\\\/wp-content\\\/uploads\\\/2022\\\/03\\\/239.jpg\",\"contentUrl\":\"https:\\\/\\\/ecobiolia.it\\\/wp-content\\\/uploads\\\/2022\\\/03\\\/239.jpg\",\"width\":1200,\"height\":1067},{\"@type\":\"BreadcrumbList\",\"@id\":\"https:\\\/\\\/ecobiolia.it\\\/prodotto\\\/lullalove-coperta-bambino-in-bamboo-e-cotone-100x120-cm\\\/#breadcrumb\",\"itemListElement\":[{\"@type\":\"ListItem\",\"position\":1,\"name\":\"Home\",\"item\":\"https:\\\/\\\/ecobiolia.it\\\/\"},{\"@type\":\"ListItem\",\"position\":2,\"name\":\"Negozio\",\"item\":\"https:\\\/\\\/ecobiolia.it\\\/negozio\\\/\"},{\"@type\":\"ListItem\",\"position\":3,\"name\":\"Coperta Grande in Bamboo e Cotone 100&#215;120 cm\"}]},{\"@type\":\"WebSite\",\"@id\":\"https:\\\/\\\/ecobiolia.it\\\/it_it\\\/#website\",\"url\":\"https:\\\/\\\/ecobiolia.it\\\/it_it\\\/\",\"name\":\"EcoBiOlia\",\"description\":\"Negozio Ecologico per Bambini e Adulti\",\"publisher\":{\"@id\":\"https:\\\/\\\/ecobiolia.it\\\/it_it\\\/#organization\"},\"potentialAction\":[{\"@type\":\"SearchAction\",\"target\":{\"@type\":\"EntryPoint\",\"urlTemplate\":\"https:\\\/\\\/ecobiolia.it\\\/it_it\\\/?s={search_term_string}\"},\"query-input\":{\"@type\":\"PropertyValueSpecification\",\"valueRequired\":true,\"valueName\":\"search_term_string\"}}],\"inLanguage\":\"it-IT\"},{\"@type\":\"Organization\",\"@id\":\"https:\\\/\\\/ecobiolia.it\\\/it_it\\\/#organization\",\"name\":\"EcoBiOlia\",\"url\":\"https:\\\/\\\/ecobiolia.it\\\/it_it\\\/\",\"logo\":{\"@type\":\"ImageObject\",\"inLanguage\":\"it-IT\",\"@id\":\"https:\\\/\\\/ecobiolia.it\\\/it_it\\\/#\\\/schema\\\/logo\\\/image\\\/\",\"url\":\"https:\\\/\\\/ecobiolia.it\\\/wp-content\\\/uploads\\\/2022\\\/04\\\/EcoBiOlia-Logo.png\",\"contentUrl\":\"https:\\\/\\\/ecobiolia.it\\\/wp-content\\\/uploads\\\/2022\\\/04\\\/EcoBiOlia-Logo.png\",\"width\":1772,\"height\":944,\"caption\":\"EcoBiOlia\"},\"image\":{\"@id\":\"https:\\\/\\\/ecobiolia.it\\\/it_it\\\/#\\\/schema\\\/logo\\\/image\\\/\"}}]}<\/script>\n<!-- \/ Yoast SEO plugin. -->","yoast_head_json":{"title":"Coperta Grande in Bamboo e Cotone 100x120 cm - EcoBiOlia","description":"Coperta Grande in Bamboo e Cotone a maglia per bambini e adulti. Tessuto a doppio strato offre una comodit\u00e0 stupefacente.","robots":{"index":"index","follow":"follow","max-snippet":"max-snippet:-1","max-image-preview":"max-image-preview:large","max-video-preview":"max-video-preview:-1"},"canonical":"https:\/\/ecobiolia.it\/it_it\/prodotto\/lullalove-coperta-bambino-in-bamboo-e-cotone-100x120-cm\/","og_locale":"it_IT","og_type":"article","og_title":"Coperta Grande in Bamboo e Cotone 100x120 cm - EcoBiOlia","og_description":"Coperta Grande in Bamboo e Cotone a maglia per bambini e adulti. Tessuto a doppio strato offre una comodit\u00e0 stupefacente.","og_url":"https:\/\/ecobiolia.it\/it_it\/prodotto\/lullalove-coperta-bambino-in-bamboo-e-cotone-100x120-cm\/","og_site_name":"EcoBiOlia","article_modified_time":"2025-03-25T11:39:27+00:00","og_image":[{"width":1200,"height":1067,"url":"https:\/\/ecobiolia.it\/wp-content\/uploads\/2022\/03\/239.jpg","type":"image\/jpeg"}],"twitter_card":"summary_large_image","twitter_misc":{"Tempo di lettura stimato":"1 minuto"},"schema":{"@context":"https:\/\/schema.org","@graph":[{"@type":"WebPage","@id":"https:\/\/ecobiolia.it\/prodotto\/lullalove-coperta-bambino-in-bamboo-e-cotone-100x120-cm\/","url":"https:\/\/ecobiolia.it\/prodotto\/lullalove-coperta-bambino-in-bamboo-e-cotone-100x120-cm\/","name":"Coperta Grande in Bamboo e Cotone 100x120 cm - EcoBiOlia","isPartOf":{"@id":"https:\/\/ecobiolia.it\/it_it\/#website"},"primaryImageOfPage":{"@id":"https:\/\/ecobiolia.it\/prodotto\/lullalove-coperta-bambino-in-bamboo-e-cotone-100x120-cm\/#primaryimage"},"image":{"@id":"https:\/\/ecobiolia.it\/prodotto\/lullalove-coperta-bambino-in-bamboo-e-cotone-100x120-cm\/#primaryimage"},"thumbnailUrl":"https:\/\/ecobiolia.it\/wp-content\/uploads\/2022\/03\/239.jpg","datePublished":"2022-03-24T14:20:24+00:00","dateModified":"2025-03-25T11:39:27+00:00","description":"Coperta Grande in Bamboo e Cotone a maglia per bambini e adulti. Tessuto a doppio strato offre una comodit\u00e0 stupefacente.","breadcrumb":{"@id":"https:\/\/ecobiolia.it\/prodotto\/lullalove-coperta-bambino-in-bamboo-e-cotone-100x120-cm\/#breadcrumb"},"inLanguage":"it-IT","potentialAction":[{"@type":"ReadAction","target":["https:\/\/ecobiolia.it\/prodotto\/lullalove-coperta-bambino-in-bamboo-e-cotone-100x120-cm\/"]}]},{"@type":"ImageObject","inLanguage":"it-IT","@id":"https:\/\/ecobiolia.it\/prodotto\/lullalove-coperta-bambino-in-bamboo-e-cotone-100x120-cm\/#primaryimage","url":"https:\/\/ecobiolia.it\/wp-content\/uploads\/2022\/03\/239.jpg","contentUrl":"https:\/\/ecobiolia.it\/wp-content\/uploads\/2022\/03\/239.jpg","width":1200,"height":1067},{"@type":"BreadcrumbList","@id":"https:\/\/ecobiolia.it\/prodotto\/lullalove-coperta-bambino-in-bamboo-e-cotone-100x120-cm\/#breadcrumb","itemListElement":[{"@type":"ListItem","position":1,"name":"Home","item":"https:\/\/ecobiolia.it\/"},{"@type":"ListItem","position":2,"name":"Negozio","item":"https:\/\/ecobiolia.it\/negozio\/"},{"@type":"ListItem","position":3,"name":"Coperta Grande in Bamboo e Cotone 100&#215;120 cm"}]},{"@type":"WebSite","@id":"https:\/\/ecobiolia.it\/it_it\/#website","url":"https:\/\/ecobiolia.it\/it_it\/","name":"EcoBiOlia","description":"Negozio Ecologico per Bambini e Adulti","publisher":{"@id":"https:\/\/ecobiolia.it\/it_it\/#organization"},"potentialAction":[{"@type":"SearchAction","target":{"@type":"EntryPoint","urlTemplate":"https:\/\/ecobiolia.it\/it_it\/?s={search_term_string}"},"query-input":{"@type":"PropertyValueSpecification","valueRequired":true,"valueName":"search_term_string"}}],"inLanguage":"it-IT"},{"@type":"Organization","@id":"https:\/\/ecobiolia.it\/it_it\/#organization","name":"EcoBiOlia","url":"https:\/\/ecobiolia.it\/it_it\/","logo":{"@type":"ImageObject","inLanguage":"it-IT","@id":"https:\/\/ecobiolia.it\/it_it\/#\/schema\/logo\/image\/","url":"https:\/\/ecobiolia.it\/wp-content\/uploads\/2022\/04\/EcoBiOlia-Logo.png","contentUrl":"https:\/\/ecobiolia.it\/wp-content\/uploads\/2022\/04\/EcoBiOlia-Logo.png","width":1772,"height":944,"caption":"EcoBiOlia"},"image":{"@id":"https:\/\/ecobiolia.it\/it_it\/#\/schema\/logo\/image\/"}}]}},"jetpack-related-posts":[{"id":1585,"url":"https:\/\/ecobiolia.it\/it_it\/prodotto\/lullalove-coperta-in-bambu-a-maglia-classica-80x100-cm\/","url_meta":{"origin":1503,"position":0},"title":"Coperta Clinica Termoregolante per Tutte le Stagioni &#8211; Classica","author":"Olga","date":"30 Marzo 2022","format":false,"excerpt":"Coperta a maglia in stile scandinavo. Fatta in filato di bamb\u00f9 con l'aggiunta di cotone. Tessuta a doppio strato offre una comodit\u00e0 stupefacente. Il filato di bamb\u00f9 ha delle propriet\u00e0 di termoregolazione. Mantiene il comfort termico, impedisce il surriscaldamento, \u00e8 traspirante e superassorbente. La copertina \u00e8 ideale per il lettino,\u2026","rel":"","context":"Articolo simile","block_context":{"text":"Articolo simile","link":""},"img":{"alt_text":"","src":"https:\/\/i0.wp.com\/ecobiolia.it\/wp-content\/uploads\/2022\/03\/Coperta-Termoregolatrice-classica-colori.png?resize=350%2C200&ssl=1","width":350,"height":200,"srcset":"https:\/\/i0.wp.com\/ecobiolia.it\/wp-content\/uploads\/2022\/03\/Coperta-Termoregolatrice-classica-colori.png?resize=350%2C200&ssl=1 1x, https:\/\/i0.wp.com\/ecobiolia.it\/wp-content\/uploads\/2022\/03\/Coperta-Termoregolatrice-classica-colori.png?resize=525%2C300&ssl=1 1.5x, https:\/\/i0.wp.com\/ecobiolia.it\/wp-content\/uploads\/2022\/03\/Coperta-Termoregolatrice-classica-colori.png?resize=700%2C400&ssl=1 2x, https:\/\/i0.wp.com\/ecobiolia.it\/wp-content\/uploads\/2022\/03\/Coperta-Termoregolatrice-classica-colori.png?resize=1050%2C600&ssl=1 3x, https:\/\/i0.wp.com\/ecobiolia.it\/wp-content\/uploads\/2022\/03\/Coperta-Termoregolatrice-classica-colori.png?resize=1400%2C800&ssl=1 4x"},"classes":[]},{"id":1084,"url":"https:\/\/ecobiolia.it\/it_it\/prodotto\/lullalove-coperta-in-bambu-a-maglia-nuova-80x100-cm\/","url_meta":{"origin":1503,"position":1},"title":"Coperta in Bamb\u00f9 a Maglia Rombi 80&#215;100 cm","author":"Olga","date":"25 Gennaio 2022","format":false,"excerpt":"La migliore qualit\u00e0 di coperta per bambini in bamb\u00f9 e cotone con motivo a rombi. La fibra di bamb\u00f9 rende la copertina leggera, durevole, ipoallergenica, antibatterica, traspirante e resistente ai raggi UV. Il filato di bamb\u00f9 ha delle propriet\u00e0 di termoregolazione. Mantiene il comfort termico, impedisce il surriscaldamento, \u00e8 traspirante\u2026","rel":"","context":"Articolo simile","block_context":{"text":"Articolo simile","link":""},"img":{"alt_text":"","src":"https:\/\/i0.wp.com\/ecobiolia.it\/wp-content\/uploads\/2022\/01\/Lullalove-Coperta-Bambino-Nuova.jpg?resize=350%2C200&ssl=1","width":350,"height":200,"srcset":"https:\/\/i0.wp.com\/ecobiolia.it\/wp-content\/uploads\/2022\/01\/Lullalove-Coperta-Bambino-Nuova.jpg?resize=350%2C200&ssl=1 1x, https:\/\/i0.wp.com\/ecobiolia.it\/wp-content\/uploads\/2022\/01\/Lullalove-Coperta-Bambino-Nuova.jpg?resize=525%2C300&ssl=1 1.5x, https:\/\/i0.wp.com\/ecobiolia.it\/wp-content\/uploads\/2022\/01\/Lullalove-Coperta-Bambino-Nuova.jpg?resize=700%2C400&ssl=1 2x, https:\/\/i0.wp.com\/ecobiolia.it\/wp-content\/uploads\/2022\/01\/Lullalove-Coperta-Bambino-Nuova.jpg?resize=1050%2C600&ssl=1 3x, https:\/\/i0.wp.com\/ecobiolia.it\/wp-content\/uploads\/2022\/01\/Lullalove-Coperta-Bambino-Nuova.jpg?resize=1400%2C800&ssl=1 4x"},"classes":[]},{"id":4252,"url":"https:\/\/ecobiolia.it\/it_it\/prodotto\/coperta-in-bambu-con-volant-a-maglia-classica\/","url_meta":{"origin":1503,"position":2},"title":"Coperta in Bamb\u00f9 con Volant a Maglia Classica","author":"Olga","date":"22 Agosto 2022","format":false,"excerpt":"Una bellissima Coperta in Bamb\u00f9 con Volant a Maglia Classica realizzata in filato di bamb\u00f9 e cotone. La balza scorrevole sui lati (volant) conferisce una forma irregolare. La maglia e il filato della coperta garantiscono comfort di utilizzo durante tutto l'anno. Perfetto per l'uso a casa, a passeggio o in\u2026","rel":"","context":"Articolo simile","block_context":{"text":"Articolo simile","link":""},"img":{"alt_text":"","src":"https:\/\/i0.wp.com\/ecobiolia.it\/wp-content\/uploads\/2022\/08\/7674.jpg?resize=350%2C200&ssl=1","width":350,"height":200,"srcset":"https:\/\/i0.wp.com\/ecobiolia.it\/wp-content\/uploads\/2022\/08\/7674.jpg?resize=350%2C200&ssl=1 1x, https:\/\/i0.wp.com\/ecobiolia.it\/wp-content\/uploads\/2022\/08\/7674.jpg?resize=525%2C300&ssl=1 1.5x, https:\/\/i0.wp.com\/ecobiolia.it\/wp-content\/uploads\/2022\/08\/7674.jpg?resize=700%2C400&ssl=1 2x, https:\/\/i0.wp.com\/ecobiolia.it\/wp-content\/uploads\/2022\/08\/7674.jpg?resize=1050%2C600&ssl=1 3x, https:\/\/i0.wp.com\/ecobiolia.it\/wp-content\/uploads\/2022\/08\/7674.jpg?resize=1400%2C800&ssl=1 4x"},"classes":[]},{"id":4883,"url":"https:\/\/ecobiolia.it\/it_it\/prodotto\/coperta-per-tutte-le-stagioni-in-bambu-nuvole\/","url_meta":{"origin":1503,"position":3},"title":"Coperta per Tutte le Stagioni in Bamb\u00f9 &#8211; Nuvole","author":"Olga","date":"1 Marzo 2023","format":false,"excerpt":"Una coperta per Tutte le Stagioni in stile scandinavo, realizzata in filato di bamb\u00f9 con l'aggiunta di cotone. La doppia densit\u00e0 della maglia e la trama carnosa assicurano un comfort di utilizzo straordinario. Il filato di bamb\u00f9 ha propriet\u00e0 termoregolatrici, grazie alle quali mantiene il comfort termico, previene il surriscaldamento,\u2026","rel":"","context":"Articolo simile","block_context":{"text":"Articolo simile","link":""},"img":{"alt_text":"","src":"https:\/\/i0.wp.com\/ecobiolia.it\/wp-content\/uploads\/2023\/03\/Coperta-Nuvole-Post.jpeg?resize=350%2C200&ssl=1","width":350,"height":200,"srcset":"https:\/\/i0.wp.com\/ecobiolia.it\/wp-content\/uploads\/2023\/03\/Coperta-Nuvole-Post.jpeg?resize=350%2C200&ssl=1 1x, https:\/\/i0.wp.com\/ecobiolia.it\/wp-content\/uploads\/2023\/03\/Coperta-Nuvole-Post.jpeg?resize=525%2C300&ssl=1 1.5x, https:\/\/i0.wp.com\/ecobiolia.it\/wp-content\/uploads\/2023\/03\/Coperta-Nuvole-Post.jpeg?resize=700%2C400&ssl=1 2x, https:\/\/i0.wp.com\/ecobiolia.it\/wp-content\/uploads\/2023\/03\/Coperta-Nuvole-Post.jpeg?resize=1050%2C600&ssl=1 3x"},"classes":[]},{"id":4059,"url":"https:\/\/ecobiolia.it\/it_it\/prodotto\/asciugamano-bambino-in-bambu-con-cappuccio-grigio\/","url_meta":{"origin":1503,"position":4},"title":"Asciugamano Bambino in Bamb\u00f9 con Cappuccio &#8211; Grigio","author":"Olga","date":"22 Agosto 2022","format":false,"excerpt":"Un asciugamano deliziosamente morbido per bambino in bamb\u00f9 naturale con cappuccio divertente. Ideale per la cura quotidiana del bambino, cos\u00ec come per i viaggi, in piscina o al mare. Comodo cappuccio, grandi dimensioni e orecchie dolci sono indubbi vantaggi del prodotto. Le orecchie carine aggiungono fascino. La fibra di bamb\u00f9\u2026","rel":"","context":"Articolo simile","block_context":{"text":"Articolo simile","link":""},"img":{"alt_text":"","src":"https:\/\/i0.wp.com\/ecobiolia.it\/wp-content\/uploads\/2022\/08\/175.png?resize=350%2C200&ssl=1","width":350,"height":200,"srcset":"https:\/\/i0.wp.com\/ecobiolia.it\/wp-content\/uploads\/2022\/08\/175.png?resize=350%2C200&ssl=1 1x, https:\/\/i0.wp.com\/ecobiolia.it\/wp-content\/uploads\/2022\/08\/175.png?resize=525%2C300&ssl=1 1.5x, https:\/\/i0.wp.com\/ecobiolia.it\/wp-content\/uploads\/2022\/08\/175.png?resize=700%2C400&ssl=1 2x, https:\/\/i0.wp.com\/ecobiolia.it\/wp-content\/uploads\/2022\/08\/175.png?resize=1050%2C600&ssl=1 3x"},"classes":[]},{"id":4076,"url":"https:\/\/ecobiolia.it\/it_it\/prodotto\/asciugamano-bambino-in-bambu-con-cappuccio-mr-b\/","url_meta":{"origin":1503,"position":5},"title":"Asciugamano Bambino in Bamb\u00f9 con Cappuccio &#8211; Mr B","author":"Olga","date":"22 Agosto 2022","format":false,"excerpt":"Un asciugamano deliziosamente morbido per bambino in bamb\u00f9 naturale con cappuccio divertente. Ideale per la cura quotidiana del bambino, cos\u00ec come per i viaggi, in piscina o al mare. Comodo cappuccio, grandi dimensioni e orecchie dolci sono indubbi vantaggi del prodotto. Le orecchie carine aggiungono fascino. La fibra di bamb\u00f9\u2026","rel":"","context":"Articolo simile","block_context":{"text":"Articolo simile","link":""},"img":{"alt_text":"","src":"https:\/\/i0.wp.com\/ecobiolia.it\/wp-content\/uploads\/2022\/08\/549.jpg?resize=350%2C200&ssl=1","width":350,"height":200,"srcset":"https:\/\/i0.wp.com\/ecobiolia.it\/wp-content\/uploads\/2022\/08\/549.jpg?resize=350%2C200&ssl=1 1x, https:\/\/i0.wp.com\/ecobiolia.it\/wp-content\/uploads\/2022\/08\/549.jpg?resize=525%2C300&ssl=1 1.5x, https:\/\/i0.wp.com\/ecobiolia.it\/wp-content\/uploads\/2022\/08\/549.jpg?resize=700%2C400&ssl=1 2x"},"classes":[]}],"jetpack_sharing_enabled":true,"_links":{"self":[{"href":"https:\/\/ecobiolia.it\/it_it\/wp-json\/wp\/v2\/product\/1503","targetHints":{"allow":["GET"]}}],"collection":[{"href":"https:\/\/ecobiolia.it\/it_it\/wp-json\/wp\/v2\/product"}],"about":[{"href":"https:\/\/ecobiolia.it\/it_it\/wp-json\/wp\/v2\/types\/product"}],"replies":[{"embeddable":true,"href":"https:\/\/ecobiolia.it\/it_it\/wp-json\/wp\/v2\/comments?post=1503"}],"version-history":[{"count":1,"href":"https:\/\/ecobiolia.it\/it_it\/wp-json\/wp\/v2\/product\/1503\/revisions"}],"predecessor-version":[{"id":6378,"href":"https:\/\/ecobiolia.it\/it_it\/wp-json\/wp\/v2\/product\/1503\/revisions\/6378"}],"wp:featuredmedia":[{"embeddable":true,"href":"https:\/\/ecobiolia.it\/it_it\/wp-json\/wp\/v2\/media\/3939"}],"wp:attachment":[{"href":"https:\/\/ecobiolia.it\/it_it\/wp-json\/wp\/v2\/media?parent=1503"}],"wp:term":[{"taxonomy":"product_brand","embeddable":true,"href":"https:\/\/ecobiolia.it\/it_it\/wp-json\/wp\/v2\/product_brand?post=1503"},{"taxonomy":"product_cat","embeddable":true,"href":"https:\/\/ecobiolia.it\/it_it\/wp-json\/wp\/v2\/product_cat?post=1503"},{"taxonomy":"product_tag","embeddable":true,"href":"https:\/\/ecobiolia.it\/it_it\/wp-json\/wp\/v2\/product_tag?post=1503"}],"curies":[{"name":"wp","href":"https:\/\/api.w.org\/{rel}","templated":true}]}}