{"id":1294,"date":"2022-02-27T18:18:07","date_gmt":"2022-02-27T18:18:07","guid":{"rendered":"https:\/\/ecobiolia.it\/?post_type=product&#038;p=1294"},"modified":"2025-04-22T19:19:19","modified_gmt":"2025-04-22T19:19:19","slug":"martini-spazzola-per-la-spazzolatura-a-secco","status":"publish","type":"product","link":"https:\/\/ecobiolia.it\/it_it\/prodotto\/martini-spazzola-per-la-spazzolatura-a-secco\/","title":{"rendered":"Martini &#8211; Spazzola per la Spazzolatura a Secco"},"content":{"rendered":"<p><span class=\"VIiyi\" lang=\"it\"><span class=\"JLqJ4b ChMk0b\" data-language-for-alternatives=\"it\" data-language-to-translate-into=\"en\" data-phrase-index=\"0\" data-number-of-phrases=\"3\"><span class=\"Q4iAWc\">La Spazola di Martini per la spazzolatura a secco offre tutta la comodit\u00e0 per ottenere i vantaggi del massaggio:<\/span><\/span><\/span><\/p>\n<ul>\n<li><span class=\"VIiyi\" lang=\"it\"><span class=\"JLqJ4b ChMk0b\" data-language-for-alternatives=\"it\" data-language-to-translate-into=\"en\" data-phrase-index=\"0\" data-number-of-phrases=\"3\"><span class=\"Q4iAWc\">Setole naturali aiutano ad <span class=\"d2edcug0 hpfvmrgz qv66sw1b c1et5uql lr9zc1uh a8c37x1j fe6kdd0r mau55g9w c8b282yb keod5gw0 nxhoafnm aigsh9s9 d3f4x2em iv3no6db jq4qci2q a3bd9o3v b1v8xokw oo9gr5id hzawbc8m\" dir=\"auto\">evitare irritazioni della pelle.<\/span><\/span><\/span><\/span><\/li>\n<li><span class=\"VIiyi\" lang=\"it\"><span class=\"JLqJ4b ChMk0b\" data-language-for-alternatives=\"it\" data-language-to-translate-into=\"en\" data-phrase-index=\"2\" data-number-of-phrases=\"3\"><span class=\"Q4iAWc\">Il manico lungo \u00e8 utile per le aree difficili da raggiungere come la schiena.<\/span><\/span><\/span><\/li>\n<li>Manico Staccabile: la spazzola pu\u00f2 essere sfilata dal manico per essere impugnata ed utilizzata manualmente, per un\u2019azione pi\u00f9 mirata e precisa.<\/li>\n<\/ul>\n","protected":false},"excerpt":{"rendered":"<p><span data-offset-key=\"42ptm-0-0\">La spazzola per la spazzolatura a secco \u00e8 fantastica per un massaggio quotidiano del corpo. <span class=\"VIiyi\" lang=\"it\"><span class=\"JLqJ4b ChMk0b\" data-language-for-alternatives=\"it\" data-language-to-translate-into=\"en\" data-phrase-index=\"0\" data-number-of-phrases=\"1\"><span class=\"Q4iAWc\">La pelle risulter\u00e0 pi\u00f9 morbida e levigata al tatto.<\/span><\/span><\/span><br \/>\n<\/span><\/p>\n<ul>\n<li><a href=\"https:\/\/ecobiolia.it\/it_it\/prodotto\/martini-striscia-lavaschiena-esfoliante-loofah-e-cotone\/\"><span data-offset-key=\"42ptm-0-0\">r<span class=\"VIiyi\" lang=\"it\"><span class=\"JLqJ4b ChMk0b\" data-language-for-alternatives=\"it\" data-language-to-translate-into=\"en\" data-phrase-index=\"0\" data-number-of-phrases=\"1\"><span class=\"Q4iAWc\">imuove le cellule morte della pelle<\/span><\/span><\/span><\/span><\/a><\/li>\n<li><a href=\"https:\/\/ecobiolia.it\/it_it\/prodotto\/guanto-esfoliante-corpo-in-loofah-e-cotone-martini\/\"><span data-offset-key=\"42ptm-0-0\">aumenta la circolazione <\/span><\/a><\/li>\n<li><span data-offset-key=\"42ptm-0-0\">disintossica<\/span><\/li>\n<li><a href=\"https:\/\/ecobiolia.it\/it_it\/prodotto\/martini-striscia-lavaschiena-tonificante-e-relax\/\"><span data-offset-key=\"42ptm-0-0\">riduce la cellulite<\/span><\/a><\/li>\n<\/ul>\n<p>&nbsp;<\/p>\n<p>&nbsp;<\/p>\n","protected":false},"featured_media":1438,"comment_status":"open","ping_status":"closed","template":"","meta":[],"product_brand":[],"product_cat":[45,134],"product_tag":[],"class_list":{"0":"post-1294","1":"product","2":"type-product","3":"status-publish","4":"has-post-thumbnail","6":"product_cat-prodotti-per-la-cura-del-corpo","7":"product_cat-spazzole","9":"first","10":"instock","11":"taxable","12":"shipping-taxable","13":"purchasable","14":"product-type-simple"},"yoast_head":"<!-- This site is optimized with the Yoast SEO plugin v27.3 - https:\/\/yoast.com\/product\/yoast-seo-wordpress\/ -->\n<title>Martini - Spazzola per la Spazzolatura a Secco - EcoBiOlia<\/title>\n<meta name=\"description\" content=\"Spazzola per la spazzolatura a secco aiuta ad eliminare la desquamazione della pelle, aumentare la circolazione e ridurre la cellulite.\" \/>\n<meta name=\"robots\" content=\"index, follow, max-snippet:-1, max-image-preview:large, max-video-preview:-1\" \/>\n<link rel=\"canonical\" href=\"https:\/\/ecobiolia.it\/it_it\/prodotto\/martini-spazzola-per-la-spazzolatura-a-secco\/\" \/>\n<meta property=\"og:locale\" content=\"it_IT\" \/>\n<meta property=\"og:type\" content=\"article\" \/>\n<meta property=\"og:title\" content=\"Martini - Spazzola per la Spazzolatura a Secco - EcoBiOlia\" \/>\n<meta property=\"og:description\" content=\"Spazzola per la spazzolatura a secco aiuta ad eliminare la desquamazione della pelle, aumentare la circolazione e ridurre la cellulite.\" \/>\n<meta property=\"og:url\" content=\"https:\/\/ecobiolia.it\/it_it\/prodotto\/martini-spazzola-per-la-spazzolatura-a-secco\/\" \/>\n<meta property=\"og:site_name\" content=\"EcoBiOlia\" \/>\n<meta property=\"article:modified_time\" content=\"2025-04-22T19:19:19+00:00\" \/>\n<meta property=\"og:image\" content=\"https:\/\/ecobiolia.it\/wp-content\/uploads\/2022\/02\/Martini-Spazzola-Bio.jpg\" \/>\n\t<meta property=\"og:image:width\" content=\"1622\" \/>\n\t<meta property=\"og:image:height\" content=\"1082\" \/>\n\t<meta property=\"og:image:type\" content=\"image\/jpeg\" \/>\n<meta name=\"twitter:card\" content=\"summary_large_image\" \/>\n<meta name=\"twitter:label1\" content=\"Tempo di lettura stimato\" \/>\n\t<meta name=\"twitter:data1\" content=\"1 minuto\" \/>\n<script type=\"application\/ld+json\" class=\"yoast-schema-graph\">{\"@context\":\"https:\\\/\\\/schema.org\",\"@graph\":[{\"@type\":\"WebPage\",\"@id\":\"https:\\\/\\\/ecobiolia.it\\\/prodotto\\\/martini-spazzola-per-la-spazzolatura-a-secco\\\/\",\"url\":\"https:\\\/\\\/ecobiolia.it\\\/prodotto\\\/martini-spazzola-per-la-spazzolatura-a-secco\\\/\",\"name\":\"Martini - Spazzola per la Spazzolatura a Secco - EcoBiOlia\",\"isPartOf\":{\"@id\":\"https:\\\/\\\/ecobiolia.it\\\/it_it\\\/#website\"},\"primaryImageOfPage\":{\"@id\":\"https:\\\/\\\/ecobiolia.it\\\/prodotto\\\/martini-spazzola-per-la-spazzolatura-a-secco\\\/#primaryimage\"},\"image\":{\"@id\":\"https:\\\/\\\/ecobiolia.it\\\/prodotto\\\/martini-spazzola-per-la-spazzolatura-a-secco\\\/#primaryimage\"},\"thumbnailUrl\":\"https:\\\/\\\/ecobiolia.it\\\/wp-content\\\/uploads\\\/2022\\\/02\\\/Martini-Spazzola-Bio.jpg\",\"datePublished\":\"2022-02-27T18:18:07+00:00\",\"dateModified\":\"2025-04-22T19:19:19+00:00\",\"description\":\"Spazzola per la spazzolatura a secco aiuta ad eliminare la desquamazione della pelle, aumentare la circolazione e ridurre la cellulite.\",\"breadcrumb\":{\"@id\":\"https:\\\/\\\/ecobiolia.it\\\/prodotto\\\/martini-spazzola-per-la-spazzolatura-a-secco\\\/#breadcrumb\"},\"inLanguage\":\"it-IT\",\"potentialAction\":[{\"@type\":\"ReadAction\",\"target\":[\"https:\\\/\\\/ecobiolia.it\\\/prodotto\\\/martini-spazzola-per-la-spazzolatura-a-secco\\\/\"]}]},{\"@type\":\"ImageObject\",\"inLanguage\":\"it-IT\",\"@id\":\"https:\\\/\\\/ecobiolia.it\\\/prodotto\\\/martini-spazzola-per-la-spazzolatura-a-secco\\\/#primaryimage\",\"url\":\"https:\\\/\\\/ecobiolia.it\\\/wp-content\\\/uploads\\\/2022\\\/02\\\/Martini-Spazzola-Bio.jpg\",\"contentUrl\":\"https:\\\/\\\/ecobiolia.it\\\/wp-content\\\/uploads\\\/2022\\\/02\\\/Martini-Spazzola-Bio.jpg\",\"width\":1622,\"height\":1082},{\"@type\":\"BreadcrumbList\",\"@id\":\"https:\\\/\\\/ecobiolia.it\\\/prodotto\\\/martini-spazzola-per-la-spazzolatura-a-secco\\\/#breadcrumb\",\"itemListElement\":[{\"@type\":\"ListItem\",\"position\":1,\"name\":\"Home\",\"item\":\"https:\\\/\\\/ecobiolia.it\\\/\"},{\"@type\":\"ListItem\",\"position\":2,\"name\":\"Negozio\",\"item\":\"https:\\\/\\\/ecobiolia.it\\\/negozio\\\/\"},{\"@type\":\"ListItem\",\"position\":3,\"name\":\"Martini &#8211; Spazzola per la Spazzolatura a Secco\"}]},{\"@type\":\"WebSite\",\"@id\":\"https:\\\/\\\/ecobiolia.it\\\/it_it\\\/#website\",\"url\":\"https:\\\/\\\/ecobiolia.it\\\/it_it\\\/\",\"name\":\"EcoBiOlia\",\"description\":\"Negozio Ecologico per Bambini e Adulti\",\"publisher\":{\"@id\":\"https:\\\/\\\/ecobiolia.it\\\/it_it\\\/#organization\"},\"potentialAction\":[{\"@type\":\"SearchAction\",\"target\":{\"@type\":\"EntryPoint\",\"urlTemplate\":\"https:\\\/\\\/ecobiolia.it\\\/it_it\\\/?s={search_term_string}\"},\"query-input\":{\"@type\":\"PropertyValueSpecification\",\"valueRequired\":true,\"valueName\":\"search_term_string\"}}],\"inLanguage\":\"it-IT\"},{\"@type\":\"Organization\",\"@id\":\"https:\\\/\\\/ecobiolia.it\\\/it_it\\\/#organization\",\"name\":\"EcoBiOlia\",\"url\":\"https:\\\/\\\/ecobiolia.it\\\/it_it\\\/\",\"logo\":{\"@type\":\"ImageObject\",\"inLanguage\":\"it-IT\",\"@id\":\"https:\\\/\\\/ecobiolia.it\\\/it_it\\\/#\\\/schema\\\/logo\\\/image\\\/\",\"url\":\"https:\\\/\\\/ecobiolia.it\\\/wp-content\\\/uploads\\\/2022\\\/04\\\/EcoBiOlia-Logo.png\",\"contentUrl\":\"https:\\\/\\\/ecobiolia.it\\\/wp-content\\\/uploads\\\/2022\\\/04\\\/EcoBiOlia-Logo.png\",\"width\":1772,\"height\":944,\"caption\":\"EcoBiOlia\"},\"image\":{\"@id\":\"https:\\\/\\\/ecobiolia.it\\\/it_it\\\/#\\\/schema\\\/logo\\\/image\\\/\"}}]}<\/script>\n<!-- \/ Yoast SEO plugin. -->","yoast_head_json":{"title":"Martini - Spazzola per la Spazzolatura a Secco - EcoBiOlia","description":"Spazzola per la spazzolatura a secco aiuta ad eliminare la desquamazione della pelle, aumentare la circolazione e ridurre la cellulite.","robots":{"index":"index","follow":"follow","max-snippet":"max-snippet:-1","max-image-preview":"max-image-preview:large","max-video-preview":"max-video-preview:-1"},"canonical":"https:\/\/ecobiolia.it\/it_it\/prodotto\/martini-spazzola-per-la-spazzolatura-a-secco\/","og_locale":"it_IT","og_type":"article","og_title":"Martini - Spazzola per la Spazzolatura a Secco - EcoBiOlia","og_description":"Spazzola per la spazzolatura a secco aiuta ad eliminare la desquamazione della pelle, aumentare la circolazione e ridurre la cellulite.","og_url":"https:\/\/ecobiolia.it\/it_it\/prodotto\/martini-spazzola-per-la-spazzolatura-a-secco\/","og_site_name":"EcoBiOlia","article_modified_time":"2025-04-22T19:19:19+00:00","og_image":[{"width":1622,"height":1082,"url":"https:\/\/ecobiolia.it\/wp-content\/uploads\/2022\/02\/Martini-Spazzola-Bio.jpg","type":"image\/jpeg"}],"twitter_card":"summary_large_image","twitter_misc":{"Tempo di lettura stimato":"1 minuto"},"schema":{"@context":"https:\/\/schema.org","@graph":[{"@type":"WebPage","@id":"https:\/\/ecobiolia.it\/prodotto\/martini-spazzola-per-la-spazzolatura-a-secco\/","url":"https:\/\/ecobiolia.it\/prodotto\/martini-spazzola-per-la-spazzolatura-a-secco\/","name":"Martini - Spazzola per la Spazzolatura a Secco - EcoBiOlia","isPartOf":{"@id":"https:\/\/ecobiolia.it\/it_it\/#website"},"primaryImageOfPage":{"@id":"https:\/\/ecobiolia.it\/prodotto\/martini-spazzola-per-la-spazzolatura-a-secco\/#primaryimage"},"image":{"@id":"https:\/\/ecobiolia.it\/prodotto\/martini-spazzola-per-la-spazzolatura-a-secco\/#primaryimage"},"thumbnailUrl":"https:\/\/ecobiolia.it\/wp-content\/uploads\/2022\/02\/Martini-Spazzola-Bio.jpg","datePublished":"2022-02-27T18:18:07+00:00","dateModified":"2025-04-22T19:19:19+00:00","description":"Spazzola per la spazzolatura a secco aiuta ad eliminare la desquamazione della pelle, aumentare la circolazione e ridurre la cellulite.","breadcrumb":{"@id":"https:\/\/ecobiolia.it\/prodotto\/martini-spazzola-per-la-spazzolatura-a-secco\/#breadcrumb"},"inLanguage":"it-IT","potentialAction":[{"@type":"ReadAction","target":["https:\/\/ecobiolia.it\/prodotto\/martini-spazzola-per-la-spazzolatura-a-secco\/"]}]},{"@type":"ImageObject","inLanguage":"it-IT","@id":"https:\/\/ecobiolia.it\/prodotto\/martini-spazzola-per-la-spazzolatura-a-secco\/#primaryimage","url":"https:\/\/ecobiolia.it\/wp-content\/uploads\/2022\/02\/Martini-Spazzola-Bio.jpg","contentUrl":"https:\/\/ecobiolia.it\/wp-content\/uploads\/2022\/02\/Martini-Spazzola-Bio.jpg","width":1622,"height":1082},{"@type":"BreadcrumbList","@id":"https:\/\/ecobiolia.it\/prodotto\/martini-spazzola-per-la-spazzolatura-a-secco\/#breadcrumb","itemListElement":[{"@type":"ListItem","position":1,"name":"Home","item":"https:\/\/ecobiolia.it\/"},{"@type":"ListItem","position":2,"name":"Negozio","item":"https:\/\/ecobiolia.it\/negozio\/"},{"@type":"ListItem","position":3,"name":"Martini &#8211; Spazzola per la Spazzolatura a Secco"}]},{"@type":"WebSite","@id":"https:\/\/ecobiolia.it\/it_it\/#website","url":"https:\/\/ecobiolia.it\/it_it\/","name":"EcoBiOlia","description":"Negozio Ecologico per Bambini e Adulti","publisher":{"@id":"https:\/\/ecobiolia.it\/it_it\/#organization"},"potentialAction":[{"@type":"SearchAction","target":{"@type":"EntryPoint","urlTemplate":"https:\/\/ecobiolia.it\/it_it\/?s={search_term_string}"},"query-input":{"@type":"PropertyValueSpecification","valueRequired":true,"valueName":"search_term_string"}}],"inLanguage":"it-IT"},{"@type":"Organization","@id":"https:\/\/ecobiolia.it\/it_it\/#organization","name":"EcoBiOlia","url":"https:\/\/ecobiolia.it\/it_it\/","logo":{"@type":"ImageObject","inLanguage":"it-IT","@id":"https:\/\/ecobiolia.it\/it_it\/#\/schema\/logo\/image\/","url":"https:\/\/ecobiolia.it\/wp-content\/uploads\/2022\/04\/EcoBiOlia-Logo.png","contentUrl":"https:\/\/ecobiolia.it\/wp-content\/uploads\/2022\/04\/EcoBiOlia-Logo.png","width":1772,"height":944,"caption":"EcoBiOlia"},"image":{"@id":"https:\/\/ecobiolia.it\/it_it\/#\/schema\/logo\/image\/"}}]}},"jetpack-related-posts":[{"id":4915,"url":"https:\/\/ecobiolia.it\/it_it\/prodotto\/spazzola-dura-per-spazzolatura-a-secco-tampico\/","url_meta":{"origin":1294,"position":0},"title":"Spazzola Dura per Spazzolatura a Secco &#8211; Tampico","author":"Olga","date":"1 Marzo 2023","format":false,"excerpt":"Sostituisci i cosmetici chimici e i costosi trattamenti termali con un pennello unico! Realizzato al 100% con piante: struttura in legno di faggio, setole di cactus di agave sono uno strumento completamente naturale per la cura del corpo domestico. Una spazzolatura regolare mantiene la pelle elastica, stimola il sistema immunitario\u2026","rel":"","context":"Articolo simile","block_context":{"text":"Articolo simile","link":""},"img":{"alt_text":"","src":"https:\/\/i0.wp.com\/ecobiolia.it\/wp-content\/uploads\/2023\/03\/5240.jpg?resize=350%2C200&ssl=1","width":350,"height":200,"srcset":"https:\/\/i0.wp.com\/ecobiolia.it\/wp-content\/uploads\/2023\/03\/5240.jpg?resize=350%2C200&ssl=1 1x, https:\/\/i0.wp.com\/ecobiolia.it\/wp-content\/uploads\/2023\/03\/5240.jpg?resize=525%2C300&ssl=1 1.5x, https:\/\/i0.wp.com\/ecobiolia.it\/wp-content\/uploads\/2023\/03\/5240.jpg?resize=700%2C400&ssl=1 2x, https:\/\/i0.wp.com\/ecobiolia.it\/wp-content\/uploads\/2023\/03\/5240.jpg?resize=1050%2C600&ssl=1 3x"},"classes":[]},{"id":3995,"url":"https:\/\/ecobiolia.it\/it_it\/prodotto\/spazzola-corpo-per-spazzolatura-a-secco-tampico\/","url_meta":{"origin":1294,"position":1},"title":"Spazzola Corpo per Spazzolatura a Secco &#8211; Tampico","author":"Olga","date":"22 Agosto 2022","format":false,"excerpt":"Massaggia delicatamente ed esfolia la pelle con questa Spazzola Corpo per Spazzolatura a Secco. La pelle risulter\u00e0 pi\u00f9 morbida e levigata al tatto. Spazzola per il corpo Rimuove le cellule morte della pelle Aiuta a stimolare la microcircolazione cutanea Ideale per un'esfoliazione regolare Favorisce inoltre la circolazione sanguigna e stimola\u2026","rel":"","context":"Articolo simile","block_context":{"text":"Articolo simile","link":""},"img":{"alt_text":"","src":"https:\/\/i0.wp.com\/ecobiolia.it\/wp-content\/uploads\/2022\/08\/5255.jpg?resize=350%2C200&ssl=1","width":350,"height":200,"srcset":"https:\/\/i0.wp.com\/ecobiolia.it\/wp-content\/uploads\/2022\/08\/5255.jpg?resize=350%2C200&ssl=1 1x, https:\/\/i0.wp.com\/ecobiolia.it\/wp-content\/uploads\/2022\/08\/5255.jpg?resize=525%2C300&ssl=1 1.5x, https:\/\/i0.wp.com\/ecobiolia.it\/wp-content\/uploads\/2022\/08\/5255.jpg?resize=700%2C400&ssl=1 2x, https:\/\/i0.wp.com\/ecobiolia.it\/wp-content\/uploads\/2022\/08\/5255.jpg?resize=1050%2C600&ssl=1 3x"},"classes":[]},{"id":5607,"url":"https:\/\/ecobiolia.it\/it_it\/prodotto\/spazzola-per-spazzolatura-a-umido-o-a-secco\/","url_meta":{"origin":1294,"position":2},"title":"Spazzola per Spazzolatura a Umido o a Secco","author":"Olga","date":"5 Settembre 2023","format":false,"excerpt":"Edizione speciale di Spazzola per Spazzolatura a Umido o a Secco utilizzabile in acqua. Puoi usare il pennello in due modi: per la spazzolatura a secco e a umido. L\u2019unico sul mercato. La sua lunghezza perfetta permette di esfoliare efficacemente il corpo, aiutando a liberarsi della pelle morta, rilassare le\u2026","rel":"","context":"Articolo simile","block_context":{"text":"Articolo simile","link":""},"img":{"alt_text":"","src":"https:\/\/i0.wp.com\/ecobiolia.it\/wp-content\/uploads\/2023\/09\/5768.jpg?resize=350%2C200&ssl=1","width":350,"height":200,"srcset":"https:\/\/i0.wp.com\/ecobiolia.it\/wp-content\/uploads\/2023\/09\/5768.jpg?resize=350%2C200&ssl=1 1x, https:\/\/i0.wp.com\/ecobiolia.it\/wp-content\/uploads\/2023\/09\/5768.jpg?resize=525%2C300&ssl=1 1.5x, https:\/\/i0.wp.com\/ecobiolia.it\/wp-content\/uploads\/2023\/09\/5768.jpg?resize=700%2C400&ssl=1 2x, https:\/\/i0.wp.com\/ecobiolia.it\/wp-content\/uploads\/2023\/09\/5768.jpg?resize=1050%2C600&ssl=1 3x"},"classes":[]},{"id":5015,"url":"https:\/\/ecobiolia.it\/it_it\/prodotto\/spazzola-cocco-rotonda-per-spazzolatura-a-secco\/","url_meta":{"origin":1294,"position":3},"title":"Spazzola Cocco Rotonda per Spazzolatura a Secco","author":"Olga","date":"1 Marzo 2023","format":false,"excerpt":"Spazzola Cocco Dura Rotonda per Spazzolatura a Secco professionale con fibra di cocco: nitida al tatto, ma delicata sulla struttura della pelle. La fibra qui utilizzata d\u00e0 la sensazione di un forte massaggio, pur essendo cos\u00ec elastica da non esfoliare troppo l'epidermide morta. Il telaio \u00e8 rifinito con un pomello\u2026","rel":"","context":"Articolo simile","block_context":{"text":"Articolo simile","link":""},"img":{"alt_text":"","src":"https:\/\/i0.wp.com\/ecobiolia.it\/wp-content\/uploads\/2023\/03\/6792.jpg?resize=350%2C200&ssl=1","width":350,"height":200,"srcset":"https:\/\/i0.wp.com\/ecobiolia.it\/wp-content\/uploads\/2023\/03\/6792.jpg?resize=350%2C200&ssl=1 1x, https:\/\/i0.wp.com\/ecobiolia.it\/wp-content\/uploads\/2023\/03\/6792.jpg?resize=525%2C300&ssl=1 1.5x, https:\/\/i0.wp.com\/ecobiolia.it\/wp-content\/uploads\/2023\/03\/6792.jpg?resize=700%2C400&ssl=1 2x, https:\/\/i0.wp.com\/ecobiolia.it\/wp-content\/uploads\/2023\/03\/6792.jpg?resize=1050%2C600&ssl=1 3x, https:\/\/i0.wp.com\/ecobiolia.it\/wp-content\/uploads\/2023\/03\/6792.jpg?resize=1400%2C800&ssl=1 4x"},"classes":[]},{"id":5016,"url":"https:\/\/ecobiolia.it\/it_it\/prodotto\/spazzola-cocco-con-manico-per-spazzolatura-a-secco\/","url_meta":{"origin":1294,"position":4},"title":"Spazzola Cocco con Manico per Spazzolatura a Secco","author":"Olga","date":"1 Marzo 2023","format":false,"excerpt":"Spazzola Cocco Dura con manico per Spazzolatura a Secco professionale con fibra di cocco: nitido al tatto, ma delicato sulla struttura della pelle. La fibra qui utilizzata d\u00e0 la sensazione di un forte massaggio, pur essendo cos\u00ec elastica da non esfoliare troppo l'epidermide morta. L'insolita forma a falce rende pi\u00f9\u2026","rel":"","context":"Articolo simile","block_context":{"text":"Articolo simile","link":""},"img":{"alt_text":"","src":"https:\/\/i0.wp.com\/ecobiolia.it\/wp-content\/uploads\/2023\/03\/6830.jpg?resize=350%2C200&ssl=1","width":350,"height":200,"srcset":"https:\/\/i0.wp.com\/ecobiolia.it\/wp-content\/uploads\/2023\/03\/6830.jpg?resize=350%2C200&ssl=1 1x, https:\/\/i0.wp.com\/ecobiolia.it\/wp-content\/uploads\/2023\/03\/6830.jpg?resize=525%2C300&ssl=1 1.5x, https:\/\/i0.wp.com\/ecobiolia.it\/wp-content\/uploads\/2023\/03\/6830.jpg?resize=700%2C400&ssl=1 2x, https:\/\/i0.wp.com\/ecobiolia.it\/wp-content\/uploads\/2023\/03\/6830.jpg?resize=1050%2C600&ssl=1 3x, https:\/\/i0.wp.com\/ecobiolia.it\/wp-content\/uploads\/2023\/03\/6830.jpg?resize=1400%2C800&ssl=1 4x"},"classes":[]},{"id":3991,"url":"https:\/\/ecobiolia.it\/it_it\/prodotto\/spazzola-massaggio-per-seno-collo-e-decollete\/","url_meta":{"origin":1294,"position":5},"title":"Spazzola Massaggio per Seno, Collo e D\u00e9collet\u00e9","author":"Olga","date":"22 Agosto 2022","format":false,"excerpt":"Sapevi che spazzolare il seno, il collo e il decollet\u00e9 inverte gli effetti della gravit\u00e0? Non solo \u00e8 salutare, ma migliora anche la circolazione sanguigna e la compattezza della pelle. Prendersi cura di se stessi non \u00e8 egoismo, ma rispetto per il proprio corpo. Puoi pensare a tutta la famiglia,\u2026","rel":"","context":"Articolo simile","block_context":{"text":"Articolo simile","link":""},"img":{"alt_text":"","src":"https:\/\/i0.wp.com\/ecobiolia.it\/wp-content\/uploads\/2022\/08\/5748.jpg?resize=350%2C200&ssl=1","width":350,"height":200,"srcset":"https:\/\/i0.wp.com\/ecobiolia.it\/wp-content\/uploads\/2022\/08\/5748.jpg?resize=350%2C200&ssl=1 1x, https:\/\/i0.wp.com\/ecobiolia.it\/wp-content\/uploads\/2022\/08\/5748.jpg?resize=525%2C300&ssl=1 1.5x, https:\/\/i0.wp.com\/ecobiolia.it\/wp-content\/uploads\/2022\/08\/5748.jpg?resize=700%2C400&ssl=1 2x, https:\/\/i0.wp.com\/ecobiolia.it\/wp-content\/uploads\/2022\/08\/5748.jpg?resize=1050%2C600&ssl=1 3x"},"classes":[]}],"jetpack_sharing_enabled":true,"_links":{"self":[{"href":"https:\/\/ecobiolia.it\/it_it\/wp-json\/wp\/v2\/product\/1294","targetHints":{"allow":["GET"]}}],"collection":[{"href":"https:\/\/ecobiolia.it\/it_it\/wp-json\/wp\/v2\/product"}],"about":[{"href":"https:\/\/ecobiolia.it\/it_it\/wp-json\/wp\/v2\/types\/product"}],"replies":[{"embeddable":true,"href":"https:\/\/ecobiolia.it\/it_it\/wp-json\/wp\/v2\/comments?post=1294"}],"version-history":[{"count":1,"href":"https:\/\/ecobiolia.it\/it_it\/wp-json\/wp\/v2\/product\/1294\/revisions"}],"predecessor-version":[{"id":6416,"href":"https:\/\/ecobiolia.it\/it_it\/wp-json\/wp\/v2\/product\/1294\/revisions\/6416"}],"wp:featuredmedia":[{"embeddable":true,"href":"https:\/\/ecobiolia.it\/it_it\/wp-json\/wp\/v2\/media\/1438"}],"wp:attachment":[{"href":"https:\/\/ecobiolia.it\/it_it\/wp-json\/wp\/v2\/media?parent=1294"}],"wp:term":[{"taxonomy":"product_brand","embeddable":true,"href":"https:\/\/ecobiolia.it\/it_it\/wp-json\/wp\/v2\/product_brand?post=1294"},{"taxonomy":"product_cat","embeddable":true,"href":"https:\/\/ecobiolia.it\/it_it\/wp-json\/wp\/v2\/product_cat?post=1294"},{"taxonomy":"product_tag","embeddable":true,"href":"https:\/\/ecobiolia.it\/it_it\/wp-json\/wp\/v2\/product_tag?post=1294"}],"curies":[{"name":"wp","href":"https:\/\/api.w.org\/{rel}","templated":true}]}}