{"id":1149,"date":"2022-02-01T17:01:47","date_gmt":"2022-02-01T17:01:47","guid":{"rendered":"https:\/\/ecobiolia.it\/?post_type=product&#038;p=1149"},"modified":"2025-04-22T19:20:25","modified_gmt":"2025-04-22T19:20:25","slug":"headu-gioco-montessori-puzzle-the-forest-it20133","status":"publish","type":"product","link":"https:\/\/ecobiolia.it\/it_it\/prodotto\/headu-gioco-montessori-puzzle-the-forest-it20133\/","title":{"rendered":"Headu &#8211; Gioco Montessori Puzzle The Forest IT20133"},"content":{"rendered":"<p>Dopo aver ricomposto il puzzle in alto spessore, il bambino si diverte ad inserire gli animali in legno negli appositi spazi. Il gioco \u00e8 realizzato con materiali di qualit\u00e0, adatti ai pi\u00f9 piccoli. Cartone alto spessore; Grandi sagome in legno.<\/p>\n<p>Contenuto: Puzzle sagomato di 6 pezzi; 5 animali in legno<\/p>\n<p>Suggerimenti:<\/p>\n<p>Prima di tutto facciamo ricostruire il grande albero del bosco. Lasciamo giocare i bambini in completa autonomia grazie agli incastri autocorrettivi. L\u2019aiuto, se necessario, deve essere limitato alcuni semplici suggerimenti senza sostituirsi ai bambini nelle singole azioni. Ad esempio, facciamo posizionare tutti i tasselli di cartone e i soggetti di legno sul piano di gioco con il lato disegnato rivolto verso l\u2019alto. Poi, esortiamoli a confrontare i disegni dei tasselli con l\u2019immagine riportata sul retro della scatola, attirando fin da subito la loro attenzione sui particolari della pianta: il tronco, i rami, la chioma. Ricordiamoci sempre di nominare gli elementi, di indicarli con il dito e di motivare i bambini con delle domande stimolo: \u201cQuesto \u00e8 il tronco, questa \u00e8 la chioma, questo \u00e8 il gufo\u2026 dove abita il gufo? Questa \u00e8 la volpe\u2026 dove vive la volpe?\u201d. Una volta ricostruito il puzzle \u2013 o anche durante il gioco \u2013 esortiamo i bambini ad osservare attentamente i soggetti in legno, facendo analizzare la loro forma e invitandoli a cercare nel disegno la sagoma corrispondente.<\/p>\n","protected":false},"excerpt":{"rendered":"<p>Questo primissimo puzzle, ispirato al metodo dell\u2019 educatrice Maria Montessori, permette ai bambini pi\u00f9 piccoli di conoscere un<br \/>\npiccolo angolo di bosco stimolando il gesto, il tatto, la percezione delle forme e il senso dello spazio. Tale approccio multisensoriale<br \/>\nfavorisce un apprendimento pi\u00f9 profondo, importantissimo per lo sviluppo cognitivo in et\u00e0 prescolare. I bambini, infatti, ricostruiscono un grande albero popolato da 5 teneri animali sagomati in legno, che devono essere incastrati nelle forme corrispondenti.<\/p>\n","protected":false},"featured_media":1150,"comment_status":"open","ping_status":"closed","template":"","meta":[],"product_brand":[],"product_cat":[47],"product_tag":[],"class_list":{"0":"post-1149","1":"product","2":"type-product","3":"status-publish","4":"has-post-thumbnail","6":"product_cat-giocattoli-educativi","8":"first","9":"instock","10":"taxable","11":"shipping-taxable","12":"purchasable","13":"product-type-simple"},"yoast_head":"<!-- This site is optimized with the Yoast SEO plugin v27.4 - https:\/\/yoast.com\/product\/yoast-seo-wordpress\/ -->\n<title>Headu - Gioco Montessori Puzzle The Forest IT20133 - EcoBiOlia<\/title>\n<meta name=\"description\" content=\"Headu Gioco Montessori Puzzle The Forest IT20133 \u00e8 un gioco per la coordinazione sensoriale. Puzzle sagomato con animali in legno.\" \/>\n<meta name=\"robots\" content=\"index, follow, max-snippet:-1, max-image-preview:large, max-video-preview:-1\" \/>\n<link rel=\"canonical\" href=\"https:\/\/ecobiolia.it\/it_it\/prodotto\/headu-gioco-montessori-puzzle-the-forest-it20133\/\" \/>\n<meta property=\"og:locale\" content=\"it_IT\" \/>\n<meta property=\"og:type\" content=\"article\" \/>\n<meta property=\"og:title\" content=\"Headu - Gioco Montessori Puzzle The Forest IT20133 - EcoBiOlia\" \/>\n<meta property=\"og:description\" content=\"Headu Gioco Montessori Puzzle The Forest IT20133 \u00e8 un gioco per la coordinazione sensoriale. Puzzle sagomato con animali in legno.\" \/>\n<meta property=\"og:url\" content=\"https:\/\/ecobiolia.it\/it_it\/prodotto\/headu-gioco-montessori-puzzle-the-forest-it20133\/\" \/>\n<meta property=\"og:site_name\" content=\"EcoBiOlia\" \/>\n<meta property=\"article:modified_time\" content=\"2025-04-22T19:20:25+00:00\" \/>\n<meta property=\"og:image\" content=\"https:\/\/ecobiolia.it\/wp-content\/uploads\/2022\/02\/forest.jpg\" \/>\n\t<meta property=\"og:image:width\" content=\"1622\" \/>\n\t<meta property=\"og:image:height\" content=\"1082\" \/>\n\t<meta property=\"og:image:type\" content=\"image\/jpeg\" \/>\n<meta name=\"twitter:card\" content=\"summary_large_image\" \/>\n<meta name=\"twitter:label1\" content=\"Tempo di lettura stimato\" \/>\n\t<meta name=\"twitter:data1\" content=\"2 minuti\" \/>\n<script type=\"application\/ld+json\" class=\"yoast-schema-graph\">{\"@context\":\"https:\\\/\\\/schema.org\",\"@graph\":[{\"@type\":\"WebPage\",\"@id\":\"https:\\\/\\\/ecobiolia.it\\\/prodotto\\\/headu-gioco-montessori-puzzle-the-forest-it20133\\\/\",\"url\":\"https:\\\/\\\/ecobiolia.it\\\/prodotto\\\/headu-gioco-montessori-puzzle-the-forest-it20133\\\/\",\"name\":\"Headu - Gioco Montessori Puzzle The Forest IT20133 - EcoBiOlia\",\"isPartOf\":{\"@id\":\"https:\\\/\\\/ecobiolia.it\\\/it_it\\\/#website\"},\"primaryImageOfPage\":{\"@id\":\"https:\\\/\\\/ecobiolia.it\\\/prodotto\\\/headu-gioco-montessori-puzzle-the-forest-it20133\\\/#primaryimage\"},\"image\":{\"@id\":\"https:\\\/\\\/ecobiolia.it\\\/prodotto\\\/headu-gioco-montessori-puzzle-the-forest-it20133\\\/#primaryimage\"},\"thumbnailUrl\":\"https:\\\/\\\/ecobiolia.it\\\/wp-content\\\/uploads\\\/2022\\\/02\\\/forest.jpg\",\"datePublished\":\"2022-02-01T17:01:47+00:00\",\"dateModified\":\"2025-04-22T19:20:25+00:00\",\"description\":\"Headu Gioco Montessori Puzzle The Forest IT20133 \u00e8 un gioco per la coordinazione sensoriale. Puzzle sagomato con animali in legno.\",\"breadcrumb\":{\"@id\":\"https:\\\/\\\/ecobiolia.it\\\/prodotto\\\/headu-gioco-montessori-puzzle-the-forest-it20133\\\/#breadcrumb\"},\"inLanguage\":\"it-IT\",\"potentialAction\":[{\"@type\":\"ReadAction\",\"target\":[\"https:\\\/\\\/ecobiolia.it\\\/prodotto\\\/headu-gioco-montessori-puzzle-the-forest-it20133\\\/\"]}]},{\"@type\":\"ImageObject\",\"inLanguage\":\"it-IT\",\"@id\":\"https:\\\/\\\/ecobiolia.it\\\/prodotto\\\/headu-gioco-montessori-puzzle-the-forest-it20133\\\/#primaryimage\",\"url\":\"https:\\\/\\\/ecobiolia.it\\\/wp-content\\\/uploads\\\/2022\\\/02\\\/forest.jpg\",\"contentUrl\":\"https:\\\/\\\/ecobiolia.it\\\/wp-content\\\/uploads\\\/2022\\\/02\\\/forest.jpg\",\"width\":1622,\"height\":1082},{\"@type\":\"BreadcrumbList\",\"@id\":\"https:\\\/\\\/ecobiolia.it\\\/prodotto\\\/headu-gioco-montessori-puzzle-the-forest-it20133\\\/#breadcrumb\",\"itemListElement\":[{\"@type\":\"ListItem\",\"position\":1,\"name\":\"Home\",\"item\":\"https:\\\/\\\/ecobiolia.it\\\/\"},{\"@type\":\"ListItem\",\"position\":2,\"name\":\"Negozio\",\"item\":\"https:\\\/\\\/ecobiolia.it\\\/negozio\\\/\"},{\"@type\":\"ListItem\",\"position\":3,\"name\":\"Headu &#8211; Gioco Montessori Puzzle The Forest IT20133\"}]},{\"@type\":\"WebSite\",\"@id\":\"https:\\\/\\\/ecobiolia.it\\\/it_it\\\/#website\",\"url\":\"https:\\\/\\\/ecobiolia.it\\\/it_it\\\/\",\"name\":\"EcoBiOlia\",\"description\":\"Negozio Ecologico per Bambini e Adulti\",\"publisher\":{\"@id\":\"https:\\\/\\\/ecobiolia.it\\\/it_it\\\/#organization\"},\"potentialAction\":[{\"@type\":\"SearchAction\",\"target\":{\"@type\":\"EntryPoint\",\"urlTemplate\":\"https:\\\/\\\/ecobiolia.it\\\/it_it\\\/?s={search_term_string}\"},\"query-input\":{\"@type\":\"PropertyValueSpecification\",\"valueRequired\":true,\"valueName\":\"search_term_string\"}}],\"inLanguage\":\"it-IT\"},{\"@type\":\"Organization\",\"@id\":\"https:\\\/\\\/ecobiolia.it\\\/it_it\\\/#organization\",\"name\":\"EcoBiOlia\",\"url\":\"https:\\\/\\\/ecobiolia.it\\\/it_it\\\/\",\"logo\":{\"@type\":\"ImageObject\",\"inLanguage\":\"it-IT\",\"@id\":\"https:\\\/\\\/ecobiolia.it\\\/it_it\\\/#\\\/schema\\\/logo\\\/image\\\/\",\"url\":\"https:\\\/\\\/ecobiolia.it\\\/wp-content\\\/uploads\\\/2022\\\/04\\\/EcoBiOlia-Logo.png\",\"contentUrl\":\"https:\\\/\\\/ecobiolia.it\\\/wp-content\\\/uploads\\\/2022\\\/04\\\/EcoBiOlia-Logo.png\",\"width\":1772,\"height\":944,\"caption\":\"EcoBiOlia\"},\"image\":{\"@id\":\"https:\\\/\\\/ecobiolia.it\\\/it_it\\\/#\\\/schema\\\/logo\\\/image\\\/\"}}]}<\/script>\n<!-- \/ Yoast SEO plugin. -->","yoast_head_json":{"title":"Headu - Gioco Montessori Puzzle The Forest IT20133 - EcoBiOlia","description":"Headu Gioco Montessori Puzzle The Forest IT20133 \u00e8 un gioco per la coordinazione sensoriale. Puzzle sagomato con animali in legno.","robots":{"index":"index","follow":"follow","max-snippet":"max-snippet:-1","max-image-preview":"max-image-preview:large","max-video-preview":"max-video-preview:-1"},"canonical":"https:\/\/ecobiolia.it\/it_it\/prodotto\/headu-gioco-montessori-puzzle-the-forest-it20133\/","og_locale":"it_IT","og_type":"article","og_title":"Headu - Gioco Montessori Puzzle The Forest IT20133 - EcoBiOlia","og_description":"Headu Gioco Montessori Puzzle The Forest IT20133 \u00e8 un gioco per la coordinazione sensoriale. Puzzle sagomato con animali in legno.","og_url":"https:\/\/ecobiolia.it\/it_it\/prodotto\/headu-gioco-montessori-puzzle-the-forest-it20133\/","og_site_name":"EcoBiOlia","article_modified_time":"2025-04-22T19:20:25+00:00","og_image":[{"width":1622,"height":1082,"url":"https:\/\/ecobiolia.it\/wp-content\/uploads\/2022\/02\/forest.jpg","type":"image\/jpeg"}],"twitter_card":"summary_large_image","twitter_misc":{"Tempo di lettura stimato":"2 minuti"},"schema":{"@context":"https:\/\/schema.org","@graph":[{"@type":"WebPage","@id":"https:\/\/ecobiolia.it\/prodotto\/headu-gioco-montessori-puzzle-the-forest-it20133\/","url":"https:\/\/ecobiolia.it\/prodotto\/headu-gioco-montessori-puzzle-the-forest-it20133\/","name":"Headu - Gioco Montessori Puzzle The Forest IT20133 - EcoBiOlia","isPartOf":{"@id":"https:\/\/ecobiolia.it\/it_it\/#website"},"primaryImageOfPage":{"@id":"https:\/\/ecobiolia.it\/prodotto\/headu-gioco-montessori-puzzle-the-forest-it20133\/#primaryimage"},"image":{"@id":"https:\/\/ecobiolia.it\/prodotto\/headu-gioco-montessori-puzzle-the-forest-it20133\/#primaryimage"},"thumbnailUrl":"https:\/\/ecobiolia.it\/wp-content\/uploads\/2022\/02\/forest.jpg","datePublished":"2022-02-01T17:01:47+00:00","dateModified":"2025-04-22T19:20:25+00:00","description":"Headu Gioco Montessori Puzzle The Forest IT20133 \u00e8 un gioco per la coordinazione sensoriale. Puzzle sagomato con animali in legno.","breadcrumb":{"@id":"https:\/\/ecobiolia.it\/prodotto\/headu-gioco-montessori-puzzle-the-forest-it20133\/#breadcrumb"},"inLanguage":"it-IT","potentialAction":[{"@type":"ReadAction","target":["https:\/\/ecobiolia.it\/prodotto\/headu-gioco-montessori-puzzle-the-forest-it20133\/"]}]},{"@type":"ImageObject","inLanguage":"it-IT","@id":"https:\/\/ecobiolia.it\/prodotto\/headu-gioco-montessori-puzzle-the-forest-it20133\/#primaryimage","url":"https:\/\/ecobiolia.it\/wp-content\/uploads\/2022\/02\/forest.jpg","contentUrl":"https:\/\/ecobiolia.it\/wp-content\/uploads\/2022\/02\/forest.jpg","width":1622,"height":1082},{"@type":"BreadcrumbList","@id":"https:\/\/ecobiolia.it\/prodotto\/headu-gioco-montessori-puzzle-the-forest-it20133\/#breadcrumb","itemListElement":[{"@type":"ListItem","position":1,"name":"Home","item":"https:\/\/ecobiolia.it\/"},{"@type":"ListItem","position":2,"name":"Negozio","item":"https:\/\/ecobiolia.it\/negozio\/"},{"@type":"ListItem","position":3,"name":"Headu &#8211; Gioco Montessori Puzzle The Forest IT20133"}]},{"@type":"WebSite","@id":"https:\/\/ecobiolia.it\/it_it\/#website","url":"https:\/\/ecobiolia.it\/it_it\/","name":"EcoBiOlia","description":"Negozio Ecologico per Bambini e Adulti","publisher":{"@id":"https:\/\/ecobiolia.it\/it_it\/#organization"},"potentialAction":[{"@type":"SearchAction","target":{"@type":"EntryPoint","urlTemplate":"https:\/\/ecobiolia.it\/it_it\/?s={search_term_string}"},"query-input":{"@type":"PropertyValueSpecification","valueRequired":true,"valueName":"search_term_string"}}],"inLanguage":"it-IT"},{"@type":"Organization","@id":"https:\/\/ecobiolia.it\/it_it\/#organization","name":"EcoBiOlia","url":"https:\/\/ecobiolia.it\/it_it\/","logo":{"@type":"ImageObject","inLanguage":"it-IT","@id":"https:\/\/ecobiolia.it\/it_it\/#\/schema\/logo\/image\/","url":"https:\/\/ecobiolia.it\/wp-content\/uploads\/2022\/04\/EcoBiOlia-Logo.png","contentUrl":"https:\/\/ecobiolia.it\/wp-content\/uploads\/2022\/04\/EcoBiOlia-Logo.png","width":1772,"height":944,"caption":"EcoBiOlia"},"image":{"@id":"https:\/\/ecobiolia.it\/it_it\/#\/schema\/logo\/image\/"}}]}},"jetpack-related-posts":[{"id":1075,"url":"https:\/\/ecobiolia.it\/it_it\/prodotto\/headu-gioco-scuola-di-disegno\/","url_meta":{"origin":1149,"position":0},"title":"HEADU &#8211; Gioco Scuola di Disegno IT20522","author":"Olga","date":"25 Gennaio 2022","format":false,"excerpt":"Con questo originale kit i bambini esercitano l\u2019osservazione e imparano le prime tecniche di disegno. Nello stesso tempo conoscono dieci simpatici animali e li classificano in base all\u2019ambiente in cui vivono, sviluppando il pensiero logico. Si tratta di un dispositivo didattico che sollecita davvero le differenti intelligenze del bambino attraverso\u2026","rel":"","context":"Con 1 commento","block_context":{"text":"Con 1 commento","link":"https:\/\/ecobiolia.it\/it_it\/prodotto\/headu-gioco-scuola-di-disegno\/#comments"},"img":{"alt_text":"","src":"https:\/\/i0.wp.com\/ecobiolia.it\/wp-content\/uploads\/2022\/01\/disegno.jpg?resize=350%2C200&ssl=1","width":350,"height":200,"srcset":"https:\/\/i0.wp.com\/ecobiolia.it\/wp-content\/uploads\/2022\/01\/disegno.jpg?resize=350%2C200&ssl=1 1x, https:\/\/i0.wp.com\/ecobiolia.it\/wp-content\/uploads\/2022\/01\/disegno.jpg?resize=525%2C300&ssl=1 1.5x, https:\/\/i0.wp.com\/ecobiolia.it\/wp-content\/uploads\/2022\/01\/disegno.jpg?resize=700%2C400&ssl=1 2x, https:\/\/i0.wp.com\/ecobiolia.it\/wp-content\/uploads\/2022\/01\/disegno.jpg?resize=1050%2C600&ssl=1 3x, https:\/\/i0.wp.com\/ecobiolia.it\/wp-content\/uploads\/2022\/01\/disegno.jpg?resize=1400%2C800&ssl=1 4x"},"classes":[]},{"id":6236,"url":"https:\/\/ecobiolia.it\/it_it\/prodotto\/spazzola-per-crosta-lattea-e-cappelli-con-mussola\/","url_meta":{"origin":1149,"position":1},"title":"Spazzola per Crosta Lattea e Cappelli con Mussola","author":"Olga","date":"22 Settembre 2024","format":false,"excerpt":"Spazzola per bambini e neonati in setole naturali con manico in legno in set con pratica mussola di bamb\u00f9. Una spazzola di piccole dimensioni con setole naturali con un grado di durezza ideale adatto alla pelle dei bambini. Pettina e massaggia perfettamente il cuoio capelluto, aiutando con la crosta lattea.\u2026","rel":"","context":"Articolo simile","block_context":{"text":"Articolo simile","link":""},"img":{"alt_text":"","src":"https:\/\/i0.wp.com\/ecobiolia.it\/wp-content\/uploads\/2022\/06\/Spazzola-di-capra.jpg?resize=350%2C200&ssl=1","width":350,"height":200,"srcset":"https:\/\/i0.wp.com\/ecobiolia.it\/wp-content\/uploads\/2022\/06\/Spazzola-di-capra.jpg?resize=350%2C200&ssl=1 1x, https:\/\/i0.wp.com\/ecobiolia.it\/wp-content\/uploads\/2022\/06\/Spazzola-di-capra.jpg?resize=525%2C300&ssl=1 1.5x, https:\/\/i0.wp.com\/ecobiolia.it\/wp-content\/uploads\/2022\/06\/Spazzola-di-capra.jpg?resize=700%2C400&ssl=1 2x, https:\/\/i0.wp.com\/ecobiolia.it\/wp-content\/uploads\/2022\/06\/Spazzola-di-capra.jpg?resize=1050%2C600&ssl=1 3x, https:\/\/i0.wp.com\/ecobiolia.it\/wp-content\/uploads\/2022\/06\/Spazzola-di-capra.jpg?resize=1400%2C800&ssl=1 4x"},"classes":[]},{"id":3332,"url":"https:\/\/ecobiolia.it\/it_it\/prodotto\/cuscino-piatto-in-mussola-di-bambu-e-cotone\/","url_meta":{"origin":1149,"position":2},"title":"Cuscino Piatto in Mussola di Bamb\u00f9 e Cotone","author":"Olga","date":"16 Luglio 2022","format":false,"excerpt":"Cuscino Piatto in Mussola di Bamb\u00f9 e Cotone con un'adeguata trapuntatura garantisce il comfort e la sicurezza di un bambino. Il suo spessore \u00e8 di pochi centimetri, e allo stesso tempo \u00e8 estremamente morbido! Il tessuto ha il pi\u00f9 alto certificato Oeko-Tex standard 100, che garantisce la sicurezza dell'utilizzo del\u2026","rel":"","context":"Articolo simile","block_context":{"text":"Articolo simile","link":""},"img":{"alt_text":"","src":"https:\/\/i0.wp.com\/ecobiolia.it\/wp-content\/uploads\/2022\/08\/8494.jpg?resize=350%2C200&ssl=1","width":350,"height":200,"srcset":"https:\/\/i0.wp.com\/ecobiolia.it\/wp-content\/uploads\/2022\/08\/8494.jpg?resize=350%2C200&ssl=1 1x, https:\/\/i0.wp.com\/ecobiolia.it\/wp-content\/uploads\/2022\/08\/8494.jpg?resize=525%2C300&ssl=1 1.5x, https:\/\/i0.wp.com\/ecobiolia.it\/wp-content\/uploads\/2022\/08\/8494.jpg?resize=700%2C400&ssl=1 2x, https:\/\/i0.wp.com\/ecobiolia.it\/wp-content\/uploads\/2022\/08\/8494.jpg?resize=1050%2C600&ssl=1 3x"},"classes":[]},{"id":4577,"url":"https:\/\/ecobiolia.it\/it_it\/prodotto\/spazzola-neonato-con-setole-di-capra-e-mussola-prima-spazzola\/","url_meta":{"origin":1149,"position":3},"title":"Spazzola Neonato con Setole di Capra e Mussola &#8211; Prima Spazzola","author":"Olga","date":"11 Novembre 2022","format":false,"excerpt":"Spazzola con Setole di Capra \u00e8 una prima spazzola per capelli, naturale e super morbida, adatta ai neonati con setole 100% di capra e manico in legno in un set con un panno morbido in mussola di bamb\u00f9. La spazzola in morbida setola di capra rilassa e calma perfettamente il\u2026","rel":"","context":"Articolo simile","block_context":{"text":"Articolo simile","link":""},"img":{"alt_text":"","src":"https:\/\/i0.wp.com\/ecobiolia.it\/wp-content\/uploads\/2022\/11\/8503.jpg?resize=350%2C200&ssl=1","width":350,"height":200,"srcset":"https:\/\/i0.wp.com\/ecobiolia.it\/wp-content\/uploads\/2022\/11\/8503.jpg?resize=350%2C200&ssl=1 1x, https:\/\/i0.wp.com\/ecobiolia.it\/wp-content\/uploads\/2022\/11\/8503.jpg?resize=525%2C300&ssl=1 1.5x, https:\/\/i0.wp.com\/ecobiolia.it\/wp-content\/uploads\/2022\/11\/8503.jpg?resize=700%2C400&ssl=1 2x, https:\/\/i0.wp.com\/ecobiolia.it\/wp-content\/uploads\/2022\/11\/8503.jpg?resize=1050%2C600&ssl=1 3x"},"classes":[]},{"id":3995,"url":"https:\/\/ecobiolia.it\/it_it\/prodotto\/spazzola-corpo-per-spazzolatura-a-secco-tampico\/","url_meta":{"origin":1149,"position":4},"title":"Spazzola Corpo per Spazzolatura a Secco &#8211; Tampico","author":"Olga","date":"22 Agosto 2022","format":false,"excerpt":"Massaggia delicatamente ed esfolia la pelle con questa Spazzola Corpo per Spazzolatura a Secco. La pelle risulter\u00e0 pi\u00f9 morbida e levigata al tatto. Spazzola per il corpo Rimuove le cellule morte della pelle Aiuta a stimolare la microcircolazione cutanea Ideale per un'esfoliazione regolare Favorisce inoltre la circolazione sanguigna e stimola\u2026","rel":"","context":"Articolo simile","block_context":{"text":"Articolo simile","link":""},"img":{"alt_text":"","src":"https:\/\/i0.wp.com\/ecobiolia.it\/wp-content\/uploads\/2022\/08\/5255.jpg?resize=350%2C200&ssl=1","width":350,"height":200,"srcset":"https:\/\/i0.wp.com\/ecobiolia.it\/wp-content\/uploads\/2022\/08\/5255.jpg?resize=350%2C200&ssl=1 1x, https:\/\/i0.wp.com\/ecobiolia.it\/wp-content\/uploads\/2022\/08\/5255.jpg?resize=525%2C300&ssl=1 1.5x, https:\/\/i0.wp.com\/ecobiolia.it\/wp-content\/uploads\/2022\/08\/5255.jpg?resize=700%2C400&ssl=1 2x, https:\/\/i0.wp.com\/ecobiolia.it\/wp-content\/uploads\/2022\/08\/5255.jpg?resize=1050%2C600&ssl=1 3x"},"classes":[]},{"id":4048,"url":"https:\/\/ecobiolia.it\/it_it\/prodotto\/giocattolo-sensoriale-mr-b-con-scaldino-anticolica\/","url_meta":{"origin":1149,"position":5},"title":"Giocattolo Sensoriale Mr B con Scaldino Anticolica","author":"Olga","date":"22 Agosto 2022","format":false,"excerpt":"Giocattolo Sensoriale\u00a0MR B \u00e8 una risposta alla crescente consapevolezza dei genitori sullo sviluppo sensoriale del bambino. Il giocattolo sensoriale fornisce una corretta stimolazione dei tre sensi. I colori ad alto contrasto - nero, rosso, bianco - stimolano la vista del bambino. Il senso dell'udito \u00e8 stimolato da un suono crepitante.\u2026","rel":"","context":"Articolo simile","block_context":{"text":"Articolo simile","link":""},"img":{"alt_text":"","src":"https:\/\/i0.wp.com\/ecobiolia.it\/wp-content\/uploads\/2022\/08\/5005.jpg?resize=350%2C200&ssl=1","width":350,"height":200,"srcset":"https:\/\/i0.wp.com\/ecobiolia.it\/wp-content\/uploads\/2022\/08\/5005.jpg?resize=350%2C200&ssl=1 1x, https:\/\/i0.wp.com\/ecobiolia.it\/wp-content\/uploads\/2022\/08\/5005.jpg?resize=525%2C300&ssl=1 1.5x, https:\/\/i0.wp.com\/ecobiolia.it\/wp-content\/uploads\/2022\/08\/5005.jpg?resize=700%2C400&ssl=1 2x"},"classes":[]}],"jetpack_sharing_enabled":true,"_links":{"self":[{"href":"https:\/\/ecobiolia.it\/it_it\/wp-json\/wp\/v2\/product\/1149","targetHints":{"allow":["GET"]}}],"collection":[{"href":"https:\/\/ecobiolia.it\/it_it\/wp-json\/wp\/v2\/product"}],"about":[{"href":"https:\/\/ecobiolia.it\/it_it\/wp-json\/wp\/v2\/types\/product"}],"replies":[{"embeddable":true,"href":"https:\/\/ecobiolia.it\/it_it\/wp-json\/wp\/v2\/comments?post=1149"}],"version-history":[{"count":1,"href":"https:\/\/ecobiolia.it\/it_it\/wp-json\/wp\/v2\/product\/1149\/revisions"}],"predecessor-version":[{"id":6418,"href":"https:\/\/ecobiolia.it\/it_it\/wp-json\/wp\/v2\/product\/1149\/revisions\/6418"}],"wp:featuredmedia":[{"embeddable":true,"href":"https:\/\/ecobiolia.it\/it_it\/wp-json\/wp\/v2\/media\/1150"}],"wp:attachment":[{"href":"https:\/\/ecobiolia.it\/it_it\/wp-json\/wp\/v2\/media?parent=1149"}],"wp:term":[{"taxonomy":"product_brand","embeddable":true,"href":"https:\/\/ecobiolia.it\/it_it\/wp-json\/wp\/v2\/product_brand?post=1149"},{"taxonomy":"product_cat","embeddable":true,"href":"https:\/\/ecobiolia.it\/it_it\/wp-json\/wp\/v2\/product_cat?post=1149"},{"taxonomy":"product_tag","embeddable":true,"href":"https:\/\/ecobiolia.it\/it_it\/wp-json\/wp\/v2\/product_tag?post=1149"}],"curies":[{"name":"wp","href":"https:\/\/api.w.org\/{rel}","templated":true}]}}