{"id":1075,"date":"2022-01-25T14:22:19","date_gmt":"2022-01-25T14:22:19","guid":{"rendered":"https:\/\/ecobiolia.it\/?post_type=product&#038;p=1075"},"modified":"2025-04-22T19:19:07","modified_gmt":"2025-04-22T19:19:07","slug":"headu-gioco-scuola-di-disegno","status":"publish","type":"product","link":"https:\/\/ecobiolia.it\/it_it\/prodotto\/headu-gioco-scuola-di-disegno\/","title":{"rendered":"HEADU &#8211; Gioco Scuola di Disegno IT20522"},"content":{"rendered":"<p><em>Osservazione e riconoscimento degli animali<\/em><\/p>\n<p>I processi percettivi sono alla base dello sviluppo dell\u2019intelligenza. Per questo \u00e8 opportuno far iniziare il gioco con delle attivit\u00e0 di osservazione delle immagini riportate sui tasselli degli animali colorati, che presenteremo ai bambini facendo attenzione a pronunciare il nome. Possiamo usare i tasselli come flashcards e seguire il metodo montessoriano dei \u201ctre tempi\u201d per favorire il riconoscimento degli animali e del loro aspetto esteriore e per far imparare ai bambini a pronunciarne il nome. Poi attiriamo la loro attenzione sui dettagli di ciascun animale: il colore del manto, la forma di alcune parti del corpo. Facciamo giocare i bambini in modo autonomo e naturale, rispettando i tempi di apprendimento.<\/p>\n<p><em>Costruiamo le sequenze<\/em><\/p>\n<p>Quando i bambini riconoscono gli animali e sanno pronunciare il loro nome allora sono pronti per ricostruire le sequenze e apprendere cos\u00ec le prime tecniche di disegno. Attiriamo l\u2019attenzione sui particolari di ciascun animale: la forma del corpo, i particolari della testa, la coda, le orecchie. In questo modo i bambini si sentiranno guidati nella ricostruzione delle tre sequenze e affineranno ancora di pi\u00f9 la percezione della<br \/>\nforma del corpo degli animali, che \u00e8 necessaria per esercitarsi nelle attivit\u00e0 di disegno. Una volta ricostruite le sequenze possiamo anche far riflettere i bambini sugli ambienti di provenienza di ciascun animale, formando cinque gruppi da due: animali del mare, del bosco, della fattoria, della savana e domestici di citt\u00e0.<\/p>\n<p><em>Disegniamo!<\/em><\/p>\n<p>Per rendere pi\u00f9 sicuro il tratto e abituare i bambini a usare il pennarello cancellabile in modo sempre pi\u00f9 disinvolto, possiamo farli esercitare dapprima con gli stencil-guida. Facciamo riprodurre le figure geometriche e ripetiamo l\u2019attivit\u00e0 pi\u00f9 volte facendo realizzare dei ritmi. Solo quando l\u2019attivit\u00e0 con lo stencil sar\u00e0 svolta con sicurezza possiamo chiedere di riprodurre le figure con il disegno libero. Utlilizziamo sempre il pennarello cancellabile e la lavagnetta come strumenti propedeutici al foglio di carta. In seguito, esortiamo finalmente i bambini a disegnare gli animali!<\/p>\n<p><em>Contenuto:<\/em><\/p>\n<p><b> <\/b>10 puzzle progressivi degli animali;<\/p>\n<p>Pennarello disegna e cancella;<\/p>\n<p>Lavagnetta cancellabile;<\/p>\n<p>Stencil<\/p>\n<p>&nbsp;<\/p>\n<p>&nbsp;<\/p>\n","protected":false},"excerpt":{"rendered":"<div class=\"\" dir=\"auto\">\n<div id=\"jsc_c_336\" class=\"ecm0bbzt hv4rvrfc ihqw7lf3 dati1w0a\" data-ad-comet-preview=\"message\" data-ad-preview=\"message\">\n<div class=\"j83agx80 cbu4d94t ew0dbk1b irj2b8pg\">\n<div class=\"qzhwtbm6 knvmm38d\">\n<div class=\"kvgmc6g5 cxmmr5t8 oygrvhab hcukyx3x c1et5uql ii04i59q\">\n<div dir=\"auto\">\n<p>Con questo originale kit i bambini esercitano l\u2019osservazione e imparano le prime tecniche di disegno. Nello stesso tempo conoscono dieci simpatici animali e li classificano in base all\u2019ambiente in cui vivono, sviluppando il pensiero logico. Si tratta di un dispositivo didattico che sollecita davvero le differenti intelligenze del bambino attraverso una serie di esperienze pratiche e riflessive, a partire dall\u2019osservazione e dalla percezione delle forme e dei colori.<\/p>\n<\/div>\n<\/div>\n<\/div>\n<\/div>\n<\/div>\n<\/div>\n","protected":false},"featured_media":1078,"comment_status":"open","ping_status":"closed","template":"","meta":[],"product_brand":[],"product_cat":[47],"product_tag":[],"class_list":{"0":"post-1075","1":"product","2":"type-product","3":"status-publish","4":"has-post-thumbnail","6":"product_cat-giocattoli-educativi","8":"first","9":"instock","10":"taxable","11":"shipping-taxable","12":"purchasable","13":"product-type-simple"},"yoast_head":"<!-- This site is optimized with the Yoast SEO plugin v27.4 - https:\/\/yoast.com\/product\/yoast-seo-wordpress\/ -->\n<title>HEADU - Gioco Scuola di Disegno IT20522 - EcoBiOlia<\/title>\n<meta name=\"description\" content=\"HEADU Gioco Scuola di Disegno permette ai bambini di esercitare l\u2019osservazione e imparare le prime tecniche di disegno.\" \/>\n<meta name=\"robots\" content=\"index, follow, max-snippet:-1, max-image-preview:large, max-video-preview:-1\" \/>\n<link rel=\"canonical\" href=\"https:\/\/ecobiolia.it\/it_it\/prodotto\/headu-gioco-scuola-di-disegno\/\" \/>\n<meta property=\"og:locale\" content=\"it_IT\" \/>\n<meta property=\"og:type\" content=\"article\" \/>\n<meta property=\"og:title\" content=\"HEADU - Gioco Scuola di Disegno IT20522 - EcoBiOlia\" \/>\n<meta property=\"og:description\" content=\"HEADU Gioco Scuola di Disegno permette ai bambini di esercitare l\u2019osservazione e imparare le prime tecniche di disegno.\" \/>\n<meta property=\"og:url\" content=\"https:\/\/ecobiolia.it\/it_it\/prodotto\/headu-gioco-scuola-di-disegno\/\" \/>\n<meta property=\"og:site_name\" content=\"EcoBiOlia\" \/>\n<meta property=\"article:modified_time\" content=\"2025-04-22T19:19:07+00:00\" \/>\n<meta property=\"og:image\" content=\"https:\/\/ecobiolia.it\/wp-content\/uploads\/2022\/01\/disegno.jpg\" \/>\n\t<meta property=\"og:image:width\" content=\"1622\" \/>\n\t<meta property=\"og:image:height\" content=\"1082\" \/>\n\t<meta property=\"og:image:type\" content=\"image\/jpeg\" \/>\n<meta name=\"twitter:card\" content=\"summary_large_image\" \/>\n<meta name=\"twitter:label1\" content=\"Tempo di lettura stimato\" \/>\n\t<meta name=\"twitter:data1\" content=\"2 minuti\" \/>\n<script type=\"application\/ld+json\" class=\"yoast-schema-graph\">{\"@context\":\"https:\\\/\\\/schema.org\",\"@graph\":[{\"@type\":\"WebPage\",\"@id\":\"https:\\\/\\\/ecobiolia.it\\\/prodotto\\\/headu-gioco-scuola-di-disegno\\\/\",\"url\":\"https:\\\/\\\/ecobiolia.it\\\/prodotto\\\/headu-gioco-scuola-di-disegno\\\/\",\"name\":\"HEADU - Gioco Scuola di Disegno IT20522 - EcoBiOlia\",\"isPartOf\":{\"@id\":\"https:\\\/\\\/ecobiolia.it\\\/it_it\\\/#website\"},\"primaryImageOfPage\":{\"@id\":\"https:\\\/\\\/ecobiolia.it\\\/prodotto\\\/headu-gioco-scuola-di-disegno\\\/#primaryimage\"},\"image\":{\"@id\":\"https:\\\/\\\/ecobiolia.it\\\/prodotto\\\/headu-gioco-scuola-di-disegno\\\/#primaryimage\"},\"thumbnailUrl\":\"https:\\\/\\\/ecobiolia.it\\\/wp-content\\\/uploads\\\/2022\\\/01\\\/disegno.jpg\",\"datePublished\":\"2022-01-25T14:22:19+00:00\",\"dateModified\":\"2025-04-22T19:19:07+00:00\",\"description\":\"HEADU Gioco Scuola di Disegno permette ai bambini di esercitare l\u2019osservazione e imparare le prime tecniche di disegno.\",\"breadcrumb\":{\"@id\":\"https:\\\/\\\/ecobiolia.it\\\/prodotto\\\/headu-gioco-scuola-di-disegno\\\/#breadcrumb\"},\"inLanguage\":\"it-IT\",\"potentialAction\":[{\"@type\":\"ReadAction\",\"target\":[\"https:\\\/\\\/ecobiolia.it\\\/prodotto\\\/headu-gioco-scuola-di-disegno\\\/\"]}]},{\"@type\":\"ImageObject\",\"inLanguage\":\"it-IT\",\"@id\":\"https:\\\/\\\/ecobiolia.it\\\/prodotto\\\/headu-gioco-scuola-di-disegno\\\/#primaryimage\",\"url\":\"https:\\\/\\\/ecobiolia.it\\\/wp-content\\\/uploads\\\/2022\\\/01\\\/disegno.jpg\",\"contentUrl\":\"https:\\\/\\\/ecobiolia.it\\\/wp-content\\\/uploads\\\/2022\\\/01\\\/disegno.jpg\",\"width\":1622,\"height\":1082},{\"@type\":\"BreadcrumbList\",\"@id\":\"https:\\\/\\\/ecobiolia.it\\\/prodotto\\\/headu-gioco-scuola-di-disegno\\\/#breadcrumb\",\"itemListElement\":[{\"@type\":\"ListItem\",\"position\":1,\"name\":\"Home\",\"item\":\"https:\\\/\\\/ecobiolia.it\\\/\"},{\"@type\":\"ListItem\",\"position\":2,\"name\":\"Negozio\",\"item\":\"https:\\\/\\\/ecobiolia.it\\\/negozio\\\/\"},{\"@type\":\"ListItem\",\"position\":3,\"name\":\"HEADU &#8211; Gioco Scuola di Disegno IT20522\"}]},{\"@type\":\"WebSite\",\"@id\":\"https:\\\/\\\/ecobiolia.it\\\/it_it\\\/#website\",\"url\":\"https:\\\/\\\/ecobiolia.it\\\/it_it\\\/\",\"name\":\"EcoBiOlia\",\"description\":\"Negozio Ecologico per Bambini e Adulti\",\"publisher\":{\"@id\":\"https:\\\/\\\/ecobiolia.it\\\/it_it\\\/#organization\"},\"potentialAction\":[{\"@type\":\"SearchAction\",\"target\":{\"@type\":\"EntryPoint\",\"urlTemplate\":\"https:\\\/\\\/ecobiolia.it\\\/it_it\\\/?s={search_term_string}\"},\"query-input\":{\"@type\":\"PropertyValueSpecification\",\"valueRequired\":true,\"valueName\":\"search_term_string\"}}],\"inLanguage\":\"it-IT\"},{\"@type\":\"Organization\",\"@id\":\"https:\\\/\\\/ecobiolia.it\\\/it_it\\\/#organization\",\"name\":\"EcoBiOlia\",\"url\":\"https:\\\/\\\/ecobiolia.it\\\/it_it\\\/\",\"logo\":{\"@type\":\"ImageObject\",\"inLanguage\":\"it-IT\",\"@id\":\"https:\\\/\\\/ecobiolia.it\\\/it_it\\\/#\\\/schema\\\/logo\\\/image\\\/\",\"url\":\"https:\\\/\\\/ecobiolia.it\\\/wp-content\\\/uploads\\\/2022\\\/04\\\/EcoBiOlia-Logo.png\",\"contentUrl\":\"https:\\\/\\\/ecobiolia.it\\\/wp-content\\\/uploads\\\/2022\\\/04\\\/EcoBiOlia-Logo.png\",\"width\":1772,\"height\":944,\"caption\":\"EcoBiOlia\"},\"image\":{\"@id\":\"https:\\\/\\\/ecobiolia.it\\\/it_it\\\/#\\\/schema\\\/logo\\\/image\\\/\"}}]}<\/script>\n<!-- \/ Yoast SEO plugin. -->","yoast_head_json":{"title":"HEADU - Gioco Scuola di Disegno IT20522 - EcoBiOlia","description":"HEADU Gioco Scuola di Disegno permette ai bambini di esercitare l\u2019osservazione e imparare le prime tecniche di disegno.","robots":{"index":"index","follow":"follow","max-snippet":"max-snippet:-1","max-image-preview":"max-image-preview:large","max-video-preview":"max-video-preview:-1"},"canonical":"https:\/\/ecobiolia.it\/it_it\/prodotto\/headu-gioco-scuola-di-disegno\/","og_locale":"it_IT","og_type":"article","og_title":"HEADU - Gioco Scuola di Disegno IT20522 - EcoBiOlia","og_description":"HEADU Gioco Scuola di Disegno permette ai bambini di esercitare l\u2019osservazione e imparare le prime tecniche di disegno.","og_url":"https:\/\/ecobiolia.it\/it_it\/prodotto\/headu-gioco-scuola-di-disegno\/","og_site_name":"EcoBiOlia","article_modified_time":"2025-04-22T19:19:07+00:00","og_image":[{"width":1622,"height":1082,"url":"https:\/\/ecobiolia.it\/wp-content\/uploads\/2022\/01\/disegno.jpg","type":"image\/jpeg"}],"twitter_card":"summary_large_image","twitter_misc":{"Tempo di lettura stimato":"2 minuti"},"schema":{"@context":"https:\/\/schema.org","@graph":[{"@type":"WebPage","@id":"https:\/\/ecobiolia.it\/prodotto\/headu-gioco-scuola-di-disegno\/","url":"https:\/\/ecobiolia.it\/prodotto\/headu-gioco-scuola-di-disegno\/","name":"HEADU - Gioco Scuola di Disegno IT20522 - EcoBiOlia","isPartOf":{"@id":"https:\/\/ecobiolia.it\/it_it\/#website"},"primaryImageOfPage":{"@id":"https:\/\/ecobiolia.it\/prodotto\/headu-gioco-scuola-di-disegno\/#primaryimage"},"image":{"@id":"https:\/\/ecobiolia.it\/prodotto\/headu-gioco-scuola-di-disegno\/#primaryimage"},"thumbnailUrl":"https:\/\/ecobiolia.it\/wp-content\/uploads\/2022\/01\/disegno.jpg","datePublished":"2022-01-25T14:22:19+00:00","dateModified":"2025-04-22T19:19:07+00:00","description":"HEADU Gioco Scuola di Disegno permette ai bambini di esercitare l\u2019osservazione e imparare le prime tecniche di disegno.","breadcrumb":{"@id":"https:\/\/ecobiolia.it\/prodotto\/headu-gioco-scuola-di-disegno\/#breadcrumb"},"inLanguage":"it-IT","potentialAction":[{"@type":"ReadAction","target":["https:\/\/ecobiolia.it\/prodotto\/headu-gioco-scuola-di-disegno\/"]}]},{"@type":"ImageObject","inLanguage":"it-IT","@id":"https:\/\/ecobiolia.it\/prodotto\/headu-gioco-scuola-di-disegno\/#primaryimage","url":"https:\/\/ecobiolia.it\/wp-content\/uploads\/2022\/01\/disegno.jpg","contentUrl":"https:\/\/ecobiolia.it\/wp-content\/uploads\/2022\/01\/disegno.jpg","width":1622,"height":1082},{"@type":"BreadcrumbList","@id":"https:\/\/ecobiolia.it\/prodotto\/headu-gioco-scuola-di-disegno\/#breadcrumb","itemListElement":[{"@type":"ListItem","position":1,"name":"Home","item":"https:\/\/ecobiolia.it\/"},{"@type":"ListItem","position":2,"name":"Negozio","item":"https:\/\/ecobiolia.it\/negozio\/"},{"@type":"ListItem","position":3,"name":"HEADU &#8211; Gioco Scuola di Disegno IT20522"}]},{"@type":"WebSite","@id":"https:\/\/ecobiolia.it\/it_it\/#website","url":"https:\/\/ecobiolia.it\/it_it\/","name":"EcoBiOlia","description":"Negozio Ecologico per Bambini e Adulti","publisher":{"@id":"https:\/\/ecobiolia.it\/it_it\/#organization"},"potentialAction":[{"@type":"SearchAction","target":{"@type":"EntryPoint","urlTemplate":"https:\/\/ecobiolia.it\/it_it\/?s={search_term_string}"},"query-input":{"@type":"PropertyValueSpecification","valueRequired":true,"valueName":"search_term_string"}}],"inLanguage":"it-IT"},{"@type":"Organization","@id":"https:\/\/ecobiolia.it\/it_it\/#organization","name":"EcoBiOlia","url":"https:\/\/ecobiolia.it\/it_it\/","logo":{"@type":"ImageObject","inLanguage":"it-IT","@id":"https:\/\/ecobiolia.it\/it_it\/#\/schema\/logo\/image\/","url":"https:\/\/ecobiolia.it\/wp-content\/uploads\/2022\/04\/EcoBiOlia-Logo.png","contentUrl":"https:\/\/ecobiolia.it\/wp-content\/uploads\/2022\/04\/EcoBiOlia-Logo.png","width":1772,"height":944,"caption":"EcoBiOlia"},"image":{"@id":"https:\/\/ecobiolia.it\/it_it\/#\/schema\/logo\/image\/"}}]}},"jetpack-related-posts":[{"id":1149,"url":"https:\/\/ecobiolia.it\/it_it\/prodotto\/headu-gioco-montessori-puzzle-the-forest-it20133\/","url_meta":{"origin":1075,"position":0},"title":"Headu &#8211; Gioco Montessori Puzzle The Forest IT20133","author":"Olga","date":"1 Febbraio 2022","format":false,"excerpt":"Questo primissimo puzzle, ispirato al metodo dell\u2019 educatrice Maria Montessori, permette ai bambini pi\u00f9 piccoli di conoscere un piccolo angolo di bosco stimolando il gesto, il tatto, la percezione delle forme e il senso dello spazio. Tale approccio multisensoriale favorisce un apprendimento pi\u00f9 profondo, importantissimo per lo sviluppo cognitivo in\u2026","rel":"","context":"Con 1 commento","block_context":{"text":"Con 1 commento","link":"https:\/\/ecobiolia.it\/it_it\/prodotto\/headu-gioco-montessori-puzzle-the-forest-it20133\/#comments"},"img":{"alt_text":"","src":"https:\/\/i0.wp.com\/ecobiolia.it\/wp-content\/uploads\/2022\/02\/forest.jpg?resize=350%2C200&ssl=1","width":350,"height":200,"srcset":"https:\/\/i0.wp.com\/ecobiolia.it\/wp-content\/uploads\/2022\/02\/forest.jpg?resize=350%2C200&ssl=1 1x, https:\/\/i0.wp.com\/ecobiolia.it\/wp-content\/uploads\/2022\/02\/forest.jpg?resize=525%2C300&ssl=1 1.5x, https:\/\/i0.wp.com\/ecobiolia.it\/wp-content\/uploads\/2022\/02\/forest.jpg?resize=700%2C400&ssl=1 2x, https:\/\/i0.wp.com\/ecobiolia.it\/wp-content\/uploads\/2022\/02\/forest.jpg?resize=1050%2C600&ssl=1 3x, https:\/\/i0.wp.com\/ecobiolia.it\/wp-content\/uploads\/2022\/02\/forest.jpg?resize=1400%2C800&ssl=1 4x"},"classes":[]},{"id":1909,"url":"https:\/\/ecobiolia.it\/it_it\/prodotto\/cannucce-divertenti-riutilizzabili-per-bambini-in-silicone\/","url_meta":{"origin":1075,"position":1},"title":"Cannucce Divertenti Riutilizzabili per Bambini in Silicone","author":"Olga","date":"28 Maggio 2022","format":false,"excerpt":"Cannucce Divertenti Riutilizzabili Per Bambini sono realizzate in silicone 100% alimentare certificato SGS, approvato FDA e LFGB.\u00a0 Senza piombo e BPA. Sono morbide per i denti, flessibili e resistenti. Possono essere usati per bevande sia calde che fredde, sterilizzati sul vapore, lavati in lavastoviglie. Ottime per bere acqua, latte, succhi,\u2026","rel":"","context":"Con 2 commenti","block_context":{"text":"Con 2 commenti","link":"https:\/\/ecobiolia.it\/it_it\/prodotto\/cannucce-divertenti-riutilizzabili-per-bambini-in-silicone\/#comments"},"img":{"alt_text":"","src":"https:\/\/i0.wp.com\/ecobiolia.it\/wp-content\/uploads\/2022\/05\/EcoBiOlia-Cannucce-Divertenti.jpg?resize=350%2C200&ssl=1","width":350,"height":200,"srcset":"https:\/\/i0.wp.com\/ecobiolia.it\/wp-content\/uploads\/2022\/05\/EcoBiOlia-Cannucce-Divertenti.jpg?resize=350%2C200&ssl=1 1x, https:\/\/i0.wp.com\/ecobiolia.it\/wp-content\/uploads\/2022\/05\/EcoBiOlia-Cannucce-Divertenti.jpg?resize=525%2C300&ssl=1 1.5x, https:\/\/i0.wp.com\/ecobiolia.it\/wp-content\/uploads\/2022\/05\/EcoBiOlia-Cannucce-Divertenti.jpg?resize=700%2C400&ssl=1 2x, https:\/\/i0.wp.com\/ecobiolia.it\/wp-content\/uploads\/2022\/05\/EcoBiOlia-Cannucce-Divertenti.jpg?resize=1050%2C600&ssl=1 3x, https:\/\/i0.wp.com\/ecobiolia.it\/wp-content\/uploads\/2022\/05\/EcoBiOlia-Cannucce-Divertenti.jpg?resize=1400%2C800&ssl=1 4x"},"classes":[]},{"id":4006,"url":"https:\/\/ecobiolia.it\/it_it\/prodotto\/bagnoschiuma-detergente-corpo-e-capelli-per-neonati\/","url_meta":{"origin":1075,"position":2},"title":"Bagnoschiuma, Detergente Corpo e Capelli per Neonati","author":"Olga","date":"22 Agosto 2022","format":false,"excerpt":"Bagnoschiuma, detergente corpo e capelli per neonati, bambini e adulti con un gradevole profumo di lampone. Ha una composizione naturale, a base di lampone olio di semi, glicerina, proteine \u200b\u200bdel grano e arnica di montagna, che hanno un effetto idratante e antinfiammatorio. Pantenolo e allantoina lenire la pelle. Facilita la\u2026","rel":"","context":"Con 1 commento","block_context":{"text":"Con 1 commento","link":"https:\/\/ecobiolia.it\/it_it\/prodotto\/bagnoschiuma-detergente-corpo-e-capelli-per-neonati\/#comments"},"img":{"alt_text":"","src":"https:\/\/i0.wp.com\/ecobiolia.it\/wp-content\/uploads\/2022\/08\/5760.png?resize=350%2C200&ssl=1","width":350,"height":200,"srcset":"https:\/\/i0.wp.com\/ecobiolia.it\/wp-content\/uploads\/2022\/08\/5760.png?resize=350%2C200&ssl=1 1x, https:\/\/i0.wp.com\/ecobiolia.it\/wp-content\/uploads\/2022\/08\/5760.png?resize=525%2C300&ssl=1 1.5x, https:\/\/i0.wp.com\/ecobiolia.it\/wp-content\/uploads\/2022\/08\/5760.png?resize=700%2C400&ssl=1 2x, https:\/\/i0.wp.com\/ecobiolia.it\/wp-content\/uploads\/2022\/08\/5760.png?resize=1050%2C600&ssl=1 3x"},"classes":[]},{"id":5114,"url":"https:\/\/ecobiolia.it\/it_it\/prodotto\/riduttore-nido-per-culla-lettino\/","url_meta":{"origin":1075,"position":3},"title":"Riduttore Nido per Culla Lettino","author":"Olga","date":"2 Marzo 2023","format":false,"excerpt":"Riduttore Nido per Culla e Lettino per un bambino in filato di cotone naturale e arioso. Taglia perfetta dalla nascita fino a circa un anno. Grazie alla rilegatura, puoi stringere i lati insieme o allargarli, aprendo e dispiegando completamente il nido. Ci\u00f2 consente di adattare la taglia alla taglia e\u2026","rel":"","context":"Articolo simile","block_context":{"text":"Articolo simile","link":""},"img":{"alt_text":"","src":"https:\/\/i0.wp.com\/ecobiolia.it\/wp-content\/uploads\/2023\/03\/7888.jpg?resize=350%2C200&ssl=1","width":350,"height":200,"srcset":"https:\/\/i0.wp.com\/ecobiolia.it\/wp-content\/uploads\/2023\/03\/7888.jpg?resize=350%2C200&ssl=1 1x, https:\/\/i0.wp.com\/ecobiolia.it\/wp-content\/uploads\/2023\/03\/7888.jpg?resize=525%2C300&ssl=1 1.5x, https:\/\/i0.wp.com\/ecobiolia.it\/wp-content\/uploads\/2023\/03\/7888.jpg?resize=700%2C400&ssl=1 2x, https:\/\/i0.wp.com\/ecobiolia.it\/wp-content\/uploads\/2023\/03\/7888.jpg?resize=1050%2C600&ssl=1 3x"},"classes":[]},{"id":4813,"url":"https:\/\/ecobiolia.it\/it_it\/prodotto\/coperta-neonato-in-bambu-e-cotone-popcorn\/","url_meta":{"origin":1075,"position":4},"title":"Coperta Neonato in Bamb\u00f9 e Cotone Popcorn","author":"Olga","date":"1 Marzo 2023","format":false,"excerpt":"Una coperta per tutto l'anno in stile scandinavo, realizzata in filato di bamb\u00f9 con l'aggiunta di cotone. La doppia densit\u00e0 di maglia e la trama unica garantiscono un incredibile comfort di utilizzo. Il filato di bamb\u00f9 ha propriet\u00e0 termoregolatrici, grazie alle quali mantiene il comfort termico, previene il surriscaldamento, respira\u2026","rel":"","context":"Articolo simile","block_context":{"text":"Articolo simile","link":""},"img":{"alt_text":"","src":"https:\/\/i0.wp.com\/ecobiolia.it\/wp-content\/uploads\/2023\/03\/14391.jpg?resize=350%2C200&ssl=1","width":350,"height":200,"srcset":"https:\/\/i0.wp.com\/ecobiolia.it\/wp-content\/uploads\/2023\/03\/14391.jpg?resize=350%2C200&ssl=1 1x, https:\/\/i0.wp.com\/ecobiolia.it\/wp-content\/uploads\/2023\/03\/14391.jpg?resize=525%2C300&ssl=1 1.5x, https:\/\/i0.wp.com\/ecobiolia.it\/wp-content\/uploads\/2023\/03\/14391.jpg?resize=700%2C400&ssl=1 2x, https:\/\/i0.wp.com\/ecobiolia.it\/wp-content\/uploads\/2023\/03\/14391.jpg?resize=1050%2C600&ssl=1 3x, https:\/\/i0.wp.com\/ecobiolia.it\/wp-content\/uploads\/2023\/03\/14391.jpg?resize=1400%2C800&ssl=1 4x"},"classes":[]},{"id":5345,"url":"https:\/\/ecobiolia.it\/it_it\/prodotto\/telo-coperta-pareo-in-100-bambu-mazzo-di-fiori\/","url_meta":{"origin":1075,"position":5},"title":"Telo, Coperta, Pareo in 100% Bamb\u00f9 &#8211; Mazzo di Fiori","author":"Olga","date":"3 Maggio 2023","format":false,"excerpt":"Telo, coperta, pareo multifunzionale realizzata in 100% viscosa di bamb\u00f9. La taglia grande \u00e8 perfetta per i bambini pi\u00f9 grandi e gli adulti. Da coprire nelle giornate pi\u00f9 calde, come paero in spiaggia o come copriletto per dormire. Grazie alla sua versatilit\u00e0, pu\u00f2 essere sia un capo che una copertura.\u2026","rel":"","context":"Articolo simile","block_context":{"text":"Articolo simile","link":""},"img":{"alt_text":"","src":"https:\/\/i0.wp.com\/ecobiolia.it\/wp-content\/uploads\/2023\/05\/Chusta-wzor-Bukiet.jpg?resize=350%2C200&ssl=1","width":350,"height":200,"srcset":"https:\/\/i0.wp.com\/ecobiolia.it\/wp-content\/uploads\/2023\/05\/Chusta-wzor-Bukiet.jpg?resize=350%2C200&ssl=1 1x, https:\/\/i0.wp.com\/ecobiolia.it\/wp-content\/uploads\/2023\/05\/Chusta-wzor-Bukiet.jpg?resize=525%2C300&ssl=1 1.5x, https:\/\/i0.wp.com\/ecobiolia.it\/wp-content\/uploads\/2023\/05\/Chusta-wzor-Bukiet.jpg?resize=700%2C400&ssl=1 2x, https:\/\/i0.wp.com\/ecobiolia.it\/wp-content\/uploads\/2023\/05\/Chusta-wzor-Bukiet.jpg?resize=1050%2C600&ssl=1 3x, https:\/\/i0.wp.com\/ecobiolia.it\/wp-content\/uploads\/2023\/05\/Chusta-wzor-Bukiet.jpg?resize=1400%2C800&ssl=1 4x"},"classes":[]}],"jetpack_sharing_enabled":true,"_links":{"self":[{"href":"https:\/\/ecobiolia.it\/it_it\/wp-json\/wp\/v2\/product\/1075","targetHints":{"allow":["GET"]}}],"collection":[{"href":"https:\/\/ecobiolia.it\/it_it\/wp-json\/wp\/v2\/product"}],"about":[{"href":"https:\/\/ecobiolia.it\/it_it\/wp-json\/wp\/v2\/types\/product"}],"replies":[{"embeddable":true,"href":"https:\/\/ecobiolia.it\/it_it\/wp-json\/wp\/v2\/comments?post=1075"}],"version-history":[{"count":1,"href":"https:\/\/ecobiolia.it\/it_it\/wp-json\/wp\/v2\/product\/1075\/revisions"}],"predecessor-version":[{"id":6415,"href":"https:\/\/ecobiolia.it\/it_it\/wp-json\/wp\/v2\/product\/1075\/revisions\/6415"}],"wp:featuredmedia":[{"embeddable":true,"href":"https:\/\/ecobiolia.it\/it_it\/wp-json\/wp\/v2\/media\/1078"}],"wp:attachment":[{"href":"https:\/\/ecobiolia.it\/it_it\/wp-json\/wp\/v2\/media?parent=1075"}],"wp:term":[{"taxonomy":"product_brand","embeddable":true,"href":"https:\/\/ecobiolia.it\/it_it\/wp-json\/wp\/v2\/product_brand?post=1075"},{"taxonomy":"product_cat","embeddable":true,"href":"https:\/\/ecobiolia.it\/it_it\/wp-json\/wp\/v2\/product_cat?post=1075"},{"taxonomy":"product_tag","embeddable":true,"href":"https:\/\/ecobiolia.it\/it_it\/wp-json\/wp\/v2\/product_tag?post=1075"}],"curies":[{"name":"wp","href":"https:\/\/api.w.org\/{rel}","templated":true}]}}