{"id":3,"date":"2021-04-15T19:37:15","date_gmt":"2021-04-15T19:37:15","guid":{"rendered":"https:\/\/ecobiolia.it\/?page_id=3"},"modified":"2024-03-27T21:57:37","modified_gmt":"2024-03-27T21:57:37","slug":"informativa-sulla-privacy","status":"publish","type":"page","link":"https:\/\/ecobiolia.it\/it_it\/informativa-sulla-privacy\/","title":{"rendered":"Informativa sulla Privacy"},"content":{"rendered":"\n<h2 class=\"wp-block-heading\">Chi siamo<\/h2>\n\n\n\n<p>EcoBiOlia di Olga Balyshkina (EcoBiOlia), con sede legale a Teramo (TE), via Villa Ripa str. Prov.le, Partita IVA n. 02103320673 in qualit\u00e0 del Titolare del trattamento dei dati personali, fornisce qui di seguito l\u2019informativa sulla privacy ai sensi dell\u2019art. 13 del Regolamento (UE) 2016\/679 agli utenti e visitatori che si collegano al sito web <a data-type=\"URL\" data-id=\"https:\/\/ecobiolia.it\/\" href=\"https:\/\/ecobiolia.it\/\">https:\/\/ecobiolia.it\/<\/a>. <\/p>\n\n\n\n<p>La presente Informativa sulla privacy descrive come EcoBiOlia utilizza e protegge le informazioni che chiediamo agli utenti e visitatori di fornire, le informazioni che raccogliamo attraverso il funzionamento del nostro sito  e quali scelte gli utenti e visitatori hanno a disposizione.<\/p>\n\n\n\n<h2 class=\"wp-block-heading\">Quali dati personali raccogliamo e perch\u00e9 li raccogliamo<\/h2>\n\n\n\n<p>Di seguito spieghiamo come raccogliamo, utilizziamo e condividiamo le informazioni su di te e le scelte che hai rispetto a tali informazioni. Il motivo per cui raccogliamo le informazioni sui visitatori \u00e8 per fornire e migliorare costantemente i nostri prodotti e servizi.<\/p>\n\n\n\n<p>Raccogliamo informazioni da due fonti: <\/p>\n\n\n\n<p><strong>Dati che visitatori forniscono direttamente<\/strong>. Raccogliamo informazioni che ci fornisci comunicando direttamente con noi. Ad esempio, chiediamo ai visitatori che ci inviano una richiesta di fornire un nome e un indirizzo e-mail. Puoi fornirci informazioni quando rispondi a sondaggi o ti iscrivi a una newsletter. Quando comunichi con noi tramite modulo, e-mail, telefono, commento o altro, memorizziamo una copia delle nostre comunicazioni (comprese le registrazioni delle chiamate come consentito dalla legge applicabile). EcoBiOlia non divulga informazioni di identificazione personale diverse da quelle descritte di seguito. E i visitatori possono sempre scegliere di non fornire alcuni dati. Tutte le informazioni raccolte su <a href=\"https:\/\/ecobiolia.it\">EcoBiOlia.it<\/a> verranno gestite in conformit\u00e0 alla normativa GDPR.<\/p>\n\n\n\n<p><strong>Dati che vengono raccolti automaticamente<\/strong>. <\/p>\n\n\n\n<ul class=\"wp-block-list\"><li><em>Informazioni di registro<\/em>: come la maggior parte degli operatori di siti Web, raccogliamo informazioni che i browser Web, i dispositivi mobili e i server in genere rendono disponibili, inclusi il tipo di browser, l&#8217;indirizzo IP, gli identificatori univoci del dispositivo, la preferenza della lingua, il sito di riferimento, la data e l&#8217;ora di accesso, il funzionamento sistema e informazioni sulla rete mobile. <\/li><li><em>Informazioni sulla posizione<\/em>: possiamo determinare la posizione approssimativa del tuo dispositivo dal tuo indirizzo IP. Raccogliamo e utilizziamo queste informazioni, ad esempio, per calcolare quante persone visitano il nostro sito da determinate aree geografiche. <\/li><li><em>Informazioni da cookie e altre tecnologie<\/em>: &#8220;cookie&#8221; sono piccoli file di testo inviati dal tuo computer ogni volta che visiti il nostro sito Web. I &#8220;pixel tag&#8221; sono piccoli blocchi di codice inseriti su siti Web ed e-mail. EcoBiOlia utilizza i cookie e altre tecnologie come i pixel tag per identificare e monitorare i visitatori, l&#8217;utilizzo, per acquisire i dati di registro. Ad esempio, utilizziamo i cookie per memorizzare le preferenze o altre impostazioni, cos\u00ec che tu non debba configurarle ogni volta che visiti EcoBiOlia.it. Quando usiamo i cookie o altre tecnologie simili, impieghiamo cookie di sessione (che durano fino alla chiusura del browser) o cookie persistenti (che durano finch\u00e9 non vengono eliminati da te o dal browser). Per ulteriori informazioni sul nostro utilizzo dei cookie e di altre tecnologie per il tracciamento, incluso il modo in cui \u00e8 possibile controllare l&#8217;uso dei cookie, consultare la nostra Politica sui cookie. <\/li><\/ul>\n\n\n\n<h2 class=\"wp-block-heading\">Finalit\u00e0 dell&#8217;utilizzo delle informazioni.<\/h2>\n\n\n\n<p>Trattiamo i tuoi dati personali per gli scopi elencati di seguito: <\/p>\n\n\n\n<ul class=\"wp-block-list\"><li><em>Per fornire e migliorare i nostri servizi.<\/em> Ad esempio, monitorando e analizzando come gli utenti interagiscono con il nostro sito in modo da poter offrire prodotti e servizi, comunicare relativamente ai servizi e prodotti.<\/li><li><em>Per mostrare pubblicit\u00e0 definita in base ai bisogni e interessi. <\/em>Utilizziamo informazioni come le tue interazioni con il sito, i contenuti e i servizi per mostrarti pubblicit\u00e0 definita in base ai bisogni e interessi.<\/li><li><em>Per suggerire e personalizzare i nostri servizi.<\/em> Utilizziamo i tuoi dati personali per identificare le tue preferenze e bisogni  e suggerire prodotti e servizi che potrebbero interessarti. Inviamo materiali di marketing tramite e-mail, SMS o telefonate, in base alle impostazioni. Ogni volta che inviamo materiali di marketing offriamo la possibilit\u00e0 di annullare l&#8217;iscrizione.<\/li><li><em>Per comunicare con te.<\/em> Utilizziamo i tuoi dati personali per comunicare con te relativamente a nostri servizi e prodotti, rispondere alle tue domande o commenti attraverso diversi canali come telefono, e-mail o chat. <\/li><li><em>Per inviare materiali di marketing. <\/em>Inviamo materiali di marketing tramite e-mail, SMS o telefonate, in base alle impostazioni. Ogni volta che inviamo materiali di marketing offriamo la possibilit\u00e0 di annullare l&#8217;iscrizione.<\/li><\/ul>\n\n\n\n<h2 class=\"wp-block-heading\">Cookie<\/h2>\n\n\n\n<p>Se lasci un commento sul nostro sito, puoi scegliere di salvare il tuo nome, indirizzo email e sito web nei cookie. Sono usati per la tua comodit\u00e0 in modo che tu non debba inserire nuovamente i tuoi dati quando lasci un altro commento. Questi cookie dureranno per un anno.<\/p>\n\n\n\n<p>Se visiti la pagina di login, verr\u00e0 impostato un cookie temporaneo per determinare se il tuo browser accetta i cookie. Questo cookie non contiene dati personali e viene eliminato quando chiudi il browser.<\/p>\n\n\n\n<p>Quando effettui l&#8217;accesso, verranno impostati diversi cookie per salvare le tue informazioni di accesso e le tue opzioni di visualizzazione dello schermo. I cookie di accesso durano due giorni mentre i cookie per le opzioni dello schermo durano un anno. Se selezioni &#8220;Ricordami&#8221;, il tuo accesso persister\u00e0 per due settimane. Se esci dal tuo account, i cookie di accesso verranno rimossi.<\/p>\n\n\n\n<p>Se modifichi o pubblichi un articolo, un cookie aggiuntivo verr\u00e0 salvato nel tuo browser. Questo cookie non include dati personali, ma indica semplicemente l&#8217;ID dell&#8217;articolo appena modificato. Scade dopo 1 giorno.<\/p>\n\n\n\n<p>Gli articoli su questo sito possono includere contenuti incorporati (ad esempio video, immagini, articoli, ecc.). I contenuti incorporati da altri siti web si comportano esattamente allo stesso modo come se il visitatore avesse visitato l&#8217;altro sito web.<\/p>\n\n\n\n<p>Questi siti web possono raccogliere dati su di te, usare cookie, integrare ulteriori tracciamenti di terze parti e monitorare l&#8217;interazione con essi, incluso il tracciamento della tua interazione con il contenuto incorporato se hai un account e sei connesso a quei siti web.<\/p>\n\n\n\n<h2 class=\"wp-block-heading\">Con chi condividiamo i tuoi dati<\/h2>\n\n\n\n<p>In questa sezione nominiamo ed elenciamo tutti i fornitori di terze parti con cui condividiamo i dati del sito.<\/p>\n\n\n\n<ul class=\"wp-block-list\"><li>Le aziende, i fornitori di servizi o gli individui terzi che impieghiamo per elaborare le informazioni per nostro conto sulla base delle nostre istruzioni e in conformit\u00e0 con queste Norme sulla privacy. Ad esempio, condividiamo i dati anche con i consulenti per la sicurezza che ci aiutano a identificare meglio lo spam. Alcune informazioni da noi ottenute possono essere raccolte da fornitori terzi per nostro conto.<\/li><li>I servizi preposti all&#8217;applicazione della legge o le agenzie governative. Condividiamo le informazioni solo se riteniamo che la divulgazione sia ragionevolmente necessaria per rispettare una legge, un regolamento o una richiesta legale, per proteggere la sicurezza, i diritti o la propriet\u00e0 del pubblico, di qualsiasi persona o di EcoBiOlia, oppure per rilevare, prevenire o altrimenti affrontare frodi e problemi tecnici o di sicurezza.<\/li><li>Le nostre controllate e partecipate interamente controllate. Se dovessimo impegnarci in fusioni, acquisizioni, fallimenti, dissoluzioni, riorganizzazioni o transazioni e procedimenti simili, che prevedono il trasferimento delle informazioni descritte in questa informativa, condivideremo le tue informazioni con una delle parti coinvolte in tale processo (ad esempio un potenziale acquirente).<\/li><\/ul>\n\n\n\n<p>Se richiedi una reimpostazione della password, il tuo indirizzo IP verr\u00e0 incluso nell&#8217;email di reimpostazione.<\/p>\n\n\n\n<h2 class=\"wp-block-heading\">Per quanto tempo conserviamo i tuoi dati<\/h2>\n\n\n\n<p>In questa sezione spiegiamo per quanto tempo conserviamo i dati personali raccolti o elaborati dal sito web. <\/p>\n\n\n\n<p>Se lasci un commento, il commento e i relativi metadati vengono conservati a tempo indeterminato. \u00c8 cos\u00ec che possiamo riconoscere e approvare automaticamente eventuali commenti successivi invece di tenerli in una coda di moderazione.<\/p>\n\n\n\n<p>Per gli utenti che si registrano sul nostro sito web (se presenti), memorizziamo anche le informazioni personali che forniscono nel loro profilo utente. Tutti gli utenti possono vedere, modificare o cancellare le loro informazioni personali in qualsiasi momento (eccetto il loro nome utente che non possono cambiare). Gli amministratori del sito web possono anche vedere e modificare queste informazioni.<\/p>\n\n\n\n<p>Conserveremo le tue informazioni solo per il tempo necessario a fornirti il servizio di EcoBiOlia e a ottemperare agli scopi descritti in questa informativa. Questo vale anche per coloro con i quali condividiamo le informazioni e per chi svolge servizi per nostro conto. Quando non avremo pi\u00f9 bisogno di utilizzare le tue informazioni e non vi sar\u00e0 pi\u00f9 necessit\u00e0 di conservarle per adempiere agli obblighi legali o normativi, le rimuoveremo dai nostri sistemi o le renderemo anonime affinch\u00e9 non sia possibile identificarti.<\/p>\n\n\n\n<h2 class=\"wp-block-heading\">Quali diritti hai sui tuoi dati<\/h2>\n\n\n\n<p>In questa sezione indiciamo quali diritti hanno gli utenti nella gestione dei loro dati e come possono esercitarli.<\/p>\n\n\n\n<p>Se hai un account su questo sito, o hai lasciato commenti, puoi richiedere di ricevere un file esportato dal sito con i dati personali che abbiamo su di te, compresi i dati che ci hai fornito. Puoi anche richiedere che cancelliamo tutti i dati personali che ti riguardano. Questo non include i dati che siamo obbligati a conservare per scopi amministrativi, legali o di sicurezza.<\/p>\n\n\n\n<p>Hai diverse possibilit\u00e0 a tua disposizione relativamente ai dati in nostro possesso. Per avvalerti di queste possibilit\u00e0, visualizza le impostazioni del tuo account e, se hai ancora bisogno di aiuto, contattaci per:<\/p>\n\n\n\n<ul class=\"wp-block-list\"><li>Richiedere accesso ai dati raccolti su di te e in nostro possesso. <\/li><li>Richiedere la correzione o l&#8217;eliminazione dei tuoi dati. <\/li><li>Richiedere maggiori dettagli sulle informazioni che raccogliamo e su come e perch\u00e9 le utilizziamo e le condividiamo.<\/li><\/ul>\n","protected":false},"excerpt":{"rendered":"<p>Chi siamo EcoBiOlia di Olga Balyshkina (EcoBiOlia), con sede legale a Teramo (TE), via Villa Ripa str. Prov.le, Partita IVA n. 02103320673 in qualit\u00e0 del Titolare del trattamento dei dati personali, fornisce qui di seguito l\u2019informativa sulla privacy ai sensi dell\u2019art. 13 del Regolamento (UE) 2016\/679 agli utenti e visitatori che si collegano al sito [&hellip;]<\/p>\n","protected":false},"author":2,"featured_media":0,"parent":0,"menu_order":0,"comment_status":"closed","ping_status":"open","template":"","meta":{"footnotes":""},"class_list":["post-3","page","type-page","status-publish","hentry"],"blocksy_meta":{"styles_descriptor":{"styles":{"desktop":"","tablet":"","mobile":""},"google_fonts":[],"version":6}},"yoast_head":"<!-- This site is optimized with the Yoast SEO plugin v27.4 - https:\/\/yoast.com\/product\/yoast-seo-wordpress\/ -->\n<title>Informativa sulla Privacy - EcoBiOlia<\/title>\n<meta name=\"robots\" content=\"index, follow, max-snippet:-1, max-image-preview:large, max-video-preview:-1\" \/>\n<link rel=\"canonical\" href=\"https:\/\/ecobiolia.it\/it_it\/informativa-sulla-privacy\/\" \/>\n<meta property=\"og:locale\" content=\"it_IT\" \/>\n<meta property=\"og:type\" content=\"article\" \/>\n<meta property=\"og:title\" content=\"Informativa sulla Privacy - EcoBiOlia\" \/>\n<meta property=\"og:description\" content=\"Chi siamo EcoBiOlia di Olga Balyshkina (EcoBiOlia), con sede legale a Teramo (TE), via Villa Ripa str. Prov.le, Partita IVA n. 02103320673 in qualit\u00e0 del Titolare del trattamento dei dati personali, fornisce qui di seguito l\u2019informativa sulla privacy ai sensi dell\u2019art. 13 del Regolamento (UE) 2016\/679 agli utenti e visitatori che si collegano al sito [&hellip;]\" \/>\n<meta property=\"og:url\" content=\"https:\/\/ecobiolia.it\/it_it\/informativa-sulla-privacy\/\" \/>\n<meta property=\"og:site_name\" content=\"EcoBiOlia\" \/>\n<meta property=\"article:modified_time\" content=\"2024-03-27T21:57:37+00:00\" \/>\n<meta name=\"twitter:card\" content=\"summary_large_image\" \/>\n<meta name=\"twitter:label1\" content=\"Tempo di lettura stimato\" \/>\n\t<meta name=\"twitter:data1\" content=\"9 minuti\" \/>\n<script type=\"application\/ld+json\" class=\"yoast-schema-graph\">{\"@context\":\"https:\\\/\\\/schema.org\",\"@graph\":[{\"@type\":\"WebPage\",\"@id\":\"https:\\\/\\\/ecobiolia.it\\\/informativa-sulla-privacy\\\/\",\"url\":\"https:\\\/\\\/ecobiolia.it\\\/informativa-sulla-privacy\\\/\",\"name\":\"Informativa sulla Privacy - EcoBiOlia\",\"isPartOf\":{\"@id\":\"https:\\\/\\\/ecobiolia.it\\\/it_it\\\/#website\"},\"datePublished\":\"2021-04-15T19:37:15+00:00\",\"dateModified\":\"2024-03-27T21:57:37+00:00\",\"breadcrumb\":{\"@id\":\"https:\\\/\\\/ecobiolia.it\\\/informativa-sulla-privacy\\\/#breadcrumb\"},\"inLanguage\":\"it-IT\",\"potentialAction\":[{\"@type\":\"ReadAction\",\"target\":[\"https:\\\/\\\/ecobiolia.it\\\/informativa-sulla-privacy\\\/\"]}]},{\"@type\":\"BreadcrumbList\",\"@id\":\"https:\\\/\\\/ecobiolia.it\\\/informativa-sulla-privacy\\\/#breadcrumb\",\"itemListElement\":[{\"@type\":\"ListItem\",\"position\":1,\"name\":\"Home\",\"item\":\"https:\\\/\\\/ecobiolia.it\\\/\"},{\"@type\":\"ListItem\",\"position\":2,\"name\":\"Informativa sulla Privacy\"}]},{\"@type\":\"WebSite\",\"@id\":\"https:\\\/\\\/ecobiolia.it\\\/it_it\\\/#website\",\"url\":\"https:\\\/\\\/ecobiolia.it\\\/it_it\\\/\",\"name\":\"EcoBiOlia\",\"description\":\"Negozio Ecologico per Bambini e Adulti\",\"publisher\":{\"@id\":\"https:\\\/\\\/ecobiolia.it\\\/it_it\\\/#organization\"},\"potentialAction\":[{\"@type\":\"SearchAction\",\"target\":{\"@type\":\"EntryPoint\",\"urlTemplate\":\"https:\\\/\\\/ecobiolia.it\\\/it_it\\\/?s={search_term_string}\"},\"query-input\":{\"@type\":\"PropertyValueSpecification\",\"valueRequired\":true,\"valueName\":\"search_term_string\"}}],\"inLanguage\":\"it-IT\"},{\"@type\":\"Organization\",\"@id\":\"https:\\\/\\\/ecobiolia.it\\\/it_it\\\/#organization\",\"name\":\"EcoBiOlia\",\"url\":\"https:\\\/\\\/ecobiolia.it\\\/it_it\\\/\",\"logo\":{\"@type\":\"ImageObject\",\"inLanguage\":\"it-IT\",\"@id\":\"https:\\\/\\\/ecobiolia.it\\\/it_it\\\/#\\\/schema\\\/logo\\\/image\\\/\",\"url\":\"https:\\\/\\\/ecobiolia.it\\\/wp-content\\\/uploads\\\/2022\\\/04\\\/EcoBiOlia-Logo.png\",\"contentUrl\":\"https:\\\/\\\/ecobiolia.it\\\/wp-content\\\/uploads\\\/2022\\\/04\\\/EcoBiOlia-Logo.png\",\"width\":1772,\"height\":944,\"caption\":\"EcoBiOlia\"},\"image\":{\"@id\":\"https:\\\/\\\/ecobiolia.it\\\/it_it\\\/#\\\/schema\\\/logo\\\/image\\\/\"}}]}<\/script>\n<!-- \/ Yoast SEO plugin. -->","yoast_head_json":{"title":"Informativa sulla Privacy - EcoBiOlia","robots":{"index":"index","follow":"follow","max-snippet":"max-snippet:-1","max-image-preview":"max-image-preview:large","max-video-preview":"max-video-preview:-1"},"canonical":"https:\/\/ecobiolia.it\/it_it\/informativa-sulla-privacy\/","og_locale":"it_IT","og_type":"article","og_title":"Informativa sulla Privacy - EcoBiOlia","og_description":"Chi siamo EcoBiOlia di Olga Balyshkina (EcoBiOlia), con sede legale a Teramo (TE), via Villa Ripa str. Prov.le, Partita IVA n. 02103320673 in qualit\u00e0 del Titolare del trattamento dei dati personali, fornisce qui di seguito l\u2019informativa sulla privacy ai sensi dell\u2019art. 13 del Regolamento (UE) 2016\/679 agli utenti e visitatori che si collegano al sito [&hellip;]","og_url":"https:\/\/ecobiolia.it\/it_it\/informativa-sulla-privacy\/","og_site_name":"EcoBiOlia","article_modified_time":"2024-03-27T21:57:37+00:00","twitter_card":"summary_large_image","twitter_misc":{"Tempo di lettura stimato":"9 minuti"},"schema":{"@context":"https:\/\/schema.org","@graph":[{"@type":"WebPage","@id":"https:\/\/ecobiolia.it\/informativa-sulla-privacy\/","url":"https:\/\/ecobiolia.it\/informativa-sulla-privacy\/","name":"Informativa sulla Privacy - EcoBiOlia","isPartOf":{"@id":"https:\/\/ecobiolia.it\/it_it\/#website"},"datePublished":"2021-04-15T19:37:15+00:00","dateModified":"2024-03-27T21:57:37+00:00","breadcrumb":{"@id":"https:\/\/ecobiolia.it\/informativa-sulla-privacy\/#breadcrumb"},"inLanguage":"it-IT","potentialAction":[{"@type":"ReadAction","target":["https:\/\/ecobiolia.it\/informativa-sulla-privacy\/"]}]},{"@type":"BreadcrumbList","@id":"https:\/\/ecobiolia.it\/informativa-sulla-privacy\/#breadcrumb","itemListElement":[{"@type":"ListItem","position":1,"name":"Home","item":"https:\/\/ecobiolia.it\/"},{"@type":"ListItem","position":2,"name":"Informativa sulla Privacy"}]},{"@type":"WebSite","@id":"https:\/\/ecobiolia.it\/it_it\/#website","url":"https:\/\/ecobiolia.it\/it_it\/","name":"EcoBiOlia","description":"Negozio Ecologico per Bambini e Adulti","publisher":{"@id":"https:\/\/ecobiolia.it\/it_it\/#organization"},"potentialAction":[{"@type":"SearchAction","target":{"@type":"EntryPoint","urlTemplate":"https:\/\/ecobiolia.it\/it_it\/?s={search_term_string}"},"query-input":{"@type":"PropertyValueSpecification","valueRequired":true,"valueName":"search_term_string"}}],"inLanguage":"it-IT"},{"@type":"Organization","@id":"https:\/\/ecobiolia.it\/it_it\/#organization","name":"EcoBiOlia","url":"https:\/\/ecobiolia.it\/it_it\/","logo":{"@type":"ImageObject","inLanguage":"it-IT","@id":"https:\/\/ecobiolia.it\/it_it\/#\/schema\/logo\/image\/","url":"https:\/\/ecobiolia.it\/wp-content\/uploads\/2022\/04\/EcoBiOlia-Logo.png","contentUrl":"https:\/\/ecobiolia.it\/wp-content\/uploads\/2022\/04\/EcoBiOlia-Logo.png","width":1772,"height":944,"caption":"EcoBiOlia"},"image":{"@id":"https:\/\/ecobiolia.it\/it_it\/#\/schema\/logo\/image\/"}}]}},"jetpack-related-posts":[{"id":124,"url":"https:\/\/ecobiolia.it\/it_it\/politica-sui-cookie\/","url_meta":{"origin":3,"position":0},"title":"Politica sui Cookie","author":"EcoBiOlia","date":"25 Aprile 2021","format":false,"excerpt":"La nostra normativa sulla privacy descrive in che modo raccogliamo e utilizziamo le informazioni e quali opzioni sono disponibili. Un modo in cui raccogliamo informazioni \u00e8 attraverso l'uso di una tecnologia chiamata \"cookie\" e tecnologie simili. Utilizziamo i cookie per tutti i tipi di argomenti. Per andare su Internet, utilizzi\u2026","rel":"","context":"Articolo simile","block_context":{"text":"Articolo simile","link":""},"img":{"alt_text":"","src":"","width":0,"height":0},"classes":[]},{"id":242,"url":"https:\/\/ecobiolia.it\/it_it\/termini-e-condizioni\/","url_meta":{"origin":3,"position":1},"title":"Termini e Condizioni","author":"EcoBiOlia","date":"3 Novembre 2021","format":false,"excerpt":"Le presenti Termini e Condizioni regolano l\u2019acquisto, tramite modalit\u00e0 telematiche, dei prodotti pubblicati sul sito https:\/\/ecobiolia.it in tutte le sue estensioni e sottodomini. Il sito \u00e8 di propriet\u00e0 e gestito da EcoBiOlia di Olga Balyshkina - Ditta Individuale con sede legale in\u00a0 Strada Provinciale, snc fraz. Villa Ripa \u2013 64100\u2026","rel":"","context":"Articolo simile","block_context":{"text":"Articolo simile","link":""},"img":{"alt_text":"","src":"","width":0,"height":0},"classes":[]},{"id":5697,"url":"https:\/\/ecobiolia.it\/it_it\/prodotti-naturali-per-casa-e-famiglia-la-nostra-storia\/","url_meta":{"origin":3,"position":2},"title":"La Nostra Storia","author":"EcoBiOlia","date":"21 Dicembre 2021","format":false,"excerpt":"Dal 2021, la nostra missione \u00e8 offrire prodotti certificati, sani e sostenibili, nati da un\u2019esigenza autentica di benessere. Il valore del benessere sempliceOlga \u00e8 convinta che il vero benessere nasca dalle piccole cose: una coperta che regala un sonno migliore, un tessuto morbido sulla pelle che la fa traspirare senza\u2026","rel":"","context":"Articolo simile","block_context":{"text":"Articolo simile","link":""},"img":{"alt_text":"","src":"https:\/\/i0.wp.com\/ecobiolia.it\/wp-content\/uploads\/2024\/12\/Assorbenti-sottili-e1735408891869.png?resize=350%2C200&ssl=1","width":350,"height":200,"srcset":"https:\/\/i0.wp.com\/ecobiolia.it\/wp-content\/uploads\/2024\/12\/Assorbenti-sottili-e1735408891869.png?resize=350%2C200&ssl=1 1x, https:\/\/i0.wp.com\/ecobiolia.it\/wp-content\/uploads\/2024\/12\/Assorbenti-sottili-e1735408891869.png?resize=525%2C300&ssl=1 1.5x, https:\/\/i0.wp.com\/ecobiolia.it\/wp-content\/uploads\/2024\/12\/Assorbenti-sottili-e1735408891869.png?resize=700%2C400&ssl=1 2x"},"classes":[]},{"id":244,"url":"https:\/\/ecobiolia.it\/it_it\/divulgazione\/","url_meta":{"origin":3,"position":3},"title":"Divulgazione","author":"EcoBiOlia","date":"3 Novembre 2021","format":false,"excerpt":"","rel":"","context":"Articolo simile","block_context":{"text":"Articolo simile","link":""},"img":{"alt_text":"","src":"","width":0,"height":0},"classes":[]},{"id":269,"url":"https:\/\/ecobiolia.it\/it_it\/pagamento\/","url_meta":{"origin":3,"position":4},"title":"Pagamento","author":"EcoBiOlia","date":"4 Novembre 2021","format":false,"excerpt":"","rel":"","context":"Articolo simile","block_context":{"text":"Articolo simile","link":""},"img":{"alt_text":"","src":"","width":0,"height":0},"classes":[]},{"id":2398,"url":"https:\/\/ecobiolia.it\/it_it\/lullalove-italia\/","url_meta":{"origin":3,"position":5},"title":"Lullalove Italia. Corredino Neonato. Articoli per Bambini.","author":"EcoBiOlia","date":"22 Giugno 2022","format":false,"excerpt":"Tutto l'essenziale per bambini nella selezione di modelli coordinati Perch\u00e9 scegliere LULLALOVE? Prodotti di Qualit\u00e0 Sono progettati per favorire uno sviluppo sano e armonioso, influenzare positivamente l\u2019integrazione sensoriale e il tono muscolare. OEKO-TEX\u00ae Standard 100 Il filato ha ottenuto il certificato Oeko-Tex Standard 100 \u2013 \u00e8 privo di sostanze nocive\u2026","rel":"","context":"Articolo simile","block_context":{"text":"Articolo simile","link":""},"img":{"alt_text":"","src":"https:\/\/i0.wp.com\/ecobiolia.it\/wp-content\/uploads\/2022\/01\/Lullalove-Copertina-Nuova-salvia.jpg?resize=350%2C200&ssl=1","width":350,"height":200,"srcset":"https:\/\/i0.wp.com\/ecobiolia.it\/wp-content\/uploads\/2022\/01\/Lullalove-Copertina-Nuova-salvia.jpg?resize=350%2C200&ssl=1 1x, https:\/\/i0.wp.com\/ecobiolia.it\/wp-content\/uploads\/2022\/01\/Lullalove-Copertina-Nuova-salvia.jpg?resize=525%2C300&ssl=1 1.5x, https:\/\/i0.wp.com\/ecobiolia.it\/wp-content\/uploads\/2022\/01\/Lullalove-Copertina-Nuova-salvia.jpg?resize=700%2C400&ssl=1 2x, https:\/\/i0.wp.com\/ecobiolia.it\/wp-content\/uploads\/2022\/01\/Lullalove-Copertina-Nuova-salvia.jpg?resize=1050%2C600&ssl=1 3x, https:\/\/i0.wp.com\/ecobiolia.it\/wp-content\/uploads\/2022\/01\/Lullalove-Copertina-Nuova-salvia.jpg?resize=1400%2C800&ssl=1 4x"},"classes":[]}],"jetpack_sharing_enabled":true,"_links":{"self":[{"href":"https:\/\/ecobiolia.it\/it_it\/wp-json\/wp\/v2\/pages\/3","targetHints":{"allow":["GET"]}}],"collection":[{"href":"https:\/\/ecobiolia.it\/it_it\/wp-json\/wp\/v2\/pages"}],"about":[{"href":"https:\/\/ecobiolia.it\/it_it\/wp-json\/wp\/v2\/types\/page"}],"author":[{"embeddable":true,"href":"https:\/\/ecobiolia.it\/it_it\/wp-json\/wp\/v2\/users\/2"}],"replies":[{"embeddable":true,"href":"https:\/\/ecobiolia.it\/it_it\/wp-json\/wp\/v2\/comments?post=3"}],"version-history":[{"count":0,"href":"https:\/\/ecobiolia.it\/it_it\/wp-json\/wp\/v2\/pages\/3\/revisions"}],"wp:attachment":[{"href":"https:\/\/ecobiolia.it\/it_it\/wp-json\/wp\/v2\/media?parent=3"}],"curies":[{"name":"wp","href":"https:\/\/api.w.org\/{rel}","templated":true}]}}