{"id":6316,"date":"2025-01-25T14:49:47","date_gmt":"2025-01-25T14:49:47","guid":{"rendered":"https:\/\/ecobiolia.it\/?post_type=product&#038;p=6316"},"modified":"2025-04-24T07:26:05","modified_gmt":"2025-04-24T07:26:05","slug":"coperta-neonato-termoregolatrice-estiva-coniglietto","status":"publish","type":"product","link":"https:\/\/ecobiolia.it\/en\/product\/coperta-neonato-termoregolatrice-estiva-coniglietto\/","title":{"rendered":"Coperta Neonato Termoregolatrice Estiva &#8211; Coniglietto"},"content":{"rendered":"<p><strong><em>100% Bamb\u00f9:<\/em><\/strong> La fibra di bamb\u00f9 rende la copertina leggera, durevole, <span class=\"HwtZe\" lang=\"it\"><span class=\"jCAhz ChMk0b\"><span class=\"ryNqvb\">ecologica, antibatterica, antimicotica e antiallergica, <\/span><\/span><\/span>ipoallergenica e resistente ai raggi UV. Le persone che manifestano reazioni allergiche ad altre fibre naturali, come la lana, non hanno questi problemi con il bamb\u00f9. S<span class=\"HwtZe\" lang=\"it\"><span class=\"jCAhz ChMk0b\"><span class=\"ryNqvb\">i auto-sterilizza al 30%, donando una sensazione di freschezza. Inoltre, neutralizza gli odori sgradevoli.<\/span><\/span><\/span><\/p>\n<p><em><strong>Comfort termico:<\/strong><\/em> la coperta in bamb\u00f9 offre una ventilazione superiore e propriet\u00e0 traspiranti, che lasciano respirare bene la pelle del tuo bambino per quasi tutto il tempo, lo mantengono caldo e accogliente quando fa freddo, asciutto e fresco quando fa caldo. <span class=\"HwtZe\" lang=\"it\"><span class=\"jCAhz ChMk0b\"><span class=\"ryNqvb\"> In estate la fibra \u00e8 di 2-3 gradi pi\u00f9 fredda della temperatura ambiente, mentre in inverno si scalda piacevolmente, assorbe l&#8217;umidit\u00e0 il 60% meglio del cotone!<\/span><\/span><\/span><\/p>\n<p><em><strong>Oeko-tex Standard 100:<\/strong><\/em> I materiali utilizzati per realizzare la coperta hanno un certificato di sicurezza.<\/p>\n<p>Scegli la migliore qualit\u00e0 di coperta di bamb\u00f9 ecologica e lasciati stupire dalle sue propriet\u00e0. Una volta che sperimenterai la morbidezza di questo tessuto, non lo cambierai per nient&#8217;altro.<\/p>\n<p><strong><em><span class=\"HwtZe\" lang=\"it\"><span class=\"jCAhz ChMk0b\"><span class=\"ryNqvb\">Dimensioni: <\/span><\/span><\/span><\/em><\/strong><span class=\"HwtZe\" lang=\"it\"><span class=\"jCAhz ChMk0b\"><span class=\"ryNqvb\">circa 80&#215;100 cm senza allungamento.<\/span><\/span><\/span><span class=\"HwtZe\" lang=\"it\"><span class=\"jCAhz ChMk0b\"><span class=\"ryNqvb\">La coperta \u00e8 disponibile anche in una taglia pi\u00f9 piccola, ideale per dormire i bambini.<\/span><\/span> <span class=\"jCAhz ChMk0b\"><span class=\"ryNqvb\">La taglia \u00e8 approssimativa a seconda della disposizione, dei lavori di maglieria e la taglia pu\u00f2 discostarsi dallo standard +\/- 5%.<\/span><\/span><\/span><\/p>\n<p><strong><em>Composizione: 100% bamb\u00f9<\/em><\/strong><\/p>\n<p><span class=\"HwtZe\" lang=\"it\"> <span class=\"jCAhz ChMk0b\"><span class=\"ryNqvb\">Lavaggio consigliato in lavatrice a una temperatura massima di 40 gradi, con programma delicato, in borsa o federa.<\/span><\/span> <span class=\"jCAhz ChMk0b\"><span class=\"ryNqvb\">Non lavare a mano.<\/span><\/span> <span class=\"jCAhz ChMk0b\"><span class=\"ryNqvb\">Lavare con colori simili, separando i colori.<\/span><\/span> <span class=\"jCAhz ChMk0b\"><span class=\"ryNqvb\">In caso di colori scuri, si consiglia di separarli accuratamente o utilizzare tessuti che catturano qualsiasi colore durante il primo lavaggio.<\/span><\/span> <span class=\"jCAhz ChMk0b\"><span class=\"ryNqvb\">Per proteggere la coperta dall&#8217;essere tirata, \u00e8 meglio lavarla fissata in un sacchetto per biancheria.<\/span><\/span> <\/span><\/p>\n<p><span class=\"HwtZe\" lang=\"it\"><span class=\"jCAhz ChMk0b\"><span class=\"ryNqvb\">Per il lavaggio utilizzare detersivi delicati destinati ai tessuti a maglia, che non contengano candeggina o cloro.<\/span><\/span> <span class=\"jCAhz ChMk0b\"><span class=\"ryNqvb\">La morbidezza della fibra dopo il lavaggio \u00e8 direttamente influenzata dalla durezza dell&#8217;acqua.<\/span><\/span> <span class=\"jCAhz ChMk0b\"><span class=\"ryNqvb\">Per acqua dura si consiglia l&#8217;uso di un addolcitore.<\/span><\/span> <span class=\"jCAhz ChMk0b\"><span class=\"ryNqvb\">Ricordarsi di decalcificare il cestello della lavatrice e mantenerlo pulito.<\/span><\/span> <\/span><\/p>\n<p><span class=\"HwtZe\" lang=\"it\"><span class=\"jCAhz ChMk0b\"><span class=\"ryNqvb\">Per rimuovere i batteri, puoi stirare la coperta attraverso, ad esempio, un pannolino tetra.<\/span><\/span> <span class=\"jCAhz ChMk0b\"><span class=\"ryNqvb\">Non stirare direttamente le fibre.<\/span><\/span> <span class=\"jCAhz ChMk0b\"><span class=\"ryNqvb\">Scuotere e modellare il prodotto dopo il lavaggio.<\/span><\/span> <span class=\"jCAhz ChMk0b\"><span class=\"ryNqvb\">Questo tessuto lavora sodo e si allunga.<\/span><\/span> <span class=\"jCAhz ChMk0b\"><span class=\"ryNqvb\">La forma non \u00e8 mai del tutto regolare.<\/span><\/span> <\/span><\/p>\n<p><span class=\"HwtZe\" lang=\"it\"><span class=\"jCAhz ChMk0b\"><span class=\"ryNqvb\">Asciugare in piano.<\/span><\/span> <span class=\"jCAhz ChMk0b\"><span class=\"ryNqvb\">L&#8217;asciugatrice pu\u00f2 danneggiare le fibre.<\/span><\/span> <span class=\"jCAhz ChMk0b\"><span class=\"ryNqvb\">Le materie prime naturali possono fare dei pilucchi durante i primi lavaggi, non \u00e8 colpa loro.<\/span><\/span> <span class=\"jCAhz ChMk0b\"><span class=\"ryNqvb\">Qualsiasi pilling dovrebbe essere rimosso con un rasoio per abiti.<\/span><\/span> <span class=\"jCAhz ChMk0b\"><span class=\"ryNqvb\">Il filato ha il certificato di sicurezza Oeko-Tex Standard 100 nella classe dei bambini.<\/span><\/span><\/span><\/p>","protected":false},"excerpt":{"rendered":"<p><span class=\"HwtZe\" lang=\"it\"><span class=\"jCAhz ChMk0b\"><span class=\"ryNqvb\">Coperta Neonato Termoregolatrice Estiva Coniglietto \u00e8 estremamente leggera, e allo stesso tempo dotata di comfort termico, una coperta in filato di bamb\u00f9, che \u00e8 disposta in rilievo &#8230; coniglietti!<\/span><\/span>\u00a0<span class=\"jCAhz ChMk0b\"><span class=\"ryNqvb\">Indispensabile per anziani e adulti per garantire comfort durante il sonno nelle notti calde.<\/span><\/span> <span class=\"jCAhz ChMk0b\"><span class=\"ryNqvb\">Avvolge meravigliosamente il corpo con un filato fluido.<\/span><\/span> <\/span><\/p>\n<p>&nbsp;<\/p>","protected":false},"featured_media":6331,"comment_status":"open","ping_status":"closed","template":"","meta":[],"product_brand":[],"product_cat":[331,48,44],"product_tag":[],"class_list":{"0":"post-6316","1":"product","2":"type-product","3":"status-publish","4":"has-post-thumbnail","6":"product_cat-bambu-100","7":"product_cat-copertine-neonato","8":"product_cat-prodotti-per-infanzia","10":"first","11":"instock","12":"taxable","13":"shipping-taxable","14":"purchasable","15":"product-type-variable"},"yoast_head":"<!-- This site is optimized with the Yoast SEO plugin v27.3 - https:\/\/yoast.com\/product\/yoast-seo-wordpress\/ -->\n<title>Coperta Neonato Termoregolatrice Estiva - Coniglietto - EcoBiOlia<\/title>\n<meta name=\"description\" content=\"Coperta di Bamb\u00f9 Leggera per Adulti garantisce il comfort durante il sonno. Avvolge meravigliosamente il corpo con un filato fluido.\" \/>\n<meta name=\"robots\" content=\"index, follow, max-snippet:-1, max-image-preview:large, max-video-preview:-1\" \/>\n<link rel=\"canonical\" href=\"https:\/\/ecobiolia.it\/en\/product\/coperta-neonato-termoregolatrice-estiva-coniglietto\/\" \/>\n<meta property=\"og:locale\" content=\"en_GB\" \/>\n<meta property=\"og:type\" content=\"article\" \/>\n<meta property=\"og:title\" content=\"Coperta Neonato Termoregolatrice Estiva - Coniglietto - EcoBiOlia\" \/>\n<meta property=\"og:description\" content=\"Coperta di Bamb\u00f9 Leggera per Adulti garantisce il comfort durante il sonno. Avvolge meravigliosamente il corpo con un filato fluido.\" \/>\n<meta property=\"og:url\" content=\"https:\/\/ecobiolia.it\/en\/product\/coperta-neonato-termoregolatrice-estiva-coniglietto\/\" \/>\n<meta property=\"og:site_name\" content=\"EcoBiOlia\" \/>\n<meta property=\"article:modified_time\" content=\"2025-04-24T07:26:05+00:00\" \/>\n<meta property=\"og:image\" content=\"https:\/\/ecobiolia.it\/wp-content\/uploads\/2025\/01\/Coperta-termoregolante-estiva-con-rilievo-1024x1024.png\" \/>\n\t<meta property=\"og:image:width\" content=\"1024\" \/>\n\t<meta property=\"og:image:height\" content=\"1024\" \/>\n\t<meta property=\"og:image:type\" content=\"image\/png\" \/>\n<meta name=\"twitter:card\" content=\"summary_large_image\" \/>\n<meta name=\"twitter:label1\" content=\"Estimated reading time\" \/>\n\t<meta name=\"twitter:data1\" content=\"3 minutes\" \/>\n<script type=\"application\/ld+json\" class=\"yoast-schema-graph\">{\"@context\":\"https:\\\/\\\/schema.org\",\"@graph\":[{\"@type\":\"WebPage\",\"@id\":\"https:\\\/\\\/ecobiolia.it\\\/prodotto\\\/coperta-neonato-termoregolatrice-estiva-coniglietto\\\/\",\"url\":\"https:\\\/\\\/ecobiolia.it\\\/prodotto\\\/coperta-neonato-termoregolatrice-estiva-coniglietto\\\/\",\"name\":\"Coperta Neonato Termoregolatrice Estiva - Coniglietto - EcoBiOlia\",\"isPartOf\":{\"@id\":\"https:\\\/\\\/ecobiolia.it\\\/it_it\\\/#website\"},\"primaryImageOfPage\":{\"@id\":\"https:\\\/\\\/ecobiolia.it\\\/prodotto\\\/coperta-neonato-termoregolatrice-estiva-coniglietto\\\/#primaryimage\"},\"image\":{\"@id\":\"https:\\\/\\\/ecobiolia.it\\\/prodotto\\\/coperta-neonato-termoregolatrice-estiva-coniglietto\\\/#primaryimage\"},\"thumbnailUrl\":\"https:\\\/\\\/ecobiolia.it\\\/wp-content\\\/uploads\\\/2025\\\/01\\\/Coperta-termoregolante-estiva-con-rilievo.png\",\"datePublished\":\"2025-01-25T14:49:47+00:00\",\"dateModified\":\"2025-04-24T07:26:05+00:00\",\"description\":\"Coperta di Bamb\u00f9 Leggera per Adulti garantisce il comfort durante il sonno. Avvolge meravigliosamente il corpo con un filato fluido.\",\"breadcrumb\":{\"@id\":\"https:\\\/\\\/ecobiolia.it\\\/prodotto\\\/coperta-neonato-termoregolatrice-estiva-coniglietto\\\/#breadcrumb\"},\"inLanguage\":\"en-GB\",\"potentialAction\":[{\"@type\":\"ReadAction\",\"target\":[\"https:\\\/\\\/ecobiolia.it\\\/prodotto\\\/coperta-neonato-termoregolatrice-estiva-coniglietto\\\/\"]}]},{\"@type\":\"ImageObject\",\"inLanguage\":\"en-GB\",\"@id\":\"https:\\\/\\\/ecobiolia.it\\\/prodotto\\\/coperta-neonato-termoregolatrice-estiva-coniglietto\\\/#primaryimage\",\"url\":\"https:\\\/\\\/ecobiolia.it\\\/wp-content\\\/uploads\\\/2025\\\/01\\\/Coperta-termoregolante-estiva-con-rilievo.png\",\"contentUrl\":\"https:\\\/\\\/ecobiolia.it\\\/wp-content\\\/uploads\\\/2025\\\/01\\\/Coperta-termoregolante-estiva-con-rilievo.png\",\"width\":1695,\"height\":1694},{\"@type\":\"BreadcrumbList\",\"@id\":\"https:\\\/\\\/ecobiolia.it\\\/prodotto\\\/coperta-neonato-termoregolatrice-estiva-coniglietto\\\/#breadcrumb\",\"itemListElement\":[{\"@type\":\"ListItem\",\"position\":1,\"name\":\"Home\",\"item\":\"https:\\\/\\\/ecobiolia.it\\\/\"},{\"@type\":\"ListItem\",\"position\":2,\"name\":\"Negozio\",\"item\":\"https:\\\/\\\/ecobiolia.it\\\/negozio\\\/\"},{\"@type\":\"ListItem\",\"position\":3,\"name\":\"Coperta Neonato Termoregolatrice Estiva &#8211; Coniglietto\"}]},{\"@type\":\"WebSite\",\"@id\":\"https:\\\/\\\/ecobiolia.it\\\/it_it\\\/#website\",\"url\":\"https:\\\/\\\/ecobiolia.it\\\/it_it\\\/\",\"name\":\"EcoBiOlia\",\"description\":\"Negozio Ecologico per Bambini e Adulti\",\"publisher\":{\"@id\":\"https:\\\/\\\/ecobiolia.it\\\/it_it\\\/#organization\"},\"potentialAction\":[{\"@type\":\"SearchAction\",\"target\":{\"@type\":\"EntryPoint\",\"urlTemplate\":\"https:\\\/\\\/ecobiolia.it\\\/it_it\\\/?s={search_term_string}\"},\"query-input\":{\"@type\":\"PropertyValueSpecification\",\"valueRequired\":true,\"valueName\":\"search_term_string\"}}],\"inLanguage\":\"en-GB\"},{\"@type\":\"Organization\",\"@id\":\"https:\\\/\\\/ecobiolia.it\\\/it_it\\\/#organization\",\"name\":\"EcoBiOlia\",\"url\":\"https:\\\/\\\/ecobiolia.it\\\/it_it\\\/\",\"logo\":{\"@type\":\"ImageObject\",\"inLanguage\":\"en-GB\",\"@id\":\"https:\\\/\\\/ecobiolia.it\\\/it_it\\\/#\\\/schema\\\/logo\\\/image\\\/\",\"url\":\"https:\\\/\\\/ecobiolia.it\\\/wp-content\\\/uploads\\\/2022\\\/04\\\/EcoBiOlia-Logo.png\",\"contentUrl\":\"https:\\\/\\\/ecobiolia.it\\\/wp-content\\\/uploads\\\/2022\\\/04\\\/EcoBiOlia-Logo.png\",\"width\":1772,\"height\":944,\"caption\":\"EcoBiOlia\"},\"image\":{\"@id\":\"https:\\\/\\\/ecobiolia.it\\\/it_it\\\/#\\\/schema\\\/logo\\\/image\\\/\"}}]}<\/script>\n<!-- \/ Yoast SEO plugin. -->","yoast_head_json":{"title":"Coperta Neonato Termoregolatrice Estiva - Coniglietto - EcoBiOlia","description":"Coperta di Bamb\u00f9 Leggera per Adulti garantisce il comfort durante il sonno. Avvolge meravigliosamente il corpo con un filato fluido.","robots":{"index":"index","follow":"follow","max-snippet":"max-snippet:-1","max-image-preview":"max-image-preview:large","max-video-preview":"max-video-preview:-1"},"canonical":"https:\/\/ecobiolia.it\/en\/product\/coperta-neonato-termoregolatrice-estiva-coniglietto\/","og_locale":"en_GB","og_type":"article","og_title":"Coperta Neonato Termoregolatrice Estiva - Coniglietto - EcoBiOlia","og_description":"Coperta di Bamb\u00f9 Leggera per Adulti garantisce il comfort durante il sonno. Avvolge meravigliosamente il corpo con un filato fluido.","og_url":"https:\/\/ecobiolia.it\/en\/product\/coperta-neonato-termoregolatrice-estiva-coniglietto\/","og_site_name":"EcoBiOlia","article_modified_time":"2025-04-24T07:26:05+00:00","og_image":[{"width":1024,"height":1024,"url":"https:\/\/ecobiolia.it\/wp-content\/uploads\/2025\/01\/Coperta-termoregolante-estiva-con-rilievo-1024x1024.png","type":"image\/png"}],"twitter_card":"summary_large_image","twitter_misc":{"Estimated reading time":"3 minutes"},"schema":{"@context":"https:\/\/schema.org","@graph":[{"@type":"WebPage","@id":"https:\/\/ecobiolia.it\/prodotto\/coperta-neonato-termoregolatrice-estiva-coniglietto\/","url":"https:\/\/ecobiolia.it\/prodotto\/coperta-neonato-termoregolatrice-estiva-coniglietto\/","name":"Coperta Neonato Termoregolatrice Estiva - Coniglietto - EcoBiOlia","isPartOf":{"@id":"https:\/\/ecobiolia.it\/it_it\/#website"},"primaryImageOfPage":{"@id":"https:\/\/ecobiolia.it\/prodotto\/coperta-neonato-termoregolatrice-estiva-coniglietto\/#primaryimage"},"image":{"@id":"https:\/\/ecobiolia.it\/prodotto\/coperta-neonato-termoregolatrice-estiva-coniglietto\/#primaryimage"},"thumbnailUrl":"https:\/\/ecobiolia.it\/wp-content\/uploads\/2025\/01\/Coperta-termoregolante-estiva-con-rilievo.png","datePublished":"2025-01-25T14:49:47+00:00","dateModified":"2025-04-24T07:26:05+00:00","description":"Coperta di Bamb\u00f9 Leggera per Adulti garantisce il comfort durante il sonno. Avvolge meravigliosamente il corpo con un filato fluido.","breadcrumb":{"@id":"https:\/\/ecobiolia.it\/prodotto\/coperta-neonato-termoregolatrice-estiva-coniglietto\/#breadcrumb"},"inLanguage":"en-GB","potentialAction":[{"@type":"ReadAction","target":["https:\/\/ecobiolia.it\/prodotto\/coperta-neonato-termoregolatrice-estiva-coniglietto\/"]}]},{"@type":"ImageObject","inLanguage":"en-GB","@id":"https:\/\/ecobiolia.it\/prodotto\/coperta-neonato-termoregolatrice-estiva-coniglietto\/#primaryimage","url":"https:\/\/ecobiolia.it\/wp-content\/uploads\/2025\/01\/Coperta-termoregolante-estiva-con-rilievo.png","contentUrl":"https:\/\/ecobiolia.it\/wp-content\/uploads\/2025\/01\/Coperta-termoregolante-estiva-con-rilievo.png","width":1695,"height":1694},{"@type":"BreadcrumbList","@id":"https:\/\/ecobiolia.it\/prodotto\/coperta-neonato-termoregolatrice-estiva-coniglietto\/#breadcrumb","itemListElement":[{"@type":"ListItem","position":1,"name":"Home","item":"https:\/\/ecobiolia.it\/"},{"@type":"ListItem","position":2,"name":"Negozio","item":"https:\/\/ecobiolia.it\/negozio\/"},{"@type":"ListItem","position":3,"name":"Coperta Neonato Termoregolatrice Estiva &#8211; Coniglietto"}]},{"@type":"WebSite","@id":"https:\/\/ecobiolia.it\/it_it\/#website","url":"https:\/\/ecobiolia.it\/it_it\/","name":"EcoBiOlia","description":"Negozio Ecologico per Bambini e Adulti","publisher":{"@id":"https:\/\/ecobiolia.it\/it_it\/#organization"},"potentialAction":[{"@type":"SearchAction","target":{"@type":"EntryPoint","urlTemplate":"https:\/\/ecobiolia.it\/it_it\/?s={search_term_string}"},"query-input":{"@type":"PropertyValueSpecification","valueRequired":true,"valueName":"search_term_string"}}],"inLanguage":"en-GB"},{"@type":"Organization","@id":"https:\/\/ecobiolia.it\/it_it\/#organization","name":"EcoBiOlia","url":"https:\/\/ecobiolia.it\/it_it\/","logo":{"@type":"ImageObject","inLanguage":"en-GB","@id":"https:\/\/ecobiolia.it\/it_it\/#\/schema\/logo\/image\/","url":"https:\/\/ecobiolia.it\/wp-content\/uploads\/2022\/04\/EcoBiOlia-Logo.png","contentUrl":"https:\/\/ecobiolia.it\/wp-content\/uploads\/2022\/04\/EcoBiOlia-Logo.png","width":1772,"height":944,"caption":"EcoBiOlia"},"image":{"@id":"https:\/\/ecobiolia.it\/it_it\/#\/schema\/logo\/image\/"}}]}},"jetpack-related-posts":[{"id":6141,"url":"https:\/\/ecobiolia.it\/en\/product\/coperta-di-bambu-leggera-per-adulti-coniglietto\/","url_meta":{"origin":6316,"position":0},"title":"Coperta di Bamb\u00f9 Leggera per Adulti &#8211; Coniglietto","author":"Olga","date":"4 July 2024","format":false,"excerpt":"Coperta di Bamb\u00f9 per Adulti Coniglietto \u00e8 estremamente leggera, e allo stesso tempo dotata di comfort termico, una coperta in filato di bamb\u00f9, che \u00e8 disposta in rilievo ... coniglietti!\u00a0Indispensabile per anziani e adulti per garantire comfort durante il sonno nelle notti calde. Avvolge meravigliosamente il corpo con un filato\u2026","rel":"","context":"Similar post","block_context":{"text":"Similar post","link":""},"img":{"alt_text":"","src":"https:\/\/i0.wp.com\/ecobiolia.it\/wp-content\/uploads\/2024\/07\/Coperta-termoregolante-estiva-con-rilievo.jpg?resize=350%2C200&ssl=1","width":350,"height":200,"srcset":"https:\/\/i0.wp.com\/ecobiolia.it\/wp-content\/uploads\/2024\/07\/Coperta-termoregolante-estiva-con-rilievo.jpg?resize=350%2C200&ssl=1 1x, https:\/\/i0.wp.com\/ecobiolia.it\/wp-content\/uploads\/2024\/07\/Coperta-termoregolante-estiva-con-rilievo.jpg?resize=525%2C300&ssl=1 1.5x, https:\/\/i0.wp.com\/ecobiolia.it\/wp-content\/uploads\/2024\/07\/Coperta-termoregolante-estiva-con-rilievo.jpg?resize=700%2C400&ssl=1 2x, https:\/\/i0.wp.com\/ecobiolia.it\/wp-content\/uploads\/2024\/07\/Coperta-termoregolante-estiva-con-rilievo.jpg?resize=1050%2C600&ssl=1 3x, https:\/\/i0.wp.com\/ecobiolia.it\/wp-content\/uploads\/2024\/07\/Coperta-termoregolante-estiva-con-rilievo.jpg?resize=1400%2C800&ssl=1 4x"},"classes":[]},{"id":2551,"url":"https:\/\/ecobiolia.it\/en\/product\/copertina-traforata-estiva-in-bamboo-farfalla\/","url_meta":{"origin":6316,"position":1},"title":"Copertina Traforata Estiva in Bamboo &#8211; Farfalla","author":"Olga","date":"23 June 2022","format":false,"excerpt":"Copertina Traforata Estiva \u00e8 estremamente traspirante ed assolutamente meravigliosa. Realizzata al 100% in viscosa di bamb\u00f9. Una bellissima trama traforata a forma di centinaia di minuscole ali di farfalla. \u00c8 elegante e senza tempo. Fantastica per avvolgere il bambino e come coperta estiva. Leggera, durevole, ipoallergenica, antibatterica, traspirante e resistente\u2026","rel":"","context":"Similar post","block_context":{"text":"Similar post","link":""},"img":{"alt_text":"","src":"https:\/\/i0.wp.com\/ecobiolia.it\/wp-content\/uploads\/2022\/06\/Lullalove-Farfalla.jpg?resize=350%2C200&ssl=1","width":350,"height":200,"srcset":"https:\/\/i0.wp.com\/ecobiolia.it\/wp-content\/uploads\/2022\/06\/Lullalove-Farfalla.jpg?resize=350%2C200&ssl=1 1x, https:\/\/i0.wp.com\/ecobiolia.it\/wp-content\/uploads\/2022\/06\/Lullalove-Farfalla.jpg?resize=525%2C300&ssl=1 1.5x, https:\/\/i0.wp.com\/ecobiolia.it\/wp-content\/uploads\/2022\/06\/Lullalove-Farfalla.jpg?resize=700%2C400&ssl=1 2x, https:\/\/i0.wp.com\/ecobiolia.it\/wp-content\/uploads\/2022\/06\/Lullalove-Farfalla.jpg?resize=1050%2C600&ssl=1 3x, https:\/\/i0.wp.com\/ecobiolia.it\/wp-content\/uploads\/2022\/06\/Lullalove-Farfalla.jpg?resize=1400%2C800&ssl=1 4x"},"classes":[]},{"id":1543,"url":"https:\/\/ecobiolia.it\/en\/product\/copertina-estiva-leggera-antiallergica-avvolgente-nebbia\/","url_meta":{"origin":6316,"position":2},"title":"Copertina Estiva Leggera Antiallergica Avvolgente  &#8211; Nebbia","author":"Olga","date":"28 March 2022","format":false,"excerpt":"Copertina Estiva Leggera Antiallergica Avvolgente \u00e8 estremamente traspirante ed assolutamente meravigliosa. Realizzata al 100% in viscosa di bamb\u00f9. Fantastica per avvolgere il bambino e come coperta estiva. Leggera, durevole, ipoallergenica, antibatterica, traspirante e resistente ai raggi UV. Scegli la migliore qualit\u00e0 di coperta di bamb\u00f9 ecologica e lasciati stupire dalle\u2026","rel":"","context":"Similar post","block_context":{"text":"Similar post","link":""},"img":{"alt_text":"","src":"https:\/\/i0.wp.com\/ecobiolia.it\/wp-content\/uploads\/2022\/03\/Lullalove-copertina-avvolgente.jpg?resize=350%2C200&ssl=1","width":350,"height":200,"srcset":"https:\/\/i0.wp.com\/ecobiolia.it\/wp-content\/uploads\/2022\/03\/Lullalove-copertina-avvolgente.jpg?resize=350%2C200&ssl=1 1x, https:\/\/i0.wp.com\/ecobiolia.it\/wp-content\/uploads\/2022\/03\/Lullalove-copertina-avvolgente.jpg?resize=525%2C300&ssl=1 1.5x, https:\/\/i0.wp.com\/ecobiolia.it\/wp-content\/uploads\/2022\/03\/Lullalove-copertina-avvolgente.jpg?resize=700%2C400&ssl=1 2x, https:\/\/i0.wp.com\/ecobiolia.it\/wp-content\/uploads\/2022\/03\/Lullalove-copertina-avvolgente.jpg?resize=1050%2C600&ssl=1 3x, https:\/\/i0.wp.com\/ecobiolia.it\/wp-content\/uploads\/2022\/03\/Lullalove-copertina-avvolgente.jpg?resize=1400%2C800&ssl=1 4x"},"classes":[]},{"id":4813,"url":"https:\/\/ecobiolia.it\/en\/product\/coperta-neonato-in-bambu-e-cotone-popcorn\/","url_meta":{"origin":6316,"position":3},"title":"Coperta Neonato in Bamb\u00f9 e Cotone Popcorn","author":"Olga","date":"1 March 2023","format":false,"excerpt":"Una coperta per tutto l'anno in stile scandinavo, realizzata in filato di bamb\u00f9 con l'aggiunta di cotone. La doppia densit\u00e0 di maglia e la trama unica garantiscono un incredibile comfort di utilizzo. Il filato di bamb\u00f9 ha propriet\u00e0 termoregolatrici, grazie alle quali mantiene il comfort termico, previene il surriscaldamento, respira\u2026","rel":"","context":"Similar post","block_context":{"text":"Similar post","link":""},"img":{"alt_text":"","src":"https:\/\/i0.wp.com\/ecobiolia.it\/wp-content\/uploads\/2023\/03\/14391.jpg?resize=350%2C200&ssl=1","width":350,"height":200,"srcset":"https:\/\/i0.wp.com\/ecobiolia.it\/wp-content\/uploads\/2023\/03\/14391.jpg?resize=350%2C200&ssl=1 1x, https:\/\/i0.wp.com\/ecobiolia.it\/wp-content\/uploads\/2023\/03\/14391.jpg?resize=525%2C300&ssl=1 1.5x, https:\/\/i0.wp.com\/ecobiolia.it\/wp-content\/uploads\/2023\/03\/14391.jpg?resize=700%2C400&ssl=1 2x, https:\/\/i0.wp.com\/ecobiolia.it\/wp-content\/uploads\/2023\/03\/14391.jpg?resize=1050%2C600&ssl=1 3x, https:\/\/i0.wp.com\/ecobiolia.it\/wp-content\/uploads\/2023\/03\/14391.jpg?resize=1400%2C800&ssl=1 4x"},"classes":[]},{"id":5345,"url":"https:\/\/ecobiolia.it\/en\/product\/telo-coperta-pareo-in-100-bambu-mazzo-di-fiori\/","url_meta":{"origin":6316,"position":4},"title":"Telo, Coperta, Pareo in 100% Bamb\u00f9 &#8211; Mazzo di Fiori","author":"Olga","date":"3 May 2023","format":false,"excerpt":"Telo, coperta, pareo multifunzionale realizzata in 100% viscosa di bamb\u00f9. La taglia grande \u00e8 perfetta per i bambini pi\u00f9 grandi e gli adulti. Da coprire nelle giornate pi\u00f9 calde, come paero in spiaggia o come copriletto per dormire. Grazie alla sua versatilit\u00e0, pu\u00f2 essere sia un capo che una copertura.\u2026","rel":"","context":"Similar post","block_context":{"text":"Similar post","link":""},"img":{"alt_text":"","src":"https:\/\/i0.wp.com\/ecobiolia.it\/wp-content\/uploads\/2023\/05\/Chusta-wzor-Bukiet.jpg?resize=350%2C200&ssl=1","width":350,"height":200,"srcset":"https:\/\/i0.wp.com\/ecobiolia.it\/wp-content\/uploads\/2023\/05\/Chusta-wzor-Bukiet.jpg?resize=350%2C200&ssl=1 1x, https:\/\/i0.wp.com\/ecobiolia.it\/wp-content\/uploads\/2023\/05\/Chusta-wzor-Bukiet.jpg?resize=525%2C300&ssl=1 1.5x, https:\/\/i0.wp.com\/ecobiolia.it\/wp-content\/uploads\/2023\/05\/Chusta-wzor-Bukiet.jpg?resize=700%2C400&ssl=1 2x, https:\/\/i0.wp.com\/ecobiolia.it\/wp-content\/uploads\/2023\/05\/Chusta-wzor-Bukiet.jpg?resize=1050%2C600&ssl=1 3x, https:\/\/i0.wp.com\/ecobiolia.it\/wp-content\/uploads\/2023\/05\/Chusta-wzor-Bukiet.jpg?resize=1400%2C800&ssl=1 4x"},"classes":[]},{"id":3893,"url":"https:\/\/ecobiolia.it\/en\/product\/telo-coperta-pareo-in-100-bambu-boho\/","url_meta":{"origin":6316,"position":5},"title":"Telo, Coperta, Pareo in 100% Bamb\u00f9 &#8211; Boho","author":"Olga","date":"5 August 2022","format":false,"excerpt":"Telo, coperta, pareo multifunzionale realizzata in 100% viscosa di bamb\u00f9. La taglia grande \u00e8 perfetta per i bambini pi\u00f9 grandi e gli adulti. Da coprire nelle giornate pi\u00f9 calde, come paero in spiaggia o come copriletto per dormire. Grazie alla sua versatilit\u00e0, pu\u00f2 essere sia un capo che una copertura.\u2026","rel":"","context":"Similar post","block_context":{"text":"Similar post","link":""},"img":{"alt_text":"","src":"https:\/\/i0.wp.com\/ecobiolia.it\/wp-content\/uploads\/2022\/08\/6674.jpg?resize=350%2C200&ssl=1","width":350,"height":200,"srcset":"https:\/\/i0.wp.com\/ecobiolia.it\/wp-content\/uploads\/2022\/08\/6674.jpg?resize=350%2C200&ssl=1 1x, https:\/\/i0.wp.com\/ecobiolia.it\/wp-content\/uploads\/2022\/08\/6674.jpg?resize=525%2C300&ssl=1 1.5x, https:\/\/i0.wp.com\/ecobiolia.it\/wp-content\/uploads\/2022\/08\/6674.jpg?resize=700%2C400&ssl=1 2x, https:\/\/i0.wp.com\/ecobiolia.it\/wp-content\/uploads\/2022\/08\/6674.jpg?resize=1050%2C600&ssl=1 3x"},"classes":[]}],"jetpack_sharing_enabled":true,"_links":{"self":[{"href":"https:\/\/ecobiolia.it\/en\/wp-json\/wp\/v2\/product\/6316","targetHints":{"allow":["GET"]}}],"collection":[{"href":"https:\/\/ecobiolia.it\/en\/wp-json\/wp\/v2\/product"}],"about":[{"href":"https:\/\/ecobiolia.it\/en\/wp-json\/wp\/v2\/types\/product"}],"replies":[{"embeddable":true,"href":"https:\/\/ecobiolia.it\/en\/wp-json\/wp\/v2\/comments?post=6316"}],"version-history":[{"count":1,"href":"https:\/\/ecobiolia.it\/en\/wp-json\/wp\/v2\/product\/6316\/revisions"}],"predecessor-version":[{"id":6379,"href":"https:\/\/ecobiolia.it\/en\/wp-json\/wp\/v2\/product\/6316\/revisions\/6379"}],"wp:featuredmedia":[{"embeddable":true,"href":"https:\/\/ecobiolia.it\/en\/wp-json\/wp\/v2\/media\/6331"}],"wp:attachment":[{"href":"https:\/\/ecobiolia.it\/en\/wp-json\/wp\/v2\/media?parent=6316"}],"wp:term":[{"taxonomy":"product_brand","embeddable":true,"href":"https:\/\/ecobiolia.it\/en\/wp-json\/wp\/v2\/product_brand?post=6316"},{"taxonomy":"product_cat","embeddable":true,"href":"https:\/\/ecobiolia.it\/en\/wp-json\/wp\/v2\/product_cat?post=6316"},{"taxonomy":"product_tag","embeddable":true,"href":"https:\/\/ecobiolia.it\/en\/wp-json\/wp\/v2\/product_tag?post=6316"}],"curies":[{"name":"wp","href":"https:\/\/api.w.org\/{rel}","templated":true}]}}