{"id":6141,"date":"2024-07-04T12:28:22","date_gmt":"2024-07-04T12:28:22","guid":{"rendered":"https:\/\/ecobiolia.it\/?post_type=product&#038;p=6141"},"modified":"2026-04-07T06:50:08","modified_gmt":"2026-04-07T06:50:08","slug":"coperta-di-bambu-leggera-per-adulti-coniglietto","status":"publish","type":"product","link":"https:\/\/ecobiolia.it\/en\/product\/coperta-di-bambu-leggera-per-adulti-coniglietto\/","title":{"rendered":"Coperta di Bamb\u00f9 Leggera per Adulti &#8211; Coniglietto"},"content":{"rendered":"<p><strong><em>100% Bamb\u00f9:<\/em><\/strong> La fibra di bamb\u00f9 rende la copertina leggera, durevole, <span class=\"HwtZe\" lang=\"it\"><span class=\"jCAhz ChMk0b\"><span class=\"ryNqvb\">ecologica, antibatterica, antimicotica e antiallergica, <\/span><\/span><\/span>ipoallergenica e resistente ai raggi UV. Le persone che manifestano reazioni allergiche ad altre fibre naturali, come la lana, non hanno questi problemi con il bamb\u00f9. S<span class=\"HwtZe\" lang=\"it\"><span class=\"jCAhz ChMk0b\"><span class=\"ryNqvb\">i auto-sterilizza al 30%, donando una sensazione di freschezza. Inoltre, neutralizza gli odori sgradevoli.<\/span><\/span><\/span><\/p>\n<p><em><strong>Comfort termico:<\/strong><\/em> la coperta in bamb\u00f9 offre una ventilazione superiore e propriet\u00e0 traspiranti, che lasciano respirare bene la pelle del tuo bambino per quasi tutto il tempo, lo mantengono caldo e accogliente quando fa freddo, asciutto e fresco quando fa caldo. <span class=\"HwtZe\" lang=\"it\"><span class=\"jCAhz ChMk0b\"><span class=\"ryNqvb\"> In estate la fibra \u00e8 di 2-3 gradi pi\u00f9 fredda della temperatura ambiente, mentre in inverno si scalda piacevolmente, assorbe l&#8217;umidit\u00e0 il 60% meglio del cotone!<\/span><\/span><\/span><\/p>\n<p><em><strong>Oeko-tex Standard 100:<\/strong><\/em> I materiali utilizzati per realizzare la coperta hanno un certificato di sicurezza.<\/p>\n<p>Scegli la migliore qualit\u00e0 di coperta di bamb\u00f9 ecologica e lasciati stupire dalle sue propriet\u00e0. Una volta che sperimenterai la morbidezza di questo tessuto, non lo cambierai per nient&#8217;altro.<\/p>\n<p><strong><em><span class=\"HwtZe\" lang=\"it\"><span class=\"jCAhz ChMk0b\"><span class=\"ryNqvb\">Dimensioni: <\/span><\/span><\/span><\/em><\/strong><span class=\"HwtZe\" lang=\"it\"><span class=\"jCAhz ChMk0b\"><span class=\"ryNqvb\">circa 130&#215;170 cm senza allungamento.<\/span><\/span><\/span><span class=\"HwtZe\" lang=\"it\"><span class=\"jCAhz ChMk0b\"><span class=\"ryNqvb\">La coperta \u00e8 disponibile anche in una taglia pi\u00f9 piccola, ideale per dormire i bambini.<\/span><\/span> <span class=\"jCAhz ChMk0b\"><span class=\"ryNqvb\">La taglia \u00e8 approssimativa a seconda della disposizione, dei lavori di maglieria e la taglia pu\u00f2 discostarsi dallo standard +\/- 5%.<\/span><\/span><\/span><\/p>\n<p><strong><em>Composizione: 100% bamb\u00f9<\/em><\/strong><\/p>\n<p><span class=\"HwtZe\" lang=\"it\"> <span class=\"jCAhz ChMk0b\"><span class=\"ryNqvb\">Lavaggio consigliato in lavatrice a una temperatura massima di 40 gradi, con programma delicato, in borsa o federa.<\/span><\/span> <span class=\"jCAhz ChMk0b\"><span class=\"ryNqvb\">Non lavare a mano.<\/span><\/span> <span class=\"jCAhz ChMk0b\"><span class=\"ryNqvb\">Lavare con colori simili, separando i colori.<\/span><\/span> <span class=\"jCAhz ChMk0b\"><span class=\"ryNqvb\">In caso di colori scuri, si consiglia di separarli accuratamente o utilizzare tessuti che catturano qualsiasi colore durante il primo lavaggio.<\/span><\/span> <span class=\"jCAhz ChMk0b\"><span class=\"ryNqvb\">Per proteggere la coperta dall&#8217;essere tirata, \u00e8 meglio lavarla fissata in un sacchetto per biancheria.<\/span><\/span> <\/span><\/p>\n<p><span class=\"HwtZe\" lang=\"it\"><span class=\"jCAhz ChMk0b\"><span class=\"ryNqvb\">Per il lavaggio utilizzare detersivi delicati destinati ai tessuti a maglia, che non contengano candeggina o cloro.<\/span><\/span> <span class=\"jCAhz ChMk0b\"><span class=\"ryNqvb\">La morbidezza della fibra dopo il lavaggio \u00e8 direttamente influenzata dalla durezza dell&#8217;acqua.<\/span><\/span> <span class=\"jCAhz ChMk0b\"><span class=\"ryNqvb\">Per acqua dura si consiglia l&#8217;uso di un addolcitore.<\/span><\/span> <span class=\"jCAhz ChMk0b\"><span class=\"ryNqvb\">Ricordarsi di decalcificare il cestello della lavatrice e mantenerlo pulito.<\/span><\/span> <\/span><\/p>\n<p><span class=\"HwtZe\" lang=\"it\"><span class=\"jCAhz ChMk0b\"><span class=\"ryNqvb\">Per rimuovere i batteri, puoi stirare la coperta attraverso, ad esempio, un pannolino tetra.<\/span><\/span> <span class=\"jCAhz ChMk0b\"><span class=\"ryNqvb\">Non stirare direttamente le fibre.<\/span><\/span> <span class=\"jCAhz ChMk0b\"><span class=\"ryNqvb\">Scuotere e modellare il prodotto dopo il lavaggio.<\/span><\/span> <span class=\"jCAhz ChMk0b\"><span class=\"ryNqvb\">Questo tessuto lavora sodo e si allunga.<\/span><\/span> <span class=\"jCAhz ChMk0b\"><span class=\"ryNqvb\">La forma non \u00e8 mai del tutto regolare.<\/span><\/span> <\/span><\/p>\n<p><span class=\"HwtZe\" lang=\"it\"><span class=\"jCAhz ChMk0b\"><span class=\"ryNqvb\">Asciugare in piano.<\/span><\/span> <span class=\"jCAhz ChMk0b\"><span class=\"ryNqvb\">L&#8217;asciugatrice pu\u00f2 danneggiare le fibre.<\/span><\/span> <span class=\"jCAhz ChMk0b\"><span class=\"ryNqvb\">Le materie prime naturali possono fare dei pilucchi durante i primi lavaggi, non \u00e8 colpa loro.<\/span><\/span> <span class=\"jCAhz ChMk0b\"><span class=\"ryNqvb\">Qualsiasi pilling dovrebbe essere rimosso con un rasoio per abiti.<\/span><\/span> <span class=\"jCAhz ChMk0b\"><span class=\"ryNqvb\">Il filato ha il certificato di sicurezza Oeko-Tex Standard 100 nella classe dei bambini.<\/span><\/span><\/span><\/p>","protected":false},"excerpt":{"rendered":"<p><span class=\"HwtZe\" lang=\"it\"><span class=\"jCAhz ChMk0b\"><span class=\"ryNqvb\">Coperta di Bamb\u00f9 per Adulti Coniglietto \u00e8 estremamente leggera, e allo stesso tempo dotata di comfort termico, una coperta in filato di bamb\u00f9, che \u00e8 disposta in rilievo &#8230; coniglietti!<\/span><\/span>\u00a0<span class=\"jCAhz ChMk0b\"><span class=\"ryNqvb\">Indispensabile per anziani e adulti per garantire comfort durante il sonno nelle notti calde.<\/span><\/span> <span class=\"jCAhz ChMk0b\"><span class=\"ryNqvb\">Avvolge meravigliosamente il corpo con un filato fluido.<\/span><\/span> <\/span><\/p>\n<p>&nbsp;<\/p>","protected":false},"featured_media":6142,"comment_status":"open","ping_status":"closed","template":"","meta":[],"product_brand":[],"product_cat":[341,112],"product_tag":[],"class_list":{"0":"post-6141","1":"product","2":"type-product","3":"status-publish","4":"has-post-thumbnail","6":"product_cat-coperte-termoregolatrici-per-adulti","7":"product_cat-per-le-donne","9":"first","10":"instock","11":"taxable","12":"shipping-taxable","13":"purchasable","14":"product-type-variable"},"yoast_head":"<!-- This site is optimized with the Yoast SEO plugin v27.3 - https:\/\/yoast.com\/product\/yoast-seo-wordpress\/ -->\n<title>Coperta di Bamb\u00f9 Leggera per Adulti - Coniglietto - EcoBiOlia<\/title>\n<meta name=\"description\" content=\"Coperta di Bamb\u00f9 Leggera per Adulti garantisce il comfort durante il sonno. Avvolge meravigliosamente il corpo con un filato fluido.\" \/>\n<meta name=\"robots\" content=\"index, follow, max-snippet:-1, max-image-preview:large, max-video-preview:-1\" \/>\n<link rel=\"canonical\" href=\"https:\/\/ecobiolia.it\/en\/product\/coperta-di-bambu-leggera-per-adulti-coniglietto\/\" \/>\n<meta property=\"og:locale\" content=\"en_GB\" \/>\n<meta property=\"og:type\" content=\"article\" \/>\n<meta property=\"og:title\" content=\"Coperta di Bamb\u00f9 Leggera per Adulti - Coniglietto - EcoBiOlia\" \/>\n<meta property=\"og:description\" content=\"Coperta di Bamb\u00f9 Leggera per Adulti garantisce il comfort durante il sonno. Avvolge meravigliosamente il corpo con un filato fluido.\" \/>\n<meta property=\"og:url\" content=\"https:\/\/ecobiolia.it\/en\/product\/coperta-di-bambu-leggera-per-adulti-coniglietto\/\" \/>\n<meta property=\"og:site_name\" content=\"EcoBiOlia\" \/>\n<meta property=\"article:modified_time\" content=\"2026-04-07T06:50:08+00:00\" \/>\n<meta property=\"og:image\" content=\"https:\/\/ecobiolia.it\/wp-content\/uploads\/2024\/07\/Coperta-termoregolante-estiva-con-rilievo.jpg\" \/>\n\t<meta property=\"og:image:width\" content=\"1536\" \/>\n\t<meta property=\"og:image:height\" content=\"2048\" \/>\n\t<meta property=\"og:image:type\" content=\"image\/jpeg\" \/>\n<meta name=\"twitter:card\" content=\"summary_large_image\" \/>\n<meta name=\"twitter:label1\" content=\"Estimated reading time\" \/>\n\t<meta name=\"twitter:data1\" content=\"3 minutes\" \/>\n<script type=\"application\/ld+json\" class=\"yoast-schema-graph\">{\"@context\":\"https:\\\/\\\/schema.org\",\"@graph\":[{\"@type\":\"WebPage\",\"@id\":\"https:\\\/\\\/ecobiolia.it\\\/prodotto\\\/coperta-di-bambu-leggera-per-adulti-coniglietto\\\/\",\"url\":\"https:\\\/\\\/ecobiolia.it\\\/prodotto\\\/coperta-di-bambu-leggera-per-adulti-coniglietto\\\/\",\"name\":\"Coperta di Bamb\u00f9 Leggera per Adulti - Coniglietto - EcoBiOlia\",\"isPartOf\":{\"@id\":\"https:\\\/\\\/ecobiolia.it\\\/it_it\\\/#website\"},\"primaryImageOfPage\":{\"@id\":\"https:\\\/\\\/ecobiolia.it\\\/prodotto\\\/coperta-di-bambu-leggera-per-adulti-coniglietto\\\/#primaryimage\"},\"image\":{\"@id\":\"https:\\\/\\\/ecobiolia.it\\\/prodotto\\\/coperta-di-bambu-leggera-per-adulti-coniglietto\\\/#primaryimage\"},\"thumbnailUrl\":\"https:\\\/\\\/ecobiolia.it\\\/wp-content\\\/uploads\\\/2024\\\/07\\\/Coperta-termoregolante-estiva-con-rilievo.jpg\",\"datePublished\":\"2024-07-04T12:28:22+00:00\",\"dateModified\":\"2026-04-07T06:50:08+00:00\",\"description\":\"Coperta di Bamb\u00f9 Leggera per Adulti garantisce il comfort durante il sonno. Avvolge meravigliosamente il corpo con un filato fluido.\",\"breadcrumb\":{\"@id\":\"https:\\\/\\\/ecobiolia.it\\\/prodotto\\\/coperta-di-bambu-leggera-per-adulti-coniglietto\\\/#breadcrumb\"},\"inLanguage\":\"en-GB\",\"potentialAction\":[{\"@type\":\"ReadAction\",\"target\":[\"https:\\\/\\\/ecobiolia.it\\\/prodotto\\\/coperta-di-bambu-leggera-per-adulti-coniglietto\\\/\"]}]},{\"@type\":\"ImageObject\",\"inLanguage\":\"en-GB\",\"@id\":\"https:\\\/\\\/ecobiolia.it\\\/prodotto\\\/coperta-di-bambu-leggera-per-adulti-coniglietto\\\/#primaryimage\",\"url\":\"https:\\\/\\\/ecobiolia.it\\\/wp-content\\\/uploads\\\/2024\\\/07\\\/Coperta-termoregolante-estiva-con-rilievo.jpg\",\"contentUrl\":\"https:\\\/\\\/ecobiolia.it\\\/wp-content\\\/uploads\\\/2024\\\/07\\\/Coperta-termoregolante-estiva-con-rilievo.jpg\",\"width\":1536,\"height\":2048},{\"@type\":\"BreadcrumbList\",\"@id\":\"https:\\\/\\\/ecobiolia.it\\\/prodotto\\\/coperta-di-bambu-leggera-per-adulti-coniglietto\\\/#breadcrumb\",\"itemListElement\":[{\"@type\":\"ListItem\",\"position\":1,\"name\":\"Home\",\"item\":\"https:\\\/\\\/ecobiolia.it\\\/\"},{\"@type\":\"ListItem\",\"position\":2,\"name\":\"Negozio\",\"item\":\"https:\\\/\\\/ecobiolia.it\\\/negozio\\\/\"},{\"@type\":\"ListItem\",\"position\":3,\"name\":\"Coperta di Bamb\u00f9 Leggera per Adulti &#8211; Coniglietto\"}]},{\"@type\":\"WebSite\",\"@id\":\"https:\\\/\\\/ecobiolia.it\\\/it_it\\\/#website\",\"url\":\"https:\\\/\\\/ecobiolia.it\\\/it_it\\\/\",\"name\":\"EcoBiOlia\",\"description\":\"Negozio Ecologico per Bambini e Adulti\",\"publisher\":{\"@id\":\"https:\\\/\\\/ecobiolia.it\\\/it_it\\\/#organization\"},\"potentialAction\":[{\"@type\":\"SearchAction\",\"target\":{\"@type\":\"EntryPoint\",\"urlTemplate\":\"https:\\\/\\\/ecobiolia.it\\\/it_it\\\/?s={search_term_string}\"},\"query-input\":{\"@type\":\"PropertyValueSpecification\",\"valueRequired\":true,\"valueName\":\"search_term_string\"}}],\"inLanguage\":\"en-GB\"},{\"@type\":\"Organization\",\"@id\":\"https:\\\/\\\/ecobiolia.it\\\/it_it\\\/#organization\",\"name\":\"EcoBiOlia\",\"url\":\"https:\\\/\\\/ecobiolia.it\\\/it_it\\\/\",\"logo\":{\"@type\":\"ImageObject\",\"inLanguage\":\"en-GB\",\"@id\":\"https:\\\/\\\/ecobiolia.it\\\/it_it\\\/#\\\/schema\\\/logo\\\/image\\\/\",\"url\":\"https:\\\/\\\/ecobiolia.it\\\/wp-content\\\/uploads\\\/2022\\\/04\\\/EcoBiOlia-Logo.png\",\"contentUrl\":\"https:\\\/\\\/ecobiolia.it\\\/wp-content\\\/uploads\\\/2022\\\/04\\\/EcoBiOlia-Logo.png\",\"width\":1772,\"height\":944,\"caption\":\"EcoBiOlia\"},\"image\":{\"@id\":\"https:\\\/\\\/ecobiolia.it\\\/it_it\\\/#\\\/schema\\\/logo\\\/image\\\/\"}}]}<\/script>\n<!-- \/ Yoast SEO plugin. -->","yoast_head_json":{"title":"Coperta di Bamb\u00f9 Leggera per Adulti - Coniglietto - EcoBiOlia","description":"Coperta di Bamb\u00f9 Leggera per Adulti garantisce il comfort durante il sonno. Avvolge meravigliosamente il corpo con un filato fluido.","robots":{"index":"index","follow":"follow","max-snippet":"max-snippet:-1","max-image-preview":"max-image-preview:large","max-video-preview":"max-video-preview:-1"},"canonical":"https:\/\/ecobiolia.it\/en\/product\/coperta-di-bambu-leggera-per-adulti-coniglietto\/","og_locale":"en_GB","og_type":"article","og_title":"Coperta di Bamb\u00f9 Leggera per Adulti - Coniglietto - EcoBiOlia","og_description":"Coperta di Bamb\u00f9 Leggera per Adulti garantisce il comfort durante il sonno. Avvolge meravigliosamente il corpo con un filato fluido.","og_url":"https:\/\/ecobiolia.it\/en\/product\/coperta-di-bambu-leggera-per-adulti-coniglietto\/","og_site_name":"EcoBiOlia","article_modified_time":"2026-04-07T06:50:08+00:00","og_image":[{"width":1536,"height":2048,"url":"https:\/\/ecobiolia.it\/wp-content\/uploads\/2024\/07\/Coperta-termoregolante-estiva-con-rilievo.jpg","type":"image\/jpeg"}],"twitter_card":"summary_large_image","twitter_misc":{"Estimated reading time":"3 minutes"},"schema":{"@context":"https:\/\/schema.org","@graph":[{"@type":"WebPage","@id":"https:\/\/ecobiolia.it\/prodotto\/coperta-di-bambu-leggera-per-adulti-coniglietto\/","url":"https:\/\/ecobiolia.it\/prodotto\/coperta-di-bambu-leggera-per-adulti-coniglietto\/","name":"Coperta di Bamb\u00f9 Leggera per Adulti - Coniglietto - EcoBiOlia","isPartOf":{"@id":"https:\/\/ecobiolia.it\/it_it\/#website"},"primaryImageOfPage":{"@id":"https:\/\/ecobiolia.it\/prodotto\/coperta-di-bambu-leggera-per-adulti-coniglietto\/#primaryimage"},"image":{"@id":"https:\/\/ecobiolia.it\/prodotto\/coperta-di-bambu-leggera-per-adulti-coniglietto\/#primaryimage"},"thumbnailUrl":"https:\/\/ecobiolia.it\/wp-content\/uploads\/2024\/07\/Coperta-termoregolante-estiva-con-rilievo.jpg","datePublished":"2024-07-04T12:28:22+00:00","dateModified":"2026-04-07T06:50:08+00:00","description":"Coperta di Bamb\u00f9 Leggera per Adulti garantisce il comfort durante il sonno. Avvolge meravigliosamente il corpo con un filato fluido.","breadcrumb":{"@id":"https:\/\/ecobiolia.it\/prodotto\/coperta-di-bambu-leggera-per-adulti-coniglietto\/#breadcrumb"},"inLanguage":"en-GB","potentialAction":[{"@type":"ReadAction","target":["https:\/\/ecobiolia.it\/prodotto\/coperta-di-bambu-leggera-per-adulti-coniglietto\/"]}]},{"@type":"ImageObject","inLanguage":"en-GB","@id":"https:\/\/ecobiolia.it\/prodotto\/coperta-di-bambu-leggera-per-adulti-coniglietto\/#primaryimage","url":"https:\/\/ecobiolia.it\/wp-content\/uploads\/2024\/07\/Coperta-termoregolante-estiva-con-rilievo.jpg","contentUrl":"https:\/\/ecobiolia.it\/wp-content\/uploads\/2024\/07\/Coperta-termoregolante-estiva-con-rilievo.jpg","width":1536,"height":2048},{"@type":"BreadcrumbList","@id":"https:\/\/ecobiolia.it\/prodotto\/coperta-di-bambu-leggera-per-adulti-coniglietto\/#breadcrumb","itemListElement":[{"@type":"ListItem","position":1,"name":"Home","item":"https:\/\/ecobiolia.it\/"},{"@type":"ListItem","position":2,"name":"Negozio","item":"https:\/\/ecobiolia.it\/negozio\/"},{"@type":"ListItem","position":3,"name":"Coperta di Bamb\u00f9 Leggera per Adulti &#8211; Coniglietto"}]},{"@type":"WebSite","@id":"https:\/\/ecobiolia.it\/it_it\/#website","url":"https:\/\/ecobiolia.it\/it_it\/","name":"EcoBiOlia","description":"Negozio Ecologico per Bambini e Adulti","publisher":{"@id":"https:\/\/ecobiolia.it\/it_it\/#organization"},"potentialAction":[{"@type":"SearchAction","target":{"@type":"EntryPoint","urlTemplate":"https:\/\/ecobiolia.it\/it_it\/?s={search_term_string}"},"query-input":{"@type":"PropertyValueSpecification","valueRequired":true,"valueName":"search_term_string"}}],"inLanguage":"en-GB"},{"@type":"Organization","@id":"https:\/\/ecobiolia.it\/it_it\/#organization","name":"EcoBiOlia","url":"https:\/\/ecobiolia.it\/it_it\/","logo":{"@type":"ImageObject","inLanguage":"en-GB","@id":"https:\/\/ecobiolia.it\/it_it\/#\/schema\/logo\/image\/","url":"https:\/\/ecobiolia.it\/wp-content\/uploads\/2022\/04\/EcoBiOlia-Logo.png","contentUrl":"https:\/\/ecobiolia.it\/wp-content\/uploads\/2022\/04\/EcoBiOlia-Logo.png","width":1772,"height":944,"caption":"EcoBiOlia"},"image":{"@id":"https:\/\/ecobiolia.it\/it_it\/#\/schema\/logo\/image\/"}}]}},"jetpack-related-posts":[{"id":6316,"url":"https:\/\/ecobiolia.it\/en\/product\/coperta-neonato-termoregolatrice-estiva-coniglietto\/","url_meta":{"origin":6141,"position":0},"title":"Coperta Neonato Termoregolatrice Estiva &#8211; Coniglietto","author":"Olga","date":"25 January 2025","format":false,"excerpt":"Coperta Neonato Termoregolatrice Estiva Coniglietto \u00e8 estremamente leggera, e allo stesso tempo dotata di comfort termico, una coperta in filato di bamb\u00f9, che \u00e8 disposta in rilievo ... coniglietti!\u00a0Indispensabile per anziani e adulti per garantire comfort durante il sonno nelle notti calde. Avvolge meravigliosamente il corpo con un filato fluido.\u2026","rel":"","context":"Similar post","block_context":{"text":"Similar post","link":""},"img":{"alt_text":"","src":"https:\/\/i0.wp.com\/ecobiolia.it\/wp-content\/uploads\/2025\/01\/Coperta-termoregolante-estiva-con-rilievo.png?resize=350%2C200&ssl=1","width":350,"height":200,"srcset":"https:\/\/i0.wp.com\/ecobiolia.it\/wp-content\/uploads\/2025\/01\/Coperta-termoregolante-estiva-con-rilievo.png?resize=350%2C200&ssl=1 1x, https:\/\/i0.wp.com\/ecobiolia.it\/wp-content\/uploads\/2025\/01\/Coperta-termoregolante-estiva-con-rilievo.png?resize=525%2C300&ssl=1 1.5x, https:\/\/i0.wp.com\/ecobiolia.it\/wp-content\/uploads\/2025\/01\/Coperta-termoregolante-estiva-con-rilievo.png?resize=700%2C400&ssl=1 2x, https:\/\/i0.wp.com\/ecobiolia.it\/wp-content\/uploads\/2025\/01\/Coperta-termoregolante-estiva-con-rilievo.png?resize=1050%2C600&ssl=1 3x, https:\/\/i0.wp.com\/ecobiolia.it\/wp-content\/uploads\/2025\/01\/Coperta-termoregolante-estiva-con-rilievo.png?resize=1400%2C800&ssl=1 4x"},"classes":[]},{"id":2551,"url":"https:\/\/ecobiolia.it\/en\/product\/copertina-traforata-estiva-in-bamboo-farfalla\/","url_meta":{"origin":6141,"position":1},"title":"Copertina Traforata Estiva in Bamboo &#8211; Farfalla","author":"Olga","date":"23 June 2022","format":false,"excerpt":"Copertina Traforata Estiva \u00e8 estremamente traspirante ed assolutamente meravigliosa. Realizzata al 100% in viscosa di bamb\u00f9. Una bellissima trama traforata a forma di centinaia di minuscole ali di farfalla. \u00c8 elegante e senza tempo. Fantastica per avvolgere il bambino e come coperta estiva. Leggera, durevole, ipoallergenica, antibatterica, traspirante e resistente\u2026","rel":"","context":"Similar post","block_context":{"text":"Similar post","link":""},"img":{"alt_text":"","src":"https:\/\/i0.wp.com\/ecobiolia.it\/wp-content\/uploads\/2022\/06\/Lullalove-Farfalla.jpg?resize=350%2C200&ssl=1","width":350,"height":200,"srcset":"https:\/\/i0.wp.com\/ecobiolia.it\/wp-content\/uploads\/2022\/06\/Lullalove-Farfalla.jpg?resize=350%2C200&ssl=1 1x, https:\/\/i0.wp.com\/ecobiolia.it\/wp-content\/uploads\/2022\/06\/Lullalove-Farfalla.jpg?resize=525%2C300&ssl=1 1.5x, https:\/\/i0.wp.com\/ecobiolia.it\/wp-content\/uploads\/2022\/06\/Lullalove-Farfalla.jpg?resize=700%2C400&ssl=1 2x, https:\/\/i0.wp.com\/ecobiolia.it\/wp-content\/uploads\/2022\/06\/Lullalove-Farfalla.jpg?resize=1050%2C600&ssl=1 3x, https:\/\/i0.wp.com\/ecobiolia.it\/wp-content\/uploads\/2022\/06\/Lullalove-Farfalla.jpg?resize=1400%2C800&ssl=1 4x"},"classes":[]},{"id":1543,"url":"https:\/\/ecobiolia.it\/en\/product\/copertina-estiva-leggera-antiallergica-avvolgente-nebbia\/","url_meta":{"origin":6141,"position":2},"title":"Copertina Estiva Leggera Antiallergica Avvolgente  &#8211; Nebbia","author":"Olga","date":"28 March 2022","format":false,"excerpt":"Copertina Estiva Leggera Antiallergica Avvolgente \u00e8 estremamente traspirante ed assolutamente meravigliosa. Realizzata al 100% in viscosa di bamb\u00f9. Fantastica per avvolgere il bambino e come coperta estiva. Leggera, durevole, ipoallergenica, antibatterica, traspirante e resistente ai raggi UV. Scegli la migliore qualit\u00e0 di coperta di bamb\u00f9 ecologica e lasciati stupire dalle\u2026","rel":"","context":"Similar post","block_context":{"text":"Similar post","link":""},"img":{"alt_text":"","src":"https:\/\/i0.wp.com\/ecobiolia.it\/wp-content\/uploads\/2022\/03\/Lullalove-copertina-avvolgente.jpg?resize=350%2C200&ssl=1","width":350,"height":200,"srcset":"https:\/\/i0.wp.com\/ecobiolia.it\/wp-content\/uploads\/2022\/03\/Lullalove-copertina-avvolgente.jpg?resize=350%2C200&ssl=1 1x, https:\/\/i0.wp.com\/ecobiolia.it\/wp-content\/uploads\/2022\/03\/Lullalove-copertina-avvolgente.jpg?resize=525%2C300&ssl=1 1.5x, https:\/\/i0.wp.com\/ecobiolia.it\/wp-content\/uploads\/2022\/03\/Lullalove-copertina-avvolgente.jpg?resize=700%2C400&ssl=1 2x, https:\/\/i0.wp.com\/ecobiolia.it\/wp-content\/uploads\/2022\/03\/Lullalove-copertina-avvolgente.jpg?resize=1050%2C600&ssl=1 3x, https:\/\/i0.wp.com\/ecobiolia.it\/wp-content\/uploads\/2022\/03\/Lullalove-copertina-avvolgente.jpg?resize=1400%2C800&ssl=1 4x"},"classes":[]},{"id":4569,"url":"https:\/\/ecobiolia.it\/en\/product\/coperta-traforata-in-bambu-a-maglia-conchiglia\/","url_meta":{"origin":6141,"position":3},"title":"Coperta Traforata in Bamb\u00f9 a Maglia Conchiglia","author":"Olga","date":"11 November 2022","format":false,"excerpt":"Coperta Traforata in Bamb\u00f9 a Maglia Conchiglia \u00e8 realizzata in filato di bamb\u00f9 e cotone per PRIMAVERA, ESTATE, AUTUNNO. Bellissima trama, come se le conchiglie fossero unite insieme. I lati pi\u00f9 corti, terminati con un'onda, aggiungono anche un fascino straordinario. Nonostante la trama traforata, la coperta \u00e8 molto carnosa e\u2026","rel":"","context":"Similar post","block_context":{"text":"Similar post","link":""},"img":{"alt_text":"","src":"https:\/\/i0.wp.com\/ecobiolia.it\/wp-content\/uploads\/2022\/11\/2893.jpg?resize=350%2C200&ssl=1","width":350,"height":200,"srcset":"https:\/\/i0.wp.com\/ecobiolia.it\/wp-content\/uploads\/2022\/11\/2893.jpg?resize=350%2C200&ssl=1 1x, https:\/\/i0.wp.com\/ecobiolia.it\/wp-content\/uploads\/2022\/11\/2893.jpg?resize=525%2C300&ssl=1 1.5x, https:\/\/i0.wp.com\/ecobiolia.it\/wp-content\/uploads\/2022\/11\/2893.jpg?resize=700%2C400&ssl=1 2x, https:\/\/i0.wp.com\/ecobiolia.it\/wp-content\/uploads\/2022\/11\/2893.jpg?resize=1050%2C600&ssl=1 3x"},"classes":[]},{"id":1084,"url":"https:\/\/ecobiolia.it\/en\/product\/lullalove-coperta-in-bambu-a-maglia-nuova-80x100-cm\/","url_meta":{"origin":6141,"position":4},"title":"Coperta in Bamb\u00f9 a Maglia Rombi 80&#215;100 cm","author":"Olga","date":"25 January 2022","format":false,"excerpt":"La migliore qualit\u00e0 di coperta per bambini in bamb\u00f9 e cotone con motivo a rombi. La fibra di bamb\u00f9 rende la copertina leggera, durevole, ipoallergenica, antibatterica, traspirante e resistente ai raggi UV. Il filato di bamb\u00f9 ha delle propriet\u00e0 di termoregolazione. Mantiene il comfort termico, impedisce il surriscaldamento, \u00e8 traspirante\u2026","rel":"","context":"Similar post","block_context":{"text":"Similar post","link":""},"img":{"alt_text":"","src":"https:\/\/i0.wp.com\/ecobiolia.it\/wp-content\/uploads\/2022\/01\/Lullalove-Coperta-Bambino-Nuova.jpg?resize=350%2C200&ssl=1","width":350,"height":200,"srcset":"https:\/\/i0.wp.com\/ecobiolia.it\/wp-content\/uploads\/2022\/01\/Lullalove-Coperta-Bambino-Nuova.jpg?resize=350%2C200&ssl=1 1x, https:\/\/i0.wp.com\/ecobiolia.it\/wp-content\/uploads\/2022\/01\/Lullalove-Coperta-Bambino-Nuova.jpg?resize=525%2C300&ssl=1 1.5x, https:\/\/i0.wp.com\/ecobiolia.it\/wp-content\/uploads\/2022\/01\/Lullalove-Coperta-Bambino-Nuova.jpg?resize=700%2C400&ssl=1 2x, https:\/\/i0.wp.com\/ecobiolia.it\/wp-content\/uploads\/2022\/01\/Lullalove-Coperta-Bambino-Nuova.jpg?resize=1050%2C600&ssl=1 3x, https:\/\/i0.wp.com\/ecobiolia.it\/wp-content\/uploads\/2022\/01\/Lullalove-Coperta-Bambino-Nuova.jpg?resize=1400%2C800&ssl=1 4x"},"classes":[]},{"id":4813,"url":"https:\/\/ecobiolia.it\/en\/product\/coperta-neonato-in-bambu-e-cotone-popcorn\/","url_meta":{"origin":6141,"position":5},"title":"Coperta Neonato in Bamb\u00f9 e Cotone Popcorn","author":"Olga","date":"1 March 2023","format":false,"excerpt":"Una coperta per tutto l'anno in stile scandinavo, realizzata in filato di bamb\u00f9 con l'aggiunta di cotone. La doppia densit\u00e0 di maglia e la trama unica garantiscono un incredibile comfort di utilizzo. Il filato di bamb\u00f9 ha propriet\u00e0 termoregolatrici, grazie alle quali mantiene il comfort termico, previene il surriscaldamento, respira\u2026","rel":"","context":"Similar post","block_context":{"text":"Similar post","link":""},"img":{"alt_text":"","src":"https:\/\/i0.wp.com\/ecobiolia.it\/wp-content\/uploads\/2023\/03\/14391.jpg?resize=350%2C200&ssl=1","width":350,"height":200,"srcset":"https:\/\/i0.wp.com\/ecobiolia.it\/wp-content\/uploads\/2023\/03\/14391.jpg?resize=350%2C200&ssl=1 1x, https:\/\/i0.wp.com\/ecobiolia.it\/wp-content\/uploads\/2023\/03\/14391.jpg?resize=525%2C300&ssl=1 1.5x, https:\/\/i0.wp.com\/ecobiolia.it\/wp-content\/uploads\/2023\/03\/14391.jpg?resize=700%2C400&ssl=1 2x, https:\/\/i0.wp.com\/ecobiolia.it\/wp-content\/uploads\/2023\/03\/14391.jpg?resize=1050%2C600&ssl=1 3x, https:\/\/i0.wp.com\/ecobiolia.it\/wp-content\/uploads\/2023\/03\/14391.jpg?resize=1400%2C800&ssl=1 4x"},"classes":[]}],"jetpack_sharing_enabled":true,"_links":{"self":[{"href":"https:\/\/ecobiolia.it\/en\/wp-json\/wp\/v2\/product\/6141","targetHints":{"allow":["GET"]}}],"collection":[{"href":"https:\/\/ecobiolia.it\/en\/wp-json\/wp\/v2\/product"}],"about":[{"href":"https:\/\/ecobiolia.it\/en\/wp-json\/wp\/v2\/types\/product"}],"replies":[{"embeddable":true,"href":"https:\/\/ecobiolia.it\/en\/wp-json\/wp\/v2\/comments?post=6141"}],"version-history":[{"count":2,"href":"https:\/\/ecobiolia.it\/en\/wp-json\/wp\/v2\/product\/6141\/revisions"}],"predecessor-version":[{"id":6590,"href":"https:\/\/ecobiolia.it\/en\/wp-json\/wp\/v2\/product\/6141\/revisions\/6590"}],"wp:featuredmedia":[{"embeddable":true,"href":"https:\/\/ecobiolia.it\/en\/wp-json\/wp\/v2\/media\/6142"}],"wp:attachment":[{"href":"https:\/\/ecobiolia.it\/en\/wp-json\/wp\/v2\/media?parent=6141"}],"wp:term":[{"taxonomy":"product_brand","embeddable":true,"href":"https:\/\/ecobiolia.it\/en\/wp-json\/wp\/v2\/product_brand?post=6141"},{"taxonomy":"product_cat","embeddable":true,"href":"https:\/\/ecobiolia.it\/en\/wp-json\/wp\/v2\/product_cat?post=6141"},{"taxonomy":"product_tag","embeddable":true,"href":"https:\/\/ecobiolia.it\/en\/wp-json\/wp\/v2\/product_tag?post=6141"}],"curies":[{"name":"wp","href":"https:\/\/api.w.org\/{rel}","templated":true}]}}