{"id":6087,"date":"2024-03-22T08:30:08","date_gmt":"2024-03-22T08:30:08","guid":{"rendered":"https:\/\/ecobiolia.it\/?post_type=product&#038;p=6087"},"modified":"2026-03-29T19:19:34","modified_gmt":"2026-03-29T19:19:34","slug":"deodorante-in-crema-100-naturale-agrumi","status":"publish","type":"product","link":"https:\/\/ecobiolia.it\/en\/product\/deodorante-in-crema-100-naturale-agrumi\/","title":{"rendered":"Deodorante in Crema 100% Naturale &#8211; Agrumi"},"content":{"rendered":"<p><span class=\"HwtZe\" lang=\"it\"><span class=\"jCAhz ChMk0b\"><span class=\"ryNqvb\">Utilizzo:<\/span><\/span> <\/span><\/p>\n<p><span class=\"HwtZe\" lang=\"it\"><span class=\"jCAhz ChMk0b\"><span class=\"ryNqvb\">Distribuire una piccola quantit\u00e0 di prodotto con il dito o una spatola sulla pelle detersa delle ascelle.<\/span><\/span><\/span><\/p>\n<p><span class=\"HwtZe\" lang=\"it\"> <span class=\"jCAhz ChMk0b\"><span class=\"ryNqvb\">Il deodorante pu\u00f2 essere utilizzato in diverse parti del corpo a seconda delle esigenze, ad esempio schiena, glutei, zona del d\u00e9collet\u00e9, sotto il seno.<\/span><\/span> <\/span><\/p>\n<p><span class=\"HwtZe\" lang=\"it\"><span class=\"jCAhz ChMk0b\"><span class=\"ryNqvb\">Ingredienti:<\/span><\/span> <span class=\"jCAhz ChMk0b\"><span class=\"ryNqvb\">Olio di Cocos Nucifera, Amido di tapioca, Bicarbonato di sodio, Olio di soia idrogenato, Burro di semi di cacao Theobroma, Zeolite, Caolino, Acetato di tocoferile, Olio di scorza di Citrus Sinensis espresso, Olio di scorza di Citrus Paradisi, Olio di scorza di limone, Calcite, Mica, Minerali argillosi, Limonene *, linalolo*, citrale*, citronellolo*.<\/span><\/span> <span class=\"jCAhz ChMk0b\"><span class=\"ryNqvb\">*ingrediente olio essenziale.<\/span><\/span> <\/span><\/p>\n<p><span class=\"HwtZe\" lang=\"it\"><span class=\"jCAhz ChMk0b\"><span class=\"ryNqvb\">Gli ingredienti sono sicuri per persone di tutte le et\u00e0.<\/span><\/span> <span class=\"jCAhz ChMk0b\"><span class=\"ryNqvb\">Tuttavia, chi soffre di allergie dovrebbe sempre eseguire un test cutaneo prima del primo utilizzo per escludere un&#8217;allergia a uno qualsiasi dei suoi ingredienti.<\/span><\/span> <\/span><\/p>\n<p><span class=\"HwtZe\" lang=\"it\"><span class=\"jCAhz ChMk0b\"><span class=\"ryNqvb\">Capacit\u00e0: 60ml.<\/span><\/span> <\/span><\/p>\n<p><span class=\"HwtZe\" lang=\"it\"><span class=\"jCAhz ChMk0b\"><span class=\"ryNqvb\">Prodotto polacco.<\/span><\/span> <span class=\"jCAhz ChMk0b\"><span class=\"ryNqvb\">Vegano.<\/span><\/span> <span class=\"jCAhz ChMk0b\"><span class=\"ryNqvb\">Ovviamente NON testato legalmente sugli animali, come tutti i nostri prodotti.<\/span><\/span><\/span><\/p>","protected":false},"excerpt":{"rendered":"<p><span class=\"HwtZe\" lang=\"it\"><span class=\"jCAhz ChMk0b\"><span class=\"ryNqvb\">Deodorante completamente naturale sotto forma di crema che puoi utilizzare tutti i giorni senza preoccuparti della tua salute, degli odori sgradevoli o delle macchie bagnate.<\/span><\/span> <span class=\"jCAhz ChMk0b\"><span class=\"ryNqvb\">Non irrita e non contiene sostanze sospette.<\/span><\/span> <span class=\"jCAhz ChMk0b\"><span class=\"ryNqvb\">Non blocca la sudorazione, ma la maschera molto bene.<\/span><\/span> <span class=\"jCAhz ChMk0b\"><span class=\"ryNqvb\">Non lascia uno strato umido e si assorbe molto rapidamente.<\/span><\/span> <span class=\"jCAhz ChMk0b\"><span class=\"ryNqvb\">La composizione comprende:<\/span><\/span> <span class=\"jCAhz ChMk0b\"><span class=\"ryNqvb\">&#8211; ingredienti che assorbono l&#8217;umidit\u00e0:<\/span><\/span> <span class=\"jCAhz ChMk0b\"><span class=\"ryNqvb\">argilla bianca, bicarbonato di sodio, tapioca<\/span><\/span> <span class=\"jCAhz ChMk0b\"><span class=\"ryNqvb\">&#8211; ingredienti per la cura della pelle:<\/span><\/span> <span class=\"jCAhz ChMk0b\"><span class=\"ryNqvb\">olio di cocco, burro di cacao<\/span><\/span> <span class=\"jCAhz ChMk0b\"><span class=\"ryNqvb\">&#8211; ingredienti della fragranza:<\/span><\/span> <span class=\"jCAhz ChMk0b\"><span class=\"ryNqvb\">oli essenziali naturali di arancia, pompelmo e limone.<\/span><\/span> <span class=\"jCAhz ChMk0b\"><span class=\"ryNqvb\">Odore: delicatamente agrumato.<\/span><\/span> <span class=\"jCAhz ChMk0b\"><span class=\"ryNqvb\">\u00c8 decisamente unisex per lei e per lui.<\/span><\/span> <span class=\"jCAhz ChMk0b\"><span class=\"ryNqvb\">Non altera l&#8217;odore del profumo.<\/span><\/span> <span class=\"jCAhz ChMk0b\"><span class=\"ryNqvb\">\u00c8 inerte e non irritante.<\/span><\/span><\/span><\/p>","protected":false},"featured_media":6088,"comment_status":"open","ping_status":"closed","template":"","meta":[],"product_brand":[],"product_cat":[120,135,112,45],"product_tag":[],"class_list":{"0":"post-6087","1":"product","2":"type-product","3":"status-publish","4":"has-post-thumbnail","6":"product_cat-cosmetici","7":"product_cat-cosmetici-naturali","8":"product_cat-per-le-donne","9":"product_cat-prodotti-per-la-cura-del-corpo","11":"first","12":"instock","13":"taxable","14":"shipping-taxable","15":"purchasable","16":"product-type-simple"},"yoast_head":"<!-- This site is optimized with the Yoast SEO plugin v27.3 - https:\/\/yoast.com\/product\/yoast-seo-wordpress\/ -->\n<title>Deodorante in Crema 100% Naturale - Agrumi - EcoBiOlia<\/title>\n<meta name=\"description\" content=\"Deodorante completamente naturale sotto forma di crema. Non irrita e non contiene sostanze sospette. Non blocca la sudorazione, ma la maschera molto bene.\" \/>\n<meta name=\"robots\" content=\"index, follow, max-snippet:-1, max-image-preview:large, max-video-preview:-1\" \/>\n<link rel=\"canonical\" href=\"https:\/\/ecobiolia.it\/en\/product\/deodorante-in-crema-100-naturale-agrumi\/\" \/>\n<meta property=\"og:locale\" content=\"en_GB\" \/>\n<meta property=\"og:type\" content=\"article\" \/>\n<meta property=\"og:title\" content=\"Deodorante in Crema 100% Naturale - Agrumi - EcoBiOlia\" \/>\n<meta property=\"og:description\" content=\"Deodorante completamente naturale sotto forma di crema. Non irrita e non contiene sostanze sospette. Non blocca la sudorazione, ma la maschera molto bene.\" \/>\n<meta property=\"og:url\" content=\"https:\/\/ecobiolia.it\/en\/product\/deodorante-in-crema-100-naturale-agrumi\/\" \/>\n<meta property=\"og:site_name\" content=\"EcoBiOlia\" \/>\n<meta property=\"article:modified_time\" content=\"2026-03-29T19:19:34+00:00\" \/>\n<meta property=\"og:image\" content=\"https:\/\/ecobiolia.it\/wp-content\/uploads\/2024\/03\/Deodorante-in-Crema-100-Naturale-Agrumi.jpg\" \/>\n\t<meta property=\"og:image:width\" content=\"1600\" \/>\n\t<meta property=\"og:image:height\" content=\"1423\" \/>\n\t<meta property=\"og:image:type\" content=\"image\/jpeg\" \/>\n<meta name=\"twitter:card\" content=\"summary_large_image\" \/>\n<meta name=\"twitter:label1\" content=\"Estimated reading time\" \/>\n\t<meta name=\"twitter:data1\" content=\"1 minute\" \/>\n<script type=\"application\/ld+json\" class=\"yoast-schema-graph\">{\"@context\":\"https:\\\/\\\/schema.org\",\"@graph\":[{\"@type\":\"WebPage\",\"@id\":\"https:\\\/\\\/ecobiolia.it\\\/prodotto\\\/deodorante-in-crema-100-naturale-agrumi\\\/\",\"url\":\"https:\\\/\\\/ecobiolia.it\\\/prodotto\\\/deodorante-in-crema-100-naturale-agrumi\\\/\",\"name\":\"Deodorante in Crema 100% Naturale - Agrumi - EcoBiOlia\",\"isPartOf\":{\"@id\":\"https:\\\/\\\/ecobiolia.it\\\/it_it\\\/#website\"},\"primaryImageOfPage\":{\"@id\":\"https:\\\/\\\/ecobiolia.it\\\/prodotto\\\/deodorante-in-crema-100-naturale-agrumi\\\/#primaryimage\"},\"image\":{\"@id\":\"https:\\\/\\\/ecobiolia.it\\\/prodotto\\\/deodorante-in-crema-100-naturale-agrumi\\\/#primaryimage\"},\"thumbnailUrl\":\"https:\\\/\\\/ecobiolia.it\\\/wp-content\\\/uploads\\\/2024\\\/03\\\/Deodorante-in-Crema-100-Naturale-Agrumi.jpg\",\"datePublished\":\"2024-03-22T08:30:08+00:00\",\"dateModified\":\"2026-03-29T19:19:34+00:00\",\"description\":\"Deodorante completamente naturale sotto forma di crema. Non irrita e non contiene sostanze sospette. Non blocca la sudorazione, ma la maschera molto bene.\",\"breadcrumb\":{\"@id\":\"https:\\\/\\\/ecobiolia.it\\\/prodotto\\\/deodorante-in-crema-100-naturale-agrumi\\\/#breadcrumb\"},\"inLanguage\":\"en-GB\",\"potentialAction\":[{\"@type\":\"ReadAction\",\"target\":[\"https:\\\/\\\/ecobiolia.it\\\/prodotto\\\/deodorante-in-crema-100-naturale-agrumi\\\/\"]}]},{\"@type\":\"ImageObject\",\"inLanguage\":\"en-GB\",\"@id\":\"https:\\\/\\\/ecobiolia.it\\\/prodotto\\\/deodorante-in-crema-100-naturale-agrumi\\\/#primaryimage\",\"url\":\"https:\\\/\\\/ecobiolia.it\\\/wp-content\\\/uploads\\\/2024\\\/03\\\/Deodorante-in-Crema-100-Naturale-Agrumi.jpg\",\"contentUrl\":\"https:\\\/\\\/ecobiolia.it\\\/wp-content\\\/uploads\\\/2024\\\/03\\\/Deodorante-in-Crema-100-Naturale-Agrumi.jpg\",\"width\":1600,\"height\":1423},{\"@type\":\"BreadcrumbList\",\"@id\":\"https:\\\/\\\/ecobiolia.it\\\/prodotto\\\/deodorante-in-crema-100-naturale-agrumi\\\/#breadcrumb\",\"itemListElement\":[{\"@type\":\"ListItem\",\"position\":1,\"name\":\"Home\",\"item\":\"https:\\\/\\\/ecobiolia.it\\\/\"},{\"@type\":\"ListItem\",\"position\":2,\"name\":\"Negozio\",\"item\":\"https:\\\/\\\/ecobiolia.it\\\/negozio\\\/\"},{\"@type\":\"ListItem\",\"position\":3,\"name\":\"Deodorante in Crema 100% Naturale &#8211; Agrumi\"}]},{\"@type\":\"WebSite\",\"@id\":\"https:\\\/\\\/ecobiolia.it\\\/it_it\\\/#website\",\"url\":\"https:\\\/\\\/ecobiolia.it\\\/it_it\\\/\",\"name\":\"EcoBiOlia\",\"description\":\"Negozio Ecologico per Bambini e Adulti\",\"publisher\":{\"@id\":\"https:\\\/\\\/ecobiolia.it\\\/it_it\\\/#organization\"},\"potentialAction\":[{\"@type\":\"SearchAction\",\"target\":{\"@type\":\"EntryPoint\",\"urlTemplate\":\"https:\\\/\\\/ecobiolia.it\\\/it_it\\\/?s={search_term_string}\"},\"query-input\":{\"@type\":\"PropertyValueSpecification\",\"valueRequired\":true,\"valueName\":\"search_term_string\"}}],\"inLanguage\":\"en-GB\"},{\"@type\":\"Organization\",\"@id\":\"https:\\\/\\\/ecobiolia.it\\\/it_it\\\/#organization\",\"name\":\"EcoBiOlia\",\"url\":\"https:\\\/\\\/ecobiolia.it\\\/it_it\\\/\",\"logo\":{\"@type\":\"ImageObject\",\"inLanguage\":\"en-GB\",\"@id\":\"https:\\\/\\\/ecobiolia.it\\\/it_it\\\/#\\\/schema\\\/logo\\\/image\\\/\",\"url\":\"https:\\\/\\\/ecobiolia.it\\\/wp-content\\\/uploads\\\/2022\\\/04\\\/EcoBiOlia-Logo.png\",\"contentUrl\":\"https:\\\/\\\/ecobiolia.it\\\/wp-content\\\/uploads\\\/2022\\\/04\\\/EcoBiOlia-Logo.png\",\"width\":1772,\"height\":944,\"caption\":\"EcoBiOlia\"},\"image\":{\"@id\":\"https:\\\/\\\/ecobiolia.it\\\/it_it\\\/#\\\/schema\\\/logo\\\/image\\\/\"}}]}<\/script>\n<!-- \/ Yoast SEO plugin. -->","yoast_head_json":{"title":"Deodorante in Crema 100% Naturale - Agrumi - EcoBiOlia","description":"Deodorante completamente naturale sotto forma di crema. Non irrita e non contiene sostanze sospette. Non blocca la sudorazione, ma la maschera molto bene.","robots":{"index":"index","follow":"follow","max-snippet":"max-snippet:-1","max-image-preview":"max-image-preview:large","max-video-preview":"max-video-preview:-1"},"canonical":"https:\/\/ecobiolia.it\/en\/product\/deodorante-in-crema-100-naturale-agrumi\/","og_locale":"en_GB","og_type":"article","og_title":"Deodorante in Crema 100% Naturale - Agrumi - EcoBiOlia","og_description":"Deodorante completamente naturale sotto forma di crema. Non irrita e non contiene sostanze sospette. Non blocca la sudorazione, ma la maschera molto bene.","og_url":"https:\/\/ecobiolia.it\/en\/product\/deodorante-in-crema-100-naturale-agrumi\/","og_site_name":"EcoBiOlia","article_modified_time":"2026-03-29T19:19:34+00:00","og_image":[{"width":1600,"height":1423,"url":"https:\/\/ecobiolia.it\/wp-content\/uploads\/2024\/03\/Deodorante-in-Crema-100-Naturale-Agrumi.jpg","type":"image\/jpeg"}],"twitter_card":"summary_large_image","twitter_misc":{"Estimated reading time":"1 minute"},"schema":{"@context":"https:\/\/schema.org","@graph":[{"@type":"WebPage","@id":"https:\/\/ecobiolia.it\/prodotto\/deodorante-in-crema-100-naturale-agrumi\/","url":"https:\/\/ecobiolia.it\/prodotto\/deodorante-in-crema-100-naturale-agrumi\/","name":"Deodorante in Crema 100% Naturale - Agrumi - EcoBiOlia","isPartOf":{"@id":"https:\/\/ecobiolia.it\/it_it\/#website"},"primaryImageOfPage":{"@id":"https:\/\/ecobiolia.it\/prodotto\/deodorante-in-crema-100-naturale-agrumi\/#primaryimage"},"image":{"@id":"https:\/\/ecobiolia.it\/prodotto\/deodorante-in-crema-100-naturale-agrumi\/#primaryimage"},"thumbnailUrl":"https:\/\/ecobiolia.it\/wp-content\/uploads\/2024\/03\/Deodorante-in-Crema-100-Naturale-Agrumi.jpg","datePublished":"2024-03-22T08:30:08+00:00","dateModified":"2026-03-29T19:19:34+00:00","description":"Deodorante completamente naturale sotto forma di crema. Non irrita e non contiene sostanze sospette. Non blocca la sudorazione, ma la maschera molto bene.","breadcrumb":{"@id":"https:\/\/ecobiolia.it\/prodotto\/deodorante-in-crema-100-naturale-agrumi\/#breadcrumb"},"inLanguage":"en-GB","potentialAction":[{"@type":"ReadAction","target":["https:\/\/ecobiolia.it\/prodotto\/deodorante-in-crema-100-naturale-agrumi\/"]}]},{"@type":"ImageObject","inLanguage":"en-GB","@id":"https:\/\/ecobiolia.it\/prodotto\/deodorante-in-crema-100-naturale-agrumi\/#primaryimage","url":"https:\/\/ecobiolia.it\/wp-content\/uploads\/2024\/03\/Deodorante-in-Crema-100-Naturale-Agrumi.jpg","contentUrl":"https:\/\/ecobiolia.it\/wp-content\/uploads\/2024\/03\/Deodorante-in-Crema-100-Naturale-Agrumi.jpg","width":1600,"height":1423},{"@type":"BreadcrumbList","@id":"https:\/\/ecobiolia.it\/prodotto\/deodorante-in-crema-100-naturale-agrumi\/#breadcrumb","itemListElement":[{"@type":"ListItem","position":1,"name":"Home","item":"https:\/\/ecobiolia.it\/"},{"@type":"ListItem","position":2,"name":"Negozio","item":"https:\/\/ecobiolia.it\/negozio\/"},{"@type":"ListItem","position":3,"name":"Deodorante in Crema 100% Naturale &#8211; Agrumi"}]},{"@type":"WebSite","@id":"https:\/\/ecobiolia.it\/it_it\/#website","url":"https:\/\/ecobiolia.it\/it_it\/","name":"EcoBiOlia","description":"Negozio Ecologico per Bambini e Adulti","publisher":{"@id":"https:\/\/ecobiolia.it\/it_it\/#organization"},"potentialAction":[{"@type":"SearchAction","target":{"@type":"EntryPoint","urlTemplate":"https:\/\/ecobiolia.it\/it_it\/?s={search_term_string}"},"query-input":{"@type":"PropertyValueSpecification","valueRequired":true,"valueName":"search_term_string"}}],"inLanguage":"en-GB"},{"@type":"Organization","@id":"https:\/\/ecobiolia.it\/it_it\/#organization","name":"EcoBiOlia","url":"https:\/\/ecobiolia.it\/it_it\/","logo":{"@type":"ImageObject","inLanguage":"en-GB","@id":"https:\/\/ecobiolia.it\/it_it\/#\/schema\/logo\/image\/","url":"https:\/\/ecobiolia.it\/wp-content\/uploads\/2022\/04\/EcoBiOlia-Logo.png","contentUrl":"https:\/\/ecobiolia.it\/wp-content\/uploads\/2022\/04\/EcoBiOlia-Logo.png","width":1772,"height":944,"caption":"EcoBiOlia"},"image":{"@id":"https:\/\/ecobiolia.it\/it_it\/#\/schema\/logo\/image\/"}}]}},"jetpack-related-posts":[{"id":4421,"url":"https:\/\/ecobiolia.it\/en\/product\/olio-di-mandorle-dolci\/","url_meta":{"origin":6087,"position":0},"title":"Olio di Mandorle Dolci","author":"Olga","date":"30 September 2022","format":false,"excerpt":"Olio di mandorle dolci purificato sotto forma di materia prima cosmetica. La materia prima \u00e8 di altissima qualit\u00e0. Prodotto 100% naturale. \u00c8 fatto dai semi dei mandorli. Si presenta in una bella bottiglia di vetro scuro. L'olio di mandorle dolci contiene acido oleico, acido linoleico e vitamine B1, B2, B6,\u2026","rel":"","context":"Similar post","block_context":{"text":"Similar post","link":""},"img":{"alt_text":"","src":"https:\/\/i0.wp.com\/ecobiolia.it\/wp-content\/uploads\/2022\/09\/7550.jpg?resize=350%2C200&ssl=1","width":350,"height":200,"srcset":"https:\/\/i0.wp.com\/ecobiolia.it\/wp-content\/uploads\/2022\/09\/7550.jpg?resize=350%2C200&ssl=1 1x, https:\/\/i0.wp.com\/ecobiolia.it\/wp-content\/uploads\/2022\/09\/7550.jpg?resize=525%2C300&ssl=1 1.5x, https:\/\/i0.wp.com\/ecobiolia.it\/wp-content\/uploads\/2022\/09\/7550.jpg?resize=700%2C400&ssl=1 2x, https:\/\/i0.wp.com\/ecobiolia.it\/wp-content\/uploads\/2022\/09\/7550.jpg?resize=1050%2C600&ssl=1 3x, https:\/\/i0.wp.com\/ecobiolia.it\/wp-content\/uploads\/2022\/09\/7550.jpg?resize=1400%2C800&ssl=1 4x"},"classes":[]},{"id":6489,"url":"https:\/\/ecobiolia.it\/en\/product\/idrolato-di-neroli-tonico-naturale-per-pelle-sensibile\/","url_meta":{"origin":6087,"position":1},"title":"Idrolato di Neroli -Tonico Naturale per Pelle Sensibile","author":"Olga","date":"29 September 2025","format":false,"excerpt":"Pelle sensibile o irritata? L\u2019Idrolato di Neroli \u00e8 il tuo alleato naturale: lenisce rossori, riequilibra il pH e dona una fresca sensazione di benessere. Usalo come tonico, dopobarba o fissatore trucco per una pelle calma e luminosa ogni giorno. Vuoi scoprire tutti i benefici? Continua a leggere sotto!Provalo subito e\u2026","rel":"","context":"Similar post","block_context":{"text":"Similar post","link":""},"img":{"alt_text":"onico viso naturale Idrolato di Fiori di Neroli \u2013 bottiglia da 50ml","src":"https:\/\/i0.wp.com\/ecobiolia.it\/wp-content\/uploads\/2025\/09\/Idrolato-di-Fiori-di-Neroli-50-ml.jpg?resize=350%2C200&ssl=1","width":350,"height":200,"srcset":"https:\/\/i0.wp.com\/ecobiolia.it\/wp-content\/uploads\/2025\/09\/Idrolato-di-Fiori-di-Neroli-50-ml.jpg?resize=350%2C200&ssl=1 1x, https:\/\/i0.wp.com\/ecobiolia.it\/wp-content\/uploads\/2025\/09\/Idrolato-di-Fiori-di-Neroli-50-ml.jpg?resize=525%2C300&ssl=1 1.5x, https:\/\/i0.wp.com\/ecobiolia.it\/wp-content\/uploads\/2025\/09\/Idrolato-di-Fiori-di-Neroli-50-ml.jpg?resize=700%2C400&ssl=1 2x, https:\/\/i0.wp.com\/ecobiolia.it\/wp-content\/uploads\/2025\/09\/Idrolato-di-Fiori-di-Neroli-50-ml.jpg?resize=1050%2C600&ssl=1 3x, https:\/\/i0.wp.com\/ecobiolia.it\/wp-content\/uploads\/2025\/09\/Idrolato-di-Fiori-di-Neroli-50-ml.jpg?resize=1400%2C800&ssl=1 4x"},"classes":[]},{"id":4417,"url":"https:\/\/ecobiolia.it\/en\/product\/olio-detergente-viso-idrofilo-delicato\/","url_meta":{"origin":6087,"position":2},"title":"Olio Detergente Viso Idrofilo Delicato","author":"Olga","date":"30 September 2022","format":false,"excerpt":"Olio detergente viso idrofilo a base di oli naturali di nocciolo di albicocca, cotone, riso e olio di ricino con l'aggiunta di vitamina E. La composizione include un emulsionante. Grazie a ci\u00f2, l'olio si trasforma in emulsione a contatto con l'acqua e verr\u00e0 lavato via con i resti di trucco\u2026","rel":"","context":"Similar post","block_context":{"text":"Similar post","link":""},"img":{"alt_text":"","src":"https:\/\/i0.wp.com\/ecobiolia.it\/wp-content\/uploads\/2022\/09\/7672.jpg?resize=350%2C200&ssl=1","width":350,"height":200,"srcset":"https:\/\/i0.wp.com\/ecobiolia.it\/wp-content\/uploads\/2022\/09\/7672.jpg?resize=350%2C200&ssl=1 1x, https:\/\/i0.wp.com\/ecobiolia.it\/wp-content\/uploads\/2022\/09\/7672.jpg?resize=525%2C300&ssl=1 1.5x, https:\/\/i0.wp.com\/ecobiolia.it\/wp-content\/uploads\/2022\/09\/7672.jpg?resize=700%2C400&ssl=1 2x, https:\/\/i0.wp.com\/ecobiolia.it\/wp-content\/uploads\/2022\/09\/7672.jpg?resize=1050%2C600&ssl=1 3x, https:\/\/i0.wp.com\/ecobiolia.it\/wp-content\/uploads\/2022\/09\/7672.jpg?resize=1400%2C800&ssl=1 4x"},"classes":[]},{"id":5172,"url":"https:\/\/ecobiolia.it\/en\/product\/siero-naturale-per-sopracciglia-e-ciglia\/","url_meta":{"origin":6087,"position":3},"title":"Siero Naturale per Sopracciglia e Ciglia","author":"Olga","date":"2 March 2023","format":false,"excerpt":"Siero naturale per sopracciglia e ciglia che migliora la condizione di ciglia e sopracciglia. Nella composizione troverai solo ingredienti naturali noti per le loro forti propriet\u00e0 rinforzanti per i capelli, che ne influenzano l'elasticit\u00e0 e la crescita: olio di ricino, olio di argan, olio di cocco, olio di girasole, estratto\u2026","rel":"","context":"Similar post","block_context":{"text":"Similar post","link":""},"img":{"alt_text":"","src":"https:\/\/i0.wp.com\/ecobiolia.it\/wp-content\/uploads\/2023\/03\/Siero-per-sopracciglia-e-ciglia-equiseto.jpg?resize=350%2C200&ssl=1","width":350,"height":200,"srcset":"https:\/\/i0.wp.com\/ecobiolia.it\/wp-content\/uploads\/2023\/03\/Siero-per-sopracciglia-e-ciglia-equiseto.jpg?resize=350%2C200&ssl=1 1x, https:\/\/i0.wp.com\/ecobiolia.it\/wp-content\/uploads\/2023\/03\/Siero-per-sopracciglia-e-ciglia-equiseto.jpg?resize=525%2C300&ssl=1 1.5x, https:\/\/i0.wp.com\/ecobiolia.it\/wp-content\/uploads\/2023\/03\/Siero-per-sopracciglia-e-ciglia-equiseto.jpg?resize=700%2C400&ssl=1 2x, https:\/\/i0.wp.com\/ecobiolia.it\/wp-content\/uploads\/2023\/03\/Siero-per-sopracciglia-e-ciglia-equiseto.jpg?resize=1050%2C600&ssl=1 3x, https:\/\/i0.wp.com\/ecobiolia.it\/wp-content\/uploads\/2023\/03\/Siero-per-sopracciglia-e-ciglia-equiseto.jpg?resize=1400%2C800&ssl=1 4x"},"classes":[]},{"id":6068,"url":"https:\/\/ecobiolia.it\/en\/product\/unguento-naturale-contro-il-maltempo-con-timo-e-patchouli\/","url_meta":{"origin":6087,"position":4},"title":"Unguento Naturale Contro il Maltempo, con Timo e Patchouli","author":"Olga","date":"18 March 2024","format":false,"excerpt":"\u00a0 Unguento Naturale Contro il Maltempo, con Timo e Patchouli per massaggiare il petto, la schiena e i piedi funzioner\u00e0 bene quando il tempo \u00e8 brutto e sentiamo notizie di infezioni solo dai media e lasciamo gran parte del nostro budget in farmacia. Ha la forma di un balsamo denso\u2026","rel":"","context":"With 1 comment","block_context":{"text":"With 1 comment","link":"https:\/\/ecobiolia.it\/en\/product\/unguento-naturale-contro-il-maltempo-con-timo-e-patchouli\/#comments"},"img":{"alt_text":"","src":"https:\/\/i0.wp.com\/ecobiolia.it\/wp-content\/uploads\/2024\/03\/Unguento-Naturale-Contro-il-Maltempo-con-Timo-e-Patchouli.jpg?resize=350%2C200&ssl=1","width":350,"height":200,"srcset":"https:\/\/i0.wp.com\/ecobiolia.it\/wp-content\/uploads\/2024\/03\/Unguento-Naturale-Contro-il-Maltempo-con-Timo-e-Patchouli.jpg?resize=350%2C200&ssl=1 1x, https:\/\/i0.wp.com\/ecobiolia.it\/wp-content\/uploads\/2024\/03\/Unguento-Naturale-Contro-il-Maltempo-con-Timo-e-Patchouli.jpg?resize=525%2C300&ssl=1 1.5x, https:\/\/i0.wp.com\/ecobiolia.it\/wp-content\/uploads\/2024\/03\/Unguento-Naturale-Contro-il-Maltempo-con-Timo-e-Patchouli.jpg?resize=700%2C400&ssl=1 2x, https:\/\/i0.wp.com\/ecobiolia.it\/wp-content\/uploads\/2024\/03\/Unguento-Naturale-Contro-il-Maltempo-con-Timo-e-Patchouli.jpg?resize=1050%2C600&ssl=1 3x, https:\/\/i0.wp.com\/ecobiolia.it\/wp-content\/uploads\/2024\/03\/Unguento-Naturale-Contro-il-Maltempo-con-Timo-e-Patchouli.jpg?resize=1400%2C800&ssl=1 4x"},"classes":[]},{"id":4411,"url":"https:\/\/ecobiolia.it\/en\/product\/burro-nutriente-idratante-e-illuminante-per-corpo\/","url_meta":{"origin":6087,"position":5},"title":"Burro Nutriente, Idratante e Illuminante per Corpo","author":"Olga","date":"30 September 2022","format":false,"excerpt":"Gioioso Burro Nutriente, Idratante e Illuminante per Corpo \u00e8 un ottimo cosmetico che combina una forte cura della pelle con un miglioramento visivo immediato (colore e particelle dorate). A base di oli nutrienti di caff\u00e8 verde, fico d'India, mandorla e uva, burro di karit\u00e9 e oli di carota e olivello\u2026","rel":"","context":"Similar post","block_context":{"text":"Similar post","link":""},"img":{"alt_text":"","src":"https:\/\/i0.wp.com\/ecobiolia.it\/wp-content\/uploads\/2022\/08\/8507.jpg?resize=350%2C200&ssl=1","width":350,"height":200,"srcset":"https:\/\/i0.wp.com\/ecobiolia.it\/wp-content\/uploads\/2022\/08\/8507.jpg?resize=350%2C200&ssl=1 1x, https:\/\/i0.wp.com\/ecobiolia.it\/wp-content\/uploads\/2022\/08\/8507.jpg?resize=525%2C300&ssl=1 1.5x, https:\/\/i0.wp.com\/ecobiolia.it\/wp-content\/uploads\/2022\/08\/8507.jpg?resize=700%2C400&ssl=1 2x, https:\/\/i0.wp.com\/ecobiolia.it\/wp-content\/uploads\/2022\/08\/8507.jpg?resize=1050%2C600&ssl=1 3x, https:\/\/i0.wp.com\/ecobiolia.it\/wp-content\/uploads\/2022\/08\/8507.jpg?resize=1400%2C800&ssl=1 4x"},"classes":[]}],"jetpack_sharing_enabled":true,"_links":{"self":[{"href":"https:\/\/ecobiolia.it\/en\/wp-json\/wp\/v2\/product\/6087","targetHints":{"allow":["GET"]}}],"collection":[{"href":"https:\/\/ecobiolia.it\/en\/wp-json\/wp\/v2\/product"}],"about":[{"href":"https:\/\/ecobiolia.it\/en\/wp-json\/wp\/v2\/types\/product"}],"replies":[{"embeddable":true,"href":"https:\/\/ecobiolia.it\/en\/wp-json\/wp\/v2\/comments?post=6087"}],"version-history":[{"count":1,"href":"https:\/\/ecobiolia.it\/en\/wp-json\/wp\/v2\/product\/6087\/revisions"}],"predecessor-version":[{"id":6591,"href":"https:\/\/ecobiolia.it\/en\/wp-json\/wp\/v2\/product\/6087\/revisions\/6591"}],"wp:featuredmedia":[{"embeddable":true,"href":"https:\/\/ecobiolia.it\/en\/wp-json\/wp\/v2\/media\/6088"}],"wp:attachment":[{"href":"https:\/\/ecobiolia.it\/en\/wp-json\/wp\/v2\/media?parent=6087"}],"wp:term":[{"taxonomy":"product_brand","embeddable":true,"href":"https:\/\/ecobiolia.it\/en\/wp-json\/wp\/v2\/product_brand?post=6087"},{"taxonomy":"product_cat","embeddable":true,"href":"https:\/\/ecobiolia.it\/en\/wp-json\/wp\/v2\/product_cat?post=6087"},{"taxonomy":"product_tag","embeddable":true,"href":"https:\/\/ecobiolia.it\/en\/wp-json\/wp\/v2\/product_tag?post=6087"}],"curies":[{"name":"wp","href":"https:\/\/api.w.org\/{rel}","templated":true}]}}