{"id":5819,"date":"2023-09-11T12:45:18","date_gmt":"2023-09-11T12:45:18","guid":{"rendered":"https:\/\/ecobiolia.it\/?post_type=product&#038;p=5819"},"modified":"2025-07-23T12:35:10","modified_gmt":"2025-07-23T12:35:10","slug":"mutandine-da-apprendimento-impermeabili-in-pul-taglia-l","status":"publish","type":"product","link":"https:\/\/ecobiolia.it\/en\/product\/mutandine-da-apprendimento-impermeabili-in-pul-taglia-l\/","title":{"rendered":"Mutandine da Apprendimento Impermeabili in PUL &#8211; Taglia L"},"content":{"rendered":"<p>LA MUTANDINA DA APPRENDIMENTO \u00e8<b> IN PUL: <\/b>ci\u00f2 significa che la mutandina \u00e8 impermeabile, blocca l\u2019umidit\u00e0 all\u2019interno ma allo stesso tempo permette la pelle a traspirare.<\/p>\n<p>JERSEY ELASTICO IN VITA: la mutandina Bamboolik ha jersey elastico in vita, che permette di abbassare la mutandina e poi rimettere di nuovo la mutandina.<\/p>\n<p>CHIUSURA CON BOTTONCINI: permette di regolare la taglia e rende il cambiamento della mutandina pi\u00f9 facile senza togliere pantaloni o scarpe.<\/p>\n<p>LA TASCA CAPIENTE PER INSERTI ASSORBENTI: la mutandina ha la tasca dove \u00e8 possibile inserire QUALSIASI\u00a0 inserti seconda l&#8217;assorbenza necessaria. La tasca \u00e8 capiente \u00e8 permette di inserire inserti anche per\u00a0 la notte.\u00a0 La possibilit\u00e0 di cambiare solo inserti aiuta a risparmiare il tempo e denaro.<\/p>\n<p>BARRIERA ELASTICA: La barriera protegge dalle fuoriuscite.<\/p>\n<p>TRE TAGLIE: mutandine di apprendimento da 1 (8 kg) fino a 6 (25 kg) anni circa. Ogni taglia pu\u00f2 essere \u201cagganciata\u201d in tre diverse taglie secondarie. Vedi la tabella delle taglie e scegli la taglia adatta al tuo bambino.<\/p>\n<p><img fetchpriority=\"high\" decoding=\"async\" class=\"alignnone wp-image-1767\" src=\"https:\/\/ecobiolia.it\/wp-content\/uploads\/2022\/02\/EN_measurement_TK-300x137.png\" alt=\"\" width=\"534\" height=\"244\" srcset=\"https:\/\/ecobiolia.it\/wp-content\/uploads\/2022\/02\/EN_measurement_TK-300x137.png 300w, https:\/\/ecobiolia.it\/wp-content\/uploads\/2022\/02\/EN_measurement_TK-600x275.png 600w, https:\/\/ecobiolia.it\/wp-content\/uploads\/2022\/02\/EN_measurement_TK-768x352.png 768w, https:\/\/ecobiolia.it\/wp-content\/uploads\/2022\/02\/EN_measurement_TK-18x8.png 18w, https:\/\/ecobiolia.it\/wp-content\/uploads\/2022\/02\/EN_measurement_TK.png 808w\" sizes=\"(max-width: 534px) 100vw, 534px\" \/><\/p>\n<p>&nbsp;<\/p>\n<table style=\"height: 229px;\" border=\"1\" width=\"533\" cellspacing=\"0\" cellpadding=\"0\">\n<tbody>\n<tr>\n<td>\n<p align=\"center\"><strong>Taglia<\/strong><\/p>\n<\/td>\n<td style=\"text-align: center;\"><strong><span class=\"VIiyi\" lang=\"it\"><span class=\"JLqJ4b ChMk0b\" data-language-for-alternatives=\"it\" data-language-to-translate-into=\"en\" data-phrase-index=\"0\" data-number-of-phrases=\"3\">Vita in cm<\/span> <span class=\"JLqJ4b ChMk0b\" data-language-for-alternatives=\"it\" data-language-to-translate-into=\"en\" data-phrase-index=\"2\" data-number-of-phrases=\"3\">(non allungata)<\/span><\/span> <\/strong><\/td>\n<td>\n<p align=\"center\"><strong><span class=\"VIiyi\" lang=\"it\"><span class=\"JLqJ4b ChMk0b\" data-language-for-alternatives=\"it\" data-language-to-translate-into=\"en\" data-phrase-index=\"0\" data-number-of-phrases=\"1\">Altezza <\/span><\/span><\/strong><strong><span class=\"VIiyi\" lang=\"it\"><span class=\"JLqJ4b ChMk0b\" data-language-for-alternatives=\"it\" data-language-to-translate-into=\"en\" data-phrase-index=\"0\" data-number-of-phrases=\"1\">in cm (non allungato)<\/span><\/span> <\/strong><\/p>\n<\/td>\n<\/tr>\n<tr>\n<td>\n<p align=\"center\">M<\/p>\n<\/td>\n<td>\n<p align=\"center\">36-46<\/p>\n<\/td>\n<td>\n<p align=\"center\">19<\/p>\n<\/td>\n<\/tr>\n<tr>\n<td>\n<p align=\"center\">L<\/p>\n<\/td>\n<td>\n<p align=\"center\">39-49<\/p>\n<\/td>\n<td>\n<p align=\"center\">20,5<\/p>\n<\/td>\n<\/tr>\n<tr>\n<td>\n<p align=\"center\">XL<\/p>\n<\/td>\n<td>\n<p align=\"center\">42-52<\/p>\n<\/td>\n<td>\n<p align=\"center\">23<\/p>\n<\/td>\n<\/tr>\n<\/tbody>\n<\/table>","protected":false},"excerpt":{"rendered":"<p>Mutandine da Apprendimento Impermeabili in PUL impermeabile ma trasparente e\u00a0 jersey elastico in vita sono versatili, compatibili con qualsiasi tipo di inserto, pratiche e comodi. Il Jersey Elastico permette ai bambini di sentirsi grandi e abbassare da solo la mutandina. La possibilit\u00e0 di cambiare solo inserti e non tutta la mutandina rende il cambiamento facile. La chiusura con bottoncini adatta la taglia al bambino e in caso di \u201cincidente\u201d permette di aprire la mutandina.<\/p>","protected":false},"featured_media":1266,"comment_status":"open","ping_status":"closed","template":"","meta":[],"product_brand":[],"product_cat":[51,326,44],"product_tag":[],"class_list":{"0":"post-5819","1":"product","2":"type-product","3":"status-publish","4":"has-post-thumbnail","6":"product_cat-mutandine-da-apprendimento","7":"product_cat-mutandine-di-apprendimento","8":"product_cat-prodotti-per-infanzia","10":"first","11":"instock","12":"taxable","13":"shipping-taxable","14":"purchasable","15":"product-type-variable"},"yoast_head":"<!-- This site is optimized with the Yoast SEO plugin v27.3 - https:\/\/yoast.com\/product\/yoast-seo-wordpress\/ -->\n<title>Mutandine da Apprendimento Impermeabili in PUL - Taglia L - EcoBiOlia<\/title>\n<meta name=\"description\" content=\"Mutandine da Apprendimento Impermeabili in PUL e jersey elastico in vita sono versatili, compatibili, pratiche e comodi.\" \/>\n<meta name=\"robots\" content=\"index, follow, max-snippet:-1, max-image-preview:large, max-video-preview:-1\" \/>\n<link rel=\"canonical\" href=\"https:\/\/ecobiolia.it\/en\/product\/mutandine-da-apprendimento-impermeabili-in-pul-taglia-l\/\" \/>\n<meta property=\"og:locale\" content=\"en_GB\" \/>\n<meta property=\"og:type\" content=\"article\" \/>\n<meta property=\"og:title\" content=\"Mutandine da Apprendimento Impermeabili in PUL - Taglia L - EcoBiOlia\" \/>\n<meta property=\"og:description\" content=\"Mutandine da Apprendimento Impermeabili in PUL e jersey elastico in vita sono versatili, compatibili, pratiche e comodi.\" \/>\n<meta property=\"og:url\" content=\"https:\/\/ecobiolia.it\/en\/product\/mutandine-da-apprendimento-impermeabili-in-pul-taglia-l\/\" \/>\n<meta property=\"og:site_name\" content=\"EcoBiOlia\" \/>\n<meta property=\"article:modified_time\" content=\"2025-07-23T12:35:10+00:00\" \/>\n<meta property=\"og:image\" content=\"https:\/\/ecobiolia.it\/wp-content\/uploads\/2022\/02\/Bamboolik-Mutandina-da-Apprendimento-Otters-in-Love.jpg\" \/>\n\t<meta property=\"og:image:width\" content=\"1622\" \/>\n\t<meta property=\"og:image:height\" content=\"1082\" \/>\n\t<meta property=\"og:image:type\" content=\"image\/jpeg\" \/>\n<meta name=\"twitter:card\" content=\"summary_large_image\" \/>\n<meta name=\"twitter:label1\" content=\"Estimated reading time\" \/>\n\t<meta name=\"twitter:data1\" content=\"2 minutes\" \/>\n<script type=\"application\/ld+json\" class=\"yoast-schema-graph\">{\"@context\":\"https:\\\/\\\/schema.org\",\"@graph\":[{\"@type\":\"WebPage\",\"@id\":\"https:\\\/\\\/ecobiolia.it\\\/prodotto\\\/mutandine-da-apprendimento-impermeabili-in-pul-taglia-l\\\/\",\"url\":\"https:\\\/\\\/ecobiolia.it\\\/prodotto\\\/mutandine-da-apprendimento-impermeabili-in-pul-taglia-l\\\/\",\"name\":\"Mutandine da Apprendimento Impermeabili in PUL - Taglia L - EcoBiOlia\",\"isPartOf\":{\"@id\":\"https:\\\/\\\/ecobiolia.it\\\/it_it\\\/#website\"},\"primaryImageOfPage\":{\"@id\":\"https:\\\/\\\/ecobiolia.it\\\/prodotto\\\/mutandine-da-apprendimento-impermeabili-in-pul-taglia-l\\\/#primaryimage\"},\"image\":{\"@id\":\"https:\\\/\\\/ecobiolia.it\\\/prodotto\\\/mutandine-da-apprendimento-impermeabili-in-pul-taglia-l\\\/#primaryimage\"},\"thumbnailUrl\":\"https:\\\/\\\/ecobiolia.it\\\/wp-content\\\/uploads\\\/2022\\\/02\\\/Bamboolik-Mutandina-da-Apprendimento-Otters-in-Love.jpg\",\"datePublished\":\"2023-09-11T12:45:18+00:00\",\"dateModified\":\"2025-07-23T12:35:10+00:00\",\"description\":\"Mutandine da Apprendimento Impermeabili in PUL e jersey elastico in vita sono versatili, compatibili, pratiche e comodi.\",\"breadcrumb\":{\"@id\":\"https:\\\/\\\/ecobiolia.it\\\/prodotto\\\/mutandine-da-apprendimento-impermeabili-in-pul-taglia-l\\\/#breadcrumb\"},\"inLanguage\":\"en-GB\",\"potentialAction\":[{\"@type\":\"ReadAction\",\"target\":[\"https:\\\/\\\/ecobiolia.it\\\/prodotto\\\/mutandine-da-apprendimento-impermeabili-in-pul-taglia-l\\\/\"]}]},{\"@type\":\"ImageObject\",\"inLanguage\":\"en-GB\",\"@id\":\"https:\\\/\\\/ecobiolia.it\\\/prodotto\\\/mutandine-da-apprendimento-impermeabili-in-pul-taglia-l\\\/#primaryimage\",\"url\":\"https:\\\/\\\/ecobiolia.it\\\/wp-content\\\/uploads\\\/2022\\\/02\\\/Bamboolik-Mutandina-da-Apprendimento-Otters-in-Love.jpg\",\"contentUrl\":\"https:\\\/\\\/ecobiolia.it\\\/wp-content\\\/uploads\\\/2022\\\/02\\\/Bamboolik-Mutandina-da-Apprendimento-Otters-in-Love.jpg\",\"width\":1622,\"height\":1082},{\"@type\":\"BreadcrumbList\",\"@id\":\"https:\\\/\\\/ecobiolia.it\\\/prodotto\\\/mutandine-da-apprendimento-impermeabili-in-pul-taglia-l\\\/#breadcrumb\",\"itemListElement\":[{\"@type\":\"ListItem\",\"position\":1,\"name\":\"Home\",\"item\":\"https:\\\/\\\/ecobiolia.it\\\/\"},{\"@type\":\"ListItem\",\"position\":2,\"name\":\"Negozio\",\"item\":\"https:\\\/\\\/ecobiolia.it\\\/negozio\\\/\"},{\"@type\":\"ListItem\",\"position\":3,\"name\":\"Mutandine da Apprendimento Impermeabili in PUL &#8211; Taglia L\"}]},{\"@type\":\"WebSite\",\"@id\":\"https:\\\/\\\/ecobiolia.it\\\/it_it\\\/#website\",\"url\":\"https:\\\/\\\/ecobiolia.it\\\/it_it\\\/\",\"name\":\"EcoBiOlia\",\"description\":\"Negozio Ecologico per Bambini e Adulti\",\"publisher\":{\"@id\":\"https:\\\/\\\/ecobiolia.it\\\/it_it\\\/#organization\"},\"potentialAction\":[{\"@type\":\"SearchAction\",\"target\":{\"@type\":\"EntryPoint\",\"urlTemplate\":\"https:\\\/\\\/ecobiolia.it\\\/it_it\\\/?s={search_term_string}\"},\"query-input\":{\"@type\":\"PropertyValueSpecification\",\"valueRequired\":true,\"valueName\":\"search_term_string\"}}],\"inLanguage\":\"en-GB\"},{\"@type\":\"Organization\",\"@id\":\"https:\\\/\\\/ecobiolia.it\\\/it_it\\\/#organization\",\"name\":\"EcoBiOlia\",\"url\":\"https:\\\/\\\/ecobiolia.it\\\/it_it\\\/\",\"logo\":{\"@type\":\"ImageObject\",\"inLanguage\":\"en-GB\",\"@id\":\"https:\\\/\\\/ecobiolia.it\\\/it_it\\\/#\\\/schema\\\/logo\\\/image\\\/\",\"url\":\"https:\\\/\\\/ecobiolia.it\\\/wp-content\\\/uploads\\\/2022\\\/04\\\/EcoBiOlia-Logo.png\",\"contentUrl\":\"https:\\\/\\\/ecobiolia.it\\\/wp-content\\\/uploads\\\/2022\\\/04\\\/EcoBiOlia-Logo.png\",\"width\":1772,\"height\":944,\"caption\":\"EcoBiOlia\"},\"image\":{\"@id\":\"https:\\\/\\\/ecobiolia.it\\\/it_it\\\/#\\\/schema\\\/logo\\\/image\\\/\"}}]}<\/script>\n<!-- \/ Yoast SEO plugin. -->","yoast_head_json":{"title":"Mutandine da Apprendimento Impermeabili in PUL - Taglia L - EcoBiOlia","description":"Mutandine da Apprendimento Impermeabili in PUL e jersey elastico in vita sono versatili, compatibili, pratiche e comodi.","robots":{"index":"index","follow":"follow","max-snippet":"max-snippet:-1","max-image-preview":"max-image-preview:large","max-video-preview":"max-video-preview:-1"},"canonical":"https:\/\/ecobiolia.it\/en\/product\/mutandine-da-apprendimento-impermeabili-in-pul-taglia-l\/","og_locale":"en_GB","og_type":"article","og_title":"Mutandine da Apprendimento Impermeabili in PUL - Taglia L - EcoBiOlia","og_description":"Mutandine da Apprendimento Impermeabili in PUL e jersey elastico in vita sono versatili, compatibili, pratiche e comodi.","og_url":"https:\/\/ecobiolia.it\/en\/product\/mutandine-da-apprendimento-impermeabili-in-pul-taglia-l\/","og_site_name":"EcoBiOlia","article_modified_time":"2025-07-23T12:35:10+00:00","og_image":[{"width":1622,"height":1082,"url":"https:\/\/ecobiolia.it\/wp-content\/uploads\/2022\/02\/Bamboolik-Mutandina-da-Apprendimento-Otters-in-Love.jpg","type":"image\/jpeg"}],"twitter_card":"summary_large_image","twitter_misc":{"Estimated reading time":"2 minutes"},"schema":{"@context":"https:\/\/schema.org","@graph":[{"@type":"WebPage","@id":"https:\/\/ecobiolia.it\/prodotto\/mutandine-da-apprendimento-impermeabili-in-pul-taglia-l\/","url":"https:\/\/ecobiolia.it\/prodotto\/mutandine-da-apprendimento-impermeabili-in-pul-taglia-l\/","name":"Mutandine da Apprendimento Impermeabili in PUL - Taglia L - EcoBiOlia","isPartOf":{"@id":"https:\/\/ecobiolia.it\/it_it\/#website"},"primaryImageOfPage":{"@id":"https:\/\/ecobiolia.it\/prodotto\/mutandine-da-apprendimento-impermeabili-in-pul-taglia-l\/#primaryimage"},"image":{"@id":"https:\/\/ecobiolia.it\/prodotto\/mutandine-da-apprendimento-impermeabili-in-pul-taglia-l\/#primaryimage"},"thumbnailUrl":"https:\/\/ecobiolia.it\/wp-content\/uploads\/2022\/02\/Bamboolik-Mutandina-da-Apprendimento-Otters-in-Love.jpg","datePublished":"2023-09-11T12:45:18+00:00","dateModified":"2025-07-23T12:35:10+00:00","description":"Mutandine da Apprendimento Impermeabili in PUL e jersey elastico in vita sono versatili, compatibili, pratiche e comodi.","breadcrumb":{"@id":"https:\/\/ecobiolia.it\/prodotto\/mutandine-da-apprendimento-impermeabili-in-pul-taglia-l\/#breadcrumb"},"inLanguage":"en-GB","potentialAction":[{"@type":"ReadAction","target":["https:\/\/ecobiolia.it\/prodotto\/mutandine-da-apprendimento-impermeabili-in-pul-taglia-l\/"]}]},{"@type":"ImageObject","inLanguage":"en-GB","@id":"https:\/\/ecobiolia.it\/prodotto\/mutandine-da-apprendimento-impermeabili-in-pul-taglia-l\/#primaryimage","url":"https:\/\/ecobiolia.it\/wp-content\/uploads\/2022\/02\/Bamboolik-Mutandina-da-Apprendimento-Otters-in-Love.jpg","contentUrl":"https:\/\/ecobiolia.it\/wp-content\/uploads\/2022\/02\/Bamboolik-Mutandina-da-Apprendimento-Otters-in-Love.jpg","width":1622,"height":1082},{"@type":"BreadcrumbList","@id":"https:\/\/ecobiolia.it\/prodotto\/mutandine-da-apprendimento-impermeabili-in-pul-taglia-l\/#breadcrumb","itemListElement":[{"@type":"ListItem","position":1,"name":"Home","item":"https:\/\/ecobiolia.it\/"},{"@type":"ListItem","position":2,"name":"Negozio","item":"https:\/\/ecobiolia.it\/negozio\/"},{"@type":"ListItem","position":3,"name":"Mutandine da Apprendimento Impermeabili in PUL &#8211; Taglia L"}]},{"@type":"WebSite","@id":"https:\/\/ecobiolia.it\/it_it\/#website","url":"https:\/\/ecobiolia.it\/it_it\/","name":"EcoBiOlia","description":"Negozio Ecologico per Bambini e Adulti","publisher":{"@id":"https:\/\/ecobiolia.it\/it_it\/#organization"},"potentialAction":[{"@type":"SearchAction","target":{"@type":"EntryPoint","urlTemplate":"https:\/\/ecobiolia.it\/it_it\/?s={search_term_string}"},"query-input":{"@type":"PropertyValueSpecification","valueRequired":true,"valueName":"search_term_string"}}],"inLanguage":"en-GB"},{"@type":"Organization","@id":"https:\/\/ecobiolia.it\/it_it\/#organization","name":"EcoBiOlia","url":"https:\/\/ecobiolia.it\/it_it\/","logo":{"@type":"ImageObject","inLanguage":"en-GB","@id":"https:\/\/ecobiolia.it\/it_it\/#\/schema\/logo\/image\/","url":"https:\/\/ecobiolia.it\/wp-content\/uploads\/2022\/04\/EcoBiOlia-Logo.png","contentUrl":"https:\/\/ecobiolia.it\/wp-content\/uploads\/2022\/04\/EcoBiOlia-Logo.png","width":1772,"height":944,"caption":"EcoBiOlia"},"image":{"@id":"https:\/\/ecobiolia.it\/it_it\/#\/schema\/logo\/image\/"}}]}},"jetpack-related-posts":[{"id":5812,"url":"https:\/\/ecobiolia.it\/en\/product\/mutandine-da-apprendimento-impermeabili-in-pul-taglia-m\/","url_meta":{"origin":5819,"position":0},"title":"Mutandine da Apprendimento Impermeabili in PUL &#8211; Taglia M","author":"Olga","date":"11 September 2023","format":false,"excerpt":"Mutandine da Apprendimento Impermeabili in PUL impermeabile ma trasparente e\u00a0 jersey elastico in vita sono versatili, compatibili con qualsiasi tipo di inserto, pratiche e comodi. Il Jersey Elastico permette ai bambini di sentirsi grandi e abbassare da solo la mutandina. La possibilit\u00e0 di cambiare solo inserti e non tutta la\u2026","rel":"","context":"Similar post","block_context":{"text":"Similar post","link":""},"img":{"alt_text":"","src":"https:\/\/i0.wp.com\/ecobiolia.it\/wp-content\/uploads\/2022\/05\/Bamboolik-Mutandina-da-Apprendimento-Foresta.jpg?resize=350%2C200&ssl=1","width":350,"height":200,"srcset":"https:\/\/i0.wp.com\/ecobiolia.it\/wp-content\/uploads\/2022\/05\/Bamboolik-Mutandina-da-Apprendimento-Foresta.jpg?resize=350%2C200&ssl=1 1x, https:\/\/i0.wp.com\/ecobiolia.it\/wp-content\/uploads\/2022\/05\/Bamboolik-Mutandina-da-Apprendimento-Foresta.jpg?resize=525%2C300&ssl=1 1.5x, https:\/\/i0.wp.com\/ecobiolia.it\/wp-content\/uploads\/2022\/05\/Bamboolik-Mutandina-da-Apprendimento-Foresta.jpg?resize=700%2C400&ssl=1 2x, https:\/\/i0.wp.com\/ecobiolia.it\/wp-content\/uploads\/2022\/05\/Bamboolik-Mutandina-da-Apprendimento-Foresta.jpg?resize=1050%2C600&ssl=1 3x, https:\/\/i0.wp.com\/ecobiolia.it\/wp-content\/uploads\/2022\/05\/Bamboolik-Mutandina-da-Apprendimento-Foresta.jpg?resize=1400%2C800&ssl=1 4x"},"classes":[]},{"id":718,"url":"https:\/\/ecobiolia.it\/en\/product\/bamboolik-pannolini-fitted-pocket-lavabili-con-inserto-cucito\/","url_meta":{"origin":5819,"position":1},"title":"Bamboolik &#8211; Pannolini Fitted Pocket Lavabili con Inserto Cucito","author":"Olga","date":"7 November 2021","format":false,"excerpt":"Pannolini ecologici aderenti di Bamboolik possono permettere al tuo bambino di rimanere asciutto tutta la notte anche con pannolino bagnato. La mutandina esterna dei pannolini fitted \u00e8 in materiale morbido e soffice. Morbidi elastici sulle gambe impediscono fuoriuscite e riducono al minimo segnetti. Pannolini ecologici sono creati con materiali certificati\u2026","rel":"","context":"With 1 comment","block_context":{"text":"With 1 comment","link":"https:\/\/ecobiolia.it\/en\/product\/bamboolik-pannolini-fitted-pocket-lavabili-con-inserto-cucito\/#comments"},"img":{"alt_text":"","src":"https:\/\/i0.wp.com\/ecobiolia.it\/wp-content\/uploads\/2021\/11\/fitted3-1.png?resize=350%2C200&ssl=1","width":350,"height":200,"srcset":"https:\/\/i0.wp.com\/ecobiolia.it\/wp-content\/uploads\/2021\/11\/fitted3-1.png?resize=350%2C200&ssl=1 1x, https:\/\/i0.wp.com\/ecobiolia.it\/wp-content\/uploads\/2021\/11\/fitted3-1.png?resize=525%2C300&ssl=1 1.5x, https:\/\/i0.wp.com\/ecobiolia.it\/wp-content\/uploads\/2021\/11\/fitted3-1.png?resize=700%2C400&ssl=1 2x, https:\/\/i0.wp.com\/ecobiolia.it\/wp-content\/uploads\/2021\/11\/fitted3-1.png?resize=1050%2C600&ssl=1 3x, https:\/\/i0.wp.com\/ecobiolia.it\/wp-content\/uploads\/2021\/11\/fitted3-1.png?resize=1400%2C800&ssl=1 4x"},"classes":[]},{"id":1105,"url":"https:\/\/ecobiolia.it\/en\/product\/bamboolik-cover-copripannolino-impermeabile-lavabile\/","url_meta":{"origin":5819,"position":2},"title":"Bamboolik - Nappy Cover Washable and Waterproof.","author":"Olga","date":"8 February 2022","format":false,"excerpt":"Cover Copripannolino Impermeabile Lavabile \u2014 strato impermeabile per pannolini di stoffa che trattiene i liquidi in modo sicuro. Chiusura con Bottoncini e a Strappo.","rel":"","context":"Similar post","block_context":{"text":"Similar post","link":""},"img":{"alt_text":"","src":"https:\/\/i0.wp.com\/ecobiolia.it\/wp-content\/uploads\/2022\/02\/Bamboolik-Cover-Strappo-Bottoni.jpg?resize=350%2C200&ssl=1","width":350,"height":200,"srcset":"https:\/\/i0.wp.com\/ecobiolia.it\/wp-content\/uploads\/2022\/02\/Bamboolik-Cover-Strappo-Bottoni.jpg?resize=350%2C200&ssl=1 1x, https:\/\/i0.wp.com\/ecobiolia.it\/wp-content\/uploads\/2022\/02\/Bamboolik-Cover-Strappo-Bottoni.jpg?resize=525%2C300&ssl=1 1.5x, https:\/\/i0.wp.com\/ecobiolia.it\/wp-content\/uploads\/2022\/02\/Bamboolik-Cover-Strappo-Bottoni.jpg?resize=700%2C400&ssl=1 2x, https:\/\/i0.wp.com\/ecobiolia.it\/wp-content\/uploads\/2022\/02\/Bamboolik-Cover-Strappo-Bottoni.jpg?resize=1050%2C600&ssl=1 3x, https:\/\/i0.wp.com\/ecobiolia.it\/wp-content\/uploads\/2022\/02\/Bamboolik-Cover-Strappo-Bottoni.jpg?resize=1400%2C800&ssl=1 4x"},"classes":[]},{"id":647,"url":"https:\/\/ecobiolia.it\/en\/product\/bamboolik-pannolini-lavabili-pocket-bambu-con-inserto\/","url_meta":{"origin":5819,"position":3},"title":"Pannolini Lavabili Pocket Bamb\u00f9 con Inserto","author":"Olga","date":"6 November 2021","format":false,"excerpt":"Pannolino Riutilizzabile Pocket Bamboo \u00e8 un pannolino superiore della linea pocket. Il pannolino Bamboolik \u00e8 creato per garantire la protezione delle fuoriuscite: due barriere, due canali e una tasca capiente per avere un pannolino di assorbenza giusta. In aggiunta il pannolino \u00e8 facile da usare, morbido al tatto, regolabile e\u2026","rel":"","context":"With 1 comment","block_context":{"text":"With 1 comment","link":"https:\/\/ecobiolia.it\/en\/product\/bamboolik-pannolini-lavabili-pocket-bambu-con-inserto\/#comments"},"img":{"alt_text":"","src":"https:\/\/i0.wp.com\/ecobiolia.it\/wp-content\/uploads\/2021\/11\/00010076-scaled.jpg?resize=350%2C200&ssl=1","width":350,"height":200,"srcset":"https:\/\/i0.wp.com\/ecobiolia.it\/wp-content\/uploads\/2021\/11\/00010076-scaled.jpg?resize=350%2C200&ssl=1 1x, https:\/\/i0.wp.com\/ecobiolia.it\/wp-content\/uploads\/2021\/11\/00010076-scaled.jpg?resize=525%2C300&ssl=1 1.5x, https:\/\/i0.wp.com\/ecobiolia.it\/wp-content\/uploads\/2021\/11\/00010076-scaled.jpg?resize=700%2C400&ssl=1 2x, https:\/\/i0.wp.com\/ecobiolia.it\/wp-content\/uploads\/2021\/11\/00010076-scaled.jpg?resize=1050%2C600&ssl=1 3x, https:\/\/i0.wp.com\/ecobiolia.it\/wp-content\/uploads\/2021\/11\/00010076-scaled.jpg?resize=1400%2C800&ssl=1 4x"},"classes":[]},{"id":1275,"url":"https:\/\/ecobiolia.it\/en\/product\/bamboolik-linserto-pannolino-bamboo-pocket-sagomato\/","url_meta":{"origin":5819,"position":4},"title":"Bamboolik - Bamboo Pocket Diaper Insert. Set of Three.","author":"Olga","date":"25 February 2022","format":false,"excerpt":"L\u2019Inserto Bamboo Pocket Sagomato \u00e8 lo strato assorbente essenziale per copripannolini Bamboolik sia copripannolino MiniMimi per neonati (3-6 kg), che copripannolino DUO (4-15kg) \u00a0e pu\u00f2 accompagnare il bambino dalla nascita fino al vasino. Va inserito nel copripannolino da solo o con un inserto corto \/ lungo per aumentare l'assorbenza.","rel":"","context":"Similar post","block_context":{"text":"Similar post","link":""},"img":{"alt_text":"","src":"https:\/\/i0.wp.com\/ecobiolia.it\/wp-content\/uploads\/2022\/02\/Bamboolik-Inserto-Sagomato.jpg?resize=350%2C200&ssl=1","width":350,"height":200,"srcset":"https:\/\/i0.wp.com\/ecobiolia.it\/wp-content\/uploads\/2022\/02\/Bamboolik-Inserto-Sagomato.jpg?resize=350%2C200&ssl=1 1x, https:\/\/i0.wp.com\/ecobiolia.it\/wp-content\/uploads\/2022\/02\/Bamboolik-Inserto-Sagomato.jpg?resize=525%2C300&ssl=1 1.5x, https:\/\/i0.wp.com\/ecobiolia.it\/wp-content\/uploads\/2022\/02\/Bamboolik-Inserto-Sagomato.jpg?resize=700%2C400&ssl=1 2x, https:\/\/i0.wp.com\/ecobiolia.it\/wp-content\/uploads\/2022\/02\/Bamboolik-Inserto-Sagomato.jpg?resize=1050%2C600&ssl=1 3x, https:\/\/i0.wp.com\/ecobiolia.it\/wp-content\/uploads\/2022\/02\/Bamboolik-Inserto-Sagomato.jpg?resize=1400%2C800&ssl=1 4x"},"classes":[]},{"id":1287,"url":"https:\/\/ecobiolia.it\/en\/product\/bamboolik-linserto-pannolino-bamboo-lungo-set-di-tre\/","url_meta":{"origin":5819,"position":5},"title":"L\u2019Inserto Pannolino Bamboo Lungo. Set di Tre.","author":"Olga","date":"26 February 2022","format":false,"excerpt":"L\u2019inserto lungo bamboo \u00e8 lo strato assorbente aggiuntivo per aumentare l'assorbenza ovunque ne hai bisogno. Da mettere nella tasca di un assorbente sagomato DUO, in un pannolino tascabile o nel pannolino lavabile pocket fitted night.","rel":"","context":"Similar post","block_context":{"text":"Similar post","link":""},"img":{"alt_text":"","src":"https:\/\/i0.wp.com\/ecobiolia.it\/wp-content\/uploads\/2022\/02\/Bamboolik-Inserto-Aggiuntivo-Lungo.jpg?resize=350%2C200&ssl=1","width":350,"height":200,"srcset":"https:\/\/i0.wp.com\/ecobiolia.it\/wp-content\/uploads\/2022\/02\/Bamboolik-Inserto-Aggiuntivo-Lungo.jpg?resize=350%2C200&ssl=1 1x, https:\/\/i0.wp.com\/ecobiolia.it\/wp-content\/uploads\/2022\/02\/Bamboolik-Inserto-Aggiuntivo-Lungo.jpg?resize=525%2C300&ssl=1 1.5x, https:\/\/i0.wp.com\/ecobiolia.it\/wp-content\/uploads\/2022\/02\/Bamboolik-Inserto-Aggiuntivo-Lungo.jpg?resize=700%2C400&ssl=1 2x, https:\/\/i0.wp.com\/ecobiolia.it\/wp-content\/uploads\/2022\/02\/Bamboolik-Inserto-Aggiuntivo-Lungo.jpg?resize=1050%2C600&ssl=1 3x, https:\/\/i0.wp.com\/ecobiolia.it\/wp-content\/uploads\/2022\/02\/Bamboolik-Inserto-Aggiuntivo-Lungo.jpg?resize=1400%2C800&ssl=1 4x"},"classes":[]}],"jetpack_sharing_enabled":true,"_links":{"self":[{"href":"https:\/\/ecobiolia.it\/en\/wp-json\/wp\/v2\/product\/5819","targetHints":{"allow":["GET"]}}],"collection":[{"href":"https:\/\/ecobiolia.it\/en\/wp-json\/wp\/v2\/product"}],"about":[{"href":"https:\/\/ecobiolia.it\/en\/wp-json\/wp\/v2\/types\/product"}],"replies":[{"embeddable":true,"href":"https:\/\/ecobiolia.it\/en\/wp-json\/wp\/v2\/comments?post=5819"}],"version-history":[{"count":1,"href":"https:\/\/ecobiolia.it\/en\/wp-json\/wp\/v2\/product\/5819\/revisions"}],"predecessor-version":[{"id":6386,"href":"https:\/\/ecobiolia.it\/en\/wp-json\/wp\/v2\/product\/5819\/revisions\/6386"}],"wp:featuredmedia":[{"embeddable":true,"href":"https:\/\/ecobiolia.it\/en\/wp-json\/wp\/v2\/media\/1266"}],"wp:attachment":[{"href":"https:\/\/ecobiolia.it\/en\/wp-json\/wp\/v2\/media?parent=5819"}],"wp:term":[{"taxonomy":"product_brand","embeddable":true,"href":"https:\/\/ecobiolia.it\/en\/wp-json\/wp\/v2\/product_brand?post=5819"},{"taxonomy":"product_cat","embeddable":true,"href":"https:\/\/ecobiolia.it\/en\/wp-json\/wp\/v2\/product_cat?post=5819"},{"taxonomy":"product_tag","embeddable":true,"href":"https:\/\/ecobiolia.it\/en\/wp-json\/wp\/v2\/product_tag?post=5819"}],"curies":[{"name":"wp","href":"https:\/\/api.w.org\/{rel}","templated":true}]}}