{"id":5114,"date":"2023-03-02T07:52:42","date_gmt":"2023-03-02T07:52:42","guid":{"rendered":"https:\/\/ecobiolia.it\/?post_type=product&#038;p=5114"},"modified":"2026-03-30T18:24:06","modified_gmt":"2026-03-30T18:24:06","slug":"riduttore-nido-per-culla-lettino","status":"publish","type":"product","link":"https:\/\/ecobiolia.it\/en\/product\/riduttore-nido-per-culla-lettino\/","title":{"rendered":"Riduttore Nido per Culla Lettino"},"content":{"rendered":"<div class=\"product-single__description rte\">\n<p><span class=\"HwtZe\" lang=\"it\"><span class=\"jCAhz ChMk0b\"><span class=\"ryNqvb\">Dimensioni del Riduttore Nido per Culla Lettino:<\/span><\/span> <\/span><\/p>\n<p><span class=\"HwtZe\" lang=\"it\"><span class=\"jCAhz ChMk0b\"><span class=\"ryNqvb\">Materasso estraibile: 77&#215;35 cm.<\/span><\/span> <span class=\"jCAhz ChMk0b\"><span class=\"ryNqvb\">Spessore materasso: circa 2,5 cm.<\/span><\/span> <\/span><\/p>\n<p><span class=\"HwtZe\" lang=\"it\"><span class=\"jCAhz ChMk0b\"><span class=\"ryNqvb\">Dimensioni esterne: 90&#215;55 cm.<\/span><\/span> <\/span><\/p>\n<p><span class=\"HwtZe\" lang=\"it\"><span class=\"jCAhz ChMk0b\"><span class=\"ryNqvb\">Et\u00e0:<\/span><\/span> <span class=\"jCAhz ChMk0b\"><span class=\"ryNqvb\">0-12 mesi.<\/span><\/span> <\/span><\/p>\n<p><span class=\"HwtZe\" lang=\"it\"><span class=\"jCAhz ChMk0b\"><span class=\"ryNqvb\">Materiale:<\/span><\/span> <span class=\"jCAhz ChMk0b\"><span class=\"ryNqvb\">100% cotone + imbottitura anallergica.<\/span><\/span> <span class=\"jCAhz ChMk0b\"><span class=\"ryNqvb\">Materasso in schiuma.<\/span><\/span> <\/span><\/p>\n<p><span class=\"HwtZe\" lang=\"it\"><span class=\"jCAhz ChMk0b\"><span class=\"ryNqvb\">Lavaggio:<\/span><\/span> <span class=\"jCAhz ChMk0b\"><span class=\"ryNqvb\">Il coprimaterasso pu\u00f2 essere rimosso e lavato in lavatrice a 40 gradi Celsius.<\/span><\/span> <span class=\"jCAhz ChMk0b\"><span class=\"ryNqvb\">Per disinfettare, stirare.<\/span><\/span> <\/span><\/p>\n<p><span class=\"HwtZe\" lang=\"it\"><span class=\"jCAhz ChMk0b\"><span class=\"ryNqvb\">Il resto del bozzolo pu\u00f2 essere lavato in lavatrice, con un programma delicato, con una centrifuga limitata fino a 200 giri.<\/span><\/span> <\/span><\/p>\n<p><span class=\"HwtZe\" lang=\"it\"><span class=\"jCAhz ChMk0b\"><span class=\"ryNqvb\">Il materiale e la stampa hanno il certificato di sicurezza Oeko-Tex Standard 100 nella classe dei bambini.<\/span><\/span> <\/span><\/p>\n<p><span class=\"HwtZe\" lang=\"it\"><span class=\"jCAhz ChMk0b\"><span class=\"ryNqvb\">Attenzione:<\/span><\/span> <span class=\"jCAhz ChMk0b\"><span class=\"ryNqvb\">Non lasciare mai un bambino incustodito sdraiato in quota (divano, tavolo, bancone della cucina).<\/span><\/span> <span class=\"jCAhz ChMk0b\"><span class=\"ryNqvb\">Il bozzolo non protegge dalla caduta.<\/span><\/span> <span class=\"jCAhz ChMk0b\"><span class=\"ryNqvb\">I manici servono per trasportare un bozzolo vuoto, non \u00e8 un marsupio o una sdraietta.<\/span><\/span> <span class=\"jCAhz ChMk0b\"><span class=\"ryNqvb\">Per motivi di sicurezza, il prodotto deve essere utilizzato sotto la supervisione di un adulto.<\/span><\/span> <\/span><\/p>\n<p><span class=\"HwtZe\" lang=\"it\"><span class=\"jCAhz ChMk0b\"><span class=\"ryNqvb\">Il cavo deve essere sempre annodato all&#8217;estremit\u00e0.<\/span><\/span><\/span><\/p>\n<p><strong>100% MADE IN EU<\/strong><\/p>\n<\/div>\n<div class=\"product-single__description rte\">\n<p>Avvertimento! Tenere lontano dal fuoco.<br \/>\nNon utilizzare in caso di segni di deterioramento.<\/p>\n<\/div>","protected":false},"excerpt":{"rendered":"<p><span class=\"HwtZe\" lang=\"it\"><span class=\"jCAhz ChMk0b\"><span class=\"ryNqvb\">Riduttore Nido per Culla e Lettino per un bambino in filato di cotone naturale e arioso.<\/span><\/span> <span class=\"jCAhz ChMk0b\"><span class=\"ryNqvb\">Taglia perfetta dalla nascita fino a circa un anno.<\/span><\/span> <span class=\"jCAhz ChMk0b\"><span class=\"ryNqvb\">Grazie alla rilegatura, puoi stringere i lati insieme o allargarli, aprendo e dispiegando completamente il nido.<\/span><\/span> <span class=\"jCAhz ChMk0b\"><span class=\"ryNqvb\">Ci\u00f2 consente di adattare la taglia alla taglia e all&#8217;et\u00e0 del bambino.<\/span><\/span> <span class=\"jCAhz ChMk0b\"><span class=\"ryNqvb\">Il materasso utilizzato ha una schiuma di media durezza.<\/span><\/span> <span class=\"jCAhz ChMk0b\"><span class=\"ryNqvb\">Non influisce sulla curvatura della colonna vertebrale.<\/span><\/span> <span class=\"jCAhz ChMk0b\"><span class=\"ryNqvb\">\u00c8 quindi completamente sicuro per un bambino piccolo.<\/span><\/span> <span class=\"jCAhz ChMk0b\"><span class=\"ryNqvb\">I lati del Riduttore Nido per Culla Lettino sono pieni del cosiddetto<\/span><\/span> <span class=\"jCAhz ChMk0b\"><span class=\"ryNqvb\">una sfera di silicone, riempita a tal punto da non limitare la visibilit\u00e0 del genitore quando il bambino giace nel riduttore.<\/span><\/span> <span class=\"jCAhz ChMk0b\"><span class=\"ryNqvb\">Le maniglie laterali facilitano il trasporto del bozzolo<em> vuoto<\/em>.<\/span><\/span> <span class=\"jCAhz ChMk0b\"><span class=\"ryNqvb\">Il riduttore, nonostante le sue dimensioni, \u00e8 maneggevole.<\/span><\/span> <span class=\"jCAhz ChMk0b\"><span class=\"ryNqvb\">Puoi portarlo con te in ogni viaggio.<\/span><\/span> <span class=\"jCAhz ChMk0b\"><span class=\"ryNqvb\">Facilita la cura quotidiana del bambino, creando un luogo sicuro dove dormire e giocare.<\/span><\/span> <\/span><\/p>\n<p><span class=\"HwtZe\" lang=\"it\"><span class=\"jCAhz ChMk0b\"><span class=\"ryNqvb\">Molto spesso i riduttori sono anche chiamati nido per un bambino.<\/span><\/span> <span class=\"jCAhz ChMk0b\"><span class=\"ryNqvb\">Questo perch\u00e9 creano un senso di sicurezza che il bambino ha sperimentato nella pancia della madre.<\/span><\/span><\/span><\/p>","protected":false},"featured_media":5202,"comment_status":"open","ping_status":"closed","template":"","meta":[],"product_brand":[],"product_cat":[291],"product_tag":[],"class_list":{"0":"post-5114","1":"product","2":"type-product","3":"status-publish","4":"has-post-thumbnail","6":"product_cat-riduttore-nido","8":"first","9":"instock","10":"taxable","11":"shipping-taxable","12":"purchasable","13":"product-type-variable"},"yoast_head":"<!-- This site is optimized with the Yoast SEO plugin v27.3 - https:\/\/yoast.com\/product\/yoast-seo-wordpress\/ -->\n<title>Riduttore Nido per Culla Lettino - EcoBiOlia<\/title>\n<meta name=\"description\" content=\"Riduttore Nido per Culla e Lettino in filato di cotone arioso. Grazie alla rilegatura, puoi adattare la taglia alla taglia e all&#039;et\u00e0 del bambino.\" \/>\n<meta name=\"robots\" content=\"index, follow, max-snippet:-1, max-image-preview:large, max-video-preview:-1\" \/>\n<link rel=\"canonical\" href=\"https:\/\/ecobiolia.it\/en\/product\/riduttore-nido-per-culla-lettino\/\" \/>\n<meta property=\"og:locale\" content=\"en_GB\" \/>\n<meta property=\"og:type\" content=\"article\" \/>\n<meta property=\"og:title\" content=\"Riduttore Nido per Culla Lettino - EcoBiOlia\" \/>\n<meta property=\"og:description\" content=\"Riduttore Nido per Culla e Lettino in filato di cotone arioso. Grazie alla rilegatura, puoi adattare la taglia alla taglia e all&#039;et\u00e0 del bambino.\" \/>\n<meta property=\"og:url\" content=\"https:\/\/ecobiolia.it\/en\/product\/riduttore-nido-per-culla-lettino\/\" \/>\n<meta property=\"og:site_name\" content=\"EcoBiOlia\" \/>\n<meta property=\"article:modified_time\" content=\"2026-03-30T18:24:06+00:00\" \/>\n<meta property=\"og:image\" content=\"https:\/\/ecobiolia.it\/wp-content\/uploads\/2023\/03\/7888.jpg\" \/>\n\t<meta property=\"og:image:width\" content=\"1200\" \/>\n\t<meta property=\"og:image:height\" content=\"1067\" \/>\n\t<meta property=\"og:image:type\" content=\"image\/jpeg\" \/>\n<meta name=\"twitter:card\" content=\"summary_large_image\" \/>\n<meta name=\"twitter:label1\" content=\"Estimated reading time\" \/>\n\t<meta name=\"twitter:data1\" content=\"2 minutes\" \/>\n<script type=\"application\/ld+json\" class=\"yoast-schema-graph\">{\"@context\":\"https:\\\/\\\/schema.org\",\"@graph\":[{\"@type\":\"WebPage\",\"@id\":\"https:\\\/\\\/ecobiolia.it\\\/prodotto\\\/riduttore-nido-per-culla-lettino\\\/\",\"url\":\"https:\\\/\\\/ecobiolia.it\\\/prodotto\\\/riduttore-nido-per-culla-lettino\\\/\",\"name\":\"Riduttore Nido per Culla Lettino - EcoBiOlia\",\"isPartOf\":{\"@id\":\"https:\\\/\\\/ecobiolia.it\\\/it_it\\\/#website\"},\"primaryImageOfPage\":{\"@id\":\"https:\\\/\\\/ecobiolia.it\\\/prodotto\\\/riduttore-nido-per-culla-lettino\\\/#primaryimage\"},\"image\":{\"@id\":\"https:\\\/\\\/ecobiolia.it\\\/prodotto\\\/riduttore-nido-per-culla-lettino\\\/#primaryimage\"},\"thumbnailUrl\":\"https:\\\/\\\/ecobiolia.it\\\/wp-content\\\/uploads\\\/2023\\\/03\\\/7888.jpg\",\"datePublished\":\"2023-03-02T07:52:42+00:00\",\"dateModified\":\"2026-03-30T18:24:06+00:00\",\"description\":\"Riduttore Nido per Culla e Lettino in filato di cotone arioso. Grazie alla rilegatura, puoi adattare la taglia alla taglia e all'et\u00e0 del bambino.\",\"breadcrumb\":{\"@id\":\"https:\\\/\\\/ecobiolia.it\\\/prodotto\\\/riduttore-nido-per-culla-lettino\\\/#breadcrumb\"},\"inLanguage\":\"en-GB\",\"potentialAction\":[{\"@type\":\"ReadAction\",\"target\":[\"https:\\\/\\\/ecobiolia.it\\\/prodotto\\\/riduttore-nido-per-culla-lettino\\\/\"]}]},{\"@type\":\"ImageObject\",\"inLanguage\":\"en-GB\",\"@id\":\"https:\\\/\\\/ecobiolia.it\\\/prodotto\\\/riduttore-nido-per-culla-lettino\\\/#primaryimage\",\"url\":\"https:\\\/\\\/ecobiolia.it\\\/wp-content\\\/uploads\\\/2023\\\/03\\\/7888.jpg\",\"contentUrl\":\"https:\\\/\\\/ecobiolia.it\\\/wp-content\\\/uploads\\\/2023\\\/03\\\/7888.jpg\",\"width\":1200,\"height\":1067},{\"@type\":\"BreadcrumbList\",\"@id\":\"https:\\\/\\\/ecobiolia.it\\\/prodotto\\\/riduttore-nido-per-culla-lettino\\\/#breadcrumb\",\"itemListElement\":[{\"@type\":\"ListItem\",\"position\":1,\"name\":\"Home\",\"item\":\"https:\\\/\\\/ecobiolia.it\\\/\"},{\"@type\":\"ListItem\",\"position\":2,\"name\":\"Negozio\",\"item\":\"https:\\\/\\\/ecobiolia.it\\\/negozio\\\/\"},{\"@type\":\"ListItem\",\"position\":3,\"name\":\"Riduttore Nido per Culla Lettino\"}]},{\"@type\":\"WebSite\",\"@id\":\"https:\\\/\\\/ecobiolia.it\\\/it_it\\\/#website\",\"url\":\"https:\\\/\\\/ecobiolia.it\\\/it_it\\\/\",\"name\":\"EcoBiOlia\",\"description\":\"Negozio Ecologico per Bambini e Adulti\",\"publisher\":{\"@id\":\"https:\\\/\\\/ecobiolia.it\\\/it_it\\\/#organization\"},\"potentialAction\":[{\"@type\":\"SearchAction\",\"target\":{\"@type\":\"EntryPoint\",\"urlTemplate\":\"https:\\\/\\\/ecobiolia.it\\\/it_it\\\/?s={search_term_string}\"},\"query-input\":{\"@type\":\"PropertyValueSpecification\",\"valueRequired\":true,\"valueName\":\"search_term_string\"}}],\"inLanguage\":\"en-GB\"},{\"@type\":\"Organization\",\"@id\":\"https:\\\/\\\/ecobiolia.it\\\/it_it\\\/#organization\",\"name\":\"EcoBiOlia\",\"url\":\"https:\\\/\\\/ecobiolia.it\\\/it_it\\\/\",\"logo\":{\"@type\":\"ImageObject\",\"inLanguage\":\"en-GB\",\"@id\":\"https:\\\/\\\/ecobiolia.it\\\/it_it\\\/#\\\/schema\\\/logo\\\/image\\\/\",\"url\":\"https:\\\/\\\/ecobiolia.it\\\/wp-content\\\/uploads\\\/2022\\\/04\\\/EcoBiOlia-Logo.png\",\"contentUrl\":\"https:\\\/\\\/ecobiolia.it\\\/wp-content\\\/uploads\\\/2022\\\/04\\\/EcoBiOlia-Logo.png\",\"width\":1772,\"height\":944,\"caption\":\"EcoBiOlia\"},\"image\":{\"@id\":\"https:\\\/\\\/ecobiolia.it\\\/it_it\\\/#\\\/schema\\\/logo\\\/image\\\/\"}}]}<\/script>\n<!-- \/ Yoast SEO plugin. -->","yoast_head_json":{"title":"Riduttore Nido per Culla Lettino - EcoBiOlia","description":"Riduttore Nido per Culla e Lettino in filato di cotone arioso. Grazie alla rilegatura, puoi adattare la taglia alla taglia e all'et\u00e0 del bambino.","robots":{"index":"index","follow":"follow","max-snippet":"max-snippet:-1","max-image-preview":"max-image-preview:large","max-video-preview":"max-video-preview:-1"},"canonical":"https:\/\/ecobiolia.it\/en\/product\/riduttore-nido-per-culla-lettino\/","og_locale":"en_GB","og_type":"article","og_title":"Riduttore Nido per Culla Lettino - EcoBiOlia","og_description":"Riduttore Nido per Culla e Lettino in filato di cotone arioso. Grazie alla rilegatura, puoi adattare la taglia alla taglia e all'et\u00e0 del bambino.","og_url":"https:\/\/ecobiolia.it\/en\/product\/riduttore-nido-per-culla-lettino\/","og_site_name":"EcoBiOlia","article_modified_time":"2026-03-30T18:24:06+00:00","og_image":[{"width":1200,"height":1067,"url":"https:\/\/ecobiolia.it\/wp-content\/uploads\/2023\/03\/7888.jpg","type":"image\/jpeg"}],"twitter_card":"summary_large_image","twitter_misc":{"Estimated reading time":"2 minutes"},"schema":{"@context":"https:\/\/schema.org","@graph":[{"@type":"WebPage","@id":"https:\/\/ecobiolia.it\/prodotto\/riduttore-nido-per-culla-lettino\/","url":"https:\/\/ecobiolia.it\/prodotto\/riduttore-nido-per-culla-lettino\/","name":"Riduttore Nido per Culla Lettino - EcoBiOlia","isPartOf":{"@id":"https:\/\/ecobiolia.it\/it_it\/#website"},"primaryImageOfPage":{"@id":"https:\/\/ecobiolia.it\/prodotto\/riduttore-nido-per-culla-lettino\/#primaryimage"},"image":{"@id":"https:\/\/ecobiolia.it\/prodotto\/riduttore-nido-per-culla-lettino\/#primaryimage"},"thumbnailUrl":"https:\/\/ecobiolia.it\/wp-content\/uploads\/2023\/03\/7888.jpg","datePublished":"2023-03-02T07:52:42+00:00","dateModified":"2026-03-30T18:24:06+00:00","description":"Riduttore Nido per Culla e Lettino in filato di cotone arioso. Grazie alla rilegatura, puoi adattare la taglia alla taglia e all'et\u00e0 del bambino.","breadcrumb":{"@id":"https:\/\/ecobiolia.it\/prodotto\/riduttore-nido-per-culla-lettino\/#breadcrumb"},"inLanguage":"en-GB","potentialAction":[{"@type":"ReadAction","target":["https:\/\/ecobiolia.it\/prodotto\/riduttore-nido-per-culla-lettino\/"]}]},{"@type":"ImageObject","inLanguage":"en-GB","@id":"https:\/\/ecobiolia.it\/prodotto\/riduttore-nido-per-culla-lettino\/#primaryimage","url":"https:\/\/ecobiolia.it\/wp-content\/uploads\/2023\/03\/7888.jpg","contentUrl":"https:\/\/ecobiolia.it\/wp-content\/uploads\/2023\/03\/7888.jpg","width":1200,"height":1067},{"@type":"BreadcrumbList","@id":"https:\/\/ecobiolia.it\/prodotto\/riduttore-nido-per-culla-lettino\/#breadcrumb","itemListElement":[{"@type":"ListItem","position":1,"name":"Home","item":"https:\/\/ecobiolia.it\/"},{"@type":"ListItem","position":2,"name":"Negozio","item":"https:\/\/ecobiolia.it\/negozio\/"},{"@type":"ListItem","position":3,"name":"Riduttore Nido per Culla Lettino"}]},{"@type":"WebSite","@id":"https:\/\/ecobiolia.it\/it_it\/#website","url":"https:\/\/ecobiolia.it\/it_it\/","name":"EcoBiOlia","description":"Negozio Ecologico per Bambini e Adulti","publisher":{"@id":"https:\/\/ecobiolia.it\/it_it\/#organization"},"potentialAction":[{"@type":"SearchAction","target":{"@type":"EntryPoint","urlTemplate":"https:\/\/ecobiolia.it\/it_it\/?s={search_term_string}"},"query-input":{"@type":"PropertyValueSpecification","valueRequired":true,"valueName":"search_term_string"}}],"inLanguage":"en-GB"},{"@type":"Organization","@id":"https:\/\/ecobiolia.it\/it_it\/#organization","name":"EcoBiOlia","url":"https:\/\/ecobiolia.it\/it_it\/","logo":{"@type":"ImageObject","inLanguage":"en-GB","@id":"https:\/\/ecobiolia.it\/it_it\/#\/schema\/logo\/image\/","url":"https:\/\/ecobiolia.it\/wp-content\/uploads\/2022\/04\/EcoBiOlia-Logo.png","contentUrl":"https:\/\/ecobiolia.it\/wp-content\/uploads\/2022\/04\/EcoBiOlia-Logo.png","width":1772,"height":944,"caption":"EcoBiOlia"},"image":{"@id":"https:\/\/ecobiolia.it\/it_it\/#\/schema\/logo\/image\/"}}]}},"jetpack-related-posts":[{"id":4432,"url":"https:\/\/ecobiolia.it\/en\/product\/biancheria-lettino-copritrapunta-e-federa-fiori-rosa\/","url_meta":{"origin":5114,"position":0},"title":"Biancheria Lettino, Copritrapunta e Federa &#8211; Fiori Rosa","author":"Olga","date":"30 September 2022","format":false,"excerpt":"Il set Biancheria Lettino composto da Copritrapunta e Federa con fantasia originale. Realizzati in 100% cotone con certificato Oeko Tex Standard 100, classe 1 \u2013 significa che sono sicuri per i neonati. La taglia grande \u00e8 perfetta sia per la casa che per un asilo nido. Le lenzuola non hanno\u2026","rel":"","context":"Similar post","block_context":{"text":"Similar post","link":""},"img":{"alt_text":"","src":"https:\/\/i0.wp.com\/ecobiolia.it\/wp-content\/uploads\/2022\/09\/7742.jpg?resize=350%2C200&ssl=1","width":350,"height":200,"srcset":"https:\/\/i0.wp.com\/ecobiolia.it\/wp-content\/uploads\/2022\/09\/7742.jpg?resize=350%2C200&ssl=1 1x, https:\/\/i0.wp.com\/ecobiolia.it\/wp-content\/uploads\/2022\/09\/7742.jpg?resize=525%2C300&ssl=1 1.5x, https:\/\/i0.wp.com\/ecobiolia.it\/wp-content\/uploads\/2022\/09\/7742.jpg?resize=700%2C400&ssl=1 2x, https:\/\/i0.wp.com\/ecobiolia.it\/wp-content\/uploads\/2022\/09\/7742.jpg?resize=1050%2C600&ssl=1 3x, https:\/\/i0.wp.com\/ecobiolia.it\/wp-content\/uploads\/2022\/09\/7742.jpg?resize=1400%2C800&ssl=1 4x"},"classes":[]},{"id":4431,"url":"https:\/\/ecobiolia.it\/en\/product\/biancheria-lettino-copritrapunta-e-federa-felci-menta\/","url_meta":{"origin":5114,"position":1},"title":"Biancheria Lettino, Copritrapunta e Federa &#8211; Felci Menta","author":"Olga","date":"30 September 2022","format":false,"excerpt":"Il set Biancheria Lettino composto da Copritrapunta e Federa con fantasia originale. Realizzati in 100% cotone con certificato Oeko Tex Standard 100, classe 1 \u2013 significa che sono sicuri per i neonati. La taglia grande \u00e8 perfetta sia per la casa che per un asilo nido. Le lenzuola non hanno\u2026","rel":"","context":"Similar post","block_context":{"text":"Similar post","link":""},"img":{"alt_text":"","src":"https:\/\/i0.wp.com\/ecobiolia.it\/wp-content\/uploads\/2022\/09\/585.jpg?resize=350%2C200&ssl=1","width":350,"height":200,"srcset":"https:\/\/i0.wp.com\/ecobiolia.it\/wp-content\/uploads\/2022\/09\/585.jpg?resize=350%2C200&ssl=1 1x, https:\/\/i0.wp.com\/ecobiolia.it\/wp-content\/uploads\/2022\/09\/585.jpg?resize=525%2C300&ssl=1 1.5x, https:\/\/i0.wp.com\/ecobiolia.it\/wp-content\/uploads\/2022\/09\/585.jpg?resize=700%2C400&ssl=1 2x"},"classes":[]},{"id":3912,"url":"https:\/\/ecobiolia.it\/en\/product\/coprimaterasso-impermeabile-antiacaro-per-lettino\/","url_meta":{"origin":5114,"position":2},"title":"Coprimaterasso Impermeabile Antiacaro per Lettino","author":"Olga","date":"5 August 2022","format":false,"excerpt":"Proteggi il materasso non solo dai liquidi. Blocca acari e batteri che causano asma, eczema o allergie varie con il Coprimaterasso Impermeabile Antiacaro per lettino.\u00a0 Qualit\u00e0 eccezionale \ud83d\ude03 Proteggi ambiente! - Lavabile e riutilizzabile \ud83c\udf0d Morbidissimo al tatto. Non scricchiola e non emette i suoni strani al contatto con il\u2026","rel":"","context":"Similar post","block_context":{"text":"Similar post","link":""},"img":{"alt_text":"Coprimaterasso Impermeabile Antiacaro per lettino","src":"https:\/\/i0.wp.com\/ecobiolia.it\/wp-content\/uploads\/2022\/08\/8615-1.jpg?resize=350%2C200&ssl=1","width":350,"height":200,"srcset":"https:\/\/i0.wp.com\/ecobiolia.it\/wp-content\/uploads\/2022\/08\/8615-1.jpg?resize=350%2C200&ssl=1 1x, https:\/\/i0.wp.com\/ecobiolia.it\/wp-content\/uploads\/2022\/08\/8615-1.jpg?resize=525%2C300&ssl=1 1.5x, https:\/\/i0.wp.com\/ecobiolia.it\/wp-content\/uploads\/2022\/08\/8615-1.jpg?resize=700%2C400&ssl=1 2x, https:\/\/i0.wp.com\/ecobiolia.it\/wp-content\/uploads\/2022\/08\/8615-1.jpg?resize=1050%2C600&ssl=1 3x, https:\/\/i0.wp.com\/ecobiolia.it\/wp-content\/uploads\/2022\/08\/8615-1.jpg?resize=1400%2C800&ssl=1 4x"},"classes":[]},{"id":2834,"url":"https:\/\/ecobiolia.it\/en\/product\/coprimaterasso-impermeabile-per-culla-carrozzina\/","url_meta":{"origin":5114,"position":3},"title":"Coprimaterasso Impermeabile per Culla, Carrozzina","author":"Olga","date":"3 July 2022","format":false,"excerpt":"Coprimaterasso Impermeabile per Culla, Carrozzina \u00e8 insostituibile a casa e in viaggio. Protegge il materasso dai liquidi. Impermeabile, traspirante, resistente ai batteri e virus. Morbidissimo al tatto. Non scricchiola e non emette i suoni strani al contatto con il corpo come altri prodotti simili disponibili in commercio. Il coprimaterasso impedisce\u2026","rel":"","context":"Similar post","block_context":{"text":"Similar post","link":""},"img":{"alt_text":"","src":"https:\/\/i0.wp.com\/ecobiolia.it\/wp-content\/uploads\/2022\/07\/Coprimatrassino.jpg?resize=350%2C200&ssl=1","width":350,"height":200,"srcset":"https:\/\/i0.wp.com\/ecobiolia.it\/wp-content\/uploads\/2022\/07\/Coprimatrassino.jpg?resize=350%2C200&ssl=1 1x, https:\/\/i0.wp.com\/ecobiolia.it\/wp-content\/uploads\/2022\/07\/Coprimatrassino.jpg?resize=525%2C300&ssl=1 1.5x, https:\/\/i0.wp.com\/ecobiolia.it\/wp-content\/uploads\/2022\/07\/Coprimatrassino.jpg?resize=700%2C400&ssl=1 2x, https:\/\/i0.wp.com\/ecobiolia.it\/wp-content\/uploads\/2022\/07\/Coprimatrassino.jpg?resize=1050%2C600&ssl=1 3x"},"classes":[]},{"id":3332,"url":"https:\/\/ecobiolia.it\/en\/product\/cuscino-piatto-in-mussola-di-bambu-e-cotone\/","url_meta":{"origin":5114,"position":4},"title":"Cuscino Piatto in Mussola di Bamb\u00f9 e Cotone","author":"Olga","date":"16 July 2022","format":false,"excerpt":"Cuscino Piatto in Mussola di Bamb\u00f9 e Cotone con un'adeguata trapuntatura garantisce il comfort e la sicurezza di un bambino. Il suo spessore \u00e8 di pochi centimetri, e allo stesso tempo \u00e8 estremamente morbido! Il tessuto ha il pi\u00f9 alto certificato Oeko-Tex standard 100, che garantisce la sicurezza dell'utilizzo del\u2026","rel":"","context":"Similar post","block_context":{"text":"Similar post","link":""},"img":{"alt_text":"","src":"https:\/\/i0.wp.com\/ecobiolia.it\/wp-content\/uploads\/2022\/08\/8494.jpg?resize=350%2C200&ssl=1","width":350,"height":200,"srcset":"https:\/\/i0.wp.com\/ecobiolia.it\/wp-content\/uploads\/2022\/08\/8494.jpg?resize=350%2C200&ssl=1 1x, https:\/\/i0.wp.com\/ecobiolia.it\/wp-content\/uploads\/2022\/08\/8494.jpg?resize=525%2C300&ssl=1 1.5x, https:\/\/i0.wp.com\/ecobiolia.it\/wp-content\/uploads\/2022\/08\/8494.jpg?resize=700%2C400&ssl=1 2x, https:\/\/i0.wp.com\/ecobiolia.it\/wp-content\/uploads\/2022\/08\/8494.jpg?resize=1050%2C600&ssl=1 3x"},"classes":[]},{"id":3831,"url":"https:\/\/ecobiolia.it\/en\/product\/coprimaterasso-impermeabile-antiacaro-singolo-letto-90x200-cm\/","url_meta":{"origin":5114,"position":5},"title":"Coprimaterasso Impermeabile Antiacaro Singolo Letto &#8211; 90&#215;200 cm","author":"Olga","date":"5 August 2022","format":false,"excerpt":"Proteggi il materasso non solo dai liquidi. Blocca acari e batteri che causano asma, eczema o allergie varie con il Coprimaterasso Impermeabile Antiacaro per letto singolo.\u00a0 Qualit\u00e0 eccezionale \ud83d\ude03 Proteggi ambiente! - Lavabile e riutilizzabile \ud83c\udf0d Morbidissimo al tatto. Non scricchiola e non emette i suoni strani al contatto con\u2026","rel":"","context":"Similar post","block_context":{"text":"Similar post","link":""},"img":{"alt_text":"","src":"https:\/\/i0.wp.com\/ecobiolia.it\/wp-content\/uploads\/2022\/08\/8617.jpg?resize=350%2C200&ssl=1","width":350,"height":200,"srcset":"https:\/\/i0.wp.com\/ecobiolia.it\/wp-content\/uploads\/2022\/08\/8617.jpg?resize=350%2C200&ssl=1 1x, https:\/\/i0.wp.com\/ecobiolia.it\/wp-content\/uploads\/2022\/08\/8617.jpg?resize=525%2C300&ssl=1 1.5x, https:\/\/i0.wp.com\/ecobiolia.it\/wp-content\/uploads\/2022\/08\/8617.jpg?resize=700%2C400&ssl=1 2x, https:\/\/i0.wp.com\/ecobiolia.it\/wp-content\/uploads\/2022\/08\/8617.jpg?resize=1050%2C600&ssl=1 3x, https:\/\/i0.wp.com\/ecobiolia.it\/wp-content\/uploads\/2022\/08\/8617.jpg?resize=1400%2C800&ssl=1 4x"},"classes":[]}],"jetpack_sharing_enabled":true,"_links":{"self":[{"href":"https:\/\/ecobiolia.it\/en\/wp-json\/wp\/v2\/product\/5114","targetHints":{"allow":["GET"]}}],"collection":[{"href":"https:\/\/ecobiolia.it\/en\/wp-json\/wp\/v2\/product"}],"about":[{"href":"https:\/\/ecobiolia.it\/en\/wp-json\/wp\/v2\/types\/product"}],"replies":[{"embeddable":true,"href":"https:\/\/ecobiolia.it\/en\/wp-json\/wp\/v2\/comments?post=5114"}],"version-history":[{"count":1,"href":"https:\/\/ecobiolia.it\/en\/wp-json\/wp\/v2\/product\/5114\/revisions"}],"predecessor-version":[{"id":6369,"href":"https:\/\/ecobiolia.it\/en\/wp-json\/wp\/v2\/product\/5114\/revisions\/6369"}],"wp:featuredmedia":[{"embeddable":true,"href":"https:\/\/ecobiolia.it\/en\/wp-json\/wp\/v2\/media\/5202"}],"wp:attachment":[{"href":"https:\/\/ecobiolia.it\/en\/wp-json\/wp\/v2\/media?parent=5114"}],"wp:term":[{"taxonomy":"product_brand","embeddable":true,"href":"https:\/\/ecobiolia.it\/en\/wp-json\/wp\/v2\/product_brand?post=5114"},{"taxonomy":"product_cat","embeddable":true,"href":"https:\/\/ecobiolia.it\/en\/wp-json\/wp\/v2\/product_cat?post=5114"},{"taxonomy":"product_tag","embeddable":true,"href":"https:\/\/ecobiolia.it\/en\/wp-json\/wp\/v2\/product_tag?post=5114"}],"curies":[{"name":"wp","href":"https:\/\/api.w.org\/{rel}","templated":true}]}}