{"id":4915,"date":"2023-03-01T22:04:02","date_gmt":"2023-03-01T22:04:02","guid":{"rendered":"https:\/\/ecobiolia.it\/?post_type=product&#038;p=4915"},"modified":"2026-03-30T18:25:31","modified_gmt":"2026-03-30T18:25:31","slug":"spazzola-dura-per-spazzolatura-a-secco-tampico","status":"publish","type":"product","link":"https:\/\/ecobiolia.it\/en\/product\/spazzola-dura-per-spazzolatura-a-secco-tampico\/","title":{"rendered":"Spazzola Dura per Spazzolatura a Secco &#8211; Tampico"},"content":{"rendered":"<div class=\"lRu31\"><span class=\"HwtZe\" lang=\"it\"> <span class=\"jCAhz ChMk0b\"><span class=\"ryNqvb\">Nel tempo, il nostro metabolismo rallenta.<\/span><\/span> <span class=\"jCAhz ChMk0b\"><span class=\"ryNqvb\">C&#8217;\u00e8 gonfiore, ristagno di acqua o pesantezza degli arti.<\/span><\/span> <span class=\"jCAhz ChMk0b\"><span class=\"ryNqvb\">Questo \u00e8 il risultato di uno scarso lavoro del sistema linfatico.<\/span><\/span> <span class=\"jCAhz ChMk0b\"><span class=\"ryNqvb\">La spazzolatura aiuta ad eliminare questi disturbi.<\/span><\/span> <span class=\"jCAhz ChMk0b\"><span class=\"ryNqvb\">Una spazzola dura si adatta perfettamente anche a cellulite, peli incarniti o avambracci ruvidi, glutei o gomiti.<\/span><\/span> <span class=\"jCAhz ChMk0b\"><span class=\"ryNqvb\">All&#8217;inizio, il massaggio pu\u00f2 essere doloroso e questo \u00e8 normale.<\/span><\/span> <span class=\"jCAhz ChMk0b\"><span class=\"ryNqvb\">La pelle deve abituarsi.<\/span><\/span> <span class=\"jCAhz ChMk0b\"><span class=\"ryNqvb\">La tradizione della spazzolatura a secco deriva dalla medicina ayurvedica.<\/span><\/span> <span class=\"jCAhz ChMk0b\"><span class=\"ryNqvb\">Lo scopo del massaggio, oltre a rimuovere la pelle morta, \u00e8 eliminare i depositi di tossine.<\/span><\/span> <span class=\"jCAhz ChMk0b\"><span class=\"ryNqvb\">Il massaggio aiuta anche a liberarsi dalla tensione.<\/span><\/span> <span class=\"jCAhz ChMk0b\"><span class=\"ryNqvb\">Fatto al mattino &#8211; stimola, la sera &#8211; rilassa.<\/span><\/span> <\/span><\/div>\n<div class=\"lRu31\"><span class=\"HwtZe\" lang=\"it\"><span class=\"jCAhz ChMk0b\"><span class=\"ryNqvb\">Come massaggiare il corpo?<\/span><\/span> <\/span><\/div>\n<ul>\n<li class=\"lRu31\"><span class=\"HwtZe\" lang=\"it\"><span class=\"jCAhz ChMk0b\"><span class=\"ryNqvb\">dal basso verso l&#8217;alto in lunghi movimenti plananti.<\/span><\/span> <\/span><\/li>\n<li class=\"lRu31\"><span class=\"HwtZe\" lang=\"it\"><span class=\"jCAhz ChMk0b\"><span class=\"ryNqvb\">I movimenti devono sempre andare verso il cuore<\/span><\/span> <span class=\"jCAhz ChMk0b\"><span class=\"ryNqvb\">spazzola gambe e braccia come se spazzassi il pavimento \ud83d\ude42 <\/span><\/span><\/span><\/li>\n<li class=\"lRu31\"><span class=\"HwtZe\" lang=\"it\"><span class=\"jCAhz ChMk0b\"><span class=\"ryNqvb\">Addome e articolazioni (cio\u00e8 braccia, ginocchia, anche, polsi e caviglie) spazzola con movimenti circolari<\/span><\/span> <span class=\"jCAhz ChMk0b\"><span class=\"ryNqvb\">la pressione dipende dallo spessore della pelle &#8211; sulla scollatura o sotto le ascelle lo facciamo pi\u00f9 delicatamente che sulla pianta dei piedi<\/span><\/span> <\/span><\/li>\n<li class=\"lRu31\"><span class=\"HwtZe\" lang=\"it\"><span class=\"jCAhz ChMk0b\"><span class=\"ryNqvb\">Per il massaggio non vengono utilizzate lozioni o oli.<\/span><\/span> <\/span><\/li>\n<\/ul>\n<p><span class=\"HwtZe\" lang=\"it\"><span class=\"jCAhz ChMk0b\"><span class=\"ryNqvb\">Quanto spesso dovresti spazzolare la tua pelle?<\/span><\/span> <\/span><\/p>\n<ul>\n<li><span class=\"HwtZe\" lang=\"it\"><span class=\"jCAhz ChMk0b\"><span class=\"ryNqvb\">preferibilmente prima di ogni bagno o almeno 3 volte a settimana,<\/span><\/span> <span class=\"jCAhz ChMk0b\"><span class=\"ryNqvb\">l&#8217;effetto levigante della pelle \u00e8 visibile dopo 3-4 spazzolate.<\/span><\/span><\/span><\/li>\n<\/ul>\n<p><span class=\"HwtZe\" lang=\"it\">C<span class=\"jCAhz ChMk0b\"><span class=\"ryNqvb\">osa aiuta un massaggio con la spazzola?<\/span><\/span> <\/span><\/p>\n<ul>\n<li><span class=\"HwtZe\" lang=\"it\"><span class=\"jCAhz ChMk0b\"><span class=\"ryNqvb\">allevia la tensione, specialmente quando si spazzola il collo e le spalle<\/span><\/span> <\/span><\/li>\n<li><span class=\"HwtZe\" lang=\"it\"><span class=\"jCAhz ChMk0b\"><span class=\"ryNqvb\">riduce il gonfiore<\/span><\/span><\/span><\/li>\n<li><span class=\"HwtZe\" lang=\"it\"> <span class=\"jCAhz ChMk0b\"><span class=\"ryNqvb\">aiuta con dolori articolari<\/span><\/span> <\/span><\/li>\n<li><span class=\"HwtZe\" lang=\"it\"><span class=\"jCAhz ChMk0b\"><span class=\"ryNqvb\">rassoda e tonifica la pelle<\/span><\/span> <span class=\"jCAhz ChMk0b\"><span class=\"ryNqvb\">spazzolando il seno, <\/span><\/span><\/span><\/li>\n<li><span class=\"HwtZe\" lang=\"it\"><span class=\"jCAhz ChMk0b\"><span class=\"ryNqvb\">ci liberiamo dei depositi linfatici che si formano quando si indossa il reggiseno<\/span><\/span> <span class=\"jCAhz ChMk0b\"><span class=\"ryNqvb\">funziona alla grande per le smagliature fresche e rosse<\/span><\/span> <span class=\"jCAhz ChMk0b\"><span class=\"ryNqvb\">migliora la circolazione sanguigna e stimola il sistema immunitario.<\/span><\/span><\/span><\/li>\n<\/ul>\n<p><span class=\"VIiyi\" lang=\"it\"><span class=\"JLqJ4b\" data-language-for-alternatives=\"it\" data-language-to-translate-into=\"pl\" data-phrase-index=\"0\" data-number-of-phrases=\"1\"><span class=\"Q4iAWc\">La spazzola deve essere disinfettata quando necessario, ad esempio con octanisept, e sostituita regolarmente ogni 4-6 mesi (a seconda dell&#8217;usura). <\/span><\/span><\/span><\/p>\n<p><span class=\"VIiyi\" lang=\"it\"><span class=\"JLqJ4b\" data-language-for-alternatives=\"it\" data-language-to-translate-into=\"pl\" data-phrase-index=\"0\" data-number-of-phrases=\"1\"><span class=\"Q4iAWc\">Se stai cercando una spazzola per la pulizia del viso, dai un&#8217;occhiata alla nostra versione con setole artificiali. Una spazzola caricata a mano potrebbe perdere alcune setole all&#8217;inizio, che non potevano essere rimosse in fase di produzione, e che qui sono molto sottili. Basta pettinarlo prima di usarlo per la prima volta. Prodotto polacco.<\/span><\/span><\/span><\/p>\n<p><span class=\"VIiyi\" lang=\"it\"><span class=\"JLqJ4b ChMk0b\" data-language-for-alternatives=\"it\" data-language-to-translate-into=\"en\" data-phrase-index=\"15\" data-number-of-phrases=\"17\"><span class=\"Q4iAWc\">Rilegatura in legno massiccio: l&#8217;immersione nel&#8217;acqua del legno pu\u00f2 causarne la rottura.<\/span><\/span> <span class=\"JLqJ4b ChMk0b\" data-language-for-alternatives=\"it\" data-language-to-translate-into=\"en\" data-phrase-index=\"16\" data-number-of-phrases=\"17\"><span class=\"Q4iAWc\">Per l&#8217;uso bagnato, scegli il nostra altra <a href=\"https:\/\/lullalove.it\/product\/spazzola-per-spazzolatura-a-umido-o-a-secco\/\">spazzola<\/a>.<\/span><\/span><\/span><\/p>\n<p><em><span class=\"VIiyi\" lang=\"it\"><span class=\"JLqJ4b\" data-language-for-alternatives=\"it\" data-language-to-translate-into=\"en\" data-phrase-index=\"0\" data-number-of-phrases=\"1\"><span class=\"Q4iAWc\">Si prega di notare che non possiamo accettare resi di spazzole in quanto rientrano nella categoria di prodotti intimi, sanitari e igienici, articoli per la salute e la cura della persona.<\/span><\/span><\/span><\/em><\/p>","protected":false},"excerpt":{"rendered":"<p><span class=\"VIiyi\" lang=\"it\"><span class=\"HwtZe\" lang=\"it\"><span class=\"jCAhz ChMk0b\"><span class=\"ryNqvb\">Sostituisci i cosmetici chimici e i costosi trattamenti termali con un pennello unico!<\/span><\/span> <span class=\"jCAhz ChMk0b\"><span class=\"ryNqvb\">Realizzato al 100% con piante: struttura in legno di faggio, setole di cactus di agave sono uno strumento completamente naturale per la cura del corpo domestico.<\/span><\/span> <span class=\"jCAhz ChMk0b\"><span class=\"ryNqvb\">Una spazzolatura regolare mantiene la pelle elastica, stimola il sistema immunitario e migliora il benessere.<\/span><\/span><\/span><br \/>\n<\/span><\/p>","protected":false},"featured_media":4970,"comment_status":"open","ping_status":"closed","template":"","meta":[],"product_brand":[],"product_cat":[112,45,134,113],"product_tag":[],"class_list":{"0":"post-4915","1":"product","2":"type-product","3":"status-publish","4":"has-post-thumbnail","6":"product_cat-per-le-donne","7":"product_cat-prodotti-per-la-cura-del-corpo","8":"product_cat-spazzole","9":"product_cat-spazzole-massaggio","11":"first","12":"instock","13":"taxable","14":"shipping-taxable","15":"purchasable","16":"product-type-simple"},"yoast_head":"<!-- This site is optimized with the Yoast SEO plugin v27.3 - https:\/\/yoast.com\/product\/yoast-seo-wordpress\/ -->\n<title>Spazzola Dura per Spazzolatura a Secco - Tampico - EcoBiOlia<\/title>\n<meta name=\"robots\" content=\"index, follow, max-snippet:-1, max-image-preview:large, max-video-preview:-1\" \/>\n<link rel=\"canonical\" href=\"https:\/\/ecobiolia.it\/en\/product\/spazzola-dura-per-spazzolatura-a-secco-tampico\/\" \/>\n<meta property=\"og:locale\" content=\"en_GB\" \/>\n<meta property=\"og:type\" content=\"article\" \/>\n<meta property=\"og:title\" content=\"Spazzola Dura per Spazzolatura a Secco - Tampico - EcoBiOlia\" \/>\n<meta property=\"og:description\" content=\"Sostituisci i cosmetici chimici e i costosi trattamenti termali con un pennello unico! Realizzato al 100% con piante: struttura in legno di faggio, setole di cactus di agave sono uno strumento completamente naturale per la cura del corpo domestico. Una spazzolatura regolare mantiene la pelle elastica, stimola il sistema immunitario e migliora il benessere.\" \/>\n<meta property=\"og:url\" content=\"https:\/\/ecobiolia.it\/en\/product\/spazzola-dura-per-spazzolatura-a-secco-tampico\/\" \/>\n<meta property=\"og:site_name\" content=\"EcoBiOlia\" \/>\n<meta property=\"article:modified_time\" content=\"2026-03-30T18:25:31+00:00\" \/>\n<meta property=\"og:image\" content=\"https:\/\/ecobiolia.it\/wp-content\/uploads\/2023\/03\/5240.jpg\" \/>\n\t<meta property=\"og:image:width\" content=\"1200\" \/>\n\t<meta property=\"og:image:height\" content=\"1067\" \/>\n\t<meta property=\"og:image:type\" content=\"image\/jpeg\" \/>\n<meta name=\"twitter:card\" content=\"summary_large_image\" \/>\n<meta name=\"twitter:label1\" content=\"Estimated reading time\" \/>\n\t<meta name=\"twitter:data1\" content=\"3 minutes\" \/>\n<script type=\"application\/ld+json\" class=\"yoast-schema-graph\">{\"@context\":\"https:\\\/\\\/schema.org\",\"@graph\":[{\"@type\":\"WebPage\",\"@id\":\"https:\\\/\\\/ecobiolia.it\\\/prodotto\\\/spazzola-dura-per-spazzolatura-a-secco-tampico\\\/\",\"url\":\"https:\\\/\\\/ecobiolia.it\\\/prodotto\\\/spazzola-dura-per-spazzolatura-a-secco-tampico\\\/\",\"name\":\"Spazzola Dura per Spazzolatura a Secco - Tampico - EcoBiOlia\",\"isPartOf\":{\"@id\":\"https:\\\/\\\/ecobiolia.it\\\/it_it\\\/#website\"},\"primaryImageOfPage\":{\"@id\":\"https:\\\/\\\/ecobiolia.it\\\/prodotto\\\/spazzola-dura-per-spazzolatura-a-secco-tampico\\\/#primaryimage\"},\"image\":{\"@id\":\"https:\\\/\\\/ecobiolia.it\\\/prodotto\\\/spazzola-dura-per-spazzolatura-a-secco-tampico\\\/#primaryimage\"},\"thumbnailUrl\":\"https:\\\/\\\/ecobiolia.it\\\/wp-content\\\/uploads\\\/2023\\\/03\\\/5240.jpg\",\"datePublished\":\"2023-03-01T22:04:02+00:00\",\"dateModified\":\"2026-03-30T18:25:31+00:00\",\"breadcrumb\":{\"@id\":\"https:\\\/\\\/ecobiolia.it\\\/prodotto\\\/spazzola-dura-per-spazzolatura-a-secco-tampico\\\/#breadcrumb\"},\"inLanguage\":\"en-GB\",\"potentialAction\":[{\"@type\":\"ReadAction\",\"target\":[\"https:\\\/\\\/ecobiolia.it\\\/prodotto\\\/spazzola-dura-per-spazzolatura-a-secco-tampico\\\/\"]}]},{\"@type\":\"ImageObject\",\"inLanguage\":\"en-GB\",\"@id\":\"https:\\\/\\\/ecobiolia.it\\\/prodotto\\\/spazzola-dura-per-spazzolatura-a-secco-tampico\\\/#primaryimage\",\"url\":\"https:\\\/\\\/ecobiolia.it\\\/wp-content\\\/uploads\\\/2023\\\/03\\\/5240.jpg\",\"contentUrl\":\"https:\\\/\\\/ecobiolia.it\\\/wp-content\\\/uploads\\\/2023\\\/03\\\/5240.jpg\",\"width\":1200,\"height\":1067},{\"@type\":\"BreadcrumbList\",\"@id\":\"https:\\\/\\\/ecobiolia.it\\\/prodotto\\\/spazzola-dura-per-spazzolatura-a-secco-tampico\\\/#breadcrumb\",\"itemListElement\":[{\"@type\":\"ListItem\",\"position\":1,\"name\":\"Home\",\"item\":\"https:\\\/\\\/ecobiolia.it\\\/\"},{\"@type\":\"ListItem\",\"position\":2,\"name\":\"Negozio\",\"item\":\"https:\\\/\\\/ecobiolia.it\\\/negozio\\\/\"},{\"@type\":\"ListItem\",\"position\":3,\"name\":\"Spazzola Dura per Spazzolatura a Secco &#8211; Tampico\"}]},{\"@type\":\"WebSite\",\"@id\":\"https:\\\/\\\/ecobiolia.it\\\/it_it\\\/#website\",\"url\":\"https:\\\/\\\/ecobiolia.it\\\/it_it\\\/\",\"name\":\"EcoBiOlia\",\"description\":\"Negozio Ecologico per Bambini e Adulti\",\"publisher\":{\"@id\":\"https:\\\/\\\/ecobiolia.it\\\/it_it\\\/#organization\"},\"potentialAction\":[{\"@type\":\"SearchAction\",\"target\":{\"@type\":\"EntryPoint\",\"urlTemplate\":\"https:\\\/\\\/ecobiolia.it\\\/it_it\\\/?s={search_term_string}\"},\"query-input\":{\"@type\":\"PropertyValueSpecification\",\"valueRequired\":true,\"valueName\":\"search_term_string\"}}],\"inLanguage\":\"en-GB\"},{\"@type\":\"Organization\",\"@id\":\"https:\\\/\\\/ecobiolia.it\\\/it_it\\\/#organization\",\"name\":\"EcoBiOlia\",\"url\":\"https:\\\/\\\/ecobiolia.it\\\/it_it\\\/\",\"logo\":{\"@type\":\"ImageObject\",\"inLanguage\":\"en-GB\",\"@id\":\"https:\\\/\\\/ecobiolia.it\\\/it_it\\\/#\\\/schema\\\/logo\\\/image\\\/\",\"url\":\"https:\\\/\\\/ecobiolia.it\\\/wp-content\\\/uploads\\\/2022\\\/04\\\/EcoBiOlia-Logo.png\",\"contentUrl\":\"https:\\\/\\\/ecobiolia.it\\\/wp-content\\\/uploads\\\/2022\\\/04\\\/EcoBiOlia-Logo.png\",\"width\":1772,\"height\":944,\"caption\":\"EcoBiOlia\"},\"image\":{\"@id\":\"https:\\\/\\\/ecobiolia.it\\\/it_it\\\/#\\\/schema\\\/logo\\\/image\\\/\"}}]}<\/script>\n<!-- \/ Yoast SEO plugin. -->","yoast_head_json":{"title":"Spazzola Dura per Spazzolatura a Secco - Tampico - EcoBiOlia","robots":{"index":"index","follow":"follow","max-snippet":"max-snippet:-1","max-image-preview":"max-image-preview:large","max-video-preview":"max-video-preview:-1"},"canonical":"https:\/\/ecobiolia.it\/en\/product\/spazzola-dura-per-spazzolatura-a-secco-tampico\/","og_locale":"en_GB","og_type":"article","og_title":"Spazzola Dura per Spazzolatura a Secco - Tampico - EcoBiOlia","og_description":"Sostituisci i cosmetici chimici e i costosi trattamenti termali con un pennello unico! Realizzato al 100% con piante: struttura in legno di faggio, setole di cactus di agave sono uno strumento completamente naturale per la cura del corpo domestico. Una spazzolatura regolare mantiene la pelle elastica, stimola il sistema immunitario e migliora il benessere.","og_url":"https:\/\/ecobiolia.it\/en\/product\/spazzola-dura-per-spazzolatura-a-secco-tampico\/","og_site_name":"EcoBiOlia","article_modified_time":"2026-03-30T18:25:31+00:00","og_image":[{"width":1200,"height":1067,"url":"https:\/\/ecobiolia.it\/wp-content\/uploads\/2023\/03\/5240.jpg","type":"image\/jpeg"}],"twitter_card":"summary_large_image","twitter_misc":{"Estimated reading time":"3 minutes"},"schema":{"@context":"https:\/\/schema.org","@graph":[{"@type":"WebPage","@id":"https:\/\/ecobiolia.it\/prodotto\/spazzola-dura-per-spazzolatura-a-secco-tampico\/","url":"https:\/\/ecobiolia.it\/prodotto\/spazzola-dura-per-spazzolatura-a-secco-tampico\/","name":"Spazzola Dura per Spazzolatura a Secco - Tampico - EcoBiOlia","isPartOf":{"@id":"https:\/\/ecobiolia.it\/it_it\/#website"},"primaryImageOfPage":{"@id":"https:\/\/ecobiolia.it\/prodotto\/spazzola-dura-per-spazzolatura-a-secco-tampico\/#primaryimage"},"image":{"@id":"https:\/\/ecobiolia.it\/prodotto\/spazzola-dura-per-spazzolatura-a-secco-tampico\/#primaryimage"},"thumbnailUrl":"https:\/\/ecobiolia.it\/wp-content\/uploads\/2023\/03\/5240.jpg","datePublished":"2023-03-01T22:04:02+00:00","dateModified":"2026-03-30T18:25:31+00:00","breadcrumb":{"@id":"https:\/\/ecobiolia.it\/prodotto\/spazzola-dura-per-spazzolatura-a-secco-tampico\/#breadcrumb"},"inLanguage":"en-GB","potentialAction":[{"@type":"ReadAction","target":["https:\/\/ecobiolia.it\/prodotto\/spazzola-dura-per-spazzolatura-a-secco-tampico\/"]}]},{"@type":"ImageObject","inLanguage":"en-GB","@id":"https:\/\/ecobiolia.it\/prodotto\/spazzola-dura-per-spazzolatura-a-secco-tampico\/#primaryimage","url":"https:\/\/ecobiolia.it\/wp-content\/uploads\/2023\/03\/5240.jpg","contentUrl":"https:\/\/ecobiolia.it\/wp-content\/uploads\/2023\/03\/5240.jpg","width":1200,"height":1067},{"@type":"BreadcrumbList","@id":"https:\/\/ecobiolia.it\/prodotto\/spazzola-dura-per-spazzolatura-a-secco-tampico\/#breadcrumb","itemListElement":[{"@type":"ListItem","position":1,"name":"Home","item":"https:\/\/ecobiolia.it\/"},{"@type":"ListItem","position":2,"name":"Negozio","item":"https:\/\/ecobiolia.it\/negozio\/"},{"@type":"ListItem","position":3,"name":"Spazzola Dura per Spazzolatura a Secco &#8211; Tampico"}]},{"@type":"WebSite","@id":"https:\/\/ecobiolia.it\/it_it\/#website","url":"https:\/\/ecobiolia.it\/it_it\/","name":"EcoBiOlia","description":"Negozio Ecologico per Bambini e Adulti","publisher":{"@id":"https:\/\/ecobiolia.it\/it_it\/#organization"},"potentialAction":[{"@type":"SearchAction","target":{"@type":"EntryPoint","urlTemplate":"https:\/\/ecobiolia.it\/it_it\/?s={search_term_string}"},"query-input":{"@type":"PropertyValueSpecification","valueRequired":true,"valueName":"search_term_string"}}],"inLanguage":"en-GB"},{"@type":"Organization","@id":"https:\/\/ecobiolia.it\/it_it\/#organization","name":"EcoBiOlia","url":"https:\/\/ecobiolia.it\/it_it\/","logo":{"@type":"ImageObject","inLanguage":"en-GB","@id":"https:\/\/ecobiolia.it\/it_it\/#\/schema\/logo\/image\/","url":"https:\/\/ecobiolia.it\/wp-content\/uploads\/2022\/04\/EcoBiOlia-Logo.png","contentUrl":"https:\/\/ecobiolia.it\/wp-content\/uploads\/2022\/04\/EcoBiOlia-Logo.png","width":1772,"height":944,"caption":"EcoBiOlia"},"image":{"@id":"https:\/\/ecobiolia.it\/it_it\/#\/schema\/logo\/image\/"}}]}},"jetpack-related-posts":[{"id":1294,"url":"https:\/\/ecobiolia.it\/en\/product\/martini-spazzola-per-la-spazzolatura-a-secco\/","url_meta":{"origin":4915,"position":0},"title":"Martini &#8211; Spazzola per la Spazzolatura a Secco","author":"Olga","date":"27 February 2022","format":false,"excerpt":"La spazzola per la spazzolatura a secco \u00e8 fantastica per un massaggio quotidiano del corpo. La pelle risulter\u00e0 pi\u00f9 morbida e levigata al tatto. rimuove le cellule morte della pelle aumenta la circolazione disintossica riduce la cellulite \u00a0 \u00a0","rel":"","context":"Similar post","block_context":{"text":"Similar post","link":""},"img":{"alt_text":"","src":"https:\/\/i0.wp.com\/ecobiolia.it\/wp-content\/uploads\/2022\/02\/Martini-Spazzola-Bio.jpg?resize=350%2C200&ssl=1","width":350,"height":200,"srcset":"https:\/\/i0.wp.com\/ecobiolia.it\/wp-content\/uploads\/2022\/02\/Martini-Spazzola-Bio.jpg?resize=350%2C200&ssl=1 1x, https:\/\/i0.wp.com\/ecobiolia.it\/wp-content\/uploads\/2022\/02\/Martini-Spazzola-Bio.jpg?resize=525%2C300&ssl=1 1.5x, https:\/\/i0.wp.com\/ecobiolia.it\/wp-content\/uploads\/2022\/02\/Martini-Spazzola-Bio.jpg?resize=700%2C400&ssl=1 2x, https:\/\/i0.wp.com\/ecobiolia.it\/wp-content\/uploads\/2022\/02\/Martini-Spazzola-Bio.jpg?resize=1050%2C600&ssl=1 3x, https:\/\/i0.wp.com\/ecobiolia.it\/wp-content\/uploads\/2022\/02\/Martini-Spazzola-Bio.jpg?resize=1400%2C800&ssl=1 4x"},"classes":[]},{"id":5015,"url":"https:\/\/ecobiolia.it\/en\/product\/spazzola-cocco-rotonda-per-spazzolatura-a-secco\/","url_meta":{"origin":4915,"position":1},"title":"Spazzola Cocco Rotonda per Spazzolatura a Secco","author":"Olga","date":"1 March 2023","format":false,"excerpt":"Spazzola Cocco Dura Rotonda per Spazzolatura a Secco professionale con fibra di cocco: nitida al tatto, ma delicata sulla struttura della pelle. La fibra qui utilizzata d\u00e0 la sensazione di un forte massaggio, pur essendo cos\u00ec elastica da non esfoliare troppo l'epidermide morta. Il telaio \u00e8 rifinito con un pomello\u2026","rel":"","context":"Similar post","block_context":{"text":"Similar post","link":""},"img":{"alt_text":"","src":"https:\/\/i0.wp.com\/ecobiolia.it\/wp-content\/uploads\/2023\/03\/6792.jpg?resize=350%2C200&ssl=1","width":350,"height":200,"srcset":"https:\/\/i0.wp.com\/ecobiolia.it\/wp-content\/uploads\/2023\/03\/6792.jpg?resize=350%2C200&ssl=1 1x, https:\/\/i0.wp.com\/ecobiolia.it\/wp-content\/uploads\/2023\/03\/6792.jpg?resize=525%2C300&ssl=1 1.5x, https:\/\/i0.wp.com\/ecobiolia.it\/wp-content\/uploads\/2023\/03\/6792.jpg?resize=700%2C400&ssl=1 2x, https:\/\/i0.wp.com\/ecobiolia.it\/wp-content\/uploads\/2023\/03\/6792.jpg?resize=1050%2C600&ssl=1 3x, https:\/\/i0.wp.com\/ecobiolia.it\/wp-content\/uploads\/2023\/03\/6792.jpg?resize=1400%2C800&ssl=1 4x"},"classes":[]},{"id":5016,"url":"https:\/\/ecobiolia.it\/en\/product\/spazzola-cocco-con-manico-per-spazzolatura-a-secco\/","url_meta":{"origin":4915,"position":2},"title":"Spazzola Cocco con Manico per Spazzolatura a Secco","author":"Olga","date":"1 March 2023","format":false,"excerpt":"Spazzola Cocco Dura con manico per Spazzolatura a Secco professionale con fibra di cocco: nitido al tatto, ma delicato sulla struttura della pelle. La fibra qui utilizzata d\u00e0 la sensazione di un forte massaggio, pur essendo cos\u00ec elastica da non esfoliare troppo l'epidermide morta. L'insolita forma a falce rende pi\u00f9\u2026","rel":"","context":"Similar post","block_context":{"text":"Similar post","link":""},"img":{"alt_text":"","src":"https:\/\/i0.wp.com\/ecobiolia.it\/wp-content\/uploads\/2023\/03\/6830.jpg?resize=350%2C200&ssl=1","width":350,"height":200,"srcset":"https:\/\/i0.wp.com\/ecobiolia.it\/wp-content\/uploads\/2023\/03\/6830.jpg?resize=350%2C200&ssl=1 1x, https:\/\/i0.wp.com\/ecobiolia.it\/wp-content\/uploads\/2023\/03\/6830.jpg?resize=525%2C300&ssl=1 1.5x, https:\/\/i0.wp.com\/ecobiolia.it\/wp-content\/uploads\/2023\/03\/6830.jpg?resize=700%2C400&ssl=1 2x, https:\/\/i0.wp.com\/ecobiolia.it\/wp-content\/uploads\/2023\/03\/6830.jpg?resize=1050%2C600&ssl=1 3x, https:\/\/i0.wp.com\/ecobiolia.it\/wp-content\/uploads\/2023\/03\/6830.jpg?resize=1400%2C800&ssl=1 4x"},"classes":[]},{"id":5607,"url":"https:\/\/ecobiolia.it\/en\/product\/spazzola-per-spazzolatura-a-umido-o-a-secco\/","url_meta":{"origin":4915,"position":3},"title":"Spazzola per Spazzolatura a Umido o a Secco","author":"Olga","date":"5 September 2023","format":false,"excerpt":"Edizione speciale di Spazzola per Spazzolatura a Umido o a Secco utilizzabile in acqua. Puoi usare il pennello in due modi: per la spazzolatura a secco e a umido. L\u2019unico sul mercato. La sua lunghezza perfetta permette di esfoliare efficacemente il corpo, aiutando a liberarsi della pelle morta, rilassare le\u2026","rel":"","context":"Similar post","block_context":{"text":"Similar post","link":""},"img":{"alt_text":"","src":"https:\/\/i0.wp.com\/ecobiolia.it\/wp-content\/uploads\/2023\/09\/5768.jpg?resize=350%2C200&ssl=1","width":350,"height":200,"srcset":"https:\/\/i0.wp.com\/ecobiolia.it\/wp-content\/uploads\/2023\/09\/5768.jpg?resize=350%2C200&ssl=1 1x, https:\/\/i0.wp.com\/ecobiolia.it\/wp-content\/uploads\/2023\/09\/5768.jpg?resize=525%2C300&ssl=1 1.5x, https:\/\/i0.wp.com\/ecobiolia.it\/wp-content\/uploads\/2023\/09\/5768.jpg?resize=700%2C400&ssl=1 2x, https:\/\/i0.wp.com\/ecobiolia.it\/wp-content\/uploads\/2023\/09\/5768.jpg?resize=1050%2C600&ssl=1 3x"},"classes":[]},{"id":3995,"url":"https:\/\/ecobiolia.it\/en\/product\/spazzola-corpo-per-spazzolatura-a-secco-tampico\/","url_meta":{"origin":4915,"position":4},"title":"Spazzola Corpo per Spazzolatura a Secco &#8211; Tampico","author":"Olga","date":"22 August 2022","format":false,"excerpt":"Massaggia delicatamente ed esfolia la pelle con questa Spazzola Corpo per Spazzolatura a Secco. La pelle risulter\u00e0 pi\u00f9 morbida e levigata al tatto. Spazzola per il corpo Rimuove le cellule morte della pelle Aiuta a stimolare la microcircolazione cutanea Ideale per un'esfoliazione regolare Favorisce inoltre la circolazione sanguigna e stimola\u2026","rel":"","context":"Similar post","block_context":{"text":"Similar post","link":""},"img":{"alt_text":"","src":"https:\/\/i0.wp.com\/ecobiolia.it\/wp-content\/uploads\/2022\/08\/5255.jpg?resize=350%2C200&ssl=1","width":350,"height":200,"srcset":"https:\/\/i0.wp.com\/ecobiolia.it\/wp-content\/uploads\/2022\/08\/5255.jpg?resize=350%2C200&ssl=1 1x, https:\/\/i0.wp.com\/ecobiolia.it\/wp-content\/uploads\/2022\/08\/5255.jpg?resize=525%2C300&ssl=1 1.5x, https:\/\/i0.wp.com\/ecobiolia.it\/wp-content\/uploads\/2022\/08\/5255.jpg?resize=700%2C400&ssl=1 2x, https:\/\/i0.wp.com\/ecobiolia.it\/wp-content\/uploads\/2022\/08\/5255.jpg?resize=1050%2C600&ssl=1 3x"},"classes":[]},{"id":3991,"url":"https:\/\/ecobiolia.it\/en\/product\/spazzola-massaggio-per-seno-collo-e-decollete\/","url_meta":{"origin":4915,"position":5},"title":"Spazzola Massaggio per Seno, Collo e D\u00e9collet\u00e9","author":"Olga","date":"22 August 2022","format":false,"excerpt":"Sapevi che spazzolare il seno, il collo e il decollet\u00e9 inverte gli effetti della gravit\u00e0? Non solo \u00e8 salutare, ma migliora anche la circolazione sanguigna e la compattezza della pelle. Prendersi cura di se stessi non \u00e8 egoismo, ma rispetto per il proprio corpo. Puoi pensare a tutta la famiglia,\u2026","rel":"","context":"Similar post","block_context":{"text":"Similar post","link":""},"img":{"alt_text":"","src":"https:\/\/i0.wp.com\/ecobiolia.it\/wp-content\/uploads\/2022\/08\/5748.jpg?resize=350%2C200&ssl=1","width":350,"height":200,"srcset":"https:\/\/i0.wp.com\/ecobiolia.it\/wp-content\/uploads\/2022\/08\/5748.jpg?resize=350%2C200&ssl=1 1x, https:\/\/i0.wp.com\/ecobiolia.it\/wp-content\/uploads\/2022\/08\/5748.jpg?resize=525%2C300&ssl=1 1.5x, https:\/\/i0.wp.com\/ecobiolia.it\/wp-content\/uploads\/2022\/08\/5748.jpg?resize=700%2C400&ssl=1 2x, https:\/\/i0.wp.com\/ecobiolia.it\/wp-content\/uploads\/2022\/08\/5748.jpg?resize=1050%2C600&ssl=1 3x"},"classes":[]}],"jetpack_sharing_enabled":true,"_links":{"self":[{"href":"https:\/\/ecobiolia.it\/en\/wp-json\/wp\/v2\/product\/4915","targetHints":{"allow":["GET"]}}],"collection":[{"href":"https:\/\/ecobiolia.it\/en\/wp-json\/wp\/v2\/product"}],"about":[{"href":"https:\/\/ecobiolia.it\/en\/wp-json\/wp\/v2\/types\/product"}],"replies":[{"embeddable":true,"href":"https:\/\/ecobiolia.it\/en\/wp-json\/wp\/v2\/comments?post=4915"}],"version-history":[{"count":1,"href":"https:\/\/ecobiolia.it\/en\/wp-json\/wp\/v2\/product\/4915\/revisions"}],"predecessor-version":[{"id":6606,"href":"https:\/\/ecobiolia.it\/en\/wp-json\/wp\/v2\/product\/4915\/revisions\/6606"}],"wp:featuredmedia":[{"embeddable":true,"href":"https:\/\/ecobiolia.it\/en\/wp-json\/wp\/v2\/media\/4970"}],"wp:attachment":[{"href":"https:\/\/ecobiolia.it\/en\/wp-json\/wp\/v2\/media?parent=4915"}],"wp:term":[{"taxonomy":"product_brand","embeddable":true,"href":"https:\/\/ecobiolia.it\/en\/wp-json\/wp\/v2\/product_brand?post=4915"},{"taxonomy":"product_cat","embeddable":true,"href":"https:\/\/ecobiolia.it\/en\/wp-json\/wp\/v2\/product_cat?post=4915"},{"taxonomy":"product_tag","embeddable":true,"href":"https:\/\/ecobiolia.it\/en\/wp-json\/wp\/v2\/product_tag?post=4915"}],"curies":[{"name":"wp","href":"https:\/\/api.w.org\/{rel}","templated":true}]}}