{"id":4914,"date":"2023-03-01T22:04:02","date_gmt":"2023-03-01T22:04:02","guid":{"rendered":"https:\/\/ecobiolia.it\/?post_type=product&#038;p=4914"},"modified":"2026-03-30T18:25:17","modified_gmt":"2026-03-30T18:25:17","slug":"borsa-marsupio-donna-elegante-in-ecopelle-nera","status":"publish","type":"product","link":"https:\/\/ecobiolia.it\/en\/product\/borsa-marsupio-donna-elegante-in-ecopelle-nera\/","title":{"rendered":"Borsa Marsupio Donna Elegante in Ecopelle &#8211; Nera"},"content":{"rendered":"<p>Borsa Marsupio Donna Elegante in Ecopelle<\/p>\n<p><span class=\"HwtZe\" lang=\"it\"><span class=\"jCAhz ChMk0b\"><span class=\"ryNqvb\">Dimensioni: 15&#215;35 cm circa.<\/span><\/span> <\/span><\/p>\n<p><span class=\"HwtZe\" lang=\"it\"><span class=\"jCAhz ChMk0b\"><span class=\"ryNqvb\">Lunghezza cinturino:<\/span><\/span> <span class=\"jCAhz ChMk0b\"><span class=\"ryNqvb\">La cintura \u00e8 regolabile e permette di adattare la circonferenza alla propria figura (lunghezza massima cintura 95 cm \/ minima 2 cm + lunghezza reni).<\/span><\/span> <\/span><\/p>\n<p><span class=\"HwtZe\" lang=\"it\"><span class=\"jCAhz ChMk0b\"><span class=\"ryNqvb\">Materiale: 100% ecopelle di altissima qualit\u00e0.<\/span><\/span> <span class=\"jCAhz ChMk0b\"><span class=\"ryNqvb\">Fodera: 100% poliestere, motivo giardino lunare.<\/span><\/span> <\/span><\/p>\n<p><span class=\"HwtZe\" lang=\"it\"><span class=\"jCAhz ChMk0b\"><span class=\"ryNqvb\">Pulizia: pulire lo sporco con un panno umido.<\/span><\/span> <\/span><\/p>\n<p><span class=\"HwtZe\" lang=\"it\"><span class=\"jCAhz ChMk0b\"><span class=\"ryNqvb\">Un prodotto dello studio PAK.IN, un marchio polacco specializzato nella confezione di zaini.<\/span><\/span> <span class=\"jCAhz ChMk0b\"><span class=\"ryNqvb\">Non ci sono elementi superflui o mal concepiti.<\/span><\/span> <\/span><\/p>\n<p><span class=\"HwtZe\" lang=\"it\"><span class=\"jCAhz ChMk0b\"><span class=\"ryNqvb\">Prodotto polacco.<\/span><\/span><\/span><\/p>","protected":false},"excerpt":{"rendered":"<p><span class=\"HwtZe\" lang=\"it\"><span class=\"jCAhz ChMk0b\"><span class=\"ryNqvb\">Stai cercando una borsa bella e pratica che si adatti ai tuoi oggetti essenziali senza occupare troppo spazio?<\/span><\/span> <span class=\"jCAhz ChMk0b\"><span class=\"ryNqvb\">Abbiamo la soluzione perfetta per te!<\/span><\/span> <span class=\"jCAhz ChMk0b\"><span class=\"ryNqvb\">La combinazione di un&#8217;elegante ecopelle all&#8217;esterno e una fodera in fantasia Moon Garden all&#8217;interno \u00e8 un MUST HAVE per ogni donna che apprezza lo stile e il comfort, e troverai tutto questo nella nostra <a href=\"https:\/\/lullalove.it\/product\/borsa-a-tracolla-trasformabile-in-zaino-in-ecopelle-nera\/\">BORSA<\/a>!<\/span><\/span> <span class=\"jCAhz ChMk0b\"><span class=\"ryNqvb\">Una borsa capiente con due tasche e tracolla regolabile che pu\u00f2 essere indossata a spalla o in vita.<\/span><\/span><\/span><\/p>","protected":false},"featured_media":4964,"comment_status":"open","ping_status":"closed","template":"","meta":[],"product_brand":[],"product_cat":[115],"product_tag":[],"class_list":{"0":"post-4914","1":"product","2":"type-product","3":"status-publish","4":"has-post-thumbnail","6":"product_cat-borse","8":"first","9":"instock","10":"taxable","11":"shipping-taxable","12":"purchasable","13":"product-type-simple"},"yoast_head":"<!-- This site is optimized with the Yoast SEO plugin v27.3 - https:\/\/yoast.com\/product\/yoast-seo-wordpress\/ -->\n<title>Borsa Marsupio Donna Elegante in Ecopelle - Nera - EcoBiOlia<\/title>\n<meta name=\"robots\" content=\"index, follow, max-snippet:-1, max-image-preview:large, max-video-preview:-1\" \/>\n<link rel=\"canonical\" href=\"https:\/\/ecobiolia.it\/en\/product\/borsa-marsupio-donna-elegante-in-ecopelle-nera\/\" \/>\n<meta property=\"og:locale\" content=\"en_GB\" \/>\n<meta property=\"og:type\" content=\"article\" \/>\n<meta property=\"og:title\" content=\"Borsa Marsupio Donna Elegante in Ecopelle - Nera - EcoBiOlia\" \/>\n<meta property=\"og:description\" content=\"Stai cercando una borsa bella e pratica che si adatti ai tuoi oggetti essenziali senza occupare troppo spazio? Abbiamo la soluzione perfetta per te! La combinazione di un&#039;elegante ecopelle all&#039;esterno e una fodera in fantasia Moon Garden all&#039;interno \u00e8 un MUST HAVE per ogni donna che apprezza lo stile e il comfort, e troverai tutto questo nella nostra BORSA! Una borsa capiente con due tasche e tracolla regolabile che pu\u00f2 essere indossata a spalla o in vita.\" \/>\n<meta property=\"og:url\" content=\"https:\/\/ecobiolia.it\/en\/product\/borsa-marsupio-donna-elegante-in-ecopelle-nera\/\" \/>\n<meta property=\"og:site_name\" content=\"EcoBiOlia\" \/>\n<meta property=\"article:modified_time\" content=\"2026-03-30T18:25:17+00:00\" \/>\n<meta property=\"og:image\" content=\"https:\/\/ecobiolia.it\/wp-content\/uploads\/2023\/03\/6903.jpg\" \/>\n\t<meta property=\"og:image:width\" content=\"1600\" \/>\n\t<meta property=\"og:image:height\" content=\"1423\" \/>\n\t<meta property=\"og:image:type\" content=\"image\/jpeg\" \/>\n<meta name=\"twitter:card\" content=\"summary_large_image\" \/>\n<meta name=\"twitter:label1\" content=\"Estimated reading time\" \/>\n\t<meta name=\"twitter:data1\" content=\"1 minute\" \/>\n<script type=\"application\/ld+json\" class=\"yoast-schema-graph\">{\"@context\":\"https:\\\/\\\/schema.org\",\"@graph\":[{\"@type\":\"WebPage\",\"@id\":\"https:\\\/\\\/ecobiolia.it\\\/prodotto\\\/borsa-marsupio-donna-elegante-in-ecopelle-nera\\\/\",\"url\":\"https:\\\/\\\/ecobiolia.it\\\/prodotto\\\/borsa-marsupio-donna-elegante-in-ecopelle-nera\\\/\",\"name\":\"Borsa Marsupio Donna Elegante in Ecopelle - Nera - EcoBiOlia\",\"isPartOf\":{\"@id\":\"https:\\\/\\\/ecobiolia.it\\\/it_it\\\/#website\"},\"primaryImageOfPage\":{\"@id\":\"https:\\\/\\\/ecobiolia.it\\\/prodotto\\\/borsa-marsupio-donna-elegante-in-ecopelle-nera\\\/#primaryimage\"},\"image\":{\"@id\":\"https:\\\/\\\/ecobiolia.it\\\/prodotto\\\/borsa-marsupio-donna-elegante-in-ecopelle-nera\\\/#primaryimage\"},\"thumbnailUrl\":\"https:\\\/\\\/ecobiolia.it\\\/wp-content\\\/uploads\\\/2023\\\/03\\\/6903.jpg\",\"datePublished\":\"2023-03-01T22:04:02+00:00\",\"dateModified\":\"2026-03-30T18:25:17+00:00\",\"breadcrumb\":{\"@id\":\"https:\\\/\\\/ecobiolia.it\\\/prodotto\\\/borsa-marsupio-donna-elegante-in-ecopelle-nera\\\/#breadcrumb\"},\"inLanguage\":\"en-GB\",\"potentialAction\":[{\"@type\":\"ReadAction\",\"target\":[\"https:\\\/\\\/ecobiolia.it\\\/prodotto\\\/borsa-marsupio-donna-elegante-in-ecopelle-nera\\\/\"]}]},{\"@type\":\"ImageObject\",\"inLanguage\":\"en-GB\",\"@id\":\"https:\\\/\\\/ecobiolia.it\\\/prodotto\\\/borsa-marsupio-donna-elegante-in-ecopelle-nera\\\/#primaryimage\",\"url\":\"https:\\\/\\\/ecobiolia.it\\\/wp-content\\\/uploads\\\/2023\\\/03\\\/6903.jpg\",\"contentUrl\":\"https:\\\/\\\/ecobiolia.it\\\/wp-content\\\/uploads\\\/2023\\\/03\\\/6903.jpg\",\"width\":1600,\"height\":1423},{\"@type\":\"BreadcrumbList\",\"@id\":\"https:\\\/\\\/ecobiolia.it\\\/prodotto\\\/borsa-marsupio-donna-elegante-in-ecopelle-nera\\\/#breadcrumb\",\"itemListElement\":[{\"@type\":\"ListItem\",\"position\":1,\"name\":\"Home\",\"item\":\"https:\\\/\\\/ecobiolia.it\\\/\"},{\"@type\":\"ListItem\",\"position\":2,\"name\":\"Negozio\",\"item\":\"https:\\\/\\\/ecobiolia.it\\\/negozio\\\/\"},{\"@type\":\"ListItem\",\"position\":3,\"name\":\"Borsa Marsupio Donna Elegante in Ecopelle &#8211; Nera\"}]},{\"@type\":\"WebSite\",\"@id\":\"https:\\\/\\\/ecobiolia.it\\\/it_it\\\/#website\",\"url\":\"https:\\\/\\\/ecobiolia.it\\\/it_it\\\/\",\"name\":\"EcoBiOlia\",\"description\":\"Negozio Ecologico per Bambini e Adulti\",\"publisher\":{\"@id\":\"https:\\\/\\\/ecobiolia.it\\\/it_it\\\/#organization\"},\"potentialAction\":[{\"@type\":\"SearchAction\",\"target\":{\"@type\":\"EntryPoint\",\"urlTemplate\":\"https:\\\/\\\/ecobiolia.it\\\/it_it\\\/?s={search_term_string}\"},\"query-input\":{\"@type\":\"PropertyValueSpecification\",\"valueRequired\":true,\"valueName\":\"search_term_string\"}}],\"inLanguage\":\"en-GB\"},{\"@type\":\"Organization\",\"@id\":\"https:\\\/\\\/ecobiolia.it\\\/it_it\\\/#organization\",\"name\":\"EcoBiOlia\",\"url\":\"https:\\\/\\\/ecobiolia.it\\\/it_it\\\/\",\"logo\":{\"@type\":\"ImageObject\",\"inLanguage\":\"en-GB\",\"@id\":\"https:\\\/\\\/ecobiolia.it\\\/it_it\\\/#\\\/schema\\\/logo\\\/image\\\/\",\"url\":\"https:\\\/\\\/ecobiolia.it\\\/wp-content\\\/uploads\\\/2022\\\/04\\\/EcoBiOlia-Logo.png\",\"contentUrl\":\"https:\\\/\\\/ecobiolia.it\\\/wp-content\\\/uploads\\\/2022\\\/04\\\/EcoBiOlia-Logo.png\",\"width\":1772,\"height\":944,\"caption\":\"EcoBiOlia\"},\"image\":{\"@id\":\"https:\\\/\\\/ecobiolia.it\\\/it_it\\\/#\\\/schema\\\/logo\\\/image\\\/\"}}]}<\/script>\n<!-- \/ Yoast SEO plugin. -->","yoast_head_json":{"title":"Borsa Marsupio Donna Elegante in Ecopelle - Nera - EcoBiOlia","robots":{"index":"index","follow":"follow","max-snippet":"max-snippet:-1","max-image-preview":"max-image-preview:large","max-video-preview":"max-video-preview:-1"},"canonical":"https:\/\/ecobiolia.it\/en\/product\/borsa-marsupio-donna-elegante-in-ecopelle-nera\/","og_locale":"en_GB","og_type":"article","og_title":"Borsa Marsupio Donna Elegante in Ecopelle - Nera - EcoBiOlia","og_description":"Stai cercando una borsa bella e pratica che si adatti ai tuoi oggetti essenziali senza occupare troppo spazio? Abbiamo la soluzione perfetta per te! La combinazione di un'elegante ecopelle all'esterno e una fodera in fantasia Moon Garden all'interno \u00e8 un MUST HAVE per ogni donna che apprezza lo stile e il comfort, e troverai tutto questo nella nostra BORSA! Una borsa capiente con due tasche e tracolla regolabile che pu\u00f2 essere indossata a spalla o in vita.","og_url":"https:\/\/ecobiolia.it\/en\/product\/borsa-marsupio-donna-elegante-in-ecopelle-nera\/","og_site_name":"EcoBiOlia","article_modified_time":"2026-03-30T18:25:17+00:00","og_image":[{"width":1600,"height":1423,"url":"https:\/\/ecobiolia.it\/wp-content\/uploads\/2023\/03\/6903.jpg","type":"image\/jpeg"}],"twitter_card":"summary_large_image","twitter_misc":{"Estimated reading time":"1 minute"},"schema":{"@context":"https:\/\/schema.org","@graph":[{"@type":"WebPage","@id":"https:\/\/ecobiolia.it\/prodotto\/borsa-marsupio-donna-elegante-in-ecopelle-nera\/","url":"https:\/\/ecobiolia.it\/prodotto\/borsa-marsupio-donna-elegante-in-ecopelle-nera\/","name":"Borsa Marsupio Donna Elegante in Ecopelle - Nera - EcoBiOlia","isPartOf":{"@id":"https:\/\/ecobiolia.it\/it_it\/#website"},"primaryImageOfPage":{"@id":"https:\/\/ecobiolia.it\/prodotto\/borsa-marsupio-donna-elegante-in-ecopelle-nera\/#primaryimage"},"image":{"@id":"https:\/\/ecobiolia.it\/prodotto\/borsa-marsupio-donna-elegante-in-ecopelle-nera\/#primaryimage"},"thumbnailUrl":"https:\/\/ecobiolia.it\/wp-content\/uploads\/2023\/03\/6903.jpg","datePublished":"2023-03-01T22:04:02+00:00","dateModified":"2026-03-30T18:25:17+00:00","breadcrumb":{"@id":"https:\/\/ecobiolia.it\/prodotto\/borsa-marsupio-donna-elegante-in-ecopelle-nera\/#breadcrumb"},"inLanguage":"en-GB","potentialAction":[{"@type":"ReadAction","target":["https:\/\/ecobiolia.it\/prodotto\/borsa-marsupio-donna-elegante-in-ecopelle-nera\/"]}]},{"@type":"ImageObject","inLanguage":"en-GB","@id":"https:\/\/ecobiolia.it\/prodotto\/borsa-marsupio-donna-elegante-in-ecopelle-nera\/#primaryimage","url":"https:\/\/ecobiolia.it\/wp-content\/uploads\/2023\/03\/6903.jpg","contentUrl":"https:\/\/ecobiolia.it\/wp-content\/uploads\/2023\/03\/6903.jpg","width":1600,"height":1423},{"@type":"BreadcrumbList","@id":"https:\/\/ecobiolia.it\/prodotto\/borsa-marsupio-donna-elegante-in-ecopelle-nera\/#breadcrumb","itemListElement":[{"@type":"ListItem","position":1,"name":"Home","item":"https:\/\/ecobiolia.it\/"},{"@type":"ListItem","position":2,"name":"Negozio","item":"https:\/\/ecobiolia.it\/negozio\/"},{"@type":"ListItem","position":3,"name":"Borsa Marsupio Donna Elegante in Ecopelle &#8211; Nera"}]},{"@type":"WebSite","@id":"https:\/\/ecobiolia.it\/it_it\/#website","url":"https:\/\/ecobiolia.it\/it_it\/","name":"EcoBiOlia","description":"Negozio Ecologico per Bambini e Adulti","publisher":{"@id":"https:\/\/ecobiolia.it\/it_it\/#organization"},"potentialAction":[{"@type":"SearchAction","target":{"@type":"EntryPoint","urlTemplate":"https:\/\/ecobiolia.it\/it_it\/?s={search_term_string}"},"query-input":{"@type":"PropertyValueSpecification","valueRequired":true,"valueName":"search_term_string"}}],"inLanguage":"en-GB"},{"@type":"Organization","@id":"https:\/\/ecobiolia.it\/it_it\/#organization","name":"EcoBiOlia","url":"https:\/\/ecobiolia.it\/it_it\/","logo":{"@type":"ImageObject","inLanguage":"en-GB","@id":"https:\/\/ecobiolia.it\/it_it\/#\/schema\/logo\/image\/","url":"https:\/\/ecobiolia.it\/wp-content\/uploads\/2022\/04\/EcoBiOlia-Logo.png","contentUrl":"https:\/\/ecobiolia.it\/wp-content\/uploads\/2022\/04\/EcoBiOlia-Logo.png","width":1772,"height":944,"caption":"EcoBiOlia"},"image":{"@id":"https:\/\/ecobiolia.it\/it_it\/#\/schema\/logo\/image\/"}}]}},"jetpack-related-posts":[{"id":1924,"url":"https:\/\/ecobiolia.it\/en\/product\/cannucce-in-silicone-di-grandi-dimensioni-riutilizzabili\/","url_meta":{"origin":4914,"position":0},"title":"Cannucce in Silicone di Grandi Dimensioni Riutilizzabili","author":"Olga","date":"30 May 2022","format":false,"excerpt":"Le cannucce in silicone sono realizzate in silicone 100% alimentare certificato SGS, approvato FDA e LFGB.\u00a0 Senza piombo e BPA. Sono di grandi dimensioni, morbide per i denti, flessibili e resistenti. Sono adatte a qualsiasi tipo di tazza, perfetta per frullati, frapp\u00e8, yogurt e altre bevande pi\u00f9 dense. Ottima anche\u2026","rel":"","context":"Similar post","block_context":{"text":"Similar post","link":""},"img":{"alt_text":"","src":"https:\/\/i0.wp.com\/ecobiolia.it\/wp-content\/uploads\/2022\/05\/EcoBiOlia-Cannucce-Silicone-Dritte-Piegate.jpg?resize=350%2C200&ssl=1","width":350,"height":200,"srcset":"https:\/\/i0.wp.com\/ecobiolia.it\/wp-content\/uploads\/2022\/05\/EcoBiOlia-Cannucce-Silicone-Dritte-Piegate.jpg?resize=350%2C200&ssl=1 1x, https:\/\/i0.wp.com\/ecobiolia.it\/wp-content\/uploads\/2022\/05\/EcoBiOlia-Cannucce-Silicone-Dritte-Piegate.jpg?resize=525%2C300&ssl=1 1.5x, https:\/\/i0.wp.com\/ecobiolia.it\/wp-content\/uploads\/2022\/05\/EcoBiOlia-Cannucce-Silicone-Dritte-Piegate.jpg?resize=700%2C400&ssl=1 2x, https:\/\/i0.wp.com\/ecobiolia.it\/wp-content\/uploads\/2022\/05\/EcoBiOlia-Cannucce-Silicone-Dritte-Piegate.jpg?resize=1050%2C600&ssl=1 3x, https:\/\/i0.wp.com\/ecobiolia.it\/wp-content\/uploads\/2022\/05\/EcoBiOlia-Cannucce-Silicone-Dritte-Piegate.jpg?resize=1400%2C800&ssl=1 4x"},"classes":[]},{"id":2611,"url":"https:\/\/ecobiolia.it\/en\/product\/mussola-neonato-bamboo-e-cotone-100x100-fantasie-animaletti\/","url_meta":{"origin":4914,"position":1},"title":"Mussola Neonato Bamboo e Cotone 100&#215;100 &#8211; Fantasie Animaletti","author":"Olga","date":"24 June 2022","format":false,"excerpt":"Mussola per neonato in pregiato mix di bamboo e cotone, misura 100x100 cm, \u00e8 la scelta ideale per chi cerca un tessuto naturale, sicuro e incredibilmente soffice. Tessuto certificato Oeko-Tex Standard 100, ultra delicato e traspirante. Scegli tra le nostre dolci fantasie con animaletti: Cagnolini, Cavallino o Coniglietto. Ideale come\u2026","rel":"","context":"Similar post","block_context":{"text":"Similar post","link":""},"img":{"alt_text":"","src":"https:\/\/i0.wp.com\/ecobiolia.it\/wp-content\/uploads\/2022\/06\/Mussola-in-Bamboo-Neonato-Picoli-Amici-scaled.jpg?resize=350%2C200&ssl=1","width":350,"height":200,"srcset":"https:\/\/i0.wp.com\/ecobiolia.it\/wp-content\/uploads\/2022\/06\/Mussola-in-Bamboo-Neonato-Picoli-Amici-scaled.jpg?resize=350%2C200&ssl=1 1x, https:\/\/i0.wp.com\/ecobiolia.it\/wp-content\/uploads\/2022\/06\/Mussola-in-Bamboo-Neonato-Picoli-Amici-scaled.jpg?resize=525%2C300&ssl=1 1.5x, https:\/\/i0.wp.com\/ecobiolia.it\/wp-content\/uploads\/2022\/06\/Mussola-in-Bamboo-Neonato-Picoli-Amici-scaled.jpg?resize=700%2C400&ssl=1 2x, https:\/\/i0.wp.com\/ecobiolia.it\/wp-content\/uploads\/2022\/06\/Mussola-in-Bamboo-Neonato-Picoli-Amici-scaled.jpg?resize=1050%2C600&ssl=1 3x, https:\/\/i0.wp.com\/ecobiolia.it\/wp-content\/uploads\/2022\/06\/Mussola-in-Bamboo-Neonato-Picoli-Amici-scaled.jpg?resize=1400%2C800&ssl=1 4x"},"classes":[]},{"id":6158,"url":"https:\/\/ecobiolia.it\/en\/product\/vestaglia-corta-kimono-in-100-bambu-termoregolante\/","url_meta":{"origin":4914,"position":2},"title":"Vestaglia Corta, Kimono in 100% Bamb\u00f9 Termoregolante","author":"Olga","date":"11 July 2024","format":false,"excerpt":"Vestaglia Corta, Kimono in 100% Bamb\u00f9 Termoregolante \u00e8 super comoda ed elegante. Sar\u00e0 perfetta nelle giornate calde come mantello, ad esempio per la spiaggia vestito arioso. ideale anche in casa, al posto dell'accappatoio. ideale per le donne in cinta. Le maniche svasate a 3\/4 e il taglio corto sottolineano i\u2026","rel":"","context":"Similar post","block_context":{"text":"Similar post","link":""},"img":{"alt_text":"","src":"https:\/\/i0.wp.com\/ecobiolia.it\/wp-content\/uploads\/2024\/07\/Kimono-bambu-per-estate.jpg?resize=350%2C200&ssl=1","width":350,"height":200,"srcset":"https:\/\/i0.wp.com\/ecobiolia.it\/wp-content\/uploads\/2024\/07\/Kimono-bambu-per-estate.jpg?resize=350%2C200&ssl=1 1x, https:\/\/i0.wp.com\/ecobiolia.it\/wp-content\/uploads\/2024\/07\/Kimono-bambu-per-estate.jpg?resize=525%2C300&ssl=1 1.5x, https:\/\/i0.wp.com\/ecobiolia.it\/wp-content\/uploads\/2024\/07\/Kimono-bambu-per-estate.jpg?resize=700%2C400&ssl=1 2x, https:\/\/i0.wp.com\/ecobiolia.it\/wp-content\/uploads\/2024\/07\/Kimono-bambu-per-estate.jpg?resize=1050%2C600&ssl=1 3x"},"classes":[]},{"id":1764,"url":"https:\/\/ecobiolia.it\/en\/product\/cannucce-in-silicone-alimentare-certificato-di-alta-qualita\/","url_meta":{"origin":4914,"position":3},"title":"Cannucce in Silicone Alimentare Certificato di Alta Qualit\u00e0","author":"Olga","date":"26 April 2022","format":false,"excerpt":"Le cannucce in silicone sono realizzate in silicone 100% alimentare certificato SGS, approvato FDA e LFGB.\u00a0 Senza piombo e BPA. Sono di grandi dimensioni, morbide per i denti, flessibili e resistenti. Sono adatte a qualsiasi tipo di tazza, perfetta per frullati, frapp\u00e8, yogurt e altre bevande pi\u00f9 dense. Ottima anche\u2026","rel":"","context":"With 2 comments","block_context":{"text":"With 2 comments","link":"https:\/\/ecobiolia.it\/en\/product\/cannucce-in-silicone-alimentare-certificato-di-alta-qualita\/#comments"},"img":{"alt_text":"","src":"https:\/\/i0.wp.com\/ecobiolia.it\/wp-content\/uploads\/2022\/05\/EcoBiOlia-Cannucce-Silicone-Dritte-Piegate.jpg?resize=350%2C200&ssl=1","width":350,"height":200,"srcset":"https:\/\/i0.wp.com\/ecobiolia.it\/wp-content\/uploads\/2022\/05\/EcoBiOlia-Cannucce-Silicone-Dritte-Piegate.jpg?resize=350%2C200&ssl=1 1x, https:\/\/i0.wp.com\/ecobiolia.it\/wp-content\/uploads\/2022\/05\/EcoBiOlia-Cannucce-Silicone-Dritte-Piegate.jpg?resize=525%2C300&ssl=1 1.5x, https:\/\/i0.wp.com\/ecobiolia.it\/wp-content\/uploads\/2022\/05\/EcoBiOlia-Cannucce-Silicone-Dritte-Piegate.jpg?resize=700%2C400&ssl=1 2x, https:\/\/i0.wp.com\/ecobiolia.it\/wp-content\/uploads\/2022\/05\/EcoBiOlia-Cannucce-Silicone-Dritte-Piegate.jpg?resize=1050%2C600&ssl=1 3x, https:\/\/i0.wp.com\/ecobiolia.it\/wp-content\/uploads\/2022\/05\/EcoBiOlia-Cannucce-Silicone-Dritte-Piegate.jpg?resize=1400%2C800&ssl=1 4x"},"classes":[]},{"id":1909,"url":"https:\/\/ecobiolia.it\/en\/product\/cannucce-divertenti-riutilizzabili-per-bambini-in-silicone\/","url_meta":{"origin":4914,"position":4},"title":"Cannucce Divertenti Riutilizzabili per Bambini in Silicone","author":"Olga","date":"28 May 2022","format":false,"excerpt":"Cannucce Divertenti Riutilizzabili Per Bambini sono realizzate in silicone 100% alimentare certificato SGS, approvato FDA e LFGB.\u00a0 Senza piombo e BPA. Sono morbide per i denti, flessibili e resistenti. Possono essere usati per bevande sia calde che fredde, sterilizzati sul vapore, lavati in lavastoviglie. Ottime per bere acqua, latte, succhi,\u2026","rel":"","context":"With 2 comments","block_context":{"text":"With 2 comments","link":"https:\/\/ecobiolia.it\/en\/product\/cannucce-divertenti-riutilizzabili-per-bambini-in-silicone\/#comments"},"img":{"alt_text":"","src":"https:\/\/i0.wp.com\/ecobiolia.it\/wp-content\/uploads\/2022\/05\/EcoBiOlia-Cannucce-Divertenti.jpg?resize=350%2C200&ssl=1","width":350,"height":200,"srcset":"https:\/\/i0.wp.com\/ecobiolia.it\/wp-content\/uploads\/2022\/05\/EcoBiOlia-Cannucce-Divertenti.jpg?resize=350%2C200&ssl=1 1x, https:\/\/i0.wp.com\/ecobiolia.it\/wp-content\/uploads\/2022\/05\/EcoBiOlia-Cannucce-Divertenti.jpg?resize=525%2C300&ssl=1 1.5x, https:\/\/i0.wp.com\/ecobiolia.it\/wp-content\/uploads\/2022\/05\/EcoBiOlia-Cannucce-Divertenti.jpg?resize=700%2C400&ssl=1 2x, https:\/\/i0.wp.com\/ecobiolia.it\/wp-content\/uploads\/2022\/05\/EcoBiOlia-Cannucce-Divertenti.jpg?resize=1050%2C600&ssl=1 3x, https:\/\/i0.wp.com\/ecobiolia.it\/wp-content\/uploads\/2022\/05\/EcoBiOlia-Cannucce-Divertenti.jpg?resize=1400%2C800&ssl=1 4x"},"classes":[]},{"id":6205,"url":"https:\/\/ecobiolia.it\/en\/product\/assorbenti-sottili-in-cotone-biologico-set-di-cinque-con-wetbag\/","url_meta":{"origin":4914,"position":5},"title":"Assorbenti Sottili in Cotone Biologico &#8211; Set di Cinque con Wet Bag","author":"Olga","date":"22 July 2024","format":false,"excerpt":"Assorbenti Lavabili Sottili in Cotone Biologico Certificato GOTS di slim fit sono ideali per chi preferisce soluzione ecologica, invisibile vestibilit\u00e0 ma allo stesso tempo cerca una buona assorbenza. Sono molto comodi e non visibili con vestiti aderenti, perch\u00e9 sono sottili, lunghi 24.5 cm e hanno larghezza anatomica 9 cm \u2013\u2026","rel":"","context":"Similar post","block_context":{"text":"Similar post","link":""},"img":{"alt_text":"","src":"https:\/\/i0.wp.com\/ecobiolia.it\/wp-content\/uploads\/2024\/07\/Set-di-cinque-assorbenti-in-cotone-biologico.png?resize=350%2C200&ssl=1","width":350,"height":200,"srcset":"https:\/\/i0.wp.com\/ecobiolia.it\/wp-content\/uploads\/2024\/07\/Set-di-cinque-assorbenti-in-cotone-biologico.png?resize=350%2C200&ssl=1 1x, https:\/\/i0.wp.com\/ecobiolia.it\/wp-content\/uploads\/2024\/07\/Set-di-cinque-assorbenti-in-cotone-biologico.png?resize=525%2C300&ssl=1 1.5x, https:\/\/i0.wp.com\/ecobiolia.it\/wp-content\/uploads\/2024\/07\/Set-di-cinque-assorbenti-in-cotone-biologico.png?resize=700%2C400&ssl=1 2x"},"classes":[]}],"jetpack_sharing_enabled":true,"_links":{"self":[{"href":"https:\/\/ecobiolia.it\/en\/wp-json\/wp\/v2\/product\/4914","targetHints":{"allow":["GET"]}}],"collection":[{"href":"https:\/\/ecobiolia.it\/en\/wp-json\/wp\/v2\/product"}],"about":[{"href":"https:\/\/ecobiolia.it\/en\/wp-json\/wp\/v2\/types\/product"}],"replies":[{"embeddable":true,"href":"https:\/\/ecobiolia.it\/en\/wp-json\/wp\/v2\/comments?post=4914"}],"version-history":[{"count":1,"href":"https:\/\/ecobiolia.it\/en\/wp-json\/wp\/v2\/product\/4914\/revisions"}],"predecessor-version":[{"id":6605,"href":"https:\/\/ecobiolia.it\/en\/wp-json\/wp\/v2\/product\/4914\/revisions\/6605"}],"wp:featuredmedia":[{"embeddable":true,"href":"https:\/\/ecobiolia.it\/en\/wp-json\/wp\/v2\/media\/4964"}],"wp:attachment":[{"href":"https:\/\/ecobiolia.it\/en\/wp-json\/wp\/v2\/media?parent=4914"}],"wp:term":[{"taxonomy":"product_brand","embeddable":true,"href":"https:\/\/ecobiolia.it\/en\/wp-json\/wp\/v2\/product_brand?post=4914"},{"taxonomy":"product_cat","embeddable":true,"href":"https:\/\/ecobiolia.it\/en\/wp-json\/wp\/v2\/product_cat?post=4914"},{"taxonomy":"product_tag","embeddable":true,"href":"https:\/\/ecobiolia.it\/en\/wp-json\/wp\/v2\/product_tag?post=4914"}],"curies":[{"name":"wp","href":"https:\/\/api.w.org\/{rel}","templated":true}]}}