{"id":4851,"date":"2023-03-01T22:00:21","date_gmt":"2023-03-01T22:00:21","guid":{"rendered":"https:\/\/ecobiolia.it\/?post_type=product&#038;p=4851"},"modified":"2026-03-30T18:26:10","modified_gmt":"2026-03-30T18:26:10","slug":"pasta-esfoliante-e-illuminante-per-il-corpo-e-decollete","status":"publish","type":"product","link":"https:\/\/ecobiolia.it\/en\/product\/pasta-esfoliante-e-illuminante-per-il-corpo-e-decollete\/","title":{"rendered":"Pasta Esfoliante e Illuminante per il Corpo e D\u00e9collet\u00e9"},"content":{"rendered":"<p><span class=\"HwtZe\" lang=\"it\"><span class=\"jCAhz ChMk0b\"><span class=\"ryNqvb\">Pasta Esfoliante e Illuminante per il Corpo e D\u00e9collet\u00e9 con l&#8217;aggiunta di particelle lucide.<\/span><\/span> <span class=\"jCAhz ChMk0b\"><span class=\"ryNqvb\">Lascia la pelle felice e liscia.<\/span><\/span> <span class=\"jCAhz ChMk0b\"><span class=\"ryNqvb\">L&#8217;olio di olivello spinoso e il burro di mango migliorano il tono della pelle, mentre la mica aggiunge luminosit\u00e0.<\/span><\/span> <span class=\"jCAhz ChMk0b\"><span class=\"ryNqvb\">La fragranza ti mette in uno stato d&#8217;animo vacanziero.<\/span><\/span> <span class=\"jCAhz ChMk0b\"><span class=\"ryNqvb\">La pasta ha una consistenza densa ed \u00e8 ideale per esfoliare tutto il corpo, in particolare busto, d\u00e9collet\u00e9, collo e spalle.<\/span><\/span> <span class=\"jCAhz ChMk0b\"><span class=\"ryNqvb\">Cio\u00e8, i luoghi pi\u00f9 spesso esposti in estate.<\/span><\/span> <\/span><\/p>\n<p><span class=\"HwtZe\" lang=\"it\"><span class=\"jCAhz ChMk0b\"><span class=\"ryNqvb\">Ingredienti:<\/span><\/span> <\/span><\/p>\n<p><span class=\"HwtZe\" lang=\"it\"><span class=\"jCAhz ChMk0b\"><span class=\"ryNqvb\">Sale a grana grossa: deterge a fondo la pelle e rimuove efficacemente l&#8217;epidermide.<\/span><\/span> <\/span><\/p>\n<p><span class=\"HwtZe\" lang=\"it\"><span class=\"jCAhz ChMk0b\"><span class=\"ryNqvb\">Burro di karit\u00e8 &#8211; un emolliente naturale, ha propriet\u00e0 idratanti e nutrienti.<\/span><\/span> <\/span><\/p>\n<p><span class=\"HwtZe\" lang=\"it\"><span class=\"jCAhz ChMk0b\"><span class=\"ryNqvb\">Olio di semi d&#8217;uva\u00a0&#8211;\u00a0ricostruisce il mantello idrolipidico della pelle e rinforza i bulbi piliferi.<\/span><\/span> <\/span><\/p>\n<p><span class=\"HwtZe\" lang=\"it\"><span class=\"jCAhz ChMk0b\"><span class=\"ryNqvb\">Burro di mango &#8211; idrata e ammorbidisce la pelle, \u00e8 una materia prima molto preziosa.<\/span><\/span> <\/span><\/p>\n<p><span class=\"HwtZe\" lang=\"it\"><span class=\"jCAhz ChMk0b\"><span class=\"ryNqvb\">Olio di semi di albicocca &#8211; idrata fortemente e leviga l&#8217;epidermide.<\/span><\/span> <\/span><\/p>\n<p><span class=\"HwtZe\" lang=\"it\"><span class=\"jCAhz ChMk0b\"><span class=\"ryNqvb\">Olio di olivello spinoso: idrata la pelle e le dona un bel colorito, come se fosse stata baciata dal sole.<\/span><\/span> <\/span><\/p>\n<p><span class=\"HwtZe\" lang=\"it\"><span class=\"jCAhz ChMk0b\"><span class=\"ryNqvb\">Polvere di nocciolo di albicocca &#8211; levigante e detergente.<\/span><\/span> <\/span><\/p>\n<p><span class=\"HwtZe\" lang=\"it\"><span class=\"jCAhz ChMk0b\"><span class=\"ryNqvb\">Vitamina E &#8211; antiossidante.<\/span><\/span> <\/span><\/p>\n<p><span class=\"HwtZe\" lang=\"it\"><span class=\"jCAhz ChMk0b\"><span class=\"ryNqvb\">Inoltre &#8211; particelle d&#8217;oro visibili!!!<\/span><\/span> <\/span><\/p>\n<p><span class=\"HwtZe\" lang=\"it\"><span class=\"jCAhz ChMk0b\"><span class=\"ryNqvb\">Modo d&#8217;uso: massaggiare una piccola quantit\u00e0 sulla pelle, risciacquare, asciugare delicatamente la pelle con un asciugamano premendola (non strofinare).<\/span><\/span> <\/span><span class=\"HwtZe\" lang=\"it\">\u00a0<\/span><\/p>\n<p><span class=\"HwtZe\" lang=\"it\"><span class=\"jCAhz ChMk0b\"><span class=\"ryNqvb\">Chi soffre di allergie:<\/span><\/span> <span class=\"jCAhz ChMk0b\"><span class=\"ryNqvb\">Non utilizzare in caso di allergia a uno qualsiasi degli ingredienti.<\/span><\/span> <\/span><\/p>\n<p><span class=\"HwtZe\" lang=\"it\"><span class=\"jCAhz ChMk0b\"><span class=\"ryNqvb\">Prodotto naturale.<\/span><\/span> <span class=\"jCAhz ChMk0b\"><span class=\"ryNqvb\">Potrebbero esserci differenze di odore, colore o densit\u00e0 a seconda del lotto.<\/span><\/span> <\/span><\/p>\n<p><span class=\"HwtZe\" lang=\"it\"><span class=\"jCAhz ChMk0b\"><span class=\"ryNqvb\">Non esporre a luce forte o ad alta temperatura.<\/span><\/span> <\/span><\/p>\n<p><span class=\"HwtZe\" lang=\"it\"><span class=\"jCAhz ChMk0b\"><span class=\"ryNqvb\">Prodotto vegano.<\/span><\/span> <span class=\"jCAhz ChMk0b\"><span class=\"ryNqvb\">Legalmente non testato sugli animali (come tutti i nostri prodotti).<\/span><\/span><\/span><\/p>","protected":false},"excerpt":{"rendered":"<p><span class=\"VIiyi\" lang=\"it\"><span class=\"JLqJ4b ChMk0b\" data-language-for-alternatives=\"it\" data-language-to-translate-into=\"en\" data-phrase-index=\"0\" data-number-of-phrases=\"1\"><span class=\"Q4iAWc\"><span class=\"HwtZe\" lang=\"it\"><span class=\"jCAhz ChMk0b\"><span class=\"ryNqvb\">Pasta Esfoliante e Illuminante per il Corpo e D\u00e9collet\u00e9 con l&#8217;aggiunta di particelle lucide.<\/span><\/span> <span class=\"jCAhz ChMk0b\"><span class=\"ryNqvb\">Lascia la pelle felice e liscia.<\/span><\/span> <span class=\"jCAhz ChMk0b\"><span class=\"ryNqvb\">L&#8217;olio di olivello spinoso e il burro di mango migliorano il tono della pelle, mentre la mica aggiunge luminosit\u00e0.<\/span><\/span> <span class=\"jCAhz ChMk0b\"><span class=\"ryNqvb\">La fragranza ti mette in uno stato d&#8217;animo vacanziero.<\/span><\/span> <span class=\"jCAhz ChMk0b\"><span class=\"ryNqvb\">La pasta ha una consistenza densa ed \u00e8 ideale per esfoliare tutto il corpo, in particolare busto, d\u00e9collet\u00e9, collo e spalle.<\/span><\/span> <span class=\"jCAhz ChMk0b\"><span class=\"ryNqvb\">Cio\u00e8, i luoghi pi\u00f9 spesso esposti in estate.<\/span><\/span><\/span><\/span><\/span><\/span><\/p>","protected":false},"featured_media":4871,"comment_status":"open","ping_status":"closed","template":"","meta":[],"product_brand":[],"product_cat":[120,135,112,45],"product_tag":[],"class_list":{"0":"post-4851","1":"product","2":"type-product","3":"status-publish","4":"has-post-thumbnail","6":"product_cat-cosmetici","7":"product_cat-cosmetici-naturali","8":"product_cat-per-le-donne","9":"product_cat-prodotti-per-la-cura-del-corpo","11":"first","12":"outofstock","13":"taxable","14":"shipping-taxable","15":"purchasable","16":"product-type-simple"},"yoast_head":"<!-- This site is optimized with the Yoast SEO plugin v27.3 - https:\/\/yoast.com\/product\/yoast-seo-wordpress\/ -->\n<title>Pasta Esfoliante e Illuminante per il Corpo e D\u00e9collet\u00e9 - EcoBiOlia<\/title>\n<meta name=\"robots\" content=\"index, follow, max-snippet:-1, max-image-preview:large, max-video-preview:-1\" \/>\n<link rel=\"canonical\" href=\"https:\/\/ecobiolia.it\/en\/product\/pasta-esfoliante-e-illuminante-per-il-corpo-e-decollete\/\" \/>\n<meta property=\"og:locale\" content=\"en_GB\" \/>\n<meta property=\"og:type\" content=\"article\" \/>\n<meta property=\"og:title\" content=\"Pasta Esfoliante e Illuminante per il Corpo e D\u00e9collet\u00e9 - EcoBiOlia\" \/>\n<meta property=\"og:description\" content=\"Pasta Esfoliante e Illuminante per il Corpo e D\u00e9collet\u00e9 con l&#039;aggiunta di particelle lucide. Lascia la pelle felice e liscia. L&#039;olio di olivello spinoso e il burro di mango migliorano il tono della pelle, mentre la mica aggiunge luminosit\u00e0. La fragranza ti mette in uno stato d&#039;animo vacanziero. La pasta ha una consistenza densa ed \u00e8 ideale per esfoliare tutto il corpo, in particolare busto, d\u00e9collet\u00e9, collo e spalle. Cio\u00e8, i luoghi pi\u00f9 spesso esposti in estate.\" \/>\n<meta property=\"og:url\" content=\"https:\/\/ecobiolia.it\/en\/product\/pasta-esfoliante-e-illuminante-per-il-corpo-e-decollete\/\" \/>\n<meta property=\"og:site_name\" content=\"EcoBiOlia\" \/>\n<meta property=\"article:modified_time\" content=\"2026-03-30T18:26:10+00:00\" \/>\n<meta property=\"og:image\" content=\"https:\/\/ecobiolia.it\/wp-content\/uploads\/2023\/03\/8509.jpg\" \/>\n\t<meta property=\"og:image:width\" content=\"1600\" \/>\n\t<meta property=\"og:image:height\" content=\"1423\" \/>\n\t<meta property=\"og:image:type\" content=\"image\/jpeg\" \/>\n<meta name=\"twitter:card\" content=\"summary_large_image\" \/>\n<meta name=\"twitter:label1\" content=\"Estimated reading time\" \/>\n\t<meta name=\"twitter:data1\" content=\"2 minutes\" \/>\n<script type=\"application\/ld+json\" class=\"yoast-schema-graph\">{\"@context\":\"https:\\\/\\\/schema.org\",\"@graph\":[{\"@type\":\"WebPage\",\"@id\":\"https:\\\/\\\/ecobiolia.it\\\/prodotto\\\/pasta-esfoliante-e-illuminante-per-il-corpo-e-decollete\\\/\",\"url\":\"https:\\\/\\\/ecobiolia.it\\\/prodotto\\\/pasta-esfoliante-e-illuminante-per-il-corpo-e-decollete\\\/\",\"name\":\"Pasta Esfoliante e Illuminante per il Corpo e D\u00e9collet\u00e9 - EcoBiOlia\",\"isPartOf\":{\"@id\":\"https:\\\/\\\/ecobiolia.it\\\/it_it\\\/#website\"},\"primaryImageOfPage\":{\"@id\":\"https:\\\/\\\/ecobiolia.it\\\/prodotto\\\/pasta-esfoliante-e-illuminante-per-il-corpo-e-decollete\\\/#primaryimage\"},\"image\":{\"@id\":\"https:\\\/\\\/ecobiolia.it\\\/prodotto\\\/pasta-esfoliante-e-illuminante-per-il-corpo-e-decollete\\\/#primaryimage\"},\"thumbnailUrl\":\"https:\\\/\\\/ecobiolia.it\\\/wp-content\\\/uploads\\\/2023\\\/03\\\/8509.jpg\",\"datePublished\":\"2023-03-01T22:00:21+00:00\",\"dateModified\":\"2026-03-30T18:26:10+00:00\",\"breadcrumb\":{\"@id\":\"https:\\\/\\\/ecobiolia.it\\\/prodotto\\\/pasta-esfoliante-e-illuminante-per-il-corpo-e-decollete\\\/#breadcrumb\"},\"inLanguage\":\"en-GB\",\"potentialAction\":[{\"@type\":\"ReadAction\",\"target\":[\"https:\\\/\\\/ecobiolia.it\\\/prodotto\\\/pasta-esfoliante-e-illuminante-per-il-corpo-e-decollete\\\/\"]}]},{\"@type\":\"ImageObject\",\"inLanguage\":\"en-GB\",\"@id\":\"https:\\\/\\\/ecobiolia.it\\\/prodotto\\\/pasta-esfoliante-e-illuminante-per-il-corpo-e-decollete\\\/#primaryimage\",\"url\":\"https:\\\/\\\/ecobiolia.it\\\/wp-content\\\/uploads\\\/2023\\\/03\\\/8509.jpg\",\"contentUrl\":\"https:\\\/\\\/ecobiolia.it\\\/wp-content\\\/uploads\\\/2023\\\/03\\\/8509.jpg\",\"width\":1600,\"height\":1423},{\"@type\":\"BreadcrumbList\",\"@id\":\"https:\\\/\\\/ecobiolia.it\\\/prodotto\\\/pasta-esfoliante-e-illuminante-per-il-corpo-e-decollete\\\/#breadcrumb\",\"itemListElement\":[{\"@type\":\"ListItem\",\"position\":1,\"name\":\"Home\",\"item\":\"https:\\\/\\\/ecobiolia.it\\\/\"},{\"@type\":\"ListItem\",\"position\":2,\"name\":\"Negozio\",\"item\":\"https:\\\/\\\/ecobiolia.it\\\/negozio\\\/\"},{\"@type\":\"ListItem\",\"position\":3,\"name\":\"Pasta Esfoliante e Illuminante per il Corpo e D\u00e9collet\u00e9\"}]},{\"@type\":\"WebSite\",\"@id\":\"https:\\\/\\\/ecobiolia.it\\\/it_it\\\/#website\",\"url\":\"https:\\\/\\\/ecobiolia.it\\\/it_it\\\/\",\"name\":\"EcoBiOlia\",\"description\":\"Negozio Ecologico per Bambini e Adulti\",\"publisher\":{\"@id\":\"https:\\\/\\\/ecobiolia.it\\\/it_it\\\/#organization\"},\"potentialAction\":[{\"@type\":\"SearchAction\",\"target\":{\"@type\":\"EntryPoint\",\"urlTemplate\":\"https:\\\/\\\/ecobiolia.it\\\/it_it\\\/?s={search_term_string}\"},\"query-input\":{\"@type\":\"PropertyValueSpecification\",\"valueRequired\":true,\"valueName\":\"search_term_string\"}}],\"inLanguage\":\"en-GB\"},{\"@type\":\"Organization\",\"@id\":\"https:\\\/\\\/ecobiolia.it\\\/it_it\\\/#organization\",\"name\":\"EcoBiOlia\",\"url\":\"https:\\\/\\\/ecobiolia.it\\\/it_it\\\/\",\"logo\":{\"@type\":\"ImageObject\",\"inLanguage\":\"en-GB\",\"@id\":\"https:\\\/\\\/ecobiolia.it\\\/it_it\\\/#\\\/schema\\\/logo\\\/image\\\/\",\"url\":\"https:\\\/\\\/ecobiolia.it\\\/wp-content\\\/uploads\\\/2022\\\/04\\\/EcoBiOlia-Logo.png\",\"contentUrl\":\"https:\\\/\\\/ecobiolia.it\\\/wp-content\\\/uploads\\\/2022\\\/04\\\/EcoBiOlia-Logo.png\",\"width\":1772,\"height\":944,\"caption\":\"EcoBiOlia\"},\"image\":{\"@id\":\"https:\\\/\\\/ecobiolia.it\\\/it_it\\\/#\\\/schema\\\/logo\\\/image\\\/\"}}]}<\/script>\n<!-- \/ Yoast SEO plugin. -->","yoast_head_json":{"title":"Pasta Esfoliante e Illuminante per il Corpo e D\u00e9collet\u00e9 - EcoBiOlia","robots":{"index":"index","follow":"follow","max-snippet":"max-snippet:-1","max-image-preview":"max-image-preview:large","max-video-preview":"max-video-preview:-1"},"canonical":"https:\/\/ecobiolia.it\/en\/product\/pasta-esfoliante-e-illuminante-per-il-corpo-e-decollete\/","og_locale":"en_GB","og_type":"article","og_title":"Pasta Esfoliante e Illuminante per il Corpo e D\u00e9collet\u00e9 - EcoBiOlia","og_description":"Pasta Esfoliante e Illuminante per il Corpo e D\u00e9collet\u00e9 con l'aggiunta di particelle lucide. Lascia la pelle felice e liscia. L'olio di olivello spinoso e il burro di mango migliorano il tono della pelle, mentre la mica aggiunge luminosit\u00e0. La fragranza ti mette in uno stato d'animo vacanziero. La pasta ha una consistenza densa ed \u00e8 ideale per esfoliare tutto il corpo, in particolare busto, d\u00e9collet\u00e9, collo e spalle. Cio\u00e8, i luoghi pi\u00f9 spesso esposti in estate.","og_url":"https:\/\/ecobiolia.it\/en\/product\/pasta-esfoliante-e-illuminante-per-il-corpo-e-decollete\/","og_site_name":"EcoBiOlia","article_modified_time":"2026-03-30T18:26:10+00:00","og_image":[{"width":1600,"height":1423,"url":"https:\/\/ecobiolia.it\/wp-content\/uploads\/2023\/03\/8509.jpg","type":"image\/jpeg"}],"twitter_card":"summary_large_image","twitter_misc":{"Estimated reading time":"2 minutes"},"schema":{"@context":"https:\/\/schema.org","@graph":[{"@type":"WebPage","@id":"https:\/\/ecobiolia.it\/prodotto\/pasta-esfoliante-e-illuminante-per-il-corpo-e-decollete\/","url":"https:\/\/ecobiolia.it\/prodotto\/pasta-esfoliante-e-illuminante-per-il-corpo-e-decollete\/","name":"Pasta Esfoliante e Illuminante per il Corpo e D\u00e9collet\u00e9 - EcoBiOlia","isPartOf":{"@id":"https:\/\/ecobiolia.it\/it_it\/#website"},"primaryImageOfPage":{"@id":"https:\/\/ecobiolia.it\/prodotto\/pasta-esfoliante-e-illuminante-per-il-corpo-e-decollete\/#primaryimage"},"image":{"@id":"https:\/\/ecobiolia.it\/prodotto\/pasta-esfoliante-e-illuminante-per-il-corpo-e-decollete\/#primaryimage"},"thumbnailUrl":"https:\/\/ecobiolia.it\/wp-content\/uploads\/2023\/03\/8509.jpg","datePublished":"2023-03-01T22:00:21+00:00","dateModified":"2026-03-30T18:26:10+00:00","breadcrumb":{"@id":"https:\/\/ecobiolia.it\/prodotto\/pasta-esfoliante-e-illuminante-per-il-corpo-e-decollete\/#breadcrumb"},"inLanguage":"en-GB","potentialAction":[{"@type":"ReadAction","target":["https:\/\/ecobiolia.it\/prodotto\/pasta-esfoliante-e-illuminante-per-il-corpo-e-decollete\/"]}]},{"@type":"ImageObject","inLanguage":"en-GB","@id":"https:\/\/ecobiolia.it\/prodotto\/pasta-esfoliante-e-illuminante-per-il-corpo-e-decollete\/#primaryimage","url":"https:\/\/ecobiolia.it\/wp-content\/uploads\/2023\/03\/8509.jpg","contentUrl":"https:\/\/ecobiolia.it\/wp-content\/uploads\/2023\/03\/8509.jpg","width":1600,"height":1423},{"@type":"BreadcrumbList","@id":"https:\/\/ecobiolia.it\/prodotto\/pasta-esfoliante-e-illuminante-per-il-corpo-e-decollete\/#breadcrumb","itemListElement":[{"@type":"ListItem","position":1,"name":"Home","item":"https:\/\/ecobiolia.it\/"},{"@type":"ListItem","position":2,"name":"Negozio","item":"https:\/\/ecobiolia.it\/negozio\/"},{"@type":"ListItem","position":3,"name":"Pasta Esfoliante e Illuminante per il Corpo e D\u00e9collet\u00e9"}]},{"@type":"WebSite","@id":"https:\/\/ecobiolia.it\/it_it\/#website","url":"https:\/\/ecobiolia.it\/it_it\/","name":"EcoBiOlia","description":"Negozio Ecologico per Bambini e Adulti","publisher":{"@id":"https:\/\/ecobiolia.it\/it_it\/#organization"},"potentialAction":[{"@type":"SearchAction","target":{"@type":"EntryPoint","urlTemplate":"https:\/\/ecobiolia.it\/it_it\/?s={search_term_string}"},"query-input":{"@type":"PropertyValueSpecification","valueRequired":true,"valueName":"search_term_string"}}],"inLanguage":"en-GB"},{"@type":"Organization","@id":"https:\/\/ecobiolia.it\/it_it\/#organization","name":"EcoBiOlia","url":"https:\/\/ecobiolia.it\/it_it\/","logo":{"@type":"ImageObject","inLanguage":"en-GB","@id":"https:\/\/ecobiolia.it\/it_it\/#\/schema\/logo\/image\/","url":"https:\/\/ecobiolia.it\/wp-content\/uploads\/2022\/04\/EcoBiOlia-Logo.png","contentUrl":"https:\/\/ecobiolia.it\/wp-content\/uploads\/2022\/04\/EcoBiOlia-Logo.png","width":1772,"height":944,"caption":"EcoBiOlia"},"image":{"@id":"https:\/\/ecobiolia.it\/it_it\/#\/schema\/logo\/image\/"}}]}},"jetpack-related-posts":[{"id":4411,"url":"https:\/\/ecobiolia.it\/en\/product\/burro-nutriente-idratante-e-illuminante-per-corpo\/","url_meta":{"origin":4851,"position":0},"title":"Burro Nutriente, Idratante e Illuminante per Corpo","author":"Olga","date":"30 September 2022","format":false,"excerpt":"Gioioso Burro Nutriente, Idratante e Illuminante per Corpo \u00e8 un ottimo cosmetico che combina una forte cura della pelle con un miglioramento visivo immediato (colore e particelle dorate). A base di oli nutrienti di caff\u00e8 verde, fico d'India, mandorla e uva, burro di karit\u00e9 e oli di carota e olivello\u2026","rel":"","context":"Similar post","block_context":{"text":"Similar post","link":""},"img":{"alt_text":"","src":"https:\/\/i0.wp.com\/ecobiolia.it\/wp-content\/uploads\/2022\/08\/8507.jpg?resize=350%2C200&ssl=1","width":350,"height":200,"srcset":"https:\/\/i0.wp.com\/ecobiolia.it\/wp-content\/uploads\/2022\/08\/8507.jpg?resize=350%2C200&ssl=1 1x, https:\/\/i0.wp.com\/ecobiolia.it\/wp-content\/uploads\/2022\/08\/8507.jpg?resize=525%2C300&ssl=1 1.5x, https:\/\/i0.wp.com\/ecobiolia.it\/wp-content\/uploads\/2022\/08\/8507.jpg?resize=700%2C400&ssl=1 2x, https:\/\/i0.wp.com\/ecobiolia.it\/wp-content\/uploads\/2022\/08\/8507.jpg?resize=1050%2C600&ssl=1 3x, https:\/\/i0.wp.com\/ecobiolia.it\/wp-content\/uploads\/2022\/08\/8507.jpg?resize=1400%2C800&ssl=1 4x"},"classes":[]},{"id":6061,"url":"https:\/\/ecobiolia.it\/en\/product\/balsamo-corpo-rassodante-rigenerante-al-caffe\/","url_meta":{"origin":4851,"position":1},"title":"Balsamo Corpo Rassodante Rigenerante al Caff\u00e8","author":"Olga","date":"18 March 2024","format":false,"excerpt":"Balsamo Corpo Rassodante Rigenerante al Caff\u00e8 dalla consistenza densa e di rapido assorbimento. Nutre la pelle come il burro e si assorbe come una lozione! Profuma di albicocca matura e mango succoso. Consigliato per pelli che richiedono idratazione, rassodamento e levigatura. Azione: - rassodante - idratante - nutriente - rigenerante\u2026","rel":"","context":"With 1 comment","block_context":{"text":"With 1 comment","link":"https:\/\/ecobiolia.it\/en\/product\/balsamo-corpo-rassodante-rigenerante-al-caffe\/#comments"},"img":{"alt_text":"","src":"https:\/\/i0.wp.com\/ecobiolia.it\/wp-content\/uploads\/2024\/03\/Lozione-Corpo-Rassodante-al-Caffe.jpg?resize=350%2C200&ssl=1","width":350,"height":200,"srcset":"https:\/\/i0.wp.com\/ecobiolia.it\/wp-content\/uploads\/2024\/03\/Lozione-Corpo-Rassodante-al-Caffe.jpg?resize=350%2C200&ssl=1 1x, https:\/\/i0.wp.com\/ecobiolia.it\/wp-content\/uploads\/2024\/03\/Lozione-Corpo-Rassodante-al-Caffe.jpg?resize=525%2C300&ssl=1 1.5x, https:\/\/i0.wp.com\/ecobiolia.it\/wp-content\/uploads\/2024\/03\/Lozione-Corpo-Rassodante-al-Caffe.jpg?resize=700%2C400&ssl=1 2x, https:\/\/i0.wp.com\/ecobiolia.it\/wp-content\/uploads\/2024\/03\/Lozione-Corpo-Rassodante-al-Caffe.jpg?resize=1050%2C600&ssl=1 3x, https:\/\/i0.wp.com\/ecobiolia.it\/wp-content\/uploads\/2024\/03\/Lozione-Corpo-Rassodante-al-Caffe.jpg?resize=1400%2C800&ssl=1 4x"},"classes":[]},{"id":6087,"url":"https:\/\/ecobiolia.it\/en\/product\/deodorante-in-crema-100-naturale-agrumi\/","url_meta":{"origin":4851,"position":2},"title":"Deodorante in Crema 100% Naturale &#8211; Agrumi","author":"Olga","date":"22 March 2024","format":false,"excerpt":"Deodorante completamente naturale sotto forma di crema che puoi utilizzare tutti i giorni senza preoccuparti della tua salute, degli odori sgradevoli o delle macchie bagnate. Non irrita e non contiene sostanze sospette. Non blocca la sudorazione, ma la maschera molto bene. Non lascia uno strato umido e si assorbe molto\u2026","rel":"","context":"Similar post","block_context":{"text":"Similar post","link":""},"img":{"alt_text":"","src":"https:\/\/i0.wp.com\/ecobiolia.it\/wp-content\/uploads\/2024\/03\/Deodorante-in-Crema-100-Naturale-Agrumi.jpg?resize=350%2C200&ssl=1","width":350,"height":200,"srcset":"https:\/\/i0.wp.com\/ecobiolia.it\/wp-content\/uploads\/2024\/03\/Deodorante-in-Crema-100-Naturale-Agrumi.jpg?resize=350%2C200&ssl=1 1x, https:\/\/i0.wp.com\/ecobiolia.it\/wp-content\/uploads\/2024\/03\/Deodorante-in-Crema-100-Naturale-Agrumi.jpg?resize=525%2C300&ssl=1 1.5x, https:\/\/i0.wp.com\/ecobiolia.it\/wp-content\/uploads\/2024\/03\/Deodorante-in-Crema-100-Naturale-Agrumi.jpg?resize=700%2C400&ssl=1 2x, https:\/\/i0.wp.com\/ecobiolia.it\/wp-content\/uploads\/2024\/03\/Deodorante-in-Crema-100-Naturale-Agrumi.jpg?resize=1050%2C600&ssl=1 3x, https:\/\/i0.wp.com\/ecobiolia.it\/wp-content\/uploads\/2024\/03\/Deodorante-in-Crema-100-Naturale-Agrumi.jpg?resize=1400%2C800&ssl=1 4x"},"classes":[]},{"id":989,"url":"https:\/\/ecobiolia.it\/en\/product\/guanto-esfoliante-corpo-in-loofah-e-cotone\/","url_meta":{"origin":4851,"position":3},"title":"Guanto Esfoliante Corpo in Loofah e Cotone","author":"Olga","date":"16 January 2022","format":false,"excerpt":"Dolce detersione ed efficace rigenerazione: la vincente combinazione per una pelle levigata, tonica e setosa. Guanto in fibra naturale loofah per un massaggio esfoliante, aiuta a riattivare la circolazione con una azione di peeling naturale. Ideale per un massaggio esfoliante che aumenta la ricettivit\u00e0 della pelle ai trattamenti di bellezza\u2026","rel":"","context":"With 2 comments","block_context":{"text":"With 2 comments","link":"https:\/\/ecobiolia.it\/en\/product\/guanto-esfoliante-corpo-in-loofah-e-cotone\/#comments"},"img":{"alt_text":"","src":"https:\/\/i0.wp.com\/ecobiolia.it\/wp-content\/uploads\/2022\/01\/Guanto.jpg?resize=350%2C200&ssl=1","width":350,"height":200,"srcset":"https:\/\/i0.wp.com\/ecobiolia.it\/wp-content\/uploads\/2022\/01\/Guanto.jpg?resize=350%2C200&ssl=1 1x, https:\/\/i0.wp.com\/ecobiolia.it\/wp-content\/uploads\/2022\/01\/Guanto.jpg?resize=525%2C300&ssl=1 1.5x, https:\/\/i0.wp.com\/ecobiolia.it\/wp-content\/uploads\/2022\/01\/Guanto.jpg?resize=700%2C400&ssl=1 2x, https:\/\/i0.wp.com\/ecobiolia.it\/wp-content\/uploads\/2022\/01\/Guanto.jpg?resize=1050%2C600&ssl=1 3x, https:\/\/i0.wp.com\/ecobiolia.it\/wp-content\/uploads\/2022\/01\/Guanto.jpg?resize=1400%2C800&ssl=1 4x"},"classes":[]},{"id":970,"url":"https:\/\/ecobiolia.it\/en\/product\/martini-striscia-lavaschiena-esfoliante-loofah-e-cotone\/","url_meta":{"origin":4851,"position":4},"title":"Martini - Exfoliating Back Washer Strip in  Loofah and Cotton","author":"Olga","date":"14 January 2022","format":false,"excerpt":"Striscia Lavaschiena Esfoliante Loofah e Cotone di Martini \u00e8 Composta di DUE LATI: di qui un lato \u00e8 in morbidissimo cotone, per una dolce detersione, e l'altro \u00e8 in puro loofah, per un\u2019azione peeling naturale. La Lunghezza Ottimale permette di raggiungere anche le zone difficili. La superficie ruvida della luffa\u2026","rel":"","context":"With 1 comment","block_context":{"text":"With 1 comment","link":"https:\/\/ecobiolia.it\/en\/product\/martini-striscia-lavaschiena-esfoliante-loofah-e-cotone\/#comments"},"img":{"alt_text":"","src":"https:\/\/i0.wp.com\/ecobiolia.it\/wp-content\/uploads\/2022\/01\/stricia-cotone.jpg?resize=350%2C200&ssl=1","width":350,"height":200,"srcset":"https:\/\/i0.wp.com\/ecobiolia.it\/wp-content\/uploads\/2022\/01\/stricia-cotone.jpg?resize=350%2C200&ssl=1 1x, https:\/\/i0.wp.com\/ecobiolia.it\/wp-content\/uploads\/2022\/01\/stricia-cotone.jpg?resize=525%2C300&ssl=1 1.5x, https:\/\/i0.wp.com\/ecobiolia.it\/wp-content\/uploads\/2022\/01\/stricia-cotone.jpg?resize=700%2C400&ssl=1 2x, https:\/\/i0.wp.com\/ecobiolia.it\/wp-content\/uploads\/2022\/01\/stricia-cotone.jpg?resize=1050%2C600&ssl=1 3x, https:\/\/i0.wp.com\/ecobiolia.it\/wp-content\/uploads\/2022\/01\/stricia-cotone.jpg?resize=1400%2C800&ssl=1 4x"},"classes":[]},{"id":4080,"url":"https:\/\/ecobiolia.it\/en\/product\/burro-per-viso-corpo-protettivo-rigenerante-e-idratante\/","url_meta":{"origin":4851,"position":5},"title":"Burro per Viso Corpo Protettivo, Rigenerante e Idratante","author":"Olga","date":"22 August 2022","format":false,"excerpt":"Burro per Viso Corpo Protettivo, Rigenerante e Idratante\u00a0WOW - \u00e8 proprio cos\u00ec che dovremmo chiamarla, perch\u00e9 \u00e8 impossibile elencare tutte le sue propriet\u00e0 in una breve descrizione del prodotto sulla confezione. Questo cosmetico \u00e8 un prodotto multiuso e multifunzionale. Puoi usarlo su viso, corpo e capelli! Ti aiuter\u00e0 con ferite\u2026","rel":"","context":"With 1 comment","block_context":{"text":"With 1 comment","link":"https:\/\/ecobiolia.it\/en\/product\/burro-per-viso-corpo-protettivo-rigenerante-e-idratante\/#comments"},"img":{"alt_text":"","src":"https:\/\/i0.wp.com\/ecobiolia.it\/wp-content\/uploads\/2022\/08\/3292.jpg?resize=350%2C200&ssl=1","width":350,"height":200,"srcset":"https:\/\/i0.wp.com\/ecobiolia.it\/wp-content\/uploads\/2022\/08\/3292.jpg?resize=350%2C200&ssl=1 1x, https:\/\/i0.wp.com\/ecobiolia.it\/wp-content\/uploads\/2022\/08\/3292.jpg?resize=525%2C300&ssl=1 1.5x, https:\/\/i0.wp.com\/ecobiolia.it\/wp-content\/uploads\/2022\/08\/3292.jpg?resize=700%2C400&ssl=1 2x, https:\/\/i0.wp.com\/ecobiolia.it\/wp-content\/uploads\/2022\/08\/3292.jpg?resize=1050%2C600&ssl=1 3x, https:\/\/i0.wp.com\/ecobiolia.it\/wp-content\/uploads\/2022\/08\/3292.jpg?resize=1400%2C800&ssl=1 4x"},"classes":[]}],"jetpack_sharing_enabled":true,"_links":{"self":[{"href":"https:\/\/ecobiolia.it\/en\/wp-json\/wp\/v2\/product\/4851","targetHints":{"allow":["GET"]}}],"collection":[{"href":"https:\/\/ecobiolia.it\/en\/wp-json\/wp\/v2\/product"}],"about":[{"href":"https:\/\/ecobiolia.it\/en\/wp-json\/wp\/v2\/types\/product"}],"replies":[{"embeddable":true,"href":"https:\/\/ecobiolia.it\/en\/wp-json\/wp\/v2\/comments?post=4851"}],"version-history":[{"count":1,"href":"https:\/\/ecobiolia.it\/en\/wp-json\/wp\/v2\/product\/4851\/revisions"}],"predecessor-version":[{"id":6389,"href":"https:\/\/ecobiolia.it\/en\/wp-json\/wp\/v2\/product\/4851\/revisions\/6389"}],"wp:featuredmedia":[{"embeddable":true,"href":"https:\/\/ecobiolia.it\/en\/wp-json\/wp\/v2\/media\/4871"}],"wp:attachment":[{"href":"https:\/\/ecobiolia.it\/en\/wp-json\/wp\/v2\/media?parent=4851"}],"wp:term":[{"taxonomy":"product_brand","embeddable":true,"href":"https:\/\/ecobiolia.it\/en\/wp-json\/wp\/v2\/product_brand?post=4851"},{"taxonomy":"product_cat","embeddable":true,"href":"https:\/\/ecobiolia.it\/en\/wp-json\/wp\/v2\/product_cat?post=4851"},{"taxonomy":"product_tag","embeddable":true,"href":"https:\/\/ecobiolia.it\/en\/wp-json\/wp\/v2\/product_tag?post=4851"}],"curies":[{"name":"wp","href":"https:\/\/api.w.org\/{rel}","templated":true}]}}