{"id":4813,"date":"2023-03-01T21:58:16","date_gmt":"2023-03-01T21:58:16","guid":{"rendered":"https:\/\/ecobiolia.it\/?post_type=product&#038;p=4813"},"modified":"2026-02-20T07:35:28","modified_gmt":"2026-02-20T07:35:28","slug":"coperta-neonato-in-bambu-e-cotone-popcorn","status":"publish","type":"product","link":"https:\/\/ecobiolia.it\/en\/product\/coperta-neonato-in-bambu-e-cotone-popcorn\/","title":{"rendered":"Coperta Neonato in Bamb\u00f9 e Cotone Popcorn"},"content":{"rendered":"<div class=\"rte collection-description page-width\">\n<h4><strong>Scopri le Propriet\u00e0 Straordinarie della Coperta in Bamb\u00f9 e Cotone Popcorn:<\/strong><\/h4>\n<p><strong>100% Naturale<\/strong> \u2013 Coperta Neonato in Bamb\u00f9 e Cotone Popcorn \u00e8 realizzata con una combinazione di viscosa di bamb\u00f9 e cotone che mantiene bambino accogliente e a una temperatura confortevole tutto l\u2019anno.<\/p>\n<p><strong>Fin dal primo giorno<\/strong> \u2013 Le coperte sono adatte per neonati perch\u00e8 sono r<span class=\"VIiyi\" lang=\"it\"><span class=\"JLqJ4b ChMk0b\"><span class=\"Q4iAWc\">ealizzate per far passare l&#8217;aria, anche in caso se vanno sulla faccia del bambino.<\/span><\/span><\/span><\/p>\n<p><span class=\"VIiyi\" lang=\"it\"><span class=\"JLqJ4b ChMk0b\" data-language-for-alternatives=\"it\" data-language-to-translate-into=\"en\" data-phrase-index=\"0\" data-number-of-phrases=\"1\"><span class=\"Q4iAWc\"><strong>Morbida e Durevole<\/strong> \u2013 La combinazione di viscosa di bamb\u00f9 e cotone rende la copertina morbida e durevole.<br \/>\n<\/span><\/span><\/span><\/p>\n<p><strong>Per tutte le stagioni<\/strong> \u2013 La fibra di bamb\u00f9 rende la coperta durevole, ipoallergenica, antibatterica e resistente ai raggi UV. La copertina in bamb\u00f9 \u00e8 traspirante e con propriet\u00e0 di termoregolazione, aiuta a mantenere il bambino comodo con qualsiasi tempo e staggione.<\/p>\n<p><strong>Ipoallergenica<\/strong> \u2013 I bambini che soffrono di allergie ad altre fibre naturali, non hanno questi problemi con il bamb\u00f9.<\/p>\n<p><strong>OEKO-TEX\u00ae Standard 100<\/strong> \u2013 Il filato ha ottenuto il certificato Oeko-Tex Standard 100 \u2013 \u00e8 privo di sostanze nocive e sicuro per i bambini sin dalla nascita. Il certificato garantisce la qualit\u00e0 e sicurezza.<\/p>\n<p><strong>Bellissima<\/strong> \u2013 fantasia a maglia Popcorn <span class=\"VIiyi\" lang=\"it\"><span class=\"JLqJ4b ChMk0b\"><span class=\"Q4iAWc\">rende la coperta molto carina.<\/span><\/span><\/span><\/p>\n<p><span class=\"VIiyi\" lang=\"it\"><span class=\"JLqJ4b ChMk0b\"><span class=\"Q4iAWc\">Dimensioni: circa 80 x 100 cm.<\/span><\/span> <span class=\"JLqJ4b ChMk0b\"><span class=\"Q4iAWc\">La dimensione \u00e8 indicativa a seconda della disposizione, il tessuto funziona e la dimensione pu\u00f2 differire dallo standard +\/- 5%.<\/span><\/span> <\/span><\/p>\n<p><span class=\"VIiyi\" lang=\"it\"><span class=\"JLqJ4b ChMk0b\"><span class=\"Q4iAWc\">Composizione: 50% viscosa bamb\u00f9 50% cotone.<\/span><\/span> <\/span><\/p>\n<p><span class=\"VIiyi\" lang=\"it\"><span class=\"JLqJ4b ChMk0b\"><span class=\"Q4iAWc\">Prodotto 100% polacco.<\/span><\/span><\/span><\/p>\n<p><span title=\"Zalecane delikatne pranie w pralce w temperaturze max.\"><strong>Lavaggio<\/strong><\/span><\/p>\n<p><span class=\"VIiyi\" lang=\"it\"><span class=\"JLqJ4b\"><span class=\"Q4iAWc\">Lavaggio consigliato in lavatrice a max. 30 gradi. Non lavare a mano. Lavare con colori simili, colori di ordinamento. Nel caso di colori scuri, durante i primi lavaggi, si consiglia di separare accuratamente o utilizzare salviette per catturare l&#8217;eventuale colore. Per evitare che la coperta si trascini, \u00e8 meglio lavarla, mentre \u00e8 fissata in un sacco per la biancheria. Per il lavaggio utilizzare detersivi delicati che non contengano candeggina e cloro. La morbidezza della fibra dopo il lavaggio \u00e8 direttamente influenzata dalla durezza dell&#8217;acqua. In caso di acqua dura, si consiglia l&#8217;uso di un addolcitore. Ricordarsi di decalcificare il cestello della lavatrice e tenerlo pulito. Per rimuovere i batteri, la coperta pu\u00f2 essere stirata, ad esempio, con un pannolino di stoffa. Non stirare le fibre direttamente. Asciugare in orizzontale. L&#8217;asciugatrice pu\u00f2 danneggiare le fibre. Il pilling delicato \u00e8 un fenomeno naturale nell&#8217;uso quotidiano dei tessuti a maglia. Puoi eliminarlo con un rasoio per abiti. <\/span><\/span><\/span><\/p>\n<p><span class=\"VIiyi\" lang=\"it\"><span class=\"JLqJ4b\"><span class=\"Q4iAWc\">Nota: le sfumature possono differire da quelle mostrate nelle foto a seconda delle impostazioni del monitor.<\/span><\/span><\/span><\/p>\n<p>&nbsp;<\/p>\n<\/div>","protected":false},"excerpt":{"rendered":"<p><span class=\"VIiyi\" lang=\"it\"><span class=\"JLqJ4b ChMk0b\"><span class=\"Q4iAWc\">Una coperta per tutto l&#8217;anno in stile scandinavo, realizzata in filato di bamb\u00f9 con l&#8217;aggiunta di cotone.<\/span><\/span> <span class=\"JLqJ4b ChMk0b\"><span class=\"Q4iAWc\">La doppia densit\u00e0 di maglia e la trama unica garantiscono un incredibile comfort di utilizzo.<\/span><\/span> <span class=\"JLqJ4b ChMk0b\"><span class=\"Q4iAWc\">Il filato di bamb\u00f9 ha propriet\u00e0 termoregolatrici, grazie alle quali mantiene il comfort termico, previene il surriscaldamento, respira e drena bene l&#8217;umidit\u00e0.<\/span><\/span> <span class=\"JLqJ4b ChMk0b\"><span class=\"Q4iAWc\">La coperta \u00e8 perfetta per un lettino, un passeggino o un seggiolino auto.<\/span><\/span> <span class=\"JLqJ4b ChMk0b\"><span class=\"Q4iAWc\">Insostituibile in un corredino, perfetto per un regalo.<\/span><\/span> <span class=\"JLqJ4b ChMk0b\"><span class=\"Q4iAWc\">Realizzato per far passare l&#8217;aria, anche quando il tuo bambino lo indossa.<\/span><\/span> <span class=\"JLqJ4b ChMk0b\"><span class=\"Q4iAWc\">Il filato \u00e8 certificato dallo standard Oeko-Tex 100 nella classe dei prodotti dedicati ai bambini.<\/span><\/span> <span class=\"JLqJ4b ChMk0b\"><span class=\"Q4iAWc\">Questo ne garantisce la qualit\u00e0 e la sicurezza.<\/span><\/span> <\/span><\/p>","protected":false},"featured_media":4806,"comment_status":"open","ping_status":"closed","template":"","meta":[],"product_brand":[],"product_cat":[332,83,82,48,44],"product_tag":[88],"class_list":{"0":"post-4813","1":"product","2":"type-product","3":"status-publish","4":"has-post-thumbnail","6":"product_cat-bambu-50-cotone-50","7":"product_cat-coperta-in-bambu-e-cotone","8":"product_cat-coperte","9":"product_cat-copertine-neonato","10":"product_cat-prodotti-per-infanzia","11":"product_tag-coperta-in-bambu-e-cotone","13":"first","14":"instock","15":"sale","16":"taxable","17":"shipping-taxable","18":"purchasable","19":"product-type-variable"},"yoast_head":"<!-- This site is optimized with the Yoast SEO plugin v27.3 - https:\/\/yoast.com\/product\/yoast-seo-wordpress\/ -->\n<title>Coperta Neonato in Bamb\u00f9 e Cotone Popcorn - EcoBiOlia<\/title>\n<meta name=\"description\" content=\"Una coperta per tutto l&#039;anno in bamb\u00f9 e cotone. Ha propriet\u00e0 termoregolatrici: mantiene il comfort termico, previene il surriscaldamento, traspira.\" \/>\n<meta name=\"robots\" content=\"index, follow, max-snippet:-1, max-image-preview:large, max-video-preview:-1\" \/>\n<link rel=\"canonical\" href=\"https:\/\/ecobiolia.it\/en\/product\/coperta-neonato-in-bambu-e-cotone-popcorn\/\" \/>\n<meta property=\"og:locale\" content=\"en_GB\" \/>\n<meta property=\"og:type\" content=\"article\" \/>\n<meta property=\"og:title\" content=\"Coperta Neonato in Bamb\u00f9 e Cotone Popcorn - EcoBiOlia\" \/>\n<meta property=\"og:description\" content=\"Una coperta per tutto l&#039;anno in bamb\u00f9 e cotone. Ha propriet\u00e0 termoregolatrici: mantiene il comfort termico, previene il surriscaldamento, traspira.\" \/>\n<meta property=\"og:url\" content=\"https:\/\/ecobiolia.it\/en\/product\/coperta-neonato-in-bambu-e-cotone-popcorn\/\" \/>\n<meta property=\"og:site_name\" content=\"EcoBiOlia\" \/>\n<meta property=\"article:modified_time\" content=\"2026-02-20T07:35:28+00:00\" \/>\n<meta property=\"og:image\" content=\"https:\/\/ecobiolia.it\/wp-content\/uploads\/2023\/03\/14391.jpg\" \/>\n\t<meta property=\"og:image:width\" content=\"1600\" \/>\n\t<meta property=\"og:image:height\" content=\"1423\" \/>\n\t<meta property=\"og:image:type\" content=\"image\/jpeg\" \/>\n<meta name=\"twitter:card\" content=\"summary_large_image\" \/>\n<meta name=\"twitter:label1\" content=\"Estimated reading time\" \/>\n\t<meta name=\"twitter:data1\" content=\"3 minutes\" \/>\n<script type=\"application\/ld+json\" class=\"yoast-schema-graph\">{\"@context\":\"https:\\\/\\\/schema.org\",\"@graph\":[{\"@type\":\"WebPage\",\"@id\":\"https:\\\/\\\/ecobiolia.it\\\/prodotto\\\/coperta-neonato-in-bambu-e-cotone-popcorn\\\/\",\"url\":\"https:\\\/\\\/ecobiolia.it\\\/prodotto\\\/coperta-neonato-in-bambu-e-cotone-popcorn\\\/\",\"name\":\"Coperta Neonato in Bamb\u00f9 e Cotone Popcorn - EcoBiOlia\",\"isPartOf\":{\"@id\":\"https:\\\/\\\/ecobiolia.it\\\/it_it\\\/#website\"},\"primaryImageOfPage\":{\"@id\":\"https:\\\/\\\/ecobiolia.it\\\/prodotto\\\/coperta-neonato-in-bambu-e-cotone-popcorn\\\/#primaryimage\"},\"image\":{\"@id\":\"https:\\\/\\\/ecobiolia.it\\\/prodotto\\\/coperta-neonato-in-bambu-e-cotone-popcorn\\\/#primaryimage\"},\"thumbnailUrl\":\"https:\\\/\\\/ecobiolia.it\\\/wp-content\\\/uploads\\\/2023\\\/03\\\/14391.jpg\",\"datePublished\":\"2023-03-01T21:58:16+00:00\",\"dateModified\":\"2026-02-20T07:35:28+00:00\",\"description\":\"Una coperta per tutto l'anno in bamb\u00f9 e cotone. Ha propriet\u00e0 termoregolatrici: mantiene il comfort termico, previene il surriscaldamento, traspira.\",\"breadcrumb\":{\"@id\":\"https:\\\/\\\/ecobiolia.it\\\/prodotto\\\/coperta-neonato-in-bambu-e-cotone-popcorn\\\/#breadcrumb\"},\"inLanguage\":\"en-GB\",\"potentialAction\":[{\"@type\":\"ReadAction\",\"target\":[\"https:\\\/\\\/ecobiolia.it\\\/prodotto\\\/coperta-neonato-in-bambu-e-cotone-popcorn\\\/\"]}]},{\"@type\":\"ImageObject\",\"inLanguage\":\"en-GB\",\"@id\":\"https:\\\/\\\/ecobiolia.it\\\/prodotto\\\/coperta-neonato-in-bambu-e-cotone-popcorn\\\/#primaryimage\",\"url\":\"https:\\\/\\\/ecobiolia.it\\\/wp-content\\\/uploads\\\/2023\\\/03\\\/14391.jpg\",\"contentUrl\":\"https:\\\/\\\/ecobiolia.it\\\/wp-content\\\/uploads\\\/2023\\\/03\\\/14391.jpg\",\"width\":1600,\"height\":1423},{\"@type\":\"BreadcrumbList\",\"@id\":\"https:\\\/\\\/ecobiolia.it\\\/prodotto\\\/coperta-neonato-in-bambu-e-cotone-popcorn\\\/#breadcrumb\",\"itemListElement\":[{\"@type\":\"ListItem\",\"position\":1,\"name\":\"Home\",\"item\":\"https:\\\/\\\/ecobiolia.it\\\/\"},{\"@type\":\"ListItem\",\"position\":2,\"name\":\"Negozio\",\"item\":\"https:\\\/\\\/ecobiolia.it\\\/negozio\\\/\"},{\"@type\":\"ListItem\",\"position\":3,\"name\":\"Coperta Neonato in Bamb\u00f9 e Cotone Popcorn\"}]},{\"@type\":\"WebSite\",\"@id\":\"https:\\\/\\\/ecobiolia.it\\\/it_it\\\/#website\",\"url\":\"https:\\\/\\\/ecobiolia.it\\\/it_it\\\/\",\"name\":\"EcoBiOlia\",\"description\":\"Negozio Ecologico per Bambini e Adulti\",\"publisher\":{\"@id\":\"https:\\\/\\\/ecobiolia.it\\\/it_it\\\/#organization\"},\"potentialAction\":[{\"@type\":\"SearchAction\",\"target\":{\"@type\":\"EntryPoint\",\"urlTemplate\":\"https:\\\/\\\/ecobiolia.it\\\/it_it\\\/?s={search_term_string}\"},\"query-input\":{\"@type\":\"PropertyValueSpecification\",\"valueRequired\":true,\"valueName\":\"search_term_string\"}}],\"inLanguage\":\"en-GB\"},{\"@type\":\"Organization\",\"@id\":\"https:\\\/\\\/ecobiolia.it\\\/it_it\\\/#organization\",\"name\":\"EcoBiOlia\",\"url\":\"https:\\\/\\\/ecobiolia.it\\\/it_it\\\/\",\"logo\":{\"@type\":\"ImageObject\",\"inLanguage\":\"en-GB\",\"@id\":\"https:\\\/\\\/ecobiolia.it\\\/it_it\\\/#\\\/schema\\\/logo\\\/image\\\/\",\"url\":\"https:\\\/\\\/ecobiolia.it\\\/wp-content\\\/uploads\\\/2022\\\/04\\\/EcoBiOlia-Logo.png\",\"contentUrl\":\"https:\\\/\\\/ecobiolia.it\\\/wp-content\\\/uploads\\\/2022\\\/04\\\/EcoBiOlia-Logo.png\",\"width\":1772,\"height\":944,\"caption\":\"EcoBiOlia\"},\"image\":{\"@id\":\"https:\\\/\\\/ecobiolia.it\\\/it_it\\\/#\\\/schema\\\/logo\\\/image\\\/\"}}]}<\/script>\n<!-- \/ Yoast SEO plugin. -->","yoast_head_json":{"title":"Coperta Neonato in Bamb\u00f9 e Cotone Popcorn - EcoBiOlia","description":"Una coperta per tutto l'anno in bamb\u00f9 e cotone. Ha propriet\u00e0 termoregolatrici: mantiene il comfort termico, previene il surriscaldamento, traspira.","robots":{"index":"index","follow":"follow","max-snippet":"max-snippet:-1","max-image-preview":"max-image-preview:large","max-video-preview":"max-video-preview:-1"},"canonical":"https:\/\/ecobiolia.it\/en\/product\/coperta-neonato-in-bambu-e-cotone-popcorn\/","og_locale":"en_GB","og_type":"article","og_title":"Coperta Neonato in Bamb\u00f9 e Cotone Popcorn - EcoBiOlia","og_description":"Una coperta per tutto l'anno in bamb\u00f9 e cotone. Ha propriet\u00e0 termoregolatrici: mantiene il comfort termico, previene il surriscaldamento, traspira.","og_url":"https:\/\/ecobiolia.it\/en\/product\/coperta-neonato-in-bambu-e-cotone-popcorn\/","og_site_name":"EcoBiOlia","article_modified_time":"2026-02-20T07:35:28+00:00","og_image":[{"width":1600,"height":1423,"url":"https:\/\/ecobiolia.it\/wp-content\/uploads\/2023\/03\/14391.jpg","type":"image\/jpeg"}],"twitter_card":"summary_large_image","twitter_misc":{"Estimated reading time":"3 minutes"},"schema":{"@context":"https:\/\/schema.org","@graph":[{"@type":"WebPage","@id":"https:\/\/ecobiolia.it\/prodotto\/coperta-neonato-in-bambu-e-cotone-popcorn\/","url":"https:\/\/ecobiolia.it\/prodotto\/coperta-neonato-in-bambu-e-cotone-popcorn\/","name":"Coperta Neonato in Bamb\u00f9 e Cotone Popcorn - EcoBiOlia","isPartOf":{"@id":"https:\/\/ecobiolia.it\/it_it\/#website"},"primaryImageOfPage":{"@id":"https:\/\/ecobiolia.it\/prodotto\/coperta-neonato-in-bambu-e-cotone-popcorn\/#primaryimage"},"image":{"@id":"https:\/\/ecobiolia.it\/prodotto\/coperta-neonato-in-bambu-e-cotone-popcorn\/#primaryimage"},"thumbnailUrl":"https:\/\/ecobiolia.it\/wp-content\/uploads\/2023\/03\/14391.jpg","datePublished":"2023-03-01T21:58:16+00:00","dateModified":"2026-02-20T07:35:28+00:00","description":"Una coperta per tutto l'anno in bamb\u00f9 e cotone. Ha propriet\u00e0 termoregolatrici: mantiene il comfort termico, previene il surriscaldamento, traspira.","breadcrumb":{"@id":"https:\/\/ecobiolia.it\/prodotto\/coperta-neonato-in-bambu-e-cotone-popcorn\/#breadcrumb"},"inLanguage":"en-GB","potentialAction":[{"@type":"ReadAction","target":["https:\/\/ecobiolia.it\/prodotto\/coperta-neonato-in-bambu-e-cotone-popcorn\/"]}]},{"@type":"ImageObject","inLanguage":"en-GB","@id":"https:\/\/ecobiolia.it\/prodotto\/coperta-neonato-in-bambu-e-cotone-popcorn\/#primaryimage","url":"https:\/\/ecobiolia.it\/wp-content\/uploads\/2023\/03\/14391.jpg","contentUrl":"https:\/\/ecobiolia.it\/wp-content\/uploads\/2023\/03\/14391.jpg","width":1600,"height":1423},{"@type":"BreadcrumbList","@id":"https:\/\/ecobiolia.it\/prodotto\/coperta-neonato-in-bambu-e-cotone-popcorn\/#breadcrumb","itemListElement":[{"@type":"ListItem","position":1,"name":"Home","item":"https:\/\/ecobiolia.it\/"},{"@type":"ListItem","position":2,"name":"Negozio","item":"https:\/\/ecobiolia.it\/negozio\/"},{"@type":"ListItem","position":3,"name":"Coperta Neonato in Bamb\u00f9 e Cotone Popcorn"}]},{"@type":"WebSite","@id":"https:\/\/ecobiolia.it\/it_it\/#website","url":"https:\/\/ecobiolia.it\/it_it\/","name":"EcoBiOlia","description":"Negozio Ecologico per Bambini e Adulti","publisher":{"@id":"https:\/\/ecobiolia.it\/it_it\/#organization"},"potentialAction":[{"@type":"SearchAction","target":{"@type":"EntryPoint","urlTemplate":"https:\/\/ecobiolia.it\/it_it\/?s={search_term_string}"},"query-input":{"@type":"PropertyValueSpecification","valueRequired":true,"valueName":"search_term_string"}}],"inLanguage":"en-GB"},{"@type":"Organization","@id":"https:\/\/ecobiolia.it\/it_it\/#organization","name":"EcoBiOlia","url":"https:\/\/ecobiolia.it\/it_it\/","logo":{"@type":"ImageObject","inLanguage":"en-GB","@id":"https:\/\/ecobiolia.it\/it_it\/#\/schema\/logo\/image\/","url":"https:\/\/ecobiolia.it\/wp-content\/uploads\/2022\/04\/EcoBiOlia-Logo.png","contentUrl":"https:\/\/ecobiolia.it\/wp-content\/uploads\/2022\/04\/EcoBiOlia-Logo.png","width":1772,"height":944,"caption":"EcoBiOlia"},"image":{"@id":"https:\/\/ecobiolia.it\/it_it\/#\/schema\/logo\/image\/"}}]}},"jetpack-related-posts":[{"id":4569,"url":"https:\/\/ecobiolia.it\/en\/product\/coperta-traforata-in-bambu-a-maglia-conchiglia\/","url_meta":{"origin":4813,"position":0},"title":"Coperta Traforata in Bamb\u00f9 a Maglia Conchiglia","author":"Olga","date":"11 November 2022","format":false,"excerpt":"Coperta Traforata in Bamb\u00f9 a Maglia Conchiglia \u00e8 realizzata in filato di bamb\u00f9 e cotone per PRIMAVERA, ESTATE, AUTUNNO. Bellissima trama, come se le conchiglie fossero unite insieme. I lati pi\u00f9 corti, terminati con un'onda, aggiungono anche un fascino straordinario. Nonostante la trama traforata, la coperta \u00e8 molto carnosa e\u2026","rel":"","context":"Similar post","block_context":{"text":"Similar post","link":""},"img":{"alt_text":"","src":"https:\/\/i0.wp.com\/ecobiolia.it\/wp-content\/uploads\/2022\/11\/2893.jpg?resize=350%2C200&ssl=1","width":350,"height":200,"srcset":"https:\/\/i0.wp.com\/ecobiolia.it\/wp-content\/uploads\/2022\/11\/2893.jpg?resize=350%2C200&ssl=1 1x, https:\/\/i0.wp.com\/ecobiolia.it\/wp-content\/uploads\/2022\/11\/2893.jpg?resize=525%2C300&ssl=1 1.5x, https:\/\/i0.wp.com\/ecobiolia.it\/wp-content\/uploads\/2022\/11\/2893.jpg?resize=700%2C400&ssl=1 2x, https:\/\/i0.wp.com\/ecobiolia.it\/wp-content\/uploads\/2022\/11\/2893.jpg?resize=1050%2C600&ssl=1 3x"},"classes":[]},{"id":2332,"url":"https:\/\/ecobiolia.it\/en\/product\/lullalove-copertina-traforata-in-bamboo-margherita\/","url_meta":{"origin":4813,"position":1},"title":"Copertina Traforata per Neonato in Bamboo &#8211; Margherita","author":"Olga","date":"20 June 2022","format":false,"excerpt":"Stai cercando la copertina traforata in bamboo pi\u00f9 bella del mondo? Eccola! \u00c8 molto morbida, elegante e disponibile in molti colori. Realizzata in filato naturale al 100%, adatta fin dal primo giorno grazie alla trama traforata. La copertina ha fantastiche propriet\u00e0 traspiranti e allo stesso tempo, offre comfort termico. L'utilizzo\u2026","rel":"","context":"Similar post","block_context":{"text":"Similar post","link":""},"img":{"alt_text":"","src":"https:\/\/i0.wp.com\/ecobiolia.it\/wp-content\/uploads\/2022\/06\/Lullalove-Coperta-Margherita-Crema-Caramello-1.jpg?resize=350%2C200&ssl=1","width":350,"height":200,"srcset":"https:\/\/i0.wp.com\/ecobiolia.it\/wp-content\/uploads\/2022\/06\/Lullalove-Coperta-Margherita-Crema-Caramello-1.jpg?resize=350%2C200&ssl=1 1x, https:\/\/i0.wp.com\/ecobiolia.it\/wp-content\/uploads\/2022\/06\/Lullalove-Coperta-Margherita-Crema-Caramello-1.jpg?resize=525%2C300&ssl=1 1.5x, https:\/\/i0.wp.com\/ecobiolia.it\/wp-content\/uploads\/2022\/06\/Lullalove-Coperta-Margherita-Crema-Caramello-1.jpg?resize=700%2C400&ssl=1 2x, https:\/\/i0.wp.com\/ecobiolia.it\/wp-content\/uploads\/2022\/06\/Lullalove-Coperta-Margherita-Crema-Caramello-1.jpg?resize=1050%2C600&ssl=1 3x, https:\/\/i0.wp.com\/ecobiolia.it\/wp-content\/uploads\/2022\/06\/Lullalove-Coperta-Margherita-Crema-Caramello-1.jpg?resize=1400%2C800&ssl=1 4x"},"classes":[]},{"id":1084,"url":"https:\/\/ecobiolia.it\/en\/product\/lullalove-coperta-in-bambu-a-maglia-nuova-80x100-cm\/","url_meta":{"origin":4813,"position":2},"title":"Coperta in Bamb\u00f9 a Maglia Rombi 80&#215;100 cm","author":"Olga","date":"25 January 2022","format":false,"excerpt":"La migliore qualit\u00e0 di coperta per bambini in bamb\u00f9 e cotone con motivo a rombi. La fibra di bamb\u00f9 rende la copertina leggera, durevole, ipoallergenica, antibatterica, traspirante e resistente ai raggi UV. Il filato di bamb\u00f9 ha delle propriet\u00e0 di termoregolazione. Mantiene il comfort termico, impedisce il surriscaldamento, \u00e8 traspirante\u2026","rel":"","context":"Similar post","block_context":{"text":"Similar post","link":""},"img":{"alt_text":"","src":"https:\/\/i0.wp.com\/ecobiolia.it\/wp-content\/uploads\/2022\/01\/Lullalove-Coperta-Bambino-Nuova.jpg?resize=350%2C200&ssl=1","width":350,"height":200,"srcset":"https:\/\/i0.wp.com\/ecobiolia.it\/wp-content\/uploads\/2022\/01\/Lullalove-Coperta-Bambino-Nuova.jpg?resize=350%2C200&ssl=1 1x, https:\/\/i0.wp.com\/ecobiolia.it\/wp-content\/uploads\/2022\/01\/Lullalove-Coperta-Bambino-Nuova.jpg?resize=525%2C300&ssl=1 1.5x, https:\/\/i0.wp.com\/ecobiolia.it\/wp-content\/uploads\/2022\/01\/Lullalove-Coperta-Bambino-Nuova.jpg?resize=700%2C400&ssl=1 2x, https:\/\/i0.wp.com\/ecobiolia.it\/wp-content\/uploads\/2022\/01\/Lullalove-Coperta-Bambino-Nuova.jpg?resize=1050%2C600&ssl=1 3x, https:\/\/i0.wp.com\/ecobiolia.it\/wp-content\/uploads\/2022\/01\/Lullalove-Coperta-Bambino-Nuova.jpg?resize=1400%2C800&ssl=1 4x"},"classes":[]},{"id":3015,"url":"https:\/\/ecobiolia.it\/en\/product\/telo-coperta-in-mussola-di-bambu-e-cotone-150x200-cm\/","url_meta":{"origin":4813,"position":3},"title":"Telo, Coperta in Mussola di Bamb\u00f9 e Cotone 150&#215;200 cm","author":"Olga","date":"12 July 2022","format":false,"excerpt":"Telo, Coperta in Mussola di Bamboo e Cotone 140x200 cm \u00e8 estremamente morbida, traspirante, perfetta per coprire, fasciare, asciugare, proteggere dal sole e dagli insetti, come lenzuolino sotto, base per il fasciatoio o passeggino, protezione spalla per rigurgiti, durante allattamento, per avvolgere dopo il bagnetto. La misura grande permette di\u2026","rel":"","context":"Similar post","block_context":{"text":"Similar post","link":""},"img":{"alt_text":"","src":"https:\/\/i0.wp.com\/ecobiolia.it\/wp-content\/uploads\/2022\/07\/8511.jpg?resize=350%2C200&ssl=1","width":350,"height":200,"srcset":"https:\/\/i0.wp.com\/ecobiolia.it\/wp-content\/uploads\/2022\/07\/8511.jpg?resize=350%2C200&ssl=1 1x, https:\/\/i0.wp.com\/ecobiolia.it\/wp-content\/uploads\/2022\/07\/8511.jpg?resize=525%2C300&ssl=1 1.5x, https:\/\/i0.wp.com\/ecobiolia.it\/wp-content\/uploads\/2022\/07\/8511.jpg?resize=700%2C400&ssl=1 2x, https:\/\/i0.wp.com\/ecobiolia.it\/wp-content\/uploads\/2022\/07\/8511.jpg?resize=1050%2C600&ssl=1 3x"},"classes":[]},{"id":1585,"url":"https:\/\/ecobiolia.it\/en\/product\/lullalove-coperta-in-bambu-a-maglia-classica-80x100-cm\/","url_meta":{"origin":4813,"position":4},"title":"Coperta Clinica Termoregolante per Tutte le Stagioni &#8211; Classica","author":"Olga","date":"30 March 2022","format":false,"excerpt":"Coperta a maglia in stile scandinavo. Fatta in filato di bamb\u00f9 con l'aggiunta di cotone. Tessuta a doppio strato offre una comodit\u00e0 stupefacente. Il filato di bamb\u00f9 ha delle propriet\u00e0 di termoregolazione. Mantiene il comfort termico, impedisce il surriscaldamento, \u00e8 traspirante e superassorbente. La copertina \u00e8 ideale per il lettino,\u2026","rel":"","context":"Similar post","block_context":{"text":"Similar post","link":""},"img":{"alt_text":"","src":"https:\/\/i0.wp.com\/ecobiolia.it\/wp-content\/uploads\/2022\/03\/Coperta-Termoregolatrice-classica-colori.png?resize=350%2C200&ssl=1","width":350,"height":200,"srcset":"https:\/\/i0.wp.com\/ecobiolia.it\/wp-content\/uploads\/2022\/03\/Coperta-Termoregolatrice-classica-colori.png?resize=350%2C200&ssl=1 1x, https:\/\/i0.wp.com\/ecobiolia.it\/wp-content\/uploads\/2022\/03\/Coperta-Termoregolatrice-classica-colori.png?resize=525%2C300&ssl=1 1.5x, https:\/\/i0.wp.com\/ecobiolia.it\/wp-content\/uploads\/2022\/03\/Coperta-Termoregolatrice-classica-colori.png?resize=700%2C400&ssl=1 2x, https:\/\/i0.wp.com\/ecobiolia.it\/wp-content\/uploads\/2022\/03\/Coperta-Termoregolatrice-classica-colori.png?resize=1050%2C600&ssl=1 3x, https:\/\/i0.wp.com\/ecobiolia.it\/wp-content\/uploads\/2022\/03\/Coperta-Termoregolatrice-classica-colori.png?resize=1400%2C800&ssl=1 4x"},"classes":[]},{"id":4252,"url":"https:\/\/ecobiolia.it\/en\/product\/coperta-in-bambu-con-volant-a-maglia-classica\/","url_meta":{"origin":4813,"position":5},"title":"Coperta in Bamb\u00f9 con Volant a Maglia Classica","author":"Olga","date":"22 August 2022","format":false,"excerpt":"Una bellissima Coperta in Bamb\u00f9 con Volant a Maglia Classica realizzata in filato di bamb\u00f9 e cotone. La balza scorrevole sui lati (volant) conferisce una forma irregolare. La maglia e il filato della coperta garantiscono comfort di utilizzo durante tutto l'anno. Perfetto per l'uso a casa, a passeggio o in\u2026","rel":"","context":"Similar post","block_context":{"text":"Similar post","link":""},"img":{"alt_text":"","src":"https:\/\/i0.wp.com\/ecobiolia.it\/wp-content\/uploads\/2022\/08\/7674.jpg?resize=350%2C200&ssl=1","width":350,"height":200,"srcset":"https:\/\/i0.wp.com\/ecobiolia.it\/wp-content\/uploads\/2022\/08\/7674.jpg?resize=350%2C200&ssl=1 1x, https:\/\/i0.wp.com\/ecobiolia.it\/wp-content\/uploads\/2022\/08\/7674.jpg?resize=525%2C300&ssl=1 1.5x, https:\/\/i0.wp.com\/ecobiolia.it\/wp-content\/uploads\/2022\/08\/7674.jpg?resize=700%2C400&ssl=1 2x, https:\/\/i0.wp.com\/ecobiolia.it\/wp-content\/uploads\/2022\/08\/7674.jpg?resize=1050%2C600&ssl=1 3x, https:\/\/i0.wp.com\/ecobiolia.it\/wp-content\/uploads\/2022\/08\/7674.jpg?resize=1400%2C800&ssl=1 4x"},"classes":[]}],"jetpack_sharing_enabled":true,"_links":{"self":[{"href":"https:\/\/ecobiolia.it\/en\/wp-json\/wp\/v2\/product\/4813","targetHints":{"allow":["GET"]}}],"collection":[{"href":"https:\/\/ecobiolia.it\/en\/wp-json\/wp\/v2\/product"}],"about":[{"href":"https:\/\/ecobiolia.it\/en\/wp-json\/wp\/v2\/types\/product"}],"replies":[{"embeddable":true,"href":"https:\/\/ecobiolia.it\/en\/wp-json\/wp\/v2\/comments?post=4813"}],"version-history":[{"count":1,"href":"https:\/\/ecobiolia.it\/en\/wp-json\/wp\/v2\/product\/4813\/revisions"}],"predecessor-version":[{"id":6391,"href":"https:\/\/ecobiolia.it\/en\/wp-json\/wp\/v2\/product\/4813\/revisions\/6391"}],"wp:featuredmedia":[{"embeddable":true,"href":"https:\/\/ecobiolia.it\/en\/wp-json\/wp\/v2\/media\/4806"}],"wp:attachment":[{"href":"https:\/\/ecobiolia.it\/en\/wp-json\/wp\/v2\/media?parent=4813"}],"wp:term":[{"taxonomy":"product_brand","embeddable":true,"href":"https:\/\/ecobiolia.it\/en\/wp-json\/wp\/v2\/product_brand?post=4813"},{"taxonomy":"product_cat","embeddable":true,"href":"https:\/\/ecobiolia.it\/en\/wp-json\/wp\/v2\/product_cat?post=4813"},{"taxonomy":"product_tag","embeddable":true,"href":"https:\/\/ecobiolia.it\/en\/wp-json\/wp\/v2\/product_tag?post=4813"}],"curies":[{"name":"wp","href":"https:\/\/api.w.org\/{rel}","templated":true}]}}