{"id":4252,"date":"2022-08-22T08:37:03","date_gmt":"2022-08-22T08:37:03","guid":{"rendered":"https:\/\/ecobiolia.it\/?post_type=product&#038;p=4252"},"modified":"2026-04-03T07:52:13","modified_gmt":"2026-04-03T07:52:13","slug":"coperta-in-bambu-con-volant-a-maglia-classica","status":"publish","type":"product","link":"https:\/\/ecobiolia.it\/en\/product\/coperta-in-bambu-con-volant-a-maglia-classica\/","title":{"rendered":"Coperta in Bamb\u00f9 con Volant a Maglia Classica"},"content":{"rendered":"<div class=\"rte collection-description page-width\">\n<p><strong><em>Coperta in Bamb\u00f9 con Volant a Maglia Classica:<\/em><\/strong><\/p>\n<p><strong>OEKO-TEX STANDARD 100 certification:<\/strong> <span lang=\"it\" xml:lang=\"it\"><span title=\"Prz\u0119dza posiada certyfikat Oeko-Tex standard 100 w klasie produkt\u00f3w dedykowanych niemowl\u0119tom.\">The yarn has obtained the Oeko-Tex Standard 100 certificate - it is free from harmful substances and safe for babies from birth. The certificate <\/span><span title=\"Gwarantuje to jego jako\u015b\u0107 i bezpiecze\u0144stwo.\">guarantees quality and safety. <\/span><\/span><\/p>\n<p><strong>Ecological, antibacterial, antifungal and antiallergic\u00a0 <\/strong><\/p>\n<p><strong>Thermoregulation properties: <\/strong>t<span lang=\"it\" xml:lang=\"it\"><span title=\"Podw\u00f3jna g\u0119sto\u015b\u0107 tkania i mi\u0119sisty splot zapewniaj\u0105 niesamowity komfort u\u017cytkowania.\">l filato di bamb\u00f9<\/span><span title=\"Prz\u0119dza bambusowa posiada w\u0142a\u015bciwo\u015bci termoregulacyjne, dzi\u0119ki czemu utrzymuje komfort cieplny, zapobiega przegrzaniu, oddycha i \u015bwietnie odprowadza wilgo\u0107.\"> ha delle propriet\u00e0 di termoregolazione. Mantiene il comfort termico, impedisce il surriscaldamento, \u00e8 traspirante.<\/span><\/span><\/p>\n<p><strong><span lang=\"it\" xml:lang=\"it\"><span title=\"Prz\u0119dza bambusowa posiada w\u0142a\u015bciwo\u015bci termoregulacyjne, dzi\u0119ki czemu utrzymuje komfort cieplny, zapobiega przegrzaniu, oddycha i \u015bwietnie odprowadza wilgo\u0107.\">Super absorbent: <\/span><\/span><\/strong><span lang=\"it\" xml:lang=\"it\"><span title=\"Prz\u0119dza bambusowa posiada w\u0142a\u015bciwo\u015bci termoregulacyjne, dzi\u0119ki czemu utrzymuje komfort cieplny, zapobiega przegrzaniu, oddycha i \u015bwietnie odprowadza wilgo\u0107.\">bamboo<\/span><\/span>absorbs humidity by 60% better than cotton<\/p>\n<p><strong>100% MADE IN EU.<\/strong><\/p>\n<p><span lang=\"it\" xml:lang=\"it\"><span title=\"Dimentions: 80x100 cm\">Dimensioni: <span class=\"VIiyi\" lang=\"it\"><span class=\"JLqJ4b\" data-language-for-alternatives=\"it\" data-language-to-translate-into=\"pl\" data-phrase-index=\"0\" data-number-of-phrases=\"1\"><span class=\"Q4iAWc\">circa 90 x 110 cm La dimensione \u00e8 indicativa a seconda della disposizione, il tessuto funziona e la dimensione pu\u00f2 differire dallo standard +\/- 5%. Uno dei lati della coperta non si allunga tanto quanto l&#8217;altro. Risulta dal processo di produzione ed \u00e8 una procedura deliberata. <\/span><\/span><\/span><br \/>\n<\/span><span title=\"Sk\u0142ad: 50% CV bambus, 50% bawe\u0142na.\">Composizion: 50% bamboo, 50% cotone.<\/span><\/span><\/p>\n<p><span title=\"Suszarka b\u0119bnowa mo\u017ce uszkodzi\u0107 w\u0142\u00f3kna. \u00a0\"><span class=\"VIiyi\" lang=\"it\"><span class=\"JLqJ4b\" data-language-for-alternatives=\"it\" data-language-to-translate-into=\"pl\" data-phrase-index=\"0\" data-number-of-phrases=\"1\"><span class=\"Q4iAWc\">Lavaggio consigliato in lavatrice a max. 30 gradi. Non lavare a mano. Lavare con colori simili. Nel caso di colori scuri, durante i primi lavaggi, si consiglia di separare accuratamente o utilizzare salviette per catturare l&#8217;eventuale colore. Per evitare che la coperta si trascini, \u00e8 meglio lavarla in un sacco per la biancheria. Per il lavaggio utilizzare detersivi delicati che non contengano candeggina e cloro. La morbidezza della fibra dopo il lavaggio \u00e8 direttamente influenzata dalla durezza dell&#8217;acqua. In caso di acqua dura, si consiglia l&#8217;uso di un addolcitore. Ricordarsi di decalcificare il cestello della lavatrice e tenerlo pulito. <\/span><\/span><\/span><\/span><\/p>\n<p><span title=\"Suszarka b\u0119bnowa mo\u017ce uszkodzi\u0107 w\u0142\u00f3kna. \u00a0\"><span class=\"VIiyi\" lang=\"it\"><span class=\"JLqJ4b\" data-language-for-alternatives=\"it\" data-language-to-translate-into=\"pl\" data-phrase-index=\"0\" data-number-of-phrases=\"1\"><span class=\"Q4iAWc\">Per rimuovere i batteri, la coperta pu\u00f2 essere stirata, ad esempio, con un panno prottetivo tetras. Non stirare le fibre direttamente. Per il lavaggio utilizzare detersivi delicati che non contengano candeggina e cloro. Asciugare solo in orrizzontale. L&#8217;asciugatrice pu\u00f2 danneggiare le fibre. Il pilling delicato \u00e8 un fenomeno naturale nell&#8217;uso quotidiano dei tessuti a maglia. Puoi eliminarlo, tra gli altri un rasoio per vestiti. Nota: le sfumature possono differire da quelle mostrate nelle foto a seconda delle impostazioni del monitor.<\/span><\/span><\/span><\/span><\/p>\n<p>&nbsp;<\/p>\n<\/div>","protected":false},"excerpt":{"rendered":"<p><span class=\"VIiyi\" lang=\"it\"><span class=\"JLqJ4b\" data-language-for-alternatives=\"it\" data-language-to-translate-into=\"pl\" data-phrase-index=\"0\" data-number-of-phrases=\"1\"><span class=\"Q4iAWc\">Una bellissima Coperta in Bamb\u00f9 con Volant a Maglia Classica realizzata in filato di bamb\u00f9 e cotone. La balza scorrevole sui lati (volant) conferisce una forma irregolare. La maglia e il filato della coperta garantiscono comfort di utilizzo durante tutto l&#8217;anno. Perfetto per l&#8217;uso a casa, a passeggio o in altri viaggi.<\/span><\/span><\/span> <span lang=\"it\" xml:lang=\"it\"><span title=\"Podw\u00f3jna g\u0119sto\u015b\u0107 tkania i mi\u0119sisty splot zapewniaj\u0105 niesamowity komfort u\u017cytkowania.\">Il f<\/span><span title=\"Prz\u0119dza bambusowa posiada w\u0142a\u015bciwo\u015bci termoregulacyjne, dzi\u0119ki czemu utrzymuje komfort cieplny, zapobiega przegrzaniu, oddycha i \u015bwietnie odprowadza wilgo\u0107.\">bamboo yarn has thermoregulatory properties. Maintains thermal comfort, prevents overheating, is breathable and super absorbent. <\/span><span title=\"Kocyk doskonale sprawdzi si\u0119 w \u0142\u00f3\u017ceczku, w\u00f3zku czy foteliku samochodowym.\">The blanket is ideal for the cot, pram, stroller or car seat. An essential element of any layette. It will be a <\/span><span title=\"Niezast\u0105piony w wyprawce, idealny na prezent.\">wonderful gift!<\/span><\/span><\/p>","protected":false},"featured_media":4368,"comment_status":"open","ping_status":"closed","template":"","meta":[],"product_brand":[],"product_cat":[332,116,83,82,48,81,44],"product_tag":[88],"class_list":{"0":"post-4252","1":"product","2":"type-product","3":"status-publish","4":"has-post-thumbnail","6":"product_cat-bambu-50-cotone-50","7":"product_cat-coperta-con-volant","8":"product_cat-coperta-in-bambu-e-cotone","9":"product_cat-coperte","10":"product_cat-copertine-neonato","11":"product_cat-nanna","12":"product_cat-prodotti-per-infanzia","13":"product_tag-coperta-in-bambu-e-cotone","15":"first","16":"instock","17":"taxable","18":"shipping-taxable","19":"purchasable","20":"product-type-variable"},"yoast_head":"<!-- This site is optimized with the Yoast SEO plugin v27.3 - https:\/\/yoast.com\/product\/yoast-seo-wordpress\/ -->\n<title>Coperta in Bamb\u00f9 con Volant a Maglia Classica - EcoBiOlia<\/title>\n<meta name=\"robots\" content=\"index, follow, max-snippet:-1, max-image-preview:large, max-video-preview:-1\" \/>\n<link rel=\"canonical\" href=\"https:\/\/ecobiolia.it\/en\/product\/coperta-in-bambu-con-volant-a-maglia-classica\/\" \/>\n<meta property=\"og:locale\" content=\"en_GB\" \/>\n<meta property=\"og:type\" content=\"article\" \/>\n<meta property=\"og:title\" content=\"Coperta in Bamb\u00f9 con Volant a Maglia Classica - EcoBiOlia\" \/>\n<meta property=\"og:description\" content=\"Una bellissima Coperta in Bamb\u00f9 con Volant a Maglia Classica realizzata in filato di bamb\u00f9 e cotone. La balza scorrevole sui lati (volant) conferisce una forma irregolare. La maglia e il filato della coperta garantiscono comfort di utilizzo durante tutto l&#039;anno. Perfetto per l&#039;uso a casa, a passeggio o in altri viaggi. Il filato di bamb\u00f9 ha delle propriet\u00e0 di termoregolazione. Mantiene il comfort termico, impedisce il surriscaldamento, \u00e8 traspirante e superassorbente. La copertina \u00e8 ideale per il lettino, carrozzina, passeggino o seggiolino per auto. Un elemento essenziale di ogni corredino. Sar\u00e0 un regalo meraviglioso!\" \/>\n<meta property=\"og:url\" content=\"https:\/\/ecobiolia.it\/en\/product\/coperta-in-bambu-con-volant-a-maglia-classica\/\" \/>\n<meta property=\"og:site_name\" content=\"EcoBiOlia\" \/>\n<meta property=\"article:modified_time\" content=\"2026-04-03T07:52:13+00:00\" \/>\n<meta property=\"og:image\" content=\"https:\/\/ecobiolia.it\/wp-content\/uploads\/2022\/08\/7674.jpg\" \/>\n\t<meta property=\"og:image:width\" content=\"1600\" \/>\n\t<meta property=\"og:image:height\" content=\"1423\" \/>\n\t<meta property=\"og:image:type\" content=\"image\/jpeg\" \/>\n<meta name=\"twitter:card\" content=\"summary_large_image\" \/>\n<meta name=\"twitter:label1\" content=\"Estimated reading time\" \/>\n\t<meta name=\"twitter:data1\" content=\"2 minutes\" \/>\n<script type=\"application\/ld+json\" class=\"yoast-schema-graph\">{\"@context\":\"https:\\\/\\\/schema.org\",\"@graph\":[{\"@type\":\"WebPage\",\"@id\":\"https:\\\/\\\/ecobiolia.it\\\/prodotto\\\/coperta-in-bambu-con-volant-a-maglia-classica\\\/\",\"url\":\"https:\\\/\\\/ecobiolia.it\\\/prodotto\\\/coperta-in-bambu-con-volant-a-maglia-classica\\\/\",\"name\":\"Coperta in Bamb\u00f9 con Volant a Maglia Classica - EcoBiOlia\",\"isPartOf\":{\"@id\":\"https:\\\/\\\/ecobiolia.it\\\/it_it\\\/#website\"},\"primaryImageOfPage\":{\"@id\":\"https:\\\/\\\/ecobiolia.it\\\/prodotto\\\/coperta-in-bambu-con-volant-a-maglia-classica\\\/#primaryimage\"},\"image\":{\"@id\":\"https:\\\/\\\/ecobiolia.it\\\/prodotto\\\/coperta-in-bambu-con-volant-a-maglia-classica\\\/#primaryimage\"},\"thumbnailUrl\":\"https:\\\/\\\/ecobiolia.it\\\/wp-content\\\/uploads\\\/2022\\\/08\\\/7674.jpg\",\"datePublished\":\"2022-08-22T08:37:03+00:00\",\"dateModified\":\"2026-04-03T07:52:13+00:00\",\"breadcrumb\":{\"@id\":\"https:\\\/\\\/ecobiolia.it\\\/prodotto\\\/coperta-in-bambu-con-volant-a-maglia-classica\\\/#breadcrumb\"},\"inLanguage\":\"en-GB\",\"potentialAction\":[{\"@type\":\"ReadAction\",\"target\":[\"https:\\\/\\\/ecobiolia.it\\\/prodotto\\\/coperta-in-bambu-con-volant-a-maglia-classica\\\/\"]}]},{\"@type\":\"ImageObject\",\"inLanguage\":\"en-GB\",\"@id\":\"https:\\\/\\\/ecobiolia.it\\\/prodotto\\\/coperta-in-bambu-con-volant-a-maglia-classica\\\/#primaryimage\",\"url\":\"https:\\\/\\\/ecobiolia.it\\\/wp-content\\\/uploads\\\/2022\\\/08\\\/7674.jpg\",\"contentUrl\":\"https:\\\/\\\/ecobiolia.it\\\/wp-content\\\/uploads\\\/2022\\\/08\\\/7674.jpg\",\"width\":1600,\"height\":1423},{\"@type\":\"BreadcrumbList\",\"@id\":\"https:\\\/\\\/ecobiolia.it\\\/prodotto\\\/coperta-in-bambu-con-volant-a-maglia-classica\\\/#breadcrumb\",\"itemListElement\":[{\"@type\":\"ListItem\",\"position\":1,\"name\":\"Home\",\"item\":\"https:\\\/\\\/ecobiolia.it\\\/\"},{\"@type\":\"ListItem\",\"position\":2,\"name\":\"Negozio\",\"item\":\"https:\\\/\\\/ecobiolia.it\\\/negozio\\\/\"},{\"@type\":\"ListItem\",\"position\":3,\"name\":\"Coperta in Bamb\u00f9 con Volant a Maglia Classica\"}]},{\"@type\":\"WebSite\",\"@id\":\"https:\\\/\\\/ecobiolia.it\\\/it_it\\\/#website\",\"url\":\"https:\\\/\\\/ecobiolia.it\\\/it_it\\\/\",\"name\":\"EcoBiOlia\",\"description\":\"Negozio Ecologico per Bambini e Adulti\",\"publisher\":{\"@id\":\"https:\\\/\\\/ecobiolia.it\\\/it_it\\\/#organization\"},\"potentialAction\":[{\"@type\":\"SearchAction\",\"target\":{\"@type\":\"EntryPoint\",\"urlTemplate\":\"https:\\\/\\\/ecobiolia.it\\\/it_it\\\/?s={search_term_string}\"},\"query-input\":{\"@type\":\"PropertyValueSpecification\",\"valueRequired\":true,\"valueName\":\"search_term_string\"}}],\"inLanguage\":\"en-GB\"},{\"@type\":\"Organization\",\"@id\":\"https:\\\/\\\/ecobiolia.it\\\/it_it\\\/#organization\",\"name\":\"EcoBiOlia\",\"url\":\"https:\\\/\\\/ecobiolia.it\\\/it_it\\\/\",\"logo\":{\"@type\":\"ImageObject\",\"inLanguage\":\"en-GB\",\"@id\":\"https:\\\/\\\/ecobiolia.it\\\/it_it\\\/#\\\/schema\\\/logo\\\/image\\\/\",\"url\":\"https:\\\/\\\/ecobiolia.it\\\/wp-content\\\/uploads\\\/2022\\\/04\\\/EcoBiOlia-Logo.png\",\"contentUrl\":\"https:\\\/\\\/ecobiolia.it\\\/wp-content\\\/uploads\\\/2022\\\/04\\\/EcoBiOlia-Logo.png\",\"width\":1772,\"height\":944,\"caption\":\"EcoBiOlia\"},\"image\":{\"@id\":\"https:\\\/\\\/ecobiolia.it\\\/it_it\\\/#\\\/schema\\\/logo\\\/image\\\/\"}}]}<\/script>\n<!-- \/ Yoast SEO plugin. -->","yoast_head_json":{"title":"Coperta in Bamb\u00f9 con Volant a Maglia Classica - EcoBiOlia","robots":{"index":"index","follow":"follow","max-snippet":"max-snippet:-1","max-image-preview":"max-image-preview:large","max-video-preview":"max-video-preview:-1"},"canonical":"https:\/\/ecobiolia.it\/en\/product\/coperta-in-bambu-con-volant-a-maglia-classica\/","og_locale":"en_GB","og_type":"article","og_title":"Coperta in Bamb\u00f9 con Volant a Maglia Classica - EcoBiOlia","og_description":"Una bellissima Coperta in Bamb\u00f9 con Volant a Maglia Classica realizzata in filato di bamb\u00f9 e cotone. La balza scorrevole sui lati (volant) conferisce una forma irregolare. La maglia e il filato della coperta garantiscono comfort di utilizzo durante tutto l'anno. Perfetto per l'uso a casa, a passeggio o in altri viaggi. Il filato di bamb\u00f9 ha delle propriet\u00e0 di termoregolazione. Mantiene il comfort termico, impedisce il surriscaldamento, \u00e8 traspirante e superassorbente. La copertina \u00e8 ideale per il lettino, carrozzina, passeggino o seggiolino per auto. Un elemento essenziale di ogni corredino. Sar\u00e0 un regalo meraviglioso!","og_url":"https:\/\/ecobiolia.it\/en\/product\/coperta-in-bambu-con-volant-a-maglia-classica\/","og_site_name":"EcoBiOlia","article_modified_time":"2026-04-03T07:52:13+00:00","og_image":[{"width":1600,"height":1423,"url":"https:\/\/ecobiolia.it\/wp-content\/uploads\/2022\/08\/7674.jpg","type":"image\/jpeg"}],"twitter_card":"summary_large_image","twitter_misc":{"Estimated reading time":"2 minutes"},"schema":{"@context":"https:\/\/schema.org","@graph":[{"@type":"WebPage","@id":"https:\/\/ecobiolia.it\/prodotto\/coperta-in-bambu-con-volant-a-maglia-classica\/","url":"https:\/\/ecobiolia.it\/prodotto\/coperta-in-bambu-con-volant-a-maglia-classica\/","name":"Coperta in Bamb\u00f9 con Volant a Maglia Classica - EcoBiOlia","isPartOf":{"@id":"https:\/\/ecobiolia.it\/it_it\/#website"},"primaryImageOfPage":{"@id":"https:\/\/ecobiolia.it\/prodotto\/coperta-in-bambu-con-volant-a-maglia-classica\/#primaryimage"},"image":{"@id":"https:\/\/ecobiolia.it\/prodotto\/coperta-in-bambu-con-volant-a-maglia-classica\/#primaryimage"},"thumbnailUrl":"https:\/\/ecobiolia.it\/wp-content\/uploads\/2022\/08\/7674.jpg","datePublished":"2022-08-22T08:37:03+00:00","dateModified":"2026-04-03T07:52:13+00:00","breadcrumb":{"@id":"https:\/\/ecobiolia.it\/prodotto\/coperta-in-bambu-con-volant-a-maglia-classica\/#breadcrumb"},"inLanguage":"en-GB","potentialAction":[{"@type":"ReadAction","target":["https:\/\/ecobiolia.it\/prodotto\/coperta-in-bambu-con-volant-a-maglia-classica\/"]}]},{"@type":"ImageObject","inLanguage":"en-GB","@id":"https:\/\/ecobiolia.it\/prodotto\/coperta-in-bambu-con-volant-a-maglia-classica\/#primaryimage","url":"https:\/\/ecobiolia.it\/wp-content\/uploads\/2022\/08\/7674.jpg","contentUrl":"https:\/\/ecobiolia.it\/wp-content\/uploads\/2022\/08\/7674.jpg","width":1600,"height":1423},{"@type":"BreadcrumbList","@id":"https:\/\/ecobiolia.it\/prodotto\/coperta-in-bambu-con-volant-a-maglia-classica\/#breadcrumb","itemListElement":[{"@type":"ListItem","position":1,"name":"Home","item":"https:\/\/ecobiolia.it\/"},{"@type":"ListItem","position":2,"name":"Negozio","item":"https:\/\/ecobiolia.it\/negozio\/"},{"@type":"ListItem","position":3,"name":"Coperta in Bamb\u00f9 con Volant a Maglia Classica"}]},{"@type":"WebSite","@id":"https:\/\/ecobiolia.it\/it_it\/#website","url":"https:\/\/ecobiolia.it\/it_it\/","name":"EcoBiOlia","description":"Negozio Ecologico per Bambini e Adulti","publisher":{"@id":"https:\/\/ecobiolia.it\/it_it\/#organization"},"potentialAction":[{"@type":"SearchAction","target":{"@type":"EntryPoint","urlTemplate":"https:\/\/ecobiolia.it\/it_it\/?s={search_term_string}"},"query-input":{"@type":"PropertyValueSpecification","valueRequired":true,"valueName":"search_term_string"}}],"inLanguage":"en-GB"},{"@type":"Organization","@id":"https:\/\/ecobiolia.it\/it_it\/#organization","name":"EcoBiOlia","url":"https:\/\/ecobiolia.it\/it_it\/","logo":{"@type":"ImageObject","inLanguage":"en-GB","@id":"https:\/\/ecobiolia.it\/it_it\/#\/schema\/logo\/image\/","url":"https:\/\/ecobiolia.it\/wp-content\/uploads\/2022\/04\/EcoBiOlia-Logo.png","contentUrl":"https:\/\/ecobiolia.it\/wp-content\/uploads\/2022\/04\/EcoBiOlia-Logo.png","width":1772,"height":944,"caption":"EcoBiOlia"},"image":{"@id":"https:\/\/ecobiolia.it\/it_it\/#\/schema\/logo\/image\/"}}]}},"jetpack-related-posts":[{"id":1585,"url":"https:\/\/ecobiolia.it\/en\/product\/lullalove-coperta-in-bambu-a-maglia-classica-80x100-cm\/","url_meta":{"origin":4252,"position":0},"title":"Coperta Clinica Termoregolante per Tutte le Stagioni &#8211; Classica","author":"Olga","date":"30 March 2022","format":false,"excerpt":"Coperta a maglia in stile scandinavo. Fatta in filato di bamb\u00f9 con l'aggiunta di cotone. Tessuta a doppio strato offre una comodit\u00e0 stupefacente. Il filato di bamb\u00f9 ha delle propriet\u00e0 di termoregolazione. Mantiene il comfort termico, impedisce il surriscaldamento, \u00e8 traspirante e superassorbente. La copertina \u00e8 ideale per il lettino,\u2026","rel":"","context":"Similar post","block_context":{"text":"Similar post","link":""},"img":{"alt_text":"","src":"https:\/\/i0.wp.com\/ecobiolia.it\/wp-content\/uploads\/2022\/03\/Coperta-Termoregolatrice-classica-colori.png?resize=350%2C200&ssl=1","width":350,"height":200,"srcset":"https:\/\/i0.wp.com\/ecobiolia.it\/wp-content\/uploads\/2022\/03\/Coperta-Termoregolatrice-classica-colori.png?resize=350%2C200&ssl=1 1x, https:\/\/i0.wp.com\/ecobiolia.it\/wp-content\/uploads\/2022\/03\/Coperta-Termoregolatrice-classica-colori.png?resize=525%2C300&ssl=1 1.5x, https:\/\/i0.wp.com\/ecobiolia.it\/wp-content\/uploads\/2022\/03\/Coperta-Termoregolatrice-classica-colori.png?resize=700%2C400&ssl=1 2x, https:\/\/i0.wp.com\/ecobiolia.it\/wp-content\/uploads\/2022\/03\/Coperta-Termoregolatrice-classica-colori.png?resize=1050%2C600&ssl=1 3x, https:\/\/i0.wp.com\/ecobiolia.it\/wp-content\/uploads\/2022\/03\/Coperta-Termoregolatrice-classica-colori.png?resize=1400%2C800&ssl=1 4x"},"classes":[]},{"id":1503,"url":"https:\/\/ecobiolia.it\/en\/product\/lullalove-coperta-bambino-in-bamboo-e-cotone-100x120-cm\/","url_meta":{"origin":4252,"position":1},"title":"Coperta Grande in Bamboo e Cotone 100&#215;120 cm","author":"Olga","date":"24 March 2022","format":false,"excerpt":"Coperta grande a maglia in stile scandinavo \u00e8 perfetta sia per bambini grandi che adulti. Fatta in filato di bamb\u00f9 con l'aggiunta di cotone. Tessuta a doppio strato offre una comodit\u00e0 stupefacente. Il filato di bamb\u00f9 ha delle propriet\u00e0 di termoregolazione. Mantiene il comfort termico, impedisce il surriscaldamento, \u00e8 traspirante\u2026","rel":"","context":"With 1 comment","block_context":{"text":"With 1 comment","link":"https:\/\/ecobiolia.it\/en\/product\/lullalove-coperta-bambino-in-bamboo-e-cotone-100x120-cm\/#comments"},"img":{"alt_text":"","src":"https:\/\/i0.wp.com\/ecobiolia.it\/wp-content\/uploads\/2022\/03\/239.jpg?resize=350%2C200&ssl=1","width":350,"height":200,"srcset":"https:\/\/i0.wp.com\/ecobiolia.it\/wp-content\/uploads\/2022\/03\/239.jpg?resize=350%2C200&ssl=1 1x, https:\/\/i0.wp.com\/ecobiolia.it\/wp-content\/uploads\/2022\/03\/239.jpg?resize=525%2C300&ssl=1 1.5x, https:\/\/i0.wp.com\/ecobiolia.it\/wp-content\/uploads\/2022\/03\/239.jpg?resize=700%2C400&ssl=1 2x, https:\/\/i0.wp.com\/ecobiolia.it\/wp-content\/uploads\/2022\/03\/239.jpg?resize=1050%2C600&ssl=1 3x"},"classes":[]},{"id":1084,"url":"https:\/\/ecobiolia.it\/en\/product\/lullalove-coperta-in-bambu-a-maglia-nuova-80x100-cm\/","url_meta":{"origin":4252,"position":2},"title":"Coperta in Bamb\u00f9 a Maglia Rombi 80&#215;100 cm","author":"Olga","date":"25 January 2022","format":false,"excerpt":"La migliore qualit\u00e0 di coperta per bambini in bamb\u00f9 e cotone con motivo a rombi. La fibra di bamb\u00f9 rende la copertina leggera, durevole, ipoallergenica, antibatterica, traspirante e resistente ai raggi UV. Il filato di bamb\u00f9 ha delle propriet\u00e0 di termoregolazione. Mantiene il comfort termico, impedisce il surriscaldamento, \u00e8 traspirante\u2026","rel":"","context":"Similar post","block_context":{"text":"Similar post","link":""},"img":{"alt_text":"","src":"https:\/\/i0.wp.com\/ecobiolia.it\/wp-content\/uploads\/2022\/01\/Lullalove-Coperta-Bambino-Nuova.jpg?resize=350%2C200&ssl=1","width":350,"height":200,"srcset":"https:\/\/i0.wp.com\/ecobiolia.it\/wp-content\/uploads\/2022\/01\/Lullalove-Coperta-Bambino-Nuova.jpg?resize=350%2C200&ssl=1 1x, https:\/\/i0.wp.com\/ecobiolia.it\/wp-content\/uploads\/2022\/01\/Lullalove-Coperta-Bambino-Nuova.jpg?resize=525%2C300&ssl=1 1.5x, https:\/\/i0.wp.com\/ecobiolia.it\/wp-content\/uploads\/2022\/01\/Lullalove-Coperta-Bambino-Nuova.jpg?resize=700%2C400&ssl=1 2x, https:\/\/i0.wp.com\/ecobiolia.it\/wp-content\/uploads\/2022\/01\/Lullalove-Coperta-Bambino-Nuova.jpg?resize=1050%2C600&ssl=1 3x, https:\/\/i0.wp.com\/ecobiolia.it\/wp-content\/uploads\/2022\/01\/Lullalove-Coperta-Bambino-Nuova.jpg?resize=1400%2C800&ssl=1 4x"},"classes":[]},{"id":4883,"url":"https:\/\/ecobiolia.it\/en\/product\/coperta-per-tutte-le-stagioni-in-bambu-nuvole\/","url_meta":{"origin":4252,"position":3},"title":"Coperta per Tutte le Stagioni in Bamb\u00f9 &#8211; Nuvole","author":"Olga","date":"1 March 2023","format":false,"excerpt":"Una coperta per Tutte le Stagioni in stile scandinavo, realizzata in filato di bamb\u00f9 con l'aggiunta di cotone. La doppia densit\u00e0 della maglia e la trama carnosa assicurano un comfort di utilizzo straordinario. Il filato di bamb\u00f9 ha propriet\u00e0 termoregolatrici, grazie alle quali mantiene il comfort termico, previene il surriscaldamento,\u2026","rel":"","context":"Similar post","block_context":{"text":"Similar post","link":""},"img":{"alt_text":"","src":"https:\/\/i0.wp.com\/ecobiolia.it\/wp-content\/uploads\/2023\/03\/Coperta-Nuvole-Post.jpeg?resize=350%2C200&ssl=1","width":350,"height":200,"srcset":"https:\/\/i0.wp.com\/ecobiolia.it\/wp-content\/uploads\/2023\/03\/Coperta-Nuvole-Post.jpeg?resize=350%2C200&ssl=1 1x, https:\/\/i0.wp.com\/ecobiolia.it\/wp-content\/uploads\/2023\/03\/Coperta-Nuvole-Post.jpeg?resize=525%2C300&ssl=1 1.5x, https:\/\/i0.wp.com\/ecobiolia.it\/wp-content\/uploads\/2023\/03\/Coperta-Nuvole-Post.jpeg?resize=700%2C400&ssl=1 2x, https:\/\/i0.wp.com\/ecobiolia.it\/wp-content\/uploads\/2023\/03\/Coperta-Nuvole-Post.jpeg?resize=1050%2C600&ssl=1 3x"},"classes":[]},{"id":4813,"url":"https:\/\/ecobiolia.it\/en\/product\/coperta-neonato-in-bambu-e-cotone-popcorn\/","url_meta":{"origin":4252,"position":4},"title":"Coperta Neonato in Bamb\u00f9 e Cotone Popcorn","author":"Olga","date":"1 March 2023","format":false,"excerpt":"Una coperta per tutto l'anno in stile scandinavo, realizzata in filato di bamb\u00f9 con l'aggiunta di cotone. La doppia densit\u00e0 di maglia e la trama unica garantiscono un incredibile comfort di utilizzo. Il filato di bamb\u00f9 ha propriet\u00e0 termoregolatrici, grazie alle quali mantiene il comfort termico, previene il surriscaldamento, respira\u2026","rel":"","context":"Similar post","block_context":{"text":"Similar post","link":""},"img":{"alt_text":"","src":"https:\/\/i0.wp.com\/ecobiolia.it\/wp-content\/uploads\/2023\/03\/14391.jpg?resize=350%2C200&ssl=1","width":350,"height":200,"srcset":"https:\/\/i0.wp.com\/ecobiolia.it\/wp-content\/uploads\/2023\/03\/14391.jpg?resize=350%2C200&ssl=1 1x, https:\/\/i0.wp.com\/ecobiolia.it\/wp-content\/uploads\/2023\/03\/14391.jpg?resize=525%2C300&ssl=1 1.5x, https:\/\/i0.wp.com\/ecobiolia.it\/wp-content\/uploads\/2023\/03\/14391.jpg?resize=700%2C400&ssl=1 2x, https:\/\/i0.wp.com\/ecobiolia.it\/wp-content\/uploads\/2023\/03\/14391.jpg?resize=1050%2C600&ssl=1 3x, https:\/\/i0.wp.com\/ecobiolia.it\/wp-content\/uploads\/2023\/03\/14391.jpg?resize=1400%2C800&ssl=1 4x"},"classes":[]},{"id":4569,"url":"https:\/\/ecobiolia.it\/en\/product\/coperta-traforata-in-bambu-a-maglia-conchiglia\/","url_meta":{"origin":4252,"position":5},"title":"Coperta Traforata in Bamb\u00f9 a Maglia Conchiglia","author":"Olga","date":"11 November 2022","format":false,"excerpt":"Coperta Traforata in Bamb\u00f9 a Maglia Conchiglia \u00e8 realizzata in filato di bamb\u00f9 e cotone per PRIMAVERA, ESTATE, AUTUNNO. Bellissima trama, come se le conchiglie fossero unite insieme. I lati pi\u00f9 corti, terminati con un'onda, aggiungono anche un fascino straordinario. Nonostante la trama traforata, la coperta \u00e8 molto carnosa e\u2026","rel":"","context":"Similar post","block_context":{"text":"Similar post","link":""},"img":{"alt_text":"","src":"https:\/\/i0.wp.com\/ecobiolia.it\/wp-content\/uploads\/2022\/11\/2893.jpg?resize=350%2C200&ssl=1","width":350,"height":200,"srcset":"https:\/\/i0.wp.com\/ecobiolia.it\/wp-content\/uploads\/2022\/11\/2893.jpg?resize=350%2C200&ssl=1 1x, https:\/\/i0.wp.com\/ecobiolia.it\/wp-content\/uploads\/2022\/11\/2893.jpg?resize=525%2C300&ssl=1 1.5x, https:\/\/i0.wp.com\/ecobiolia.it\/wp-content\/uploads\/2022\/11\/2893.jpg?resize=700%2C400&ssl=1 2x, https:\/\/i0.wp.com\/ecobiolia.it\/wp-content\/uploads\/2022\/11\/2893.jpg?resize=1050%2C600&ssl=1 3x"},"classes":[]}],"jetpack_sharing_enabled":true,"_links":{"self":[{"href":"https:\/\/ecobiolia.it\/en\/wp-json\/wp\/v2\/product\/4252","targetHints":{"allow":["GET"]}}],"collection":[{"href":"https:\/\/ecobiolia.it\/en\/wp-json\/wp\/v2\/product"}],"about":[{"href":"https:\/\/ecobiolia.it\/en\/wp-json\/wp\/v2\/types\/product"}],"replies":[{"embeddable":true,"href":"https:\/\/ecobiolia.it\/en\/wp-json\/wp\/v2\/comments?post=4252"}],"version-history":[{"count":1,"href":"https:\/\/ecobiolia.it\/en\/wp-json\/wp\/v2\/product\/4252\/revisions"}],"predecessor-version":[{"id":6535,"href":"https:\/\/ecobiolia.it\/en\/wp-json\/wp\/v2\/product\/4252\/revisions\/6535"}],"wp:featuredmedia":[{"embeddable":true,"href":"https:\/\/ecobiolia.it\/en\/wp-json\/wp\/v2\/media\/4368"}],"wp:attachment":[{"href":"https:\/\/ecobiolia.it\/en\/wp-json\/wp\/v2\/media?parent=4252"}],"wp:term":[{"taxonomy":"product_brand","embeddable":true,"href":"https:\/\/ecobiolia.it\/en\/wp-json\/wp\/v2\/product_brand?post=4252"},{"taxonomy":"product_cat","embeddable":true,"href":"https:\/\/ecobiolia.it\/en\/wp-json\/wp\/v2\/product_cat?post=4252"},{"taxonomy":"product_tag","embeddable":true,"href":"https:\/\/ecobiolia.it\/en\/wp-json\/wp\/v2\/product_tag?post=4252"}],"curies":[{"name":"wp","href":"https:\/\/api.w.org\/{rel}","templated":true}]}}