{"id":4047,"date":"2022-08-22T08:28:29","date_gmt":"2022-08-22T08:28:29","guid":{"rendered":"https:\/\/ecobiolia.it\/?post_type=product&#038;p=4047"},"modified":"2023-11-28T00:05:12","modified_gmt":"2023-11-28T00:05:12","slug":"crema-piedi-ricca-e-nutriente-alla-propoli-70-ml","status":"publish","type":"product","link":"https:\/\/ecobiolia.it\/en\/product\/crema-piedi-ricca-e-nutriente-alla-propoli-70-ml\/","title":{"rendered":"Crema Piedi Ricca e Nutriente alla Propoli 70 ml"},"content":{"rendered":"<p><span class=\"VIiyi\" lang=\"it\"><span class=\"JLqJ4b\" data-language-for-alternatives=\"it\" data-language-to-translate-into=\"pl\" data-phrase-index=\"0\" data-number-of-phrases=\"1\"><span class=\"Q4iAWc\">Composizione della Crema Piedi Ricca e Nutriente alla Propoli 70 ml: <\/span><\/span><\/span><\/p>\n<ul>\n<li><span class=\"VIiyi\" lang=\"it\"><span class=\"JLqJ4b\" data-language-for-alternatives=\"it\" data-language-to-translate-into=\"pl\" data-phrase-index=\"0\" data-number-of-phrases=\"1\"><span class=\"Q4iAWc\">Acqua<\/span><\/span><\/span><\/li>\n<li><span class=\"VIiyi\" lang=\"it\"><span class=\"JLqJ4b\" data-language-for-alternatives=\"it\" data-language-to-translate-into=\"pl\" data-phrase-index=\"0\" data-number-of-phrases=\"1\"><span class=\"Q4iAWc\">Propoli Cera &#8211; un mastice d&#8217;api noto come antibiotico naturale. In natura, \u00e8 una barriera che protegge le api nell&#8217;alveare microbi. \u00c8 una sostanza complessa, estremamente ricca di composti chimici attivi. Comprende, tra gli altri flavonoidi, esteri, composti fenolici, proteine, microelementi, vitamine o cere lipidiche. La propoli ha un effetto battericida, distrugge anche funghi, virus e protozoi. <\/span><\/span><\/span><\/li>\n<li><span class=\"VIiyi\" lang=\"it\"><span class=\"JLqJ4b\" data-language-for-alternatives=\"it\" data-language-to-translate-into=\"pl\" data-phrase-index=\"0\" data-number-of-phrases=\"1\"><span class=\"Q4iAWc\">Urea &#8211; Esfolia le cellule morte della pelle mentre ammorbidisce e idrata la pelle. Ha propriet\u00e0 antibatteriche. <\/span><\/span><\/span><\/li>\n<li><span class=\"VIiyi\" lang=\"it\"><span class=\"JLqJ4b\" data-language-for-alternatives=\"it\" data-language-to-translate-into=\"pl\" data-phrase-index=\"0\" data-number-of-phrases=\"1\"><span class=\"Q4iAWc\">Glicerina &#8211; usata nei cosmetici da anni. Idrata e protegge perfettamente l&#8217;epidermide. Penetra negli spazi intercellulari e vi lega l&#8217;acqua. Facilita l&#8217;assorbimento dei principi attivi da parte della pelle, e allo stesso tempo non ne danneggia la barriera lipidica. <\/span><\/span><\/span><\/li>\n<li><span class=\"VIiyi\" lang=\"it\"><span class=\"JLqJ4b\" data-language-for-alternatives=\"it\" data-language-to-translate-into=\"pl\" data-phrase-index=\"0\" data-number-of-phrases=\"1\"><span class=\"Q4iAWc\">Camellia Sinensis (Green Tea) Leaf Extract &#8211; Estratto di t\u00e8 verde, estremamente ricco di tannini, alcaloidi, vitamine del gruppo B, vitamine K, C, P e sali minerali. <\/span><\/span><\/span><\/li>\n<li><span class=\"VIiyi\" lang=\"it\"><span class=\"JLqJ4b\" data-language-for-alternatives=\"it\" data-language-to-translate-into=\"pl\" data-phrase-index=\"0\" data-number-of-phrases=\"1\"><span class=\"Q4iAWc\">Allantoina &#8211; lenisce le irritazioni, ha propriet\u00e0 antinfiammatorie. <\/span><\/span><\/span><\/li>\n<li><span class=\"VIiyi\" lang=\"it\"><span class=\"JLqJ4b\" data-language-for-alternatives=\"it\" data-language-to-translate-into=\"pl\" data-phrase-index=\"0\" data-number-of-phrases=\"1\"><span class=\"Q4iAWc\">Emollienti &#8211; sostanze che idratano la pelle, riducendo l&#8217;evaporazione dell&#8217;acqua dall&#8217;epidermide: * Trigliceride caprilico \/ caprico &#8211; emolliente di origine naturale, ammorbidisce la pelle, sicuro per le donne in gravidanza * Dicaprylyl Ether &#8211; emolliente secco, ammorbidisce e leviga la pelle * Poligliceril-3 Metilglucosio Distearato &#8211; emolliente * Dimeticone &#8211; un composto siliconico, emolliente secco, anallergico. Fatto interessante &#8211; usato per via orale per flatulenza. * Alcool cetilico &#8211; emolliente molto ben testato in termini di sicurezza * Glyceryl Stearate SE &#8211; emolliente grasso * Alcool cetearilico &#8211; alcool grasso, emolliente grasso * Ceteareth-20 &#8211; emulsionante Glicole propilenico &#8211; sostanza idratante, molto ben tollerata, n provoca irritazione Poliacrilato di sodio: influisce sulla consistenza e sulla sua viscosit\u00e0 Poliacrilato-13 &#8211; trattiene l&#8217;acqua, ammorbidisce e leviga Poliisobutano: ammorbidisce e idrata Polisorbato 20 &#8211; emulsionante Fenossietanolo &#8211; un conservante che impedisce la crescita di batteri in una concentrazione minima e completamente sicura Etilesilglicerina &#8211; un conservante delicato. Ingredienti composizione fragranza: Butilfenil metilpropionale, citrale, citronellolo, geraniolo, esil cinnamale, isoeugenolo, limonene linalolo, benzil salicilato.<\/span><\/span><\/span><\/li>\n<\/ul>\n<p><span class=\"VIiyi\" lang=\"it\"><span class=\"JLqJ4b\" data-language-for-alternatives=\"it\" data-language-to-translate-into=\"pl\" data-phrase-index=\"0\" data-number-of-phrases=\"1\"><span class=\"Q4iAWc\">Prodotto polacco. Capacit\u00e0: 70 ml. <\/span><\/span><\/span><\/p>\n<p><span class=\"VIiyi\" lang=\"it\"><span class=\"JLqJ4b\" data-language-for-alternatives=\"it\" data-language-to-translate-into=\"en\" data-phrase-index=\"0\" data-number-of-phrases=\"1\"><span class=\"Q4iAWc\"><strong>Allergie:<\/strong> Non utilizzare se si \u00e8 allergici a uno qualsiasi degli ingredienti. Gli sfregamenti non sono medicinali.<br \/>\n<\/span><\/span><\/span><\/p>\n<p><span class=\"VIiyi\" lang=\"it\"><span class=\"JLqJ4b ChMk0b\" data-language-for-alternatives=\"it\" data-language-to-translate-into=\"en\" data-phrase-index=\"0\" data-number-of-phrases=\"5\"><span class=\"Q4iAWc\"><strong>Avvertenza:<\/strong> Solo per uso esterno.<\/span><\/span> <span class=\"JLqJ4b ChMk0b\" data-language-for-alternatives=\"it\" data-language-to-translate-into=\"en\" data-phrase-index=\"2\" data-number-of-phrases=\"5\"><span class=\"Q4iAWc\">Non utilizzare in caso di allergia a uno qualsiasi degli ingredienti elencati.<\/span><\/span> <span class=\"JLqJ4b ChMk0b\" data-language-for-alternatives=\"it\" data-language-to-translate-into=\"en\" data-phrase-index=\"3\" data-number-of-phrases=\"5\"><span class=\"Q4iAWc\">In caso di irritazione, interrompere immediatamente l\u2019uso.<\/span><\/span> <span class=\"JLqJ4b ChMk0b\" data-language-for-alternatives=\"it\" data-language-to-translate-into=\"en\" data-phrase-index=\"4\" data-number-of-phrases=\"5\"><span class=\"Q4iAWc\">Eseguire un patch test su una piccola area della pelle prima del primo utilizzo.<\/span><\/span><\/span><\/p>","protected":false},"excerpt":{"rendered":"<p><span class=\"VIiyi\" lang=\"it\"><span class=\"JLqJ4b\" data-language-for-alternatives=\"it\" data-language-to-translate-into=\"pl\" data-phrase-index=\"0\" data-number-of-phrases=\"1\"><span class=\"Q4iAWc\">Crema piedi ricca e nutriente con propoli ed estratto di t\u00e8 verde, che idratano intensamente e leniscono le irritazioni. L&#8217;urea in esso contenuta riduce i calli e ammorbidisce l&#8217;epidermide. La crema ha un profumo meravigliosamente fresco. Istruzioni per l&#8217;uso: Massaggia la crema sulla pelle pulita dei piedi. L&#8217;effetto migliore si ottiene se utilizzato insieme alla pomice naturale. <\/span><\/span><\/span><\/p>","protected":false},"featured_media":4118,"comment_status":"open","ping_status":"closed","template":"","meta":[],"product_brand":[],"product_cat":[120,135,112,45],"product_tag":[],"class_list":{"0":"post-4047","1":"product","2":"type-product","3":"status-publish","4":"has-post-thumbnail","6":"product_cat-cosmetici","7":"product_cat-cosmetici-naturali","8":"product_cat-per-le-donne","9":"product_cat-prodotti-per-la-cura-del-corpo","11":"first","12":"instock","13":"taxable","14":"shipping-taxable","15":"purchasable","16":"product-type-simple"},"yoast_head":"<!-- This site is optimized with the Yoast SEO plugin v27.3 - https:\/\/yoast.com\/product\/yoast-seo-wordpress\/ -->\n<title>Crema Piedi Ricca e Nutriente alla Propoli 70 ml - EcoBiOlia<\/title>\n<meta name=\"robots\" content=\"index, follow, max-snippet:-1, max-image-preview:large, max-video-preview:-1\" \/>\n<link rel=\"canonical\" href=\"https:\/\/ecobiolia.it\/en\/product\/crema-piedi-ricca-e-nutriente-alla-propoli-70-ml\/\" \/>\n<meta property=\"og:locale\" content=\"en_GB\" \/>\n<meta property=\"og:type\" content=\"article\" \/>\n<meta property=\"og:title\" content=\"Crema Piedi Ricca e Nutriente alla Propoli 70 ml - EcoBiOlia\" \/>\n<meta property=\"og:description\" content=\"Crema piedi ricca e nutriente con propoli ed estratto di t\u00e8 verde, che idratano intensamente e leniscono le irritazioni. L&#039;urea in esso contenuta riduce i calli e ammorbidisce l&#039;epidermide. La crema ha un profumo meravigliosamente fresco. Istruzioni per l&#039;uso: Massaggia la crema sulla pelle pulita dei piedi. L&#039;effetto migliore si ottiene se utilizzato insieme alla pomice naturale.\" \/>\n<meta property=\"og:url\" content=\"https:\/\/ecobiolia.it\/en\/product\/crema-piedi-ricca-e-nutriente-alla-propoli-70-ml\/\" \/>\n<meta property=\"og:site_name\" content=\"EcoBiOlia\" \/>\n<meta property=\"article:modified_time\" content=\"2023-11-28T00:05:12+00:00\" \/>\n<meta property=\"og:image\" content=\"https:\/\/ecobiolia.it\/wp-content\/uploads\/2022\/08\/3128.png\" \/>\n\t<meta property=\"og:image:width\" content=\"1200\" \/>\n\t<meta property=\"og:image:height\" content=\"1067\" \/>\n\t<meta property=\"og:image:type\" content=\"image\/png\" \/>\n<meta name=\"twitter:card\" content=\"summary_large_image\" \/>\n<meta name=\"twitter:label1\" content=\"Estimated reading time\" \/>\n\t<meta name=\"twitter:data1\" content=\"2 minutes\" \/>\n<script type=\"application\/ld+json\" class=\"yoast-schema-graph\">{\"@context\":\"https:\\\/\\\/schema.org\",\"@graph\":[{\"@type\":\"WebPage\",\"@id\":\"https:\\\/\\\/ecobiolia.it\\\/prodotto\\\/crema-piedi-ricca-e-nutriente-alla-propoli-70-ml\\\/\",\"url\":\"https:\\\/\\\/ecobiolia.it\\\/prodotto\\\/crema-piedi-ricca-e-nutriente-alla-propoli-70-ml\\\/\",\"name\":\"Crema Piedi Ricca e Nutriente alla Propoli 70 ml - EcoBiOlia\",\"isPartOf\":{\"@id\":\"https:\\\/\\\/ecobiolia.it\\\/it_it\\\/#website\"},\"primaryImageOfPage\":{\"@id\":\"https:\\\/\\\/ecobiolia.it\\\/prodotto\\\/crema-piedi-ricca-e-nutriente-alla-propoli-70-ml\\\/#primaryimage\"},\"image\":{\"@id\":\"https:\\\/\\\/ecobiolia.it\\\/prodotto\\\/crema-piedi-ricca-e-nutriente-alla-propoli-70-ml\\\/#primaryimage\"},\"thumbnailUrl\":\"https:\\\/\\\/ecobiolia.it\\\/wp-content\\\/uploads\\\/2022\\\/08\\\/3128.png\",\"datePublished\":\"2022-08-22T08:28:29+00:00\",\"dateModified\":\"2023-11-28T00:05:12+00:00\",\"breadcrumb\":{\"@id\":\"https:\\\/\\\/ecobiolia.it\\\/prodotto\\\/crema-piedi-ricca-e-nutriente-alla-propoli-70-ml\\\/#breadcrumb\"},\"inLanguage\":\"en-GB\",\"potentialAction\":[{\"@type\":\"ReadAction\",\"target\":[\"https:\\\/\\\/ecobiolia.it\\\/prodotto\\\/crema-piedi-ricca-e-nutriente-alla-propoli-70-ml\\\/\"]}]},{\"@type\":\"ImageObject\",\"inLanguage\":\"en-GB\",\"@id\":\"https:\\\/\\\/ecobiolia.it\\\/prodotto\\\/crema-piedi-ricca-e-nutriente-alla-propoli-70-ml\\\/#primaryimage\",\"url\":\"https:\\\/\\\/ecobiolia.it\\\/wp-content\\\/uploads\\\/2022\\\/08\\\/3128.png\",\"contentUrl\":\"https:\\\/\\\/ecobiolia.it\\\/wp-content\\\/uploads\\\/2022\\\/08\\\/3128.png\",\"width\":1200,\"height\":1067},{\"@type\":\"BreadcrumbList\",\"@id\":\"https:\\\/\\\/ecobiolia.it\\\/prodotto\\\/crema-piedi-ricca-e-nutriente-alla-propoli-70-ml\\\/#breadcrumb\",\"itemListElement\":[{\"@type\":\"ListItem\",\"position\":1,\"name\":\"Home\",\"item\":\"https:\\\/\\\/ecobiolia.it\\\/\"},{\"@type\":\"ListItem\",\"position\":2,\"name\":\"Negozio\",\"item\":\"https:\\\/\\\/ecobiolia.it\\\/negozio\\\/\"},{\"@type\":\"ListItem\",\"position\":3,\"name\":\"Crema Piedi Ricca e Nutriente alla Propoli 70 ml\"}]},{\"@type\":\"WebSite\",\"@id\":\"https:\\\/\\\/ecobiolia.it\\\/it_it\\\/#website\",\"url\":\"https:\\\/\\\/ecobiolia.it\\\/it_it\\\/\",\"name\":\"EcoBiOlia\",\"description\":\"Negozio Ecologico per Bambini e Adulti\",\"publisher\":{\"@id\":\"https:\\\/\\\/ecobiolia.it\\\/it_it\\\/#organization\"},\"potentialAction\":[{\"@type\":\"SearchAction\",\"target\":{\"@type\":\"EntryPoint\",\"urlTemplate\":\"https:\\\/\\\/ecobiolia.it\\\/it_it\\\/?s={search_term_string}\"},\"query-input\":{\"@type\":\"PropertyValueSpecification\",\"valueRequired\":true,\"valueName\":\"search_term_string\"}}],\"inLanguage\":\"en-GB\"},{\"@type\":\"Organization\",\"@id\":\"https:\\\/\\\/ecobiolia.it\\\/it_it\\\/#organization\",\"name\":\"EcoBiOlia\",\"url\":\"https:\\\/\\\/ecobiolia.it\\\/it_it\\\/\",\"logo\":{\"@type\":\"ImageObject\",\"inLanguage\":\"en-GB\",\"@id\":\"https:\\\/\\\/ecobiolia.it\\\/it_it\\\/#\\\/schema\\\/logo\\\/image\\\/\",\"url\":\"https:\\\/\\\/ecobiolia.it\\\/wp-content\\\/uploads\\\/2022\\\/04\\\/EcoBiOlia-Logo.png\",\"contentUrl\":\"https:\\\/\\\/ecobiolia.it\\\/wp-content\\\/uploads\\\/2022\\\/04\\\/EcoBiOlia-Logo.png\",\"width\":1772,\"height\":944,\"caption\":\"EcoBiOlia\"},\"image\":{\"@id\":\"https:\\\/\\\/ecobiolia.it\\\/it_it\\\/#\\\/schema\\\/logo\\\/image\\\/\"}}]}<\/script>\n<!-- \/ Yoast SEO plugin. -->","yoast_head_json":{"title":"Crema Piedi Ricca e Nutriente alla Propoli 70 ml - EcoBiOlia","robots":{"index":"index","follow":"follow","max-snippet":"max-snippet:-1","max-image-preview":"max-image-preview:large","max-video-preview":"max-video-preview:-1"},"canonical":"https:\/\/ecobiolia.it\/en\/product\/crema-piedi-ricca-e-nutriente-alla-propoli-70-ml\/","og_locale":"en_GB","og_type":"article","og_title":"Crema Piedi Ricca e Nutriente alla Propoli 70 ml - EcoBiOlia","og_description":"Crema piedi ricca e nutriente con propoli ed estratto di t\u00e8 verde, che idratano intensamente e leniscono le irritazioni. L'urea in esso contenuta riduce i calli e ammorbidisce l'epidermide. La crema ha un profumo meravigliosamente fresco. Istruzioni per l'uso: Massaggia la crema sulla pelle pulita dei piedi. L'effetto migliore si ottiene se utilizzato insieme alla pomice naturale.","og_url":"https:\/\/ecobiolia.it\/en\/product\/crema-piedi-ricca-e-nutriente-alla-propoli-70-ml\/","og_site_name":"EcoBiOlia","article_modified_time":"2023-11-28T00:05:12+00:00","og_image":[{"width":1200,"height":1067,"url":"https:\/\/ecobiolia.it\/wp-content\/uploads\/2022\/08\/3128.png","type":"image\/png"}],"twitter_card":"summary_large_image","twitter_misc":{"Estimated reading time":"2 minutes"},"schema":{"@context":"https:\/\/schema.org","@graph":[{"@type":"WebPage","@id":"https:\/\/ecobiolia.it\/prodotto\/crema-piedi-ricca-e-nutriente-alla-propoli-70-ml\/","url":"https:\/\/ecobiolia.it\/prodotto\/crema-piedi-ricca-e-nutriente-alla-propoli-70-ml\/","name":"Crema Piedi Ricca e Nutriente alla Propoli 70 ml - EcoBiOlia","isPartOf":{"@id":"https:\/\/ecobiolia.it\/it_it\/#website"},"primaryImageOfPage":{"@id":"https:\/\/ecobiolia.it\/prodotto\/crema-piedi-ricca-e-nutriente-alla-propoli-70-ml\/#primaryimage"},"image":{"@id":"https:\/\/ecobiolia.it\/prodotto\/crema-piedi-ricca-e-nutriente-alla-propoli-70-ml\/#primaryimage"},"thumbnailUrl":"https:\/\/ecobiolia.it\/wp-content\/uploads\/2022\/08\/3128.png","datePublished":"2022-08-22T08:28:29+00:00","dateModified":"2023-11-28T00:05:12+00:00","breadcrumb":{"@id":"https:\/\/ecobiolia.it\/prodotto\/crema-piedi-ricca-e-nutriente-alla-propoli-70-ml\/#breadcrumb"},"inLanguage":"en-GB","potentialAction":[{"@type":"ReadAction","target":["https:\/\/ecobiolia.it\/prodotto\/crema-piedi-ricca-e-nutriente-alla-propoli-70-ml\/"]}]},{"@type":"ImageObject","inLanguage":"en-GB","@id":"https:\/\/ecobiolia.it\/prodotto\/crema-piedi-ricca-e-nutriente-alla-propoli-70-ml\/#primaryimage","url":"https:\/\/ecobiolia.it\/wp-content\/uploads\/2022\/08\/3128.png","contentUrl":"https:\/\/ecobiolia.it\/wp-content\/uploads\/2022\/08\/3128.png","width":1200,"height":1067},{"@type":"BreadcrumbList","@id":"https:\/\/ecobiolia.it\/prodotto\/crema-piedi-ricca-e-nutriente-alla-propoli-70-ml\/#breadcrumb","itemListElement":[{"@type":"ListItem","position":1,"name":"Home","item":"https:\/\/ecobiolia.it\/"},{"@type":"ListItem","position":2,"name":"Negozio","item":"https:\/\/ecobiolia.it\/negozio\/"},{"@type":"ListItem","position":3,"name":"Crema Piedi Ricca e Nutriente alla Propoli 70 ml"}]},{"@type":"WebSite","@id":"https:\/\/ecobiolia.it\/it_it\/#website","url":"https:\/\/ecobiolia.it\/it_it\/","name":"EcoBiOlia","description":"Negozio Ecologico per Bambini e Adulti","publisher":{"@id":"https:\/\/ecobiolia.it\/it_it\/#organization"},"potentialAction":[{"@type":"SearchAction","target":{"@type":"EntryPoint","urlTemplate":"https:\/\/ecobiolia.it\/it_it\/?s={search_term_string}"},"query-input":{"@type":"PropertyValueSpecification","valueRequired":true,"valueName":"search_term_string"}}],"inLanguage":"en-GB"},{"@type":"Organization","@id":"https:\/\/ecobiolia.it\/it_it\/#organization","name":"EcoBiOlia","url":"https:\/\/ecobiolia.it\/it_it\/","logo":{"@type":"ImageObject","inLanguage":"en-GB","@id":"https:\/\/ecobiolia.it\/it_it\/#\/schema\/logo\/image\/","url":"https:\/\/ecobiolia.it\/wp-content\/uploads\/2022\/04\/EcoBiOlia-Logo.png","contentUrl":"https:\/\/ecobiolia.it\/wp-content\/uploads\/2022\/04\/EcoBiOlia-Logo.png","width":1772,"height":944,"caption":"EcoBiOlia"},"image":{"@id":"https:\/\/ecobiolia.it\/it_it\/#\/schema\/logo\/image\/"}}]}},"jetpack-related-posts":[{"id":4077,"url":"https:\/\/ecobiolia.it\/en\/product\/crema-mani-nutriente-e-rigenerante-alla-propoli-70-ml\/","url_meta":{"origin":4047,"position":0},"title":"Crema Mani Nutriente e Rigenerante alla Propoli 70 ml","author":"Olga","date":"22 August 2022","format":false,"excerpt":"Densa, non appiccicosa e spalmabile sulla pelle come una mousse, Crema Mani Nutriente e Rigenerante alla Propoli 70 ml ad alto contenuto di burro di karit\u00e9, miele e propoli. Nutre e rigenera la pelle a base di oli naturali. La propoli ha un effetto antinfiammatorio.","rel":"","context":"With 1 comment","block_context":{"text":"With 1 comment","link":"https:\/\/ecobiolia.it\/en\/product\/crema-mani-nutriente-e-rigenerante-alla-propoli-70-ml\/#comments"},"img":{"alt_text":"","src":"https:\/\/i0.wp.com\/ecobiolia.it\/wp-content\/uploads\/2022\/08\/3118.jpg?resize=350%2C200&ssl=1","width":350,"height":200,"srcset":"https:\/\/i0.wp.com\/ecobiolia.it\/wp-content\/uploads\/2022\/08\/3118.jpg?resize=350%2C200&ssl=1 1x, https:\/\/i0.wp.com\/ecobiolia.it\/wp-content\/uploads\/2022\/08\/3118.jpg?resize=525%2C300&ssl=1 1.5x, https:\/\/i0.wp.com\/ecobiolia.it\/wp-content\/uploads\/2022\/08\/3118.jpg?resize=700%2C400&ssl=1 2x, https:\/\/i0.wp.com\/ecobiolia.it\/wp-content\/uploads\/2022\/08\/3118.jpg?resize=1050%2C600&ssl=1 3x"},"classes":[]},{"id":4080,"url":"https:\/\/ecobiolia.it\/en\/product\/burro-per-viso-corpo-protettivo-rigenerante-e-idratante\/","url_meta":{"origin":4047,"position":1},"title":"Burro per Viso Corpo Protettivo, Rigenerante e Idratante","author":"Olga","date":"22 August 2022","format":false,"excerpt":"Burro per Viso Corpo Protettivo, Rigenerante e Idratante\u00a0WOW - \u00e8 proprio cos\u00ec che dovremmo chiamarla, perch\u00e9 \u00e8 impossibile elencare tutte le sue propriet\u00e0 in una breve descrizione del prodotto sulla confezione. Questo cosmetico \u00e8 un prodotto multiuso e multifunzionale. Puoi usarlo su viso, corpo e capelli! Ti aiuter\u00e0 con ferite\u2026","rel":"","context":"With 1 comment","block_context":{"text":"With 1 comment","link":"https:\/\/ecobiolia.it\/en\/product\/burro-per-viso-corpo-protettivo-rigenerante-e-idratante\/#comments"},"img":{"alt_text":"","src":"https:\/\/i0.wp.com\/ecobiolia.it\/wp-content\/uploads\/2022\/08\/3292.jpg?resize=350%2C200&ssl=1","width":350,"height":200,"srcset":"https:\/\/i0.wp.com\/ecobiolia.it\/wp-content\/uploads\/2022\/08\/3292.jpg?resize=350%2C200&ssl=1 1x, https:\/\/i0.wp.com\/ecobiolia.it\/wp-content\/uploads\/2022\/08\/3292.jpg?resize=525%2C300&ssl=1 1.5x, https:\/\/i0.wp.com\/ecobiolia.it\/wp-content\/uploads\/2022\/08\/3292.jpg?resize=700%2C400&ssl=1 2x, https:\/\/i0.wp.com\/ecobiolia.it\/wp-content\/uploads\/2022\/08\/3292.jpg?resize=1050%2C600&ssl=1 3x, https:\/\/i0.wp.com\/ecobiolia.it\/wp-content\/uploads\/2022\/08\/3292.jpg?resize=1400%2C800&ssl=1 4x"},"classes":[]},{"id":4045,"url":"https:\/\/ecobiolia.it\/en\/product\/burro-di-karite-non-raffinato-100-naturale\/","url_meta":{"origin":4047,"position":2},"title":"Burro di Karit\u00e9 non Raffinato, 100% naturale.","author":"Olga","date":"22 August 2022","format":false,"excerpt":"Burro di karit\u00e9 non raffinato, 100% naturale, a base di noci di karit\u00e9 africane. Il burro di karit\u00e8 \u00e8 uno dei migliori ingredienti vegetali per idratare la pelle. Favorisce la pelle estremamente secca e ruvida, ma \u00e8 appropriato anche per altri tipi di pelle. Puoi usarlo per labbra secche o\u2026","rel":"","context":"With 2 comments","block_context":{"text":"With 2 comments","link":"https:\/\/ecobiolia.it\/en\/product\/burro-di-karite-non-raffinato-100-naturale\/#comments"},"img":{"alt_text":"","src":"https:\/\/i0.wp.com\/ecobiolia.it\/wp-content\/uploads\/2022\/08\/7547.jpg?resize=350%2C200&ssl=1","width":350,"height":200,"srcset":"https:\/\/i0.wp.com\/ecobiolia.it\/wp-content\/uploads\/2022\/08\/7547.jpg?resize=350%2C200&ssl=1 1x, https:\/\/i0.wp.com\/ecobiolia.it\/wp-content\/uploads\/2022\/08\/7547.jpg?resize=525%2C300&ssl=1 1.5x, https:\/\/i0.wp.com\/ecobiolia.it\/wp-content\/uploads\/2022\/08\/7547.jpg?resize=700%2C400&ssl=1 2x, https:\/\/i0.wp.com\/ecobiolia.it\/wp-content\/uploads\/2022\/08\/7547.jpg?resize=1050%2C600&ssl=1 3x, https:\/\/i0.wp.com\/ecobiolia.it\/wp-content\/uploads\/2022\/08\/7547.jpg?resize=1400%2C800&ssl=1 4x"},"classes":[]},{"id":6068,"url":"https:\/\/ecobiolia.it\/en\/product\/unguento-naturale-contro-il-maltempo-con-timo-e-patchouli\/","url_meta":{"origin":4047,"position":3},"title":"Unguento Naturale Contro il Maltempo, con Timo e Patchouli","author":"Olga","date":"18 March 2024","format":false,"excerpt":"\u00a0 Unguento Naturale Contro il Maltempo, con Timo e Patchouli per massaggiare il petto, la schiena e i piedi funzioner\u00e0 bene quando il tempo \u00e8 brutto e sentiamo notizie di infezioni solo dai media e lasciamo gran parte del nostro budget in farmacia. Ha la forma di un balsamo denso\u2026","rel":"","context":"With 1 comment","block_context":{"text":"With 1 comment","link":"https:\/\/ecobiolia.it\/en\/product\/unguento-naturale-contro-il-maltempo-con-timo-e-patchouli\/#comments"},"img":{"alt_text":"","src":"https:\/\/i0.wp.com\/ecobiolia.it\/wp-content\/uploads\/2024\/03\/Unguento-Naturale-Contro-il-Maltempo-con-Timo-e-Patchouli.jpg?resize=350%2C200&ssl=1","width":350,"height":200,"srcset":"https:\/\/i0.wp.com\/ecobiolia.it\/wp-content\/uploads\/2024\/03\/Unguento-Naturale-Contro-il-Maltempo-con-Timo-e-Patchouli.jpg?resize=350%2C200&ssl=1 1x, https:\/\/i0.wp.com\/ecobiolia.it\/wp-content\/uploads\/2024\/03\/Unguento-Naturale-Contro-il-Maltempo-con-Timo-e-Patchouli.jpg?resize=525%2C300&ssl=1 1.5x, https:\/\/i0.wp.com\/ecobiolia.it\/wp-content\/uploads\/2024\/03\/Unguento-Naturale-Contro-il-Maltempo-con-Timo-e-Patchouli.jpg?resize=700%2C400&ssl=1 2x, https:\/\/i0.wp.com\/ecobiolia.it\/wp-content\/uploads\/2024\/03\/Unguento-Naturale-Contro-il-Maltempo-con-Timo-e-Patchouli.jpg?resize=1050%2C600&ssl=1 3x, https:\/\/i0.wp.com\/ecobiolia.it\/wp-content\/uploads\/2024\/03\/Unguento-Naturale-Contro-il-Maltempo-con-Timo-e-Patchouli.jpg?resize=1400%2C800&ssl=1 4x"},"classes":[]},{"id":5509,"url":"https:\/\/ecobiolia.it\/en\/product\/mascara-volumizzante-vegan-con-baicapil\/","url_meta":{"origin":4047,"position":4},"title":"Mascara Volumizzante Vegan con Baicapil\u2122","author":"Olga","date":"28 July 2023","format":false,"excerpt":"Mascara Volumizzante Vegan con Baicapil\u2122 ha la formula ricca per rinforzare le ciglia. La spazzola pettina con precisione le ciglia e le allunga. Il mascara ispessisce le ciglia e dona profondit\u00e0 allo sguardo senza far aderire le ciglia. Pu\u00f2 essere applicato a strati, dando l'effetto di un trucco naturale o\u2026","rel":"","context":"Similar post","block_context":{"text":"Similar post","link":""},"img":{"alt_text":"","src":"https:\/\/i0.wp.com\/ecobiolia.it\/wp-content\/uploads\/2023\/07\/7079.jpg?resize=350%2C200&ssl=1","width":350,"height":200,"srcset":"https:\/\/i0.wp.com\/ecobiolia.it\/wp-content\/uploads\/2023\/07\/7079.jpg?resize=350%2C200&ssl=1 1x, https:\/\/i0.wp.com\/ecobiolia.it\/wp-content\/uploads\/2023\/07\/7079.jpg?resize=525%2C300&ssl=1 1.5x, https:\/\/i0.wp.com\/ecobiolia.it\/wp-content\/uploads\/2023\/07\/7079.jpg?resize=700%2C400&ssl=1 2x, https:\/\/i0.wp.com\/ecobiolia.it\/wp-content\/uploads\/2023\/07\/7079.jpg?resize=1050%2C600&ssl=1 3x, https:\/\/i0.wp.com\/ecobiolia.it\/wp-content\/uploads\/2023\/07\/7079.jpg?resize=1400%2C800&ssl=1 4x"},"classes":[]},{"id":5159,"url":"https:\/\/ecobiolia.it\/en\/product\/acido-ialuronico-3\/","url_meta":{"origin":4047,"position":5},"title":"Acido Ialuronico 3%","author":"Olga","date":"2 March 2023","format":false,"excerpt":"Sicuramente avrai sentito parlare di Acido Ialuronico 3%. \u00c8 presente in creme, bagnoschiuma, shampoo, maschere, ma anche in colliri e integratori alimentari. \u00c8 anche usato in medicina. Non a caso l'acido ialuronico HA \u00e8 stato un bestseller negli ultimi anni. Per le sue propriet\u00e0, si trova naturalmente anche nella nostra\u2026","rel":"","context":"With 1 comment","block_context":{"text":"With 1 comment","link":"https:\/\/ecobiolia.it\/en\/product\/acido-ialuronico-3\/#comments"},"img":{"alt_text":"","src":"https:\/\/i0.wp.com\/ecobiolia.it\/wp-content\/uploads\/2023\/03\/Acido-ialuronico-3_lullalove_it.jpg?resize=350%2C200&ssl=1","width":350,"height":200,"srcset":"https:\/\/i0.wp.com\/ecobiolia.it\/wp-content\/uploads\/2023\/03\/Acido-ialuronico-3_lullalove_it.jpg?resize=350%2C200&ssl=1 1x, https:\/\/i0.wp.com\/ecobiolia.it\/wp-content\/uploads\/2023\/03\/Acido-ialuronico-3_lullalove_it.jpg?resize=525%2C300&ssl=1 1.5x, https:\/\/i0.wp.com\/ecobiolia.it\/wp-content\/uploads\/2023\/03\/Acido-ialuronico-3_lullalove_it.jpg?resize=700%2C400&ssl=1 2x, https:\/\/i0.wp.com\/ecobiolia.it\/wp-content\/uploads\/2023\/03\/Acido-ialuronico-3_lullalove_it.jpg?resize=1050%2C600&ssl=1 3x, https:\/\/i0.wp.com\/ecobiolia.it\/wp-content\/uploads\/2023\/03\/Acido-ialuronico-3_lullalove_it.jpg?resize=1400%2C800&ssl=1 4x"},"classes":[]}],"jetpack_sharing_enabled":true,"_links":{"self":[{"href":"https:\/\/ecobiolia.it\/en\/wp-json\/wp\/v2\/product\/4047","targetHints":{"allow":["GET"]}}],"collection":[{"href":"https:\/\/ecobiolia.it\/en\/wp-json\/wp\/v2\/product"}],"about":[{"href":"https:\/\/ecobiolia.it\/en\/wp-json\/wp\/v2\/types\/product"}],"replies":[{"embeddable":true,"href":"https:\/\/ecobiolia.it\/en\/wp-json\/wp\/v2\/comments?post=4047"}],"version-history":[{"count":0,"href":"https:\/\/ecobiolia.it\/en\/wp-json\/wp\/v2\/product\/4047\/revisions"}],"wp:featuredmedia":[{"embeddable":true,"href":"https:\/\/ecobiolia.it\/en\/wp-json\/wp\/v2\/media\/4118"}],"wp:attachment":[{"href":"https:\/\/ecobiolia.it\/en\/wp-json\/wp\/v2\/media?parent=4047"}],"wp:term":[{"taxonomy":"product_brand","embeddable":true,"href":"https:\/\/ecobiolia.it\/en\/wp-json\/wp\/v2\/product_brand?post=4047"},{"taxonomy":"product_cat","embeddable":true,"href":"https:\/\/ecobiolia.it\/en\/wp-json\/wp\/v2\/product_cat?post=4047"},{"taxonomy":"product_tag","embeddable":true,"href":"https:\/\/ecobiolia.it\/en\/wp-json\/wp\/v2\/product_tag?post=4047"}],"curies":[{"name":"wp","href":"https:\/\/api.w.org\/{rel}","templated":true}]}}