{"id":4006,"date":"2022-08-22T08:27:01","date_gmt":"2022-08-22T08:27:01","guid":{"rendered":"https:\/\/ecobiolia.it\/?post_type=product&#038;p=4006"},"modified":"2025-09-17T12:36:35","modified_gmt":"2025-09-17T12:36:35","slug":"bagnoschiuma-detergente-corpo-e-capelli-per-neonati","status":"publish","type":"product","link":"https:\/\/ecobiolia.it\/en\/product\/bagnoschiuma-detergente-corpo-e-capelli-per-neonati\/","title":{"rendered":"Bagnoschiuma, Detergente Corpo e Capelli per Neonati"},"content":{"rendered":"<p>Bagnoschiuma, detergente corpo e capelli per neonati, <span class=\"VIiyi\" lang=\"it\"><span class=\"JLqJ4b ChMk0b\" data-language-for-alternatives=\"it\" data-language-to-translate-into=\"en\" data-phrase-index=\"0\" data-number-of-phrases=\"1\"><span class=\"Q4iAWc\">bambini e adulti con un gradevole profumo di lampone.<\/span><\/span><\/span><\/p>\n<p><span class=\"VIiyi\" lang=\"it\"><span class=\"JLqJ4b\" data-language-for-alternatives=\"it\" data-language-to-translate-into=\"en\" data-phrase-index=\"0\" data-number-of-phrases=\"1\"><span class=\"Q4iAWc\">Ha una composizione naturale, a base di lampone olio di semi, glicerina, proteine \u200b\u200bdel grano e arnica di montagna, che hanno un <strong>effetto idratante e antinfiammatorio.<\/strong> <\/span><\/span><\/span><\/p>\n<p><span class=\"VIiyi\" lang=\"it\"><span class=\"JLqJ4b\" data-language-for-alternatives=\"it\" data-language-to-translate-into=\"en\" data-phrase-index=\"0\" data-number-of-phrases=\"1\"><span class=\"Q4iAWc\">Pantenolo e allantoina lenire la pelle. <strong>Facilita la pettinatura<\/strong>. <\/span><\/span><\/span><\/p>\n<p><span class=\"VIiyi\" lang=\"it\"><span class=\"JLqJ4b\" data-language-for-alternatives=\"it\" data-language-to-translate-into=\"en\" data-phrase-index=\"0\" data-number-of-phrases=\"1\"><span class=\"Q4iAWc\"><strong>Crea schiuma<\/strong> quando viene aggiunto al bagno. <\/span><\/span><\/span><\/p>\n<p><span class=\"VIiyi\" lang=\"it\"><span class=\"JLqJ4b\" data-language-for-alternatives=\"it\" data-language-to-translate-into=\"en\" data-phrase-index=\"0\" data-number-of-phrases=\"1\"><span class=\"Q4iAWc\">Adatto per pelli sensibili. <\/span><\/span><\/span><\/p>\n<p><span class=\"VIiyi\" lang=\"it\"><span class=\"JLqJ4b\" data-language-for-alternatives=\"it\" data-language-to-translate-into=\"en\" data-phrase-index=\"0\" data-number-of-phrases=\"1\"><span class=\"Q4iAWc\">La fragranza non contiene allergeni. <\/span><\/span><\/span><\/p>\n<p><span class=\"VIiyi\" lang=\"it\"><span class=\"JLqJ4b\" data-language-for-alternatives=\"it\" data-language-to-translate-into=\"en\" data-phrase-index=\"0\" data-number-of-phrases=\"1\"><span class=\"Q4iAWc\">Ingredienti: acqua, cocamidopropil betaina, sodio solfato di cocco, glucoside di cocco, glicerina, proteine \u200b\u200bdel grano idrolizzate, estratto di agropyron repens, pantenolo, cloruro di idrossiprpiltrimonio di guar, benzoato di sodio, acetato di tocoferolo, allantoina, proteine \u200b\u200bdi riso idrolizzate, semi di Rubus Idaeus Olio, Sorbato di Potassio, Cloruro di Sodio, Acido Citrico, Estratto di Fiore di Arnica Montana, Aroma*. *non \u00e8 un allergene <\/span><\/span><\/span><\/p>\n<p><span class=\"VIiyi\" lang=\"it\"><span class=\"JLqJ4b\" data-language-for-alternatives=\"it\" data-language-to-translate-into=\"en\" data-phrase-index=\"0\" data-number-of-phrases=\"1\"><span class=\"Q4iAWc\">Dermatologicamente testato. <\/span><\/span><\/span><\/p>\n<p><span class=\"VIiyi\" lang=\"it\"><span class=\"JLqJ4b\" data-language-for-alternatives=\"it\" data-language-to-translate-into=\"en\" data-phrase-index=\"0\" data-number-of-phrases=\"1\"><span class=\"Q4iAWc\">Capacit\u00e0: 250 ml <\/span><\/span><\/span><\/p>\n<p><span class=\"VIiyi\" lang=\"it\"><span class=\"JLqJ4b\" data-language-for-alternatives=\"it\" data-language-to-translate-into=\"en\" data-phrase-index=\"0\" data-number-of-phrases=\"1\"><span class=\"Q4iAWc\">I nostri prodotti NON sono testati sugli animali. <\/span><\/span><\/span><\/p>\n<p><span class=\"VIiyi\" lang=\"it\"><span class=\"JLqJ4b\" data-language-for-alternatives=\"it\" data-language-to-translate-into=\"en\" data-phrase-index=\"0\" data-number-of-phrases=\"1\"><span class=\"Q4iAWc\">Allergia: Se hai la pelle sensibile o allergica, si consiglia sempre di fare un patch test. Anche gli ingredienti naturali, come erbe, oli o oli essenziali possono causare reazioni di sensibilit\u00e0.<\/span><\/span><\/span><\/p>","protected":false},"excerpt":{"rendered":"<p>Bagnoschiuma, detergente corpo e capelli per neonati, <span class=\"VIiyi\" lang=\"it\"><span class=\"JLqJ4b ChMk0b\" data-language-for-alternatives=\"it\" data-language-to-translate-into=\"en\" data-phrase-index=\"0\" data-number-of-phrases=\"1\"><span class=\"Q4iAWc\">bambini e adulti con un gradevole profumo di lampone.<\/span><\/span><\/span><\/p>\n<p><span class=\"VIiyi\" lang=\"it\"><span class=\"JLqJ4b\" data-language-for-alternatives=\"it\" data-language-to-translate-into=\"en\" data-phrase-index=\"0\" data-number-of-phrases=\"1\"><span class=\"Q4iAWc\">Ha una composizione naturale, a base di lampone olio di semi, glicerina, proteine \u200b\u200bdel grano e arnica di montagna, che hanno un <strong>effetto idratante e antinfiammatorio.<\/strong> <\/span><\/span><\/span><\/p>\n<p><span class=\"VIiyi\" lang=\"it\"><span class=\"JLqJ4b\" data-language-for-alternatives=\"it\" data-language-to-translate-into=\"en\" data-phrase-index=\"0\" data-number-of-phrases=\"1\"><span class=\"Q4iAWc\">Pantenolo e allantoina lenire la pelle. <strong>Facilita la pettinatura<\/strong>. <\/span><\/span><\/span><\/p>\n<p><span class=\"VIiyi\" lang=\"it\"><span class=\"JLqJ4b\" data-language-for-alternatives=\"it\" data-language-to-translate-into=\"en\" data-phrase-index=\"0\" data-number-of-phrases=\"1\"><span class=\"Q4iAWc\"><strong>Crea schiuma<\/strong> quando viene aggiunto al bagno. <\/span><\/span><\/span><\/p>\n<p><span class=\"VIiyi\" lang=\"it\"><span class=\"JLqJ4b\" data-language-for-alternatives=\"it\" data-language-to-translate-into=\"en\" data-phrase-index=\"0\" data-number-of-phrases=\"1\"><span class=\"Q4iAWc\">Adatto per pelli sensibili. <\/span><\/span><\/span><\/p>","protected":false},"featured_media":4068,"comment_status":"open","ping_status":"closed","template":"","meta":[],"product_brand":[],"product_cat":[106,120,135,112,45],"product_tag":[],"class_list":{"0":"post-4006","1":"product","2":"type-product","3":"status-publish","4":"has-post-thumbnail","6":"product_cat-bagnetto","7":"product_cat-cosmetici","8":"product_cat-cosmetici-naturali","9":"product_cat-per-le-donne","10":"product_cat-prodotti-per-la-cura-del-corpo","12":"first","13":"instock","14":"taxable","15":"shipping-taxable","16":"purchasable","17":"product-type-simple"},"yoast_head":"<!-- This site is optimized with the Yoast SEO plugin v27.3 - https:\/\/yoast.com\/product\/yoast-seo-wordpress\/ -->\n<title>Bagnoschiuma, Detergente Corpo e Capelli per Neonati - EcoBiOlia<\/title>\n<meta name=\"robots\" content=\"index, follow, max-snippet:-1, max-image-preview:large, max-video-preview:-1\" \/>\n<link rel=\"canonical\" href=\"https:\/\/ecobiolia.it\/en\/product\/bagnoschiuma-detergente-corpo-e-capelli-per-neonati\/\" \/>\n<meta property=\"og:locale\" content=\"en_GB\" \/>\n<meta property=\"og:type\" content=\"article\" \/>\n<meta property=\"og:title\" content=\"Bagnoschiuma, Detergente Corpo e Capelli per Neonati - EcoBiOlia\" \/>\n<meta property=\"og:description\" content=\"Bagnoschiuma, detergente corpo e capelli per neonati, bambini e adulti con un gradevole profumo di lampone.  Ha una composizione naturale, a base di lampone olio di semi, glicerina, proteine \u200b\u200bdel grano e arnica di montagna, che hanno un effetto idratante e antinfiammatorio.   Pantenolo e allantoina lenire la pelle. Facilita la pettinatura.   Crea schiuma quando viene aggiunto al bagno.   Adatto per pelli sensibili.\" \/>\n<meta property=\"og:url\" content=\"https:\/\/ecobiolia.it\/en\/product\/bagnoschiuma-detergente-corpo-e-capelli-per-neonati\/\" \/>\n<meta property=\"og:site_name\" content=\"EcoBiOlia\" \/>\n<meta property=\"article:modified_time\" content=\"2025-09-17T12:36:35+00:00\" \/>\n<meta property=\"og:image\" content=\"https:\/\/ecobiolia.it\/wp-content\/uploads\/2022\/08\/5760.png\" \/>\n\t<meta property=\"og:image:width\" content=\"1152\" \/>\n\t<meta property=\"og:image:height\" content=\"1024\" \/>\n\t<meta property=\"og:image:type\" content=\"image\/png\" \/>\n<meta name=\"twitter:card\" content=\"summary_large_image\" \/>\n<meta name=\"twitter:label1\" content=\"Estimated reading time\" \/>\n\t<meta name=\"twitter:data1\" content=\"1 minute\" \/>\n<script type=\"application\/ld+json\" class=\"yoast-schema-graph\">{\"@context\":\"https:\\\/\\\/schema.org\",\"@graph\":[{\"@type\":\"WebPage\",\"@id\":\"https:\\\/\\\/ecobiolia.it\\\/prodotto\\\/bagnoschiuma-detergente-corpo-e-capelli-per-neonati\\\/\",\"url\":\"https:\\\/\\\/ecobiolia.it\\\/prodotto\\\/bagnoschiuma-detergente-corpo-e-capelli-per-neonati\\\/\",\"name\":\"Bagnoschiuma, Detergente Corpo e Capelli per Neonati - EcoBiOlia\",\"isPartOf\":{\"@id\":\"https:\\\/\\\/ecobiolia.it\\\/it_it\\\/#website\"},\"primaryImageOfPage\":{\"@id\":\"https:\\\/\\\/ecobiolia.it\\\/prodotto\\\/bagnoschiuma-detergente-corpo-e-capelli-per-neonati\\\/#primaryimage\"},\"image\":{\"@id\":\"https:\\\/\\\/ecobiolia.it\\\/prodotto\\\/bagnoschiuma-detergente-corpo-e-capelli-per-neonati\\\/#primaryimage\"},\"thumbnailUrl\":\"https:\\\/\\\/ecobiolia.it\\\/wp-content\\\/uploads\\\/2022\\\/08\\\/5760.png\",\"datePublished\":\"2022-08-22T08:27:01+00:00\",\"dateModified\":\"2025-09-17T12:36:35+00:00\",\"breadcrumb\":{\"@id\":\"https:\\\/\\\/ecobiolia.it\\\/prodotto\\\/bagnoschiuma-detergente-corpo-e-capelli-per-neonati\\\/#breadcrumb\"},\"inLanguage\":\"en-GB\",\"potentialAction\":[{\"@type\":\"ReadAction\",\"target\":[\"https:\\\/\\\/ecobiolia.it\\\/prodotto\\\/bagnoschiuma-detergente-corpo-e-capelli-per-neonati\\\/\"]}]},{\"@type\":\"ImageObject\",\"inLanguage\":\"en-GB\",\"@id\":\"https:\\\/\\\/ecobiolia.it\\\/prodotto\\\/bagnoschiuma-detergente-corpo-e-capelli-per-neonati\\\/#primaryimage\",\"url\":\"https:\\\/\\\/ecobiolia.it\\\/wp-content\\\/uploads\\\/2022\\\/08\\\/5760.png\",\"contentUrl\":\"https:\\\/\\\/ecobiolia.it\\\/wp-content\\\/uploads\\\/2022\\\/08\\\/5760.png\",\"width\":1152,\"height\":1024},{\"@type\":\"BreadcrumbList\",\"@id\":\"https:\\\/\\\/ecobiolia.it\\\/prodotto\\\/bagnoschiuma-detergente-corpo-e-capelli-per-neonati\\\/#breadcrumb\",\"itemListElement\":[{\"@type\":\"ListItem\",\"position\":1,\"name\":\"Home\",\"item\":\"https:\\\/\\\/ecobiolia.it\\\/\"},{\"@type\":\"ListItem\",\"position\":2,\"name\":\"Negozio\",\"item\":\"https:\\\/\\\/ecobiolia.it\\\/negozio\\\/\"},{\"@type\":\"ListItem\",\"position\":3,\"name\":\"Bagnoschiuma, Detergente Corpo e Capelli per Neonati\"}]},{\"@type\":\"WebSite\",\"@id\":\"https:\\\/\\\/ecobiolia.it\\\/it_it\\\/#website\",\"url\":\"https:\\\/\\\/ecobiolia.it\\\/it_it\\\/\",\"name\":\"EcoBiOlia\",\"description\":\"Negozio Ecologico per Bambini e Adulti\",\"publisher\":{\"@id\":\"https:\\\/\\\/ecobiolia.it\\\/it_it\\\/#organization\"},\"potentialAction\":[{\"@type\":\"SearchAction\",\"target\":{\"@type\":\"EntryPoint\",\"urlTemplate\":\"https:\\\/\\\/ecobiolia.it\\\/it_it\\\/?s={search_term_string}\"},\"query-input\":{\"@type\":\"PropertyValueSpecification\",\"valueRequired\":true,\"valueName\":\"search_term_string\"}}],\"inLanguage\":\"en-GB\"},{\"@type\":\"Organization\",\"@id\":\"https:\\\/\\\/ecobiolia.it\\\/it_it\\\/#organization\",\"name\":\"EcoBiOlia\",\"url\":\"https:\\\/\\\/ecobiolia.it\\\/it_it\\\/\",\"logo\":{\"@type\":\"ImageObject\",\"inLanguage\":\"en-GB\",\"@id\":\"https:\\\/\\\/ecobiolia.it\\\/it_it\\\/#\\\/schema\\\/logo\\\/image\\\/\",\"url\":\"https:\\\/\\\/ecobiolia.it\\\/wp-content\\\/uploads\\\/2022\\\/04\\\/EcoBiOlia-Logo.png\",\"contentUrl\":\"https:\\\/\\\/ecobiolia.it\\\/wp-content\\\/uploads\\\/2022\\\/04\\\/EcoBiOlia-Logo.png\",\"width\":1772,\"height\":944,\"caption\":\"EcoBiOlia\"},\"image\":{\"@id\":\"https:\\\/\\\/ecobiolia.it\\\/it_it\\\/#\\\/schema\\\/logo\\\/image\\\/\"}}]}<\/script>\n<!-- \/ Yoast SEO plugin. -->","yoast_head_json":{"title":"Bagnoschiuma, Detergente Corpo e Capelli per Neonati - EcoBiOlia","robots":{"index":"index","follow":"follow","max-snippet":"max-snippet:-1","max-image-preview":"max-image-preview:large","max-video-preview":"max-video-preview:-1"},"canonical":"https:\/\/ecobiolia.it\/en\/product\/bagnoschiuma-detergente-corpo-e-capelli-per-neonati\/","og_locale":"en_GB","og_type":"article","og_title":"Bagnoschiuma, Detergente Corpo e Capelli per Neonati - EcoBiOlia","og_description":"Bagnoschiuma, detergente corpo e capelli per neonati, bambini e adulti con un gradevole profumo di lampone.  Ha una composizione naturale, a base di lampone olio di semi, glicerina, proteine \u200b\u200bdel grano e arnica di montagna, che hanno un effetto idratante e antinfiammatorio.   Pantenolo e allantoina lenire la pelle. Facilita la pettinatura.   Crea schiuma quando viene aggiunto al bagno.   Adatto per pelli sensibili.","og_url":"https:\/\/ecobiolia.it\/en\/product\/bagnoschiuma-detergente-corpo-e-capelli-per-neonati\/","og_site_name":"EcoBiOlia","article_modified_time":"2025-09-17T12:36:35+00:00","og_image":[{"width":1152,"height":1024,"url":"https:\/\/ecobiolia.it\/wp-content\/uploads\/2022\/08\/5760.png","type":"image\/png"}],"twitter_card":"summary_large_image","twitter_misc":{"Estimated reading time":"1 minute"},"schema":{"@context":"https:\/\/schema.org","@graph":[{"@type":"WebPage","@id":"https:\/\/ecobiolia.it\/prodotto\/bagnoschiuma-detergente-corpo-e-capelli-per-neonati\/","url":"https:\/\/ecobiolia.it\/prodotto\/bagnoschiuma-detergente-corpo-e-capelli-per-neonati\/","name":"Bagnoschiuma, Detergente Corpo e Capelli per Neonati - EcoBiOlia","isPartOf":{"@id":"https:\/\/ecobiolia.it\/it_it\/#website"},"primaryImageOfPage":{"@id":"https:\/\/ecobiolia.it\/prodotto\/bagnoschiuma-detergente-corpo-e-capelli-per-neonati\/#primaryimage"},"image":{"@id":"https:\/\/ecobiolia.it\/prodotto\/bagnoschiuma-detergente-corpo-e-capelli-per-neonati\/#primaryimage"},"thumbnailUrl":"https:\/\/ecobiolia.it\/wp-content\/uploads\/2022\/08\/5760.png","datePublished":"2022-08-22T08:27:01+00:00","dateModified":"2025-09-17T12:36:35+00:00","breadcrumb":{"@id":"https:\/\/ecobiolia.it\/prodotto\/bagnoschiuma-detergente-corpo-e-capelli-per-neonati\/#breadcrumb"},"inLanguage":"en-GB","potentialAction":[{"@type":"ReadAction","target":["https:\/\/ecobiolia.it\/prodotto\/bagnoschiuma-detergente-corpo-e-capelli-per-neonati\/"]}]},{"@type":"ImageObject","inLanguage":"en-GB","@id":"https:\/\/ecobiolia.it\/prodotto\/bagnoschiuma-detergente-corpo-e-capelli-per-neonati\/#primaryimage","url":"https:\/\/ecobiolia.it\/wp-content\/uploads\/2022\/08\/5760.png","contentUrl":"https:\/\/ecobiolia.it\/wp-content\/uploads\/2022\/08\/5760.png","width":1152,"height":1024},{"@type":"BreadcrumbList","@id":"https:\/\/ecobiolia.it\/prodotto\/bagnoschiuma-detergente-corpo-e-capelli-per-neonati\/#breadcrumb","itemListElement":[{"@type":"ListItem","position":1,"name":"Home","item":"https:\/\/ecobiolia.it\/"},{"@type":"ListItem","position":2,"name":"Negozio","item":"https:\/\/ecobiolia.it\/negozio\/"},{"@type":"ListItem","position":3,"name":"Bagnoschiuma, Detergente Corpo e Capelli per Neonati"}]},{"@type":"WebSite","@id":"https:\/\/ecobiolia.it\/it_it\/#website","url":"https:\/\/ecobiolia.it\/it_it\/","name":"EcoBiOlia","description":"Negozio Ecologico per Bambini e Adulti","publisher":{"@id":"https:\/\/ecobiolia.it\/it_it\/#organization"},"potentialAction":[{"@type":"SearchAction","target":{"@type":"EntryPoint","urlTemplate":"https:\/\/ecobiolia.it\/it_it\/?s={search_term_string}"},"query-input":{"@type":"PropertyValueSpecification","valueRequired":true,"valueName":"search_term_string"}}],"inLanguage":"en-GB"},{"@type":"Organization","@id":"https:\/\/ecobiolia.it\/it_it\/#organization","name":"EcoBiOlia","url":"https:\/\/ecobiolia.it\/it_it\/","logo":{"@type":"ImageObject","inLanguage":"en-GB","@id":"https:\/\/ecobiolia.it\/it_it\/#\/schema\/logo\/image\/","url":"https:\/\/ecobiolia.it\/wp-content\/uploads\/2022\/04\/EcoBiOlia-Logo.png","contentUrl":"https:\/\/ecobiolia.it\/wp-content\/uploads\/2022\/04\/EcoBiOlia-Logo.png","width":1772,"height":944,"caption":"EcoBiOlia"},"image":{"@id":"https:\/\/ecobiolia.it\/it_it\/#\/schema\/logo\/image\/"}}]}},"jetpack-related-posts":[{"id":4026,"url":"https:\/\/ecobiolia.it\/en\/product\/shampoo-alle-erbe-per-la-crescita-dei-capelli\/","url_meta":{"origin":4006,"position":0},"title":"Shampoo alle Erbe per la Crescita dei Capelli","author":"Olga","date":"22 August 2022","format":false,"excerpt":"Shampoo alle Erbe per la Crescita dei Capelli dalla composizione delicata, ma dall'efficace potere detergente del cuoio capelluto. Le basi qui sono sostanze organiche di lavaggio e glicerina, pantenolo, vit. B3 ed estratti vegetali. Consigliato sia per le donne che per gli uomini, soprattutto in caso di caduta e capelli\u2026","rel":"","context":"Similar post","block_context":{"text":"Similar post","link":""},"img":{"alt_text":"","src":"https:\/\/i0.wp.com\/ecobiolia.it\/wp-content\/uploads\/2022\/08\/6938.jpg?resize=350%2C200&ssl=1","width":350,"height":200,"srcset":"https:\/\/i0.wp.com\/ecobiolia.it\/wp-content\/uploads\/2022\/08\/6938.jpg?resize=350%2C200&ssl=1 1x, https:\/\/i0.wp.com\/ecobiolia.it\/wp-content\/uploads\/2022\/08\/6938.jpg?resize=525%2C300&ssl=1 1.5x, https:\/\/i0.wp.com\/ecobiolia.it\/wp-content\/uploads\/2022\/08\/6938.jpg?resize=700%2C400&ssl=1 2x, https:\/\/i0.wp.com\/ecobiolia.it\/wp-content\/uploads\/2022\/08\/6938.jpg?resize=1050%2C600&ssl=1 3x, https:\/\/i0.wp.com\/ecobiolia.it\/wp-content\/uploads\/2022\/08\/6938.jpg?resize=1400%2C800&ssl=1 4x"},"classes":[]},{"id":4027,"url":"https:\/\/ecobiolia.it\/en\/product\/maschera-emolliente-alle-erbe-per-capelli-ruvidi\/","url_meta":{"origin":4006,"position":1},"title":"Maschera Emolliente alle Erbe per Capelli Ruvidi","author":"Olga","date":"22 August 2022","format":false,"excerpt":"Maschera Emolliente alle Erbe per Capelli Ruvidi e Opachi, a base di olio di semi d'uva, mandorle dolci e ricino, con glicerina e pantenolo. Contiene inoltre estratti di equiseto e ortica, vitamina b3 e oli essenziali di lavanda e timo. Gli umettanti sono responsabili dell'idratazione e gli emollienti sono responsabili\u2026","rel":"","context":"With 1 comment","block_context":{"text":"With 1 comment","link":"https:\/\/ecobiolia.it\/en\/product\/maschera-emolliente-alle-erbe-per-capelli-ruvidi\/#comments"},"img":{"alt_text":"","src":"https:\/\/i0.wp.com\/ecobiolia.it\/wp-content\/uploads\/2022\/08\/7091.jpg?resize=350%2C200&ssl=1","width":350,"height":200,"srcset":"https:\/\/i0.wp.com\/ecobiolia.it\/wp-content\/uploads\/2022\/08\/7091.jpg?resize=350%2C200&ssl=1 1x, https:\/\/i0.wp.com\/ecobiolia.it\/wp-content\/uploads\/2022\/08\/7091.jpg?resize=525%2C300&ssl=1 1.5x, https:\/\/i0.wp.com\/ecobiolia.it\/wp-content\/uploads\/2022\/08\/7091.jpg?resize=700%2C400&ssl=1 2x, https:\/\/i0.wp.com\/ecobiolia.it\/wp-content\/uploads\/2022\/08\/7091.jpg?resize=1050%2C600&ssl=1 3x, https:\/\/i0.wp.com\/ecobiolia.it\/wp-content\/uploads\/2022\/08\/7091.jpg?resize=1400%2C800&ssl=1 4x"},"classes":[]},{"id":4080,"url":"https:\/\/ecobiolia.it\/en\/product\/burro-per-viso-corpo-protettivo-rigenerante-e-idratante\/","url_meta":{"origin":4006,"position":2},"title":"Burro per Viso Corpo Protettivo, Rigenerante e Idratante","author":"Olga","date":"22 August 2022","format":false,"excerpt":"Burro per Viso Corpo Protettivo, Rigenerante e Idratante\u00a0WOW - \u00e8 proprio cos\u00ec che dovremmo chiamarla, perch\u00e9 \u00e8 impossibile elencare tutte le sue propriet\u00e0 in una breve descrizione del prodotto sulla confezione. Questo cosmetico \u00e8 un prodotto multiuso e multifunzionale. Puoi usarlo su viso, corpo e capelli! Ti aiuter\u00e0 con ferite\u2026","rel":"","context":"With 1 comment","block_context":{"text":"With 1 comment","link":"https:\/\/ecobiolia.it\/en\/product\/burro-per-viso-corpo-protettivo-rigenerante-e-idratante\/#comments"},"img":{"alt_text":"","src":"https:\/\/i0.wp.com\/ecobiolia.it\/wp-content\/uploads\/2022\/08\/3292.jpg?resize=350%2C200&ssl=1","width":350,"height":200,"srcset":"https:\/\/i0.wp.com\/ecobiolia.it\/wp-content\/uploads\/2022\/08\/3292.jpg?resize=350%2C200&ssl=1 1x, https:\/\/i0.wp.com\/ecobiolia.it\/wp-content\/uploads\/2022\/08\/3292.jpg?resize=525%2C300&ssl=1 1.5x, https:\/\/i0.wp.com\/ecobiolia.it\/wp-content\/uploads\/2022\/08\/3292.jpg?resize=700%2C400&ssl=1 2x, https:\/\/i0.wp.com\/ecobiolia.it\/wp-content\/uploads\/2022\/08\/3292.jpg?resize=1050%2C600&ssl=1 3x, https:\/\/i0.wp.com\/ecobiolia.it\/wp-content\/uploads\/2022\/08\/3292.jpg?resize=1400%2C800&ssl=1 4x"},"classes":[]},{"id":4417,"url":"https:\/\/ecobiolia.it\/en\/product\/olio-detergente-viso-idrofilo-delicato\/","url_meta":{"origin":4006,"position":3},"title":"Olio Detergente Viso Idrofilo Delicato","author":"Olga","date":"30 September 2022","format":false,"excerpt":"Olio detergente viso idrofilo a base di oli naturali di nocciolo di albicocca, cotone, riso e olio di ricino con l'aggiunta di vitamina E. La composizione include un emulsionante. Grazie a ci\u00f2, l'olio si trasforma in emulsione a contatto con l'acqua e verr\u00e0 lavato via con i resti di trucco\u2026","rel":"","context":"Similar post","block_context":{"text":"Similar post","link":""},"img":{"alt_text":"","src":"https:\/\/i0.wp.com\/ecobiolia.it\/wp-content\/uploads\/2022\/09\/7672.jpg?resize=350%2C200&ssl=1","width":350,"height":200,"srcset":"https:\/\/i0.wp.com\/ecobiolia.it\/wp-content\/uploads\/2022\/09\/7672.jpg?resize=350%2C200&ssl=1 1x, https:\/\/i0.wp.com\/ecobiolia.it\/wp-content\/uploads\/2022\/09\/7672.jpg?resize=525%2C300&ssl=1 1.5x, https:\/\/i0.wp.com\/ecobiolia.it\/wp-content\/uploads\/2022\/09\/7672.jpg?resize=700%2C400&ssl=1 2x, https:\/\/i0.wp.com\/ecobiolia.it\/wp-content\/uploads\/2022\/09\/7672.jpg?resize=1050%2C600&ssl=1 3x, https:\/\/i0.wp.com\/ecobiolia.it\/wp-content\/uploads\/2022\/09\/7672.jpg?resize=1400%2C800&ssl=1 4x"},"classes":[]},{"id":4411,"url":"https:\/\/ecobiolia.it\/en\/product\/burro-nutriente-idratante-e-illuminante-per-corpo\/","url_meta":{"origin":4006,"position":4},"title":"Burro Nutriente, Idratante e Illuminante per Corpo","author":"Olga","date":"30 September 2022","format":false,"excerpt":"Gioioso Burro Nutriente, Idratante e Illuminante per Corpo \u00e8 un ottimo cosmetico che combina una forte cura della pelle con un miglioramento visivo immediato (colore e particelle dorate). A base di oli nutrienti di caff\u00e8 verde, fico d'India, mandorla e uva, burro di karit\u00e9 e oli di carota e olivello\u2026","rel":"","context":"Similar post","block_context":{"text":"Similar post","link":""},"img":{"alt_text":"","src":"https:\/\/i0.wp.com\/ecobiolia.it\/wp-content\/uploads\/2022\/08\/8507.jpg?resize=350%2C200&ssl=1","width":350,"height":200,"srcset":"https:\/\/i0.wp.com\/ecobiolia.it\/wp-content\/uploads\/2022\/08\/8507.jpg?resize=350%2C200&ssl=1 1x, https:\/\/i0.wp.com\/ecobiolia.it\/wp-content\/uploads\/2022\/08\/8507.jpg?resize=525%2C300&ssl=1 1.5x, https:\/\/i0.wp.com\/ecobiolia.it\/wp-content\/uploads\/2022\/08\/8507.jpg?resize=700%2C400&ssl=1 2x, https:\/\/i0.wp.com\/ecobiolia.it\/wp-content\/uploads\/2022\/08\/8507.jpg?resize=1050%2C600&ssl=1 3x, https:\/\/i0.wp.com\/ecobiolia.it\/wp-content\/uploads\/2022\/08\/8507.jpg?resize=1400%2C800&ssl=1 4x"},"classes":[]},{"id":4028,"url":"https:\/\/ecobiolia.it\/en\/product\/acqua-micellare-naturale-200-ml\/","url_meta":{"origin":4006,"position":5},"title":"Acqua micellare naturale 200 ml","author":"Olga","date":"22 August 2022","format":false,"excerpt":"Estremamente efficace e allo stesso tempo delicata nella composizione, acqua micellare naturale per la rimozione quotidiana del trucco della pelle di occhi, bocca e viso. A base di estratto di fiori di peonia e acqua di rose. Arricchito con pantenolo, allantoina e glicerina.","rel":"","context":"Similar post","block_context":{"text":"Similar post","link":""},"img":{"alt_text":"","src":"https:\/\/i0.wp.com\/ecobiolia.it\/wp-content\/uploads\/2022\/08\/7086.jpg?resize=350%2C200&ssl=1","width":350,"height":200,"srcset":"https:\/\/i0.wp.com\/ecobiolia.it\/wp-content\/uploads\/2022\/08\/7086.jpg?resize=350%2C200&ssl=1 1x, https:\/\/i0.wp.com\/ecobiolia.it\/wp-content\/uploads\/2022\/08\/7086.jpg?resize=525%2C300&ssl=1 1.5x, https:\/\/i0.wp.com\/ecobiolia.it\/wp-content\/uploads\/2022\/08\/7086.jpg?resize=700%2C400&ssl=1 2x, https:\/\/i0.wp.com\/ecobiolia.it\/wp-content\/uploads\/2022\/08\/7086.jpg?resize=1050%2C600&ssl=1 3x, https:\/\/i0.wp.com\/ecobiolia.it\/wp-content\/uploads\/2022\/08\/7086.jpg?resize=1400%2C800&ssl=1 4x"},"classes":[]}],"jetpack_sharing_enabled":true,"_links":{"self":[{"href":"https:\/\/ecobiolia.it\/en\/wp-json\/wp\/v2\/product\/4006","targetHints":{"allow":["GET"]}}],"collection":[{"href":"https:\/\/ecobiolia.it\/en\/wp-json\/wp\/v2\/product"}],"about":[{"href":"https:\/\/ecobiolia.it\/en\/wp-json\/wp\/v2\/types\/product"}],"replies":[{"embeddable":true,"href":"https:\/\/ecobiolia.it\/en\/wp-json\/wp\/v2\/comments?post=4006"}],"version-history":[{"count":1,"href":"https:\/\/ecobiolia.it\/en\/wp-json\/wp\/v2\/product\/4006\/revisions"}],"predecessor-version":[{"id":6478,"href":"https:\/\/ecobiolia.it\/en\/wp-json\/wp\/v2\/product\/4006\/revisions\/6478"}],"wp:featuredmedia":[{"embeddable":true,"href":"https:\/\/ecobiolia.it\/en\/wp-json\/wp\/v2\/media\/4068"}],"wp:attachment":[{"href":"https:\/\/ecobiolia.it\/en\/wp-json\/wp\/v2\/media?parent=4006"}],"wp:term":[{"taxonomy":"product_brand","embeddable":true,"href":"https:\/\/ecobiolia.it\/en\/wp-json\/wp\/v2\/product_brand?post=4006"},{"taxonomy":"product_cat","embeddable":true,"href":"https:\/\/ecobiolia.it\/en\/wp-json\/wp\/v2\/product_cat?post=4006"},{"taxonomy":"product_tag","embeddable":true,"href":"https:\/\/ecobiolia.it\/en\/wp-json\/wp\/v2\/product_tag?post=4006"}],"curies":[{"name":"wp","href":"https:\/\/api.w.org\/{rel}","templated":true}]}}