{"id":3991,"date":"2022-08-22T08:26:32","date_gmt":"2022-08-22T08:26:32","guid":{"rendered":"https:\/\/ecobiolia.it\/?post_type=product&#038;p=3991"},"modified":"2025-04-22T19:17:44","modified_gmt":"2025-04-22T19:17:44","slug":"spazzola-massaggio-per-seno-collo-e-decollete","status":"publish","type":"product","link":"https:\/\/ecobiolia.it\/en\/product\/spazzola-massaggio-per-seno-collo-e-decollete\/","title":{"rendered":"Spazzola Massaggio per Seno, Collo e D\u00e9collet\u00e9"},"content":{"rendered":"<p>I vantaggi della spazzolatura con Spazzola Massaggio per Seno, Collo e D\u00e9collet\u00e9:<\/p>\n<p>&#8211; migliora il drenaggio linfatico<\/p>\n<p>&#8211; aiuta a rimuovere le tossine dal corpo<\/p>\n<p>&#8211; affronta il gonfiore e il ristagno idrico<\/p>\n<p>&#8211; rassoda la pelle<\/p>\n<p>&#8211; rilassa.<\/p>\n<p>Spazzola il corpo prima di fare il bagno. Non premere troppo.<\/p>\n<p><em>Spazzolatura durante la gravidanza e l&#8217;allattamento\u00a0&#8211; Parere di un consulente per l&#8217;allattamento certificato:<\/em><\/p>\n<p><em>\u201cCome consulente per l&#8217;allattamento certificato, raccomando di spazzolare il seno! Il massaggio al seno durante l&#8217;allattamento pu\u00f2 rendere il tuo latte pi\u00f9 grasso e pi\u00f9 abbondante! Anche spazzolare durante la gravidanza \u00e8 una buona idea: sar\u00e0 ottimo per rassodare il seno! Ricorda solo di evitare la spazzolatura dei capezzoli durante la gravidanza.&#8221;<\/em><\/p>\n<p><em>Anna Bulczak &#8211; Fidati dell&#8217;ostetrica<\/em><\/p>\n<p><strong>Spazzolatura del seno:<\/strong><\/p>\n<p>Inizia dalla parte sinistra del corpo.<\/p>\n<p>1. Esegui un movimento delle ascelle, camminando sotto il seno e risalendo. Come se volessi disegnare un cerchio in senso orario. Fai 5-10 ripetizioni su ogni seno.<\/p>\n<p>2. Fai brevi movimenti dal capezzolo verso il collo, verso l&#8217;alto. Fai 5-10 ripetizioni su ogni seno.<\/p>\n<p><strong>Spazzolatura del collo:<\/strong><\/p>\n<p>Solleva il mento e fai movimenti su e gi\u00f9.<\/p>\n<p><strong>Spazzolatura del d\u00e9collet\u00e9:<\/strong><\/p>\n<p>1. Disegna grandi cerchi sulla scollatura. Esegui 5 ripetizioni del movimento.<\/p>\n<p>2. Presta attenzione alla clavicola e spazzolala verso l&#8217;esterno.<\/p>\n<p>3. Fai un movimento verso il basso: da dietro le spalle verso il petto.<\/p>\n<p><strong>Spazzolatura dell&#8217;ascella:<\/strong><\/p>\n<p>1. Fai un movimento dall&#8217;avambraccio verso il basso. Ripeti 5-10 volte.<\/p>\n<p>La spazzolatura va effettuata quotidianamente. Una volta al mese fai anche un autoesame del seno.<\/p>\n<p><strong>Composizione:<\/strong><\/p>\n<p>Legno massello di faggio + crine di cavallo &#8211; delicato per pelli sensibili e sottili.<\/p>\n<p>Per i benefici del drenaggio linfatico, si raccomanda anche agli uomini di spazzolare la parte superiore del corpo.<\/p>\n<p>La spazzola non deve essere bagnata a causa della struttura in legno massello. Il legno pu\u00f2 rompersi a contatto con l&#8217;acqua, il che non influisce sulla spazzolatura stessa, ma solo sull&#8217;effetto visivo. La spazzola deve essere disinfettata quando necessario, ad es. con Octenisept e sostituita regolarmente ogni 4-6 mesi (a seconda dell&#8217;usura).<\/p>\n<p>La spazzola viene caricata a mano e quindi all&#8217;inizio potrebbe perdere alcune setole, che non \u00e8 stato possibile rimuovere in fase di produzione. Basta pettinarla.<\/p>\n<p><em><span class=\"VIiyi\" lang=\"it\"><span class=\"JLqJ4b\" data-language-for-alternatives=\"it\" data-language-to-translate-into=\"en\" data-phrase-index=\"0\" data-number-of-phrases=\"1\"><span class=\"Q4iAWc\">Si prega di notare che non possiamo accettare resi di spazzole per capelli in quanto rientrano nella categoria di prodotti intimi, sanitari e igienici, articoli per la salute e la cura della persona.<\/span><\/span><\/span><\/em><\/p>","protected":false},"excerpt":{"rendered":"<p>Sapevi che spazzolare il seno, il collo e il decollet\u00e9 inverte gli effetti della gravit\u00e0? Non solo \u00e8 salutare, ma migliora anche la circolazione sanguigna e la compattezza della pelle.<\/p>\n<p>Prendersi cura di se stessi non \u00e8 egoismo, ma rispetto per il proprio corpo. Puoi pensare a tutta la famiglia, essere un ottimo partner, madre, amica, supporto per l&#8217;intero ambiente e allo stesso tempo trascurare completamente te stesso. E se non ti prendi cura di te stesso, credi &#8211; nessuno lo far\u00e0 per te.<\/p>\n<p>Ogni donna ha un seno diverso e n\u00e9 la loro forma n\u00e9 le loro dimensioni definiscono in alcun modo la femminilit\u00e0. L&#8217;importante \u00e8 mantenerli in salute.<\/p>","protected":false},"featured_media":4009,"comment_status":"open","ping_status":"closed","template":"","meta":[],"product_brand":[],"product_cat":[112,45,134,113],"product_tag":[],"class_list":{"0":"post-3991","1":"product","2":"type-product","3":"status-publish","4":"has-post-thumbnail","6":"product_cat-per-le-donne","7":"product_cat-prodotti-per-la-cura-del-corpo","8":"product_cat-spazzole","9":"product_cat-spazzole-massaggio","11":"first","12":"instock","13":"taxable","14":"shipping-taxable","15":"purchasable","16":"product-type-simple"},"yoast_head":"<!-- This site is optimized with the Yoast SEO plugin v27.3 - https:\/\/yoast.com\/product\/yoast-seo-wordpress\/ -->\n<title>Spazzola Massaggio per Seno, Collo e D\u00e9collet\u00e9 - EcoBiOlia<\/title>\n<meta name=\"robots\" content=\"index, follow, max-snippet:-1, max-image-preview:large, max-video-preview:-1\" \/>\n<link rel=\"canonical\" href=\"https:\/\/ecobiolia.it\/en\/product\/spazzola-massaggio-per-seno-collo-e-decollete\/\" \/>\n<meta property=\"og:locale\" content=\"en_GB\" \/>\n<meta property=\"og:type\" content=\"article\" \/>\n<meta property=\"og:title\" content=\"Spazzola Massaggio per Seno, Collo e D\u00e9collet\u00e9 - EcoBiOlia\" \/>\n<meta property=\"og:description\" content=\"Sapevi che spazzolare il seno, il collo e il decollet\u00e9 inverte gli effetti della gravit\u00e0? Non solo \u00e8 salutare, ma migliora anche la circolazione sanguigna e la compattezza della pelle.  Prendersi cura di se stessi non \u00e8 egoismo, ma rispetto per il proprio corpo. Puoi pensare a tutta la famiglia, essere un ottimo partner, madre, amica, supporto per l&#039;intero ambiente e allo stesso tempo trascurare completamente te stesso. E se non ti prendi cura di te stesso, credi - nessuno lo far\u00e0 per te.  Ogni donna ha un seno diverso e n\u00e9 la loro forma n\u00e9 le loro dimensioni definiscono in alcun modo la femminilit\u00e0. L&#039;importante \u00e8 mantenerli in salute.\" \/>\n<meta property=\"og:url\" content=\"https:\/\/ecobiolia.it\/en\/product\/spazzola-massaggio-per-seno-collo-e-decollete\/\" \/>\n<meta property=\"og:site_name\" content=\"EcoBiOlia\" \/>\n<meta property=\"article:modified_time\" content=\"2025-04-22T19:17:44+00:00\" \/>\n<meta property=\"og:image\" content=\"https:\/\/ecobiolia.it\/wp-content\/uploads\/2022\/08\/5748.jpg\" \/>\n\t<meta property=\"og:image:width\" content=\"1152\" \/>\n\t<meta property=\"og:image:height\" content=\"1024\" \/>\n\t<meta property=\"og:image:type\" content=\"image\/jpeg\" \/>\n<meta name=\"twitter:card\" content=\"summary_large_image\" \/>\n<meta name=\"twitter:label1\" content=\"Estimated reading time\" \/>\n\t<meta name=\"twitter:data1\" content=\"3 minutes\" \/>\n<script type=\"application\/ld+json\" class=\"yoast-schema-graph\">{\"@context\":\"https:\\\/\\\/schema.org\",\"@graph\":[{\"@type\":\"WebPage\",\"@id\":\"https:\\\/\\\/ecobiolia.it\\\/prodotto\\\/spazzola-massaggio-per-seno-collo-e-decollete\\\/\",\"url\":\"https:\\\/\\\/ecobiolia.it\\\/prodotto\\\/spazzola-massaggio-per-seno-collo-e-decollete\\\/\",\"name\":\"Spazzola Massaggio per Seno, Collo e D\u00e9collet\u00e9 - EcoBiOlia\",\"isPartOf\":{\"@id\":\"https:\\\/\\\/ecobiolia.it\\\/it_it\\\/#website\"},\"primaryImageOfPage\":{\"@id\":\"https:\\\/\\\/ecobiolia.it\\\/prodotto\\\/spazzola-massaggio-per-seno-collo-e-decollete\\\/#primaryimage\"},\"image\":{\"@id\":\"https:\\\/\\\/ecobiolia.it\\\/prodotto\\\/spazzola-massaggio-per-seno-collo-e-decollete\\\/#primaryimage\"},\"thumbnailUrl\":\"https:\\\/\\\/ecobiolia.it\\\/wp-content\\\/uploads\\\/2022\\\/08\\\/5748.jpg\",\"datePublished\":\"2022-08-22T08:26:32+00:00\",\"dateModified\":\"2025-04-22T19:17:44+00:00\",\"breadcrumb\":{\"@id\":\"https:\\\/\\\/ecobiolia.it\\\/prodotto\\\/spazzola-massaggio-per-seno-collo-e-decollete\\\/#breadcrumb\"},\"inLanguage\":\"en-GB\",\"potentialAction\":[{\"@type\":\"ReadAction\",\"target\":[\"https:\\\/\\\/ecobiolia.it\\\/prodotto\\\/spazzola-massaggio-per-seno-collo-e-decollete\\\/\"]}]},{\"@type\":\"ImageObject\",\"inLanguage\":\"en-GB\",\"@id\":\"https:\\\/\\\/ecobiolia.it\\\/prodotto\\\/spazzola-massaggio-per-seno-collo-e-decollete\\\/#primaryimage\",\"url\":\"https:\\\/\\\/ecobiolia.it\\\/wp-content\\\/uploads\\\/2022\\\/08\\\/5748.jpg\",\"contentUrl\":\"https:\\\/\\\/ecobiolia.it\\\/wp-content\\\/uploads\\\/2022\\\/08\\\/5748.jpg\",\"width\":1152,\"height\":1024},{\"@type\":\"BreadcrumbList\",\"@id\":\"https:\\\/\\\/ecobiolia.it\\\/prodotto\\\/spazzola-massaggio-per-seno-collo-e-decollete\\\/#breadcrumb\",\"itemListElement\":[{\"@type\":\"ListItem\",\"position\":1,\"name\":\"Home\",\"item\":\"https:\\\/\\\/ecobiolia.it\\\/\"},{\"@type\":\"ListItem\",\"position\":2,\"name\":\"Negozio\",\"item\":\"https:\\\/\\\/ecobiolia.it\\\/negozio\\\/\"},{\"@type\":\"ListItem\",\"position\":3,\"name\":\"Spazzola Massaggio per Seno, Collo e D\u00e9collet\u00e9\"}]},{\"@type\":\"WebSite\",\"@id\":\"https:\\\/\\\/ecobiolia.it\\\/it_it\\\/#website\",\"url\":\"https:\\\/\\\/ecobiolia.it\\\/it_it\\\/\",\"name\":\"EcoBiOlia\",\"description\":\"Negozio Ecologico per Bambini e Adulti\",\"publisher\":{\"@id\":\"https:\\\/\\\/ecobiolia.it\\\/it_it\\\/#organization\"},\"potentialAction\":[{\"@type\":\"SearchAction\",\"target\":{\"@type\":\"EntryPoint\",\"urlTemplate\":\"https:\\\/\\\/ecobiolia.it\\\/it_it\\\/?s={search_term_string}\"},\"query-input\":{\"@type\":\"PropertyValueSpecification\",\"valueRequired\":true,\"valueName\":\"search_term_string\"}}],\"inLanguage\":\"en-GB\"},{\"@type\":\"Organization\",\"@id\":\"https:\\\/\\\/ecobiolia.it\\\/it_it\\\/#organization\",\"name\":\"EcoBiOlia\",\"url\":\"https:\\\/\\\/ecobiolia.it\\\/it_it\\\/\",\"logo\":{\"@type\":\"ImageObject\",\"inLanguage\":\"en-GB\",\"@id\":\"https:\\\/\\\/ecobiolia.it\\\/it_it\\\/#\\\/schema\\\/logo\\\/image\\\/\",\"url\":\"https:\\\/\\\/ecobiolia.it\\\/wp-content\\\/uploads\\\/2022\\\/04\\\/EcoBiOlia-Logo.png\",\"contentUrl\":\"https:\\\/\\\/ecobiolia.it\\\/wp-content\\\/uploads\\\/2022\\\/04\\\/EcoBiOlia-Logo.png\",\"width\":1772,\"height\":944,\"caption\":\"EcoBiOlia\"},\"image\":{\"@id\":\"https:\\\/\\\/ecobiolia.it\\\/it_it\\\/#\\\/schema\\\/logo\\\/image\\\/\"}}]}<\/script>\n<!-- \/ Yoast SEO plugin. -->","yoast_head_json":{"title":"Spazzola Massaggio per Seno, Collo e D\u00e9collet\u00e9 - EcoBiOlia","robots":{"index":"index","follow":"follow","max-snippet":"max-snippet:-1","max-image-preview":"max-image-preview:large","max-video-preview":"max-video-preview:-1"},"canonical":"https:\/\/ecobiolia.it\/en\/product\/spazzola-massaggio-per-seno-collo-e-decollete\/","og_locale":"en_GB","og_type":"article","og_title":"Spazzola Massaggio per Seno, Collo e D\u00e9collet\u00e9 - EcoBiOlia","og_description":"Sapevi che spazzolare il seno, il collo e il decollet\u00e9 inverte gli effetti della gravit\u00e0? Non solo \u00e8 salutare, ma migliora anche la circolazione sanguigna e la compattezza della pelle.  Prendersi cura di se stessi non \u00e8 egoismo, ma rispetto per il proprio corpo. Puoi pensare a tutta la famiglia, essere un ottimo partner, madre, amica, supporto per l'intero ambiente e allo stesso tempo trascurare completamente te stesso. E se non ti prendi cura di te stesso, credi - nessuno lo far\u00e0 per te.  Ogni donna ha un seno diverso e n\u00e9 la loro forma n\u00e9 le loro dimensioni definiscono in alcun modo la femminilit\u00e0. L'importante \u00e8 mantenerli in salute.","og_url":"https:\/\/ecobiolia.it\/en\/product\/spazzola-massaggio-per-seno-collo-e-decollete\/","og_site_name":"EcoBiOlia","article_modified_time":"2025-04-22T19:17:44+00:00","og_image":[{"width":1152,"height":1024,"url":"https:\/\/ecobiolia.it\/wp-content\/uploads\/2022\/08\/5748.jpg","type":"image\/jpeg"}],"twitter_card":"summary_large_image","twitter_misc":{"Estimated reading time":"3 minutes"},"schema":{"@context":"https:\/\/schema.org","@graph":[{"@type":"WebPage","@id":"https:\/\/ecobiolia.it\/prodotto\/spazzola-massaggio-per-seno-collo-e-decollete\/","url":"https:\/\/ecobiolia.it\/prodotto\/spazzola-massaggio-per-seno-collo-e-decollete\/","name":"Spazzola Massaggio per Seno, Collo e D\u00e9collet\u00e9 - EcoBiOlia","isPartOf":{"@id":"https:\/\/ecobiolia.it\/it_it\/#website"},"primaryImageOfPage":{"@id":"https:\/\/ecobiolia.it\/prodotto\/spazzola-massaggio-per-seno-collo-e-decollete\/#primaryimage"},"image":{"@id":"https:\/\/ecobiolia.it\/prodotto\/spazzola-massaggio-per-seno-collo-e-decollete\/#primaryimage"},"thumbnailUrl":"https:\/\/ecobiolia.it\/wp-content\/uploads\/2022\/08\/5748.jpg","datePublished":"2022-08-22T08:26:32+00:00","dateModified":"2025-04-22T19:17:44+00:00","breadcrumb":{"@id":"https:\/\/ecobiolia.it\/prodotto\/spazzola-massaggio-per-seno-collo-e-decollete\/#breadcrumb"},"inLanguage":"en-GB","potentialAction":[{"@type":"ReadAction","target":["https:\/\/ecobiolia.it\/prodotto\/spazzola-massaggio-per-seno-collo-e-decollete\/"]}]},{"@type":"ImageObject","inLanguage":"en-GB","@id":"https:\/\/ecobiolia.it\/prodotto\/spazzola-massaggio-per-seno-collo-e-decollete\/#primaryimage","url":"https:\/\/ecobiolia.it\/wp-content\/uploads\/2022\/08\/5748.jpg","contentUrl":"https:\/\/ecobiolia.it\/wp-content\/uploads\/2022\/08\/5748.jpg","width":1152,"height":1024},{"@type":"BreadcrumbList","@id":"https:\/\/ecobiolia.it\/prodotto\/spazzola-massaggio-per-seno-collo-e-decollete\/#breadcrumb","itemListElement":[{"@type":"ListItem","position":1,"name":"Home","item":"https:\/\/ecobiolia.it\/"},{"@type":"ListItem","position":2,"name":"Negozio","item":"https:\/\/ecobiolia.it\/negozio\/"},{"@type":"ListItem","position":3,"name":"Spazzola Massaggio per Seno, Collo e D\u00e9collet\u00e9"}]},{"@type":"WebSite","@id":"https:\/\/ecobiolia.it\/it_it\/#website","url":"https:\/\/ecobiolia.it\/it_it\/","name":"EcoBiOlia","description":"Negozio Ecologico per Bambini e Adulti","publisher":{"@id":"https:\/\/ecobiolia.it\/it_it\/#organization"},"potentialAction":[{"@type":"SearchAction","target":{"@type":"EntryPoint","urlTemplate":"https:\/\/ecobiolia.it\/it_it\/?s={search_term_string}"},"query-input":{"@type":"PropertyValueSpecification","valueRequired":true,"valueName":"search_term_string"}}],"inLanguage":"en-GB"},{"@type":"Organization","@id":"https:\/\/ecobiolia.it\/it_it\/#organization","name":"EcoBiOlia","url":"https:\/\/ecobiolia.it\/it_it\/","logo":{"@type":"ImageObject","inLanguage":"en-GB","@id":"https:\/\/ecobiolia.it\/it_it\/#\/schema\/logo\/image\/","url":"https:\/\/ecobiolia.it\/wp-content\/uploads\/2022\/04\/EcoBiOlia-Logo.png","contentUrl":"https:\/\/ecobiolia.it\/wp-content\/uploads\/2022\/04\/EcoBiOlia-Logo.png","width":1772,"height":944,"caption":"EcoBiOlia"},"image":{"@id":"https:\/\/ecobiolia.it\/it_it\/#\/schema\/logo\/image\/"}}]}},"jetpack-related-posts":[{"id":3992,"url":"https:\/\/ecobiolia.it\/en\/product\/spazzola-professionale-viso-e-collo-con-setole-naturali\/","url_meta":{"origin":3991,"position":0},"title":"Spazzola Professionale Viso e Collo con Setole Naturali","author":"Olga","date":"22 August 2022","format":false,"excerpt":"Quale dovrebbe essere la spazzola per il viso perfetta? Delicato sulla pelle! Prima di creare questo pennello, abbiamo testato diverse setole. Tuttavia, il tampico (agave), le setole e persino la delicata capra erano troppo affilate per la pelle sottile del viso. Spazzolare non significa graffiare e dolore, ma stimolare la\u2026","rel":"","context":"Similar post","block_context":{"text":"Similar post","link":""},"img":{"alt_text":"","src":"https:\/\/i0.wp.com\/ecobiolia.it\/wp-content\/uploads\/2022\/08\/6776.jpg?resize=350%2C200&ssl=1","width":350,"height":200,"srcset":"https:\/\/i0.wp.com\/ecobiolia.it\/wp-content\/uploads\/2022\/08\/6776.jpg?resize=350%2C200&ssl=1 1x, https:\/\/i0.wp.com\/ecobiolia.it\/wp-content\/uploads\/2022\/08\/6776.jpg?resize=525%2C300&ssl=1 1.5x, https:\/\/i0.wp.com\/ecobiolia.it\/wp-content\/uploads\/2022\/08\/6776.jpg?resize=700%2C400&ssl=1 2x, https:\/\/i0.wp.com\/ecobiolia.it\/wp-content\/uploads\/2022\/08\/6776.jpg?resize=1050%2C600&ssl=1 3x, https:\/\/i0.wp.com\/ecobiolia.it\/wp-content\/uploads\/2022\/08\/6776.jpg?resize=1400%2C800&ssl=1 4x"},"classes":[]},{"id":5016,"url":"https:\/\/ecobiolia.it\/en\/product\/spazzola-cocco-con-manico-per-spazzolatura-a-secco\/","url_meta":{"origin":3991,"position":1},"title":"Spazzola Cocco con Manico per Spazzolatura a Secco","author":"Olga","date":"1 March 2023","format":false,"excerpt":"Spazzola Cocco Dura con manico per Spazzolatura a Secco professionale con fibra di cocco: nitido al tatto, ma delicato sulla struttura della pelle. La fibra qui utilizzata d\u00e0 la sensazione di un forte massaggio, pur essendo cos\u00ec elastica da non esfoliare troppo l'epidermide morta. L'insolita forma a falce rende pi\u00f9\u2026","rel":"","context":"Similar post","block_context":{"text":"Similar post","link":""},"img":{"alt_text":"","src":"https:\/\/i0.wp.com\/ecobiolia.it\/wp-content\/uploads\/2023\/03\/6830.jpg?resize=350%2C200&ssl=1","width":350,"height":200,"srcset":"https:\/\/i0.wp.com\/ecobiolia.it\/wp-content\/uploads\/2023\/03\/6830.jpg?resize=350%2C200&ssl=1 1x, https:\/\/i0.wp.com\/ecobiolia.it\/wp-content\/uploads\/2023\/03\/6830.jpg?resize=525%2C300&ssl=1 1.5x, https:\/\/i0.wp.com\/ecobiolia.it\/wp-content\/uploads\/2023\/03\/6830.jpg?resize=700%2C400&ssl=1 2x, https:\/\/i0.wp.com\/ecobiolia.it\/wp-content\/uploads\/2023\/03\/6830.jpg?resize=1050%2C600&ssl=1 3x, https:\/\/i0.wp.com\/ecobiolia.it\/wp-content\/uploads\/2023\/03\/6830.jpg?resize=1400%2C800&ssl=1 4x"},"classes":[]},{"id":4915,"url":"https:\/\/ecobiolia.it\/en\/product\/spazzola-dura-per-spazzolatura-a-secco-tampico\/","url_meta":{"origin":3991,"position":2},"title":"Spazzola Dura per Spazzolatura a Secco &#8211; Tampico","author":"Olga","date":"1 March 2023","format":false,"excerpt":"Sostituisci i cosmetici chimici e i costosi trattamenti termali con un pennello unico! Realizzato al 100% con piante: struttura in legno di faggio, setole di cactus di agave sono uno strumento completamente naturale per la cura del corpo domestico. Una spazzolatura regolare mantiene la pelle elastica, stimola il sistema immunitario\u2026","rel":"","context":"Similar post","block_context":{"text":"Similar post","link":""},"img":{"alt_text":"","src":"https:\/\/i0.wp.com\/ecobiolia.it\/wp-content\/uploads\/2023\/03\/5240.jpg?resize=350%2C200&ssl=1","width":350,"height":200,"srcset":"https:\/\/i0.wp.com\/ecobiolia.it\/wp-content\/uploads\/2023\/03\/5240.jpg?resize=350%2C200&ssl=1 1x, https:\/\/i0.wp.com\/ecobiolia.it\/wp-content\/uploads\/2023\/03\/5240.jpg?resize=525%2C300&ssl=1 1.5x, https:\/\/i0.wp.com\/ecobiolia.it\/wp-content\/uploads\/2023\/03\/5240.jpg?resize=700%2C400&ssl=1 2x, https:\/\/i0.wp.com\/ecobiolia.it\/wp-content\/uploads\/2023\/03\/5240.jpg?resize=1050%2C600&ssl=1 3x"},"classes":[]},{"id":5015,"url":"https:\/\/ecobiolia.it\/en\/product\/spazzola-cocco-rotonda-per-spazzolatura-a-secco\/","url_meta":{"origin":3991,"position":3},"title":"Spazzola Cocco Rotonda per Spazzolatura a Secco","author":"Olga","date":"1 March 2023","format":false,"excerpt":"Spazzola Cocco Dura Rotonda per Spazzolatura a Secco professionale con fibra di cocco: nitida al tatto, ma delicata sulla struttura della pelle. La fibra qui utilizzata d\u00e0 la sensazione di un forte massaggio, pur essendo cos\u00ec elastica da non esfoliare troppo l'epidermide morta. Il telaio \u00e8 rifinito con un pomello\u2026","rel":"","context":"Similar post","block_context":{"text":"Similar post","link":""},"img":{"alt_text":"","src":"https:\/\/i0.wp.com\/ecobiolia.it\/wp-content\/uploads\/2023\/03\/6792.jpg?resize=350%2C200&ssl=1","width":350,"height":200,"srcset":"https:\/\/i0.wp.com\/ecobiolia.it\/wp-content\/uploads\/2023\/03\/6792.jpg?resize=350%2C200&ssl=1 1x, https:\/\/i0.wp.com\/ecobiolia.it\/wp-content\/uploads\/2023\/03\/6792.jpg?resize=525%2C300&ssl=1 1.5x, https:\/\/i0.wp.com\/ecobiolia.it\/wp-content\/uploads\/2023\/03\/6792.jpg?resize=700%2C400&ssl=1 2x, https:\/\/i0.wp.com\/ecobiolia.it\/wp-content\/uploads\/2023\/03\/6792.jpg?resize=1050%2C600&ssl=1 3x, https:\/\/i0.wp.com\/ecobiolia.it\/wp-content\/uploads\/2023\/03\/6792.jpg?resize=1400%2C800&ssl=1 4x"},"classes":[]},{"id":5607,"url":"https:\/\/ecobiolia.it\/en\/product\/spazzola-per-spazzolatura-a-umido-o-a-secco\/","url_meta":{"origin":3991,"position":4},"title":"Spazzola per Spazzolatura a Umido o a Secco","author":"Olga","date":"5 September 2023","format":false,"excerpt":"Edizione speciale di Spazzola per Spazzolatura a Umido o a Secco utilizzabile in acqua. Puoi usare il pennello in due modi: per la spazzolatura a secco e a umido. L\u2019unico sul mercato. La sua lunghezza perfetta permette di esfoliare efficacemente il corpo, aiutando a liberarsi della pelle morta, rilassare le\u2026","rel":"","context":"Similar post","block_context":{"text":"Similar post","link":""},"img":{"alt_text":"","src":"https:\/\/i0.wp.com\/ecobiolia.it\/wp-content\/uploads\/2023\/09\/5768.jpg?resize=350%2C200&ssl=1","width":350,"height":200,"srcset":"https:\/\/i0.wp.com\/ecobiolia.it\/wp-content\/uploads\/2023\/09\/5768.jpg?resize=350%2C200&ssl=1 1x, https:\/\/i0.wp.com\/ecobiolia.it\/wp-content\/uploads\/2023\/09\/5768.jpg?resize=525%2C300&ssl=1 1.5x, https:\/\/i0.wp.com\/ecobiolia.it\/wp-content\/uploads\/2023\/09\/5768.jpg?resize=700%2C400&ssl=1 2x, https:\/\/i0.wp.com\/ecobiolia.it\/wp-content\/uploads\/2023\/09\/5768.jpg?resize=1050%2C600&ssl=1 3x"},"classes":[]},{"id":1294,"url":"https:\/\/ecobiolia.it\/en\/product\/martini-spazzola-per-la-spazzolatura-a-secco\/","url_meta":{"origin":3991,"position":5},"title":"Martini &#8211; Spazzola per la Spazzolatura a Secco","author":"Olga","date":"27 February 2022","format":false,"excerpt":"La spazzola per la spazzolatura a secco \u00e8 fantastica per un massaggio quotidiano del corpo. La pelle risulter\u00e0 pi\u00f9 morbida e levigata al tatto. rimuove le cellule morte della pelle aumenta la circolazione disintossica riduce la cellulite \u00a0 \u00a0","rel":"","context":"Similar post","block_context":{"text":"Similar post","link":""},"img":{"alt_text":"","src":"https:\/\/i0.wp.com\/ecobiolia.it\/wp-content\/uploads\/2022\/02\/Martini-Spazzola-Bio.jpg?resize=350%2C200&ssl=1","width":350,"height":200,"srcset":"https:\/\/i0.wp.com\/ecobiolia.it\/wp-content\/uploads\/2022\/02\/Martini-Spazzola-Bio.jpg?resize=350%2C200&ssl=1 1x, https:\/\/i0.wp.com\/ecobiolia.it\/wp-content\/uploads\/2022\/02\/Martini-Spazzola-Bio.jpg?resize=525%2C300&ssl=1 1.5x, https:\/\/i0.wp.com\/ecobiolia.it\/wp-content\/uploads\/2022\/02\/Martini-Spazzola-Bio.jpg?resize=700%2C400&ssl=1 2x, https:\/\/i0.wp.com\/ecobiolia.it\/wp-content\/uploads\/2022\/02\/Martini-Spazzola-Bio.jpg?resize=1050%2C600&ssl=1 3x, https:\/\/i0.wp.com\/ecobiolia.it\/wp-content\/uploads\/2022\/02\/Martini-Spazzola-Bio.jpg?resize=1400%2C800&ssl=1 4x"},"classes":[]}],"jetpack_sharing_enabled":true,"_links":{"self":[{"href":"https:\/\/ecobiolia.it\/en\/wp-json\/wp\/v2\/product\/3991","targetHints":{"allow":["GET"]}}],"collection":[{"href":"https:\/\/ecobiolia.it\/en\/wp-json\/wp\/v2\/product"}],"about":[{"href":"https:\/\/ecobiolia.it\/en\/wp-json\/wp\/v2\/types\/product"}],"replies":[{"embeddable":true,"href":"https:\/\/ecobiolia.it\/en\/wp-json\/wp\/v2\/comments?post=3991"}],"version-history":[{"count":1,"href":"https:\/\/ecobiolia.it\/en\/wp-json\/wp\/v2\/product\/3991\/revisions"}],"predecessor-version":[{"id":6414,"href":"https:\/\/ecobiolia.it\/en\/wp-json\/wp\/v2\/product\/3991\/revisions\/6414"}],"wp:featuredmedia":[{"embeddable":true,"href":"https:\/\/ecobiolia.it\/en\/wp-json\/wp\/v2\/media\/4009"}],"wp:attachment":[{"href":"https:\/\/ecobiolia.it\/en\/wp-json\/wp\/v2\/media?parent=3991"}],"wp:term":[{"taxonomy":"product_brand","embeddable":true,"href":"https:\/\/ecobiolia.it\/en\/wp-json\/wp\/v2\/product_brand?post=3991"},{"taxonomy":"product_cat","embeddable":true,"href":"https:\/\/ecobiolia.it\/en\/wp-json\/wp\/v2\/product_cat?post=3991"},{"taxonomy":"product_tag","embeddable":true,"href":"https:\/\/ecobiolia.it\/en\/wp-json\/wp\/v2\/product_tag?post=3991"}],"curies":[{"name":"wp","href":"https:\/\/api.w.org\/{rel}","templated":true}]}}