{"id":3914,"date":"2022-08-05T07:03:11","date_gmt":"2022-08-05T07:03:11","guid":{"rendered":"https:\/\/ecobiolia.it\/prodotto\/coprimaterasso-impermeabile-per-letto-180x200-cm\/"},"modified":"2025-09-17T12:41:03","modified_gmt":"2025-09-17T12:41:03","slug":"coprimaterasso-impermeabile-antiacaro-matrimoniale","status":"publish","type":"product","link":"https:\/\/ecobiolia.it\/en\/product\/coprimaterasso-impermeabile-antiacaro-matrimoniale\/","title":{"rendered":"Coprimaterasso Impermeabile Antiacaro Matrimoniale"},"content":{"rendered":"<div class=\"product-single__description rte\">\n<p><span class=\"HwtZe\" lang=\"it\"><span class=\"jCAhz ChMk0b\"><span class=\"ryNqvb\"><em><strong>Caratteristiche<\/strong><\/em> del Coprimaterasso Impermeabile Antiacaro Matrimoniale<\/span><\/span><\/span>:<\/p>\n<table>\n<tbody>\n<tr>\n<td>\n<ul>\n<li aria-level=\"1\">Protegge il materasso dai liquidi<\/li>\n<li aria-level=\"1\"><i>Blocca acari e batteri che causano asma, eczema o allergie varie.\u00a0<\/i><\/li>\n<li aria-level=\"1\">Traspirante<\/li>\n<li aria-level=\"1\">Non frusciante<\/li>\n<li aria-level=\"1\">Morbidissimo al tatto<\/li>\n<li aria-level=\"1\">Lavabile con le temperature fino a 90 gradi Celsius<\/li>\n<\/ul>\n<\/td>\n<\/tr>\n<\/tbody>\n<\/table>\n<p><em><strong><span class=\"HwtZe\" lang=\"it\"><span class=\"jCAhz ChMk0b\"><span class=\"ryNqvb\">Specifiche<\/span><\/span><\/span><\/strong><\/em><\/p>\n<p>Coprimaterasso Impermeabile Antiacaro Matrimoniale viene messo sul materasso usando elastici, con il lato morbido verso l\u2019alto.<\/p>\n<p>Occupa poco spazio dopo il piegamento.<\/p>\n<p>Mantiene le propriet\u00e0 fino a 100 cicli di lavaggio a temperature fino a 40 gradi Celsius. Tessuto tecnico<\/p>\n<p>Dimensioni: 160\u00d7200 cm, 180\u00d7200 cm, 200\u00d7200 cm<\/p>\n<p><strong>Prodotto di qualit\u00e0 superiore \u2013 NON \u00e8 una cerata.<\/strong> Respira e traspira l\u2019aria.<\/p>\n<p>Composizione:<\/p>\n<p><span class=\"tlid-translation translation\"><span title=\"\">Membrana \u2013 100% poliuretano<\/span><\/span><\/p>\n<p>Flanella \u2013 100% poliestere.<\/p>\n<p><strong>100% MADE IN EU.<\/strong><\/p>\n<\/div>","protected":false},"excerpt":{"rendered":"<div class=\"trade-detail-timeline-item-title\">\n<div class=\"woocommerce-product-details__short-description\">\n<div class=\"trade-detail-timeline-item-title\">\n<p>Proteggi il tuo materasso non solo dai liquidi. <span class=\"tlid-translation translation\"><span title=\"\"><em>B<span class=\"VIiyi\" lang=\"it\"><span class=\"JLqJ4b ChMk0b\" data-language-for-alternatives=\"it\" data-language-to-translate-into=\"pl\" data-phrase-index=\"1\" data-number-of-phrases=\"11\"><span class=\"Q4iAWc\">locca acari e batteri che causano asma, eczema o allergie varie con il Coprimaterasso Impermeabile Antiacaro Matrimoniale.\u00a0 <\/span><\/span><\/span><\/em><\/span><\/span>Qualit\u00e0 eccezionale \ud83d\ude03<\/p>\n<p>Proteggi ambiente! &#8211; Lavabile e riutilizzabile \ud83c\udf0d<\/p>\n<p><span class=\"tlid-translation translation\"><span title=\"\">Morbidissimo al tatto. Non scricchiola e non emette i suoni strani al contatto con il corpo come altri prodotti simili disponibili in commercio. Il materiale \u00e8 utilizzato nei migliori ospedali come dispositivo medico.<\/span><\/span><\/p>\n<p><span class=\"VIiyi\" lang=\"it\"><span class=\"JLqJ4b ChMk0b\" data-language-for-alternatives=\"it\" data-language-to-translate-into=\"en\" data-phrase-index=\"5\" data-number-of-phrases=\"6\"><span class=\"Q4iAWc\"><span lang=\"it\" xml:lang=\"it\">\u00a0<\/span><\/span><\/span><\/span><\/p>\n<\/div>\n<div class=\"trade-detail-timeline-item-time\">\n<p>&nbsp;<\/p>\n<\/div>\n<\/div>\n<p><span class=\"VIiyi\" lang=\"it\"><span class=\"JLqJ4b ChMk0b\" data-language-for-alternatives=\"it\" data-language-to-translate-into=\"en\" data-phrase-index=\"0\" data-number-of-phrases=\"6\"><span class=\"Q4iAWc\">\u00a0<\/span><\/span><\/span><\/p>\n<\/div>\n<div class=\"trade-detail-timeline-item-time\">\n<p>&nbsp;<\/p>\n<\/div>","protected":false},"featured_media":3829,"comment_status":"open","ping_status":"closed","template":"","meta":[],"product_brand":[],"product_cat":[104,292,81],"product_tag":[],"class_list":{"0":"post-3914","1":"product","2":"type-product","3":"status-publish","4":"has-post-thumbnail","6":"product_cat-coprimaterasso-impermeabile","7":"product_cat-coprimaterasso-impermeabile-reutilizzabile","8":"product_cat-nanna","10":"first","11":"instock","12":"taxable","13":"shipping-taxable","14":"purchasable","15":"product-type-variable"},"yoast_head":"<!-- This site is optimized with the Yoast SEO plugin v27.3 - https:\/\/yoast.com\/product\/yoast-seo-wordpress\/ -->\n<title>Coprimaterasso Impermeabile Antiacaro Matrimoniale - EcoBiOlia<\/title>\n<meta name=\"description\" content=\"Proteggi il tuo materasso dai liquidi, acari e batteri che causano asma, eczema o allergie varie con il Coprimaterasso Impermeabile Antiacaro Matrimoniale.\" \/>\n<meta name=\"robots\" content=\"index, follow, max-snippet:-1, max-image-preview:large, max-video-preview:-1\" \/>\n<link rel=\"canonical\" href=\"https:\/\/ecobiolia.it\/en\/product\/coprimaterasso-impermeabile-antiacaro-matrimoniale\/\" \/>\n<meta property=\"og:locale\" content=\"en_GB\" \/>\n<meta property=\"og:type\" content=\"article\" \/>\n<meta property=\"og:title\" content=\"Coprimaterasso Impermeabile Antiacaro Matrimoniale - EcoBiOlia\" \/>\n<meta property=\"og:description\" content=\"Proteggi il tuo materasso dai liquidi, acari e batteri che causano asma, eczema o allergie varie con il Coprimaterasso Impermeabile Antiacaro Matrimoniale.\" \/>\n<meta property=\"og:url\" content=\"https:\/\/ecobiolia.it\/en\/product\/coprimaterasso-impermeabile-antiacaro-matrimoniale\/\" \/>\n<meta property=\"og:site_name\" content=\"EcoBiOlia\" \/>\n<meta property=\"article:modified_time\" content=\"2025-09-17T12:41:03+00:00\" \/>\n<meta property=\"og:image\" content=\"https:\/\/ecobiolia.it\/wp-content\/uploads\/2022\/08\/8617.jpg\" \/>\n\t<meta property=\"og:image:width\" content=\"1600\" \/>\n\t<meta property=\"og:image:height\" content=\"1423\" \/>\n\t<meta property=\"og:image:type\" content=\"image\/jpeg\" \/>\n<meta name=\"twitter:card\" content=\"summary_large_image\" \/>\n<meta name=\"twitter:label1\" content=\"Estimated reading time\" \/>\n\t<meta name=\"twitter:data1\" content=\"1 minute\" \/>\n<script type=\"application\/ld+json\" class=\"yoast-schema-graph\">{\"@context\":\"https:\\\/\\\/schema.org\",\"@graph\":[{\"@type\":\"WebPage\",\"@id\":\"https:\\\/\\\/ecobiolia.it\\\/prodotto\\\/coprimaterasso-impermeabile-antiacaro-matrimoniale\\\/\",\"url\":\"https:\\\/\\\/ecobiolia.it\\\/prodotto\\\/coprimaterasso-impermeabile-antiacaro-matrimoniale\\\/\",\"name\":\"Coprimaterasso Impermeabile Antiacaro Matrimoniale - EcoBiOlia\",\"isPartOf\":{\"@id\":\"https:\\\/\\\/ecobiolia.it\\\/it_it\\\/#website\"},\"primaryImageOfPage\":{\"@id\":\"https:\\\/\\\/ecobiolia.it\\\/prodotto\\\/coprimaterasso-impermeabile-antiacaro-matrimoniale\\\/#primaryimage\"},\"image\":{\"@id\":\"https:\\\/\\\/ecobiolia.it\\\/prodotto\\\/coprimaterasso-impermeabile-antiacaro-matrimoniale\\\/#primaryimage\"},\"thumbnailUrl\":\"https:\\\/\\\/ecobiolia.it\\\/wp-content\\\/uploads\\\/2022\\\/08\\\/8617.jpg\",\"datePublished\":\"2022-08-05T07:03:11+00:00\",\"dateModified\":\"2025-09-17T12:41:03+00:00\",\"description\":\"Proteggi il tuo materasso dai liquidi, acari e batteri che causano asma, eczema o allergie varie con il Coprimaterasso Impermeabile Antiacaro Matrimoniale.\",\"breadcrumb\":{\"@id\":\"https:\\\/\\\/ecobiolia.it\\\/prodotto\\\/coprimaterasso-impermeabile-antiacaro-matrimoniale\\\/#breadcrumb\"},\"inLanguage\":\"en-GB\",\"potentialAction\":[{\"@type\":\"ReadAction\",\"target\":[\"https:\\\/\\\/ecobiolia.it\\\/prodotto\\\/coprimaterasso-impermeabile-antiacaro-matrimoniale\\\/\"]}]},{\"@type\":\"ImageObject\",\"inLanguage\":\"en-GB\",\"@id\":\"https:\\\/\\\/ecobiolia.it\\\/prodotto\\\/coprimaterasso-impermeabile-antiacaro-matrimoniale\\\/#primaryimage\",\"url\":\"https:\\\/\\\/ecobiolia.it\\\/wp-content\\\/uploads\\\/2022\\\/08\\\/8617.jpg\",\"contentUrl\":\"https:\\\/\\\/ecobiolia.it\\\/wp-content\\\/uploads\\\/2022\\\/08\\\/8617.jpg\",\"width\":1600,\"height\":1423},{\"@type\":\"BreadcrumbList\",\"@id\":\"https:\\\/\\\/ecobiolia.it\\\/prodotto\\\/coprimaterasso-impermeabile-antiacaro-matrimoniale\\\/#breadcrumb\",\"itemListElement\":[{\"@type\":\"ListItem\",\"position\":1,\"name\":\"Home\",\"item\":\"https:\\\/\\\/ecobiolia.it\\\/\"},{\"@type\":\"ListItem\",\"position\":2,\"name\":\"Negozio\",\"item\":\"https:\\\/\\\/ecobiolia.it\\\/negozio\\\/\"},{\"@type\":\"ListItem\",\"position\":3,\"name\":\"Coprimaterasso Impermeabile Antiacaro Matrimoniale\"}]},{\"@type\":\"WebSite\",\"@id\":\"https:\\\/\\\/ecobiolia.it\\\/it_it\\\/#website\",\"url\":\"https:\\\/\\\/ecobiolia.it\\\/it_it\\\/\",\"name\":\"EcoBiOlia\",\"description\":\"Negozio Ecologico per Bambini e Adulti\",\"publisher\":{\"@id\":\"https:\\\/\\\/ecobiolia.it\\\/it_it\\\/#organization\"},\"potentialAction\":[{\"@type\":\"SearchAction\",\"target\":{\"@type\":\"EntryPoint\",\"urlTemplate\":\"https:\\\/\\\/ecobiolia.it\\\/it_it\\\/?s={search_term_string}\"},\"query-input\":{\"@type\":\"PropertyValueSpecification\",\"valueRequired\":true,\"valueName\":\"search_term_string\"}}],\"inLanguage\":\"en-GB\"},{\"@type\":\"Organization\",\"@id\":\"https:\\\/\\\/ecobiolia.it\\\/it_it\\\/#organization\",\"name\":\"EcoBiOlia\",\"url\":\"https:\\\/\\\/ecobiolia.it\\\/it_it\\\/\",\"logo\":{\"@type\":\"ImageObject\",\"inLanguage\":\"en-GB\",\"@id\":\"https:\\\/\\\/ecobiolia.it\\\/it_it\\\/#\\\/schema\\\/logo\\\/image\\\/\",\"url\":\"https:\\\/\\\/ecobiolia.it\\\/wp-content\\\/uploads\\\/2022\\\/04\\\/EcoBiOlia-Logo.png\",\"contentUrl\":\"https:\\\/\\\/ecobiolia.it\\\/wp-content\\\/uploads\\\/2022\\\/04\\\/EcoBiOlia-Logo.png\",\"width\":1772,\"height\":944,\"caption\":\"EcoBiOlia\"},\"image\":{\"@id\":\"https:\\\/\\\/ecobiolia.it\\\/it_it\\\/#\\\/schema\\\/logo\\\/image\\\/\"}}]}<\/script>\n<!-- \/ Yoast SEO plugin. -->","yoast_head_json":{"title":"Coprimaterasso Impermeabile Antiacaro Matrimoniale - EcoBiOlia","description":"Proteggi il tuo materasso dai liquidi, acari e batteri che causano asma, eczema o allergie varie con il Coprimaterasso Impermeabile Antiacaro Matrimoniale.","robots":{"index":"index","follow":"follow","max-snippet":"max-snippet:-1","max-image-preview":"max-image-preview:large","max-video-preview":"max-video-preview:-1"},"canonical":"https:\/\/ecobiolia.it\/en\/product\/coprimaterasso-impermeabile-antiacaro-matrimoniale\/","og_locale":"en_GB","og_type":"article","og_title":"Coprimaterasso Impermeabile Antiacaro Matrimoniale - EcoBiOlia","og_description":"Proteggi il tuo materasso dai liquidi, acari e batteri che causano asma, eczema o allergie varie con il Coprimaterasso Impermeabile Antiacaro Matrimoniale.","og_url":"https:\/\/ecobiolia.it\/en\/product\/coprimaterasso-impermeabile-antiacaro-matrimoniale\/","og_site_name":"EcoBiOlia","article_modified_time":"2025-09-17T12:41:03+00:00","og_image":[{"width":1600,"height":1423,"url":"https:\/\/ecobiolia.it\/wp-content\/uploads\/2022\/08\/8617.jpg","type":"image\/jpeg"}],"twitter_card":"summary_large_image","twitter_misc":{"Estimated reading time":"1 minute"},"schema":{"@context":"https:\/\/schema.org","@graph":[{"@type":"WebPage","@id":"https:\/\/ecobiolia.it\/prodotto\/coprimaterasso-impermeabile-antiacaro-matrimoniale\/","url":"https:\/\/ecobiolia.it\/prodotto\/coprimaterasso-impermeabile-antiacaro-matrimoniale\/","name":"Coprimaterasso Impermeabile Antiacaro Matrimoniale - EcoBiOlia","isPartOf":{"@id":"https:\/\/ecobiolia.it\/it_it\/#website"},"primaryImageOfPage":{"@id":"https:\/\/ecobiolia.it\/prodotto\/coprimaterasso-impermeabile-antiacaro-matrimoniale\/#primaryimage"},"image":{"@id":"https:\/\/ecobiolia.it\/prodotto\/coprimaterasso-impermeabile-antiacaro-matrimoniale\/#primaryimage"},"thumbnailUrl":"https:\/\/ecobiolia.it\/wp-content\/uploads\/2022\/08\/8617.jpg","datePublished":"2022-08-05T07:03:11+00:00","dateModified":"2025-09-17T12:41:03+00:00","description":"Proteggi il tuo materasso dai liquidi, acari e batteri che causano asma, eczema o allergie varie con il Coprimaterasso Impermeabile Antiacaro Matrimoniale.","breadcrumb":{"@id":"https:\/\/ecobiolia.it\/prodotto\/coprimaterasso-impermeabile-antiacaro-matrimoniale\/#breadcrumb"},"inLanguage":"en-GB","potentialAction":[{"@type":"ReadAction","target":["https:\/\/ecobiolia.it\/prodotto\/coprimaterasso-impermeabile-antiacaro-matrimoniale\/"]}]},{"@type":"ImageObject","inLanguage":"en-GB","@id":"https:\/\/ecobiolia.it\/prodotto\/coprimaterasso-impermeabile-antiacaro-matrimoniale\/#primaryimage","url":"https:\/\/ecobiolia.it\/wp-content\/uploads\/2022\/08\/8617.jpg","contentUrl":"https:\/\/ecobiolia.it\/wp-content\/uploads\/2022\/08\/8617.jpg","width":1600,"height":1423},{"@type":"BreadcrumbList","@id":"https:\/\/ecobiolia.it\/prodotto\/coprimaterasso-impermeabile-antiacaro-matrimoniale\/#breadcrumb","itemListElement":[{"@type":"ListItem","position":1,"name":"Home","item":"https:\/\/ecobiolia.it\/"},{"@type":"ListItem","position":2,"name":"Negozio","item":"https:\/\/ecobiolia.it\/negozio\/"},{"@type":"ListItem","position":3,"name":"Coprimaterasso Impermeabile Antiacaro Matrimoniale"}]},{"@type":"WebSite","@id":"https:\/\/ecobiolia.it\/it_it\/#website","url":"https:\/\/ecobiolia.it\/it_it\/","name":"EcoBiOlia","description":"Negozio Ecologico per Bambini e Adulti","publisher":{"@id":"https:\/\/ecobiolia.it\/it_it\/#organization"},"potentialAction":[{"@type":"SearchAction","target":{"@type":"EntryPoint","urlTemplate":"https:\/\/ecobiolia.it\/it_it\/?s={search_term_string}"},"query-input":{"@type":"PropertyValueSpecification","valueRequired":true,"valueName":"search_term_string"}}],"inLanguage":"en-GB"},{"@type":"Organization","@id":"https:\/\/ecobiolia.it\/it_it\/#organization","name":"EcoBiOlia","url":"https:\/\/ecobiolia.it\/it_it\/","logo":{"@type":"ImageObject","inLanguage":"en-GB","@id":"https:\/\/ecobiolia.it\/it_it\/#\/schema\/logo\/image\/","url":"https:\/\/ecobiolia.it\/wp-content\/uploads\/2022\/04\/EcoBiOlia-Logo.png","contentUrl":"https:\/\/ecobiolia.it\/wp-content\/uploads\/2022\/04\/EcoBiOlia-Logo.png","width":1772,"height":944,"caption":"EcoBiOlia"},"image":{"@id":"https:\/\/ecobiolia.it\/it_it\/#\/schema\/logo\/image\/"}}]}},"jetpack-related-posts":[{"id":3912,"url":"https:\/\/ecobiolia.it\/en\/product\/coprimaterasso-impermeabile-antiacaro-per-lettino\/","url_meta":{"origin":3914,"position":0},"title":"Coprimaterasso Impermeabile Antiacaro per Lettino","author":"Olga","date":"5 August 2022","format":false,"excerpt":"Proteggi il materasso non solo dai liquidi. Blocca acari e batteri che causano asma, eczema o allergie varie con il Coprimaterasso Impermeabile Antiacaro per lettino.\u00a0 Qualit\u00e0 eccezionale \ud83d\ude03 Proteggi ambiente! - Lavabile e riutilizzabile \ud83c\udf0d Morbidissimo al tatto. Non scricchiola e non emette i suoni strani al contatto con il\u2026","rel":"","context":"Similar post","block_context":{"text":"Similar post","link":""},"img":{"alt_text":"Coprimaterasso Impermeabile Antiacaro per lettino","src":"https:\/\/i0.wp.com\/ecobiolia.it\/wp-content\/uploads\/2022\/08\/8615-1.jpg?resize=350%2C200&ssl=1","width":350,"height":200,"srcset":"https:\/\/i0.wp.com\/ecobiolia.it\/wp-content\/uploads\/2022\/08\/8615-1.jpg?resize=350%2C200&ssl=1 1x, https:\/\/i0.wp.com\/ecobiolia.it\/wp-content\/uploads\/2022\/08\/8615-1.jpg?resize=525%2C300&ssl=1 1.5x, https:\/\/i0.wp.com\/ecobiolia.it\/wp-content\/uploads\/2022\/08\/8615-1.jpg?resize=700%2C400&ssl=1 2x, https:\/\/i0.wp.com\/ecobiolia.it\/wp-content\/uploads\/2022\/08\/8615-1.jpg?resize=1050%2C600&ssl=1 3x, https:\/\/i0.wp.com\/ecobiolia.it\/wp-content\/uploads\/2022\/08\/8615-1.jpg?resize=1400%2C800&ssl=1 4x"},"classes":[]},{"id":3831,"url":"https:\/\/ecobiolia.it\/en\/product\/coprimaterasso-impermeabile-antiacaro-singolo-letto-90x200-cm\/","url_meta":{"origin":3914,"position":1},"title":"Coprimaterasso Impermeabile Antiacaro Singolo Letto &#8211; 90&#215;200 cm","author":"Olga","date":"5 August 2022","format":false,"excerpt":"Proteggi il materasso non solo dai liquidi. Blocca acari e batteri che causano asma, eczema o allergie varie con il Coprimaterasso Impermeabile Antiacaro per letto singolo.\u00a0 Qualit\u00e0 eccezionale \ud83d\ude03 Proteggi ambiente! - Lavabile e riutilizzabile \ud83c\udf0d Morbidissimo al tatto. Non scricchiola e non emette i suoni strani al contatto con\u2026","rel":"","context":"Similar post","block_context":{"text":"Similar post","link":""},"img":{"alt_text":"","src":"https:\/\/i0.wp.com\/ecobiolia.it\/wp-content\/uploads\/2022\/08\/8617.jpg?resize=350%2C200&ssl=1","width":350,"height":200,"srcset":"https:\/\/i0.wp.com\/ecobiolia.it\/wp-content\/uploads\/2022\/08\/8617.jpg?resize=350%2C200&ssl=1 1x, https:\/\/i0.wp.com\/ecobiolia.it\/wp-content\/uploads\/2022\/08\/8617.jpg?resize=525%2C300&ssl=1 1.5x, https:\/\/i0.wp.com\/ecobiolia.it\/wp-content\/uploads\/2022\/08\/8617.jpg?resize=700%2C400&ssl=1 2x, https:\/\/i0.wp.com\/ecobiolia.it\/wp-content\/uploads\/2022\/08\/8617.jpg?resize=1050%2C600&ssl=1 3x, https:\/\/i0.wp.com\/ecobiolia.it\/wp-content\/uploads\/2022\/08\/8617.jpg?resize=1400%2C800&ssl=1 4x"},"classes":[]},{"id":2834,"url":"https:\/\/ecobiolia.it\/en\/product\/coprimaterasso-impermeabile-per-culla-carrozzina\/","url_meta":{"origin":3914,"position":2},"title":"Coprimaterasso Impermeabile per Culla, Carrozzina","author":"Olga","date":"3 July 2022","format":false,"excerpt":"Coprimaterasso Impermeabile per Culla, Carrozzina \u00e8 insostituibile a casa e in viaggio. Protegge il materasso dai liquidi. Impermeabile, traspirante, resistente ai batteri e virus. Morbidissimo al tatto. Non scricchiola e non emette i suoni strani al contatto con il corpo come altri prodotti simili disponibili in commercio. Il coprimaterasso impedisce\u2026","rel":"","context":"Similar post","block_context":{"text":"Similar post","link":""},"img":{"alt_text":"","src":"https:\/\/i0.wp.com\/ecobiolia.it\/wp-content\/uploads\/2022\/07\/Coprimatrassino.jpg?resize=350%2C200&ssl=1","width":350,"height":200,"srcset":"https:\/\/i0.wp.com\/ecobiolia.it\/wp-content\/uploads\/2022\/07\/Coprimatrassino.jpg?resize=350%2C200&ssl=1 1x, https:\/\/i0.wp.com\/ecobiolia.it\/wp-content\/uploads\/2022\/07\/Coprimatrassino.jpg?resize=525%2C300&ssl=1 1.5x, https:\/\/i0.wp.com\/ecobiolia.it\/wp-content\/uploads\/2022\/07\/Coprimatrassino.jpg?resize=700%2C400&ssl=1 2x, https:\/\/i0.wp.com\/ecobiolia.it\/wp-content\/uploads\/2022\/07\/Coprimatrassino.jpg?resize=1050%2C600&ssl=1 3x"},"classes":[]},{"id":3688,"url":"https:\/\/ecobiolia.it\/en\/product\/coprifasciatoio-impermeabile-50x70-cm\/","url_meta":{"origin":3914,"position":3},"title":"Coprifasciatoio Impermeabile 50\u00d770 cm","author":"Olga","date":"5 August 2022","format":false,"excerpt":"Coprifasciatoio Impermeabile protegge dai liquidi e morbidissimo al tatto Impermeabile, traspirante, resistente ai batteri e virus. Non scricchiola e non emette i suoni strani al contatto con il corpo come altri prodotti simili disponibili in commercio. Il coprimaterasso impedisce la propagazione dei microbi, acari e batteri che causano asma, eczema\u2026","rel":"","context":"Similar post","block_context":{"text":"Similar post","link":""},"img":{"alt_text":"","src":"https:\/\/i0.wp.com\/ecobiolia.it\/wp-content\/uploads\/2022\/08\/Culla-1.jpg?resize=350%2C200&ssl=1","width":350,"height":200},"classes":[]},{"id":5114,"url":"https:\/\/ecobiolia.it\/en\/product\/riduttore-nido-per-culla-lettino\/","url_meta":{"origin":3914,"position":4},"title":"Riduttore Nido per Culla Lettino","author":"Olga","date":"2 March 2023","format":false,"excerpt":"Riduttore Nido per Culla e Lettino per un bambino in filato di cotone naturale e arioso. Taglia perfetta dalla nascita fino a circa un anno. Grazie alla rilegatura, puoi stringere i lati insieme o allargarli, aprendo e dispiegando completamente il nido. Ci\u00f2 consente di adattare la taglia alla taglia e\u2026","rel":"","context":"Similar post","block_context":{"text":"Similar post","link":""},"img":{"alt_text":"","src":"https:\/\/i0.wp.com\/ecobiolia.it\/wp-content\/uploads\/2023\/03\/7888.jpg?resize=350%2C200&ssl=1","width":350,"height":200,"srcset":"https:\/\/i0.wp.com\/ecobiolia.it\/wp-content\/uploads\/2023\/03\/7888.jpg?resize=350%2C200&ssl=1 1x, https:\/\/i0.wp.com\/ecobiolia.it\/wp-content\/uploads\/2023\/03\/7888.jpg?resize=525%2C300&ssl=1 1.5x, https:\/\/i0.wp.com\/ecobiolia.it\/wp-content\/uploads\/2023\/03\/7888.jpg?resize=700%2C400&ssl=1 2x, https:\/\/i0.wp.com\/ecobiolia.it\/wp-content\/uploads\/2023\/03\/7888.jpg?resize=1050%2C600&ssl=1 3x"},"classes":[]},{"id":1105,"url":"https:\/\/ecobiolia.it\/en\/product\/bamboolik-cover-copripannolino-impermeabile-lavabile\/","url_meta":{"origin":3914,"position":5},"title":"Bamboolik - Nappy Cover Washable and Waterproof.","author":"Olga","date":"8 February 2022","format":false,"excerpt":"Cover Copripannolino Impermeabile Lavabile \u2014 strato impermeabile per pannolini di stoffa che trattiene i liquidi in modo sicuro. Chiusura con Bottoncini e a Strappo.","rel":"","context":"Similar post","block_context":{"text":"Similar post","link":""},"img":{"alt_text":"","src":"https:\/\/i0.wp.com\/ecobiolia.it\/wp-content\/uploads\/2022\/02\/Bamboolik-Cover-Strappo-Bottoni.jpg?resize=350%2C200&ssl=1","width":350,"height":200,"srcset":"https:\/\/i0.wp.com\/ecobiolia.it\/wp-content\/uploads\/2022\/02\/Bamboolik-Cover-Strappo-Bottoni.jpg?resize=350%2C200&ssl=1 1x, https:\/\/i0.wp.com\/ecobiolia.it\/wp-content\/uploads\/2022\/02\/Bamboolik-Cover-Strappo-Bottoni.jpg?resize=525%2C300&ssl=1 1.5x, https:\/\/i0.wp.com\/ecobiolia.it\/wp-content\/uploads\/2022\/02\/Bamboolik-Cover-Strappo-Bottoni.jpg?resize=700%2C400&ssl=1 2x, https:\/\/i0.wp.com\/ecobiolia.it\/wp-content\/uploads\/2022\/02\/Bamboolik-Cover-Strappo-Bottoni.jpg?resize=1050%2C600&ssl=1 3x, https:\/\/i0.wp.com\/ecobiolia.it\/wp-content\/uploads\/2022\/02\/Bamboolik-Cover-Strappo-Bottoni.jpg?resize=1400%2C800&ssl=1 4x"},"classes":[]}],"jetpack_sharing_enabled":true,"_links":{"self":[{"href":"https:\/\/ecobiolia.it\/en\/wp-json\/wp\/v2\/product\/3914","targetHints":{"allow":["GET"]}}],"collection":[{"href":"https:\/\/ecobiolia.it\/en\/wp-json\/wp\/v2\/product"}],"about":[{"href":"https:\/\/ecobiolia.it\/en\/wp-json\/wp\/v2\/types\/product"}],"replies":[{"embeddable":true,"href":"https:\/\/ecobiolia.it\/en\/wp-json\/wp\/v2\/comments?post=3914"}],"version-history":[{"count":2,"href":"https:\/\/ecobiolia.it\/en\/wp-json\/wp\/v2\/product\/3914\/revisions"}],"predecessor-version":[{"id":6479,"href":"https:\/\/ecobiolia.it\/en\/wp-json\/wp\/v2\/product\/3914\/revisions\/6479"}],"wp:featuredmedia":[{"embeddable":true,"href":"https:\/\/ecobiolia.it\/en\/wp-json\/wp\/v2\/media\/3829"}],"wp:attachment":[{"href":"https:\/\/ecobiolia.it\/en\/wp-json\/wp\/v2\/media?parent=3914"}],"wp:term":[{"taxonomy":"product_brand","embeddable":true,"href":"https:\/\/ecobiolia.it\/en\/wp-json\/wp\/v2\/product_brand?post=3914"},{"taxonomy":"product_cat","embeddable":true,"href":"https:\/\/ecobiolia.it\/en\/wp-json\/wp\/v2\/product_cat?post=3914"},{"taxonomy":"product_tag","embeddable":true,"href":"https:\/\/ecobiolia.it\/en\/wp-json\/wp\/v2\/product_tag?post=3914"}],"curies":[{"name":"wp","href":"https:\/\/api.w.org\/{rel}","templated":true}]}}