{"id":2691,"date":"2022-07-01T20:42:10","date_gmt":"2022-07-01T20:42:10","guid":{"rendered":"https:\/\/ecobiolia.it\/?post_type=product&#038;p=2691"},"modified":"2025-12-13T16:53:34","modified_gmt":"2025-12-13T16:53:34","slug":"lullalove-coperta-in-lana-merino-di-collezione-premium","status":"publish","type":"product","link":"https:\/\/ecobiolia.it\/en\/product\/lullalove-coperta-in-lana-merino-di-collezione-premium\/","title":{"rendered":"Coperta in Lana Merino della Collezione Premium"},"content":{"rendered":"<p>Lullalove &#8211; Coperta in Lana Merino \u00e8 di una collezione Premium di coperte \u00a0realizzate al 100% in <strong>Lana Merino. <\/strong><\/p>\n<p><span class=\"tlid-translation translation\" lang=\"it\" xml:lang=\"it\">La lana merino <strong>non gratta, non morde<\/strong>. La sua fibra \u00e8 molto pi\u00f9 sottile della normale lana. \u00c8 anche molto elastica. A contatto con la pelle, le fibre non si attaccano ma si piegano. Le squame autopulenti sulla superficie delle fibre le rendono <strong>antibatteriche<\/strong> e non permettono di assorbire gli odori. La lana merino non si sporca come le altre fibre.<\/span><\/p>\n<p>\u00c8 delicata e consigliata anche per i pi\u00f9 <strong>sensibili<\/strong>.<\/p>\n<p>\u00c8 <strong>antiallergica<\/strong>.<\/p>\n<p>Fornisce comfort termico anche in condizioni molto difficili.<\/p>\n<p>Ha una protezione naturale contro lo sporco. <strong>La coperta va lavata raramente.<\/strong><\/p>\n<p>Assorbe l&#8217;umidit\u00e0 e la respinge all&#8217;esterno.<\/p>\n<p>\u00c8 elettrostatica.<\/p>\n<p>Nonostante la trama fitta, la coperta \u00e8 traspirante e sicura durante i primi mesi di vita.<\/p>\n<p>Ricorda anche:<\/p>\n<p>Resistenza al fuoco &#8211; le fibre merino non si sciolgono. \u00c8 un materiale sicuro a bassa infiammabilit\u00e0. In caso di contatto con il fuoco non si scioglier\u00e0 e non si attaccher\u00e0 alla pelle.<\/p>\n<p><strong>Filtro UV naturale<\/strong>: fornisce una protezione solare totale.<\/p>\n<p><strong>Lavaggio:\u00a0<\/strong><\/p>\n<p><span class=\"tlid-translation translation\" lang=\"it\" xml:lang=\"it\">La lana merino <strong>non richiede lavaggi frequenti. Non lavare appena\u00a0acquistata &#8211; non lavare prima di usarla.\u00a0<\/strong><\/span><\/p>\n<p><strong>LAVARE A MANO in acqua fredda o tiepida.\u00a0<\/strong>Utilizza solo <strong>i detergenti delicati per LANA<\/strong>. <strong>NON usare i detergenti per gli indumenti del neonato.<\/strong> Puoi usare il detergente contenente lanolina, indicato per questo tipo di lana.<\/p>\n<p><strong>Non lavare la coperta a meno che non sia necessario.<\/strong> \u00c8 sufficiente ventilarla. Si consiglia il lavaggio solo se molto sporca. La lana merino ha delle <strong>propriet\u00e0 autopulenti.<\/strong> Dopo il lavaggio, squotere la coperta e formarla con le mani.<\/p>\n<p>Asciugare solo in orrizzontale. Non asciugare su una fonte di calore diretta (calorifero, riscaldamento a pavimento).<\/p>\n<p><span class=\"tlid-translation translation\" lang=\"it\" xml:lang=\"it\">Composizione: <strong>100% lana merino certificata The Woolmark Company<\/strong><\/span><\/p>\n<p>Dimensioni: <strong>80&#215;100 cm.<\/strong><\/p>\n<p><strong>100% MADE IN EU.<\/strong><\/p>\n<p><span class=\"tlid-translation translation\" lang=\"it\" xml:lang=\"it\">\u00a0<\/span><\/p>","protected":false},"excerpt":{"rendered":"<p>Lullalove Coperta in Lana Merino \u00e8 di una collezione Premium di coperte \u00a0realizzate al 100% in <strong>Lana Merino. <\/strong><\/p>\n<p><span class=\"tlid-translation translation\" lang=\"it\" xml:lang=\"it\"><br \/>\nUna coperta meravigliosamente <strong>morbida<\/strong>, fatta di lana di pecora della Nuova Zelanda. La lana merino \u00e8 un filato meravigliosamente bello che <strong>non gratta<\/strong> e ha delle <strong>propriet\u00e0 antiallergiche<\/strong>. \u00c8 lo stesso filato che viene usato per produrre la b<span class=\"st\">iancheria intima termica per sciare, escursionismo o alpinismo<\/span>, perch\u00e9 si riscalda anche quando \u00e8 bagnata. <strong>Elimina perfettamente l&#8217;umidit\u00e0<\/strong> e <strong>fornisce calore<\/strong> anche in condizioni molto difficili.<\/span><\/p>\n<p>Migliora la qualit\u00e0 del <strong>sonno del bambino<\/strong>. Il filato di pecora \u00e8 naturale al 100%. Le pecore vengono rasate e la lana viene pulita in modo naturale.<\/p>\n<p>La lana reagisce all&#8217;ambiente circostante e alla temperatura. Quando fa caldo le fibre si espandono e quando fa freddo si restringono. Grazie a questa caratteristica, <strong>l&#8217;isolamento termico \u00e8 perfetto<\/strong>: d&#8217;inverno piacevolmente riscalda, d&#8217;estate protegge dal caldo. La coperta pu\u00f2 essere utilizzata anche durante <strong>t<\/strong> <strong>periodi difficili di gelo, freddo estremo e vento forte<\/strong>.<\/p>\n<p>Il filato \u00e8 certificato da <strong>The Woolmark Company<\/strong>. Ci\u00f2 conferma la sua provenienza e la massima qualit\u00e0. Ti consigliamo di verificare tutte le analisi e i test di filati fatti da questo produttore. La lana ha anche il certificato <strong>Oeko-tex standard 100<\/strong>.<\/p>","protected":false},"featured_media":2708,"comment_status":"open","ping_status":"closed","template":"","meta":[],"product_brand":[],"product_cat":[96,82,48,330,81,44],"product_tag":[],"class_list":{"0":"post-2691","1":"product","2":"type-product","3":"status-publish","4":"has-post-thumbnail","6":"product_cat-coperta-in-lana-merino","7":"product_cat-coperte","8":"product_cat-copertine-neonato","9":"product_cat-lana-merino-premium","10":"product_cat-nanna","11":"product_cat-prodotti-per-infanzia","13":"first","14":"instock","15":"taxable","16":"shipping-taxable","17":"purchasable","18":"product-type-variable"},"yoast_head":"<!-- This site is optimized with the Yoast SEO plugin v27.3 - https:\/\/yoast.com\/product\/yoast-seo-wordpress\/ -->\n<title>Coperta in Lana Merino della Collezione Premium - EcoBiOlia<\/title>\n<meta name=\"description\" content=\"Lullalove Coperta in Lana Merino \u00e8 morbida, resistente, versatile e ha le propriet\u00e0 termiche. Non gratta, non morde.\" \/>\n<meta name=\"robots\" content=\"index, follow, max-snippet:-1, max-image-preview:large, max-video-preview:-1\" \/>\n<link rel=\"canonical\" href=\"https:\/\/ecobiolia.it\/en\/product\/lullalove-coperta-in-lana-merino-di-collezione-premium\/\" \/>\n<meta property=\"og:locale\" content=\"en_GB\" \/>\n<meta property=\"og:type\" content=\"article\" \/>\n<meta property=\"og:title\" content=\"Coperta in Lana Merino della Collezione Premium - EcoBiOlia\" \/>\n<meta property=\"og:description\" content=\"Lullalove Coperta in Lana Merino \u00e8 morbida, resistente, versatile e ha le propriet\u00e0 termiche. Non gratta, non morde.\" \/>\n<meta property=\"og:url\" content=\"https:\/\/ecobiolia.it\/en\/product\/lullalove-coperta-in-lana-merino-di-collezione-premium\/\" \/>\n<meta property=\"og:site_name\" content=\"EcoBiOlia\" \/>\n<meta property=\"article:modified_time\" content=\"2025-12-13T16:53:34+00:00\" \/>\n<meta property=\"og:image\" content=\"https:\/\/ecobiolia.it\/wp-content\/uploads\/2022\/07\/Lullalove-Copertina-Lana-Merino.jpg\" \/>\n\t<meta property=\"og:image:width\" content=\"1622\" \/>\n\t<meta property=\"og:image:height\" content=\"1082\" \/>\n\t<meta property=\"og:image:type\" content=\"image\/jpeg\" \/>\n<meta name=\"twitter:card\" content=\"summary_large_image\" \/>\n<meta name=\"twitter:label1\" content=\"Estimated reading time\" \/>\n\t<meta name=\"twitter:data1\" content=\"2 minutes\" \/>\n<script type=\"application\/ld+json\" class=\"yoast-schema-graph\">{\"@context\":\"https:\\\/\\\/schema.org\",\"@graph\":[{\"@type\":\"WebPage\",\"@id\":\"https:\\\/\\\/ecobiolia.it\\\/prodotto\\\/lullalove-coperta-in-lana-merino-di-collezione-premium\\\/\",\"url\":\"https:\\\/\\\/ecobiolia.it\\\/prodotto\\\/lullalove-coperta-in-lana-merino-di-collezione-premium\\\/\",\"name\":\"Coperta in Lana Merino della Collezione Premium - EcoBiOlia\",\"isPartOf\":{\"@id\":\"https:\\\/\\\/ecobiolia.it\\\/it_it\\\/#website\"},\"primaryImageOfPage\":{\"@id\":\"https:\\\/\\\/ecobiolia.it\\\/prodotto\\\/lullalove-coperta-in-lana-merino-di-collezione-premium\\\/#primaryimage\"},\"image\":{\"@id\":\"https:\\\/\\\/ecobiolia.it\\\/prodotto\\\/lullalove-coperta-in-lana-merino-di-collezione-premium\\\/#primaryimage\"},\"thumbnailUrl\":\"https:\\\/\\\/ecobiolia.it\\\/wp-content\\\/uploads\\\/2022\\\/07\\\/Lullalove-Copertina-Lana-Merino.jpg\",\"datePublished\":\"2022-07-01T20:42:10+00:00\",\"dateModified\":\"2025-12-13T16:53:34+00:00\",\"description\":\"Lullalove Coperta in Lana Merino \u00e8 morbida, resistente, versatile e ha le propriet\u00e0 termiche. Non gratta, non morde.\",\"breadcrumb\":{\"@id\":\"https:\\\/\\\/ecobiolia.it\\\/prodotto\\\/lullalove-coperta-in-lana-merino-di-collezione-premium\\\/#breadcrumb\"},\"inLanguage\":\"en-GB\",\"potentialAction\":[{\"@type\":\"ReadAction\",\"target\":[\"https:\\\/\\\/ecobiolia.it\\\/prodotto\\\/lullalove-coperta-in-lana-merino-di-collezione-premium\\\/\"]}]},{\"@type\":\"ImageObject\",\"inLanguage\":\"en-GB\",\"@id\":\"https:\\\/\\\/ecobiolia.it\\\/prodotto\\\/lullalove-coperta-in-lana-merino-di-collezione-premium\\\/#primaryimage\",\"url\":\"https:\\\/\\\/ecobiolia.it\\\/wp-content\\\/uploads\\\/2022\\\/07\\\/Lullalove-Copertina-Lana-Merino.jpg\",\"contentUrl\":\"https:\\\/\\\/ecobiolia.it\\\/wp-content\\\/uploads\\\/2022\\\/07\\\/Lullalove-Copertina-Lana-Merino.jpg\",\"width\":1622,\"height\":1082},{\"@type\":\"BreadcrumbList\",\"@id\":\"https:\\\/\\\/ecobiolia.it\\\/prodotto\\\/lullalove-coperta-in-lana-merino-di-collezione-premium\\\/#breadcrumb\",\"itemListElement\":[{\"@type\":\"ListItem\",\"position\":1,\"name\":\"Home\",\"item\":\"https:\\\/\\\/ecobiolia.it\\\/\"},{\"@type\":\"ListItem\",\"position\":2,\"name\":\"Negozio\",\"item\":\"https:\\\/\\\/ecobiolia.it\\\/negozio\\\/\"},{\"@type\":\"ListItem\",\"position\":3,\"name\":\"Coperta in Lana Merino della Collezione Premium\"}]},{\"@type\":\"WebSite\",\"@id\":\"https:\\\/\\\/ecobiolia.it\\\/it_it\\\/#website\",\"url\":\"https:\\\/\\\/ecobiolia.it\\\/it_it\\\/\",\"name\":\"EcoBiOlia\",\"description\":\"Negozio Ecologico per Bambini e Adulti\",\"publisher\":{\"@id\":\"https:\\\/\\\/ecobiolia.it\\\/it_it\\\/#organization\"},\"potentialAction\":[{\"@type\":\"SearchAction\",\"target\":{\"@type\":\"EntryPoint\",\"urlTemplate\":\"https:\\\/\\\/ecobiolia.it\\\/it_it\\\/?s={search_term_string}\"},\"query-input\":{\"@type\":\"PropertyValueSpecification\",\"valueRequired\":true,\"valueName\":\"search_term_string\"}}],\"inLanguage\":\"en-GB\"},{\"@type\":\"Organization\",\"@id\":\"https:\\\/\\\/ecobiolia.it\\\/it_it\\\/#organization\",\"name\":\"EcoBiOlia\",\"url\":\"https:\\\/\\\/ecobiolia.it\\\/it_it\\\/\",\"logo\":{\"@type\":\"ImageObject\",\"inLanguage\":\"en-GB\",\"@id\":\"https:\\\/\\\/ecobiolia.it\\\/it_it\\\/#\\\/schema\\\/logo\\\/image\\\/\",\"url\":\"https:\\\/\\\/ecobiolia.it\\\/wp-content\\\/uploads\\\/2022\\\/04\\\/EcoBiOlia-Logo.png\",\"contentUrl\":\"https:\\\/\\\/ecobiolia.it\\\/wp-content\\\/uploads\\\/2022\\\/04\\\/EcoBiOlia-Logo.png\",\"width\":1772,\"height\":944,\"caption\":\"EcoBiOlia\"},\"image\":{\"@id\":\"https:\\\/\\\/ecobiolia.it\\\/it_it\\\/#\\\/schema\\\/logo\\\/image\\\/\"}}]}<\/script>\n<!-- \/ Yoast SEO plugin. -->","yoast_head_json":{"title":"Coperta in Lana Merino della Collezione Premium - EcoBiOlia","description":"Lullalove Coperta in Lana Merino \u00e8 morbida, resistente, versatile e ha le propriet\u00e0 termiche. Non gratta, non morde.","robots":{"index":"index","follow":"follow","max-snippet":"max-snippet:-1","max-image-preview":"max-image-preview:large","max-video-preview":"max-video-preview:-1"},"canonical":"https:\/\/ecobiolia.it\/en\/product\/lullalove-coperta-in-lana-merino-di-collezione-premium\/","og_locale":"en_GB","og_type":"article","og_title":"Coperta in Lana Merino della Collezione Premium - EcoBiOlia","og_description":"Lullalove Coperta in Lana Merino \u00e8 morbida, resistente, versatile e ha le propriet\u00e0 termiche. Non gratta, non morde.","og_url":"https:\/\/ecobiolia.it\/en\/product\/lullalove-coperta-in-lana-merino-di-collezione-premium\/","og_site_name":"EcoBiOlia","article_modified_time":"2025-12-13T16:53:34+00:00","og_image":[{"width":1622,"height":1082,"url":"https:\/\/ecobiolia.it\/wp-content\/uploads\/2022\/07\/Lullalove-Copertina-Lana-Merino.jpg","type":"image\/jpeg"}],"twitter_card":"summary_large_image","twitter_misc":{"Estimated reading time":"2 minutes"},"schema":{"@context":"https:\/\/schema.org","@graph":[{"@type":"WebPage","@id":"https:\/\/ecobiolia.it\/prodotto\/lullalove-coperta-in-lana-merino-di-collezione-premium\/","url":"https:\/\/ecobiolia.it\/prodotto\/lullalove-coperta-in-lana-merino-di-collezione-premium\/","name":"Coperta in Lana Merino della Collezione Premium - EcoBiOlia","isPartOf":{"@id":"https:\/\/ecobiolia.it\/it_it\/#website"},"primaryImageOfPage":{"@id":"https:\/\/ecobiolia.it\/prodotto\/lullalove-coperta-in-lana-merino-di-collezione-premium\/#primaryimage"},"image":{"@id":"https:\/\/ecobiolia.it\/prodotto\/lullalove-coperta-in-lana-merino-di-collezione-premium\/#primaryimage"},"thumbnailUrl":"https:\/\/ecobiolia.it\/wp-content\/uploads\/2022\/07\/Lullalove-Copertina-Lana-Merino.jpg","datePublished":"2022-07-01T20:42:10+00:00","dateModified":"2025-12-13T16:53:34+00:00","description":"Lullalove Coperta in Lana Merino \u00e8 morbida, resistente, versatile e ha le propriet\u00e0 termiche. Non gratta, non morde.","breadcrumb":{"@id":"https:\/\/ecobiolia.it\/prodotto\/lullalove-coperta-in-lana-merino-di-collezione-premium\/#breadcrumb"},"inLanguage":"en-GB","potentialAction":[{"@type":"ReadAction","target":["https:\/\/ecobiolia.it\/prodotto\/lullalove-coperta-in-lana-merino-di-collezione-premium\/"]}]},{"@type":"ImageObject","inLanguage":"en-GB","@id":"https:\/\/ecobiolia.it\/prodotto\/lullalove-coperta-in-lana-merino-di-collezione-premium\/#primaryimage","url":"https:\/\/ecobiolia.it\/wp-content\/uploads\/2022\/07\/Lullalove-Copertina-Lana-Merino.jpg","contentUrl":"https:\/\/ecobiolia.it\/wp-content\/uploads\/2022\/07\/Lullalove-Copertina-Lana-Merino.jpg","width":1622,"height":1082},{"@type":"BreadcrumbList","@id":"https:\/\/ecobiolia.it\/prodotto\/lullalove-coperta-in-lana-merino-di-collezione-premium\/#breadcrumb","itemListElement":[{"@type":"ListItem","position":1,"name":"Home","item":"https:\/\/ecobiolia.it\/"},{"@type":"ListItem","position":2,"name":"Negozio","item":"https:\/\/ecobiolia.it\/negozio\/"},{"@type":"ListItem","position":3,"name":"Coperta in Lana Merino della Collezione Premium"}]},{"@type":"WebSite","@id":"https:\/\/ecobiolia.it\/it_it\/#website","url":"https:\/\/ecobiolia.it\/it_it\/","name":"EcoBiOlia","description":"Negozio Ecologico per Bambini e Adulti","publisher":{"@id":"https:\/\/ecobiolia.it\/it_it\/#organization"},"potentialAction":[{"@type":"SearchAction","target":{"@type":"EntryPoint","urlTemplate":"https:\/\/ecobiolia.it\/it_it\/?s={search_term_string}"},"query-input":{"@type":"PropertyValueSpecification","valueRequired":true,"valueName":"search_term_string"}}],"inLanguage":"en-GB"},{"@type":"Organization","@id":"https:\/\/ecobiolia.it\/it_it\/#organization","name":"EcoBiOlia","url":"https:\/\/ecobiolia.it\/it_it\/","logo":{"@type":"ImageObject","inLanguage":"en-GB","@id":"https:\/\/ecobiolia.it\/it_it\/#\/schema\/logo\/image\/","url":"https:\/\/ecobiolia.it\/wp-content\/uploads\/2022\/04\/EcoBiOlia-Logo.png","contentUrl":"https:\/\/ecobiolia.it\/wp-content\/uploads\/2022\/04\/EcoBiOlia-Logo.png","width":1772,"height":944,"caption":"EcoBiOlia"},"image":{"@id":"https:\/\/ecobiolia.it\/it_it\/#\/schema\/logo\/image\/"}}]}},"jetpack-related-posts":[{"id":2731,"url":"https:\/\/ecobiolia.it\/en\/product\/coperta-avvolgente-in-lana-merino-premium-farfalla\/","url_meta":{"origin":2691,"position":0},"title":"Coperta Avvolgente in Lana Merino Premium Farfalla","author":"Olga","date":"2 July 2022","format":false,"excerpt":"Coperta Avvolgente in Lana Merino Premium Farfalla \u00e8 incredibilmente leggera ed elastica, ideale per avvolgere il tuo bambino in qualsiasi momento dell'anno. Bellissimo intreccio di minuscole ali di farfalla. Grazie alle propriet\u00e0 termoregolatrici della lana, sar\u00e0 perfetta durante l'estate calda e l'autunno freddo. La lana merino non morde n\u00e9 gratta.\u2026","rel":"","context":"Similar post","block_context":{"text":"Similar post","link":""},"img":{"alt_text":"","src":"https:\/\/i0.wp.com\/ecobiolia.it\/wp-content\/uploads\/2022\/07\/Lana-Beige-1.jpg?resize=350%2C200&ssl=1","width":350,"height":200,"srcset":"https:\/\/i0.wp.com\/ecobiolia.it\/wp-content\/uploads\/2022\/07\/Lana-Beige-1.jpg?resize=350%2C200&ssl=1 1x, https:\/\/i0.wp.com\/ecobiolia.it\/wp-content\/uploads\/2022\/07\/Lana-Beige-1.jpg?resize=525%2C300&ssl=1 1.5x, https:\/\/i0.wp.com\/ecobiolia.it\/wp-content\/uploads\/2022\/07\/Lana-Beige-1.jpg?resize=700%2C400&ssl=1 2x, https:\/\/i0.wp.com\/ecobiolia.it\/wp-content\/uploads\/2022\/07\/Lana-Beige-1.jpg?resize=1050%2C600&ssl=1 3x, https:\/\/i0.wp.com\/ecobiolia.it\/wp-content\/uploads\/2022\/07\/Lana-Beige-1.jpg?resize=1400%2C800&ssl=1 4x"},"classes":[]},{"id":4560,"url":"https:\/\/ecobiolia.it\/en\/product\/coperta-in-lana-merino-premium-trama-biscotto\/","url_meta":{"origin":2691,"position":1},"title":"Coperta in Lana Merino Premium Trama Biscotto","author":"Olga","date":"11 November 2022","format":false,"excerpt":"Coperta in Lana Merino PREMIUM, SPESSA, Trama Biscotto \u00e8 molto calda realizzata in 100% lana merino con una trama che fa pensare ai biscotti. La trama centrale \u00e8 racchiusa in un telaio costituito da una treccia piatta. La lana merino non pizzica. \u00c8 considerata una delle materie prime premium pi\u00f9\u2026","rel":"","context":"Similar post","block_context":{"text":"Similar post","link":""},"img":{"alt_text":"","src":"https:\/\/i0.wp.com\/ecobiolia.it\/wp-content\/uploads\/2022\/11\/Coperta-Lana-Merino-Premium-Biscotto-Beige.jpg?resize=350%2C200&ssl=1","width":350,"height":200,"srcset":"https:\/\/i0.wp.com\/ecobiolia.it\/wp-content\/uploads\/2022\/11\/Coperta-Lana-Merino-Premium-Biscotto-Beige.jpg?resize=350%2C200&ssl=1 1x, https:\/\/i0.wp.com\/ecobiolia.it\/wp-content\/uploads\/2022\/11\/Coperta-Lana-Merino-Premium-Biscotto-Beige.jpg?resize=525%2C300&ssl=1 1.5x, https:\/\/i0.wp.com\/ecobiolia.it\/wp-content\/uploads\/2022\/11\/Coperta-Lana-Merino-Premium-Biscotto-Beige.jpg?resize=700%2C400&ssl=1 2x, https:\/\/i0.wp.com\/ecobiolia.it\/wp-content\/uploads\/2022\/11\/Coperta-Lana-Merino-Premium-Biscotto-Beige.jpg?resize=1050%2C600&ssl=1 3x, https:\/\/i0.wp.com\/ecobiolia.it\/wp-content\/uploads\/2022\/11\/Coperta-Lana-Merino-Premium-Biscotto-Beige.jpg?resize=1400%2C800&ssl=1 4x"},"classes":[]},{"id":3902,"url":"https:\/\/ecobiolia.it\/en\/product\/cappello-in-lana-merino-per-bambino-taglia-s-grafite\/","url_meta":{"origin":2691,"position":2},"title":"Cappello in Lana Merino per Bambino Taglia S &#8211; Grafite","author":"Olga","date":"5 August 2022","format":false,"excerpt":"Cappello incredibilmente comodo realizzato in 100% lana merino con il segno The Woolmark Comapny, che ne garantisce la qualit\u00e0, l'origine e la produzione etica. La cuffia aderisce perfettamente alla testa, non sporge, non morde n\u00e9 elettrizza i capelli. La lana merino non provoca allergie. La taglia S \u00e8 adatta a\u2026","rel":"","context":"Similar post","block_context":{"text":"Similar post","link":""},"img":{"alt_text":"","src":"https:\/\/i0.wp.com\/ecobiolia.it\/wp-content\/uploads\/2022\/08\/7802.jpg?resize=350%2C200&ssl=1","width":350,"height":200,"srcset":"https:\/\/i0.wp.com\/ecobiolia.it\/wp-content\/uploads\/2022\/08\/7802.jpg?resize=350%2C200&ssl=1 1x, https:\/\/i0.wp.com\/ecobiolia.it\/wp-content\/uploads\/2022\/08\/7802.jpg?resize=525%2C300&ssl=1 1.5x, https:\/\/i0.wp.com\/ecobiolia.it\/wp-content\/uploads\/2022\/08\/7802.jpg?resize=700%2C400&ssl=1 2x, https:\/\/i0.wp.com\/ecobiolia.it\/wp-content\/uploads\/2022\/08\/7802.jpg?resize=1050%2C600&ssl=1 3x, https:\/\/i0.wp.com\/ecobiolia.it\/wp-content\/uploads\/2022\/08\/7802.jpg?resize=1400%2C800&ssl=1 4x"},"classes":[]},{"id":6141,"url":"https:\/\/ecobiolia.it\/en\/product\/coperta-di-bambu-leggera-per-adulti-coniglietto\/","url_meta":{"origin":2691,"position":3},"title":"Coperta di Bamb\u00f9 Leggera per Adulti &#8211; Coniglietto","author":"Olga","date":"4 July 2024","format":false,"excerpt":"Coperta di Bamb\u00f9 per Adulti Coniglietto \u00e8 estremamente leggera, e allo stesso tempo dotata di comfort termico, una coperta in filato di bamb\u00f9, che \u00e8 disposta in rilievo ... coniglietti!\u00a0Indispensabile per anziani e adulti per garantire comfort durante il sonno nelle notti calde. Avvolge meravigliosamente il corpo con un filato\u2026","rel":"","context":"Similar post","block_context":{"text":"Similar post","link":""},"img":{"alt_text":"","src":"https:\/\/i0.wp.com\/ecobiolia.it\/wp-content\/uploads\/2024\/07\/Coperta-termoregolante-estiva-con-rilievo.jpg?resize=350%2C200&ssl=1","width":350,"height":200,"srcset":"https:\/\/i0.wp.com\/ecobiolia.it\/wp-content\/uploads\/2024\/07\/Coperta-termoregolante-estiva-con-rilievo.jpg?resize=350%2C200&ssl=1 1x, https:\/\/i0.wp.com\/ecobiolia.it\/wp-content\/uploads\/2024\/07\/Coperta-termoregolante-estiva-con-rilievo.jpg?resize=525%2C300&ssl=1 1.5x, https:\/\/i0.wp.com\/ecobiolia.it\/wp-content\/uploads\/2024\/07\/Coperta-termoregolante-estiva-con-rilievo.jpg?resize=700%2C400&ssl=1 2x, https:\/\/i0.wp.com\/ecobiolia.it\/wp-content\/uploads\/2024\/07\/Coperta-termoregolante-estiva-con-rilievo.jpg?resize=1050%2C600&ssl=1 3x, https:\/\/i0.wp.com\/ecobiolia.it\/wp-content\/uploads\/2024\/07\/Coperta-termoregolante-estiva-con-rilievo.jpg?resize=1400%2C800&ssl=1 4x"},"classes":[]},{"id":6316,"url":"https:\/\/ecobiolia.it\/en\/product\/coperta-neonato-termoregolatrice-estiva-coniglietto\/","url_meta":{"origin":2691,"position":4},"title":"Coperta Neonato Termoregolatrice Estiva &#8211; Coniglietto","author":"Olga","date":"25 January 2025","format":false,"excerpt":"Coperta Neonato Termoregolatrice Estiva Coniglietto \u00e8 estremamente leggera, e allo stesso tempo dotata di comfort termico, una coperta in filato di bamb\u00f9, che \u00e8 disposta in rilievo ... coniglietti!\u00a0Indispensabile per anziani e adulti per garantire comfort durante il sonno nelle notti calde. Avvolge meravigliosamente il corpo con un filato fluido.\u2026","rel":"","context":"Similar post","block_context":{"text":"Similar post","link":""},"img":{"alt_text":"","src":"https:\/\/i0.wp.com\/ecobiolia.it\/wp-content\/uploads\/2025\/01\/Coperta-termoregolante-estiva-con-rilievo.png?resize=350%2C200&ssl=1","width":350,"height":200,"srcset":"https:\/\/i0.wp.com\/ecobiolia.it\/wp-content\/uploads\/2025\/01\/Coperta-termoregolante-estiva-con-rilievo.png?resize=350%2C200&ssl=1 1x, https:\/\/i0.wp.com\/ecobiolia.it\/wp-content\/uploads\/2025\/01\/Coperta-termoregolante-estiva-con-rilievo.png?resize=525%2C300&ssl=1 1.5x, https:\/\/i0.wp.com\/ecobiolia.it\/wp-content\/uploads\/2025\/01\/Coperta-termoregolante-estiva-con-rilievo.png?resize=700%2C400&ssl=1 2x, https:\/\/i0.wp.com\/ecobiolia.it\/wp-content\/uploads\/2025\/01\/Coperta-termoregolante-estiva-con-rilievo.png?resize=1050%2C600&ssl=1 3x, https:\/\/i0.wp.com\/ecobiolia.it\/wp-content\/uploads\/2025\/01\/Coperta-termoregolante-estiva-con-rilievo.png?resize=1400%2C800&ssl=1 4x"},"classes":[]},{"id":2551,"url":"https:\/\/ecobiolia.it\/en\/product\/copertina-traforata-estiva-in-bamboo-farfalla\/","url_meta":{"origin":2691,"position":5},"title":"Copertina Traforata Estiva in Bamboo &#8211; Farfalla","author":"Olga","date":"23 June 2022","format":false,"excerpt":"Copertina Traforata Estiva \u00e8 estremamente traspirante ed assolutamente meravigliosa. Realizzata al 100% in viscosa di bamb\u00f9. Una bellissima trama traforata a forma di centinaia di minuscole ali di farfalla. \u00c8 elegante e senza tempo. Fantastica per avvolgere il bambino e come coperta estiva. Leggera, durevole, ipoallergenica, antibatterica, traspirante e resistente\u2026","rel":"","context":"Similar post","block_context":{"text":"Similar post","link":""},"img":{"alt_text":"","src":"https:\/\/i0.wp.com\/ecobiolia.it\/wp-content\/uploads\/2022\/06\/Lullalove-Farfalla.jpg?resize=350%2C200&ssl=1","width":350,"height":200,"srcset":"https:\/\/i0.wp.com\/ecobiolia.it\/wp-content\/uploads\/2022\/06\/Lullalove-Farfalla.jpg?resize=350%2C200&ssl=1 1x, https:\/\/i0.wp.com\/ecobiolia.it\/wp-content\/uploads\/2022\/06\/Lullalove-Farfalla.jpg?resize=525%2C300&ssl=1 1.5x, https:\/\/i0.wp.com\/ecobiolia.it\/wp-content\/uploads\/2022\/06\/Lullalove-Farfalla.jpg?resize=700%2C400&ssl=1 2x, https:\/\/i0.wp.com\/ecobiolia.it\/wp-content\/uploads\/2022\/06\/Lullalove-Farfalla.jpg?resize=1050%2C600&ssl=1 3x, https:\/\/i0.wp.com\/ecobiolia.it\/wp-content\/uploads\/2022\/06\/Lullalove-Farfalla.jpg?resize=1400%2C800&ssl=1 4x"},"classes":[]}],"jetpack_sharing_enabled":true,"_links":{"self":[{"href":"https:\/\/ecobiolia.it\/en\/wp-json\/wp\/v2\/product\/2691","targetHints":{"allow":["GET"]}}],"collection":[{"href":"https:\/\/ecobiolia.it\/en\/wp-json\/wp\/v2\/product"}],"about":[{"href":"https:\/\/ecobiolia.it\/en\/wp-json\/wp\/v2\/types\/product"}],"replies":[{"embeddable":true,"href":"https:\/\/ecobiolia.it\/en\/wp-json\/wp\/v2\/comments?post=2691"}],"version-history":[{"count":1,"href":"https:\/\/ecobiolia.it\/en\/wp-json\/wp\/v2\/product\/2691\/revisions"}],"predecessor-version":[{"id":6480,"href":"https:\/\/ecobiolia.it\/en\/wp-json\/wp\/v2\/product\/2691\/revisions\/6480"}],"wp:featuredmedia":[{"embeddable":true,"href":"https:\/\/ecobiolia.it\/en\/wp-json\/wp\/v2\/media\/2708"}],"wp:attachment":[{"href":"https:\/\/ecobiolia.it\/en\/wp-json\/wp\/v2\/media?parent=2691"}],"wp:term":[{"taxonomy":"product_brand","embeddable":true,"href":"https:\/\/ecobiolia.it\/en\/wp-json\/wp\/v2\/product_brand?post=2691"},{"taxonomy":"product_cat","embeddable":true,"href":"https:\/\/ecobiolia.it\/en\/wp-json\/wp\/v2\/product_cat?post=2691"},{"taxonomy":"product_tag","embeddable":true,"href":"https:\/\/ecobiolia.it\/en\/wp-json\/wp\/v2\/product_tag?post=2691"}],"curies":[{"name":"wp","href":"https:\/\/api.w.org\/{rel}","templated":true}]}}