{"id":2332,"date":"2022-06-20T12:21:25","date_gmt":"2022-06-20T12:21:25","guid":{"rendered":"https:\/\/ecobiolia.it\/?post_type=product&#038;p=2332"},"modified":"2025-01-22T16:14:36","modified_gmt":"2025-01-22T16:14:36","slug":"lullalove-copertina-traforata-in-bamboo-margherita","status":"publish","type":"product","link":"https:\/\/ecobiolia.it\/en\/product\/lullalove-copertina-traforata-in-bamboo-margherita\/","title":{"rendered":"Copertina Traforata per Neonato in Bamboo &#8211; Margherita"},"content":{"rendered":"<h4><strong>Scopri le Propriet\u00e0 Straordinarie della Copertina Traforata in Bamboo Margherita:<\/strong><\/h4>\n<p><strong>100% Naturale<\/strong> &#8211; Lullalove Copertina Traforata in Bamboo Margherita \u00e8 realizzata con una combinazione di viscosa di bamb\u00f9 e cotone che mantiene bambino accogliente e a una temperatura confortevole tutto l&#8217;anno.<\/p>\n<p><strong>Fin dal primo giorno<\/strong> &#8211; Le coperte a trama traforata sono le coperte consigliate per i neonati.<\/p>\n<p><span class=\"VIiyi\" lang=\"it\"><span class=\"JLqJ4b ChMk0b\" data-language-for-alternatives=\"it\" data-language-to-translate-into=\"en\" data-phrase-index=\"0\" data-number-of-phrases=\"1\"><span class=\"Q4iAWc\"><strong>Morbida e Durevole<\/strong> &#8211; La combinazione di viscosa di bamb\u00f9 e cotone rende la copertina morbida e durevole.<br \/>\n<\/span><\/span><\/span><\/p>\n<p><strong>Per tutte le stagioni<\/strong> &#8211; La fibra di bamb\u00f9 rende la coperta durevole, ipoallergenica, antibatterica e resistente ai raggi UV. La copertina in bamb\u00f9 \u00e8 traspirante e con propriet\u00e0 di termoregolazione, aiuta a mantenere il bambino comodo con qualsiasi tempo e staggione.<\/p>\n<p><strong>Ipoallergenica<\/strong> &#8211; I bambini che soffrono di allergie ad altre fibre naturali, non hanno questi problemi con il bamb\u00f9.<\/p>\n<p><strong>OEKO-TEX\u00ae Standard 100<\/strong> &#8211; Il filato ha ottenuto il certificato Oeko-Tex Standard 100 \u2013 \u00e8 privo di sostanze nocive e sicuro per i bambini sin dalla nascita. Il certificato garantisce la qualit\u00e0 e sicurezza.<\/p>\n<p><strong>Bellissima<\/strong> &#8211; Trama traforata a forma di Margherita, diversi colori pastello<\/p>\n<p>&nbsp;<\/p>","protected":false},"excerpt":{"rendered":"<p><span class=\"JsGRdQ\">Stai cercando la copertina traforata in bamboo pi\u00f9 bella del mondo? Eccola! \u00c8 molto morbida, elegante e disponibile in molti colori. Realizzata in filato naturale al 100%, <span class=\"VIiyi\" lang=\"it\"><span class=\"JLqJ4b ChMk0b\" data-language-for-alternatives=\"it\" data-language-to-translate-into=\"en\" data-phrase-index=\"0\" data-number-of-phrases=\"2\"><span class=\"Q4iAWc\">adatta fin dal primo giorno grazie alla trama traforata. La copertina ha<\/span><\/span><\/span> fantastiche propriet\u00e0 traspiranti e allo stesso tempo, offre comfort termico.<\/span><\/p>\n<p><span class=\"VIiyi\" lang=\"it\"><span class=\"JLqJ4b ChMk0b\" data-language-for-alternatives=\"it\" data-language-to-translate-into=\"en\" data-phrase-index=\"0\" data-number-of-phrases=\"3\"><span class=\"Q4iAWc\">L&#8217;utilizzo della fibra di bamb\u00f9 rende la coperta traforata durevole, ipoallergenica, antibatterica e resistente ai raggi UV.<\/span><\/span> <span class=\"JLqJ4b ChMk0b\" data-language-for-alternatives=\"it\" data-language-to-translate-into=\"en\" data-phrase-index=\"1\" data-number-of-phrases=\"3\"><span class=\"Q4iAWc\">\u00c8 la scelta ideale per la pelle sensibile del bambino.<\/span><\/span> <span class=\"JLqJ4b ChMk0b\" data-language-for-alternatives=\"it\" data-language-to-translate-into=\"en\" data-phrase-index=\"2\" data-number-of-phrases=\"3\"><span class=\"Q4iAWc\">Anche i bambini che soffrono di allergie ad altre fibre naturali, non hanno questi problemi con il bamb\u00f9.<\/span><\/span><\/span><\/p>\n<p><span class=\"VIiyi\" lang=\"it\"><span class=\"JLqJ4b ChMk0b\" data-language-for-alternatives=\"it\" data-language-to-translate-into=\"en\" data-phrase-index=\"1\" data-number-of-phrases=\"3\"><span class=\"Q4iAWc\">Le coperte in bamb\u00f9 e cotone sono ecologiche e rimarrai stupito dalle sue propriet\u00e0.<\/span><\/span> <span class=\"JLqJ4b ChMk0b\" data-language-for-alternatives=\"it\" data-language-to-translate-into=\"en\" data-phrase-index=\"2\" data-number-of-phrases=\"3\"><span class=\"Q4iAWc\">Una volta che sperimenterai la morbidezza, non la cambierai per nient&#8217;altro.<\/span><\/span><\/span><\/p>","protected":false},"featured_media":2378,"comment_status":"open","ping_status":"closed","template":"","meta":[],"product_brand":[],"product_cat":[332,83,89,82,48,81,44],"product_tag":[],"class_list":{"0":"post-2332","1":"product","2":"type-product","3":"status-publish","4":"has-post-thumbnail","6":"product_cat-bambu-50-cotone-50","7":"product_cat-coperta-in-bambu-e-cotone","8":"product_cat-coperta-traforata","9":"product_cat-coperte","10":"product_cat-copertine-neonato","11":"product_cat-nanna","12":"product_cat-prodotti-per-infanzia","14":"first","15":"instock","16":"taxable","17":"shipping-taxable","18":"purchasable","19":"product-type-variable"},"yoast_head":"<!-- This site is optimized with the Yoast SEO plugin v27.3 - https:\/\/yoast.com\/product\/yoast-seo-wordpress\/ -->\n<title>Copertina Traforata per Neonato in Bamboo - Margherita - EcoBiOlia<\/title>\n<meta name=\"description\" content=\"Copertina Traforata per Neonato Margherita \u00e8 sicura grazie ai piccoli fori e bamboo termoregolante, antiallergico e antibatterico.\" \/>\n<meta name=\"robots\" content=\"index, follow, max-snippet:-1, max-image-preview:large, max-video-preview:-1\" \/>\n<link rel=\"canonical\" href=\"https:\/\/ecobiolia.it\/en\/product\/lullalove-copertina-traforata-in-bamboo-margherita\/\" \/>\n<meta property=\"og:locale\" content=\"en_GB\" \/>\n<meta property=\"og:type\" content=\"article\" \/>\n<meta property=\"og:title\" content=\"Copertina Traforata per Neonato in Bamboo - Margherita - EcoBiOlia\" \/>\n<meta property=\"og:description\" content=\"Copertina Traforata per Neonato Margherita \u00e8 sicura grazie ai piccoli fori e bamboo termoregolante, antiallergico e antibatterico.\" \/>\n<meta property=\"og:url\" content=\"https:\/\/ecobiolia.it\/en\/product\/lullalove-copertina-traforata-in-bamboo-margherita\/\" \/>\n<meta property=\"og:site_name\" content=\"EcoBiOlia\" \/>\n<meta property=\"article:modified_time\" content=\"2025-01-22T16:14:36+00:00\" \/>\n<meta property=\"og:image\" content=\"https:\/\/ecobiolia.it\/wp-content\/uploads\/2022\/06\/Lullalove-Coperta-Margherita-Crema-Caramello-1.jpg\" \/>\n\t<meta property=\"og:image:width\" content=\"1622\" \/>\n\t<meta property=\"og:image:height\" content=\"1082\" \/>\n\t<meta property=\"og:image:type\" content=\"image\/jpeg\" \/>\n<meta name=\"twitter:card\" content=\"summary_large_image\" \/>\n<meta name=\"twitter:label1\" content=\"Estimated reading time\" \/>\n\t<meta name=\"twitter:data1\" content=\"2 minutes\" \/>\n<script type=\"application\/ld+json\" class=\"yoast-schema-graph\">{\"@context\":\"https:\\\/\\\/schema.org\",\"@graph\":[{\"@type\":\"WebPage\",\"@id\":\"https:\\\/\\\/ecobiolia.it\\\/prodotto\\\/lullalove-copertina-traforata-in-bamboo-margherita\\\/\",\"url\":\"https:\\\/\\\/ecobiolia.it\\\/prodotto\\\/lullalove-copertina-traforata-in-bamboo-margherita\\\/\",\"name\":\"Copertina Traforata per Neonato in Bamboo - Margherita - EcoBiOlia\",\"isPartOf\":{\"@id\":\"https:\\\/\\\/ecobiolia.it\\\/it_it\\\/#website\"},\"primaryImageOfPage\":{\"@id\":\"https:\\\/\\\/ecobiolia.it\\\/prodotto\\\/lullalove-copertina-traforata-in-bamboo-margherita\\\/#primaryimage\"},\"image\":{\"@id\":\"https:\\\/\\\/ecobiolia.it\\\/prodotto\\\/lullalove-copertina-traforata-in-bamboo-margherita\\\/#primaryimage\"},\"thumbnailUrl\":\"https:\\\/\\\/ecobiolia.it\\\/wp-content\\\/uploads\\\/2022\\\/06\\\/Lullalove-Coperta-Margherita-Crema-Caramello-1.jpg\",\"datePublished\":\"2022-06-20T12:21:25+00:00\",\"dateModified\":\"2025-01-22T16:14:36+00:00\",\"description\":\"Copertina Traforata per Neonato Margherita \u00e8 sicura grazie ai piccoli fori e bamboo termoregolante, antiallergico e antibatterico.\",\"breadcrumb\":{\"@id\":\"https:\\\/\\\/ecobiolia.it\\\/prodotto\\\/lullalove-copertina-traforata-in-bamboo-margherita\\\/#breadcrumb\"},\"inLanguage\":\"en-GB\",\"potentialAction\":[{\"@type\":\"ReadAction\",\"target\":[\"https:\\\/\\\/ecobiolia.it\\\/prodotto\\\/lullalove-copertina-traforata-in-bamboo-margherita\\\/\"]}]},{\"@type\":\"ImageObject\",\"inLanguage\":\"en-GB\",\"@id\":\"https:\\\/\\\/ecobiolia.it\\\/prodotto\\\/lullalove-copertina-traforata-in-bamboo-margherita\\\/#primaryimage\",\"url\":\"https:\\\/\\\/ecobiolia.it\\\/wp-content\\\/uploads\\\/2022\\\/06\\\/Lullalove-Coperta-Margherita-Crema-Caramello-1.jpg\",\"contentUrl\":\"https:\\\/\\\/ecobiolia.it\\\/wp-content\\\/uploads\\\/2022\\\/06\\\/Lullalove-Coperta-Margherita-Crema-Caramello-1.jpg\",\"width\":1622,\"height\":1082},{\"@type\":\"BreadcrumbList\",\"@id\":\"https:\\\/\\\/ecobiolia.it\\\/prodotto\\\/lullalove-copertina-traforata-in-bamboo-margherita\\\/#breadcrumb\",\"itemListElement\":[{\"@type\":\"ListItem\",\"position\":1,\"name\":\"Home\",\"item\":\"https:\\\/\\\/ecobiolia.it\\\/\"},{\"@type\":\"ListItem\",\"position\":2,\"name\":\"Negozio\",\"item\":\"https:\\\/\\\/ecobiolia.it\\\/negozio\\\/\"},{\"@type\":\"ListItem\",\"position\":3,\"name\":\"Copertina Traforata per Neonato in Bamboo &#8211; Margherita\"}]},{\"@type\":\"WebSite\",\"@id\":\"https:\\\/\\\/ecobiolia.it\\\/it_it\\\/#website\",\"url\":\"https:\\\/\\\/ecobiolia.it\\\/it_it\\\/\",\"name\":\"EcoBiOlia\",\"description\":\"Negozio Ecologico per Bambini e Adulti\",\"publisher\":{\"@id\":\"https:\\\/\\\/ecobiolia.it\\\/it_it\\\/#organization\"},\"potentialAction\":[{\"@type\":\"SearchAction\",\"target\":{\"@type\":\"EntryPoint\",\"urlTemplate\":\"https:\\\/\\\/ecobiolia.it\\\/it_it\\\/?s={search_term_string}\"},\"query-input\":{\"@type\":\"PropertyValueSpecification\",\"valueRequired\":true,\"valueName\":\"search_term_string\"}}],\"inLanguage\":\"en-GB\"},{\"@type\":\"Organization\",\"@id\":\"https:\\\/\\\/ecobiolia.it\\\/it_it\\\/#organization\",\"name\":\"EcoBiOlia\",\"url\":\"https:\\\/\\\/ecobiolia.it\\\/it_it\\\/\",\"logo\":{\"@type\":\"ImageObject\",\"inLanguage\":\"en-GB\",\"@id\":\"https:\\\/\\\/ecobiolia.it\\\/it_it\\\/#\\\/schema\\\/logo\\\/image\\\/\",\"url\":\"https:\\\/\\\/ecobiolia.it\\\/wp-content\\\/uploads\\\/2022\\\/04\\\/EcoBiOlia-Logo.png\",\"contentUrl\":\"https:\\\/\\\/ecobiolia.it\\\/wp-content\\\/uploads\\\/2022\\\/04\\\/EcoBiOlia-Logo.png\",\"width\":1772,\"height\":944,\"caption\":\"EcoBiOlia\"},\"image\":{\"@id\":\"https:\\\/\\\/ecobiolia.it\\\/it_it\\\/#\\\/schema\\\/logo\\\/image\\\/\"}}]}<\/script>\n<!-- \/ Yoast SEO plugin. -->","yoast_head_json":{"title":"Copertina Traforata per Neonato in Bamboo - Margherita - EcoBiOlia","description":"Copertina Traforata per Neonato Margherita \u00e8 sicura grazie ai piccoli fori e bamboo termoregolante, antiallergico e antibatterico.","robots":{"index":"index","follow":"follow","max-snippet":"max-snippet:-1","max-image-preview":"max-image-preview:large","max-video-preview":"max-video-preview:-1"},"canonical":"https:\/\/ecobiolia.it\/en\/product\/lullalove-copertina-traforata-in-bamboo-margherita\/","og_locale":"en_GB","og_type":"article","og_title":"Copertina Traforata per Neonato in Bamboo - Margherita - EcoBiOlia","og_description":"Copertina Traforata per Neonato Margherita \u00e8 sicura grazie ai piccoli fori e bamboo termoregolante, antiallergico e antibatterico.","og_url":"https:\/\/ecobiolia.it\/en\/product\/lullalove-copertina-traforata-in-bamboo-margherita\/","og_site_name":"EcoBiOlia","article_modified_time":"2025-01-22T16:14:36+00:00","og_image":[{"width":1622,"height":1082,"url":"https:\/\/ecobiolia.it\/wp-content\/uploads\/2022\/06\/Lullalove-Coperta-Margherita-Crema-Caramello-1.jpg","type":"image\/jpeg"}],"twitter_card":"summary_large_image","twitter_misc":{"Estimated reading time":"2 minutes"},"schema":{"@context":"https:\/\/schema.org","@graph":[{"@type":"WebPage","@id":"https:\/\/ecobiolia.it\/prodotto\/lullalove-copertina-traforata-in-bamboo-margherita\/","url":"https:\/\/ecobiolia.it\/prodotto\/lullalove-copertina-traforata-in-bamboo-margherita\/","name":"Copertina Traforata per Neonato in Bamboo - Margherita - EcoBiOlia","isPartOf":{"@id":"https:\/\/ecobiolia.it\/it_it\/#website"},"primaryImageOfPage":{"@id":"https:\/\/ecobiolia.it\/prodotto\/lullalove-copertina-traforata-in-bamboo-margherita\/#primaryimage"},"image":{"@id":"https:\/\/ecobiolia.it\/prodotto\/lullalove-copertina-traforata-in-bamboo-margherita\/#primaryimage"},"thumbnailUrl":"https:\/\/ecobiolia.it\/wp-content\/uploads\/2022\/06\/Lullalove-Coperta-Margherita-Crema-Caramello-1.jpg","datePublished":"2022-06-20T12:21:25+00:00","dateModified":"2025-01-22T16:14:36+00:00","description":"Copertina Traforata per Neonato Margherita \u00e8 sicura grazie ai piccoli fori e bamboo termoregolante, antiallergico e antibatterico.","breadcrumb":{"@id":"https:\/\/ecobiolia.it\/prodotto\/lullalove-copertina-traforata-in-bamboo-margherita\/#breadcrumb"},"inLanguage":"en-GB","potentialAction":[{"@type":"ReadAction","target":["https:\/\/ecobiolia.it\/prodotto\/lullalove-copertina-traforata-in-bamboo-margherita\/"]}]},{"@type":"ImageObject","inLanguage":"en-GB","@id":"https:\/\/ecobiolia.it\/prodotto\/lullalove-copertina-traforata-in-bamboo-margherita\/#primaryimage","url":"https:\/\/ecobiolia.it\/wp-content\/uploads\/2022\/06\/Lullalove-Coperta-Margherita-Crema-Caramello-1.jpg","contentUrl":"https:\/\/ecobiolia.it\/wp-content\/uploads\/2022\/06\/Lullalove-Coperta-Margherita-Crema-Caramello-1.jpg","width":1622,"height":1082},{"@type":"BreadcrumbList","@id":"https:\/\/ecobiolia.it\/prodotto\/lullalove-copertina-traforata-in-bamboo-margherita\/#breadcrumb","itemListElement":[{"@type":"ListItem","position":1,"name":"Home","item":"https:\/\/ecobiolia.it\/"},{"@type":"ListItem","position":2,"name":"Negozio","item":"https:\/\/ecobiolia.it\/negozio\/"},{"@type":"ListItem","position":3,"name":"Copertina Traforata per Neonato in Bamboo &#8211; Margherita"}]},{"@type":"WebSite","@id":"https:\/\/ecobiolia.it\/it_it\/#website","url":"https:\/\/ecobiolia.it\/it_it\/","name":"EcoBiOlia","description":"Negozio Ecologico per Bambini e Adulti","publisher":{"@id":"https:\/\/ecobiolia.it\/it_it\/#organization"},"potentialAction":[{"@type":"SearchAction","target":{"@type":"EntryPoint","urlTemplate":"https:\/\/ecobiolia.it\/it_it\/?s={search_term_string}"},"query-input":{"@type":"PropertyValueSpecification","valueRequired":true,"valueName":"search_term_string"}}],"inLanguage":"en-GB"},{"@type":"Organization","@id":"https:\/\/ecobiolia.it\/it_it\/#organization","name":"EcoBiOlia","url":"https:\/\/ecobiolia.it\/it_it\/","logo":{"@type":"ImageObject","inLanguage":"en-GB","@id":"https:\/\/ecobiolia.it\/it_it\/#\/schema\/logo\/image\/","url":"https:\/\/ecobiolia.it\/wp-content\/uploads\/2022\/04\/EcoBiOlia-Logo.png","contentUrl":"https:\/\/ecobiolia.it\/wp-content\/uploads\/2022\/04\/EcoBiOlia-Logo.png","width":1772,"height":944,"caption":"EcoBiOlia"},"image":{"@id":"https:\/\/ecobiolia.it\/it_it\/#\/schema\/logo\/image\/"}}]}},"jetpack-related-posts":[{"id":2551,"url":"https:\/\/ecobiolia.it\/en\/product\/copertina-traforata-estiva-in-bamboo-farfalla\/","url_meta":{"origin":2332,"position":0},"title":"Copertina Traforata Estiva in Bamboo &#8211; Farfalla","author":"Olga","date":"23 June 2022","format":false,"excerpt":"Copertina Traforata Estiva \u00e8 estremamente traspirante ed assolutamente meravigliosa. Realizzata al 100% in viscosa di bamb\u00f9. Una bellissima trama traforata a forma di centinaia di minuscole ali di farfalla. \u00c8 elegante e senza tempo. Fantastica per avvolgere il bambino e come coperta estiva. Leggera, durevole, ipoallergenica, antibatterica, traspirante e resistente\u2026","rel":"","context":"Similar post","block_context":{"text":"Similar post","link":""},"img":{"alt_text":"","src":"https:\/\/i0.wp.com\/ecobiolia.it\/wp-content\/uploads\/2022\/06\/Lullalove-Farfalla.jpg?resize=350%2C200&ssl=1","width":350,"height":200,"srcset":"https:\/\/i0.wp.com\/ecobiolia.it\/wp-content\/uploads\/2022\/06\/Lullalove-Farfalla.jpg?resize=350%2C200&ssl=1 1x, https:\/\/i0.wp.com\/ecobiolia.it\/wp-content\/uploads\/2022\/06\/Lullalove-Farfalla.jpg?resize=525%2C300&ssl=1 1.5x, https:\/\/i0.wp.com\/ecobiolia.it\/wp-content\/uploads\/2022\/06\/Lullalove-Farfalla.jpg?resize=700%2C400&ssl=1 2x, https:\/\/i0.wp.com\/ecobiolia.it\/wp-content\/uploads\/2022\/06\/Lullalove-Farfalla.jpg?resize=1050%2C600&ssl=1 3x, https:\/\/i0.wp.com\/ecobiolia.it\/wp-content\/uploads\/2022\/06\/Lullalove-Farfalla.jpg?resize=1400%2C800&ssl=1 4x"},"classes":[]},{"id":4569,"url":"https:\/\/ecobiolia.it\/en\/product\/coperta-traforata-in-bambu-a-maglia-conchiglia\/","url_meta":{"origin":2332,"position":1},"title":"Coperta Traforata in Bamb\u00f9 a Maglia Conchiglia","author":"Olga","date":"11 November 2022","format":false,"excerpt":"Coperta Traforata in Bamb\u00f9 a Maglia Conchiglia \u00e8 realizzata in filato di bamb\u00f9 e cotone per PRIMAVERA, ESTATE, AUTUNNO. Bellissima trama, come se le conchiglie fossero unite insieme. I lati pi\u00f9 corti, terminati con un'onda, aggiungono anche un fascino straordinario. Nonostante la trama traforata, la coperta \u00e8 molto carnosa e\u2026","rel":"","context":"Similar post","block_context":{"text":"Similar post","link":""},"img":{"alt_text":"","src":"https:\/\/i0.wp.com\/ecobiolia.it\/wp-content\/uploads\/2022\/11\/2893.jpg?resize=350%2C200&ssl=1","width":350,"height":200,"srcset":"https:\/\/i0.wp.com\/ecobiolia.it\/wp-content\/uploads\/2022\/11\/2893.jpg?resize=350%2C200&ssl=1 1x, https:\/\/i0.wp.com\/ecobiolia.it\/wp-content\/uploads\/2022\/11\/2893.jpg?resize=525%2C300&ssl=1 1.5x, https:\/\/i0.wp.com\/ecobiolia.it\/wp-content\/uploads\/2022\/11\/2893.jpg?resize=700%2C400&ssl=1 2x, https:\/\/i0.wp.com\/ecobiolia.it\/wp-content\/uploads\/2022\/11\/2893.jpg?resize=1050%2C600&ssl=1 3x"},"classes":[]},{"id":4813,"url":"https:\/\/ecobiolia.it\/en\/product\/coperta-neonato-in-bambu-e-cotone-popcorn\/","url_meta":{"origin":2332,"position":2},"title":"Coperta Neonato in Bamb\u00f9 e Cotone Popcorn","author":"Olga","date":"1 March 2023","format":false,"excerpt":"Una coperta per tutto l'anno in stile scandinavo, realizzata in filato di bamb\u00f9 con l'aggiunta di cotone. La doppia densit\u00e0 di maglia e la trama unica garantiscono un incredibile comfort di utilizzo. Il filato di bamb\u00f9 ha propriet\u00e0 termoregolatrici, grazie alle quali mantiene il comfort termico, previene il surriscaldamento, respira\u2026","rel":"","context":"Similar post","block_context":{"text":"Similar post","link":""},"img":{"alt_text":"","src":"https:\/\/i0.wp.com\/ecobiolia.it\/wp-content\/uploads\/2023\/03\/14391.jpg?resize=350%2C200&ssl=1","width":350,"height":200,"srcset":"https:\/\/i0.wp.com\/ecobiolia.it\/wp-content\/uploads\/2023\/03\/14391.jpg?resize=350%2C200&ssl=1 1x, https:\/\/i0.wp.com\/ecobiolia.it\/wp-content\/uploads\/2023\/03\/14391.jpg?resize=525%2C300&ssl=1 1.5x, https:\/\/i0.wp.com\/ecobiolia.it\/wp-content\/uploads\/2023\/03\/14391.jpg?resize=700%2C400&ssl=1 2x, https:\/\/i0.wp.com\/ecobiolia.it\/wp-content\/uploads\/2023\/03\/14391.jpg?resize=1050%2C600&ssl=1 3x, https:\/\/i0.wp.com\/ecobiolia.it\/wp-content\/uploads\/2023\/03\/14391.jpg?resize=1400%2C800&ssl=1 4x"},"classes":[]},{"id":1084,"url":"https:\/\/ecobiolia.it\/en\/product\/lullalove-coperta-in-bambu-a-maglia-nuova-80x100-cm\/","url_meta":{"origin":2332,"position":3},"title":"Coperta in Bamb\u00f9 a Maglia Rombi 80&#215;100 cm","author":"Olga","date":"25 January 2022","format":false,"excerpt":"La migliore qualit\u00e0 di coperta per bambini in bamb\u00f9 e cotone con motivo a rombi. La fibra di bamb\u00f9 rende la copertina leggera, durevole, ipoallergenica, antibatterica, traspirante e resistente ai raggi UV. Il filato di bamb\u00f9 ha delle propriet\u00e0 di termoregolazione. Mantiene il comfort termico, impedisce il surriscaldamento, \u00e8 traspirante\u2026","rel":"","context":"Similar post","block_context":{"text":"Similar post","link":""},"img":{"alt_text":"","src":"https:\/\/i0.wp.com\/ecobiolia.it\/wp-content\/uploads\/2022\/01\/Lullalove-Coperta-Bambino-Nuova.jpg?resize=350%2C200&ssl=1","width":350,"height":200,"srcset":"https:\/\/i0.wp.com\/ecobiolia.it\/wp-content\/uploads\/2022\/01\/Lullalove-Coperta-Bambino-Nuova.jpg?resize=350%2C200&ssl=1 1x, https:\/\/i0.wp.com\/ecobiolia.it\/wp-content\/uploads\/2022\/01\/Lullalove-Coperta-Bambino-Nuova.jpg?resize=525%2C300&ssl=1 1.5x, https:\/\/i0.wp.com\/ecobiolia.it\/wp-content\/uploads\/2022\/01\/Lullalove-Coperta-Bambino-Nuova.jpg?resize=700%2C400&ssl=1 2x, https:\/\/i0.wp.com\/ecobiolia.it\/wp-content\/uploads\/2022\/01\/Lullalove-Coperta-Bambino-Nuova.jpg?resize=1050%2C600&ssl=1 3x, https:\/\/i0.wp.com\/ecobiolia.it\/wp-content\/uploads\/2022\/01\/Lullalove-Coperta-Bambino-Nuova.jpg?resize=1400%2C800&ssl=1 4x"},"classes":[]},{"id":3015,"url":"https:\/\/ecobiolia.it\/en\/product\/telo-coperta-in-mussola-di-bambu-e-cotone-150x200-cm\/","url_meta":{"origin":2332,"position":4},"title":"Telo, Coperta in Mussola di Bamb\u00f9 e Cotone 150&#215;200 cm","author":"Olga","date":"12 July 2022","format":false,"excerpt":"Telo, Coperta in Mussola di Bamboo e Cotone 140x200 cm \u00e8 estremamente morbida, traspirante, perfetta per coprire, fasciare, asciugare, proteggere dal sole e dagli insetti, come lenzuolino sotto, base per il fasciatoio o passeggino, protezione spalla per rigurgiti, durante allattamento, per avvolgere dopo il bagnetto. La misura grande permette di\u2026","rel":"","context":"Similar post","block_context":{"text":"Similar post","link":""},"img":{"alt_text":"","src":"https:\/\/i0.wp.com\/ecobiolia.it\/wp-content\/uploads\/2022\/07\/8511.jpg?resize=350%2C200&ssl=1","width":350,"height":200,"srcset":"https:\/\/i0.wp.com\/ecobiolia.it\/wp-content\/uploads\/2022\/07\/8511.jpg?resize=350%2C200&ssl=1 1x, https:\/\/i0.wp.com\/ecobiolia.it\/wp-content\/uploads\/2022\/07\/8511.jpg?resize=525%2C300&ssl=1 1.5x, https:\/\/i0.wp.com\/ecobiolia.it\/wp-content\/uploads\/2022\/07\/8511.jpg?resize=700%2C400&ssl=1 2x, https:\/\/i0.wp.com\/ecobiolia.it\/wp-content\/uploads\/2022\/07\/8511.jpg?resize=1050%2C600&ssl=1 3x"},"classes":[]},{"id":1543,"url":"https:\/\/ecobiolia.it\/en\/product\/copertina-estiva-leggera-antiallergica-avvolgente-nebbia\/","url_meta":{"origin":2332,"position":5},"title":"Copertina Estiva Leggera Antiallergica Avvolgente  &#8211; Nebbia","author":"Olga","date":"28 March 2022","format":false,"excerpt":"Copertina Estiva Leggera Antiallergica Avvolgente \u00e8 estremamente traspirante ed assolutamente meravigliosa. Realizzata al 100% in viscosa di bamb\u00f9. Fantastica per avvolgere il bambino e come coperta estiva. Leggera, durevole, ipoallergenica, antibatterica, traspirante e resistente ai raggi UV. Scegli la migliore qualit\u00e0 di coperta di bamb\u00f9 ecologica e lasciati stupire dalle\u2026","rel":"","context":"Similar post","block_context":{"text":"Similar post","link":""},"img":{"alt_text":"","src":"https:\/\/i0.wp.com\/ecobiolia.it\/wp-content\/uploads\/2022\/03\/Lullalove-copertina-avvolgente.jpg?resize=350%2C200&ssl=1","width":350,"height":200,"srcset":"https:\/\/i0.wp.com\/ecobiolia.it\/wp-content\/uploads\/2022\/03\/Lullalove-copertina-avvolgente.jpg?resize=350%2C200&ssl=1 1x, https:\/\/i0.wp.com\/ecobiolia.it\/wp-content\/uploads\/2022\/03\/Lullalove-copertina-avvolgente.jpg?resize=525%2C300&ssl=1 1.5x, https:\/\/i0.wp.com\/ecobiolia.it\/wp-content\/uploads\/2022\/03\/Lullalove-copertina-avvolgente.jpg?resize=700%2C400&ssl=1 2x, https:\/\/i0.wp.com\/ecobiolia.it\/wp-content\/uploads\/2022\/03\/Lullalove-copertina-avvolgente.jpg?resize=1050%2C600&ssl=1 3x, https:\/\/i0.wp.com\/ecobiolia.it\/wp-content\/uploads\/2022\/03\/Lullalove-copertina-avvolgente.jpg?resize=1400%2C800&ssl=1 4x"},"classes":[]}],"jetpack_sharing_enabled":true,"_links":{"self":[{"href":"https:\/\/ecobiolia.it\/en\/wp-json\/wp\/v2\/product\/2332","targetHints":{"allow":["GET"]}}],"collection":[{"href":"https:\/\/ecobiolia.it\/en\/wp-json\/wp\/v2\/product"}],"about":[{"href":"https:\/\/ecobiolia.it\/en\/wp-json\/wp\/v2\/types\/product"}],"replies":[{"embeddable":true,"href":"https:\/\/ecobiolia.it\/en\/wp-json\/wp\/v2\/comments?post=2332"}],"version-history":[{"count":0,"href":"https:\/\/ecobiolia.it\/en\/wp-json\/wp\/v2\/product\/2332\/revisions"}],"wp:featuredmedia":[{"embeddable":true,"href":"https:\/\/ecobiolia.it\/en\/wp-json\/wp\/v2\/media\/2378"}],"wp:attachment":[{"href":"https:\/\/ecobiolia.it\/en\/wp-json\/wp\/v2\/media?parent=2332"}],"wp:term":[{"taxonomy":"product_brand","embeddable":true,"href":"https:\/\/ecobiolia.it\/en\/wp-json\/wp\/v2\/product_brand?post=2332"},{"taxonomy":"product_cat","embeddable":true,"href":"https:\/\/ecobiolia.it\/en\/wp-json\/wp\/v2\/product_cat?post=2332"},{"taxonomy":"product_tag","embeddable":true,"href":"https:\/\/ecobiolia.it\/en\/wp-json\/wp\/v2\/product_tag?post=2332"}],"curies":[{"name":"wp","href":"https:\/\/api.w.org\/{rel}","templated":true}]}}