{"id":1585,"date":"2022-03-30T19:39:47","date_gmt":"2022-03-30T19:39:47","guid":{"rendered":"https:\/\/ecobiolia.it\/?post_type=product&#038;p=1585"},"modified":"2026-01-30T20:05:26","modified_gmt":"2026-01-30T20:05:26","slug":"lullalove-coperta-in-bambu-a-maglia-classica-80x100-cm","status":"publish","type":"product","link":"https:\/\/ecobiolia.it\/en\/product\/lullalove-coperta-in-bambu-a-maglia-classica-80x100-cm\/","title":{"rendered":"Coperta Clinica Termoregolante per Tutte le Stagioni &#8211; Classica"},"content":{"rendered":"<div class=\"rte collection-description page-width\">\n<p><strong>OEKO-TEX STANDARD 100 certification:<\/strong> <span lang=\"it\" xml:lang=\"it\"><span title=\"Prz\u0119dza posiada certyfikat Oeko-Tex standard 100 w klasie produkt\u00f3w dedykowanych niemowl\u0119tom.\">The yarn has obtained the Oeko-Tex Standard 100 certificate - it is free from harmful substances and safe for babies from birth. The certificate <\/span><span title=\"Gwarantuje to jego jako\u015b\u0107 i bezpiecze\u0144stwo.\">guarantees quality and safety. <\/span><\/span><\/p>\n<p><strong>Ecological, antibacterial, antifungal and antiallergic\u00a0 <\/strong><\/p>\n<p><strong>Thermoregulation properties: <\/strong>t<span lang=\"it\" xml:lang=\"it\"><span title=\"Podw\u00f3jna g\u0119sto\u015b\u0107 tkania i mi\u0119sisty splot zapewniaj\u0105 niesamowity komfort u\u017cytkowania.\">l <a href=\"https:\/\/ecobiolia.it\/en\/blog\/quali-sono-i-materiali-e-tessuti-sostenibili\/\">filato di bamb\u00f9<\/a><\/span><span title=\"Prz\u0119dza bambusowa posiada w\u0142a\u015bciwo\u015bci termoregulacyjne, dzi\u0119ki czemu utrzymuje komfort cieplny, zapobiega przegrzaniu, oddycha i \u015bwietnie odprowadza wilgo\u0107.\"> ha delle propriet\u00e0 di termoregolazione. Mantiene il comfort termico, impedisce il surriscaldamento, \u00e8 traspirante.<\/span><\/span><\/p>\n<p><strong><span lang=\"it\" xml:lang=\"it\"><span title=\"Prz\u0119dza bambusowa posiada w\u0142a\u015bciwo\u015bci termoregulacyjne, dzi\u0119ki czemu utrzymuje komfort cieplny, zapobiega przegrzaniu, oddycha i \u015bwietnie odprowadza wilgo\u0107.\">Super absorbent: <\/span><\/span><\/strong><span lang=\"it\" xml:lang=\"it\"><span title=\"Prz\u0119dza bambusowa posiada w\u0142a\u015bciwo\u015bci termoregulacyjne, dzi\u0119ki czemu utrzymuje komfort cieplny, zapobiega przegrzaniu, oddycha i \u015bwietnie odprowadza wilgo\u0107.\">bamboo<\/span><\/span>absorbs humidity by 60% better than cotton<\/p>\n<p><strong>100% MADE IN EU.<\/strong><\/p>\n<p><span lang=\"it\" xml:lang=\"it\"><span title=\"Dimentions: 80x100 cm\">Dimentions: 80x100 cm<br \/>\n<\/span><span title=\"Sk\u0142ad: 50% CV bambus, 50% bawe\u0142na.\">Composizion: 50% bamboo, 50% cotone.<\/span><\/span><\/p>\n<p>It's recommended a <span title=\"Zalecane delikatne pranie w pralce w temperaturze max.\">delicate washing machine program at maximum <\/span><span title=\"of 30 degree\">30 gradi. <\/span><span title=\"Do prania u\u017cywa\u0107 delikatnych \u015brodk\u00f3w, nie zawieraj\u0105cych wybielaczy oraz chloru.\">For washing use only mild detergents that do not contain bleach and chlorine. <\/span><span title=\"Suszy\u0107 na p\u0142asko.\">To dry, spread horizontally. <\/span><span title=\"Nie prasowa\u0107.\">Do not iron. <\/span><span title=\"Suszarka b\u0119bnowa mo\u017ce uszkodzi\u0107 w\u0142\u00f3kna. \u00a0\">Dryer can damage the fibers.<\/span><\/p>\n<p>&nbsp;<\/p>\n<\/div>","protected":false},"excerpt":{"rendered":"<p><span lang=\"it\" xml:lang=\"it\"><span title=\"Ca\u0142oroczny koc tkany w skandynawskim stylu, wykonany z prz\u0119dzy bambusowej z dodatkiem bawe\u0142ny.\">Scandinavian style knitted blanket. Made of bamboo yarn with the addition of cotton. Double layer fabric <\/span><span title=\"Podw\u00f3jna g\u0119sto\u015b\u0107 tkania i mi\u0119sisty splot zapewniaj\u0105 niesamowity komfort u\u017cytkowania.\">offers amazing comfort. The<\/span><span title=\"Prz\u0119dza bambusowa posiada w\u0142a\u015bciwo\u015bci termoregulacyjne, dzi\u0119ki czemu utrzymuje komfort cieplny, zapobiega przegrzaniu, oddycha i \u015bwietnie odprowadza wilgo\u0107.\">bamboo yarn has thermoregulatory properties. Maintains thermal comfort, prevents overheating, is breathable and super absorbent. <\/span><span title=\"Kocyk doskonale sprawdzi si\u0119 w \u0142\u00f3\u017ceczku, w\u00f3zku czy foteliku samochodowym.\">The blanket is ideal for the cot, pram, stroller or car seat. An essential element of any layette. It will be a <\/span><span title=\"Niezast\u0105piony w wyprawce, idealny na prezent.\">wonderful gift!<\/span><\/span><\/p>\n<p>&nbsp;<\/p>","protected":false},"featured_media":6424,"comment_status":"open","ping_status":"closed","template":"","meta":[],"product_brand":[],"product_cat":[332,117,83,82,48,81],"product_tag":[],"class_list":{"0":"post-1585","1":"product","2":"type-product","3":"status-publish","4":"has-post-thumbnail","6":"product_cat-bambu-50-cotone-50","7":"product_cat-coperta-in-bambu-a-maglia-classica","8":"product_cat-coperta-in-bambu-e-cotone","9":"product_cat-coperte","10":"product_cat-copertine-neonato","11":"product_cat-nanna","13":"first","14":"instock","15":"taxable","16":"shipping-taxable","17":"purchasable","18":"product-type-variable"},"yoast_head":"<!-- This site is optimized with the Yoast SEO plugin v27.3 - https:\/\/yoast.com\/product\/yoast-seo-wordpress\/ -->\n<title>Coperta Clinica Termoregolante per Tutte le Stagioni - Classica - EcoBiOlia<\/title>\n<meta name=\"description\" content=\"Coperta clinica termoregolante \u00e8 una coperta leggera, durevole, ipoallergenica, antibatterica, traspirante e resistente ai raggi UV\" \/>\n<meta name=\"robots\" content=\"index, follow, max-snippet:-1, max-image-preview:large, max-video-preview:-1\" \/>\n<link rel=\"canonical\" href=\"https:\/\/ecobiolia.it\/en\/product\/lullalove-coperta-in-bambu-a-maglia-classica-80x100-cm\/\" \/>\n<meta property=\"og:locale\" content=\"en_GB\" \/>\n<meta property=\"og:type\" content=\"article\" \/>\n<meta property=\"og:title\" content=\"Coperta Clinica Termoregolante per Tutte le Stagioni - Classica - EcoBiOlia\" \/>\n<meta property=\"og:description\" content=\"Coperta clinica termoregolante \u00e8 una coperta leggera, durevole, ipoallergenica, antibatterica, traspirante e resistente ai raggi UV\" \/>\n<meta property=\"og:url\" content=\"https:\/\/ecobiolia.it\/en\/product\/lullalove-coperta-in-bambu-a-maglia-classica-80x100-cm\/\" \/>\n<meta property=\"og:site_name\" content=\"EcoBiOlia\" \/>\n<meta property=\"article:modified_time\" content=\"2026-01-30T20:05:26+00:00\" \/>\n<meta property=\"og:image\" content=\"https:\/\/ecobiolia.it\/wp-content\/uploads\/2022\/03\/Coperta-Termoregolatrice-classica-colori-1024x1024.png\" \/>\n\t<meta property=\"og:image:width\" content=\"1024\" \/>\n\t<meta property=\"og:image:height\" content=\"1024\" \/>\n\t<meta property=\"og:image:type\" content=\"image\/png\" \/>\n<meta name=\"twitter:card\" content=\"summary_large_image\" \/>\n<meta name=\"twitter:label1\" content=\"Estimated reading time\" \/>\n\t<meta name=\"twitter:data1\" content=\"1 minute\" \/>\n<script type=\"application\/ld+json\" class=\"yoast-schema-graph\">{\"@context\":\"https:\\\/\\\/schema.org\",\"@graph\":[{\"@type\":\"WebPage\",\"@id\":\"https:\\\/\\\/ecobiolia.it\\\/prodotto\\\/lullalove-coperta-in-bambu-a-maglia-classica-80x100-cm\\\/\",\"url\":\"https:\\\/\\\/ecobiolia.it\\\/prodotto\\\/lullalove-coperta-in-bambu-a-maglia-classica-80x100-cm\\\/\",\"name\":\"Coperta Clinica Termoregolante per Tutte le Stagioni - Classica - EcoBiOlia\",\"isPartOf\":{\"@id\":\"https:\\\/\\\/ecobiolia.it\\\/it_it\\\/#website\"},\"primaryImageOfPage\":{\"@id\":\"https:\\\/\\\/ecobiolia.it\\\/prodotto\\\/lullalove-coperta-in-bambu-a-maglia-classica-80x100-cm\\\/#primaryimage\"},\"image\":{\"@id\":\"https:\\\/\\\/ecobiolia.it\\\/prodotto\\\/lullalove-coperta-in-bambu-a-maglia-classica-80x100-cm\\\/#primaryimage\"},\"thumbnailUrl\":\"https:\\\/\\\/ecobiolia.it\\\/wp-content\\\/uploads\\\/2022\\\/03\\\/Coperta-Termoregolatrice-classica-colori.png\",\"datePublished\":\"2022-03-30T19:39:47+00:00\",\"dateModified\":\"2026-01-30T20:05:26+00:00\",\"description\":\"Coperta clinica termoregolante \u00e8 una coperta leggera, durevole, ipoallergenica, antibatterica, traspirante e resistente ai raggi UV\",\"breadcrumb\":{\"@id\":\"https:\\\/\\\/ecobiolia.it\\\/prodotto\\\/lullalove-coperta-in-bambu-a-maglia-classica-80x100-cm\\\/#breadcrumb\"},\"inLanguage\":\"en-GB\",\"potentialAction\":[{\"@type\":\"ReadAction\",\"target\":[\"https:\\\/\\\/ecobiolia.it\\\/prodotto\\\/lullalove-coperta-in-bambu-a-maglia-classica-80x100-cm\\\/\"]}]},{\"@type\":\"ImageObject\",\"inLanguage\":\"en-GB\",\"@id\":\"https:\\\/\\\/ecobiolia.it\\\/prodotto\\\/lullalove-coperta-in-bambu-a-maglia-classica-80x100-cm\\\/#primaryimage\",\"url\":\"https:\\\/\\\/ecobiolia.it\\\/wp-content\\\/uploads\\\/2022\\\/03\\\/Coperta-Termoregolatrice-classica-colori.png\",\"contentUrl\":\"https:\\\/\\\/ecobiolia.it\\\/wp-content\\\/uploads\\\/2022\\\/03\\\/Coperta-Termoregolatrice-classica-colori.png\",\"width\":1457,\"height\":1457},{\"@type\":\"BreadcrumbList\",\"@id\":\"https:\\\/\\\/ecobiolia.it\\\/prodotto\\\/lullalove-coperta-in-bambu-a-maglia-classica-80x100-cm\\\/#breadcrumb\",\"itemListElement\":[{\"@type\":\"ListItem\",\"position\":1,\"name\":\"Home\",\"item\":\"https:\\\/\\\/ecobiolia.it\\\/\"},{\"@type\":\"ListItem\",\"position\":2,\"name\":\"Negozio\",\"item\":\"https:\\\/\\\/ecobiolia.it\\\/negozio\\\/\"},{\"@type\":\"ListItem\",\"position\":3,\"name\":\"Coperta Clinica Termoregolante per Tutte le Stagioni &#8211; Classica\"}]},{\"@type\":\"WebSite\",\"@id\":\"https:\\\/\\\/ecobiolia.it\\\/it_it\\\/#website\",\"url\":\"https:\\\/\\\/ecobiolia.it\\\/it_it\\\/\",\"name\":\"EcoBiOlia\",\"description\":\"Negozio Ecologico per Bambini e Adulti\",\"publisher\":{\"@id\":\"https:\\\/\\\/ecobiolia.it\\\/it_it\\\/#organization\"},\"potentialAction\":[{\"@type\":\"SearchAction\",\"target\":{\"@type\":\"EntryPoint\",\"urlTemplate\":\"https:\\\/\\\/ecobiolia.it\\\/it_it\\\/?s={search_term_string}\"},\"query-input\":{\"@type\":\"PropertyValueSpecification\",\"valueRequired\":true,\"valueName\":\"search_term_string\"}}],\"inLanguage\":\"en-GB\"},{\"@type\":\"Organization\",\"@id\":\"https:\\\/\\\/ecobiolia.it\\\/it_it\\\/#organization\",\"name\":\"EcoBiOlia\",\"url\":\"https:\\\/\\\/ecobiolia.it\\\/it_it\\\/\",\"logo\":{\"@type\":\"ImageObject\",\"inLanguage\":\"en-GB\",\"@id\":\"https:\\\/\\\/ecobiolia.it\\\/it_it\\\/#\\\/schema\\\/logo\\\/image\\\/\",\"url\":\"https:\\\/\\\/ecobiolia.it\\\/wp-content\\\/uploads\\\/2022\\\/04\\\/EcoBiOlia-Logo.png\",\"contentUrl\":\"https:\\\/\\\/ecobiolia.it\\\/wp-content\\\/uploads\\\/2022\\\/04\\\/EcoBiOlia-Logo.png\",\"width\":1772,\"height\":944,\"caption\":\"EcoBiOlia\"},\"image\":{\"@id\":\"https:\\\/\\\/ecobiolia.it\\\/it_it\\\/#\\\/schema\\\/logo\\\/image\\\/\"}}]}<\/script>\n<!-- \/ Yoast SEO plugin. -->","yoast_head_json":{"title":"Coperta Clinica Termoregolante per Tutte le Stagioni - Classica - EcoBiOlia","description":"Coperta clinica termoregolante \u00e8 una coperta leggera, durevole, ipoallergenica, antibatterica, traspirante e resistente ai raggi UV","robots":{"index":"index","follow":"follow","max-snippet":"max-snippet:-1","max-image-preview":"max-image-preview:large","max-video-preview":"max-video-preview:-1"},"canonical":"https:\/\/ecobiolia.it\/en\/product\/lullalove-coperta-in-bambu-a-maglia-classica-80x100-cm\/","og_locale":"en_GB","og_type":"article","og_title":"Coperta Clinica Termoregolante per Tutte le Stagioni - Classica - EcoBiOlia","og_description":"Coperta clinica termoregolante \u00e8 una coperta leggera, durevole, ipoallergenica, antibatterica, traspirante e resistente ai raggi UV","og_url":"https:\/\/ecobiolia.it\/en\/product\/lullalove-coperta-in-bambu-a-maglia-classica-80x100-cm\/","og_site_name":"EcoBiOlia","article_modified_time":"2026-01-30T20:05:26+00:00","og_image":[{"width":1024,"height":1024,"url":"https:\/\/ecobiolia.it\/wp-content\/uploads\/2022\/03\/Coperta-Termoregolatrice-classica-colori-1024x1024.png","type":"image\/png"}],"twitter_card":"summary_large_image","twitter_misc":{"Estimated reading time":"1 minute"},"schema":{"@context":"https:\/\/schema.org","@graph":[{"@type":"WebPage","@id":"https:\/\/ecobiolia.it\/prodotto\/lullalove-coperta-in-bambu-a-maglia-classica-80x100-cm\/","url":"https:\/\/ecobiolia.it\/prodotto\/lullalove-coperta-in-bambu-a-maglia-classica-80x100-cm\/","name":"Coperta Clinica Termoregolante per Tutte le Stagioni - Classica - EcoBiOlia","isPartOf":{"@id":"https:\/\/ecobiolia.it\/it_it\/#website"},"primaryImageOfPage":{"@id":"https:\/\/ecobiolia.it\/prodotto\/lullalove-coperta-in-bambu-a-maglia-classica-80x100-cm\/#primaryimage"},"image":{"@id":"https:\/\/ecobiolia.it\/prodotto\/lullalove-coperta-in-bambu-a-maglia-classica-80x100-cm\/#primaryimage"},"thumbnailUrl":"https:\/\/ecobiolia.it\/wp-content\/uploads\/2022\/03\/Coperta-Termoregolatrice-classica-colori.png","datePublished":"2022-03-30T19:39:47+00:00","dateModified":"2026-01-30T20:05:26+00:00","description":"Coperta clinica termoregolante \u00e8 una coperta leggera, durevole, ipoallergenica, antibatterica, traspirante e resistente ai raggi UV","breadcrumb":{"@id":"https:\/\/ecobiolia.it\/prodotto\/lullalove-coperta-in-bambu-a-maglia-classica-80x100-cm\/#breadcrumb"},"inLanguage":"en-GB","potentialAction":[{"@type":"ReadAction","target":["https:\/\/ecobiolia.it\/prodotto\/lullalove-coperta-in-bambu-a-maglia-classica-80x100-cm\/"]}]},{"@type":"ImageObject","inLanguage":"en-GB","@id":"https:\/\/ecobiolia.it\/prodotto\/lullalove-coperta-in-bambu-a-maglia-classica-80x100-cm\/#primaryimage","url":"https:\/\/ecobiolia.it\/wp-content\/uploads\/2022\/03\/Coperta-Termoregolatrice-classica-colori.png","contentUrl":"https:\/\/ecobiolia.it\/wp-content\/uploads\/2022\/03\/Coperta-Termoregolatrice-classica-colori.png","width":1457,"height":1457},{"@type":"BreadcrumbList","@id":"https:\/\/ecobiolia.it\/prodotto\/lullalove-coperta-in-bambu-a-maglia-classica-80x100-cm\/#breadcrumb","itemListElement":[{"@type":"ListItem","position":1,"name":"Home","item":"https:\/\/ecobiolia.it\/"},{"@type":"ListItem","position":2,"name":"Negozio","item":"https:\/\/ecobiolia.it\/negozio\/"},{"@type":"ListItem","position":3,"name":"Coperta Clinica Termoregolante per Tutte le Stagioni &#8211; Classica"}]},{"@type":"WebSite","@id":"https:\/\/ecobiolia.it\/it_it\/#website","url":"https:\/\/ecobiolia.it\/it_it\/","name":"EcoBiOlia","description":"Negozio Ecologico per Bambini e Adulti","publisher":{"@id":"https:\/\/ecobiolia.it\/it_it\/#organization"},"potentialAction":[{"@type":"SearchAction","target":{"@type":"EntryPoint","urlTemplate":"https:\/\/ecobiolia.it\/it_it\/?s={search_term_string}"},"query-input":{"@type":"PropertyValueSpecification","valueRequired":true,"valueName":"search_term_string"}}],"inLanguage":"en-GB"},{"@type":"Organization","@id":"https:\/\/ecobiolia.it\/it_it\/#organization","name":"EcoBiOlia","url":"https:\/\/ecobiolia.it\/it_it\/","logo":{"@type":"ImageObject","inLanguage":"en-GB","@id":"https:\/\/ecobiolia.it\/it_it\/#\/schema\/logo\/image\/","url":"https:\/\/ecobiolia.it\/wp-content\/uploads\/2022\/04\/EcoBiOlia-Logo.png","contentUrl":"https:\/\/ecobiolia.it\/wp-content\/uploads\/2022\/04\/EcoBiOlia-Logo.png","width":1772,"height":944,"caption":"EcoBiOlia"},"image":{"@id":"https:\/\/ecobiolia.it\/it_it\/#\/schema\/logo\/image\/"}}]}},"jetpack-related-posts":[{"id":1503,"url":"https:\/\/ecobiolia.it\/en\/product\/lullalove-coperta-bambino-in-bamboo-e-cotone-100x120-cm\/","url_meta":{"origin":1585,"position":0},"title":"Coperta Grande in Bamboo e Cotone 100&#215;120 cm","author":"Olga","date":"24 March 2022","format":false,"excerpt":"Coperta grande a maglia in stile scandinavo \u00e8 perfetta sia per bambini grandi che adulti. Fatta in filato di bamb\u00f9 con l'aggiunta di cotone. Tessuta a doppio strato offre una comodit\u00e0 stupefacente. Il filato di bamb\u00f9 ha delle propriet\u00e0 di termoregolazione. Mantiene il comfort termico, impedisce il surriscaldamento, \u00e8 traspirante\u2026","rel":"","context":"With 1 comment","block_context":{"text":"With 1 comment","link":"https:\/\/ecobiolia.it\/en\/product\/lullalove-coperta-bambino-in-bamboo-e-cotone-100x120-cm\/#comments"},"img":{"alt_text":"","src":"https:\/\/i0.wp.com\/ecobiolia.it\/wp-content\/uploads\/2022\/03\/239.jpg?resize=350%2C200&ssl=1","width":350,"height":200,"srcset":"https:\/\/i0.wp.com\/ecobiolia.it\/wp-content\/uploads\/2022\/03\/239.jpg?resize=350%2C200&ssl=1 1x, https:\/\/i0.wp.com\/ecobiolia.it\/wp-content\/uploads\/2022\/03\/239.jpg?resize=525%2C300&ssl=1 1.5x, https:\/\/i0.wp.com\/ecobiolia.it\/wp-content\/uploads\/2022\/03\/239.jpg?resize=700%2C400&ssl=1 2x, https:\/\/i0.wp.com\/ecobiolia.it\/wp-content\/uploads\/2022\/03\/239.jpg?resize=1050%2C600&ssl=1 3x"},"classes":[]},{"id":1084,"url":"https:\/\/ecobiolia.it\/en\/product\/lullalove-coperta-in-bambu-a-maglia-nuova-80x100-cm\/","url_meta":{"origin":1585,"position":1},"title":"Coperta in Bamb\u00f9 a Maglia Rombi 80&#215;100 cm","author":"Olga","date":"25 January 2022","format":false,"excerpt":"La migliore qualit\u00e0 di coperta per bambini in bamb\u00f9 e cotone con motivo a rombi. La fibra di bamb\u00f9 rende la copertina leggera, durevole, ipoallergenica, antibatterica, traspirante e resistente ai raggi UV. Il filato di bamb\u00f9 ha delle propriet\u00e0 di termoregolazione. Mantiene il comfort termico, impedisce il surriscaldamento, \u00e8 traspirante\u2026","rel":"","context":"Similar post","block_context":{"text":"Similar post","link":""},"img":{"alt_text":"","src":"https:\/\/i0.wp.com\/ecobiolia.it\/wp-content\/uploads\/2022\/01\/Lullalove-Coperta-Bambino-Nuova.jpg?resize=350%2C200&ssl=1","width":350,"height":200,"srcset":"https:\/\/i0.wp.com\/ecobiolia.it\/wp-content\/uploads\/2022\/01\/Lullalove-Coperta-Bambino-Nuova.jpg?resize=350%2C200&ssl=1 1x, https:\/\/i0.wp.com\/ecobiolia.it\/wp-content\/uploads\/2022\/01\/Lullalove-Coperta-Bambino-Nuova.jpg?resize=525%2C300&ssl=1 1.5x, https:\/\/i0.wp.com\/ecobiolia.it\/wp-content\/uploads\/2022\/01\/Lullalove-Coperta-Bambino-Nuova.jpg?resize=700%2C400&ssl=1 2x, https:\/\/i0.wp.com\/ecobiolia.it\/wp-content\/uploads\/2022\/01\/Lullalove-Coperta-Bambino-Nuova.jpg?resize=1050%2C600&ssl=1 3x, https:\/\/i0.wp.com\/ecobiolia.it\/wp-content\/uploads\/2022\/01\/Lullalove-Coperta-Bambino-Nuova.jpg?resize=1400%2C800&ssl=1 4x"},"classes":[]},{"id":4252,"url":"https:\/\/ecobiolia.it\/en\/product\/coperta-in-bambu-con-volant-a-maglia-classica\/","url_meta":{"origin":1585,"position":2},"title":"Coperta in Bamb\u00f9 con Volant a Maglia Classica","author":"Olga","date":"22 August 2022","format":false,"excerpt":"Una bellissima Coperta in Bamb\u00f9 con Volant a Maglia Classica realizzata in filato di bamb\u00f9 e cotone. La balza scorrevole sui lati (volant) conferisce una forma irregolare. La maglia e il filato della coperta garantiscono comfort di utilizzo durante tutto l'anno. Perfetto per l'uso a casa, a passeggio o in\u2026","rel":"","context":"Similar post","block_context":{"text":"Similar post","link":""},"img":{"alt_text":"","src":"https:\/\/i0.wp.com\/ecobiolia.it\/wp-content\/uploads\/2022\/08\/7674.jpg?resize=350%2C200&ssl=1","width":350,"height":200,"srcset":"https:\/\/i0.wp.com\/ecobiolia.it\/wp-content\/uploads\/2022\/08\/7674.jpg?resize=350%2C200&ssl=1 1x, https:\/\/i0.wp.com\/ecobiolia.it\/wp-content\/uploads\/2022\/08\/7674.jpg?resize=525%2C300&ssl=1 1.5x, https:\/\/i0.wp.com\/ecobiolia.it\/wp-content\/uploads\/2022\/08\/7674.jpg?resize=700%2C400&ssl=1 2x, https:\/\/i0.wp.com\/ecobiolia.it\/wp-content\/uploads\/2022\/08\/7674.jpg?resize=1050%2C600&ssl=1 3x, https:\/\/i0.wp.com\/ecobiolia.it\/wp-content\/uploads\/2022\/08\/7674.jpg?resize=1400%2C800&ssl=1 4x"},"classes":[]},{"id":4883,"url":"https:\/\/ecobiolia.it\/en\/product\/coperta-per-tutte-le-stagioni-in-bambu-nuvole\/","url_meta":{"origin":1585,"position":3},"title":"Coperta per Tutte le Stagioni in Bamb\u00f9 &#8211; Nuvole","author":"Olga","date":"1 March 2023","format":false,"excerpt":"Una coperta per Tutte le Stagioni in stile scandinavo, realizzata in filato di bamb\u00f9 con l'aggiunta di cotone. La doppia densit\u00e0 della maglia e la trama carnosa assicurano un comfort di utilizzo straordinario. Il filato di bamb\u00f9 ha propriet\u00e0 termoregolatrici, grazie alle quali mantiene il comfort termico, previene il surriscaldamento,\u2026","rel":"","context":"Similar post","block_context":{"text":"Similar post","link":""},"img":{"alt_text":"","src":"https:\/\/i0.wp.com\/ecobiolia.it\/wp-content\/uploads\/2023\/03\/Coperta-Nuvole-Post.jpeg?resize=350%2C200&ssl=1","width":350,"height":200,"srcset":"https:\/\/i0.wp.com\/ecobiolia.it\/wp-content\/uploads\/2023\/03\/Coperta-Nuvole-Post.jpeg?resize=350%2C200&ssl=1 1x, https:\/\/i0.wp.com\/ecobiolia.it\/wp-content\/uploads\/2023\/03\/Coperta-Nuvole-Post.jpeg?resize=525%2C300&ssl=1 1.5x, https:\/\/i0.wp.com\/ecobiolia.it\/wp-content\/uploads\/2023\/03\/Coperta-Nuvole-Post.jpeg?resize=700%2C400&ssl=1 2x, https:\/\/i0.wp.com\/ecobiolia.it\/wp-content\/uploads\/2023\/03\/Coperta-Nuvole-Post.jpeg?resize=1050%2C600&ssl=1 3x"},"classes":[]},{"id":4813,"url":"https:\/\/ecobiolia.it\/en\/product\/coperta-neonato-in-bambu-e-cotone-popcorn\/","url_meta":{"origin":1585,"position":4},"title":"Coperta Neonato in Bamb\u00f9 e Cotone Popcorn","author":"Olga","date":"1 March 2023","format":false,"excerpt":"Una coperta per tutto l'anno in stile scandinavo, realizzata in filato di bamb\u00f9 con l'aggiunta di cotone. La doppia densit\u00e0 di maglia e la trama unica garantiscono un incredibile comfort di utilizzo. Il filato di bamb\u00f9 ha propriet\u00e0 termoregolatrici, grazie alle quali mantiene il comfort termico, previene il surriscaldamento, respira\u2026","rel":"","context":"Similar post","block_context":{"text":"Similar post","link":""},"img":{"alt_text":"","src":"https:\/\/i0.wp.com\/ecobiolia.it\/wp-content\/uploads\/2023\/03\/14391.jpg?resize=350%2C200&ssl=1","width":350,"height":200,"srcset":"https:\/\/i0.wp.com\/ecobiolia.it\/wp-content\/uploads\/2023\/03\/14391.jpg?resize=350%2C200&ssl=1 1x, https:\/\/i0.wp.com\/ecobiolia.it\/wp-content\/uploads\/2023\/03\/14391.jpg?resize=525%2C300&ssl=1 1.5x, https:\/\/i0.wp.com\/ecobiolia.it\/wp-content\/uploads\/2023\/03\/14391.jpg?resize=700%2C400&ssl=1 2x, https:\/\/i0.wp.com\/ecobiolia.it\/wp-content\/uploads\/2023\/03\/14391.jpg?resize=1050%2C600&ssl=1 3x, https:\/\/i0.wp.com\/ecobiolia.it\/wp-content\/uploads\/2023\/03\/14391.jpg?resize=1400%2C800&ssl=1 4x"},"classes":[]},{"id":2332,"url":"https:\/\/ecobiolia.it\/en\/product\/lullalove-copertina-traforata-in-bamboo-margherita\/","url_meta":{"origin":1585,"position":5},"title":"Copertina Traforata per Neonato in Bamboo &#8211; Margherita","author":"Olga","date":"20 June 2022","format":false,"excerpt":"Stai cercando la copertina traforata in bamboo pi\u00f9 bella del mondo? Eccola! \u00c8 molto morbida, elegante e disponibile in molti colori. Realizzata in filato naturale al 100%, adatta fin dal primo giorno grazie alla trama traforata. La copertina ha fantastiche propriet\u00e0 traspiranti e allo stesso tempo, offre comfort termico. L'utilizzo\u2026","rel":"","context":"Similar post","block_context":{"text":"Similar post","link":""},"img":{"alt_text":"","src":"https:\/\/i0.wp.com\/ecobiolia.it\/wp-content\/uploads\/2022\/06\/Lullalove-Coperta-Margherita-Crema-Caramello-1.jpg?resize=350%2C200&ssl=1","width":350,"height":200,"srcset":"https:\/\/i0.wp.com\/ecobiolia.it\/wp-content\/uploads\/2022\/06\/Lullalove-Coperta-Margherita-Crema-Caramello-1.jpg?resize=350%2C200&ssl=1 1x, https:\/\/i0.wp.com\/ecobiolia.it\/wp-content\/uploads\/2022\/06\/Lullalove-Coperta-Margherita-Crema-Caramello-1.jpg?resize=525%2C300&ssl=1 1.5x, https:\/\/i0.wp.com\/ecobiolia.it\/wp-content\/uploads\/2022\/06\/Lullalove-Coperta-Margherita-Crema-Caramello-1.jpg?resize=700%2C400&ssl=1 2x, https:\/\/i0.wp.com\/ecobiolia.it\/wp-content\/uploads\/2022\/06\/Lullalove-Coperta-Margherita-Crema-Caramello-1.jpg?resize=1050%2C600&ssl=1 3x, https:\/\/i0.wp.com\/ecobiolia.it\/wp-content\/uploads\/2022\/06\/Lullalove-Coperta-Margherita-Crema-Caramello-1.jpg?resize=1400%2C800&ssl=1 4x"},"classes":[]}],"jetpack_sharing_enabled":true,"_links":{"self":[{"href":"https:\/\/ecobiolia.it\/en\/wp-json\/wp\/v2\/product\/1585","targetHints":{"allow":["GET"]}}],"collection":[{"href":"https:\/\/ecobiolia.it\/en\/wp-json\/wp\/v2\/product"}],"about":[{"href":"https:\/\/ecobiolia.it\/en\/wp-json\/wp\/v2\/types\/product"}],"replies":[{"embeddable":true,"href":"https:\/\/ecobiolia.it\/en\/wp-json\/wp\/v2\/comments?post=1585"}],"version-history":[{"count":5,"href":"https:\/\/ecobiolia.it\/en\/wp-json\/wp\/v2\/product\/1585\/revisions"}],"predecessor-version":[{"id":6343,"href":"https:\/\/ecobiolia.it\/en\/wp-json\/wp\/v2\/product\/1585\/revisions\/6343"}],"wp:featuredmedia":[{"embeddable":true,"href":"https:\/\/ecobiolia.it\/en\/wp-json\/wp\/v2\/media\/6424"}],"wp:attachment":[{"href":"https:\/\/ecobiolia.it\/en\/wp-json\/wp\/v2\/media?parent=1585"}],"wp:term":[{"taxonomy":"product_brand","embeddable":true,"href":"https:\/\/ecobiolia.it\/en\/wp-json\/wp\/v2\/product_brand?post=1585"},{"taxonomy":"product_cat","embeddable":true,"href":"https:\/\/ecobiolia.it\/en\/wp-json\/wp\/v2\/product_cat?post=1585"},{"taxonomy":"product_tag","embeddable":true,"href":"https:\/\/ecobiolia.it\/en\/wp-json\/wp\/v2\/product_tag?post=1585"}],"curies":[{"name":"wp","href":"https:\/\/api.w.org\/{rel}","templated":true}]}}