{"id":1275,"date":"2022-02-25T21:03:56","date_gmt":"2022-02-25T21:03:56","guid":{"rendered":"https:\/\/ecobiolia.it\/?post_type=product&#038;p=1275"},"modified":"2025-04-05T00:00:06","modified_gmt":"2025-04-05T00:00:06","slug":"bamboolik-linserto-pannolino-bamboo-pocket-sagomato","status":"publish","type":"product","link":"https:\/\/ecobiolia.it\/en\/product\/bamboolik-linserto-pannolino-bamboo-pocket-sagomato\/","title":{"rendered":"Bamboolik - Bamboo Pocket Diaper Insert. Set of Three."},"content":{"rendered":"<p>PERCH\u00c9 SCEGLIERE L\u2019INSERTO POCKET BAMBOO SAGOMATO LAVABILE DI BAMBOOLIK<\/p>\n<p>RISPARMIO SUI PANNOLINI<\/p>\n<p>L\u2019inserto \u00e8 lo strato assorbente essenziale per copripannolini Bamboolik sia copripannolino <b>MiniMimi per neonati (3-6 kg), che copripannolino DUO (4-15kg) <\/b>\u00a0e pu\u00f2 accompagnare il bambino dalla nascita fino al vasino. Va inserito nel copripannolino da solo o con un inserto corto \/ lungo per aumentare l&#8217;assorbenza.<\/p>\n<p>L\u2019INSERTO SI FISSA SENZA BOTTONI<\/p>\n<p>L\u2019inserto si fissa attraverso inserimento dentro 4 piccole tasche. In questo modo l\u2019inserto sta abbastanza fermo e permette di cambiare l\u2019inserto molto facilmente.<\/p>\n<p>IDEALE PER BAMBINI A CHI NON PIACE LA SENSAZIONE DI \u201cBAGNATO\u201d<\/p>\n<p>L\u2019inserto ha un lato &#8220;Resta asciutto&#8221;. Nel caso in cui desideri che il bambino si senta asciutto anche con il pannolino bagnato, basta inserire l&#8217;inserto nel copripannolino in modo che lo strato &#8220;Resta asciutto&#8221; tocca la pelle del bambino.<\/p>\n<p>IDEALE PER CHI PREFERISCE MATERIALI NATURALI A CONTATTO CON LA PELLE MA ANCHE AIUTA A FARE SPANNOLINAMENTO<\/p>\n<p>L\u2019inserto ha un lato \u201c<a href=\"https:\/\/ecobiolia.it\/en\/blog\/quali-sono-i-materiali-e-tessuti-sostenibili\/\">viscosa di bamb\u00f9<\/a>\u201d. Bamb\u00f9 \u00e8 un materiale naturale, piacevole al tatto e traspirante che allo stesso tempo fa il bambino sentire l&#8217;umidit\u00e0. Questo rende apprendimento al vasino pi\u00f9 facile.<\/p>\n<p>CERTIFICAZIONE OEKO-TEX<\/p>\n<p>Inserti ecologici sono creati con materiali di origine Europea certificati e di alta qualit\u00e0 e realizzati in Unione Europea. Gli inserti riutilizzabili non contengono sostanze chimiche quindi sono salutari per bambino e proteggono ambiente. Sono ideali per chi soffra di allergia o irritazioni.<\/p>\n<p>&nbsp;<\/p>\n<p><iframe title=\"AI2 DUO Diaper System by Bamboolik\" width=\"1290\" height=\"726\" src=\"https:\/\/www.youtube.com\/embed\/L3Jkxdp0B14?feature=oembed\" frameborder=\"0\" allow=\"accelerometer; autoplay; clipboard-write; encrypted-media; gyroscope; picture-in-picture; web-share\" referrerpolicy=\"strict-origin-when-cross-origin\" allowfullscreen><\/iframe><\/p>","protected":false},"excerpt":{"rendered":"<p>L\u2019Inserto Bamboo Pocket Sagomato \u00e8 lo strato assorbente essenziale per copripannolini Bamboolik sia copripannolino <b>MiniMimi per neonati (3-6 kg), che copripannolino DUO (4-15kg) <\/b>\u00a0e pu\u00f2 accompagnare il bambino dalla nascita fino al vasino. Va inserito nel copripannolino da solo o con un inserto corto \/ lungo per aumentare l&#8217;assorbenza.<\/p>","protected":false},"featured_media":1276,"comment_status":"open","ping_status":"closed","template":"","meta":[],"product_brand":[],"product_cat":[29,59,26,327],"product_tag":[],"class_list":{"0":"post-1275","1":"product","2":"type-product","3":"status-publish","4":"has-post-thumbnail","6":"product_cat-inserti-assorbenti","7":"product_cat-pannolini-con-un-strato-resta-asciutto","8":"product_cat-punnolini-lavabili-e-accessori","9":"product_cat-pannolini-lavabili-ecologici","11":"first","12":"instock","13":"taxable","14":"shipping-taxable","15":"purchasable","16":"product-type-simple"},"yoast_head":"<!-- This site is optimized with the Yoast SEO plugin v27.3 - https:\/\/yoast.com\/product\/yoast-seo-wordpress\/ -->\n<title>Bamboolik - L\u2019Inserto Pannolino Bamboo Pocket. Set di Tre. - EcoBiOlia<\/title>\n<meta name=\"description\" content=\"L\u2019Inserto Bamboo Pocket Sagomato \u00e8 lo strato assorbente per copripannolini e pu\u00f2 accompagnare il bambino dalla nascita fino al vasino.\" \/>\n<meta name=\"robots\" content=\"index, follow, max-snippet:-1, max-image-preview:large, max-video-preview:-1\" \/>\n<link rel=\"canonical\" href=\"https:\/\/ecobiolia.it\/en\/product\/bamboolik-linserto-pannolino-bamboo-pocket-sagomato\/\" \/>\n<meta property=\"og:locale\" content=\"en_GB\" \/>\n<meta property=\"og:type\" content=\"article\" \/>\n<meta property=\"og:title\" content=\"Bamboolik - L\u2019Inserto Pannolino Bamboo Pocket. Set di Tre. - EcoBiOlia\" \/>\n<meta property=\"og:description\" content=\"L\u2019Inserto Bamboo Pocket Sagomato \u00e8 lo strato assorbente per copripannolini e pu\u00f2 accompagnare il bambino dalla nascita fino al vasino.\" \/>\n<meta property=\"og:url\" content=\"https:\/\/ecobiolia.it\/en\/product\/bamboolik-linserto-pannolino-bamboo-pocket-sagomato\/\" \/>\n<meta property=\"og:site_name\" content=\"EcoBiOlia\" \/>\n<meta property=\"article:modified_time\" content=\"2025-04-05T00:00:06+00:00\" \/>\n<meta property=\"og:image\" content=\"https:\/\/ecobiolia.it\/wp-content\/uploads\/2022\/02\/Bamboolik-Inserto-Sagomato.jpg\" \/>\n\t<meta property=\"og:image:width\" content=\"1622\" \/>\n\t<meta property=\"og:image:height\" content=\"1080\" \/>\n\t<meta property=\"og:image:type\" content=\"image\/jpeg\" \/>\n<meta name=\"twitter:card\" content=\"summary_large_image\" \/>\n<meta name=\"twitter:label1\" content=\"Estimated reading time\" \/>\n\t<meta name=\"twitter:data1\" content=\"2 minutes\" \/>\n<script type=\"application\/ld+json\" class=\"yoast-schema-graph\">{\"@context\":\"https:\\\/\\\/schema.org\",\"@graph\":[{\"@type\":\"WebPage\",\"@id\":\"https:\\\/\\\/ecobiolia.it\\\/prodotto\\\/bamboolik-linserto-pannolino-bamboo-pocket-sagomato\\\/\",\"url\":\"https:\\\/\\\/ecobiolia.it\\\/prodotto\\\/bamboolik-linserto-pannolino-bamboo-pocket-sagomato\\\/\",\"name\":\"Bamboolik - L\u2019Inserto Pannolino Bamboo Pocket. Set di Tre. - EcoBiOlia\",\"isPartOf\":{\"@id\":\"https:\\\/\\\/ecobiolia.it\\\/it_it\\\/#website\"},\"primaryImageOfPage\":{\"@id\":\"https:\\\/\\\/ecobiolia.it\\\/prodotto\\\/bamboolik-linserto-pannolino-bamboo-pocket-sagomato\\\/#primaryimage\"},\"image\":{\"@id\":\"https:\\\/\\\/ecobiolia.it\\\/prodotto\\\/bamboolik-linserto-pannolino-bamboo-pocket-sagomato\\\/#primaryimage\"},\"thumbnailUrl\":\"https:\\\/\\\/ecobiolia.it\\\/wp-content\\\/uploads\\\/2022\\\/02\\\/Bamboolik-Inserto-Sagomato.jpg\",\"datePublished\":\"2022-02-25T21:03:56+00:00\",\"dateModified\":\"2025-04-05T00:00:06+00:00\",\"description\":\"L\u2019Inserto Bamboo Pocket Sagomato \u00e8 lo strato assorbente per copripannolini e pu\u00f2 accompagnare il bambino dalla nascita fino al vasino.\",\"breadcrumb\":{\"@id\":\"https:\\\/\\\/ecobiolia.it\\\/prodotto\\\/bamboolik-linserto-pannolino-bamboo-pocket-sagomato\\\/#breadcrumb\"},\"inLanguage\":\"en-GB\",\"potentialAction\":[{\"@type\":\"ReadAction\",\"target\":[\"https:\\\/\\\/ecobiolia.it\\\/prodotto\\\/bamboolik-linserto-pannolino-bamboo-pocket-sagomato\\\/\"]}]},{\"@type\":\"ImageObject\",\"inLanguage\":\"en-GB\",\"@id\":\"https:\\\/\\\/ecobiolia.it\\\/prodotto\\\/bamboolik-linserto-pannolino-bamboo-pocket-sagomato\\\/#primaryimage\",\"url\":\"https:\\\/\\\/ecobiolia.it\\\/wp-content\\\/uploads\\\/2022\\\/02\\\/Bamboolik-Inserto-Sagomato.jpg\",\"contentUrl\":\"https:\\\/\\\/ecobiolia.it\\\/wp-content\\\/uploads\\\/2022\\\/02\\\/Bamboolik-Inserto-Sagomato.jpg\",\"width\":1622,\"height\":1080},{\"@type\":\"BreadcrumbList\",\"@id\":\"https:\\\/\\\/ecobiolia.it\\\/prodotto\\\/bamboolik-linserto-pannolino-bamboo-pocket-sagomato\\\/#breadcrumb\",\"itemListElement\":[{\"@type\":\"ListItem\",\"position\":1,\"name\":\"Home\",\"item\":\"https:\\\/\\\/ecobiolia.it\\\/\"},{\"@type\":\"ListItem\",\"position\":2,\"name\":\"Negozio\",\"item\":\"https:\\\/\\\/ecobiolia.it\\\/negozio\\\/\"},{\"@type\":\"ListItem\",\"position\":3,\"name\":\"Bamboolik &#8211; L\u2019Inserto Pannolino Bamboo Pocket. Set di Tre.\"}]},{\"@type\":\"WebSite\",\"@id\":\"https:\\\/\\\/ecobiolia.it\\\/it_it\\\/#website\",\"url\":\"https:\\\/\\\/ecobiolia.it\\\/it_it\\\/\",\"name\":\"EcoBiOlia\",\"description\":\"Negozio Ecologico per Bambini e Adulti\",\"publisher\":{\"@id\":\"https:\\\/\\\/ecobiolia.it\\\/it_it\\\/#organization\"},\"potentialAction\":[{\"@type\":\"SearchAction\",\"target\":{\"@type\":\"EntryPoint\",\"urlTemplate\":\"https:\\\/\\\/ecobiolia.it\\\/it_it\\\/?s={search_term_string}\"},\"query-input\":{\"@type\":\"PropertyValueSpecification\",\"valueRequired\":true,\"valueName\":\"search_term_string\"}}],\"inLanguage\":\"en-GB\"},{\"@type\":\"Organization\",\"@id\":\"https:\\\/\\\/ecobiolia.it\\\/it_it\\\/#organization\",\"name\":\"EcoBiOlia\",\"url\":\"https:\\\/\\\/ecobiolia.it\\\/it_it\\\/\",\"logo\":{\"@type\":\"ImageObject\",\"inLanguage\":\"en-GB\",\"@id\":\"https:\\\/\\\/ecobiolia.it\\\/it_it\\\/#\\\/schema\\\/logo\\\/image\\\/\",\"url\":\"https:\\\/\\\/ecobiolia.it\\\/wp-content\\\/uploads\\\/2022\\\/04\\\/EcoBiOlia-Logo.png\",\"contentUrl\":\"https:\\\/\\\/ecobiolia.it\\\/wp-content\\\/uploads\\\/2022\\\/04\\\/EcoBiOlia-Logo.png\",\"width\":1772,\"height\":944,\"caption\":\"EcoBiOlia\"},\"image\":{\"@id\":\"https:\\\/\\\/ecobiolia.it\\\/it_it\\\/#\\\/schema\\\/logo\\\/image\\\/\"}}]}<\/script>\n<!-- \/ Yoast SEO plugin. -->","yoast_head_json":{"title":"Bamboolik - L\u2019Inserto Pannolino Bamboo Pocket. Set di Tre. - EcoBiOlia","description":"L\u2019Inserto Bamboo Pocket Sagomato \u00e8 lo strato assorbente per copripannolini e pu\u00f2 accompagnare il bambino dalla nascita fino al vasino.","robots":{"index":"index","follow":"follow","max-snippet":"max-snippet:-1","max-image-preview":"max-image-preview:large","max-video-preview":"max-video-preview:-1"},"canonical":"https:\/\/ecobiolia.it\/en\/product\/bamboolik-linserto-pannolino-bamboo-pocket-sagomato\/","og_locale":"en_GB","og_type":"article","og_title":"Bamboolik - L\u2019Inserto Pannolino Bamboo Pocket. Set di Tre. - EcoBiOlia","og_description":"L\u2019Inserto Bamboo Pocket Sagomato \u00e8 lo strato assorbente per copripannolini e pu\u00f2 accompagnare il bambino dalla nascita fino al vasino.","og_url":"https:\/\/ecobiolia.it\/en\/product\/bamboolik-linserto-pannolino-bamboo-pocket-sagomato\/","og_site_name":"EcoBiOlia","article_modified_time":"2025-04-05T00:00:06+00:00","og_image":[{"width":1622,"height":1080,"url":"https:\/\/ecobiolia.it\/wp-content\/uploads\/2022\/02\/Bamboolik-Inserto-Sagomato.jpg","type":"image\/jpeg"}],"twitter_card":"summary_large_image","twitter_misc":{"Estimated reading time":"2 minutes"},"schema":{"@context":"https:\/\/schema.org","@graph":[{"@type":"WebPage","@id":"https:\/\/ecobiolia.it\/prodotto\/bamboolik-linserto-pannolino-bamboo-pocket-sagomato\/","url":"https:\/\/ecobiolia.it\/prodotto\/bamboolik-linserto-pannolino-bamboo-pocket-sagomato\/","name":"Bamboolik - L\u2019Inserto Pannolino Bamboo Pocket. Set di Tre. - EcoBiOlia","isPartOf":{"@id":"https:\/\/ecobiolia.it\/it_it\/#website"},"primaryImageOfPage":{"@id":"https:\/\/ecobiolia.it\/prodotto\/bamboolik-linserto-pannolino-bamboo-pocket-sagomato\/#primaryimage"},"image":{"@id":"https:\/\/ecobiolia.it\/prodotto\/bamboolik-linserto-pannolino-bamboo-pocket-sagomato\/#primaryimage"},"thumbnailUrl":"https:\/\/ecobiolia.it\/wp-content\/uploads\/2022\/02\/Bamboolik-Inserto-Sagomato.jpg","datePublished":"2022-02-25T21:03:56+00:00","dateModified":"2025-04-05T00:00:06+00:00","description":"L\u2019Inserto Bamboo Pocket Sagomato \u00e8 lo strato assorbente per copripannolini e pu\u00f2 accompagnare il bambino dalla nascita fino al vasino.","breadcrumb":{"@id":"https:\/\/ecobiolia.it\/prodotto\/bamboolik-linserto-pannolino-bamboo-pocket-sagomato\/#breadcrumb"},"inLanguage":"en-GB","potentialAction":[{"@type":"ReadAction","target":["https:\/\/ecobiolia.it\/prodotto\/bamboolik-linserto-pannolino-bamboo-pocket-sagomato\/"]}]},{"@type":"ImageObject","inLanguage":"en-GB","@id":"https:\/\/ecobiolia.it\/prodotto\/bamboolik-linserto-pannolino-bamboo-pocket-sagomato\/#primaryimage","url":"https:\/\/ecobiolia.it\/wp-content\/uploads\/2022\/02\/Bamboolik-Inserto-Sagomato.jpg","contentUrl":"https:\/\/ecobiolia.it\/wp-content\/uploads\/2022\/02\/Bamboolik-Inserto-Sagomato.jpg","width":1622,"height":1080},{"@type":"BreadcrumbList","@id":"https:\/\/ecobiolia.it\/prodotto\/bamboolik-linserto-pannolino-bamboo-pocket-sagomato\/#breadcrumb","itemListElement":[{"@type":"ListItem","position":1,"name":"Home","item":"https:\/\/ecobiolia.it\/"},{"@type":"ListItem","position":2,"name":"Negozio","item":"https:\/\/ecobiolia.it\/negozio\/"},{"@type":"ListItem","position":3,"name":"Bamboolik &#8211; L\u2019Inserto Pannolino Bamboo Pocket. Set di Tre."}]},{"@type":"WebSite","@id":"https:\/\/ecobiolia.it\/it_it\/#website","url":"https:\/\/ecobiolia.it\/it_it\/","name":"EcoBiOlia","description":"Negozio Ecologico per Bambini e Adulti","publisher":{"@id":"https:\/\/ecobiolia.it\/it_it\/#organization"},"potentialAction":[{"@type":"SearchAction","target":{"@type":"EntryPoint","urlTemplate":"https:\/\/ecobiolia.it\/it_it\/?s={search_term_string}"},"query-input":{"@type":"PropertyValueSpecification","valueRequired":true,"valueName":"search_term_string"}}],"inLanguage":"en-GB"},{"@type":"Organization","@id":"https:\/\/ecobiolia.it\/it_it\/#organization","name":"EcoBiOlia","url":"https:\/\/ecobiolia.it\/it_it\/","logo":{"@type":"ImageObject","inLanguage":"en-GB","@id":"https:\/\/ecobiolia.it\/it_it\/#\/schema\/logo\/image\/","url":"https:\/\/ecobiolia.it\/wp-content\/uploads\/2022\/04\/EcoBiOlia-Logo.png","contentUrl":"https:\/\/ecobiolia.it\/wp-content\/uploads\/2022\/04\/EcoBiOlia-Logo.png","width":1772,"height":944,"caption":"EcoBiOlia"},"image":{"@id":"https:\/\/ecobiolia.it\/it_it\/#\/schema\/logo\/image\/"}}]}},"jetpack-related-posts":[{"id":1281,"url":"https:\/\/ecobiolia.it\/en\/product\/bamboolik-linserto-pannolino-cotone-biologico-pocket\/","url_meta":{"origin":1275,"position":0},"title":"Bamboolik - Organic Cotton Pocket Diaper Insert","author":"Olga","date":"26 February 2022","format":false,"excerpt":"L\u2019Inserto Pocket Sagomato in Cotone Organico \u00e8 l'inserto assorbente pi\u00f9 universale, utilizzabile per qualsiasi tipo di cambio del pannolino, per un bambino da 4 fino a 15 kg. Va inserito nel copripannolino da solo o con un inserto corto \/ lungo per aumentare l'assorbenza.","rel":"","context":"Similar post","block_context":{"text":"Similar post","link":""},"img":{"alt_text":"","src":"https:\/\/i0.wp.com\/ecobiolia.it\/wp-content\/uploads\/2022\/02\/Bamboolik-Inserto-Cotone-Organico-Sagomato.jpg?resize=350%2C200&ssl=1","width":350,"height":200,"srcset":"https:\/\/i0.wp.com\/ecobiolia.it\/wp-content\/uploads\/2022\/02\/Bamboolik-Inserto-Cotone-Organico-Sagomato.jpg?resize=350%2C200&ssl=1 1x, https:\/\/i0.wp.com\/ecobiolia.it\/wp-content\/uploads\/2022\/02\/Bamboolik-Inserto-Cotone-Organico-Sagomato.jpg?resize=525%2C300&ssl=1 1.5x, https:\/\/i0.wp.com\/ecobiolia.it\/wp-content\/uploads\/2022\/02\/Bamboolik-Inserto-Cotone-Organico-Sagomato.jpg?resize=700%2C400&ssl=1 2x, https:\/\/i0.wp.com\/ecobiolia.it\/wp-content\/uploads\/2022\/02\/Bamboolik-Inserto-Cotone-Organico-Sagomato.jpg?resize=1050%2C600&ssl=1 3x, https:\/\/i0.wp.com\/ecobiolia.it\/wp-content\/uploads\/2022\/02\/Bamboolik-Inserto-Cotone-Organico-Sagomato.jpg?resize=1400%2C800&ssl=1 4x"},"classes":[]},{"id":718,"url":"https:\/\/ecobiolia.it\/en\/product\/bamboolik-pannolini-fitted-pocket-lavabili-con-inserto-cucito\/","url_meta":{"origin":1275,"position":1},"title":"Bamboolik &#8211; Pannolini Fitted Pocket Lavabili con Inserto Cucito","author":"Olga","date":"7 November 2021","format":false,"excerpt":"Pannolini ecologici aderenti di Bamboolik possono permettere al tuo bambino di rimanere asciutto tutta la notte anche con pannolino bagnato. La mutandina esterna dei pannolini fitted \u00e8 in materiale morbido e soffice. Morbidi elastici sulle gambe impediscono fuoriuscite e riducono al minimo segnetti. Pannolini ecologici sono creati con materiali certificati\u2026","rel":"","context":"With 1 comment","block_context":{"text":"With 1 comment","link":"https:\/\/ecobiolia.it\/en\/product\/bamboolik-pannolini-fitted-pocket-lavabili-con-inserto-cucito\/#comments"},"img":{"alt_text":"","src":"https:\/\/i0.wp.com\/ecobiolia.it\/wp-content\/uploads\/2021\/11\/fitted3-1.png?resize=350%2C200&ssl=1","width":350,"height":200,"srcset":"https:\/\/i0.wp.com\/ecobiolia.it\/wp-content\/uploads\/2021\/11\/fitted3-1.png?resize=350%2C200&ssl=1 1x, https:\/\/i0.wp.com\/ecobiolia.it\/wp-content\/uploads\/2021\/11\/fitted3-1.png?resize=525%2C300&ssl=1 1.5x, https:\/\/i0.wp.com\/ecobiolia.it\/wp-content\/uploads\/2021\/11\/fitted3-1.png?resize=700%2C400&ssl=1 2x, https:\/\/i0.wp.com\/ecobiolia.it\/wp-content\/uploads\/2021\/11\/fitted3-1.png?resize=1050%2C600&ssl=1 3x, https:\/\/i0.wp.com\/ecobiolia.it\/wp-content\/uploads\/2021\/11\/fitted3-1.png?resize=1400%2C800&ssl=1 4x"},"classes":[]},{"id":647,"url":"https:\/\/ecobiolia.it\/en\/product\/bamboolik-pannolini-lavabili-pocket-bambu-con-inserto\/","url_meta":{"origin":1275,"position":2},"title":"Pannolini Lavabili Pocket Bamb\u00f9 con Inserto","author":"Olga","date":"6 November 2021","format":false,"excerpt":"Pannolino Riutilizzabile Pocket Bamboo \u00e8 un pannolino superiore della linea pocket. Il pannolino Bamboolik \u00e8 creato per garantire la protezione delle fuoriuscite: due barriere, due canali e una tasca capiente per avere un pannolino di assorbenza giusta. In aggiunta il pannolino \u00e8 facile da usare, morbido al tatto, regolabile e\u2026","rel":"","context":"With 1 comment","block_context":{"text":"With 1 comment","link":"https:\/\/ecobiolia.it\/en\/product\/bamboolik-pannolini-lavabili-pocket-bambu-con-inserto\/#comments"},"img":{"alt_text":"","src":"https:\/\/i0.wp.com\/ecobiolia.it\/wp-content\/uploads\/2021\/11\/00010076-scaled.jpg?resize=350%2C200&ssl=1","width":350,"height":200,"srcset":"https:\/\/i0.wp.com\/ecobiolia.it\/wp-content\/uploads\/2021\/11\/00010076-scaled.jpg?resize=350%2C200&ssl=1 1x, https:\/\/i0.wp.com\/ecobiolia.it\/wp-content\/uploads\/2021\/11\/00010076-scaled.jpg?resize=525%2C300&ssl=1 1.5x, https:\/\/i0.wp.com\/ecobiolia.it\/wp-content\/uploads\/2021\/11\/00010076-scaled.jpg?resize=700%2C400&ssl=1 2x, https:\/\/i0.wp.com\/ecobiolia.it\/wp-content\/uploads\/2021\/11\/00010076-scaled.jpg?resize=1050%2C600&ssl=1 3x, https:\/\/i0.wp.com\/ecobiolia.it\/wp-content\/uploads\/2021\/11\/00010076-scaled.jpg?resize=1400%2C800&ssl=1 4x"},"classes":[]},{"id":1287,"url":"https:\/\/ecobiolia.it\/en\/product\/bamboolik-linserto-pannolino-bamboo-lungo-set-di-tre\/","url_meta":{"origin":1275,"position":3},"title":"L\u2019Inserto Pannolino Bamboo Lungo. Set di Tre.","author":"Olga","date":"26 February 2022","format":false,"excerpt":"L\u2019inserto lungo bamboo \u00e8 lo strato assorbente aggiuntivo per aumentare l'assorbenza ovunque ne hai bisogno. Da mettere nella tasca di un assorbente sagomato DUO, in un pannolino tascabile o nel pannolino lavabile pocket fitted night.","rel":"","context":"Similar post","block_context":{"text":"Similar post","link":""},"img":{"alt_text":"","src":"https:\/\/i0.wp.com\/ecobiolia.it\/wp-content\/uploads\/2022\/02\/Bamboolik-Inserto-Aggiuntivo-Lungo.jpg?resize=350%2C200&ssl=1","width":350,"height":200,"srcset":"https:\/\/i0.wp.com\/ecobiolia.it\/wp-content\/uploads\/2022\/02\/Bamboolik-Inserto-Aggiuntivo-Lungo.jpg?resize=350%2C200&ssl=1 1x, https:\/\/i0.wp.com\/ecobiolia.it\/wp-content\/uploads\/2022\/02\/Bamboolik-Inserto-Aggiuntivo-Lungo.jpg?resize=525%2C300&ssl=1 1.5x, https:\/\/i0.wp.com\/ecobiolia.it\/wp-content\/uploads\/2022\/02\/Bamboolik-Inserto-Aggiuntivo-Lungo.jpg?resize=700%2C400&ssl=1 2x, https:\/\/i0.wp.com\/ecobiolia.it\/wp-content\/uploads\/2022\/02\/Bamboolik-Inserto-Aggiuntivo-Lungo.jpg?resize=1050%2C600&ssl=1 3x, https:\/\/i0.wp.com\/ecobiolia.it\/wp-content\/uploads\/2022\/02\/Bamboolik-Inserto-Aggiuntivo-Lungo.jpg?resize=1400%2C800&ssl=1 4x"},"classes":[]},{"id":1105,"url":"https:\/\/ecobiolia.it\/en\/product\/bamboolik-cover-copripannolino-impermeabile-lavabile\/","url_meta":{"origin":1275,"position":4},"title":"Bamboolik - Nappy Cover Washable and Waterproof.","author":"Olga","date":"8 February 2022","format":false,"excerpt":"Cover Copripannolino Impermeabile Lavabile \u2014 strato impermeabile per pannolini di stoffa che trattiene i liquidi in modo sicuro. Chiusura con Bottoncini e a Strappo.","rel":"","context":"Similar post","block_context":{"text":"Similar post","link":""},"img":{"alt_text":"","src":"https:\/\/i0.wp.com\/ecobiolia.it\/wp-content\/uploads\/2022\/02\/Bamboolik-Cover-Strappo-Bottoni.jpg?resize=350%2C200&ssl=1","width":350,"height":200,"srcset":"https:\/\/i0.wp.com\/ecobiolia.it\/wp-content\/uploads\/2022\/02\/Bamboolik-Cover-Strappo-Bottoni.jpg?resize=350%2C200&ssl=1 1x, https:\/\/i0.wp.com\/ecobiolia.it\/wp-content\/uploads\/2022\/02\/Bamboolik-Cover-Strappo-Bottoni.jpg?resize=525%2C300&ssl=1 1.5x, https:\/\/i0.wp.com\/ecobiolia.it\/wp-content\/uploads\/2022\/02\/Bamboolik-Cover-Strappo-Bottoni.jpg?resize=700%2C400&ssl=1 2x, https:\/\/i0.wp.com\/ecobiolia.it\/wp-content\/uploads\/2022\/02\/Bamboolik-Cover-Strappo-Bottoni.jpg?resize=1050%2C600&ssl=1 3x, https:\/\/i0.wp.com\/ecobiolia.it\/wp-content\/uploads\/2022\/02\/Bamboolik-Cover-Strappo-Bottoni.jpg?resize=1400%2C800&ssl=1 4x"},"classes":[]},{"id":5819,"url":"https:\/\/ecobiolia.it\/en\/product\/mutandine-da-apprendimento-impermeabili-in-pul-taglia-l\/","url_meta":{"origin":1275,"position":5},"title":"Mutandine da Apprendimento Impermeabili in PUL &#8211; Taglia L","author":"Olga","date":"11 September 2023","format":false,"excerpt":"Mutandine da Apprendimento Impermeabili in PUL impermeabile ma trasparente e\u00a0 jersey elastico in vita sono versatili, compatibili con qualsiasi tipo di inserto, pratiche e comodi. Il Jersey Elastico permette ai bambini di sentirsi grandi e abbassare da solo la mutandina. La possibilit\u00e0 di cambiare solo inserti e non tutta la\u2026","rel":"","context":"Similar post","block_context":{"text":"Similar post","link":""},"img":{"alt_text":"","src":"https:\/\/i0.wp.com\/ecobiolia.it\/wp-content\/uploads\/2022\/02\/Bamboolik-Mutandina-da-Apprendimento-Otters-in-Love.jpg?resize=350%2C200&ssl=1","width":350,"height":200,"srcset":"https:\/\/i0.wp.com\/ecobiolia.it\/wp-content\/uploads\/2022\/02\/Bamboolik-Mutandina-da-Apprendimento-Otters-in-Love.jpg?resize=350%2C200&ssl=1 1x, https:\/\/i0.wp.com\/ecobiolia.it\/wp-content\/uploads\/2022\/02\/Bamboolik-Mutandina-da-Apprendimento-Otters-in-Love.jpg?resize=525%2C300&ssl=1 1.5x, https:\/\/i0.wp.com\/ecobiolia.it\/wp-content\/uploads\/2022\/02\/Bamboolik-Mutandina-da-Apprendimento-Otters-in-Love.jpg?resize=700%2C400&ssl=1 2x, https:\/\/i0.wp.com\/ecobiolia.it\/wp-content\/uploads\/2022\/02\/Bamboolik-Mutandina-da-Apprendimento-Otters-in-Love.jpg?resize=1050%2C600&ssl=1 3x, https:\/\/i0.wp.com\/ecobiolia.it\/wp-content\/uploads\/2022\/02\/Bamboolik-Mutandina-da-Apprendimento-Otters-in-Love.jpg?resize=1400%2C800&ssl=1 4x"},"classes":[]}],"jetpack_sharing_enabled":true,"_links":{"self":[{"href":"https:\/\/ecobiolia.it\/en\/wp-json\/wp\/v2\/product\/1275","targetHints":{"allow":["GET"]}}],"collection":[{"href":"https:\/\/ecobiolia.it\/en\/wp-json\/wp\/v2\/product"}],"about":[{"href":"https:\/\/ecobiolia.it\/en\/wp-json\/wp\/v2\/types\/product"}],"replies":[{"embeddable":true,"href":"https:\/\/ecobiolia.it\/en\/wp-json\/wp\/v2\/comments?post=1275"}],"version-history":[{"count":1,"href":"https:\/\/ecobiolia.it\/en\/wp-json\/wp\/v2\/product\/1275\/revisions"}],"predecessor-version":[{"id":6360,"href":"https:\/\/ecobiolia.it\/en\/wp-json\/wp\/v2\/product\/1275\/revisions\/6360"}],"wp:featuredmedia":[{"embeddable":true,"href":"https:\/\/ecobiolia.it\/en\/wp-json\/wp\/v2\/media\/1276"}],"wp:attachment":[{"href":"https:\/\/ecobiolia.it\/en\/wp-json\/wp\/v2\/media?parent=1275"}],"wp:term":[{"taxonomy":"product_brand","embeddable":true,"href":"https:\/\/ecobiolia.it\/en\/wp-json\/wp\/v2\/product_brand?post=1275"},{"taxonomy":"product_cat","embeddable":true,"href":"https:\/\/ecobiolia.it\/en\/wp-json\/wp\/v2\/product_cat?post=1275"},{"taxonomy":"product_tag","embeddable":true,"href":"https:\/\/ecobiolia.it\/en\/wp-json\/wp\/v2\/product_tag?post=1275"}],"curies":[{"name":"wp","href":"https:\/\/api.w.org\/{rel}","templated":true}]}}