{"id":1105,"date":"2022-02-08T21:11:22","date_gmt":"2022-02-08T21:11:22","guid":{"rendered":"https:\/\/ecobiolia.it\/?post_type=product&#038;p=1105"},"modified":"2025-04-05T00:00:07","modified_gmt":"2025-04-05T00:00:07","slug":"bamboolik-cover-copripannolino-impermeabile-lavabile","status":"publish","type":"product","link":"https:\/\/ecobiolia.it\/en\/product\/bamboolik-cover-copripannolino-impermeabile-lavabile\/","title":{"rendered":"Bamboolik - Nappy Cover Washable and Waterproof."},"content":{"rendered":"<p>PERCH\u00c9 SCEGLIERE BAMBOOLIK &#8211; COVER COPRIPANNOLINO IMPERMEABILE LAVABILE.<\/p>\n<p><span class=\"a-list-item\">CERTIFICAZIONE OEKO-TEX<br \/>\n<\/span><\/p>\n<p><span class=\"a-list-item\">Il cover per pannolini ecologici \u00e8 creato con materiali di origine europea certificati e di alta qualit\u00e0 e realizzati in Unione Europea. <\/span>Quindi il pannolino \u00e8 ecologico: non contiene sostanze chimiche e salutare sia per il bambino che ambiente.<\/p>\n<p>RISPARMIO SUI PANNOLINI<\/p>\n<p>Il copripannolino pu\u00f2 accompagnare il bambino dalla nascita (dai 4 kg di peso) fino al vasino (fino a 15 kg di peso) perch\u00e8 \u00e8 regolabile tramite i bottoncini e la chiusura. \u00a0Il cover \u00e8 perfetto con l\u2019inserto sagomato originale ma pu\u00f2 essere usato con diversi tipi di inserti assorbenti, anche prefold.<\/p>\n<p>BELLO DA INDOSSARE<\/p>\n<p>Bamboolik &#8211; Cover Copripannolino Impermeabile \u00e8 perfetto anche per essere mostrato e coordinato all&#8217;abbigliamento perch\u00e9 ci sono diversi fantasie.<\/p>\n<p>PERFETTO PER BAMBINI MOLTO ATTIVI<\/p>\n<p>La doppia fascia elastica sulle gambe impedisce le fuoriuscite. Elastici sulla pancia e sulla schiena permettono il cover di adattarsi ai movimenti del bambino riducendo al minimo i segnetti.<\/p>\n<p>IMPERMEABILE E TRASPIRANTE<\/p>\n<p>Il cover \u00e8 in PUL elastico, tessuto impermeabile che per\u00f2 permette alle pelle del bambino di traspirare.<\/p>\n<p>FACILE DA USARE<\/p>\n<p>Regola la taglia, inserisci <a href=\"https:\/\/ecobiolia.it\/en\/product\/bamboolik-linserto-pannolino-bamboo-pocket-sagomato\/\">l\u2019inserto sagomato<\/a> nel copripannolino, o metti il cover sopra il <a href=\"https:\/\/ecobiolia.it\/en\/product\/bamboolik-pannolini-fitted-pocket-lavabili-con-inserto-cucito\/\">pannolino aderente notte<\/a>, e permetti la pelle sensibile a traspirare. Il cover si pu\u00f2 reutilizzare diverse volte prima di lavarlo. Cover usato si conserve nello <a href=\"https:\/\/ecobiolia.it\/en\/product\/wet-bag-piccola-impermeabile-assorbenti-pannolini-coppette\/\">wet-bag<\/a> o bidone richiudibile e si lava nella lavatrice a 60 gradi ogni 2-3 giorni. Per lavaggio il velcro va richiuso e l\u2019inserto va staccato dal cover. <b>Il copripannolinio deve essere asciugato all&#8217;aria. Non lavare il cover impermeabile a mano e non asciugarla su una fonte diretta di calore (riscaldamento o sole estivo diretto). Prima di utilizzare il prodotto \u00e8 necessario fare un lavaggio a 60 \u00b0C.<\/b><\/p>","protected":false},"excerpt":{"rendered":"<p>Cover Copripannolino Impermeabile Lavabile \u2014 strato impermeabile per pannolini di stoffa che trattiene i liquidi in modo sicuro. Chiusura con Bottoncini e a Strappo.<\/p>","protected":false},"featured_media":1210,"comment_status":"open","ping_status":"closed","template":"","meta":[],"product_brand":[],"product_cat":[27,26,327,44],"product_tag":[],"class_list":{"0":"post-1105","1":"product","2":"type-product","3":"status-publish","4":"has-post-thumbnail","6":"product_cat-cover-mutandina-copripannolino","7":"product_cat-punnolini-lavabili-e-accessori","8":"product_cat-pannolini-lavabili-ecologici","9":"product_cat-prodotti-per-infanzia","11":"first","12":"instock","13":"taxable","14":"shipping-taxable","15":"purchasable","16":"product-type-variable"},"yoast_head":"<!-- This site is optimized with the Yoast SEO plugin v27.3 - https:\/\/yoast.com\/product\/yoast-seo-wordpress\/ -->\n<title>Bamboolik - Cover Copripannolino Impermeabile Lavabile. - EcoBiOlia<\/title>\n<meta name=\"description\" content=\"Cover Copripannolino Impermeabile Lavabile \u2014 strato impermeabile per pannolini di stoffa che trattiene i liquidi in modo sicuro.\" \/>\n<meta name=\"robots\" content=\"index, follow, max-snippet:-1, max-image-preview:large, max-video-preview:-1\" \/>\n<link rel=\"canonical\" href=\"https:\/\/ecobiolia.it\/en\/product\/bamboolik-cover-copripannolino-impermeabile-lavabile\/\" \/>\n<meta property=\"og:locale\" content=\"en_GB\" \/>\n<meta property=\"og:type\" content=\"article\" \/>\n<meta property=\"og:title\" content=\"Bamboolik - Cover Copripannolino Impermeabile Lavabile. - EcoBiOlia\" \/>\n<meta property=\"og:description\" content=\"Cover Copripannolino Impermeabile Lavabile \u2014 strato impermeabile per pannolini di stoffa che trattiene i liquidi in modo sicuro.\" \/>\n<meta property=\"og:url\" content=\"https:\/\/ecobiolia.it\/en\/product\/bamboolik-cover-copripannolino-impermeabile-lavabile\/\" \/>\n<meta property=\"og:site_name\" content=\"EcoBiOlia\" \/>\n<meta property=\"article:modified_time\" content=\"2025-04-05T00:00:07+00:00\" \/>\n<meta property=\"og:image\" content=\"https:\/\/ecobiolia.it\/wp-content\/uploads\/2022\/02\/Bamboolik-Cover-Strappo-Bottoni.jpg\" \/>\n\t<meta property=\"og:image:width\" content=\"1622\" \/>\n\t<meta property=\"og:image:height\" content=\"1082\" \/>\n\t<meta property=\"og:image:type\" content=\"image\/jpeg\" \/>\n<meta name=\"twitter:card\" content=\"summary_large_image\" \/>\n<meta name=\"twitter:label1\" content=\"Estimated reading time\" \/>\n\t<meta name=\"twitter:data1\" content=\"2 minutes\" \/>\n<script type=\"application\/ld+json\" class=\"yoast-schema-graph\">{\"@context\":\"https:\\\/\\\/schema.org\",\"@graph\":[{\"@type\":\"WebPage\",\"@id\":\"https:\\\/\\\/ecobiolia.it\\\/prodotto\\\/bamboolik-cover-copripannolino-impermeabile-lavabile\\\/\",\"url\":\"https:\\\/\\\/ecobiolia.it\\\/prodotto\\\/bamboolik-cover-copripannolino-impermeabile-lavabile\\\/\",\"name\":\"Bamboolik - Cover Copripannolino Impermeabile Lavabile. - EcoBiOlia\",\"isPartOf\":{\"@id\":\"https:\\\/\\\/ecobiolia.it\\\/it_it\\\/#website\"},\"primaryImageOfPage\":{\"@id\":\"https:\\\/\\\/ecobiolia.it\\\/prodotto\\\/bamboolik-cover-copripannolino-impermeabile-lavabile\\\/#primaryimage\"},\"image\":{\"@id\":\"https:\\\/\\\/ecobiolia.it\\\/prodotto\\\/bamboolik-cover-copripannolino-impermeabile-lavabile\\\/#primaryimage\"},\"thumbnailUrl\":\"https:\\\/\\\/ecobiolia.it\\\/wp-content\\\/uploads\\\/2022\\\/02\\\/Bamboolik-Cover-Strappo-Bottoni.jpg\",\"datePublished\":\"2022-02-08T21:11:22+00:00\",\"dateModified\":\"2025-04-05T00:00:07+00:00\",\"description\":\"Cover Copripannolino Impermeabile Lavabile \u2014 strato impermeabile per pannolini di stoffa che trattiene i liquidi in modo sicuro.\",\"breadcrumb\":{\"@id\":\"https:\\\/\\\/ecobiolia.it\\\/prodotto\\\/bamboolik-cover-copripannolino-impermeabile-lavabile\\\/#breadcrumb\"},\"inLanguage\":\"en-GB\",\"potentialAction\":[{\"@type\":\"ReadAction\",\"target\":[\"https:\\\/\\\/ecobiolia.it\\\/prodotto\\\/bamboolik-cover-copripannolino-impermeabile-lavabile\\\/\"]}]},{\"@type\":\"ImageObject\",\"inLanguage\":\"en-GB\",\"@id\":\"https:\\\/\\\/ecobiolia.it\\\/prodotto\\\/bamboolik-cover-copripannolino-impermeabile-lavabile\\\/#primaryimage\",\"url\":\"https:\\\/\\\/ecobiolia.it\\\/wp-content\\\/uploads\\\/2022\\\/02\\\/Bamboolik-Cover-Strappo-Bottoni.jpg\",\"contentUrl\":\"https:\\\/\\\/ecobiolia.it\\\/wp-content\\\/uploads\\\/2022\\\/02\\\/Bamboolik-Cover-Strappo-Bottoni.jpg\",\"width\":1622,\"height\":1082},{\"@type\":\"BreadcrumbList\",\"@id\":\"https:\\\/\\\/ecobiolia.it\\\/prodotto\\\/bamboolik-cover-copripannolino-impermeabile-lavabile\\\/#breadcrumb\",\"itemListElement\":[{\"@type\":\"ListItem\",\"position\":1,\"name\":\"Home\",\"item\":\"https:\\\/\\\/ecobiolia.it\\\/\"},{\"@type\":\"ListItem\",\"position\":2,\"name\":\"Negozio\",\"item\":\"https:\\\/\\\/ecobiolia.it\\\/negozio\\\/\"},{\"@type\":\"ListItem\",\"position\":3,\"name\":\"Bamboolik &#8211; Cover Copripannolino Impermeabile Lavabile.\"}]},{\"@type\":\"WebSite\",\"@id\":\"https:\\\/\\\/ecobiolia.it\\\/it_it\\\/#website\",\"url\":\"https:\\\/\\\/ecobiolia.it\\\/it_it\\\/\",\"name\":\"EcoBiOlia\",\"description\":\"Negozio Ecologico per Bambini e Adulti\",\"publisher\":{\"@id\":\"https:\\\/\\\/ecobiolia.it\\\/it_it\\\/#organization\"},\"potentialAction\":[{\"@type\":\"SearchAction\",\"target\":{\"@type\":\"EntryPoint\",\"urlTemplate\":\"https:\\\/\\\/ecobiolia.it\\\/it_it\\\/?s={search_term_string}\"},\"query-input\":{\"@type\":\"PropertyValueSpecification\",\"valueRequired\":true,\"valueName\":\"search_term_string\"}}],\"inLanguage\":\"en-GB\"},{\"@type\":\"Organization\",\"@id\":\"https:\\\/\\\/ecobiolia.it\\\/it_it\\\/#organization\",\"name\":\"EcoBiOlia\",\"url\":\"https:\\\/\\\/ecobiolia.it\\\/it_it\\\/\",\"logo\":{\"@type\":\"ImageObject\",\"inLanguage\":\"en-GB\",\"@id\":\"https:\\\/\\\/ecobiolia.it\\\/it_it\\\/#\\\/schema\\\/logo\\\/image\\\/\",\"url\":\"https:\\\/\\\/ecobiolia.it\\\/wp-content\\\/uploads\\\/2022\\\/04\\\/EcoBiOlia-Logo.png\",\"contentUrl\":\"https:\\\/\\\/ecobiolia.it\\\/wp-content\\\/uploads\\\/2022\\\/04\\\/EcoBiOlia-Logo.png\",\"width\":1772,\"height\":944,\"caption\":\"EcoBiOlia\"},\"image\":{\"@id\":\"https:\\\/\\\/ecobiolia.it\\\/it_it\\\/#\\\/schema\\\/logo\\\/image\\\/\"}}]}<\/script>\n<!-- \/ Yoast SEO plugin. -->","yoast_head_json":{"title":"Bamboolik - Cover Copripannolino Impermeabile Lavabile. - EcoBiOlia","description":"Cover Copripannolino Impermeabile Lavabile \u2014 strato impermeabile per pannolini di stoffa che trattiene i liquidi in modo sicuro.","robots":{"index":"index","follow":"follow","max-snippet":"max-snippet:-1","max-image-preview":"max-image-preview:large","max-video-preview":"max-video-preview:-1"},"canonical":"https:\/\/ecobiolia.it\/en\/product\/bamboolik-cover-copripannolino-impermeabile-lavabile\/","og_locale":"en_GB","og_type":"article","og_title":"Bamboolik - Cover Copripannolino Impermeabile Lavabile. - EcoBiOlia","og_description":"Cover Copripannolino Impermeabile Lavabile \u2014 strato impermeabile per pannolini di stoffa che trattiene i liquidi in modo sicuro.","og_url":"https:\/\/ecobiolia.it\/en\/product\/bamboolik-cover-copripannolino-impermeabile-lavabile\/","og_site_name":"EcoBiOlia","article_modified_time":"2025-04-05T00:00:07+00:00","og_image":[{"width":1622,"height":1082,"url":"https:\/\/ecobiolia.it\/wp-content\/uploads\/2022\/02\/Bamboolik-Cover-Strappo-Bottoni.jpg","type":"image\/jpeg"}],"twitter_card":"summary_large_image","twitter_misc":{"Estimated reading time":"2 minutes"},"schema":{"@context":"https:\/\/schema.org","@graph":[{"@type":"WebPage","@id":"https:\/\/ecobiolia.it\/prodotto\/bamboolik-cover-copripannolino-impermeabile-lavabile\/","url":"https:\/\/ecobiolia.it\/prodotto\/bamboolik-cover-copripannolino-impermeabile-lavabile\/","name":"Bamboolik - Cover Copripannolino Impermeabile Lavabile. - EcoBiOlia","isPartOf":{"@id":"https:\/\/ecobiolia.it\/it_it\/#website"},"primaryImageOfPage":{"@id":"https:\/\/ecobiolia.it\/prodotto\/bamboolik-cover-copripannolino-impermeabile-lavabile\/#primaryimage"},"image":{"@id":"https:\/\/ecobiolia.it\/prodotto\/bamboolik-cover-copripannolino-impermeabile-lavabile\/#primaryimage"},"thumbnailUrl":"https:\/\/ecobiolia.it\/wp-content\/uploads\/2022\/02\/Bamboolik-Cover-Strappo-Bottoni.jpg","datePublished":"2022-02-08T21:11:22+00:00","dateModified":"2025-04-05T00:00:07+00:00","description":"Cover Copripannolino Impermeabile Lavabile \u2014 strato impermeabile per pannolini di stoffa che trattiene i liquidi in modo sicuro.","breadcrumb":{"@id":"https:\/\/ecobiolia.it\/prodotto\/bamboolik-cover-copripannolino-impermeabile-lavabile\/#breadcrumb"},"inLanguage":"en-GB","potentialAction":[{"@type":"ReadAction","target":["https:\/\/ecobiolia.it\/prodotto\/bamboolik-cover-copripannolino-impermeabile-lavabile\/"]}]},{"@type":"ImageObject","inLanguage":"en-GB","@id":"https:\/\/ecobiolia.it\/prodotto\/bamboolik-cover-copripannolino-impermeabile-lavabile\/#primaryimage","url":"https:\/\/ecobiolia.it\/wp-content\/uploads\/2022\/02\/Bamboolik-Cover-Strappo-Bottoni.jpg","contentUrl":"https:\/\/ecobiolia.it\/wp-content\/uploads\/2022\/02\/Bamboolik-Cover-Strappo-Bottoni.jpg","width":1622,"height":1082},{"@type":"BreadcrumbList","@id":"https:\/\/ecobiolia.it\/prodotto\/bamboolik-cover-copripannolino-impermeabile-lavabile\/#breadcrumb","itemListElement":[{"@type":"ListItem","position":1,"name":"Home","item":"https:\/\/ecobiolia.it\/"},{"@type":"ListItem","position":2,"name":"Negozio","item":"https:\/\/ecobiolia.it\/negozio\/"},{"@type":"ListItem","position":3,"name":"Bamboolik &#8211; Cover Copripannolino Impermeabile Lavabile."}]},{"@type":"WebSite","@id":"https:\/\/ecobiolia.it\/it_it\/#website","url":"https:\/\/ecobiolia.it\/it_it\/","name":"EcoBiOlia","description":"Negozio Ecologico per Bambini e Adulti","publisher":{"@id":"https:\/\/ecobiolia.it\/it_it\/#organization"},"potentialAction":[{"@type":"SearchAction","target":{"@type":"EntryPoint","urlTemplate":"https:\/\/ecobiolia.it\/it_it\/?s={search_term_string}"},"query-input":{"@type":"PropertyValueSpecification","valueRequired":true,"valueName":"search_term_string"}}],"inLanguage":"en-GB"},{"@type":"Organization","@id":"https:\/\/ecobiolia.it\/it_it\/#organization","name":"EcoBiOlia","url":"https:\/\/ecobiolia.it\/it_it\/","logo":{"@type":"ImageObject","inLanguage":"en-GB","@id":"https:\/\/ecobiolia.it\/it_it\/#\/schema\/logo\/image\/","url":"https:\/\/ecobiolia.it\/wp-content\/uploads\/2022\/04\/EcoBiOlia-Logo.png","contentUrl":"https:\/\/ecobiolia.it\/wp-content\/uploads\/2022\/04\/EcoBiOlia-Logo.png","width":1772,"height":944,"caption":"EcoBiOlia"},"image":{"@id":"https:\/\/ecobiolia.it\/it_it\/#\/schema\/logo\/image\/"}}]}},"jetpack-related-posts":[{"id":718,"url":"https:\/\/ecobiolia.it\/en\/product\/bamboolik-pannolini-fitted-pocket-lavabili-con-inserto-cucito\/","url_meta":{"origin":1105,"position":0},"title":"Bamboolik &#8211; Pannolini Fitted Pocket Lavabili con Inserto Cucito","author":"Olga","date":"7 November 2021","format":false,"excerpt":"Pannolini ecologici aderenti di Bamboolik possono permettere al tuo bambino di rimanere asciutto tutta la notte anche con pannolino bagnato. La mutandina esterna dei pannolini fitted \u00e8 in materiale morbido e soffice. Morbidi elastici sulle gambe impediscono fuoriuscite e riducono al minimo segnetti. Pannolini ecologici sono creati con materiali certificati\u2026","rel":"","context":"With 1 comment","block_context":{"text":"With 1 comment","link":"https:\/\/ecobiolia.it\/en\/product\/bamboolik-pannolini-fitted-pocket-lavabili-con-inserto-cucito\/#comments"},"img":{"alt_text":"","src":"https:\/\/i0.wp.com\/ecobiolia.it\/wp-content\/uploads\/2021\/11\/fitted3-1.png?resize=350%2C200&ssl=1","width":350,"height":200,"srcset":"https:\/\/i0.wp.com\/ecobiolia.it\/wp-content\/uploads\/2021\/11\/fitted3-1.png?resize=350%2C200&ssl=1 1x, https:\/\/i0.wp.com\/ecobiolia.it\/wp-content\/uploads\/2021\/11\/fitted3-1.png?resize=525%2C300&ssl=1 1.5x, https:\/\/i0.wp.com\/ecobiolia.it\/wp-content\/uploads\/2021\/11\/fitted3-1.png?resize=700%2C400&ssl=1 2x, https:\/\/i0.wp.com\/ecobiolia.it\/wp-content\/uploads\/2021\/11\/fitted3-1.png?resize=1050%2C600&ssl=1 3x, https:\/\/i0.wp.com\/ecobiolia.it\/wp-content\/uploads\/2021\/11\/fitted3-1.png?resize=1400%2C800&ssl=1 4x"},"classes":[]},{"id":1275,"url":"https:\/\/ecobiolia.it\/en\/product\/bamboolik-linserto-pannolino-bamboo-pocket-sagomato\/","url_meta":{"origin":1105,"position":1},"title":"Bamboolik - Bamboo Pocket Diaper Insert. Set of Three.","author":"Olga","date":"25 February 2022","format":false,"excerpt":"L\u2019Inserto Bamboo Pocket Sagomato \u00e8 lo strato assorbente essenziale per copripannolini Bamboolik sia copripannolino MiniMimi per neonati (3-6 kg), che copripannolino DUO (4-15kg) \u00a0e pu\u00f2 accompagnare il bambino dalla nascita fino al vasino. Va inserito nel copripannolino da solo o con un inserto corto \/ lungo per aumentare l'assorbenza.","rel":"","context":"Similar post","block_context":{"text":"Similar post","link":""},"img":{"alt_text":"","src":"https:\/\/i0.wp.com\/ecobiolia.it\/wp-content\/uploads\/2022\/02\/Bamboolik-Inserto-Sagomato.jpg?resize=350%2C200&ssl=1","width":350,"height":200,"srcset":"https:\/\/i0.wp.com\/ecobiolia.it\/wp-content\/uploads\/2022\/02\/Bamboolik-Inserto-Sagomato.jpg?resize=350%2C200&ssl=1 1x, https:\/\/i0.wp.com\/ecobiolia.it\/wp-content\/uploads\/2022\/02\/Bamboolik-Inserto-Sagomato.jpg?resize=525%2C300&ssl=1 1.5x, https:\/\/i0.wp.com\/ecobiolia.it\/wp-content\/uploads\/2022\/02\/Bamboolik-Inserto-Sagomato.jpg?resize=700%2C400&ssl=1 2x, https:\/\/i0.wp.com\/ecobiolia.it\/wp-content\/uploads\/2022\/02\/Bamboolik-Inserto-Sagomato.jpg?resize=1050%2C600&ssl=1 3x, https:\/\/i0.wp.com\/ecobiolia.it\/wp-content\/uploads\/2022\/02\/Bamboolik-Inserto-Sagomato.jpg?resize=1400%2C800&ssl=1 4x"},"classes":[]},{"id":1281,"url":"https:\/\/ecobiolia.it\/en\/product\/bamboolik-linserto-pannolino-cotone-biologico-pocket\/","url_meta":{"origin":1105,"position":2},"title":"Bamboolik - Organic Cotton Pocket Diaper Insert","author":"Olga","date":"26 February 2022","format":false,"excerpt":"L\u2019Inserto Pocket Sagomato in Cotone Organico \u00e8 l'inserto assorbente pi\u00f9 universale, utilizzabile per qualsiasi tipo di cambio del pannolino, per un bambino da 4 fino a 15 kg. Va inserito nel copripannolino da solo o con un inserto corto \/ lungo per aumentare l'assorbenza.","rel":"","context":"Similar post","block_context":{"text":"Similar post","link":""},"img":{"alt_text":"","src":"https:\/\/i0.wp.com\/ecobiolia.it\/wp-content\/uploads\/2022\/02\/Bamboolik-Inserto-Cotone-Organico-Sagomato.jpg?resize=350%2C200&ssl=1","width":350,"height":200,"srcset":"https:\/\/i0.wp.com\/ecobiolia.it\/wp-content\/uploads\/2022\/02\/Bamboolik-Inserto-Cotone-Organico-Sagomato.jpg?resize=350%2C200&ssl=1 1x, https:\/\/i0.wp.com\/ecobiolia.it\/wp-content\/uploads\/2022\/02\/Bamboolik-Inserto-Cotone-Organico-Sagomato.jpg?resize=525%2C300&ssl=1 1.5x, https:\/\/i0.wp.com\/ecobiolia.it\/wp-content\/uploads\/2022\/02\/Bamboolik-Inserto-Cotone-Organico-Sagomato.jpg?resize=700%2C400&ssl=1 2x, https:\/\/i0.wp.com\/ecobiolia.it\/wp-content\/uploads\/2022\/02\/Bamboolik-Inserto-Cotone-Organico-Sagomato.jpg?resize=1050%2C600&ssl=1 3x, https:\/\/i0.wp.com\/ecobiolia.it\/wp-content\/uploads\/2022\/02\/Bamboolik-Inserto-Cotone-Organico-Sagomato.jpg?resize=1400%2C800&ssl=1 4x"},"classes":[]},{"id":647,"url":"https:\/\/ecobiolia.it\/en\/product\/bamboolik-pannolini-lavabili-pocket-bambu-con-inserto\/","url_meta":{"origin":1105,"position":3},"title":"Pannolini Lavabili Pocket Bamb\u00f9 con Inserto","author":"Olga","date":"6 November 2021","format":false,"excerpt":"Pannolino Riutilizzabile Pocket Bamboo \u00e8 un pannolino superiore della linea pocket. Il pannolino Bamboolik \u00e8 creato per garantire la protezione delle fuoriuscite: due barriere, due canali e una tasca capiente per avere un pannolino di assorbenza giusta. In aggiunta il pannolino \u00e8 facile da usare, morbido al tatto, regolabile e\u2026","rel":"","context":"With 1 comment","block_context":{"text":"With 1 comment","link":"https:\/\/ecobiolia.it\/en\/product\/bamboolik-pannolini-lavabili-pocket-bambu-con-inserto\/#comments"},"img":{"alt_text":"","src":"https:\/\/i0.wp.com\/ecobiolia.it\/wp-content\/uploads\/2021\/11\/00010076-scaled.jpg?resize=350%2C200&ssl=1","width":350,"height":200,"srcset":"https:\/\/i0.wp.com\/ecobiolia.it\/wp-content\/uploads\/2021\/11\/00010076-scaled.jpg?resize=350%2C200&ssl=1 1x, https:\/\/i0.wp.com\/ecobiolia.it\/wp-content\/uploads\/2021\/11\/00010076-scaled.jpg?resize=525%2C300&ssl=1 1.5x, https:\/\/i0.wp.com\/ecobiolia.it\/wp-content\/uploads\/2021\/11\/00010076-scaled.jpg?resize=700%2C400&ssl=1 2x, https:\/\/i0.wp.com\/ecobiolia.it\/wp-content\/uploads\/2021\/11\/00010076-scaled.jpg?resize=1050%2C600&ssl=1 3x, https:\/\/i0.wp.com\/ecobiolia.it\/wp-content\/uploads\/2021\/11\/00010076-scaled.jpg?resize=1400%2C800&ssl=1 4x"},"classes":[]},{"id":1287,"url":"https:\/\/ecobiolia.it\/en\/product\/bamboolik-linserto-pannolino-bamboo-lungo-set-di-tre\/","url_meta":{"origin":1105,"position":4},"title":"L\u2019Inserto Pannolino Bamboo Lungo. Set di Tre.","author":"Olga","date":"26 February 2022","format":false,"excerpt":"L\u2019inserto lungo bamboo \u00e8 lo strato assorbente aggiuntivo per aumentare l'assorbenza ovunque ne hai bisogno. Da mettere nella tasca di un assorbente sagomato DUO, in un pannolino tascabile o nel pannolino lavabile pocket fitted night.","rel":"","context":"Similar post","block_context":{"text":"Similar post","link":""},"img":{"alt_text":"","src":"https:\/\/i0.wp.com\/ecobiolia.it\/wp-content\/uploads\/2022\/02\/Bamboolik-Inserto-Aggiuntivo-Lungo.jpg?resize=350%2C200&ssl=1","width":350,"height":200,"srcset":"https:\/\/i0.wp.com\/ecobiolia.it\/wp-content\/uploads\/2022\/02\/Bamboolik-Inserto-Aggiuntivo-Lungo.jpg?resize=350%2C200&ssl=1 1x, https:\/\/i0.wp.com\/ecobiolia.it\/wp-content\/uploads\/2022\/02\/Bamboolik-Inserto-Aggiuntivo-Lungo.jpg?resize=525%2C300&ssl=1 1.5x, https:\/\/i0.wp.com\/ecobiolia.it\/wp-content\/uploads\/2022\/02\/Bamboolik-Inserto-Aggiuntivo-Lungo.jpg?resize=700%2C400&ssl=1 2x, https:\/\/i0.wp.com\/ecobiolia.it\/wp-content\/uploads\/2022\/02\/Bamboolik-Inserto-Aggiuntivo-Lungo.jpg?resize=1050%2C600&ssl=1 3x, https:\/\/i0.wp.com\/ecobiolia.it\/wp-content\/uploads\/2022\/02\/Bamboolik-Inserto-Aggiuntivo-Lungo.jpg?resize=1400%2C800&ssl=1 4x"},"classes":[]},{"id":5819,"url":"https:\/\/ecobiolia.it\/en\/product\/mutandine-da-apprendimento-impermeabili-in-pul-taglia-l\/","url_meta":{"origin":1105,"position":5},"title":"Mutandine da Apprendimento Impermeabili in PUL &#8211; Taglia L","author":"Olga","date":"11 September 2023","format":false,"excerpt":"Mutandine da Apprendimento Impermeabili in PUL impermeabile ma trasparente e\u00a0 jersey elastico in vita sono versatili, compatibili con qualsiasi tipo di inserto, pratiche e comodi. Il Jersey Elastico permette ai bambini di sentirsi grandi e abbassare da solo la mutandina. La possibilit\u00e0 di cambiare solo inserti e non tutta la\u2026","rel":"","context":"Similar post","block_context":{"text":"Similar post","link":""},"img":{"alt_text":"","src":"https:\/\/i0.wp.com\/ecobiolia.it\/wp-content\/uploads\/2022\/02\/Bamboolik-Mutandina-da-Apprendimento-Otters-in-Love.jpg?resize=350%2C200&ssl=1","width":350,"height":200,"srcset":"https:\/\/i0.wp.com\/ecobiolia.it\/wp-content\/uploads\/2022\/02\/Bamboolik-Mutandina-da-Apprendimento-Otters-in-Love.jpg?resize=350%2C200&ssl=1 1x, https:\/\/i0.wp.com\/ecobiolia.it\/wp-content\/uploads\/2022\/02\/Bamboolik-Mutandina-da-Apprendimento-Otters-in-Love.jpg?resize=525%2C300&ssl=1 1.5x, https:\/\/i0.wp.com\/ecobiolia.it\/wp-content\/uploads\/2022\/02\/Bamboolik-Mutandina-da-Apprendimento-Otters-in-Love.jpg?resize=700%2C400&ssl=1 2x, https:\/\/i0.wp.com\/ecobiolia.it\/wp-content\/uploads\/2022\/02\/Bamboolik-Mutandina-da-Apprendimento-Otters-in-Love.jpg?resize=1050%2C600&ssl=1 3x, https:\/\/i0.wp.com\/ecobiolia.it\/wp-content\/uploads\/2022\/02\/Bamboolik-Mutandina-da-Apprendimento-Otters-in-Love.jpg?resize=1400%2C800&ssl=1 4x"},"classes":[]}],"jetpack_sharing_enabled":true,"_links":{"self":[{"href":"https:\/\/ecobiolia.it\/en\/wp-json\/wp\/v2\/product\/1105","targetHints":{"allow":["GET"]}}],"collection":[{"href":"https:\/\/ecobiolia.it\/en\/wp-json\/wp\/v2\/product"}],"about":[{"href":"https:\/\/ecobiolia.it\/en\/wp-json\/wp\/v2\/types\/product"}],"replies":[{"embeddable":true,"href":"https:\/\/ecobiolia.it\/en\/wp-json\/wp\/v2\/comments?post=1105"}],"version-history":[{"count":0,"href":"https:\/\/ecobiolia.it\/en\/wp-json\/wp\/v2\/product\/1105\/revisions"}],"wp:featuredmedia":[{"embeddable":true,"href":"https:\/\/ecobiolia.it\/en\/wp-json\/wp\/v2\/media\/1210"}],"wp:attachment":[{"href":"https:\/\/ecobiolia.it\/en\/wp-json\/wp\/v2\/media?parent=1105"}],"wp:term":[{"taxonomy":"product_brand","embeddable":true,"href":"https:\/\/ecobiolia.it\/en\/wp-json\/wp\/v2\/product_brand?post=1105"},{"taxonomy":"product_cat","embeddable":true,"href":"https:\/\/ecobiolia.it\/en\/wp-json\/wp\/v2\/product_cat?post=1105"},{"taxonomy":"product_tag","embeddable":true,"href":"https:\/\/ecobiolia.it\/en\/wp-json\/wp\/v2\/product_tag?post=1105"}],"curies":[{"name":"wp","href":"https:\/\/api.w.org\/{rel}","templated":true}]}}